{"id":31596,"date":"2023-05-31T11:15:30","date_gmt":"2023-05-31T04:15:30","guid":{"rendered":"https:\/\/havamall.vn\/?post_type=product&#038;p=31596"},"modified":"2025-08-19T17:17:56","modified_gmt":"2025-08-19T10:17:56","slug":"vien-sup-say-canh-cai-canh-chua-cay-an-lien-i-soup-50g-freeze-dried-soup-block-tang-goi-rong-bien-kho-10g","status":"publish","type":"product","link":"https:\/\/havamall.vn\/en\/shop\/vien-sup-say-canh-cai-canh-chua-cay-an-lien-i-soup-50g-freeze-dried-soup-block-tang-goi-rong-bien-kho-10g\/","title":{"rendered":"Vi\u00ean S\u00fap S\u1ea5y Canh Chua Chay \u0102n Li\u1ec1n I.SOUP 50g \u2013 Freeze Dried Soup Block (T\u1eb7ng G\u00f3i Rong Bi\u1ec3n Kh\u00f4 10g)"},"content":{"rendered":"<p>&nbsp;<\/p>\n<h3><strong>TH\u00d4NG TIN S\u1ea2N PH\u1ea8M<\/strong><\/h3>\n<table>\n<tbody>\n<tr>\n<td>Th\u01b0\u01a1ng hi\u1ec7u<\/td>\n<td>I.SOUP<\/td>\n<\/tr>\n<tr>\n<td>Xu\u1ea5t x\u1ee9<\/td>\n<td>Vi\u1ec7t Nam<\/td>\n<\/tr>\n<tr>\n<td>Th\u00e0nh ph\u1ea7n<\/td>\n<td>\u0110\u1eadu b\u1eafp, c\u00e0 chua, b\u1ea1c h\u00e0, th\u01a1m, gi\u00e1, ng\u00f2 gai, ng\u00f2 \u00f4m, \u0111\u01b0\u1eddng, mu\u1ed1i,&#8230;<\/td>\n<\/tr>\n<tr>\n<td>H\u1ea1n s\u1eed d\u1ee5ng<\/td>\n<td>9 th\u00e1ng k\u1ec3 t\u1eeb ng\u00e0y s\u1ea3n xu\u1ea5t<\/td>\n<\/tr>\n<tr>\n<td>B\u1ea3o qu\u1ea3n<\/td>\n<td>B\u1ea3o qu\u1ea3n n\u01a1i tho\u00e1ng m\u00e1t, tr\u00e1nh \u00e1nh n\u1eafng tr\u1ef1c ti\u1ebfp<\/td>\n<\/tr>\n<tr>\n<td>Kh\u1ed1i l\u01b0\u1ee3ng<\/td>\n<td>50g<\/td>\n<\/tr>\n<\/tbody>\n<\/table>\n<p class=\"irIKAp\">Nh\u1ecbp s\u1ed1ng hi\u1ec7n \u0111\u1ea1i ng\u00e0y m\u1ed9t h\u1ed1i h\u1ea3, b\u1eefa c\u01a1m gia \u0111\u00ecnh c\u0169ng qua loa. \u0110\u00f4i l\u00fac tr\u1edf v\u1ec1 nh\u00e0 sau m\u1ed9t ng\u00e0y l\u00e0m vi\u1ec7c th\u00e8m l\u1eafm ch\u00e9n canh n\u00f3ng c\u1ee7a m\u1eb9, t\u00ecm l\u1ea1i ch\u00fat h\u01b0\u01a1ng v\u1ecb x\u01b0a.<\/p>\n<p class=\"irIKAp\">Tuy nhi\u00ean, s\u1ebd m\u1ea5t nhi\u1ec1u th\u1eddi gian trong vi\u1ec7c ch\u1ecdn mua nguy\u00ean li\u1ec7u t\u01b0\u01a1i, s\u01a1 ch\u1ebf v\u00e0 n\u00eam n\u1ebfm c\u00f4ng phu. Th\u1ea5u hi\u1ec3u nh\u1eefng mong mu\u1ed1n \u0103n nhanh \u2013 \u0103n \u0111\u1ee7 \u2013 \u0111a d\u1ea1ng NFC ch\u00fang t\u00f4i \u0111\u00e3 nghi\u00ean c\u1ee9u \u00e1p d\u1ee5ng c\u00f4ng ngh\u1ec7 s\u1ea5y th\u0103ng hoa ti\u00ean ti\u1ebfn t\u1eeb Nh\u1eadt B\u1ea3n \u0111\u1ec3 mang \u0111\u1ebfn d\u00f2ng s\u1ea3n ph\u1ea9m canh \u0103n li\u1ec1n Vi\u00ean s\u00fap s\u1ea5y th\u0103ng hoa mang th\u01b0\u01a1ng hi\u1ec7u I-Soup c\u00f9ng v\u1edbi 3 v\u1ecb canh chay: Canh chua chay, Canh khoai m\u1ee1 chay v\u00e0 Sup n\u1ea5m chay.<\/p>\n<p><img fetchpriority=\"high\" decoding=\"async\" class=\"wp-image-31597 aligncenter\" src=\"https:\/\/havamall.com\/wp-content\/uploads\/2025\/08\/342037029_1094139591975511_2197802095522425308_n-300x201.jpg\" alt=\"\" width=\"633\" height=\"424\" \/><\/p>\n<p>Vi\u00ean canh \u0103n li\u1ec1n th\u01b0\u01a1ng hi\u1ec7u I-Soup ch\u1ee9a c\u00e1c nguy\u00ean li\u1ec7u n\u1ea5u canh th\u00f4ng th\u01b0\u1eddng s\u1eed d\u1ee5ng c\u00f4ng ngh\u1ec7 s\u1ea5y th\u0103ng hoa v\u00e0 s\u1ea5y nhi\u1ec7t Nh\u1eadt B\u1ea3n, gi\u00fap gi\u1eef l\u1ea1i t\u1ed1i \u0111a h\u00e0m l\u01b0\u1ee3ng ch\u1ea5t dinh d\u01b0\u1ee1ng nh\u1eb1m b\u1ea3o qu\u1ea3n \u0111\u01b0\u1ee3c l\u00e2u h\u01a1n v\u00e0 \u0111\u1ea3m b\u1ea3o t\u1ed1t cho s\u1ee9c kh\u1ecfe.<\/p>\n<p>\u0110\u00e2y l\u00e0 s\u1ea3n ph\u1ea9m c\u00f3 s\u1ef1 k\u1ebft h\u1ee3p ho\u00e0n h\u1ea3o gi\u1eefa rau c\u1ee7, rong bi\u1ec3n, \u0111\u1eadu h\u1ee7,\u2026 c\u00f9ng b\u1ed9t gia v\u1ecb canh \u0111\u00e3 \u0111\u01b0\u1ee3c n\u00eam n\u1ebfm h\u1ee3p kh\u1ea9u v\u1ecb c\u1ee7a ng\u01b0\u1eddi Vi\u1ec7t \u0111em \u0111\u1ebfn m\u1ed9t m\u00f3n \u0103n v\u1eeba th\u01a1m ngon v\u1eeba b\u1ed5 d\u01b0\u1ee1ng. S\u1ea3n ph\u1ea9m\u00a0 ch\u1ec9 c\u1ea7n ch\u1ebf n\u01b0\u1edbc s\u00f4i v\u00e0o c\u00e1c nguy\u00ean li\u1ec7u s\u1ebd ch\u00edn, m\u1ec1m v\u00e0 th\u01a1m l\u1eebng c\u00f9ng n\u01b0\u1edbc s\u00fap canh \u0111\u1eadm v\u1ecb h\u1ea5p d\u1eabn, kh\u00f4ng ch\u1ea5t b\u1ea3o qu\u1ea3n, l\u00e0 th\u1ee9c \u0103n gi\u00e0u dinh d\u01b0\u1ee1ng, t\u1ed1t cho s\u1ee9c kh\u1ecfe tim m\u1ea1ch v\u00e0 h\u1ec7 ti\u00eau h\u00f3a..<\/p>\n<p><img decoding=\"async\" class=\"wp-image-31598 aligncenter\" src=\"https:\/\/havamall.com\/wp-content\/uploads\/2025\/08\/329101457_3460859334182413_3742113132709026606_n-300x300.jpg\" alt=\"\" width=\"624\" height=\"624\" \/><\/p>\n<p>Canh chua chay \u0103n li\u1ec1n I.Soup 50g vi\u00ean th\u01a1m ngon h\u1ea5p d\u1eabn, d\u1ea1ng vi\u00ean n\u00e9n nh\u1ecf g\u1ecdn ti\u1ec7n l\u1ee3i. I.SOUP cho b\u1ea1n t\u00f4 canh ngon l\u00e0nh dinh d\u01b0\u1ee1ng chu\u1ea9n m\u00f3n ngon nh\u00e0 l\u00e0m ch\u1ec9 sau 3 ph\u00fat, cho gia \u0111\u00ecnh b\u1ea1n b\u1eefa \u0103n ngon \u0111\u1eb7c bi\u1ec7t ph\u00f9 h\u1ee3p cho nh\u1eefng ng\u00e0y b\u1eadn r\u1ed9n.<\/p>\n<p>S\u1ea3n ph\u1ea9m\u00a0canh \u0103n li\u1ec1n\u00a0d\u1ea1ng vi\u00ean n\u00e9n ti\u1ec7n l\u1ee3i, ch\u00ednh h\u00e3ng\u00a0canh I.Soup\u00a0\u0111\u01b0\u1ee3c nhi\u1ec1u ng\u01b0\u1eddi l\u1ef1a ch\u1ecdn.\u00a0G\u00f3i vi\u00ean s\u00fap s\u1ea5y I.Soup chu\u1ea9n m\u00f3n ngon nh\u00e0 l\u00e0m theo phong c\u00e1ch hi\u1ec7n \u0111\u1ea1i, v\u1ecb s\u00fap n\u1ea5m thanh nh\u1eb9 t\u1ef1 nhi\u00ean, ngon h\u1ea5p d\u1eabn ph\u00f9 h\u1ee3p c\u1ea3 chay v\u00e0 m\u1eb7n.<\/p>\n<p><img decoding=\"async\" class=\"wp-image-31599 aligncenter\" src=\"https:\/\/havamall.com\/wp-content\/uploads\/2025\/08\/Screen-Shot-2023-05-30-at-5.27.31-PM-298x300.png\" alt=\"\" width=\"627\" height=\"631\" \/><\/p>\n<h2 id=\"ftoc-heading-3\" class=\"ftwp-heading\"><strong>TH\u00c0NH PH\u1ea6N DINH D\u01af\u1ee0NG C\u1ee6A CANH \u0102N LI\u1ec0N<\/strong><\/h2>\n<p>\u2013 Canh \u0103n li\u1ec1n hay canh l\u01b0\u1eddi cung c\u1ea5p cho c\u01a1 th\u1ec3 n\u01b0\u1edbc, carbohydrate, ch\u1ea5t \u0111\u1ea1m, ch\u1ea5t b\u00e9o, vitamin, ch\u1ea5t x\u01a1 v\u00e0 c\u00e1c kho\u00e1ng ch\u1ea5t \u0111\u1ebfn t\u1eeb th\u00e0nh ph\u1ea7n rau c\u1ee7, th\u1ecbt c\u00e1 c\u00f3 trong c\u00e1c lo\u1ea1i canh.<\/p>\n<p>\u2013 H\u01b0\u01a1ng v\u1ecb canh kh\u00e1c nhau n\u00ean th\u00e0nh ph\u1ea7n dinh d\u01b0\u1ee1ng kh\u00e1c nhau nh\u01b0ng \u0111\u1ea3m b\u1ea3o \u0111\u00e1p \u1ee9ng \u0111\u01b0\u1ee3c nh\u1eefng d\u01b0\u1ee1ng ch\u1ea5t c\u01a1 b\u1ea3n cho c\u01a1 th\u1ec3.<\/p>\n<p><img loading=\"lazy\" decoding=\"async\" class=\"wp-image-31600 aligncenter\" src=\"https:\/\/havamall.com\/wp-content\/uploads\/2025\/08\/Screen-Shot-2023-05-30-at-5.29.05-PM-300x300.png\" alt=\"\" width=\"628\" height=\"628\" \/><\/p>\n<h2 id=\"ftoc-heading-4\" class=\"ftwp-heading\">C\u00d4NG D\u1ee4NG C\u1ee6A CANH \u0102N LI\u1ec0N<\/h2>\n<p>&gt; Ti\u1ebft ki\u1ec7m th\u1eddi gian n\u1ea5u canh ch\u1ec9 v\u1edbi m\u1ed9t thao t\u00e1c ch\u1ebf n\u01b0\u1edbc s\u00f4i \u0111\u01a1n gi\u1ea3n \u0111\u00e3 c\u00f3 ngay m\u00f3n canh th\u01a1m ngon n\u00f3ng h\u1ed5i. M\u00f3n \u0103n c\u00f3 th\u1ec3 d\u00f9ng tr\u1ef1c ti\u1ebfp ho\u1eb7c d\u00f9ng l\u00e0m m\u00f3n canh \u0103n k\u00e8m trong b\u1eefa c\u01a1m gia \u0111\u00ecnh.<\/p>\n<p>&gt; \u0110\u1eb7c bi\u1ec7t, nh\u1edd ch\u1ee9a nhi\u1ec1u d\u01b0\u1ee1ng ch\u1ea5t c\u00f3 l\u1ee3i cho s\u1ee9c kh\u1ecfe t\u1eeb c\u00e1c nguy\u00ean li\u1ec7u t\u1ef1 nhi\u00ean \u0111\u00e3 gi\u00fap cho b\u1eefa \u0103n th\u00eam h\u1ea5p d\u1eabn v\u00e0 t\u1ed1t cho h\u1ec7 ti\u00eau h\u00f3a.<\/p>\n<h2><strong>H\u01af\u1edaNG D\u1eaaN S\u1eec D\u1ee4NG:<\/strong><\/h2>\n<p>\u2013 Cho g\u00f3i canh v\u00e0o t\u00f4 ho\u1eb7c ch\u00e9n t\u00f9y s\u1ed1 l\u01b0\u1ee3ng.<\/p>\n<p>\u2013 \u0110\u1ed5 t\u1eeb t\u1eeb n\u01b0\u1edbc s\u00f4i v\u00e0o v\u1eeba \u0111\u1ee7 200ml n\u1ebfu nh\u01b0 d\u00f9ng 1 g\u00f3i.<\/p>\n<p>\u2013 Tr\u1ed9n \u0111\u1ec1u v\u00e0 ch\u1edd kho\u1ea3ng 3 ph\u00fat l\u00e0 th\u01b0\u1edfng th\u1ee9c \u0111\u01b0\u1ee3c m\u1ed9t ch\u00e9n canh th\u01a1m ngon v\u00e0 gi\u00e0u dinh d\u01b0\u1ee1ng.<\/p>\n<p><img loading=\"lazy\" decoding=\"async\" class=\"wp-image-31581 aligncenter\" src=\"https:\/\/havamall.com\/wp-content\/uploads\/2025\/08\/Screen-Shot-2023-05-30-at-5.28.58-PM-300x293.png\" alt=\"\" width=\"633\" height=\"618\" \/><\/p>","protected":false},"excerpt":{"rendered":"<p>&nbsp; TH\u00d4NG TIN S\u1ea2N PH\u1ea8M Th\u01b0\u01a1ng hi\u1ec7u I.SOUP Xu\u1ea5t x\u1ee9 Vi\u1ec7t Nam Th\u00e0nh ph\u1ea7n \u0110\u1eadu b\u1eafp, c\u00e0 chua, b\u1ea1c h\u00e0,<\/p>","protected":false},"featured_media":31603,"comment_status":"open","ping_status":"closed","template":"","meta":[],"product_brand":[],"product_cat":[36],"product_tag":[],"class_list":{"0":"post-31596","1":"product","2":"type-product","3":"status-publish","4":"has-post-thumbnail","6":"product_cat-thuc-pham-tieu-dung","7":"pa_brand-nfc","9":"first","10":"outofstock","11":"sale","12":"shipping-taxable","13":"purchasable","14":"product-type-simple"},"_links":{"self":[{"href":"https:\/\/havamall.vn\/en\/wp-json\/wp\/v2\/product\/31596"}],"collection":[{"href":"https:\/\/havamall.vn\/en\/wp-json\/wp\/v2\/product"}],"about":[{"href":"https:\/\/havamall.vn\/en\/wp-json\/wp\/v2\/types\/product"}],"replies":[{"embeddable":true,"href":"https:\/\/havamall.vn\/en\/wp-json\/wp\/v2\/comments?post=31596"}],"version-history":[{"count":0,"href":"https:\/\/havamall.vn\/en\/wp-json\/wp\/v2\/product\/31596\/revisions"}],"wp:featuredmedia":[{"embeddable":true,"href":"https:\/\/havamall.vn\/en\/wp-json\/wp\/v2\/media\/31603"}],"wp:attachment":[{"href":"https:\/\/havamall.vn\/en\/wp-json\/wp\/v2\/media?parent=31596"}],"wp:term":[{"taxonomy":"product_brand","embeddable":true,"href":"https:\/\/havamall.vn\/en\/wp-json\/wp\/v2\/product_brand?post=31596"},{"taxonomy":"product_cat","embeddable":true,"href":"https:\/\/havamall.vn\/en\/wp-json\/wp\/v2\/product_cat?post=31596"},{"taxonomy":"product_tag","embeddable":true,"href":"https:\/\/havamall.vn\/en\/wp-json\/wp\/v2\/product_tag?post=31596"}],"curies":[{"name":"wp","href":"https:\/\/api.w.org\/{rel}","templated":true}]}}