{"id":31557,"date":"2023-05-26T16:27:35","date_gmt":"2023-05-26T09:27:35","guid":{"rendered":"https:\/\/havamall.vn\/?post_type=product&#038;p=31557"},"modified":"2023-09-25T13:59:17","modified_gmt":"2023-09-25T06:59:17","slug":"muoi-kosher-hat-tho-morton-hop-giay-1-36kg-kossher-salt","status":"publish","type":"product","link":"https:\/\/havamall.vn\/en\/shop\/muoi-kosher-hat-tho-morton-hop-giay-1-36kg-kossher-salt\/","title":{"rendered":"Mu\u1ed1i Kosher H\u1ea1t Th\u00f4 Morton H\u1ed9p Gi\u1ea5y 1.36kg &#8211; Kossher Salt"},"content":{"rendered":"<p>&nbsp;<\/p>\n<h3><strong>TH\u00d4NG TIN S\u1ea2N PH\u1ea8M<\/strong><\/h3>\n<table>\n<tbody>\n<tr>\n<td>Th\u01b0\u01a1ng hi\u1ec7u<\/td>\n<td>MORTON<\/td>\n<\/tr>\n<tr>\n<td>Xu\u1ea5t x\u1ee9<\/td>\n<td>M\u1ef9<\/td>\n<\/tr>\n<tr>\n<td>Th\u00e0nh ph\u1ea7n<\/td>\n<td>Mu\u1ed1i kosher, m\u00e0u v\u00e0ng prussiate c\u1ee7a soda<\/td>\n<\/tr>\n<tr>\n<td>H\u1ea1n s\u1eed d\u1ee5ng<\/td>\n<td>Xem tr\u1ef1c ti\u1ebfp tr\u00ean bao b\u00ec<\/td>\n<\/tr>\n<tr>\n<td>B\u1ea3o qu\u1ea3n<\/td>\n<td>B\u1ea3o qu\u1ea3n n\u01a1i tho\u00e1ng m\u00e1t, tr\u00e1nh \u00e1nh n\u1eafng tr\u1ef1c ti\u1ebfp<\/td>\n<\/tr>\n<tr>\n<td>Kh\u1ed1i l\u01b0\u1ee3ng<\/td>\n<td>1.36kg<\/td>\n<\/tr>\n<\/tbody>\n<\/table>\n<p>Morton l\u00e0 t\u1eadp \u0111o\u00e0n uy t\u00edn l\u00e2u \u0111\u1eddi c\u1ee7a M\u1ef9 c\u00f3 t\u1eeb n\u0103m 1848, kinh doanh c\u00e1c l\u0129nh v\u1ef1c n\u00f4ng nghi\u1ec7p, c\u00f4ng nghi\u1ec7p, ga d\u1ea7u, d\u01b0\u1ee3c ph\u1ea9m, ch\u1ebf bi\u1ebfn th\u1ef1c ph\u1ea9m&#8230; Gia v\u1ecb c\u1ee7a Morton ch\u1ee7 y\u1ebfu t\u1eadp trung v\u00e0o mu\u1ed1i (mu\u1ed1i h\u1ed3ng, mu\u1ed1i i-\u1ed1t, mu\u1ed1i kh\u00f4ng ch\u1ee9a i-\u1ed1t) v\u00e0 c\u00e1c lo\u1ea1i gia v\u1ecb thay th\u1ebf mu\u1ed1i, \u0103n ki\u00eang.<\/p>\n<p><img fetchpriority=\"high\" decoding=\"async\" class=\"wp-image-31558 aligncenter\" src=\"https:\/\/havamall.vn\/wp-content\/uploads\/2023\/05\/1501247_834297646636350_2318159512433158290_o-300x200.jpeg\" alt=\"\" width=\"609\" height=\"406\" srcset=\"https:\/\/havamall.vn\/wp-content\/uploads\/2023\/05\/1501247_834297646636350_2318159512433158290_o-300x200.jpeg 300w, https:\/\/havamall.vn\/wp-content\/uploads\/2023\/05\/1501247_834297646636350_2318159512433158290_o-430x287.jpeg 430w, https:\/\/havamall.vn\/wp-content\/uploads\/2023\/05\/1501247_834297646636350_2318159512433158290_o-150x100.jpeg 150w, https:\/\/havamall.vn\/wp-content\/uploads\/2023\/05\/1501247_834297646636350_2318159512433158290_o-700x467.jpeg 700w, https:\/\/havamall.vn\/wp-content\/uploads\/2023\/05\/1501247_834297646636350_2318159512433158290_o-768x512.jpeg 768w, https:\/\/havamall.vn\/wp-content\/uploads\/2023\/05\/1501247_834297646636350_2318159512433158290_o-1024x683.jpeg 1024w, https:\/\/havamall.vn\/wp-content\/uploads\/2023\/05\/1501247_834297646636350_2318159512433158290_o-1200x800.jpeg 1200w, https:\/\/havamall.vn\/wp-content\/uploads\/2023\/05\/1501247_834297646636350_2318159512433158290_o-600x400.jpeg 600w, https:\/\/havamall.vn\/wp-content\/uploads\/2023\/05\/1501247_834297646636350_2318159512433158290_o.jpeg 2048w\" sizes=\"(max-width: 609px) 100vw, 609px\" \/><\/p>\n<p>Mu\u1ed1i kosher c\u00f3 h\u01b0\u01a1ng v\u1ecb nh\u1eb9 v\u00e0 nh\u1eb9 h\u01a1n mu\u1ed1i \u0103n th\u00f4ng th\u01b0\u1eddng. I\u1ed1t \u0111\u01b0\u1ee3c th\u00eam v\u00e0o mu\u1ed1i \u0103n t\u1ea1o ra m\u1ed9t h\u01b0\u01a1ng v\u1ecb kim lo\u1ea1i nh\u1eb9, nh\u01b0ng mu\u1ed1i kosher kh\u00f4ng ch\u1ee9a ph\u1ee5 gia Mu\u1ed1i Kosher \u0111\u01b0\u1ee3c khai th\u00e1c t\u1eeb m\u1ecf v\u00e0 t\u1eeb bi\u1ec3n, c\u00f3 h\u1ea1t to h\u01a1n mu\u1ed1i tinh v\u00e0 kh\u00f4ng ch\u1ee9a ch\u1ea5t ph\u1ee5 gia, ch\u1ee7 y\u1ebfu \u0111\u01b0\u1ee3c d\u00f9ng trong nh\u00e0 h\u00e0ng \u1edf c\u00e1c n\u01b0\u1edbc ph\u01b0\u01a1ng T\u00e2y, \u0111\u1eb7c bi\u1ec7t l\u00e0 \u01b0\u1edbp th\u1ecbt b\u00f2 \u0111\u1ec3 l\u00e0m m\u00f3n beefsteak r\u1ea5t ngon.<\/p>\n<p><img decoding=\"async\" class=\"wp-image-31559 aligncenter\" src=\"https:\/\/havamall.vn\/wp-content\/uploads\/2023\/05\/Screen-Shot-2023-05-26-at-4.20.13-PM-300x258.png\" alt=\"\" width=\"606\" height=\"521\" srcset=\"https:\/\/havamall.vn\/wp-content\/uploads\/2023\/05\/Screen-Shot-2023-05-26-at-4.20.13-PM-300x258.png 300w, https:\/\/havamall.vn\/wp-content\/uploads\/2023\/05\/Screen-Shot-2023-05-26-at-4.20.13-PM-430x369.png 430w, https:\/\/havamall.vn\/wp-content\/uploads\/2023\/05\/Screen-Shot-2023-05-26-at-4.20.13-PM-150x129.png 150w, https:\/\/havamall.vn\/wp-content\/uploads\/2023\/05\/Screen-Shot-2023-05-26-at-4.20.13-PM-700x601.png 700w, https:\/\/havamall.vn\/wp-content\/uploads\/2023\/05\/Screen-Shot-2023-05-26-at-4.20.13-PM-768x660.png 768w, https:\/\/havamall.vn\/wp-content\/uploads\/2023\/05\/Screen-Shot-2023-05-26-at-4.20.13-PM-1024x880.png 1024w, https:\/\/havamall.vn\/wp-content\/uploads\/2023\/05\/Screen-Shot-2023-05-26-at-4.20.13-PM-1200x1031.png 1200w, https:\/\/havamall.vn\/wp-content\/uploads\/2023\/05\/Screen-Shot-2023-05-26-at-4.20.13-PM-600x516.png 600w, https:\/\/havamall.vn\/wp-content\/uploads\/2023\/05\/Screen-Shot-2023-05-26-at-4.20.13-PM.png 1676w\" sizes=\"(max-width: 606px) 100vw, 606px\" \/><\/p>\n<div>\n<div>V\u1edbi \u0111\u1ed9 m\u1eb7n v\u1eeba ph\u1ea3i n\u00ean \u0111\u00e2y l\u00e0 lo\u1ea1i mu\u1ed1i m\u00e0 c\u00e1c \u0111\u1ea7u b\u1ebfp chuy\u00ean nghi\u1ec7p th\u00edch s\u1eed d\u1ee5ng nh\u1ea5t do d\u1ec5 d\u00e0ng \u0111i\u1ec3u ch\u1ec9nh l\u01b0\u1ee3ng n\u00eam n\u1ebfm v\u00e0o th\u1ef1c ph\u1ea9m tr\u01b0\u1edbc, trong v\u00e0 sau khi n\u1ea5u.<\/div>\n<\/div>\n<div><i>\u00a0<\/i><\/div>\n<div>\n<div>Mu\u1ed1i Kosher c\u00f2n \u0111\u1eb7c bi\u1ec7t t\u1ed1t khi \u01b0\u1edbp th\u1ecbt g\u00e0, heo tr\u01b0\u1edbc khi n\u1ea5u n\u1eefa \u0111\u1ea5y! L\u00fd do l\u00e0 b\u1edfi nh\u1eefng tinh th\u1ec3 d\u1ea1ng m\u1ea3nh c\u1ee7a mu\u1ed1i gi\u00fap gi\u1eef \u0111\u01b0\u1ee3c \u0111\u1ed9 \u1ea9m t\u1ed1t b\u00ean trong th\u1ecbt, khi\u1ebfn s\u01b0\u1eddn m\u1ec1m h\u01a1n, th\u1ecbt b\u00f2 ngon ng\u1ecdt h\u01a1n v\u00e0 \u1ee9c g\u00e0 m\u1ec1m, \u1ea9m h\u01a1n.<\/div>\n<div><img decoding=\"async\" class=\"wp-image-31560 aligncenter\" src=\"https:\/\/havamall.vn\/wp-content\/uploads\/2023\/05\/79597667_2829026167163478_3234185080549146624_n-300x145.jpeg\" alt=\"\" width=\"606\" height=\"293\" srcset=\"https:\/\/havamall.vn\/wp-content\/uploads\/2023\/05\/79597667_2829026167163478_3234185080549146624_n-300x145.jpeg 300w, https:\/\/havamall.vn\/wp-content\/uploads\/2023\/05\/79597667_2829026167163478_3234185080549146624_n-430x208.jpeg 430w, https:\/\/havamall.vn\/wp-content\/uploads\/2023\/05\/79597667_2829026167163478_3234185080549146624_n-150x72.jpeg 150w, https:\/\/havamall.vn\/wp-content\/uploads\/2023\/05\/79597667_2829026167163478_3234185080549146624_n-700x338.jpeg 700w, https:\/\/havamall.vn\/wp-content\/uploads\/2023\/05\/79597667_2829026167163478_3234185080549146624_n-768x371.jpeg 768w, https:\/\/havamall.vn\/wp-content\/uploads\/2023\/05\/79597667_2829026167163478_3234185080549146624_n-1024x495.jpeg 1024w, https:\/\/havamall.vn\/wp-content\/uploads\/2023\/05\/79597667_2829026167163478_3234185080549146624_n-600x290.jpeg 600w, https:\/\/havamall.vn\/wp-content\/uploads\/2023\/05\/79597667_2829026167163478_3234185080549146624_n.jpeg 1159w\" sizes=\"(max-width: 606px) 100vw, 606px\" \/><\/div>\n<\/div>\n<h2><strong>\u0110\u1eb6C \u0110I\u1ec2M C\u1ee6A S\u1ea2N PH\u1ea8M<\/strong><\/h2>\n<p>&#8211; Mu\u1ed1i kh\u00f4ng ch\u1ee9a i-\u1ed1t Morton Non-Iodized c\u00f3 th\u1ec3 d\u00f9ng \u0111\u1ec3 \u01b0\u1edbp, n\u00eam khi ch\u1ebf bi\u1ebfn th\u1ef1c ph\u1ea9m ho\u1eb7c \u0111\u1ec3 b\u00e0n &#8211; th\u00eam tr\u1ef1c ti\u1ebfp v\u00e0o m\u00f3n \u0103n ngay trong b\u1eefa \u0103n.<\/p>\n<p>&#8211; Lo\u1ea1i mu\u1ed1i coarse kosher salt n\u1ed5i ti\u1ebfng c\u00f3 kh\u1ea3 n\u0103ng n\u00eam n\u1ebfm trong \u1ea9m th\u1ef1c r\u1ea5t ngon v\u00e0 \u0111\u1ed9 m\u1eb7n v\u1eeba ph\u1ea3i.<\/p>\n<p>&#8211; H\u1ea1t mu\u1ed1i to, c\u00f3 th\u1ec3 d\u1ec5 d\u00e0ng d\u00f9ng tay \u0111\u1ec3 r\u1ea3i v\u00e0 c\u1ea3m nh\u1eadn t\u1eebng h\u1ea1t mu\u1ed1i.<\/p>\n<p>&#8211; \u0110\u1eb7c bi\u1ec7t d\u00f9ng khi mu\u1ed1i c\u00e1c m\u00f3n chua, d\u01b0a ng\u00e2m pickle, pha ch\u1ebf cocktail, r\u1eeda th\u1ee9c \u0103n tr\u01b0\u1edbc khi ch\u1ebf bi\u1ebfn,&#8230;<\/p>\n<p>&#8211; Kh\u00f4ng ch\u1ee9a ch\u1ea5t b\u00e9o 0 fat, n\u0103ng l\u01b0\u1ee3ng 0 calories, 0 carb v\u00e0 0 protein.<\/p>\n<p>&#8211; S\u1ea3n ph\u1ea9m kh\u00f4ng ch\u1ee9a i-\u1ed1t ph\u1ee5c v\u1ee5 ng\u01b0\u1eddi \u0103n ki\u00eang i-\u1ed1t theo ho\u1eb7c h\u1ed7 tr\u1ee3 tuy\u1ebfn gi\u00e1p b\u1eb1ng dinh d\u01b0\u1ee1ng.<\/p>\n<p><img loading=\"lazy\" decoding=\"async\" class=\"wp-image-31561 aligncenter\" src=\"https:\/\/havamall.vn\/wp-content\/uploads\/2023\/05\/71o14iWariL-300x258.jpeg\" alt=\"\" width=\"601\" height=\"517\" srcset=\"https:\/\/havamall.vn\/wp-content\/uploads\/2023\/05\/71o14iWariL-300x258.jpeg 300w, https:\/\/havamall.vn\/wp-content\/uploads\/2023\/05\/71o14iWariL-430x370.jpeg 430w, https:\/\/havamall.vn\/wp-content\/uploads\/2023\/05\/71o14iWariL-150x129.jpeg 150w, https:\/\/havamall.vn\/wp-content\/uploads\/2023\/05\/71o14iWariL-700x602.jpeg 700w, https:\/\/havamall.vn\/wp-content\/uploads\/2023\/05\/71o14iWariL-768x661.jpeg 768w, https:\/\/havamall.vn\/wp-content\/uploads\/2023\/05\/71o14iWariL-1024x881.jpeg 1024w, https:\/\/havamall.vn\/wp-content\/uploads\/2023\/05\/71o14iWariL-1200x1033.jpeg 1200w, https:\/\/havamall.vn\/wp-content\/uploads\/2023\/05\/71o14iWariL-600x516.jpeg 600w, https:\/\/havamall.vn\/wp-content\/uploads\/2023\/05\/71o14iWariL.jpeg 1500w\" sizes=\"(max-width: 601px) 100vw, 601px\" \/><\/p>\n<h2><strong>H\u01af\u1edaNG D\u1eaaN S\u1eec D\u1ee4NG<\/strong><\/h2>\n<p>&#8211; \u0110\u1ec3 l\u00e0m gia v\u1ecb cho c\u00e1c m\u00f3n \u0103n trong ho\u1eb7c sau khi n\u1ea5u.<\/p>\n<p>&#8211; \u0110\u1ec3 ninh ho\u1eb7c hun kh\u00f3i th\u1ecbt, \u0111\u1ec3 ng\u00e2m th\u1ee9c \u0103n v\u00e0 ng\u00e2m n\u01b0\u1edbc mu\u1ed1i.<\/p>\n<p>&#8211; V\u1edbi c\u00e1c m\u00f3n n\u01b0\u1edbng ch\u00fang c\u0169ng \u0111\u01b0\u1ee3c s\u1eed d\u1ee5ng r\u1ed9ng r\u00e3i.<\/p>\n<p><img loading=\"lazy\" decoding=\"async\" class=\"wp-image-31562 aligncenter\" src=\"https:\/\/havamall.vn\/wp-content\/uploads\/2023\/05\/Screen-Shot-2023-05-26-at-4.25.16-PM-300x168.png\" alt=\"\" width=\"605\" height=\"339\" srcset=\"https:\/\/havamall.vn\/wp-content\/uploads\/2023\/05\/Screen-Shot-2023-05-26-at-4.25.16-PM-300x168.png 300w, https:\/\/havamall.vn\/wp-content\/uploads\/2023\/05\/Screen-Shot-2023-05-26-at-4.25.16-PM-430x241.png 430w, https:\/\/havamall.vn\/wp-content\/uploads\/2023\/05\/Screen-Shot-2023-05-26-at-4.25.16-PM-150x84.png 150w, https:\/\/havamall.vn\/wp-content\/uploads\/2023\/05\/Screen-Shot-2023-05-26-at-4.25.16-PM-700x392.png 700w, https:\/\/havamall.vn\/wp-content\/uploads\/2023\/05\/Screen-Shot-2023-05-26-at-4.25.16-PM-768x430.png 768w, https:\/\/havamall.vn\/wp-content\/uploads\/2023\/05\/Screen-Shot-2023-05-26-at-4.25.16-PM-1024x573.png 1024w, https:\/\/havamall.vn\/wp-content\/uploads\/2023\/05\/Screen-Shot-2023-05-26-at-4.25.16-PM-1200x672.png 1200w, https:\/\/havamall.vn\/wp-content\/uploads\/2023\/05\/Screen-Shot-2023-05-26-at-4.25.16-PM-600x336.png 600w\" sizes=\"(max-width: 605px) 100vw, 605px\" \/><\/p>","protected":false},"excerpt":{"rendered":"<p>&nbsp; TH\u00d4NG TIN S\u1ea2N PH\u1ea8M Th\u01b0\u01a1ng hi\u1ec7u MORTON Xu\u1ea5t x\u1ee9 M\u1ef9 Th\u00e0nh ph\u1ea7n Mu\u1ed1i kosher, m\u00e0u v\u00e0ng prussiate c\u1ee7a soda<\/p>","protected":false},"featured_media":31563,"comment_status":"open","ping_status":"closed","template":"","meta":[],"product_brand":[],"product_cat":[595,36],"product_tag":[],"class_list":{"0":"post-31557","1":"product","2":"type-product","3":"status-publish","4":"has-post-thumbnail","6":"product_cat-gia-vi-va-che-bien","7":"product_cat-thuc-pham-tieu-dung","9":"first","10":"instock","11":"sale","12":"shipping-taxable","13":"purchasable","14":"product-type-simple"},"_links":{"self":[{"href":"https:\/\/havamall.vn\/en\/wp-json\/wp\/v2\/product\/31557"}],"collection":[{"href":"https:\/\/havamall.vn\/en\/wp-json\/wp\/v2\/product"}],"about":[{"href":"https:\/\/havamall.vn\/en\/wp-json\/wp\/v2\/types\/product"}],"replies":[{"embeddable":true,"href":"https:\/\/havamall.vn\/en\/wp-json\/wp\/v2\/comments?post=31557"}],"version-history":[{"count":0,"href":"https:\/\/havamall.vn\/en\/wp-json\/wp\/v2\/product\/31557\/revisions"}],"wp:featuredmedia":[{"embeddable":true,"href":"https:\/\/havamall.vn\/en\/wp-json\/wp\/v2\/media\/31563"}],"wp:attachment":[{"href":"https:\/\/havamall.vn\/en\/wp-json\/wp\/v2\/media?parent=31557"}],"wp:term":[{"taxonomy":"product_brand","embeddable":true,"href":"https:\/\/havamall.vn\/en\/wp-json\/wp\/v2\/product_brand?post=31557"},{"taxonomy":"product_cat","embeddable":true,"href":"https:\/\/havamall.vn\/en\/wp-json\/wp\/v2\/product_cat?post=31557"},{"taxonomy":"product_tag","embeddable":true,"href":"https:\/\/havamall.vn\/en\/wp-json\/wp\/v2\/product_tag?post=31557"}],"curies":[{"name":"wp","href":"https:\/\/api.w.org\/{rel}","templated":true}]}}