{"id":31544,"date":"2023-05-26T14:44:30","date_gmt":"2023-05-26T07:44:30","guid":{"rendered":"https:\/\/havamall.vn\/?post_type=product&#038;p=31544"},"modified":"2023-05-26T14:44:31","modified_gmt":"2023-05-26T07:44:31","slug":"kem-dua-thai-lan-iberri-hop-500ml-coconut-ice-cream","status":"publish","type":"product","link":"https:\/\/havamall.vn\/en\/shop\/kem-dua-thai-lan-iberri-hop-500ml-coconut-ice-cream\/","title":{"rendered":"Kem D\u1eeba Th\u00e1i Lan IBERRI H\u1ed9p 500ML &#8211; Coconut Ice Cream"},"content":{"rendered":"<p>&nbsp;<\/p>\n<h2><strong>TH\u00d4NG TIN CHUNG<\/strong><\/h2>\n<table>\n<tbody>\n<tr>\n<td>Th\u01b0\u01a1ng hi\u1ec7u<\/td>\n<td>IBERRI<\/td>\n<\/tr>\n<tr>\n<td>Xu\u1ea5t x\u1ee9<\/td>\n<td>Th\u00e1i Lan<\/td>\n<\/tr>\n<tr>\n<td>Th\u00e0nh ph\u1ea7n<\/td>\n<td>N\u01b0\u1edbc, s\u1eefa d\u1eeba, \u0111\u01b0\u1eddng, d\u1ea7u th\u1ef1c v\u1eadt, &#8230;<\/td>\n<\/tr>\n<tr>\n<td>H\u1ea1n s\u1eed d\u1ee5ng<\/td>\n<td>24 th\u00e1ng tr\u01b0\u1edbc h\u1ea1n s\u1eed d\u1ee5ng<\/td>\n<\/tr>\n<tr>\n<td>B\u1ea3o qu\u1ea3n<\/td>\n<td>\u0110\u00f4ng l\u1ea1nh<\/td>\n<\/tr>\n<tr>\n<td>Th\u1ec3 t\u00edch<\/td>\n<td>500ml<\/td>\n<\/tr>\n<\/tbody>\n<\/table>\n<p>IBERRI &#8211; Nh\u00e0 cung c\u1ea5p v\u00e0 ph\u00e2n ph\u1ed1i \u0111\u1ed9c quy\u1ec1n kem D\u1eeba Th\u00e1i Lan nh\u1eadp kh\u1ea9u ch\u00ednh ng\u1ea1ch v\u1edbi h\u01a1n 10 n\u0103m kinh nghi\u1ec7m trong ngh\u1ec1, ch\u00fang t\u00f4i cam k\u1ebft s\u1ebd gi\u1ea3i t\u1ecfa m\u1ecdi nhu c\u1ea7u v\u1ec1 s\u1ea3n ph\u1ea9m kem cho qu\u00fd nh\u00e0 b\u00e1n.<\/p>\n<p>Kem Iberri l\u00e0 th\u01b0\u01a1ng hi\u1ec7u kem n\u1ed5i ti\u1ebfng t\u1ea1i Th\u00e1i Lan \u0111\u01b0\u1ee3c ng\u01b0\u1eddi ti\u00eau d\u00f9ng \u01b0a chu\u1ed9ng. Kem Iberri lu\u00f4n mang \u0111\u1ebfn cho ng\u01b0\u1eddi ti\u00eau d\u00f9ng nh\u1eefng tr\u1ea3i nghi\u1ec7m m\u1edbi m\u1ebb v\u00e0 th\u00fa v\u1ecb.<\/p>\n<p><img fetchpriority=\"high\" decoding=\"async\" class=\"wp-image-31545 aligncenter\" src=\"https:\/\/havamall.vn\/wp-content\/uploads\/2023\/05\/140974764_2766524916934078_5299421321781332278_n-300x300.jpeg\" alt=\"\" width=\"635\" height=\"635\" srcset=\"https:\/\/havamall.vn\/wp-content\/uploads\/2023\/05\/140974764_2766524916934078_5299421321781332278_n-300x300.jpeg 300w, https:\/\/havamall.vn\/wp-content\/uploads\/2023\/05\/140974764_2766524916934078_5299421321781332278_n-430x430.jpeg 430w, https:\/\/havamall.vn\/wp-content\/uploads\/2023\/05\/140974764_2766524916934078_5299421321781332278_n-150x150.jpeg 150w, https:\/\/havamall.vn\/wp-content\/uploads\/2023\/05\/140974764_2766524916934078_5299421321781332278_n-700x700.jpeg 700w, https:\/\/havamall.vn\/wp-content\/uploads\/2023\/05\/140974764_2766524916934078_5299421321781332278_n-768x768.jpeg 768w, https:\/\/havamall.vn\/wp-content\/uploads\/2023\/05\/140974764_2766524916934078_5299421321781332278_n-1024x1024.jpeg 1024w, https:\/\/havamall.vn\/wp-content\/uploads\/2023\/05\/140974764_2766524916934078_5299421321781332278_n.jpeg 1200w, https:\/\/havamall.vn\/wp-content\/uploads\/2023\/05\/140974764_2766524916934078_5299421321781332278_n-600x600.jpeg 600w, https:\/\/havamall.vn\/wp-content\/uploads\/2023\/05\/140974764_2766524916934078_5299421321781332278_n-100x100.jpeg 100w\" sizes=\"(max-width: 635px) 100vw, 635px\" \/><\/p>\n<p>Kem D\u1eeba Th\u00e1i Lan l\u00e0 m\u1ed9t trong nh\u1eefng v\u1ecb kem \u0111\u00e3 v\u00e0 \u0111ang chi\u1ebfm tr\u1ecdn s\u1edf th\u00edch c\u1ee7a r\u1ea5t nhi\u1ec1u ph\u00e2n kh\u00fac kh\u00e1ch h\u00e0ng, d\u00f9 l\u00e0 \u1edf \u0111\u1ed9 tu\u1ed5i n\u00e0o.<\/p>\n<p>Kem\u00a0h\u1ed9p Iberri v\u1ecb d\u1eeba \u0111\u01b0\u1ee3c l\u00e0m t\u1eeb nh\u1eefng nguy\u00ean li\u1ec7u ch\u1ecdn l\u1ecdc nh\u01b0 : \u0111\u01b0\u1eddng, d\u1ea7u th\u1ef1c v\u1eadt, b\u1ed9t whey, h\u01b0\u01a1ng v\u1ecb t\u1ef1 nhi\u00ean &#8230; Khi th\u01b0\u1edfng th\u1ee9c t\u1eebng th\u00eca kem, b\u1ea1n s\u1ebd c\u1ea3m nh\u1eadn \u0111\u01b0\u1ee3c h\u01b0\u01a1ng v\u1ecb ng\u1ecdt m\u00e1t, th\u01a1m ng\u1eady \u0111\u1eb7c tr\u01b0ng c\u1ee7a s\u1eefa v\u00e0 h\u01b0\u01a1ng v\u1ecb vani.<\/p>\n<p><img decoding=\"async\" class=\"wp-image-31546 aligncenter\" src=\"https:\/\/havamall.vn\/wp-content\/uploads\/2023\/05\/345276723_760720282427732_1524086589936117394_n-286x300.jpeg\" alt=\"\" width=\"632\" height=\"663\" srcset=\"https:\/\/havamall.vn\/wp-content\/uploads\/2023\/05\/345276723_760720282427732_1524086589936117394_n-286x300.jpeg 286w, https:\/\/havamall.vn\/wp-content\/uploads\/2023\/05\/345276723_760720282427732_1524086589936117394_n-430x452.jpeg 430w, https:\/\/havamall.vn\/wp-content\/uploads\/2023\/05\/345276723_760720282427732_1524086589936117394_n-150x158.jpeg 150w, https:\/\/havamall.vn\/wp-content\/uploads\/2023\/05\/345276723_760720282427732_1524086589936117394_n-700x735.jpeg 700w, https:\/\/havamall.vn\/wp-content\/uploads\/2023\/05\/345276723_760720282427732_1524086589936117394_n-768x807.jpeg 768w, https:\/\/havamall.vn\/wp-content\/uploads\/2023\/05\/345276723_760720282427732_1524086589936117394_n-975x1024.jpeg 975w, https:\/\/havamall.vn\/wp-content\/uploads\/2023\/05\/345276723_760720282427732_1524086589936117394_n-600x630.jpeg 600w, https:\/\/havamall.vn\/wp-content\/uploads\/2023\/05\/345276723_760720282427732_1524086589936117394_n.jpeg 1097w\" sizes=\"(max-width: 632px) 100vw, 632px\" \/><\/p>\n<p>S\u1ea3n ph\u1ea9m \u0111\u1ebfn t\u1eeb th\u01b0\u01a1ng hi\u1ec7u\u00a0kem iberri\u00a0quen thu\u1ed9c, mang \u0111\u1ebfn s\u1ea3n ph\u1ea9m ch\u1ea5t l\u01b0\u1ee3ng cao.\u00a0Kem socola Iberri h\u1ed9p 500ml\u00a0v\u1edbi s\u1ef1 v\u1ecb kem d\u1eeba b\u00e9o ng\u1eady th\u01a1m b\u00f9i kh\u00f3 c\u01b0\u1ee1ng khi th\u01b0\u1edfng th\u1ee9c h\u1ed9p\u00a0kem\u00a0m\u00e1t l\u1ea1nh gi\u1eefa th\u1eddi ti\u1ebft n\u00f3ng b\u1ee9c.<\/p>\n<p><img decoding=\"async\" class=\"wp-image-31547 aligncenter\" src=\"https:\/\/havamall.vn\/wp-content\/uploads\/2023\/05\/Coconut-Ice-Cream_EXPS_FT21_12453_F_0423_1-300x300.jpeg\" alt=\"\" width=\"627\" height=\"627\" srcset=\"https:\/\/havamall.vn\/wp-content\/uploads\/2023\/05\/Coconut-Ice-Cream_EXPS_FT21_12453_F_0423_1-300x300.jpeg 300w, https:\/\/havamall.vn\/wp-content\/uploads\/2023\/05\/Coconut-Ice-Cream_EXPS_FT21_12453_F_0423_1-430x430.jpeg 430w, https:\/\/havamall.vn\/wp-content\/uploads\/2023\/05\/Coconut-Ice-Cream_EXPS_FT21_12453_F_0423_1-150x150.jpeg 150w, https:\/\/havamall.vn\/wp-content\/uploads\/2023\/05\/Coconut-Ice-Cream_EXPS_FT21_12453_F_0423_1-700x700.jpeg 700w, https:\/\/havamall.vn\/wp-content\/uploads\/2023\/05\/Coconut-Ice-Cream_EXPS_FT21_12453_F_0423_1-768x768.jpeg 768w, https:\/\/havamall.vn\/wp-content\/uploads\/2023\/05\/Coconut-Ice-Cream_EXPS_FT21_12453_F_0423_1-1024x1024.jpeg 1024w, https:\/\/havamall.vn\/wp-content\/uploads\/2023\/05\/Coconut-Ice-Cream_EXPS_FT21_12453_F_0423_1.jpeg 1200w, https:\/\/havamall.vn\/wp-content\/uploads\/2023\/05\/Coconut-Ice-Cream_EXPS_FT21_12453_F_0423_1-600x600.jpeg 600w, https:\/\/havamall.vn\/wp-content\/uploads\/2023\/05\/Coconut-Ice-Cream_EXPS_FT21_12453_F_0423_1-100x100.jpeg 100w\" sizes=\"(max-width: 627px) 100vw, 627px\" \/><\/p>\n<p>Kem Iberri \u0111\u01b0\u1ee3c nh\u1eadp kh\u1ea9u tr\u1ef1c ti\u1ebfp t\u1eeb Th\u00e1i Lan, s\u1ea3n ph\u1ea9m \u0111\u01b0\u1ee3c s\u1ea3n xu\u1ea5t tr\u00ean d\u00e2y chuy\u1ec1n c\u00f4ng ngh\u1ec7 hi\u1ec7n \u0111\u1ea1i, \u0111\u1ea3m b\u1ea3o \u0111\u1ea1t c\u00e1c ti\u00eau chu\u1ea9n an to\u00e0n v\u1ec7 sinh th\u1ef1c ph\u1ea9m. Do \u0111\u00f3, b\u1ea1n ho\u00e0n to\u00e0n c\u00f3 th\u1ec3 y\u00ean t\u00e2m khi chia s\u1ebb v\u00e0 th\u01b0\u1edfng th\u1ee9c t\u1eebng lo\u1ea1i kem iberri m\u00e1t l\u1ea1nh v\u1edbi ng\u01b0\u1eddi th\u00e2n v\u00e0 b\u1ea1n b\u00e8.<\/p>\n<p><img loading=\"lazy\" decoding=\"async\" class=\"wp-image-31548 aligncenter\" src=\"https:\/\/havamall.vn\/wp-content\/uploads\/2023\/05\/Coconut-Ice-Cream-300x169.jpeg\" alt=\"\" width=\"623\" height=\"351\" srcset=\"https:\/\/havamall.vn\/wp-content\/uploads\/2023\/05\/Coconut-Ice-Cream-300x169.jpeg 300w, https:\/\/havamall.vn\/wp-content\/uploads\/2023\/05\/Coconut-Ice-Cream-430x242.jpeg 430w, https:\/\/havamall.vn\/wp-content\/uploads\/2023\/05\/Coconut-Ice-Cream-150x84.jpeg 150w, https:\/\/havamall.vn\/wp-content\/uploads\/2023\/05\/Coconut-Ice-Cream-700x394.jpeg 700w, https:\/\/havamall.vn\/wp-content\/uploads\/2023\/05\/Coconut-Ice-Cream-768x432.jpeg 768w, https:\/\/havamall.vn\/wp-content\/uploads\/2023\/05\/Coconut-Ice-Cream-1024x576.jpeg 1024w, https:\/\/havamall.vn\/wp-content\/uploads\/2023\/05\/Coconut-Ice-Cream-1200x675.jpeg 1200w, https:\/\/havamall.vn\/wp-content\/uploads\/2023\/05\/Coconut-Ice-Cream-600x338.jpeg 600w, https:\/\/havamall.vn\/wp-content\/uploads\/2023\/05\/Coconut-Ice-Cream.jpeg 1920w\" sizes=\"(max-width: 623px) 100vw, 623px\" \/><\/p>\n<h2><strong>\u0110\u1eb6C \u0110I\u1ec2M N\u1ed4I B\u1eacT C\u1ee6A S\u1ea2N PH\u1ea8M<\/strong><\/h2>\n<p>\u2013 Kem d\u1eeba IBERRI \u0111\u01b0\u1ee3c s\u1ea3n xu\u1ea5t theo d\u00e2y chuy\u1ec1n c\u00f4ng ngh\u1ec7 hi\u1ec7n \u0111\u1ea1i c\u1ee7a Th\u00e1i Lan v\u1edbi quy tr\u00ecnh ki\u1ec3m \u0111\u1ecbnh ch\u1ea5t l\u01b0\u1ee3ng nghi\u00eam ng\u1eb7t mang \u0111\u1ebfn s\u1ef1 tin c\u1eady cho ng\u01b0\u1eddi s\u1eed d\u1ee5ng.<\/p>\n<p>\u2013 Kem d\u1eeba gi\u00fap cung c\u1ea5p n\u0103ng l\u01b0\u1ee3ng, vitamin, d\u01b0\u1ee1ng ch\u1ea5t c\u1ea7n thi\u1ebft cho c\u00e1c ho\u1ea1t \u0111\u1ed9ng h\u00e0ng ng\u00e0y. H\u01b0\u01a1ng v\u1ecb m\u00e1t l\u1ea1nh c\u1ee7a kem k\u1ebft h\u1ee3p v\u1edbi v\u1ecb ng\u1ecdt thanh c\u1ee7a d\u1eeba mang l\u1ea1i cho b\u1ea1n c\u1ea3m gi\u00e1c th\u1eadt s\u1ea3ng kho\u00e1i m\u1ed7i khi th\u01b0\u1edfng th\u1ee9c.<\/p>\n<p>\u2013 S\u1ea3n ph\u1ea9m \u0111\u01b0\u1ee3c thi\u1ebft k\u1ebf d\u01b0\u1edbi d\u1ea1ng h\u1ed9p, mang l\u1ea1i s\u1ef1 ti\u1ec7n l\u1ee3i cho ng\u01b0\u1eddi s\u1eed d\u1ee5ng trong vi\u1ec7c s\u1eed d\u1ee5ng c\u0169ng nh\u01b0 b\u1ea3o qu\u1ea3n. B\u00ean c\u1ea1nh \u0111\u00f3, c\u00f2n ti\u1ebft ki\u1ec7m th\u1eddi gian b\u1edfi t\u00ednh n\u0103ng \u201c\u0103n li\u1ec1n\u201d c\u1ee7a s\u1ea3n ph\u1ea9m, ch\u1ec9 c\u1ea7n m\u1edf n\u1eafp v\u00e0 c\u00f3 th\u1ec3 th\u01b0\u1edfng th\u1ee9c ngay.<\/p>","protected":false},"excerpt":{"rendered":"<p>&nbsp; TH\u00d4NG TIN CHUNG Th\u01b0\u01a1ng hi\u1ec7u IBERRI Xu\u1ea5t x\u1ee9 Th\u00e1i Lan Th\u00e0nh ph\u1ea7n N\u01b0\u1edbc, s\u1eefa d\u1eeba, \u0111\u01b0\u1eddng, d\u1ea7u th\u1ef1c v\u1eadt,<\/p>","protected":false},"featured_media":31549,"comment_status":"open","ping_status":"closed","template":"","meta":[],"product_brand":[],"product_cat":[275,36],"product_tag":[],"class_list":{"0":"post-31544","1":"product","2":"type-product","3":"status-publish","4":"has-post-thumbnail","6":"product_cat-thuc-pham-dong-lanh","7":"product_cat-thuc-pham-tieu-dung","9":"first","10":"instock","11":"sale","12":"shipping-taxable","13":"purchasable","14":"product-type-simple"},"_links":{"self":[{"href":"https:\/\/havamall.vn\/en\/wp-json\/wp\/v2\/product\/31544"}],"collection":[{"href":"https:\/\/havamall.vn\/en\/wp-json\/wp\/v2\/product"}],"about":[{"href":"https:\/\/havamall.vn\/en\/wp-json\/wp\/v2\/types\/product"}],"replies":[{"embeddable":true,"href":"https:\/\/havamall.vn\/en\/wp-json\/wp\/v2\/comments?post=31544"}],"version-history":[{"count":0,"href":"https:\/\/havamall.vn\/en\/wp-json\/wp\/v2\/product\/31544\/revisions"}],"wp:featuredmedia":[{"embeddable":true,"href":"https:\/\/havamall.vn\/en\/wp-json\/wp\/v2\/media\/31549"}],"wp:attachment":[{"href":"https:\/\/havamall.vn\/en\/wp-json\/wp\/v2\/media?parent=31544"}],"wp:term":[{"taxonomy":"product_brand","embeddable":true,"href":"https:\/\/havamall.vn\/en\/wp-json\/wp\/v2\/product_brand?post=31544"},{"taxonomy":"product_cat","embeddable":true,"href":"https:\/\/havamall.vn\/en\/wp-json\/wp\/v2\/product_cat?post=31544"},{"taxonomy":"product_tag","embeddable":true,"href":"https:\/\/havamall.vn\/en\/wp-json\/wp\/v2\/product_tag?post=31544"}],"curies":[{"name":"wp","href":"https:\/\/api.w.org\/{rel}","templated":true}]}}