{"id":31536,"date":"2023-05-24T16:57:00","date_gmt":"2023-05-24T09:57:00","guid":{"rendered":"https:\/\/havamall.vn\/?post_type=product&#038;p=31536"},"modified":"2025-06-14T14:08:13","modified_gmt":"2025-06-14T07:08:13","slug":"ot-nguyen-trai-sieu-cay-say-lanh-havafoodies-goi-100g-chili-dried","status":"publish","type":"product","link":"https:\/\/havamall.vn\/en\/shop\/ot-nguyen-trai-sieu-cay-say-lanh-havafoodies-goi-100g-chili-dried\/","title":{"rendered":"\u1edat Nguy\u00ean Tr\u00e1i Si\u00eau Cay S\u1ea5y L\u1ea1nh Havafoodies G\u00f3i 100g &#8211; Chili Dried"},"content":{"rendered":"<h2><\/h2>\n<h2><strong>TH\u00d4NG TIN CHUNG<\/strong><\/h2>\n<table>\n<tbody>\n<tr>\n<td>Th\u01b0\u01a1ng hi\u1ec7u<\/td>\n<td>Havafoodies<\/td>\n<\/tr>\n<tr>\n<td>Xu\u1ea5t x\u1ee9<\/td>\n<td>Vi\u1ec7t Nam<\/td>\n<\/tr>\n<tr>\n<td>Th\u00e0nh ph\u1ea7n<\/td>\n<td>100% \u1edbt s\u1ea5y kh\u00f4<\/td>\n<\/tr>\n<tr>\n<td>H\u1ea1n s\u1eed d\u1ee5ng<\/td>\n<td>2 n\u0103m k\u1ec3 t\u1eeb ng\u00e0y s\u1ea3n xu\u00e2t<\/td>\n<\/tr>\n<tr>\n<td>B\u1ea3o qu\u1ea3n<\/td>\n<td>\u0110\u1ec3 n\u01a1i kh\u00f4 r\u00e1o, tho\u00e1ng m\u00e1t, tr\u00e1nh \u00e1nh n\u1eafng tr\u1ef1c ti\u1ebfp<\/td>\n<\/tr>\n<tr>\n<td>Kh\u1ed1i l\u01b0\u1ee3ng<\/td>\n<td>100g<\/td>\n<\/tr>\n<\/tbody>\n<\/table>\n<p>\u1edat kh\u00f4 nguy\u00ean tr\u00e1i c\u00f3 t\u00ean ti\u1ebfng anh l\u00e0 chili whole c\u00f3 v\u1ecb cay v\u00e0 n\u00f3ng.\u00a0S\u1ea3n ph\u1ea9m \u1edbt kh\u00f4 nguy\u00ean tr\u00e1i \u0111\u01b0\u1ee3c s\u1ea3n xu\u1ea5t theo c\u00f4ng ngh\u1ec7 s\u1ea5y kh\u00f4 m\u1edbi nh\u1ea5t. Nguy\u00ean li\u1ec7u thu\u1ea7n t\u00fay thi\u00ean nhi\u00ean, ho\u00e0n to\u00e0n kh\u00f4ng s\u1eed d\u1ee5ng ch\u1ea5t b\u1ea3o qu\u1ea3n hay ph\u1ea9m m\u00e0u, v\u1edbi ch\u1ea5t l\u01b0\u1ee3ng \u0111\u1ed3ng \u0111\u1ec1u, \u1ed5n \u0111\u1ecbnh. \u1edat kh\u00f4 nguy\u00ean tr\u00e1i l\u00e0 gia v\u1ecb gi\u00fap m\u00f3n \u0103n tr\u1edf n\u00ean ho\u00e0n h\u1ea3o, ngon h\u01a1n<\/p>\n<p>Qu\u1ea3 \u1edbt l\u00e0 lo\u1ea1i th\u1ef1c ph\u1ea9m \u0111\u01b0\u1ee3c d\u00f9ng ph\u1ed5 bi\u1ebfn b\u1edfi nh\u1eefng t\u00ednh n\u0103ng, c\u00f4ng d\u1ee5ng tuy\u1ec7t v\u1eddi n\u00f3 mang l\u1ea1i cho con ng\u01b0\u1eddi \u0111\u1eb7c bi\u1ec7t l\u00e0 trong l\u0129nh v\u1ef1c \u1ea9m th\u1ef1c.<\/p>\n<p><img fetchpriority=\"high\" decoding=\"async\" class=\"wp-image-31529 aligncenter\" src=\"https:\/\/havamall.com\/wp-content\/uploads\/2025\/06\/Screen-Shot-2023-05-24-at-4.48.52-PM-300x300.png\" alt=\"\" width=\"622\" height=\"622\" \/><\/p>\n<h2><strong>GI\u00c1 TR\u1eca DINH D\u01af\u1ee0NG<\/strong><\/h2>\n<p>&#8211; \u1edat kh\u00f4 nguy\u00ean tr\u00e1i ch\u1ee9a nhi\u1ec1u d\u01b0\u1ee1ng ch\u1ea5t quan tr\u1ecdng, c\u1ea7n thi\u1ebft t\u1ed1t v\u1edbi s\u1ee9c kh\u1ecfe, gi\u00fap gi\u1ea3m v\u00e0 ng\u0103n ch\u1eb7n c\u00e1c t\u00e1c nh\u00e2n g\u00e2y b\u1ec7nh h\u00ecnh th\u00e0nh.<\/p>\n<p>&#8211; \u1edat t\u01b0\u01a1i c\u00f3 \u0111\u1ebfn 88% l\u00e0 n\u01b0\u1edbc v\u00e0 ch\u1ee9a 9% l\u01b0\u1ee3ng carbohydrate. Lo\u1ea1i qu\u1ea3 n\u00e0y ch\u1ee9a nhi\u1ec1u vitamin C c\u1ef1c k\u1ef3 t\u1ed1t cho s\u1ee9c kh\u1ecfe, cung c\u1ea5p, b\u1ed5 sung l\u01b0\u1ee3ng vitamin C c\u01a1 th\u1ec3 c\u1ea7n thi\u1ebft, gi\u00fap l\u00e0m \u0111\u1eb9p, c\u1ea3i thi\u1ec7n l\u00e0n da.<\/p>\n<p><img decoding=\"async\" class=\"wp-image-31530 aligncenter\" src=\"https:\/\/havamall.com\/wp-content\/uploads\/2025\/06\/lau_Tu_Xuyen-300x200.jpg\" alt=\"\" width=\"613\" height=\"408\" \/><\/p>\n<h2><strong>\u1edaT KH\u00d4 NGUY\u00caN TR\u00c1I D\u00d9NG \u0110\u1ec2 L\u00c0M G\u00cc?<\/strong><\/h2>\n<p>&#8211; D\u00f9ng trong \u1ea9m th\u1ef1c: \u1edat l\u00e0 gia v\u1ecb kh\u00f4ng th\u1ec3 thi\u1ebfu trong b\u1ebfp \u0103n c\u0169ng m\u1ed7i gia \u0111\u00ecnh. \u1edat l\u00e0 nguy\u00ean li\u1ec7u ph\u1ed5 bi\u1ebfn trong c\u00e1c m\u00f3n \u0103n, gi\u00fap gia t\u0103ng h\u01b0\u01a1ng v\u1ecb cho m\u00f3n \u0103n. \u0110\u1eb7c bi\u1ec7t l\u00e0 c\u00e1c m\u00f3n \u0103n \u0111\u01b0\u1ee3c ch\u1ebf bi\u1ebfn t\u1eeb th\u1ecbt, c\u00e1, t\u00f4m\u2026<\/p>\n<p>&#8211; \u1edat kh\u00f4 nguy\u00ean tr\u00e1i c\u00f3 th\u1ec3 nghi\u1ec1n ho\u1eb7c xay th\u00e0nh b\u1ed9t \u1edbt \u0111\u1ef1ng trong h\u0169 th\u1ee7y tinh s\u1eed d\u1ee5ng d\u1ea7n. \u1edat kh\u00f4 l\u00e0 nguy\u00ean li\u1ec7u kh\u00f4ng th\u1ec3 thi\u1ebfu trong c\u00e1c m\u00f3n \u0103n nh\u01b0: Kim chi, sa t\u1ebf \u1edbt, t\u01b0\u01a1ng \u1edbt,.. v\u00e0 l\u00e0 gia v\u1ecb t\u1ea9m \u01b0\u1edbp tuy\u1ec7t v\u1eddi cho c\u00e1c m\u00f3n \u0103n v\u1edbi h\u01b0\u01a1ng v\u1ecb th\u01a1m ngon, m\u00e0u s\u1eafc b\u1eaft m\u1eaft.<\/p>\n<p>&#8211; D\u00f9ng \u0111\u1ec3 l\u00e0m thu\u1ed1c: Ngo\u00e0i s\u1eed d\u1ee5ng l\u00e0m gia v\u1ecb trong \u1ea9m th\u1ef1c, \u1edbt d\u00f9ng l\u00e0m thu\u1ed1c ch\u1eefa b\u1ec7nh r\u1ea5t t\u1ed1t. Qu\u1ea3 \u1edbt v\u1edbi ho\u1ea1t t\u00ednh capsaicin gi\u00fap ng\u0103n ng\u1eeba v\u00e0 \u0111i\u1ec1u tr\u1ecb nhi\u1ec1u b\u1ec7nh nh\u01b0 tim m\u1ea1ch, ti\u1ec3u \u0111\u01b0\u1eddng, ch\u1ed1ng vi\u00eam gi\u1ea3m \u0111au, gi\u1ea3m c\u00e2n, ti\u00eau ch\u1ea3y\u2026<\/p>\n<p><img decoding=\"async\" class=\"wp-image-31538 aligncenter\" src=\"https:\/\/havamall.com\/wp-content\/uploads\/2025\/06\/b23eec25b5dbacfe031be23e9d662574-300x291.jpg\" alt=\"\" width=\"610\" height=\"592\" \/><\/p>\n<h2><strong>C\u00d4NG D\u1ee4NG C\u1ee6A \u1edaT KH\u00d4 NGUY\u00caN TR\u00c1I<\/strong><\/h2>\n<p>&#8211; Gi\u00fap gi\u1ea3m \u0111au: Th\u00e0nh ph\u1ea7n capsaicin trong \u1edbt t\u1ea1o v\u1ecb cay, t\u00ednh n\u00f3ng c\u00f3 t\u00e1c d\u1ee5ng gi\u1ea3m \u0111au, g\u00e2y t\u00ea hi\u1ec7u qu\u1ea3 cho ng\u01b0\u1eddi b\u1ec7nh. Ho\u1ea1t ch\u1ea5t n\u00e0y s\u1ebd gi\u00fap k\u00edch th\u00edch t\u0103ng s\u1ee9c \u0111\u1ec1 kh\u00e1ng c\u1ee7a t\u1ebf b\u00e0o th\u1ea7n kinh, l\u00e0m d\u1ecbu nhanh, gi\u1ea3m c\u00e1c c\u01a1n \u0111au x\u01b0\u01a1ng kh\u1edbp do ch\u1ea5n th\u01b0\u01a1ng, \u0111au d\u00e2y th\u1ea7n kinh g\u00e2y n\u00ean.<\/p>\n<p>&#8211; C\u1ea3i thi\u1ec7n tu\u1ea7n ho\u00e0n m\u00e1u: Do ch\u1ebf \u0111\u1ed9 \u0103n kh\u00f4ng l\u00e0nh m\u1ea1nh, nhi\u1ec1u d\u1ea7u m\u1ee1, \u00edt v\u1eadn \u0111\u1ed9ng n\u00ean h\u1ec7 tu\u1ea7n ho\u00e0n m\u00e1u hay b\u1ecb t\u1eafc. S\u1eed d\u1ee5ng \u1edbt kh\u00f4 nguy\u00ean tr\u00e1i\u00a0\u0111\u1ec1u \u0111\u1eb7n th\u01b0\u1eddng xuy\u00ean gi\u00fap gi\u1ea3m l\u01b0\u1ee3ng cholesterol, gi\u1ea3i \u0111\u1ed9c m\u00e1u, l\u00e0m s\u1ea1ch m\u00e1u t\u1ed1t.<\/p>\n<p><img loading=\"lazy\" decoding=\"async\" class=\"wp-image-31532 aligncenter\" src=\"https:\/\/havamall.com\/wp-content\/uploads\/2025\/06\/l-intro-1628781049-300x169.jpg\" alt=\"\" width=\"614\" height=\"346\" \/><\/p>\n<p>&#8211; Ch\u1ed1ng c\u1ea3m c\u00fam: \u1edat kh\u00f4 r\u1ea5t t\u1ed1t cho h\u1ec7 mi\u1ec5n d\u1ecbch, b\u1ea1n ch\u1ec9 c\u1ea7n \u0103n 1 \u00edt \u1edbt kh\u00f4 c\u00f9ng khi\u1ebfn \u0111\u1ed5 m\u1ed3 h\u00f4i v\u00e0 gi\u00fap l\u00e0m s\u1ea1ch c\u01a1 th\u1ec3, ch\u1ed1ng c\u1ea3m c\u00fam. Ngo\u00e0i ra \u1edbt kh\u00f4 nguy\u00ean tr\u00e1i c\u00f2n gi\u00fap gi\u1ea3m t\u1ee9c ng\u1ef1c v\u00e0 ch\u1ed1ng l\u1ea1i 1 s\u1ed1 b\u1ec7nh vi\u00eam nhi\u1ec5m \u1edf \u0111\u01b0\u1eddng h\u00f4 h\u1ea5p.<\/p>\n<p>&#8211; Ch\u1eefa r\u1ee5ng t\u00f3c: \u0110\u1ec3 ng\u0103n ng\u1eeba, gi\u1ea3m t\u00ecnh tr\u1ea1ng r\u1ee5ng t\u00f3c do ch\u00e2n t\u00f3c y\u1ebfu, thay \u0111\u1ed5i n\u1ed9i ti\u1ebft t\u1ed1 trong c\u01a1 th\u1ec3. B\u1ea1n c\u00f3 th\u1ec3 s\u1eed d\u1ee5ng tr\u00e1i \u1edbt \u0111\u1ec3 \u0111i\u1ec1u tr\u1ecb b\u1eb1ng \u1edbt kh\u00f4 nguy\u00ean tr\u00e1i ng\u00e2m v\u1edbi r\u01b0\u1ee3u, b\u1ea1n l\u1ea5y dung d\u1ecbch n\u00e0y ch\u1ea5m l\u00ean ch\u00e2n t\u00f3c ng\u00e0y 2 l\u1ea7n, t\u00ecnh tr\u1ea1ng r\u1ee5ng t\u00f3c s\u1ebd gi\u1ea3m \u0111\u00e1ng k\u1ec3 sau 1 tu\u1ea7n s\u1eed d\u1ee5ng v\u00e0 r\u01b0\u1ee3u ng\u00e2m v\u1edbi \u1edbt s\u1ebd k\u00edch th\u00edch m\u1ecdc t\u00f3c nhanh h\u01a1n.<\/p>\n<p>&#8211; Gi\u00fap l\u00e0m \u0111\u1eb9p da: Nhi\u1ec1u ch\u1ecb em s\u1ebd r\u1ea5t b\u1ea5t ng\u1edd khi bi\u1ebft \u1edbt kh\u00f4 c\u00f3 t\u00e1c d\u1ee5ng l\u00e0m \u0111\u1eb9p da. \u1edat gi\u00fap th\u00fac \u0111\u1ea9y ti\u1ebft hormone, c\u1ea3i thi\u1ec7n hi\u1ec7u qu\u1ea3 l\u00e0n da. M\u1ed9t s\u1ed1 t\u00e1c d\u1ee5ng c\u1ee7a \u1edbt kh\u00f4 kh\u00e1c nh\u01b0: Kh\u1ea3 n\u0103ng ch\u1ed1ng ung th\u01b0, B\u1ea3o v\u1ec7 tim, C\u00f3 l\u1ee3i cho b\u1ec7nh ti\u1ec3u \u0111\u01b0\u1eddng.<\/p>\n<p><img loading=\"lazy\" decoding=\"async\" class=\"wp-image-31533 aligncenter\" src=\"https:\/\/havamall.com\/wp-content\/uploads\/2025\/06\/31CHILI1-superJumbo-300x200.jpg\" alt=\"\" width=\"611\" height=\"407\" \/><\/p>\n<h2 id=\"nhung-truong-hop-khong-nen-an-ot-kho\"><strong>NH\u1eeeNG TR\u01af\u1edcNG H\u1ee2P KH\u00d4NG N\u00caN \u0102N \u1edaT KH\u00d4 NGUY\u00caN TR\u00c1I<\/strong><\/h2>\n<p>\u2013 C\u00e1c tr\u01b0\u1eddng h\u1ee3p m\u1eafc 1 s\u1ed1 b\u1ec7nh nh\u01b0: tim m\u1ea1ch, cao huy\u1ebft \u00e1p, m\u1ea1ch m\u00e1u n\u00e3o, vi\u00eam ph\u1ebf qu\u1ea3n m\u00e3n t\u00ednh \u0111\u1ec1u kh\u00f4ng n\u00ean \u0103n cay v\u00ec ch\u1ea5t capsaicin trong\u1edbt kh\u00f4\u00a0s\u1ebd \u0111\u1ea9y nhanh qu\u00e1 tr\u00ecnh tu\u1ea7n ho\u00e0n m\u00e1u khi\u1ebfn tim \u0111\u1eadp nhanh h\u01a1n.<\/p>\n<p>\u2013 Nh\u1eefng ng\u01b0\u1eddi m\u1eafc b\u1ec7nh lo\u1eb9t d\u1ea1 d\u00e0y, vi\u00eam d\u1ea1 d\u00e0y m\u00e3n t\u00ednh kh\u00f4ng n\u00ean d\u00f9ng \u1edbt v\u00ec d\u1eabn \u0111\u1ebfn b\u1ecb ni\u00eam m\u1ea1c ph\u00f9 n\u1ec1, t\u0103ng nhu \u0111\u1ed9ng d\u1ea1 d\u00e0y l\u00e0m \u1ea3nh h\u01b0\u1edfng m\u1ea1nh t\u1edbi s\u1ef1 ph\u1ee5c h\u1ed3i c\u1ee7a h\u1ec7 ti\u00eau h\u00f3a.<\/p>\n<p><img loading=\"lazy\" decoding=\"async\" class=\"wp-image-31534 aligncenter\" src=\"https:\/\/havamall.com\/wp-content\/uploads\/2025\/06\/pngtree-dried-spicy-dried-chili-seasoning-for-serving-photographs-image_846357-300x200.jpg\" alt=\"\" width=\"613\" height=\"408\" \/><\/p>\n<p>\u2013 Nh\u1eefng ng\u01b0\u1eddi \u0111ang b\u1ecb vi\u00eam gi\u00e1c m\u1ea1c, \u0111au m\u1eaft \u0111\u1ecf n\u1ebfu \u0103n\u00a0\u1edbt kh\u00f4\u00a0s\u1ebd khi\u1ebfn c\u00e1c b\u1ec7nh n\u00e0y nghi\u00eam tr\u1ecdng h\u01a1n. Ph\u1ee5 n\u1eef mang b\u1ea7u v\u00e0 m\u1edbi sinh con kh\u00f4ng n\u00ean \u0103n cay nhi\u1ec1u v\u00ec s\u1ebd khi\u1ebfn cho b\u00e9 b\u1ecb \u1ea3nh h\u01b0\u1edfng khi b\u00fa m\u1eb9.<\/p>\n<p>\u2013 Nh\u1eefng ng\u01b0\u1eddi b\u1ecb s\u1ecfi m\u1eadt, vi\u00eam t\u00fai m\u1eadt m\u00e3n t\u00ednh s\u1ebd khi\u1ebfn d\u1ea1 d\u00e0y k\u00edch th\u00edch axit nhi\u1ec1u h\u01a1n l\u00e0m cho c\u00e1c b\u1ec7nh v\u1ec1 t\u00fai m\u1eadt tr\u1edf n\u00ean nghi\u00eam tr\u1ecdng h\u01a1n. \u2013 Kh\u00f4ng n\u1ec1n d\u00f9ng\u00a0\u1edbt kh\u00f4\u00a0cho nh\u1eefng ng\u01b0\u1eddi b\u1ecb b\u1ec7nh tr\u0129 v\u00ec s\u1ebd b\u1ecb \u00e1p xe h\u1eadu m\u00f4n. \u1edat kh\u00f4 c\u00f2n c\u00f2n g\u00e2y ra ch\u1ee9ng t\u00e1o b\u00f3n v\u00e0 khi\u1ebfn b\u1ec7nh tr\u0129 tr\u1edf n\u00ean nghi\u00eam tr\u1ecdng v\u00e0 kh\u00f3 tr\u1ecb h\u01a1n.<\/p>","protected":false},"excerpt":{"rendered":"<p>TH\u00d4NG TIN CHUNG Th\u01b0\u01a1ng hi\u1ec7u Havafoodies Xu\u1ea5t x\u1ee9 Vi\u1ec7t Nam Th\u00e0nh ph\u1ea7n 100% \u1edbt s\u1ea5y kh\u00f4 H\u1ea1n s\u1eed d\u1ee5ng 2<\/p>","protected":false},"featured_media":39589,"comment_status":"open","ping_status":"closed","template":"","meta":[],"product_brand":[],"product_cat":[595,36,134],"product_tag":[],"class_list":{"0":"post-31536","1":"product","2":"type-product","3":"status-publish","4":"has-post-thumbnail","6":"product_cat-gia-vi-va-che-bien","7":"product_cat-thuc-pham-tieu-dung","8":"product_cat-thucpham-saykho","9":"pa_brand-skx","11":"first","12":"instock","13":"sale","14":"shipping-taxable","15":"purchasable","16":"product-type-simple"},"_links":{"self":[{"href":"https:\/\/havamall.vn\/en\/wp-json\/wp\/v2\/product\/31536"}],"collection":[{"href":"https:\/\/havamall.vn\/en\/wp-json\/wp\/v2\/product"}],"about":[{"href":"https:\/\/havamall.vn\/en\/wp-json\/wp\/v2\/types\/product"}],"replies":[{"embeddable":true,"href":"https:\/\/havamall.vn\/en\/wp-json\/wp\/v2\/comments?post=31536"}],"version-history":[{"count":0,"href":"https:\/\/havamall.vn\/en\/wp-json\/wp\/v2\/product\/31536\/revisions"}],"wp:featuredmedia":[{"embeddable":true,"href":"https:\/\/havamall.vn\/en\/wp-json\/wp\/v2\/media\/39589"}],"wp:attachment":[{"href":"https:\/\/havamall.vn\/en\/wp-json\/wp\/v2\/media?parent=31536"}],"wp:term":[{"taxonomy":"product_brand","embeddable":true,"href":"https:\/\/havamall.vn\/en\/wp-json\/wp\/v2\/product_brand?post=31536"},{"taxonomy":"product_cat","embeddable":true,"href":"https:\/\/havamall.vn\/en\/wp-json\/wp\/v2\/product_cat?post=31536"},{"taxonomy":"product_tag","embeddable":true,"href":"https:\/\/havamall.vn\/en\/wp-json\/wp\/v2\/product_tag?post=31536"}],"curies":[{"name":"wp","href":"https:\/\/api.w.org\/{rel}","templated":true}]}}