{"id":31519,"date":"2023-05-23T10:10:42","date_gmt":"2023-05-23T03:10:42","guid":{"rendered":"https:\/\/havamall.vn\/?post_type=product&#038;p=31519"},"modified":"2023-05-23T15:52:34","modified_gmt":"2023-05-23T08:52:34","slug":"bot-chien-ga-karaage-kieu-nhat-ban-vi-truyen-thong-80g-%e3%83%80%e3%82%a4%e3%82%b7%e3%83%a7%e3%83%bc-%e3%82%b5%e3%82%af%e3%83%83%e3%81%a8%e6%8f%9a%e3%81%8c%e3%82%8b%e3%81%8b%e3%82%89","status":"publish","type":"product","link":"https:\/\/havamall.vn\/en\/shop\/bot-chien-ga-karaage-kieu-nhat-ban-vi-truyen-thong-80g-%e3%83%80%e3%82%a4%e3%82%b7%e3%83%a7%e3%83%bc-%e3%82%b5%e3%82%af%e3%83%83%e3%81%a8%e6%8f%9a%e3%81%8c%e3%82%8b%e3%81%8b%e3%82%89\/","title":{"rendered":"B\u1ed9t Chi\u00ean G\u00e0 Karaage Ki\u1ec3u Nh\u1eadt B\u1ea3n V\u1ecb Truy\u1ec1n Th\u1ed1ng 80g \u2013 \u30c0\u30a4\u30b7\u30e7\u30fc \u304a\u8089\u5c4b\u3055\u3093\u306e\u304b\u3089\u63da\u3052\u7c89"},"content":{"rendered":"<div><\/div>\n<div>\n<h2><strong>TH\u00d4NG TIN CHUNG<\/strong><\/h2>\n<table>\n<tbody>\n<tr>\n<td>Th\u01b0\u01a1ng hi\u1ec7u<\/td>\n<td>Daisho<\/td>\n<\/tr>\n<tr>\n<td>Xu\u1ea5t x\u1ee9<\/td>\n<td>Nh\u1eadt B\u1ea3n<\/td>\n<\/tr>\n<tr>\n<td>Th\u00e0nh ph\u1ea7n<\/td>\n<td>Tinh b\u1ed9t b\u1eafp, b\u1ed9t m\u00ec, mu\u1ed1i, m\u00e0u paprika, \u0111\u01b0\u1eddng, ti\u00eau, g\u1eebng, b\u1ed9t t\u1ecfi&#8230;<\/td>\n<\/tr>\n<tr>\n<td>H\u1ea1n s\u1eed d\u1ee5ng<\/td>\n<td>18 th\u00e1ng tr\u01b0\u1edbc h\u1ea1n s\u1eed d\u1ee5ng<\/td>\n<\/tr>\n<tr>\n<td>B\u1ea3o qu\u1ea3n<\/td>\n<td>\u0110\u1ec3 n\u01a1i kh\u00f4 r\u00e1o, tho\u00e1ng m\u00e1t, tr\u00e1nh \u00e1nh n\u1eafng tr\u1ef1c ti\u1ebfp<\/td>\n<\/tr>\n<tr>\n<td>Kh\u1ed1i l\u01b0\u1ee3ng<\/td>\n<td>80g<\/td>\n<\/tr>\n<\/tbody>\n<\/table>\n<\/div>\n<p>C\u00e1nh g\u00e0 chi\u00ean Karaage l\u00e0 1 m\u00f3n c\u1ef1c k\u1ef3 n\u1ed5i ti\u1ebfng trong n\u1ec1n \u1ea9m th\u1ef1c Nh\u1eadt B\u1ea3n, c\u00f3 th\u1ec3 \u0103n k\u00e8m c\u01a1m hay l\u00e0m \u0111\u1ed3 \u0103n nh\u1eb9, \u0111\u1ed3 nh\u1eadu \u0111\u1ec1u ngon. \u0110\u1ec3 l\u00e0m karaage c\u00f3 r\u1ea5t nhi\u1ec1u b\u00ed quy\u1ebft v\u00e0 c\u00e1ch l\u00e0m kh\u00e1c nhau, tuy nhi\u00ean, th\u00e0nh ph\u1ea9m cu\u1ed1i c\u00f9ng v\u1eabn l\u00e0 mi\u1ebfng g\u00e0 c\u1eaft nh\u1ecf 2-3cm b\u00ean ngo\u00e0i gi\u00f2n tan c\u00f3 l\u1edbp v\u1ecf m\u1ecfng c\u00f2n b\u00ean trong th\u00ec m\u1ec1m m\u1ea1i, \u0111\u1eadm v\u1ecb v\u00e0 kh\u00f4ng ng\u1ea5m m\u1ee1.<\/p>\n<p><img fetchpriority=\"high\" decoding=\"async\" class=\"wp-image-31520 aligncenter\" src=\"https:\/\/havamall.vn\/wp-content\/uploads\/2023\/05\/chicken-karaage-FT-RECIPE0621-7c333f0a5c2141e08f0e7f7b9fc1c5de-300x200.jpeg\" alt=\"\" width=\"696\" height=\"464\" srcset=\"https:\/\/havamall.vn\/wp-content\/uploads\/2023\/05\/chicken-karaage-FT-RECIPE0621-7c333f0a5c2141e08f0e7f7b9fc1c5de-300x200.jpeg 300w, https:\/\/havamall.vn\/wp-content\/uploads\/2023\/05\/chicken-karaage-FT-RECIPE0621-7c333f0a5c2141e08f0e7f7b9fc1c5de-430x287.jpeg 430w, https:\/\/havamall.vn\/wp-content\/uploads\/2023\/05\/chicken-karaage-FT-RECIPE0621-7c333f0a5c2141e08f0e7f7b9fc1c5de-150x100.jpeg 150w, https:\/\/havamall.vn\/wp-content\/uploads\/2023\/05\/chicken-karaage-FT-RECIPE0621-7c333f0a5c2141e08f0e7f7b9fc1c5de-700x467.jpeg 700w, https:\/\/havamall.vn\/wp-content\/uploads\/2023\/05\/chicken-karaage-FT-RECIPE0621-7c333f0a5c2141e08f0e7f7b9fc1c5de-768x512.jpeg 768w, https:\/\/havamall.vn\/wp-content\/uploads\/2023\/05\/chicken-karaage-FT-RECIPE0621-7c333f0a5c2141e08f0e7f7b9fc1c5de-1024x683.jpeg 1024w, https:\/\/havamall.vn\/wp-content\/uploads\/2023\/05\/chicken-karaage-FT-RECIPE0621-7c333f0a5c2141e08f0e7f7b9fc1c5de-1200x800.jpeg 1200w, https:\/\/havamall.vn\/wp-content\/uploads\/2023\/05\/chicken-karaage-FT-RECIPE0621-7c333f0a5c2141e08f0e7f7b9fc1c5de-600x400.jpeg 600w, https:\/\/havamall.vn\/wp-content\/uploads\/2023\/05\/chicken-karaage-FT-RECIPE0621-7c333f0a5c2141e08f0e7f7b9fc1c5de.jpeg 1500w\" sizes=\"(max-width: 696px) 100vw, 696px\" \/><\/p>\n<p>Karaage c\u00f3 th\u1ec3 l\u00e0 m\u1ed9t m\u00f3n trong b\u1eefa c\u01a1m ho\u1eb7c c\u0169ng c\u00f3 th\u1ec3 l\u00e0m m\u00f3n \u0103n nh\u1eb9. M\u00f3n \u0103n n\u00e0y khi \u0111\u1ec3 ngu\u1ed9i v\u1eabn gi\u1eef \u0111\u01b0\u1ee3c h\u01b0\u01a1ng v\u1ecb th\u01a1m ngon, do \u0111\u00f3 \u0111\u00e2y l\u00e0 m\u1ed9t m\u00f3n \u0103n r\u1ea5t \u0111\u01b0\u1ee3c \u01b0u \u00e1i \u0111\u1ec3 l\u00e0m c\u01a1m h\u1ed9p.<\/p>\n<p>B\u1ed9t chi\u00ean g\u00e0 Karaage l\u00e0 s\u1ef1 k\u1ebft h\u1ee3p h\u00e0i h\u00f2a gi\u1eefa c\u00e1c nguy\u00ean li\u1ec7u nh\u01b0 b\u1ed9t b\u1eafp, b\u1ed9t khoai m\u00ec, h\u00e0nh, mu\u1ed1i,&#8230;t\u1ea1o n\u00ean m\u1ed9t lo\u1ea1i b\u1ed9t chi\u00ean g\u00e0 v\u00e0ng gi\u00f2n r\u1ea5t b\u1eaft m\u1eaft. \u0110\u1eb7c bi\u1ec7t b\u1ed9t \u0111\u00e3 \u0111\u01b0\u1ee3c n\u00eam n\u1ebfm gia v\u1ecb mang \u0111\u1ebfn h\u01b0\u01a1ng v\u1ecb th\u01a1m m\u1eb1n m\u1eb7n c\u00e0ng l\u00e0m t\u0103ng th\u00eam \u0111\u1ed9 h\u1ea5p d\u1eabn cho m\u00f3n \u0103n.<\/p>\n<p><img decoding=\"async\" class=\"wp-image-31521 aligncenter\" src=\"https:\/\/havamall.vn\/wp-content\/uploads\/2023\/05\/p0dp7tfj-300x169.jpeg\" alt=\"\" width=\"704\" height=\"396\" srcset=\"https:\/\/havamall.vn\/wp-content\/uploads\/2023\/05\/p0dp7tfj-300x169.jpeg 300w, https:\/\/havamall.vn\/wp-content\/uploads\/2023\/05\/p0dp7tfj-430x242.jpeg 430w, https:\/\/havamall.vn\/wp-content\/uploads\/2023\/05\/p0dp7tfj-150x84.jpeg 150w, https:\/\/havamall.vn\/wp-content\/uploads\/2023\/05\/p0dp7tfj-700x394.jpeg 700w, https:\/\/havamall.vn\/wp-content\/uploads\/2023\/05\/p0dp7tfj-768x432.jpeg 768w, https:\/\/havamall.vn\/wp-content\/uploads\/2023\/05\/p0dp7tfj-1024x576.jpeg 1024w, https:\/\/havamall.vn\/wp-content\/uploads\/2023\/05\/p0dp7tfj-1200x675.jpeg 1200w, https:\/\/havamall.vn\/wp-content\/uploads\/2023\/05\/p0dp7tfj-600x338.jpeg 600w, https:\/\/havamall.vn\/wp-content\/uploads\/2023\/05\/p0dp7tfj.jpeg 1280w\" sizes=\"(max-width: 704px) 100vw, 704px\" \/><\/p>\n<p>Ngo\u00e0i g\u00e0, b\u1ea1n c\u0169ng c\u00f3 th\u1ec3 d\u00f9ng b\u1ed9t \u0111\u1ec3 ch\u1ebf bi\u1ebfn th\u00eam nhi\u1ec1u m\u00f3n \u0103n kh\u00e1c nh\u01b0 t\u00f4m l\u0103n b\u1ed9t, m\u1ef1c chi\u00ean gi\u00f2n,&#8230;.S\u1ea3n ph\u1ea9m \u0111\u01b0\u1ee3c \u0111\u00f3ng g\u00f3i nh\u1ecf 150g d\u1ec5 d\u00e0ng s\u1eed d\u1ee5ng v\u00e0 b\u1ea3o qu\u1ea3n.<\/p>\n<p class=\"page-section-tittle\">V\u1edbi b\u1ed9t chi\u00ean g\u00e0 karaage m\u00f3n g\u00e0 chi\u00ean ch\u01b0a bao gi\u1edd d\u1ec5 v\u00e0 ngon \u0111\u1ebfn th\u1ebf. \u0110em l\u1ea1i cho m\u00f3n \u0103n h\u01b0\u01a1ng v\u1ecb \u0111\u1eb7c bi\u1ec7t h\u01a1n c\u00e1c lo\u1ea1i gia v\u1ecb b\u1ed9t chi\u00ean g\u00e0 kh\u00e1c. Ngo\u00e0i chi\u00ean g\u00e0, b\u1ed9t chi\u00ean c\u00f3 th\u1ec3 \u00e1p d\u1ee5ng v\u1edbi c\u00e1c lo\u1ea1i th\u1ef1c ph\u1ea9m kh\u00e1c nh\u01b0 th\u1ecbt, c\u00e1, t\u00f4m, h\u1ea3i s\u1ea3n hay c\u00e1c m\u00f3n khoai t\u00e2y, khoai lang chi\u00ean n\u1eefa \u0111\u00f3. S\u1ea3n ph\u1ea9m \u0111\u01b0\u1ee3c \u0111\u00f3ng g\u00f3i r\u1ea5t an to\u00e0n, s\u1ea1ch s\u1ebd, \u0111\u1ea3m b\u1ea3o v\u1ec7 sinh v\u00e0 th\u00e2n thi\u1ec7n v\u1edbi m\u00f4i tr\u01b0\u1eddng.<\/p>\n<p><img decoding=\"async\" class=\"wp-image-31522 aligncenter\" src=\"https:\/\/havamall.vn\/wp-content\/uploads\/2023\/05\/MFBLMPGKH3O6XLDLKZDSRKXRVQ-300x200.jpeg\" alt=\"\" width=\"716\" height=\"477\" srcset=\"https:\/\/havamall.vn\/wp-content\/uploads\/2023\/05\/MFBLMPGKH3O6XLDLKZDSRKXRVQ-300x200.jpeg 300w, https:\/\/havamall.vn\/wp-content\/uploads\/2023\/05\/MFBLMPGKH3O6XLDLKZDSRKXRVQ-430x287.jpeg 430w, https:\/\/havamall.vn\/wp-content\/uploads\/2023\/05\/MFBLMPGKH3O6XLDLKZDSRKXRVQ-150x100.jpeg 150w, https:\/\/havamall.vn\/wp-content\/uploads\/2023\/05\/MFBLMPGKH3O6XLDLKZDSRKXRVQ-700x467.jpeg 700w, https:\/\/havamall.vn\/wp-content\/uploads\/2023\/05\/MFBLMPGKH3O6XLDLKZDSRKXRVQ-768x512.jpeg 768w, https:\/\/havamall.vn\/wp-content\/uploads\/2023\/05\/MFBLMPGKH3O6XLDLKZDSRKXRVQ-1024x683.jpeg 1024w, https:\/\/havamall.vn\/wp-content\/uploads\/2023\/05\/MFBLMPGKH3O6XLDLKZDSRKXRVQ-1200x800.jpeg 1200w, https:\/\/havamall.vn\/wp-content\/uploads\/2023\/05\/MFBLMPGKH3O6XLDLKZDSRKXRVQ-600x400.jpeg 600w, https:\/\/havamall.vn\/wp-content\/uploads\/2023\/05\/MFBLMPGKH3O6XLDLKZDSRKXRVQ.jpeg 1500w\" sizes=\"(max-width: 716px) 100vw, 716px\" \/><\/p>\n<h2 class=\"page-section-tittle\"><strong>\u0110\u1eb6C \u0110I\u1ec2M N\u1ed4I B\u1eacT <\/strong><\/h2>\n<p class=\"page-section-tittle\">&#8211; \u0110\u01b0\u1ee3c l\u00e0m t\u1eeb nguy\u00ean li\u1ec7u tuy\u1ec3n ch\u1ecdn, ch\u1ea5t l\u01b0\u1ee3ng an to\u00e0n.<\/p>\n<p class=\"page-section-tittle\">&#8211; B\u1ed9t chi\u00ean gi\u00f2n gi\u00fap t\u1ea1o 1 l\u1edbp b\u1ed9t gi\u00f2n tan bao ph\u1ee7 b\u00ean ngo\u00e0i, \u0111em \u0111\u1ebfn h\u01b0\u01a1ng v\u1ecb th\u01a1m ngon h\u1ea5p d\u1eabn.<\/p>\n<p class=\"page-section-tittle\">&#8211; Th\u00edch h\u1ee3p d\u00f9ng l\u00e0m m\u00f3n g\u00e0 chi\u00ean gi\u00f2n, th\u1ecbt, c\u00e1, rau c\u1ee7\u2026.<\/p>\n<p class=\"page-section-tittle\">&#8211; Mang \u1ea9m th\u1ef1c Nh\u1eadt B\u1ea3n \u0111\u1ebfn g\u1ea7n v\u1edbi gia \u0111\u00ecnh b\u1ea1n.<\/p>\n<p><img loading=\"lazy\" decoding=\"async\" class=\"wp-image-31523 aligncenter\" src=\"https:\/\/havamall.vn\/wp-content\/uploads\/2023\/05\/r-mune-sub-300x300.jpeg\" alt=\"\" width=\"728\" height=\"728\" srcset=\"https:\/\/havamall.vn\/wp-content\/uploads\/2023\/05\/r-mune-sub-300x300.jpeg 300w, https:\/\/havamall.vn\/wp-content\/uploads\/2023\/05\/r-mune-sub-430x430.jpeg 430w, https:\/\/havamall.vn\/wp-content\/uploads\/2023\/05\/r-mune-sub-150x150.jpeg 150w, https:\/\/havamall.vn\/wp-content\/uploads\/2023\/05\/r-mune-sub-700x700.jpeg 700w, https:\/\/havamall.vn\/wp-content\/uploads\/2023\/05\/r-mune-sub-768x768.jpeg 768w, https:\/\/havamall.vn\/wp-content\/uploads\/2023\/05\/r-mune-sub-1024x1024.jpeg 1024w, https:\/\/havamall.vn\/wp-content\/uploads\/2023\/05\/r-mune-sub.jpeg 1200w, https:\/\/havamall.vn\/wp-content\/uploads\/2023\/05\/r-mune-sub-600x600.jpeg 600w, https:\/\/havamall.vn\/wp-content\/uploads\/2023\/05\/r-mune-sub-100x100.jpeg 100w\" sizes=\"(max-width: 728px) 100vw, 728px\" \/><\/p>\n<h2 class=\"page-section-tittle\"><strong>H\u01af\u1edaNG D\u1eaaN S\u1eec D\u1ee4NG<\/strong><\/h2>\n<p class=\"page-section-tittle\">&gt; L\u1ea5y m\u1ed9t g\u00f3i b\u1ed9t tr\u1ed9n \u1edbi 80ml n\u01b0\u1edbc, khu\u1ea5y \u0111\u1ec1u cho \u0111\u1ebfn khi b\u1ed9t m\u1ecbn.<\/p>\n<p>&gt; Nh\u00fang 600g th\u1ecbt g\u00e0 v\u00e0o h\u1ed7n h\u1ee3p b\u1ed9t \u01b0\u1edbt cho b\u1ed9t \u00e1o \u0111\u1ec1u.<\/p>\n<p class=\"page-section-tittle\">&gt; Chi\u00ean th\u1ef1c ph\u1ea9m \u1edf nhi\u1ec7t \u0111\u1ed9 160-170 \u0111\u1ed9 C.<\/p>\n<p class=\"page-section-tittle\">&gt; \u0110\u1ec3 ngon h\u01a1n c\u00f3 th\u1ec3 ch\u1ea5m v\u1edbi t\u01b0\u01a1ng c\u00e0 ho\u1eb7c t\u01b0\u01a1ng \u1edbt<\/p>\n<h2><img loading=\"lazy\" decoding=\"async\" class=\"wp-image-31524 aligncenter\" src=\"https:\/\/havamall.vn\/wp-content\/uploads\/2023\/05\/\u30ab\u30ec\u30fc\u30b9\u30cf\u309a\u30a4\u30b9\u30b7\u30b9\u3099\u30eb2-300x200.jpeg\" alt=\"\" width=\"731\" height=\"487\" srcset=\"https:\/\/havamall.vn\/wp-content\/uploads\/2023\/05\/\u30ab\u30ec\u30fc\u30b9\u30cf\u309a\u30a4\u30b9\u30b7\u30b9\u3099\u30eb2-300x200.jpeg 300w, https:\/\/havamall.vn\/wp-content\/uploads\/2023\/05\/\u30ab\u30ec\u30fc\u30b9\u30cf\u309a\u30a4\u30b9\u30b7\u30b9\u3099\u30eb2-430x287.jpeg 430w, https:\/\/havamall.vn\/wp-content\/uploads\/2023\/05\/\u30ab\u30ec\u30fc\u30b9\u30cf\u309a\u30a4\u30b9\u30b7\u30b9\u3099\u30eb2-150x100.jpeg 150w, https:\/\/havamall.vn\/wp-content\/uploads\/2023\/05\/\u30ab\u30ec\u30fc\u30b9\u30cf\u309a\u30a4\u30b9\u30b7\u30b9\u3099\u30eb2-700x467.jpeg 700w, https:\/\/havamall.vn\/wp-content\/uploads\/2023\/05\/\u30ab\u30ec\u30fc\u30b9\u30cf\u309a\u30a4\u30b9\u30b7\u30b9\u3099\u30eb2-768x512.jpeg 768w, https:\/\/havamall.vn\/wp-content\/uploads\/2023\/05\/\u30ab\u30ec\u30fc\u30b9\u30cf\u309a\u30a4\u30b9\u30b7\u30b9\u3099\u30eb2-600x400.jpeg 600w, https:\/\/havamall.vn\/wp-content\/uploads\/2023\/05\/\u30ab\u30ec\u30fc\u30b9\u30cf\u309a\u30a4\u30b9\u30b7\u30b9\u3099\u30eb2.jpeg 1000w\" sizes=\"(max-width: 731px) 100vw, 731px\" \/><\/h2>\n<h2 class=\"page-section-tittle\"><strong>L\u01afU \u00dd<\/strong><\/h2>\n<p class=\"page-section-tittle\">&#8211; B\u1ea1n ch\u00fa \u00fd ch\u1ec9 chi\u00ean t\u1eeb 3 \u0111\u1ebfn 4 mi\u1ebfng m\u1ed9t l\u1ea7n, nhi\u1ec7t \u0111\u1ed9 \u1ed5n \u0111\u1ecbnh th\u00ec th\u1ecbt m\u1edbi ch\u00edn \u0111\u1ec1u v\u00e0 ngon h\u01a1n.<\/p>\n<p class=\"page-section-tittle\">&#8211; Trong qu\u00e1 tr\u00ecnh chi\u00ean, b\u1ea1n tr\u1edf g\u00e0 m\u1ed9t l\u1ea7n, sau kho\u1ea3ng 18 ph\u00fat g\u00e0 c\u00f3 m\u00e0u n\u00e2u v\u00e0ng l\u00e0 c\u00f3 th\u1ec3 l\u1ea5y ra \u0111\u01b0\u1ee3c r\u1ed3i.<\/p>\n<p class=\"page-section-tittle\">&#8211; Tr\u01b0\u1edbc khi \u0111\u01b0a m\u1ebb ti\u1ebfp theo v\u00e0o chi\u00ean, ch\u1edd m\u1ed9t ch\u00fat \u0111\u1ec3 d\u1ea7u tr\u1edf l\u1ea1i nhi\u1ec7t \u0111\u1ed9 ban \u0111\u1ea7u.<\/p>","protected":false},"excerpt":{"rendered":"<p>TH\u00d4NG TIN CHUNG Th\u01b0\u01a1ng hi\u1ec7u Daisho Xu\u1ea5t x\u1ee9 Nh\u1eadt B\u1ea3n Th\u00e0nh ph\u1ea7n Tinh b\u1ed9t b\u1eafp, b\u1ed9t m\u00ec, mu\u1ed1i, m\u00e0u paprika,<\/p>","protected":false},"featured_media":31525,"comment_status":"open","ping_status":"closed","template":"","meta":[],"product_brand":[],"product_cat":[36],"product_tag":[],"class_list":{"0":"post-31519","1":"product","2":"type-product","3":"status-publish","4":"has-post-thumbnail","6":"product_cat-thuc-pham-tieu-dung","8":"first","9":"instock","10":"sale","11":"shipping-taxable","12":"purchasable","13":"product-type-simple"},"_links":{"self":[{"href":"https:\/\/havamall.vn\/en\/wp-json\/wp\/v2\/product\/31519"}],"collection":[{"href":"https:\/\/havamall.vn\/en\/wp-json\/wp\/v2\/product"}],"about":[{"href":"https:\/\/havamall.vn\/en\/wp-json\/wp\/v2\/types\/product"}],"replies":[{"embeddable":true,"href":"https:\/\/havamall.vn\/en\/wp-json\/wp\/v2\/comments?post=31519"}],"version-history":[{"count":0,"href":"https:\/\/havamall.vn\/en\/wp-json\/wp\/v2\/product\/31519\/revisions"}],"wp:featuredmedia":[{"embeddable":true,"href":"https:\/\/havamall.vn\/en\/wp-json\/wp\/v2\/media\/31525"}],"wp:attachment":[{"href":"https:\/\/havamall.vn\/en\/wp-json\/wp\/v2\/media?parent=31519"}],"wp:term":[{"taxonomy":"product_brand","embeddable":true,"href":"https:\/\/havamall.vn\/en\/wp-json\/wp\/v2\/product_brand?post=31519"},{"taxonomy":"product_cat","embeddable":true,"href":"https:\/\/havamall.vn\/en\/wp-json\/wp\/v2\/product_cat?post=31519"},{"taxonomy":"product_tag","embeddable":true,"href":"https:\/\/havamall.vn\/en\/wp-json\/wp\/v2\/product_tag?post=31519"}],"curies":[{"name":"wp","href":"https:\/\/api.w.org\/{rel}","templated":true}]}}