{"id":31452,"date":"2023-05-11T11:40:38","date_gmt":"2023-05-11T04:40:38","guid":{"rendered":"https:\/\/havamall.vn\/?post_type=product&#038;p=31452"},"modified":"2025-09-30T09:35:39","modified_gmt":"2025-09-30T02:35:39","slug":"xoai-tuoi-ngam-nuoc-duong-dong-lon-nif-560g-mango-in-light-syrup","status":"publish","type":"product","link":"https:\/\/havamall.vn\/en\/shop\/xoai-tuoi-ngam-nuoc-duong-dong-lon-nif-560g-mango-in-light-syrup\/","title":{"rendered":"Xo\u00e0i T\u01b0\u01a1i Ng\u00e2m N\u01b0\u1edbc \u0110\u01b0\u1eddng \u0110\u00f3ng Lon NIF 560G &#8211; Mango In Light Syrup"},"content":{"rendered":"<h2><\/h2>\n<h2><strong>TH\u00d4NG TIN CHUNG<\/strong><\/h2>\n<table>\n<tbody>\n<tr>\n<td>Th\u01b0\u01a1ng hi\u1ec7u<\/td>\n<td>NIF<\/td>\n<\/tr>\n<tr>\n<td>Xu\u1ea5t x\u1ee9<\/td>\n<td>Vi\u1ec7t Nam<\/td>\n<\/tr>\n<tr>\n<td>Th\u00e0nh ph\u1ea7n<\/td>\n<td>Xo\u00e0i t\u01b0\u01a1i, n\u01b0\u1edbc, \u0111\u01b0\u1eddng<\/td>\n<\/tr>\n<tr>\n<td>H\u1ea1n s\u1eed d\u1ee5ng<\/td>\n<td>24 th\u00e1ng k\u1ec3 t\u1eeb ng\u00e0y s\u1ea3n xu\u1ea5t.<\/td>\n<\/tr>\n<tr>\n<td>B\u1ea3o qu\u1ea3n<\/td>\n<td>B\u1ea3o qu\u1ea3n n\u01a1i kh\u00f4 r\u00e1o, tho\u00e1ng m\u00e1t, tr\u00e1nh \u00e1nh n\u1eafng tr\u1ef1c ti\u1ebfp.<\/td>\n<\/tr>\n<tr>\n<td>\u00a0Kh\u1ed1i l\u01b0\u1ee3ng<\/td>\n<td>560g<\/td>\n<\/tr>\n<\/tbody>\n<\/table>\n<p>Xo\u00e0i \u0111\u00f3ng lon NIF mang \u0111\u1ebfn c\u1ea3m nh\u1eadn t\u1ef1 nhi\u00ean nh\u1ea5t cho ng\u01b0\u1eddi th\u01b0\u1edfng th\u1ee9c v\u00e0 h\u01b0\u01a1ng v\u1ecb th\u01a1m ngon cho \u0111\u1ed3 u\u1ed1ng. S\u1ea3n ph\u1ea9m \u0111\u01b0\u1ee3c \u0111\u00f3ng lon nh\u1ecf r\u1ea5t thu\u1eadn ti\u1ec7n v\u00e0 ph\u00f9 h\u1ee3p cho c\u00e1c qu\u00e1n tr\u00e0 s\u1eefa v\u00e0 qu\u00e1n cafe s\u1eed d\u1ee5ng. H\u1ea1n s\u1eed d\u1ee5ng 2 n\u0103m s\u1ebd gi\u00fap kh\u1eafc ph\u1ee5c h\u1ea1n ch\u1ebf v\u1ec1 m\u00f9a v\u1ee5 c\u1ee7a nguy\u00ean li\u1ec7u t\u01b0\u01a1i.<\/p>\n<p><img fetchpriority=\"high\" decoding=\"async\" class=\"wp-image-31453 aligncenter\" src=\"https:\/\/havamall.com\/wp-content\/uploads\/2025\/09\/How-To-Cut-Watermelon-Sticks-07-300x300.jpg\" alt=\"\" width=\"698\" height=\"698\" \/><\/p>\n<p>Nh\u1eefng tr\u00e1i xo\u00e0i t\u01b0\u01a1i ngon \u0111\u01b0\u1ee3c NIF l\u1ef1a ch\u1ecdn k\u1ef9 c\u00e0ng, \u0111\u1ea3m b\u1ea3o mang \u0111\u1ebfn cho kh\u00e1ch h\u00e0ng nh\u1eefng h\u01b0\u01a1ng v\u1ecb t\u01b0\u01a1i m\u1edbi, th\u01a1m m\u00e1t nguy\u00ean ch\u1ea5t. Xo\u00e0i ch\u1ee9a nhi\u1ec1u vitamin v\u00e0 l\u1ee3i khu\u1ea9n t\u1ed1t, gi\u00fap b\u1ea1n lu\u00f4n t\u01b0\u01a1i tr\u1ebb, tr\u00e0n \u0111\u1ea7y n\u0103ng l\u01b0\u1ee3ng.<\/p>\n<p>S\u1ea3n ph\u1ea9m \u0111\u01b0\u1ee3c s\u1ea3n xu\u1ea5t tr\u00ean d\u00e2y chuy\u1ec1n c\u00f4ng ngh\u1ec7 hi\u1ec7n \u0111\u1ea1i, \u0111\u00f3ng lon nh\u00f4m k\u00edn \u0111\u00e1o v\u00e0 ti\u1ec7n l\u1ee3i. V\u1edbi bao b\u00ec n\u00e0y, b\u1ea1n c\u00f3 th\u1ec3 d\u1ec5 d\u00e0ng \u0111em theo s\u1ea3n ph\u1ea9m \u0111\u1ebfn b\u1ea5t c\u1ee9 \u0111\u00e2u t\u1eeb tr\u01b0\u1eddng l\u1edbp, c\u01a1 quan l\u00e0m vi\u1ec7c \u0111\u1ebfn ph\u00f2ng t\u1eadp th\u1ec3 thao hay trong nh\u1eefng chuy\u1ebfn du l\u1ecbch, d\u00e3 ngo\u1ea1i.<\/p>\n<p><img decoding=\"async\" class=\"wp-image-31454 aligncenter\" src=\"https:\/\/havamall.com\/wp-content\/uploads\/2025\/09\/mango-cocktails-article-1-300x200.jpg\" alt=\"\" width=\"700\" height=\"467\" \/><\/p>\n<h2><strong>H\u01af\u1edaNG D\u1eaaN S\u1eec D\u1ee4NG V\u00c0 B\u1ea2O QU\u1ea2N<\/strong><\/h2>\n<p>&#8211; H\u01b0\u1edbng d\u1eabn s\u1eed d\u1ee5ng: D\u00f9ng tr\u1ef1c ti\u1ebfp kh\u00f4ng c\u1ea7n qua ch\u1ebf bi\u1ebfn ho\u1eb7c d\u00f9ng \u0111\u1ec3 pha ch\u1ebf \u0111\u1ed3 u\u1ed1ng, n\u01b0\u1edbc gi\u1ea3i kh\u00e1t. Ngon h\u01a1n khi d\u00f9ng l\u1ea1nh<\/p>\n<p>&#8211; B\u1ea3o qu\u1ea3n: B\u1ea3o qu\u1ea3n n\u01a1i kh\u00f4 r\u00e1o, tr\u00e1nh \u00e1nh n\u1eafng. Sau khi m\u1edf n\u1eafp c\u1ea7n b\u1ea3o qu\u1ea3n l\u1ea1nh<\/p>\n<h2><img decoding=\"async\" class=\"wp-image-31455 aligncenter\" src=\"https:\/\/havamall.com\/wp-content\/uploads\/2025\/09\/The-Ultimate-Mango-Pudding-1-200x300.jpg\" alt=\"\" width=\"706\" height=\"1059\" \/><\/h2>\n<h2><strong>C\u00d4NG D\u1ee4NG C\u1ee6A XO\u00c0I<\/strong><\/h2>\n<h5><em><strong>R\u1ea5t gi\u00e0u dinh d\u01b0\u1ee1ng<\/strong><\/em><\/h5>\n<p>Trong 1 ly sinh t\u1ed1 xo\u00e0i b\u00e9 s\u1ebd nh\u1eadn \u0111\u01b0\u1ee3c t\u1ef7 l\u1ec7 dinh d\u01b0\u1ee1ng: 103 kalo, 75% vitamin C, 24% vitamin A, 12% vitamin B6 v\u00e0 1 s\u1ed1 vitamin B kh\u00e1c, 10% l\u1ee3i khu\u1ea9n, 8% \u0111\u1ed3ng, 8% kali v\u00e0 5% magie.<\/p>\n<p>Ch\u00fang \u0111\u1ec1u l\u00e0 nh\u1eefng ch\u1ea5t dinh d\u01b0\u1ee1ng quan tr\u1ecdng v\u1edbi c\u01a1 th\u1ec3, gi\u00fap c\u01a1 th\u1ec3 b\u00e9 t\u0103ng s\u1ee9c \u0111\u1ec1 kh\u00e1ng, h\u1ed7 tr\u1ee3 t\u1ed1t cho tim m\u1ea1ch v\u00e0 tr\u00ed n\u00e3o b\u00e9 trong giai \u0111o\u1ea1n ph\u00e1t tri\u1ec3n.<\/p>\n<h5><em><strong>T\u0103ng c\u01b0\u1eddng th\u1ecb l\u1ef1c<\/strong><\/em><\/h5>\n<p>L\u01b0\u1ee3ng vitamin A trong xo\u00e0i l\u00e0 th\u00e0nh ph\u1ea7n t\u1ed1t cho s\u1ee9c kh\u1ecfe \u0111\u00f4i m\u1eaft b\u00e9. B\u00ean c\u1ea1nh \u0111\u00f3, c\u00e1c ch\u1ea5t ch\u1ed1ng oxy h\u00f3a zeaxanthin v\u00e0 lutein trong xo\u00e0i c\u00f2n gi\u00fap b\u1ea3o v\u1ec7 m\u1eaft tr\u1ebb kh\u1ecfi c\u00e1c s\u00f3ng \u00e1nh s\u00e1ng n\u0103ng l\u01b0\u1ee3ng cao nh\u01b0 tia c\u1ef1c t\u00edm c\u1ee7a \u00e1nh s\u00e1ng m\u1eb7t tr\u1eddi, gi\u1eef g\u00ecn s\u1ee9c kh\u1ecfe v\u00e0 n\u00e9t \u0111\u1eb9p cho \u0111\u00f4i m\u1eaft.<\/p>\n<h5><em><strong>H\u1ed7 tr\u1ee3 ti\u00eau h\u00f3a<\/strong><\/em><\/h5>\n<p>Ngo\u00e0i \u0111u \u0111\u1ee7, xo\u00e0i c\u0169ng l\u00e0 tr\u00e1i c\u00e2y ch\u1ee9a enzym \u0111\u1ec3 chuy\u1ec3n h\u00f3a protein trong qu\u00e1 tr\u00ecnh ti\u00eau h\u00f3a.<\/p>\n<p>Ch\u1ea5t x\u01a1 trong xo\u00e0i gi\u00fap h\u1ec7 ti\u00eau h\u00f3a c\u1ee7a b\u00e9 kh\u1ecfe m\u1ea1nh, ng\u0103n ng\u1eeba t\u00e1o b\u00f3n. C\u00e1c enzym c\u00f3 l\u1ee3i c\u00f2n \u0111\u01b0\u1ee3c d\u00f9ng \u0111\u1ec3 ch\u1eefa ki\u1ebft l\u1ecb, nhi\u1ec5m tr\u00f9ng \u0111\u01b0\u1eddng ti\u1ebft ni\u1ec7u.<\/p>\n<h5><img loading=\"lazy\" decoding=\"async\" class=\"wp-image-31456 aligncenter\" src=\"https:\/\/havamall.com\/wp-content\/uploads\/2025\/09\/thai-mango-salad-1-200x300.jpg\" alt=\"\" width=\"695\" height=\"1043\" \/><\/h5>\n<h5><em><strong>T\u0103ng c\u01b0\u1eddng h\u1ec7 mi\u1ec5n d\u1ecbch<\/strong><\/em><\/h5>\n<p>V\u1edbi h\u00e0m l\u01b0\u1ee3ng l\u1edbn vitamin A v\u00e0 C, c\u1ed9ng v\u1edbi 26 lo\u1ea1i carotenoids kh\u00e1c nhau c\u00f3 trong xo\u00e0i, n\u00f3 gi\u00fap duy tr\u00ec s\u1ef1 b\u1ec1n v\u1eefng v\u00e0 kh\u1ecfe m\u1ea1nh c\u1ee7a h\u1ec7 th\u1ed1ng mi\u1ec5n d\u1ecbch, gi\u00fap b\u00e9 h\u1ecdc h\u1ecfi v\u00e0 ph\u00e1t tri\u1ec3n t\u1ed1t h\u01a1n.<\/p>\n<h5><em><strong>C\u1ea3i thi\u1ec7n tr\u00ed nh\u1edb<\/strong><\/em><\/h5>\n<p>Xo\u00e0i ch\u1ee9a vitamin B6, n\u00f3 gi\u00fap k\u00edch th\u00edch n\u00e3o b\u1ed9 v\u00e0 duy tr\u00ec ch\u1ee9c n\u0103ng c\u1ee7a b\u1ed9 nh\u1edb, \u0111\u1ed3ng th\u1eddi th\u00fac \u0111\u1ea9y nh\u1eadn th\u1ee9c, c\u1ea3i thi\u1ec7n tr\u00ed nh\u1edb v\u00e0 s\u1ef1 t\u1eadp trung.<\/p>\n<p>Cho b\u00e9 u\u1ed1ng n\u01b0\u1edbc \u00e9p hay sinh t\u1ed1 xo\u00e0i c\u0169ng th\u1eadt t\u1ed1t cho \u201cs\u1ee9c kh\u1ecfe\u201d tr\u00ed n\u00e3o.<\/p>\n<h5><em><strong>Ch\u1ed1ng l\u1ea1i ung th\u01b0<\/strong><\/em><\/h5>\n<p>Nhi\u1ec1u nghi\u00ean c\u1ee9u \u0111\u00e3 cho th\u1ea5y c\u00e1c h\u1ee3p ch\u1ea5t ch\u1ed1ng oxy h\u00f3a trong tr\u00e1i xo\u00e0i (isoquercitrin, quercetin, fisetin, astragalin, methylgallat, axit gallic c\u0169ng nh\u01b0 c\u00e1c enzim kh\u00e1c) c\u00f3 t\u00e1c d\u1ee5ng b\u1ea3o v\u1ec7 c\u01a1 th\u1ec3 ch\u1ed1ng l\u1ea1i nhi\u1ec1u lo\u1ea1i ung th\u01b0, trong \u0111\u00f3 c\u00f3 ung th\u01b0 ru\u1ed9t k\u1ebft, b\u1ec7nh b\u1ea1ch c\u1ea7u\u2026<\/p>\n<p>Cho t\u1edbi hi\u1ec7n t\u1ea1i th\u00ec ung th\u01b0 l\u00e0 c\u0103n b\u1ec7nh kh\u00f4ng ch\u1eeba 1 ai, v\u00ec v\u1eady th\u00eam 1 l\u00fd do n\u1eefa \u0111\u1ec3 \u0111\u01b0a xo\u00e0i v\u00e0o danh s\u00e1ch dinh d\u01b0\u1ee1ng t\u1ed1t cho c\u00e1c b\u00e9.<\/p>","protected":false},"excerpt":{"rendered":"<p>TH\u00d4NG TIN CHUNG Th\u01b0\u01a1ng hi\u1ec7u NIF Xu\u1ea5t x\u1ee9 Vi\u1ec7t Nam Th\u00e0nh ph\u1ea7n Xo\u00e0i t\u01b0\u01a1i, n\u01b0\u1edbc, \u0111\u01b0\u1eddng H\u1ea1n s\u1eed d\u1ee5ng 24<\/p>","protected":false},"featured_media":31459,"comment_status":"open","ping_status":"closed","template":"","meta":[],"product_brand":[],"product_cat":[36,143],"product_tag":[],"class_list":{"0":"post-31452","1":"product","2":"type-product","3":"status-publish","4":"has-post-thumbnail","6":"product_cat-thuc-pham-tieu-dung","7":"product_cat-thuc-pham-dong-hop","8":"pa_brand-nif","10":"first","11":"outofstock","12":"sale","13":"shipping-taxable","14":"purchasable","15":"product-type-simple"},"_links":{"self":[{"href":"https:\/\/havamall.vn\/en\/wp-json\/wp\/v2\/product\/31452"}],"collection":[{"href":"https:\/\/havamall.vn\/en\/wp-json\/wp\/v2\/product"}],"about":[{"href":"https:\/\/havamall.vn\/en\/wp-json\/wp\/v2\/types\/product"}],"replies":[{"embeddable":true,"href":"https:\/\/havamall.vn\/en\/wp-json\/wp\/v2\/comments?post=31452"}],"version-history":[{"count":0,"href":"https:\/\/havamall.vn\/en\/wp-json\/wp\/v2\/product\/31452\/revisions"}],"wp:featuredmedia":[{"embeddable":true,"href":"https:\/\/havamall.vn\/en\/wp-json\/wp\/v2\/media\/31459"}],"wp:attachment":[{"href":"https:\/\/havamall.vn\/en\/wp-json\/wp\/v2\/media?parent=31452"}],"wp:term":[{"taxonomy":"product_brand","embeddable":true,"href":"https:\/\/havamall.vn\/en\/wp-json\/wp\/v2\/product_brand?post=31452"},{"taxonomy":"product_cat","embeddable":true,"href":"https:\/\/havamall.vn\/en\/wp-json\/wp\/v2\/product_cat?post=31452"},{"taxonomy":"product_tag","embeddable":true,"href":"https:\/\/havamall.vn\/en\/wp-json\/wp\/v2\/product_tag?post=31452"}],"curies":[{"name":"wp","href":"https:\/\/api.w.org\/{rel}","templated":true}]}}