{"id":31446,"date":"2023-05-11T10:48:31","date_gmt":"2023-05-11T03:48:31","guid":{"rendered":"https:\/\/havamall.vn\/?post_type=product&#038;p=31446"},"modified":"2025-09-30T09:42:21","modified_gmt":"2025-09-30T02:42:21","slug":"oi-hong-ngam-nuoc-duong-dong-lon-nif-560g-guava-in-light-syrup","status":"publish","type":"product","link":"https:\/\/havamall.vn\/en\/shop\/oi-hong-ngam-nuoc-duong-dong-lon-nif-560g-guava-in-light-syrup\/","title":{"rendered":"\u1ed4i H\u1ed3ng Ng\u00e2m N\u01b0\u1edbc \u0110\u01b0\u1eddng \u0110\u00f3ng Lon NIF 560g &#8211; Guava In Light Syrup"},"content":{"rendered":"<p>&nbsp;<\/p>\n<h2><strong>TH\u00d4NG TIN CHUNG<\/strong><\/h2>\n<table>\n<tbody>\n<tr>\n<td>Th\u01b0\u01a1ng hi\u1ec7u<\/td>\n<td>NIF<\/td>\n<\/tr>\n<tr>\n<td>Xu\u1ea5t x\u1ee9<\/td>\n<td>Vi\u1ec7t Nam<\/td>\n<\/tr>\n<tr>\n<td>Th\u00e0nh ph\u1ea7n<\/td>\n<td>\u1ed4i t\u01b0\u01a1i, n\u01b0\u1edbc, \u0111\u01b0\u1eddng<\/td>\n<\/tr>\n<tr>\n<td>H\u1ea1n s\u1eed d\u1ee5ng<\/td>\n<td>24 th\u00e1ng k\u1ec3 t\u1eeb ng\u00e0y s\u1ea3n xu\u1ea5t.<\/td>\n<\/tr>\n<tr>\n<td>B\u1ea3o qu\u1ea3n<\/td>\n<td>B\u1ea3o qu\u1ea3n n\u01a1i kh\u00f4 r\u00e1o, tho\u00e1ng m\u00e1t, tr\u00e1nh \u00e1nh n\u1eafng tr\u1ef1c ti\u1ebfp.<\/td>\n<\/tr>\n<tr>\n<td>\u00a0Kh\u1ed1i l\u01b0\u1ee3ng<\/td>\n<td>560g<\/td>\n<\/tr>\n<\/tbody>\n<\/table>\n<p><b>\u1ed4i h\u1ed3ng<\/b>\u00a0l\u00e0 lo\u1ea1i tr\u00e1i c\u00e2y\u00a0 nhi\u1ec7t \u0111\u1edbi, \u0111\u01b0\u1ee3c\u00a0r\u1ea5t nhi\u1ec1u ng\u01b0\u1eddi y\u00eau th\u00edch v\u1edbi h\u01b0\u01a1ng v\u1ecb chua \u0111\u1eb7c tr\u01b0ng.\u00a0<strong>\u1ed4i h\u1ed3ng<\/strong>\u00a0c\u00f3 h\u01b0\u01a1ng th\u01a1m quy\u1ebfn r\u0169, chua nh\u01b0ng v\u1eabn c\u00f3 d\u01b0 v\u1ecb ng\u1ecdt ng\u00e0o.\u00a0 nhi\u1ec1u Vitamin C, c\u00e1c kho\u00e1ng ch\u1ea5t m\u00e0 c\u00f2n \u0111em \u0111\u1ebfn nhi\u1ec1u c\u00f4ng d\u1ee5ng tuy\u1ec7t v\u1eddi. \u0110\u00f3 l\u00e0: c\u1ea3i thi\u1ec7n h\u1ec7 ti\u00eau h\u00f3a, t\u1ed1t cho ng\u01b0\u1eddi ti\u1ec3u \u0111\u01b0\u1eddng, b\u1ea3o v\u1ec7 s\u1ee9c kh\u1ecfe c\u1ee7a m\u1eaft, gi\u00fap ch\u1eafc x\u01b0\u01a1ng,&#8230;<\/p>\n<p><img fetchpriority=\"high\" decoding=\"async\" class=\"wp-image-31447 aligncenter\" src=\"https:\/\/havamall.com\/wp-content\/uploads\/2025\/09\/cong-thuc-nuoc-ep-oi-hong-1-200x300.jpg\" alt=\"\" width=\"709\" height=\"1064\" \/><\/p>\n<p><strong>NIF\u00a0<\/strong>v\u1edbi mong mu\u1ed1n \u0111em \u0111\u1ebfn cho kh\u00e1ch h\u00e0ng nh\u1eefng s\u1ea3n ph\u1ea9m ch\u1ea5t l\u01b0\u1ee3ng nh\u1ea5t. C\u00e1c s\u1ea3n ph\u1ea9m \u0111\u1ec1u \u0111\u1ea1t \u0111\u01b0\u1ee3c ki\u1ec3m \u0111\u1ecbnh v\u00e0 ch\u1ee9ng nh\u1eadn an to\u00e0n th\u1ef1c ph\u1ea9m tr\u01b0\u1edbc khi \u0111\u1ebfn tay ng\u01b0\u1eddi ti\u00eau d\u00f9ng.<\/p>\n<p><b>\u1ed4i h\u1ed3ng \u0111\u00f3ng long Nif \u0111\u01b0\u1ee3c l\u00e0m t\u1eeb<\/b>\u00a0nh\u1eefng tr\u00e1i\u00a0<b>\u1ed4i h\u1ed3ng<\/b>\u00a0t\u01b0\u01a1i ch\u00edn m\u1ecdng. T\u1eebng th\u1edb th\u1ecbt<strong>\u00a0\u1ed4i h\u00f2ng<\/strong>\u00a0h\u00f2a quy\u1ec7n c\u00f9ng v\u1edbi \u0111\u01b0\u1eddng t\u1ef1 nhi\u00ean. V\u1edbi\u00a0<b>\u00a0h\u1ed3ng NIF<\/b>\u00a0b\u1ea1n c\u00f3 th\u1ec3 d\u1ec5 d\u00e0ng pha ch\u1ebf n\u00ean nhi\u1ec1u lo\u1ea1i \u0111\u1ed3 u\u1ed1ng. V\u1ecb ng\u1ecdt t\u1ef1 nhi\u00ean c\u1ee7a m\u1ee9t\u00a0<strong>\u1ed4i h\u1ed3ng<\/strong>\u00a0gi\u00fap cho \u0111\u1ed3 u\u1ed1ng c\u1ee7a b\u1ea1n th\u00eam h\u1ea5p d\u1eabn.<\/p>\n<p><img decoding=\"async\" class=\"wp-image-31448 aligncenter\" src=\"https:\/\/havamall.com\/wp-content\/uploads\/2025\/09\/Cinnamon-Guava-Oatmeal-1200x900-300x225.jpg\" alt=\"\" width=\"716\" height=\"537\" \/><\/p>\n<p>\u1ed4i\u00a0l\u00e0 lo\u1ea1i\u00a0tr\u00e1i c\u00e2y\u00a0ch\u1ee9a nhi\u1ec1u vitamin C nh\u1ea5t, nh\u1edd l\u01b0\u1ee3ng ch\u1ea5t x\u01a1, vitamin d\u1ed3i d\u00e0o v\u00e0 c\u00e1c ch\u1ea5t ch\u1ed1ng oxy h\u00f3a, n\u00ean\u00a0t\u00e1c d\u1ee5ng n\u01b0\u1edbc \u00e9p \u1ed5i\u00a0c\u00f2n l\u00e0 th\u1ea7n d\u01b0\u1ee3c cho l\u00e0n da. U\u1ed1ng\u00a0n\u01b0\u1edbc \u00e9p \u1ed5i\u00a0s\u1ebd gi\u00fap l\u00e0n da \u0111\u01b0\u1ee3c tr\u1ebb h\u00f3a, ch\u1eadm qu\u00e1 tr\u00ecnh l\u00e3o h\u00f3a v\u00e0 h\u1ea1n ch\u1ebf c\u00e1c n\u1ebfp nh\u0103n.\u00a0Do m\u00e0u s\u1eafc c\u1ee7a \u1ed5i ru\u1ed9t \u0111\u1ecf \u0111\u1eb9p \u0111\u1ebd n\u00ean b\u1ea1n c\u00f3 th\u1ec3 d\u00f9ng \u1ed5i \u0111\u1ec3 \u0103n t\u01b0\u01a1i ho\u1eb7c l\u00e0m m\u1ee9t r\u1ea5t h\u1ee3p. Ngo\u00e0i ra th\u00ec c\u0169ng c\u00f3 th\u1ec3 ch\u1ebf bi\u1ebfn th\u00e0nh nh\u1eefng lo\u1ea1i sinh t\u1ed1 b\u1ed5 d\u01b0\u1ee1ng v\u00e0 th\u01a1m ngon.<\/p>\n<p><img decoding=\"async\" class=\"wp-image-31449 aligncenter\" src=\"https:\/\/havamall.com\/wp-content\/uploads\/2025\/09\/cach-lam-tra-oi-0-300x200.jpg\" alt=\"\" width=\"719\" height=\"480\" \/><\/p>\n<h2><strong>NH\u1eeeNG C\u00d4NG D\u1ee4NG TUY\u1ec6T V\u1edcI C\u1ee6A \u1ed4I H\u1ed2NG<\/strong><\/h2>\n<p><em><strong>&gt; K\u00edch th\u00edch h\u1ec7 mi\u1ec5n d\u1ecbch, ph\u00f2ng ng\u1eeba b\u1ec7nh t\u1eadt<\/strong><\/em>:\u00a0\u1ed4i ch\u1ee9a r\u1ea5t nhi\u1ec1u vitamin C, th\u1eadm ch\u00ed l\u01b0\u1ee3ng vitamin C trong \u1ed5i c\u00f2n cao g\u1ea5p 4 l\u1ea7n so v\u1edbi cam. \u0102n \u1ed5i ho\u1eb7c u\u1ed1ng n\u01b0\u1edbc \u00e9p \u1ed5i m\u1ed7i ng\u00e0y s\u1ebd gi\u00fap t\u0103ng c\u01b0\u1eddng h\u1ec7 ti\u00eau h\u00f3a, b\u1ea3o v\u1ec7 c\u01a1 th\u1ec3 kh\u1ecfe m\u1ea1nh, ph\u00f2ng tr\u00e1nh \u0111\u01b0\u1ee3c c\u00e1c b\u1ec7nh c\u1ea3m c\u00fam, l\u00e2y nhi\u1ec5m si\u00eau vi, \u201cd\u1ecdn d\u1eb9p\u201d h\u1ec7 h\u00f4 h\u1ea5p, gi\u1ea3m ho,\u2026<\/p>\n<p><em><strong>&gt; L\u00e0m \u0111\u1eb9p da, ch\u1ed1ng l\u00e3o h\u00f3a da<\/strong><\/em>:\u00a0Vitamin C trong n\u01b0\u1edbc \u00e9p \u1ed5i gi\u00fap k\u00edch th\u00edch s\u1ea3n sinh collagen \u2013 m\u1ed9t th\u00e0nh ph\u1ea7n quan tr\u1ecdng trong c\u1ea5u tr\u00fac da, gi\u00fap da lu\u00f4n tr\u1ebb trung, c\u0103ng m\u1ecbn. Kh\u00f4ng nh\u1eefng v\u1eady, vitamin c\u00f2n gi\u00fap v\u1ebft th\u01b0\u01a1ng tr\u00ean da mau l\u00e0nh, ch\u1ed1ng oxy h\u00f3a, ng\u1eeba m\u1ee5n, v\u00e0 b\u1ea3o v\u1ec7 da kh\u1ecfi c\u00e1c t\u00e1c \u0111\u1ed9ng t\u1eeb b\u00ean ngo\u00e0i.<\/p>\n<p><em><strong>&gt; \u1ed4n \u0111\u1ecbnh huy\u1ebft \u00e1p cao:<\/strong><\/em>\u00a0N\u01b0\u1edbc \u00e9p \u1ed5i r\u1ea5t gi\u00e0u ch\u1ea5t x\u01a1, g\u00f3p ph\u1ea7n c\u1ea3i thi\u1ec7n ch\u1ec9 s\u1ed1 huy\u1ebft \u00e1p cao, gi\u1ea3m cholesterol x\u1ea5u trong m\u00e1u, ph\u00f2ng ng\u1eeba nguy c\u01a1 m\u1eafc b\u1ec7nh tim m\u1ea1ch.<\/p>\n<p><em><strong>&gt; N\u01b0\u1edbc \u00e9p \u1ed5i c\u00f3 t\u00e1c d\u1ee5ng gi\u1ea3m c\u00e2n<\/strong><\/em>:\u00a0\u1ed4i kh\u00f4ng ch\u1ee9a nhi\u1ec1u calo nh\u01b0ng l\u1ea1i c\u00f3 h\u00e0m l\u01b0\u1ee3ng c\u00e1c vitamin v\u00e0 d\u01b0\u1ee1ng ch\u1ea5t d\u1ed3i d\u00e0o. B\u1ed5 sung n\u01b0\u1edbc \u00e9p \u1ed5i trong ch\u1ebf \u0111\u1ed9 dinh d\u01b0\u1ee1ng h\u1eb1ng ng\u00e0y s\u1ebd gi\u00fap b\u1ea1n s\u1edbm l\u1ea5y l\u1ea1i v\u00f3c d\u00e1ng nh\u1ecf g\u1ecdn m\u00e0 v\u1eabn \u0111\u1ea3m b\u1ea3o c\u01a1 th\u1ec3 \u0111\u01b0\u1ee3c cung c\u1ea5p \u0111\u1ea7y \u0111\u1ee7 c\u00e1c d\u01b0\u1ee1ng ch\u1ea5t c\u1ea7n thi\u1ebft.<\/p>\n<h2><img loading=\"lazy\" decoding=\"async\" class=\"wp-image-31450 aligncenter\" src=\"https:\/\/havamall.com\/wp-content\/uploads\/2025\/09\/1616048817_tra-sua-thai-xanh-1-300x168.png\" alt=\"\" width=\"723\" height=\"405\" \/><\/h2>\n<h2><b>H\u01af\u1edaNG D\u1eaaN S\u1eec D\u1ee4NG V\u00c0 B\u1ea2O QU\u1ea2N<\/b><\/h2>\n<ul>\n<li>L\u00e0m nh\u00e2n b\u00e1nh cho c\u00e1c lo\u1ea1i b\u00e1nh quy hay b\u00e1nh kem<\/li>\n<li>D\u00f9ng pha ch\u1ebf nhi\u1ec1u lo\u1ea1i \u0111\u1ed3 u\u1ed1ng gi\u1ea3i kh\u00e1t.<\/li>\n<li><strong>H\u01b0\u1edbng d\u1eabn b\u1ea3o qu\u1ea3n:<\/strong>\u00a0B\u1ea3o qu\u1ea3n n\u01a1i kh\u00f4 r\u00e1o, tr\u00e1nh \u00e1nh n\u1eafng tr\u1ef1c ti\u1ebfp. Gi\u1eef l\u1ea1nh sau khi m\u1edf n\u1eafp<\/li>\n<\/ul>","protected":false},"excerpt":{"rendered":"<p>&nbsp; TH\u00d4NG TIN CHUNG Th\u01b0\u01a1ng hi\u1ec7u NIF Xu\u1ea5t x\u1ee9 Vi\u1ec7t Nam Th\u00e0nh ph\u1ea7n \u1ed4i t\u01b0\u01a1i, n\u01b0\u1edbc, \u0111\u01b0\u1eddng H\u1ea1n s\u1eed d\u1ee5ng<\/p>","protected":false},"featured_media":31451,"comment_status":"open","ping_status":"closed","template":"","meta":[],"product_brand":[],"product_cat":[36,143],"product_tag":[],"class_list":{"0":"post-31446","1":"product","2":"type-product","3":"status-publish","4":"has-post-thumbnail","6":"product_cat-thuc-pham-tieu-dung","7":"product_cat-thuc-pham-dong-hop","8":"pa_brand-nif","10":"first","11":"outofstock","12":"sale","13":"shipping-taxable","14":"purchasable","15":"product-type-simple"},"_links":{"self":[{"href":"https:\/\/havamall.vn\/en\/wp-json\/wp\/v2\/product\/31446"}],"collection":[{"href":"https:\/\/havamall.vn\/en\/wp-json\/wp\/v2\/product"}],"about":[{"href":"https:\/\/havamall.vn\/en\/wp-json\/wp\/v2\/types\/product"}],"replies":[{"embeddable":true,"href":"https:\/\/havamall.vn\/en\/wp-json\/wp\/v2\/comments?post=31446"}],"version-history":[{"count":0,"href":"https:\/\/havamall.vn\/en\/wp-json\/wp\/v2\/product\/31446\/revisions"}],"wp:featuredmedia":[{"embeddable":true,"href":"https:\/\/havamall.vn\/en\/wp-json\/wp\/v2\/media\/31451"}],"wp:attachment":[{"href":"https:\/\/havamall.vn\/en\/wp-json\/wp\/v2\/media?parent=31446"}],"wp:term":[{"taxonomy":"product_brand","embeddable":true,"href":"https:\/\/havamall.vn\/en\/wp-json\/wp\/v2\/product_brand?post=31446"},{"taxonomy":"product_cat","embeddable":true,"href":"https:\/\/havamall.vn\/en\/wp-json\/wp\/v2\/product_cat?post=31446"},{"taxonomy":"product_tag","embeddable":true,"href":"https:\/\/havamall.vn\/en\/wp-json\/wp\/v2\/product_tag?post=31446"}],"curies":[{"name":"wp","href":"https:\/\/api.w.org\/{rel}","templated":true}]}}