{"id":31437,"date":"2023-05-10T17:20:37","date_gmt":"2023-05-10T10:20:37","guid":{"rendered":"https:\/\/havamall.vn\/?post_type=product&#038;p=31437"},"modified":"2025-09-30T10:19:00","modified_gmt":"2025-09-30T03:19:00","slug":"ca-trung-dong-lanh-havafoodies-vi-500g-capelin-frozen","status":"publish","type":"product","link":"https:\/\/havamall.vn\/en\/shop\/ca-trung-dong-lanh-havafoodies-vi-500g-capelin-frozen\/","title":{"rendered":"C\u00e1 Tr\u1ee9ng \u0110\u00f4ng L\u1ea1nh Havafoodies V\u1ec9 500g &#8211; Capelin Frozen"},"content":{"rendered":"<p>&nbsp;<\/p>\n<h2><strong>TH\u00d4NG TIN S\u1ea2N PH\u1ea8M<\/strong><\/h2>\n<table>\n<tbody>\n<tr>\n<td>Th\u01b0\u01a1ng hi\u1ec7u<\/td>\n<td>Havafoodies<\/td>\n<\/tr>\n<tr>\n<td>Xu\u1ea5t x\u1ee9<\/td>\n<td>Vi\u1ec7t Nam<\/td>\n<\/tr>\n<tr>\n<td>Th\u00e0nh ph\u1ea7n<\/td>\n<td>100% c\u00e1 tr\u1ee9ng<\/td>\n<\/tr>\n<tr>\n<td>H\u1ea1n s\u1eed d\u1ee5ng<\/td>\n<td>2 n\u0103m k\u1ec3 t\u1eeb s\u1ea3n xu\u1ea5t<\/td>\n<\/tr>\n<tr>\n<td>B\u1ea3o qu\u1ea3n<\/td>\n<td>B\u1ea3o qu\u1ea3n ng\u0103n \u0111\u00f4ng t\u1ee7 l\u1ea1nh<\/td>\n<\/tr>\n<tr>\n<td>\u00a0Kh\u1ed1i l\u01b0\u1ee3ng<\/td>\n<td>500g<\/td>\n<\/tr>\n<\/tbody>\n<\/table>\n<p>C\u00e1 tr\u1ee9ng c\u00f3 ngu\u1ed3n g\u1ed1c t\u1eeb Na Uy, h\u00ecnh d\u00e1ng g\u1ea7n nh\u01b0 c\u00e1 k\u00e8o. \u0110\u00e2y l\u00e0 lo\u1ea1i c\u00e1 \u0111\u1eb7c bi\u1ec7t v\u00ec b\u1ee5ng c\u00e1 lu\u00f4n ch\u1ee9a \u0111\u1ea7y tr\u1ee9ng d\u00f9 kh\u00f4ng ph\u1ea3i l\u00e0 m\u00f9a sinh s\u1ea3n.<\/p>\n<p>S\u1ea3n ph\u1ea9m\u00a0c\u00e1 tr\u1ee9ng \u0111\u00f4ng l\u1ea1nh Havafoodies 500g\u00a0t\u1eeb ngu\u1ed3n nguy\u00ean li\u1ec7u c\u00e1 tr\u1ee9ng t\u01b0\u01a1i ngon, ch\u1ee9a \u0111\u1ea7y \u1eafp tr\u1ee9ng c\u00f3 h\u01b0\u01a1ng v\u1ecb b\u00f9i b\u00e9o v\u00e0 dinh d\u01b0\u1ee1ng\u00a0ch\u1ea5t l\u01b0\u1ee3ng c\u00f3 th\u1ec3 ch\u1ebf bi\u1ebfn ra nhi\u1ec1u m\u00f3n \u0103n\u00a0th\u01a1m nh\u01b0 chi\u00ean gi\u00f2n, n\u01b0\u1edbng mu\u1ed1i \u1edbt hay s\u1ed1t c\u00e0 chua,&#8230;<\/p>\n<p><img fetchpriority=\"high\" decoding=\"async\" class=\"wp-image-31438 aligncenter\" src=\"https:\/\/havamall.com\/wp-content\/uploads\/2025\/09\/shisamo-21apr-1000x1000-300x300.jpg\" alt=\"\" width=\"655\" height=\"655\" \/><\/p>\n<p>\u0110\u1eb7c bi\u1ec7t gi\u00e0u \u0111\u1ea1m v\u00e0 protein t\u1eeb tr\u1ee9ng. Do x\u01b0\u01a1ng v\u00e0 v\u1ea3y c\u1ee7a lo\u00e0i c\u00e1 n\u00e0y r\u1ea5t m\u1ec1m n\u00ean c\u00f3 th\u1ec3 \u0103n lu\u00f4n c\u1ea3 nguy\u00ean con. Ch\u00ednh v\u00ec v\u1eady lo\u1ea1i c\u00e1 n\u00e0y r\u1ea5t gi\u00e0u canxi \u0111\u1eb7c bi\u1ec7t t\u1ed1t cho b\u00e9. Ngo\u00e0i ra c\u00e1c m\u00f3n \u0103n ch\u1ebf bi\u1ebfn t\u1eeb c\u00e1c lo\u1ea1i c\u00e1 n\u00e0y r\u1ea5t d\u1ec5 v\u00e0 h\u01b0\u01a1ng v\u1ecb ngon t\u1ef1 nhi\u00ean.<\/p>\n<p><img decoding=\"async\" class=\"wp-image-31439 aligncenter\" src=\"https:\/\/havamall.com\/wp-content\/uploads\/2025\/09\/DT-372A-C-1-300x300.jpg\" alt=\"\" width=\"659\" height=\"659\" \/><\/p>\n<p>H\u01a1n n\u1eefa lo\u00e0i c\u00e1 n\u00e0y ch\u1ebf bi\u1ebfn \u0111\u01b0\u1ee3c nhi\u1ec1u m\u00f3n ngon nh\u01b0 c\u00e1 tr\u1ee9ng chi\u00ean gi\u00f2n, c\u00e1 tr\u1ee9ng rim n\u01b0\u1edbc m\u1eafm, c\u00e1 tr\u1ee9ng n\u01b0\u1edbng mu\u1ed1i \u1edbt, c\u00e1 tr\u1ee9ng kho ngh\u1ec7-\u1edb C\u00e1 tr\u1ee9ng l\u00e0 lo\u1ea1i c\u00e1 c\u00f3 ngu\u1ed3n dinh d\u01b0\u1ee1ng d\u1ed3i d\u00e0o v\u00e0 phong ph\u00fa.\u00a0 \u0102n c\u00e1 tr\u1ee9ng th\u01b0\u1eddng xuy\u00ean cung c\u1ea5p dinh d\u01b0\u1ee1ng, vitamin, kho\u00e1ng ch\u1ea5t cho c\u01a1 th\u1ec3.<\/p>\n<p>Khi mua v\u1ec1 c\u00e1c b\u1ea1n kh\u00f4ng c\u1ea7n s\u01a1 ch\u1ebf hay m\u00f3c b\u1ecf ru\u1ed9t, ch\u1ec9 c\u1ea7n r\u00e3 \u0111\u00f4ng r\u1ed3i r\u1eeda qua n\u01b0\u1edbc r\u1ed3i ch\u1ebf bi\u1ebfn. \u0110\u1eb7c \u0111i\u1ec3m c\u1ee7a c\u00e1 tr\u1ee9ng l\u00e0 th\u01a1m ngon, mau ch\u00edn, \u0111\u1eb7c bi\u1ec7t ph\u1ea7n tr\u1ee9ng c\u00e1 khi \u0103n s\u1ebd c\u00f3 nh\u1eefng ti\u1ebfng l\u00e9p b\u00e9p nh\u1ecf trong mi\u1ec7ng r\u1ea5t hay.<\/p>\n<p><img decoding=\"async\" class=\"wp-image-31440 aligncenter\" src=\"https:\/\/havamall.com\/wp-content\/uploads\/2025\/09\/mua-ban-si-ca-trung-nhap-khau-dong-lanh-tui-200g2790-300x225.jpg\" alt=\"\" width=\"670\" height=\"502\" \/><\/p>\n<h2><strong>Gi\u00e1 tr\u1ecb dinh d\u01b0\u1ee1ng c\u1ee7a C\u00e1 tr\u1ee9ng<\/strong><\/h2>\n<p>Theo nghi\u00ean c\u1ee9u trong 28g c\u00e1 tr\u1ee9ng, h\u00e0m l\u01b0\u1ee3ng protein \u0111\u01b0\u1ee3c cung c\u1ea5p l\u00e0 6g, selen, vitamin b12, axit b\u00e9o omega 3, canxi, kali, s\u1eaft\u2026<\/p>\n<h2><strong>L\u1ee3i \u00edch cho s\u1ee9c kh\u1ecfe t\u1eeb C\u00e1 tr\u1ee9ng<\/strong><\/h2>\n<ul>\n<li>C\u1ea3i thi\u1ec7n t\u00ecnh tr\u1ea1ng thi\u1ebfu m\u00e1u<\/li>\n<li>T\u0103ng c\u01b0\u1eddng h\u1ec7 mi\u1ec5n d\u1ecbch<\/li>\n<li>Gi\u1ea3m nguy c\u01a1 m\u1eafc b\u1ec7nh tim<\/li>\n<li>H\u1ed7 tr\u1ee3 x\u01b0\u01a1ng<\/li>\n<\/ul>\n<h2><img loading=\"lazy\" decoding=\"async\" class=\"wp-image-31441 aligncenter\" src=\"https:\/\/havamall.com\/wp-content\/uploads\/2025\/09\/1_maxresdefault-300x169.jpg\" alt=\"\" width=\"693\" height=\"390\" \/><\/h2>\n<h2><strong>C\u00e1ch b\u1ea3o qu\u1ea3n C\u00e1 tr\u1ee9ng<\/strong><\/h2>\n<p>S\u1ea3n ph\u1ea9m n\u00ean s\u1eed d\u1ee5ng ngay \u0111\u1ec3 \u0111\u1ea3m b\u1ea3o \u0111\u01b0\u1ee3c \u0111\u1ed9 t\u01b0\u01a1i ngon, n\u1ebfu kh\u00f4ng s\u1eed d\u1ee5ng k\u1ecbp, b\u1ea1n c\u00f3 th\u1ec3 b\u1ea3o qu\u1ea3n trong ng\u0103n \u0111\u00f4ng t\u1ee7 l\u1ea1nh \u1edf nhi\u1ec7t \u0111\u1ed9 d\u01b0\u1edbi -18 \u0111\u1ed9 C.<\/p>\n<h2><strong>C\u00e1c m\u00f3n \u0103n ngon t\u1eeb C\u00e1 tr\u1ee9ng<\/strong><\/h2>\n<p>M\u1ed9t s\u1ed1 m\u00f3n \u0103n ch\u1ebf bi\u1ebfn t\u1eeb c\u00e1 tr\u1ee9ng nh\u01b0:<\/p>\n<p>&#8211; C\u00e1 Tr\u1ee9ng T\u1ea9m M\u00e8 Chi\u00ean Gi\u00f2n; C\u00e1 tr\u1ee9ng chi\u00ean gi\u00f2n;<\/p>\n<p>&#8211; C\u00e1 Tr\u1ee9ng Chi\u00ean Gi\u00f2n; C\u00e1 Tr\u1ee9ng N\u01b0\u1edbng Sate; C\u00e1 Tr\u1ee9ng N\u01b0\u1edbng; C\u00e1 tr\u1ee9ng chay s\u1ed1t c\u00e0 chua;<\/p>\n<p>&#8211; C\u00e1 tr\u1ee9ng chi\u00ean gi\u00f2n \u2013 rau c\u1ee7 lu\u1ed9c;<\/p>\n<p>&#8211; C\u00e1 Tr\u1ee9ng L\u0103n B\u1ed9t Chi\u00ean Gi\u00f2n\u2026<\/p>","protected":false},"excerpt":{"rendered":"<p>&nbsp; TH\u00d4NG TIN S\u1ea2N PH\u1ea8M Th\u01b0\u01a1ng hi\u1ec7u Havafoodies Xu\u1ea5t x\u1ee9 Vi\u1ec7t Nam Th\u00e0nh ph\u1ea7n 100% c\u00e1 tr\u1ee9ng H\u1ea1n s\u1eed d\u1ee5ng<\/p>","protected":false},"featured_media":31460,"comment_status":"open","ping_status":"closed","template":"","meta":[],"product_brand":[],"product_cat":[275,36],"product_tag":[],"class_list":{"0":"post-31437","1":"product","2":"type-product","3":"status-publish","4":"has-post-thumbnail","6":"product_cat-thuc-pham-dong-lanh","7":"product_cat-thuc-pham-tieu-dung","9":"first","10":"outofstock","11":"sale","12":"shipping-taxable","13":"purchasable","14":"product-type-simple"},"_links":{"self":[{"href":"https:\/\/havamall.vn\/en\/wp-json\/wp\/v2\/product\/31437"}],"collection":[{"href":"https:\/\/havamall.vn\/en\/wp-json\/wp\/v2\/product"}],"about":[{"href":"https:\/\/havamall.vn\/en\/wp-json\/wp\/v2\/types\/product"}],"replies":[{"embeddable":true,"href":"https:\/\/havamall.vn\/en\/wp-json\/wp\/v2\/comments?post=31437"}],"version-history":[{"count":0,"href":"https:\/\/havamall.vn\/en\/wp-json\/wp\/v2\/product\/31437\/revisions"}],"wp:featuredmedia":[{"embeddable":true,"href":"https:\/\/havamall.vn\/en\/wp-json\/wp\/v2\/media\/31460"}],"wp:attachment":[{"href":"https:\/\/havamall.vn\/en\/wp-json\/wp\/v2\/media?parent=31437"}],"wp:term":[{"taxonomy":"product_brand","embeddable":true,"href":"https:\/\/havamall.vn\/en\/wp-json\/wp\/v2\/product_brand?post=31437"},{"taxonomy":"product_cat","embeddable":true,"href":"https:\/\/havamall.vn\/en\/wp-json\/wp\/v2\/product_cat?post=31437"},{"taxonomy":"product_tag","embeddable":true,"href":"https:\/\/havamall.vn\/en\/wp-json\/wp\/v2\/product_tag?post=31437"}],"curies":[{"name":"wp","href":"https:\/\/api.w.org\/{rel}","templated":true}]}}