{"id":31427,"date":"2023-05-10T16:20:26","date_gmt":"2023-05-10T09:20:26","guid":{"rendered":"https:\/\/havamall.vn\/?post_type=product&#038;p=31427"},"modified":"2023-05-11T09:08:10","modified_gmt":"2023-05-11T02:08:10","slug":"tom-the-hap-dong-lanh-havafoodies-tui-250g-white-shrimp-cook-frozen","status":"publish","type":"product","link":"https:\/\/havamall.vn\/en\/shop\/tom-the-hap-dong-lanh-havafoodies-tui-250g-white-shrimp-cook-frozen\/","title":{"rendered":"T\u00f4m Th\u1ebb H\u1ea5p \u0110\u00f4ng L\u1ea1nh Havafoodies T\u00fai 250g &#8211; White Shrimp Cook Frozen"},"content":{"rendered":"<p>&nbsp;<\/p>\n<h2><strong>TH\u00d4NG TIN S\u1ea2N PH\u1ea8M<\/strong><\/h2>\n<table>\n<tbody>\n<tr>\n<td>Th\u01b0\u01a1ng hi\u1ec7u<\/td>\n<td>Havafoodies<\/td>\n<\/tr>\n<tr>\n<td>Xu\u1ea5t x\u1ee9<\/td>\n<td>Vi\u1ec7t Nam<\/td>\n<\/tr>\n<tr>\n<td>Th\u00e0nh ph\u1ea7n<\/td>\n<td>T\u00f4m (99%), mu\u1ed1i, ch\u1ea5t l\u00e0m \u1ea9m<\/td>\n<\/tr>\n<tr>\n<td>H\u1ea1n s\u1eed d\u1ee5ng<\/td>\n<td>2 n\u0103m k\u1ec3 t\u1eeb s\u1ea3n xu\u1ea5t<\/td>\n<\/tr>\n<tr>\n<td>B\u1ea3o qu\u1ea3n<\/td>\n<td>B\u1ea3o qu\u1ea3n ng\u0103n \u0111\u00f4ng t\u1ee7 l\u1ea1nh<\/td>\n<\/tr>\n<tr>\n<td>\u00a0Kh\u1ed1i l\u01b0\u1ee3ng<\/td>\n<td>250g<\/td>\n<\/tr>\n<\/tbody>\n<\/table>\n<p><strong>T\u00f4m th\u1ebb<\/strong><em>\u00a0(hay c\u00f2n g\u1ecdi l\u00e0 t\u00f4m th\u1ebb ch\u00e2n tr\u1eafng, ti\u1ebfng Anh: litopenaeus vannamei, penaeus vannamei)<\/em>\u00a0l\u00e0 lo\u00e0i t\u00f4m th\u1ebb ch\u00e2n tr\u1eafng \u0111\u01b0\u1ee3c nu\u00f4i ph\u1ed5 bi\u1ebfn nh\u1ea5t \u1edf Vi\u1ec7t Nam, l\u00e0 m\u1ed9t trong n\u0103m qu\u1ed1c gia s\u1ea3n xu\u1ea5t t\u00f4m th\u1ebb ch\u00e2n tr\u1eafng h\u00e0ng \u0111\u1ea7u sau Trung Qu\u1ed1c, Th\u00e1i Lan, Ecuador v\u00e0 Indonesia. Ba t\u1ec9nh \u0111\u00f3ng g\u00f3p nhi\u1ec1u nh\u1ea5t v\u00e0o\u00a0<strong>s\u1ea3n l\u01b0\u1ee3ng t\u00f4m th\u1ebb c\u1ee7a Vi\u1ec7t Nam<\/strong>\u00a0l\u00e0 C\u00e0 Mau, B\u1ea1c Li\u00eau v\u00e0 C\u1ea7n Th\u01a1 (\u1edf mi\u1ec1n Nam Vi\u1ec7t Nam). Hi\u1ec7n nay, t\u00f4m \u1edf Vi\u1ec7t Nam \u0111ang \u0111\u01b0\u1ee3c nu\u00f4i b\u1eb1ng th\u1ee9c \u0103n \u0111\u1ea1t ti\u00eau chu\u1ea9n qu\u1ed1c t\u1ebf. T\u00f4m th\u1ebb ch\u00e2n tr\u1eafng c\u00f3 h\u01b0\u01a1ng v\u1ecb ng\u1ecdt nh\u1eb9 t\u1ef1 nhi\u00ean v\u00e0 k\u1ebft c\u1ea5u th\u1ecbt dai ch\u1eafc.<\/p>\n<p><img fetchpriority=\"high\" decoding=\"async\" class=\"wp-image-31428 aligncenter\" src=\"https:\/\/havamall.vn\/wp-content\/uploads\/2023\/05\/tom-non-phfood-3-300x200.jpeg\" alt=\"\" width=\"662\" height=\"441\" srcset=\"https:\/\/havamall.vn\/wp-content\/uploads\/2023\/05\/tom-non-phfood-3-300x200.jpeg 300w, https:\/\/havamall.vn\/wp-content\/uploads\/2023\/05\/tom-non-phfood-3-430x287.jpeg 430w, https:\/\/havamall.vn\/wp-content\/uploads\/2023\/05\/tom-non-phfood-3-150x100.jpeg 150w, https:\/\/havamall.vn\/wp-content\/uploads\/2023\/05\/tom-non-phfood-3-700x467.jpeg 700w, https:\/\/havamall.vn\/wp-content\/uploads\/2023\/05\/tom-non-phfood-3-768x513.jpeg 768w, https:\/\/havamall.vn\/wp-content\/uploads\/2023\/05\/tom-non-phfood-3-1024x684.jpeg 1024w, https:\/\/havamall.vn\/wp-content\/uploads\/2023\/05\/tom-non-phfood-3-600x401.jpeg 600w, https:\/\/havamall.vn\/wp-content\/uploads\/2023\/05\/tom-non-phfood-3.jpeg 1050w\" sizes=\"(max-width: 662px) 100vw, 662px\" \/><\/p>\n<p>T\u00f4m s\u00fa V-Safefood \u0111\u01b0\u1ee3c l\u00e0m t\u1eeb t\u00f4m s\u00fa t\u01b0\u01a1i ngon t\u1ef1 nhi\u00ean, ch\u1ecdn l\u1ecdc v\u00e0 ch\u1ebf bi\u1ebfn k\u1ef9 l\u01b0\u1ee1ng mang \u0111\u1ebfn cho s\u1ea3n ph\u1ea9m ch\u1ea5t l\u01b0\u1ee3ng t\u1ed1t nh\u1ea5t. Ngo\u00e0i ra, t\u00f4m kh\u00f4ng s\u1eed d\u1ee5ng c\u00e1c ch\u1ea5t b\u1ea3o qu\u1ea3n \u0111\u1ed9c h\u1ea1i, \u0111\u1ea3m b\u1ea3o kh\u00f4ng l\u00e0m \u1ea3nh h\u01b0\u1edfng \u0111\u1ebfn s\u1ee9c kh\u1ecfe ng\u01b0\u1eddi ti\u00eau d\u00f9ng. T\u00f4m s\u00fa h\u1ea5p An V\u0129nh \u0111\u01b0\u1ee3c ch\u1ebf bi\u1ebfn d\u01b0\u1edbi d\u1ea1ng \u0111\u00f4ng l\u1ea1nh, mang \u0111\u1ebfn s\u1ef1 ti\u1ec7n l\u1ee3i cho b\u1ea1n trong vi\u1ec7c b\u1ea3o qu\u1ea3n v\u00e0 s\u1eed d\u1ee5ng. Ch\u1ec9 v\u1edbi v\u00e0i b\u01b0\u1edbc r\u00e3 \u0111\u00f4ng \u0111\u01a1n gi\u1ea3n, mang \u0111i ch\u1ebf bi\u1ebfn l\u00e0 b\u1ea1n \u0111\u00e3 c\u00f3 ngay m\u1ed9t m\u00f3n \u0103n th\u01a1m ngon v\u00e0 v\u00f4 c\u00f9ng h\u1ea5p d\u1eabn.<\/p>\n<p><img decoding=\"async\" class=\"wp-image-31429 aligncenter\" src=\"https:\/\/havamall.vn\/wp-content\/uploads\/2023\/05\/chili-garlic-shrimp-17-269x300.jpeg\" alt=\"\" width=\"659\" height=\"735\" srcset=\"https:\/\/havamall.vn\/wp-content\/uploads\/2023\/05\/chili-garlic-shrimp-17-269x300.jpeg 269w, https:\/\/havamall.vn\/wp-content\/uploads\/2023\/05\/chili-garlic-shrimp-17-430x480.jpeg 430w, https:\/\/havamall.vn\/wp-content\/uploads\/2023\/05\/chili-garlic-shrimp-17-150x167.jpeg 150w, https:\/\/havamall.vn\/wp-content\/uploads\/2023\/05\/chili-garlic-shrimp-17-700x781.jpeg 700w, https:\/\/havamall.vn\/wp-content\/uploads\/2023\/05\/chili-garlic-shrimp-17-768x857.jpeg 768w, https:\/\/havamall.vn\/wp-content\/uploads\/2023\/05\/chili-garlic-shrimp-17-918x1024.jpeg 918w, https:\/\/havamall.vn\/wp-content\/uploads\/2023\/05\/chili-garlic-shrimp-17-1200x1338.jpeg 1200w, https:\/\/havamall.vn\/wp-content\/uploads\/2023\/05\/chili-garlic-shrimp-17-600x669.jpeg 600w, https:\/\/havamall.vn\/wp-content\/uploads\/2023\/05\/chili-garlic-shrimp-17.jpeg 1300w\" sizes=\"(max-width: 659px) 100vw, 659px\" \/><\/p>\n<p>T\u00f4m th\u1ebb h\u1ea5p V-Safefood \u0111\u01b0\u1ee3c \u0111\u00f3ng g\u00f3i k\u00edn \u0111\u00e1o v\u00e0 ti\u1ec7t tr\u00f9ng gi\u00fap b\u1ea3o qu\u1ea3n ch\u1ea5t l\u01b0\u1ee3ng t\u00f4m m\u1ed9t c\u00e1ch t\u1ed1t nh\u1ea5t. H\u01a1n n\u1eefa, s\u1ea3n ph\u1ea9m \u0111\u01b0\u1ee3c s\u1ea3n xu\u1ea5t d\u01b0\u1edbi quy tr\u00ecnh c\u00f4ng ngh\u1ec7 hi\u1ec7n \u0111\u1ea1i, \u0111\u1ea1t ti\u00eau chu\u1ea9n v\u1ec7 sinh an to\u00e0n th\u1ef1c ph\u1ea9m mang \u0111\u1ebfn s\u1ef1 an t\u00e2m cho ng\u01b0\u1eddi ti\u00eau d\u00f9ng.<\/p>\n<p>T\u00f4m th\u1ebb h\u1ea5p V-Safefood \u0111\u01b0\u1ee3c l\u1ed9t s\u1ea1ch ph\u1ea7n v\u1ecf v\u00e0 \u0111u\u00f4i khi ch\u1ebf bi\u1ebfn th\u00ec b\u1ea1n s\u1ebd ti\u1ebft ki\u1ec7m \u0111\u01b0\u1ee3c th\u1eddi gian b\u00f3c v\u1ecf. S\u1ea3n ph\u1ea9m r\u1ea5t ti\u1ec7n l\u1ee3i v\u00e0 c\u00f2n ch\u1ee9a nhi\u1ec1u ch\u1ea5t dinh d\u01b0\u1ee1ng thi\u1ebft y\u1ebfu cho con ng\u01b0\u1eddi. Ngo\u00e0i ra, t\u00f4m c\u00f2n ch\u1ee9a ch\u1ea5t ng\u1eeba ung th\u01b0 v\u00e0 c\u00f3 ngu\u1ed3n canxi d\u1ed3i d\u00e0o gi\u00fap ch\u1eafc kh\u1ecfe x\u01b0\u01a1ng.<\/p>\n<p><img decoding=\"async\" class=\"wp-image-31430 aligncenter\" src=\"https:\/\/havamall.vn\/wp-content\/uploads\/2023\/05\/jumbo_prawns_with_15297_16x9-300x169.jpeg\" alt=\"\" width=\"673\" height=\"379\" srcset=\"https:\/\/havamall.vn\/wp-content\/uploads\/2023\/05\/jumbo_prawns_with_15297_16x9-300x169.jpeg 300w, https:\/\/havamall.vn\/wp-content\/uploads\/2023\/05\/jumbo_prawns_with_15297_16x9-430x242.jpeg 430w, https:\/\/havamall.vn\/wp-content\/uploads\/2023\/05\/jumbo_prawns_with_15297_16x9-150x84.jpeg 150w, https:\/\/havamall.vn\/wp-content\/uploads\/2023\/05\/jumbo_prawns_with_15297_16x9-700x394.jpeg 700w, https:\/\/havamall.vn\/wp-content\/uploads\/2023\/05\/jumbo_prawns_with_15297_16x9-768x432.jpeg 768w, https:\/\/havamall.vn\/wp-content\/uploads\/2023\/05\/jumbo_prawns_with_15297_16x9-1024x576.jpeg 1024w, https:\/\/havamall.vn\/wp-content\/uploads\/2023\/05\/jumbo_prawns_with_15297_16x9-1200x675.jpeg 1200w, https:\/\/havamall.vn\/wp-content\/uploads\/2023\/05\/jumbo_prawns_with_15297_16x9-600x337.jpeg 600w\" sizes=\"(max-width: 673px) 100vw, 673px\" \/><\/p>\n<h2><strong>GI\u00c1 TR\u1eca DINH D\u01af\u1ee0NG C\u1ee6A T\u00d4M TH\u1eba<\/strong><\/h2>\n<p>&#8211; T\u00f4m th\u1ebb ch\u1ee9a \u00edt calo nh\u01b0ng l\u1ea1i c\u00f3 ch\u1ee9a r\u1ea5t nhi\u1ec1u d\u01b0\u1ee1ng c\u00f3 l\u1ee3i cho s\u1ee9c kh\u1ecfe. T\u00f4m th\u1ebb l\u00e0 ngu\u1ed3n cung c\u1ea5p protein d\u1ed3i d\u00e0o. \u0110\u00e2y ch\u00ednh l\u00e0 m\u1ed9t ngu\u1ed3n th\u1ef1c ph\u1ea9m cung c\u1ea5p ch\u1ea5t \u0111\u1ea1m r\u1ea5t quan tr\u1ecdng trong kh\u1ea9u ph\u1ea7n \u0103n h\u1eb1ng ng\u00e0y.<\/p>\n<p>&#8211; T\u00f4m th\u1ebb ch\u1ee9a nhi\u1ec1u vitamin B12 h\u1ed7 tr\u1ee3 qu\u00e1 tr\u00ecnh chuy\u1ec3n h\u00f3a n\u0103ng l\u01b0\u1ee3ng cho c\u01a1 th\u1ec3. Cung c\u1ea5p l\u01b0\u1ee3ng s\u1eaft an to\u00e0n cho c\u01a1 th\u1ec3. Th\u01b0\u1eddng xuy\u00ean \u0103n t\u00f4m th\u1ebb s\u1ebd gi\u00fap ng\u0103n ch\u1eb7n s\u1ef1 ph\u00e1t tri\u1ec3n c\u1ee7a c\u00e1c t\u1ebf b\u00e0o ung th\u01b0 m\u1ed9t c\u00e1ch hi\u1ec7u qu\u1ea3.<\/p>\n<p>&#8211; T\u00f4m th\u1ebb cung c\u1ea5p canxi cho c\u01a1 th\u1ec3, gi\u00fap c\u1ea5u t\u1ea1o n\u00ean m\u00f4 x\u01b0\u01a1ng, gi\u00fap h\u1ec7 x\u01b0\u01a1ng ch\u1eafc kh\u1ecfe. T\u00f4m th\u1ebb c\u00f2n ch\u1ee9a omega \u2013 3, gi\u00fap ch\u1ed1ng l\u1ea1i c\u1ea3m gi\u00e1c m\u1ec7t m\u1ecfi, tr\u1ea7m c\u1ea3m, \u0111\u1ea9y l\u00f9i qu\u00e1 tr\u00ecnh l\u00e3o h\u00f3a.<\/p>\n<p><img loading=\"lazy\" decoding=\"async\" class=\"wp-image-31431 aligncenter\" src=\"https:\/\/havamall.vn\/wp-content\/uploads\/2023\/05\/tom-the-dong-lanh-size-71-90-tai-nguyen-ha-food-5-300x300.jpeg\" alt=\"\" width=\"671\" height=\"671\" srcset=\"https:\/\/havamall.vn\/wp-content\/uploads\/2023\/05\/tom-the-dong-lanh-size-71-90-tai-nguyen-ha-food-5-300x300.jpeg 300w, https:\/\/havamall.vn\/wp-content\/uploads\/2023\/05\/tom-the-dong-lanh-size-71-90-tai-nguyen-ha-food-5-430x430.jpeg 430w, https:\/\/havamall.vn\/wp-content\/uploads\/2023\/05\/tom-the-dong-lanh-size-71-90-tai-nguyen-ha-food-5-150x150.jpeg 150w, https:\/\/havamall.vn\/wp-content\/uploads\/2023\/05\/tom-the-dong-lanh-size-71-90-tai-nguyen-ha-food-5-700x700.jpeg 700w, https:\/\/havamall.vn\/wp-content\/uploads\/2023\/05\/tom-the-dong-lanh-size-71-90-tai-nguyen-ha-food-5-768x768.jpeg 768w, https:\/\/havamall.vn\/wp-content\/uploads\/2023\/05\/tom-the-dong-lanh-size-71-90-tai-nguyen-ha-food-5-600x600.jpeg 600w, https:\/\/havamall.vn\/wp-content\/uploads\/2023\/05\/tom-the-dong-lanh-size-71-90-tai-nguyen-ha-food-5-100x100.jpeg 100w, https:\/\/havamall.vn\/wp-content\/uploads\/2023\/05\/tom-the-dong-lanh-size-71-90-tai-nguyen-ha-food-5.jpeg 1000w\" sizes=\"(max-width: 671px) 100vw, 671px\" \/><\/p>\n<h2><strong>H\u01af\u1edaNG D\u1eaaN S\u1eec D\u1ee4NG:<\/strong><\/h2>\n<p>&#8211; Ng\u00e2m trong n\u01b0\u1edbc \u1ea5m 5 ph\u00fat.<\/p>\n<p>&#8211; R\u00e3 \u0111\u00f4ng t\u1ef1 nhi\u00ean v\u1edbi nhi\u1ec7t \u0111\u1ed9 ph\u00f2ng.<\/p>\n<p>&#8211; S\u1eed d\u1ee5ng l\u00f2 vi s\u00f3ng.<\/p>","protected":false},"excerpt":{"rendered":"<p>&nbsp; TH\u00d4NG TIN S\u1ea2N PH\u1ea8M Th\u01b0\u01a1ng hi\u1ec7u Havafoodies Xu\u1ea5t x\u1ee9 Vi\u1ec7t Nam Th\u00e0nh ph\u1ea7n T\u00f4m (99%), mu\u1ed1i, ch\u1ea5t l\u00e0m \u1ea9m<\/p>","protected":false},"featured_media":31433,"comment_status":"open","ping_status":"closed","template":"","meta":[],"product_brand":[],"product_cat":[275,36],"product_tag":[],"class_list":{"0":"post-31427","1":"product","2":"type-product","3":"status-publish","4":"has-post-thumbnail","6":"product_cat-thuc-pham-dong-lanh","7":"product_cat-thuc-pham-tieu-dung","9":"first","10":"instock","11":"sale","12":"shipping-taxable","13":"purchasable","14":"product-type-variable"},"_links":{"self":[{"href":"https:\/\/havamall.vn\/en\/wp-json\/wp\/v2\/product\/31427"}],"collection":[{"href":"https:\/\/havamall.vn\/en\/wp-json\/wp\/v2\/product"}],"about":[{"href":"https:\/\/havamall.vn\/en\/wp-json\/wp\/v2\/types\/product"}],"replies":[{"embeddable":true,"href":"https:\/\/havamall.vn\/en\/wp-json\/wp\/v2\/comments?post=31427"}],"version-history":[{"count":0,"href":"https:\/\/havamall.vn\/en\/wp-json\/wp\/v2\/product\/31427\/revisions"}],"wp:featuredmedia":[{"embeddable":true,"href":"https:\/\/havamall.vn\/en\/wp-json\/wp\/v2\/media\/31433"}],"wp:attachment":[{"href":"https:\/\/havamall.vn\/en\/wp-json\/wp\/v2\/media?parent=31427"}],"wp:term":[{"taxonomy":"product_brand","embeddable":true,"href":"https:\/\/havamall.vn\/en\/wp-json\/wp\/v2\/product_brand?post=31427"},{"taxonomy":"product_cat","embeddable":true,"href":"https:\/\/havamall.vn\/en\/wp-json\/wp\/v2\/product_cat?post=31427"},{"taxonomy":"product_tag","embeddable":true,"href":"https:\/\/havamall.vn\/en\/wp-json\/wp\/v2\/product_tag?post=31427"}],"curies":[{"name":"wp","href":"https:\/\/api.w.org\/{rel}","templated":true}]}}