{"id":31381,"date":"2023-05-10T11:14:44","date_gmt":"2023-05-10T04:14:44","guid":{"rendered":"https:\/\/havamall.vn\/?post_type=product&#038;p=31381"},"modified":"2023-05-10T16:57:22","modified_gmt":"2023-05-10T09:57:22","slug":"kem-xoai-melona-cay-80ml-melona-mango-ice-cream","status":"publish","type":"product","link":"https:\/\/havamall.vn\/en\/shop\/kem-xoai-melona-cay-80ml-melona-mango-ice-cream\/","title":{"rendered":"Kem Xo\u00e0i Melona C\u00e2y 80ml \u2013 Melona Mango Ice Cream"},"content":{"rendered":"<div class=\"site-content col-sm-12 content-with-products\" role=\"main\">\n<div id=\"product-27400\" class=\"single-product-page single-product-content product-design-default tabs-location-standard tabs-type-tabs meta-location-add_to_cart reviews-location-tabs product-no-bg post-27400 product type-product status-publish has-post-thumbnail product_cat-thuc-pham-dong-lanh product_cat-khuyen-mai product_cat-thuc-pham-tieu-dung first instock sale shipping-taxable purchasable product-type-simple\">\n<div class=\"product-tabs-wrapper\">\n<div class=\"container\">\n<div class=\"row\">\n<div class=\"col-sm-12 poduct-tabs-inner\">\n<div class=\"woocommerce-tabs wc-tabs-wrapper tabs-layout-tabs\">\n<div class=\"woodmart-tab-wrapper\">\n<div id=\"tab-description\" class=\"woocommerce-Tabs-panel woocommerce-Tabs-panel--description panel entry-content wc-tab\">\n<div class=\"wc-tab-inner\">\n<div class=\"\">\n<div class=\"site-content col-sm-12 content-with-products\" role=\"main\">\n<div id=\"product-27400\" class=\"single-product-page single-product-content product-design-default tabs-location-standard tabs-type-tabs meta-location-add_to_cart reviews-location-tabs product-no-bg post-27400 product type-product status-publish has-post-thumbnail product_cat-thuc-pham-dong-lanh product_cat-khuyen-mai product_cat-thuc-pham-tieu-dung first instock sale shipping-taxable purchasable product-type-simple\">\n<div class=\"product-tabs-wrapper\">\n<div class=\"container\">\n<div class=\"row\">\n<div class=\"col-sm-12 poduct-tabs-inner\">\n<div class=\"woocommerce-tabs wc-tabs-wrapper tabs-layout-tabs\">\n<div class=\"woodmart-tab-wrapper\">\n<div id=\"tab-description\" class=\"woocommerce-Tabs-panel woocommerce-Tabs-panel--description panel entry-content wc-tab\">\n<div class=\"wc-tab-inner\">\n<div class=\"\">\n<h2><strong>TH\u00d4NG TIN S\u1ea2N PH\u1ea8M<\/strong><\/h2>\n<table>\n<tbody>\n<tr>\n<td>Th\u01b0\u01a1ng hi\u1ec7u<\/td>\n<td>Binggrae<\/td>\n<\/tr>\n<tr>\n<td>Xu\u1ea5t x\u1ee9<\/td>\n<td>H\u00e0n Qu\u1ed1c<\/td>\n<\/tr>\n<tr>\n<td>Th\u00e0nh ph\u1ea7n<\/td>\n<td>\u0110\u01b0\u1eddng, siro b\u1eafp, ch\u1ea5t b\u00e9o s\u1eefa, siro xo\u00e0i, d\u1ea7u d\u1eeba,&#8230;<\/td>\n<\/tr>\n<tr>\n<td>H\u1ea1n s\u1eed d\u1ee5ng<\/td>\n<td>Xem tr\u1ef1c ti\u1ebfp tr\u00ean bao b\u00ec<\/td>\n<\/tr>\n<tr>\n<td>B\u1ea3o qu\u1ea3n<\/td>\n<td>\u00a0B\u1ea3o qu\u1ea3n ng\u0103n \u0111\u00f4ng t\u1ee7 l\u1ea1nh<\/td>\n<\/tr>\n<tr>\n<td>Th\u1ec3 t\u00edch<\/td>\n<td>80ml<\/td>\n<\/tr>\n<\/tbody>\n<\/table>\n<p>Binggrae\u00a0l\u00e0 m\u1ed9t trong nh\u1eefng nh\u00e3n hi\u1ec7u kem \u0111\u01b0\u1ee3c \u01b0a chu\u1ed9ng v\u00e0 y\u00eau th\u00edch t\u1ea1i H\u00e0n Qu\u1ed1c b\u1edfi ch\u1ea5t l\u01b0\u1ee3ng tuy\u1ec7t v\u1eddi c\u1ee7a s\u1ea3n ph\u1ea9m. Kem \u0111\u01b0\u1ee3c nh\u1eadp kh\u1ea9u tr\u1ef1c ti\u1ebfp t\u1ea1i H\u00e0n Qu\u1ed1c, gi\u1eef nguy\u00ean h\u01b0\u01a1ng v\u1ecb \u0111\u1eb7c tr\u01b0ng mang \u0111\u1ebfn cho b\u1ea1n nh\u1eefng tr\u1ea3i nghi\u1ec7m tuy\u1ec7t v\u1eddi.\u00a0Melona l\u00e0 m\u1ed9t lo\u1ea1i kem c\u00e2y \u0111\u00e3 \u0111\u01b0\u1ee3c c\u00f4ng ty Binggrae s\u1ea3n xu\u1ea5t l\u1ea7n \u0111\u1ea7u v\u00e0o n\u0103m 1992 v\u00e0 hi\u1ec7n c\u00f3 m\u1eb7t t\u1ea1i h\u01a1n 30 qu\u1ed1c gia tr\u00ean to\u00e0n c\u1ea7u.<\/p>\n<p><img fetchpriority=\"high\" decoding=\"async\" class=\"wp-image-31382 aligncenter\" src=\"https:\/\/havamall.vn\/wp-content\/uploads\/2023\/05\/249988457_269158781796398_5245831858962367383_n-300x300.jpeg\" alt=\"\" width=\"712\" height=\"712\" srcset=\"https:\/\/havamall.vn\/wp-content\/uploads\/2023\/05\/249988457_269158781796398_5245831858962367383_n-300x300.jpeg 300w, https:\/\/havamall.vn\/wp-content\/uploads\/2023\/05\/249988457_269158781796398_5245831858962367383_n-430x430.jpeg 430w, https:\/\/havamall.vn\/wp-content\/uploads\/2023\/05\/249988457_269158781796398_5245831858962367383_n-150x150.jpeg 150w, https:\/\/havamall.vn\/wp-content\/uploads\/2023\/05\/249988457_269158781796398_5245831858962367383_n-700x700.jpeg 700w, https:\/\/havamall.vn\/wp-content\/uploads\/2023\/05\/249988457_269158781796398_5245831858962367383_n-768x768.jpeg 768w, https:\/\/havamall.vn\/wp-content\/uploads\/2023\/05\/249988457_269158781796398_5245831858962367383_n-1024x1024.jpeg 1024w, https:\/\/havamall.vn\/wp-content\/uploads\/2023\/05\/249988457_269158781796398_5245831858962367383_n-1200x1200.jpeg 1200w, https:\/\/havamall.vn\/wp-content\/uploads\/2023\/05\/249988457_269158781796398_5245831858962367383_n-600x600.jpeg 600w, https:\/\/havamall.vn\/wp-content\/uploads\/2023\/05\/249988457_269158781796398_5245831858962367383_n-100x100.jpeg 100w, https:\/\/havamall.vn\/wp-content\/uploads\/2023\/05\/249988457_269158781796398_5245831858962367383_n.jpeg 2000w\" sizes=\"(max-width: 712px) 100vw, 712px\" \/><\/p>\n<div id=\"comp-jf46n6un\" class=\"_1Q9if\">\n<p class=\"font_8\">Thanh kem h\u01b0\u01a1ng tr\u00e1i c\u00e2y c\u1ee7a Binggrae, Melona, \u200b\u200bra m\u1eaft l\u1ea7n \u0111\u1ea7u ti\u00ean t\u1ea1i H\u00e0n Qu\u1ed1c v\u00e0o n\u0103m 1992.\u00a0V\u1edbi k\u1ebft c\u1ea5u \u0111\u1ed9c \u0111\u00e1o c\u1ee7a Melona v\u00e0 h\u01b0\u01a1ng v\u1ecb tr\u00e1i c\u00e2y t\u01b0\u01a1i m\u1edbi mang \u0111\u1ebfn m\u1ed9t \u0111i\u1ec1u g\u00ec \u0111\u00f3 m\u1edbi m\u1ebb cho b\u00e0n \u0103n,\u00a0\u0111\u00e3 l\u1eadp k\u1ef7 l\u1ee5c v\u1ec1 s\u1ea3n ph\u1ea9m b\u00e1n ch\u1ea1y nh\u1ea5t tr\u00ean th\u1ecb tr\u01b0\u1eddng kem trong n\u01b0\u1edbc khi b\u00e1n \u0111\u01b0\u1ee3c h\u01a1n 280 tri\u1ec7u th\u1ecfi v\u00e0o n\u0103m 1994. Ngay c\u1ea3 b\u00e2y gi\u1edd, n\u00f3 v\u1eabn ti\u1ebfp t\u1ee5c l\u00e0 s\u1ea3n ph\u1ea9m b\u00e1n ch\u1ea1y nh\u1ea5t \u1edf H\u00e0n Qu\u1ed1c.<\/p>\n<p><img decoding=\"async\" class=\"wp-image-31383 aligncenter\" src=\"https:\/\/havamall.vn\/wp-content\/uploads\/2023\/05\/300575919_498017742165275_8824304252326609340_n-300x300.png\" alt=\"\" width=\"705\" height=\"705\" srcset=\"https:\/\/havamall.vn\/wp-content\/uploads\/2023\/05\/300575919_498017742165275_8824304252326609340_n-300x300.png 300w, https:\/\/havamall.vn\/wp-content\/uploads\/2023\/05\/300575919_498017742165275_8824304252326609340_n-430x431.png 430w, https:\/\/havamall.vn\/wp-content\/uploads\/2023\/05\/300575919_498017742165275_8824304252326609340_n-150x150.png 150w, https:\/\/havamall.vn\/wp-content\/uploads\/2023\/05\/300575919_498017742165275_8824304252326609340_n-700x701.png 700w, https:\/\/havamall.vn\/wp-content\/uploads\/2023\/05\/300575919_498017742165275_8824304252326609340_n-768x769.png 768w, https:\/\/havamall.vn\/wp-content\/uploads\/2023\/05\/300575919_498017742165275_8824304252326609340_n-1022x1024.png 1022w, https:\/\/havamall.vn\/wp-content\/uploads\/2023\/05\/300575919_498017742165275_8824304252326609340_n-600x601.png 600w, https:\/\/havamall.vn\/wp-content\/uploads\/2023\/05\/300575919_498017742165275_8824304252326609340_n-100x100.png 100w, https:\/\/havamall.vn\/wp-content\/uploads\/2023\/05\/300575919_498017742165275_8824304252326609340_n.png 1080w\" sizes=\"(max-width: 705px) 100vw, 705px\" \/><\/p>\n<\/div>\n<div id=\"comp-jg45d7ni\" class=\"_1Q9if\">\n<p class=\"font_8\">MELONA l\u00e0 m\u1ed9t thanh kem \u00edt calo, n\u1ed5i ti\u1ebfng v\u1edbi k\u1ebft c\u1ea5u \u0111\u1ed9c \u0111\u00e1o v\u00e0 h\u01b0\u01a1ng v\u1ecb tr\u00e1i c\u00e2y t\u01b0\u01a1i.\u00a0C\u00e1c thanh h\u01b0\u01a1ng v\u1ecb d\u01b0a l\u01b0\u1edbi, d\u00e2u t\u00e2y, chu\u1ed1i, xo\u00e0i v\u00e0 d\u1eeba \u0111\u1eb7c tr\u01b0ng v\u1edbi c\u00e1c nguy\u00ean li\u1ec7u ch\u1ea5t l\u01b0\u1ee3ng.<\/p>\n<\/div>\n<p>Kem xo\u00e0i Melona Binggrae\u00a0\u0111\u01b0\u1ee3c l\u00e0m t\u1eeb c\u00e1c nguy\u00ean li\u1ec7u t\u1ef1 nhi\u00ean cao c\u1ea5p, kh\u00f4ng s\u1eed d\u1ee5ng c\u00e1c h\u00f3a ch\u1ea5t \u0111\u1ed9c h\u1ea1i mang l\u1ea1i h\u01b0\u01a1ng v\u1ecb tuy\u1ec7t v\u1eddi nh\u1ea5t cho s\u1ea3n ph\u1ea9m. Ngo\u00e0i ra, v\u1edbi c\u00f4ng ngh\u1ec7 s\u1ea3n xu\u1ea5t hi\u1ec7n \u0111\u1ea1i c\u1ee7a H\u00e0n Qu\u1ed1c,\u00a0kem Melona Binggrae\u00a0\u0111\u1ea3m b\u1ea3o ti\u00eau chu\u1ea9n qu\u1ed1c t\u1ebf an to\u00e0n cho s\u1ee9c kh\u1ecfe ng\u01b0\u1eddi s\u1eed d\u1ee5ng.<\/p>\n<p><img decoding=\"async\" class=\"wp-image-31384 aligncenter\" src=\"https:\/\/havamall.vn\/wp-content\/uploads\/2023\/05\/293275609_475695791064137_3038052281414616021_n-300x300.png\" alt=\"\" width=\"702\" height=\"702\" srcset=\"https:\/\/havamall.vn\/wp-content\/uploads\/2023\/05\/293275609_475695791064137_3038052281414616021_n-300x300.png 300w, https:\/\/havamall.vn\/wp-content\/uploads\/2023\/05\/293275609_475695791064137_3038052281414616021_n-430x430.png 430w, https:\/\/havamall.vn\/wp-content\/uploads\/2023\/05\/293275609_475695791064137_3038052281414616021_n-150x150.png 150w, https:\/\/havamall.vn\/wp-content\/uploads\/2023\/05\/293275609_475695791064137_3038052281414616021_n-700x700.png 700w, https:\/\/havamall.vn\/wp-content\/uploads\/2023\/05\/293275609_475695791064137_3038052281414616021_n-768x768.png 768w, https:\/\/havamall.vn\/wp-content\/uploads\/2023\/05\/293275609_475695791064137_3038052281414616021_n-1024x1024.png 1024w, https:\/\/havamall.vn\/wp-content\/uploads\/2023\/05\/293275609_475695791064137_3038052281414616021_n-600x600.png 600w, https:\/\/havamall.vn\/wp-content\/uploads\/2023\/05\/293275609_475695791064137_3038052281414616021_n-100x100.png 100w, https:\/\/havamall.vn\/wp-content\/uploads\/2023\/05\/293275609_475695791064137_3038052281414616021_n.png 1080w\" sizes=\"(max-width: 702px) 100vw, 702px\" \/><\/p>\n<p>Kem Melona\u00a0Binggrae\u00a0m\u00e1t l\u1ea1nh v\u1edbi\u00a04\u00a0v\u1ecb kem l\u1ef1a ch\u1ecdn d\u01b0a l\u01b0\u1edbi,\u00a0d\u00e2u, xo\u00e0i\u00a0v\u00e0 chu\u1ed1i\u00a0th\u01a1m ngon gi\u00fap b\u1ea1n d\u1eb9p tan c\u01a1n kh\u00e1t v\u00e0o nh\u1eefng ng\u00e0y n\u1eafng n\u00f3ng.<\/p>\n<p>Kem melona, kem que d\u1ea1ng th\u1ecfi vu\u00f4ng, kem d\u1ea1ng c\u1ee9ng d\u1ebbo,h\u01b0\u01a1ng v\u1ecb tr\u00e1i c\u00e2y th\u1eadt, h\u00f2a quy\u1ec7n v\u1edbi v\u1ecb s\u1eefa t\u01b0\u01a1i th\u01a1m ngon c\u00e0ng l\u00e0m cho s\u1ea3n ph\u1ea9m tr\u1edf n\u00ean h\u1ea5p d\u1eabn khi th\u01b0\u1edfng th\u1ee9c. Kem Melona\u00a0Binggrae\u00a0m\u00e1t l\u1ea1nh v\u1edbi\u00a0v\u1ecb chu\u1ed1i\u00a0th\u01a1m ngon gi\u00fap b\u1ea1n d\u1eb9p tan c\u01a1n kh\u00e1t v\u00e0o nh\u1eefng ng\u00e0y n\u1eafng n\u00f3ng.<\/p>\n<p>S\u1ea3n ph\u1ea9m hi\u1ec7n \u0111\u00e3 c\u00f3 m\u1eb7t t\u1ea1i Havamall.<\/p>\n<p><img loading=\"lazy\" decoding=\"async\" class=\"wp-image-31386 aligncenter\" src=\"https:\/\/havamall.vn\/wp-content\/uploads\/2023\/05\/282665816_436440608322989_5919610332087323869_n-1-300x300.jpeg\" alt=\"\" width=\"704\" height=\"704\" srcset=\"https:\/\/havamall.vn\/wp-content\/uploads\/2023\/05\/282665816_436440608322989_5919610332087323869_n-1-300x300.jpeg 300w, https:\/\/havamall.vn\/wp-content\/uploads\/2023\/05\/282665816_436440608322989_5919610332087323869_n-1-430x430.jpeg 430w, https:\/\/havamall.vn\/wp-content\/uploads\/2023\/05\/282665816_436440608322989_5919610332087323869_n-1-150x150.jpeg 150w, https:\/\/havamall.vn\/wp-content\/uploads\/2023\/05\/282665816_436440608322989_5919610332087323869_n-1-700x700.jpeg 700w, https:\/\/havamall.vn\/wp-content\/uploads\/2023\/05\/282665816_436440608322989_5919610332087323869_n-1-768x768.jpeg 768w, https:\/\/havamall.vn\/wp-content\/uploads\/2023\/05\/282665816_436440608322989_5919610332087323869_n-1-1024x1024.jpeg 1024w, https:\/\/havamall.vn\/wp-content\/uploads\/2023\/05\/282665816_436440608322989_5919610332087323869_n-1-600x600.jpeg 600w, https:\/\/havamall.vn\/wp-content\/uploads\/2023\/05\/282665816_436440608322989_5919610332087323869_n-1-100x100.jpeg 100w, https:\/\/havamall.vn\/wp-content\/uploads\/2023\/05\/282665816_436440608322989_5919610332087323869_n-1.jpeg 1080w\" sizes=\"(max-width: 704px) 100vw, 704px\" \/><\/p>\n<h2><\/h2>\n<p>&nbsp;<\/p>\n<\/div>\n<\/div>\n<\/div>\n<\/div>\n<\/div>\n<\/div>\n<\/div>\n<\/div>\n<\/div>\n<\/div>\n<\/div>\n<\/div>\n<\/div>\n<\/div>\n<\/div>\n<\/div>\n<\/div>\n<\/div>\n<\/div>\n<\/div>\n<\/div>\n<\/div>","protected":false},"excerpt":{"rendered":"<p>TH\u00d4NG TIN S\u1ea2N PH\u1ea8M Th\u01b0\u01a1ng hi\u1ec7u Binggrae Xu\u1ea5t x\u1ee9 H\u00e0n Qu\u1ed1c Th\u00e0nh ph\u1ea7n \u0110\u01b0\u1eddng, siro b\u1eafp, ch\u1ea5t b\u00e9o s\u1eefa, siro<\/p>","protected":false},"featured_media":31387,"comment_status":"open","ping_status":"closed","template":"","meta":[],"product_brand":[],"product_cat":[275,36],"product_tag":[],"class_list":{"0":"post-31381","1":"product","2":"type-product","3":"status-publish","4":"has-post-thumbnail","6":"product_cat-thuc-pham-dong-lanh","7":"product_cat-thuc-pham-tieu-dung","9":"first","10":"instock","11":"sale","12":"shipping-taxable","13":"purchasable","14":"product-type-simple"},"_links":{"self":[{"href":"https:\/\/havamall.vn\/en\/wp-json\/wp\/v2\/product\/31381"}],"collection":[{"href":"https:\/\/havamall.vn\/en\/wp-json\/wp\/v2\/product"}],"about":[{"href":"https:\/\/havamall.vn\/en\/wp-json\/wp\/v2\/types\/product"}],"replies":[{"embeddable":true,"href":"https:\/\/havamall.vn\/en\/wp-json\/wp\/v2\/comments?post=31381"}],"version-history":[{"count":0,"href":"https:\/\/havamall.vn\/en\/wp-json\/wp\/v2\/product\/31381\/revisions"}],"wp:featuredmedia":[{"embeddable":true,"href":"https:\/\/havamall.vn\/en\/wp-json\/wp\/v2\/media\/31387"}],"wp:attachment":[{"href":"https:\/\/havamall.vn\/en\/wp-json\/wp\/v2\/media?parent=31381"}],"wp:term":[{"taxonomy":"product_brand","embeddable":true,"href":"https:\/\/havamall.vn\/en\/wp-json\/wp\/v2\/product_brand?post=31381"},{"taxonomy":"product_cat","embeddable":true,"href":"https:\/\/havamall.vn\/en\/wp-json\/wp\/v2\/product_cat?post=31381"},{"taxonomy":"product_tag","embeddable":true,"href":"https:\/\/havamall.vn\/en\/wp-json\/wp\/v2\/product_tag?post=31381"}],"curies":[{"name":"wp","href":"https:\/\/api.w.org\/{rel}","templated":true}]}}