{"id":31296,"date":"2023-04-28T16:21:30","date_gmt":"2023-04-28T09:21:30","guid":{"rendered":"https:\/\/havamall.vn\/?post_type=product&#038;p=31296"},"modified":"2023-04-28T16:21:30","modified_gmt":"2023-04-28T09:21:30","slug":"pho-mai-mozzarella-bao-soi-la-sicilia-tui-2kg-mozzarella-shredded-cheese","status":"publish","type":"product","link":"https:\/\/havamall.vn\/en\/shop\/pho-mai-mozzarella-bao-soi-la-sicilia-tui-2kg-mozzarella-shredded-cheese\/","title":{"rendered":"Ph\u00f4 Mai Mozzarella B\u00e0o S\u1ee3i La Sicilia T\u00fai 2kg \u2013 Mozzarella Shredded Cheese"},"content":{"rendered":"<h2><\/h2>\n<h2><strong>TH\u00d4NG TIN CHUNG<\/strong><\/h2>\n<div>\n<table border=\"2\">\n<tbody>\n<tr>\n<td><strong>Ph\u00e2n nh\u00f3m<\/strong><\/td>\n<td>Ph\u00f4 mai Mozzarella b\u00e0o<\/td>\n<\/tr>\n<tr>\n<td><strong>Xu\u1ea5t x\u1ee9<\/strong><\/td>\n<td>Th\u01b0\u01a1ng hi\u1ec7u La Sicilia \u2013 \u00dd<\/td>\n<\/tr>\n<tr>\n<td><strong>Th\u00e0nh ph\u1ea7n<\/strong><\/td>\n<td>Ph\u00f4 mai mozarella 75 % k\u1ebft h\u1ee3p c\u00f9ng ph\u00f4 mai aged gouda 25%, ch\u1ea5t ch\u1ed1ng \u0111\u00f4ng v\u00f3n, tinh b\u1ed9t khoai t\u00e2y.<\/td>\n<\/tr>\n<tr>\n<td><strong>Quy c\u00e1ch<\/strong><\/td>\n<td>2KG<\/td>\n<\/tr>\n<tr>\n<td><strong>B\u1ea3o qu\u1ea3n<\/strong><\/td>\n<td>-18 \u0111\u1ed9 C ho\u1eb7c ng\u0103n \u0111\u00e1 t\u1ee7 l\u1ea1nh<\/td>\n<\/tr>\n<tr>\n<td><strong>H\u1ea1n s\u1eed d\u1ee5ng<\/strong><\/td>\n<td>Xem tr\u1ef1c ti\u1ebfp tr\u00ean bao b\u00ec s\u1ea3n ph\u1ea9m.\u00a0N\u00ean d\u00f9ng trong v\u00f2ng 1 tu\u1ea7n sau khi b\u00f3c s\u1ea3n ph\u1ea9m<\/td>\n<\/tr>\n<tr>\n<td><strong>H\u01b0\u1edbng d\u1eabn s\u1eed d\u1ee5ng<\/strong><\/td>\n<td>Ph\u00f9 h\u1ee3p v\u1edbi c\u00e1c m\u00f3n pizza, m\u1ef3 \u00dd, salad,\u2026<\/td>\n<\/tr>\n<\/tbody>\n<\/table>\n<\/div>\n<h2><strong>PH\u00d4 MAI MOZZARELLA B\u00c0O<\/strong><\/h2>\n<p>L\u00e0 s\u1ea3n ph\u1ea9m l\u00ean men \u0111\u01b0\u1ee3c ch\u1ebf bi\u1ebfn t\u1eeb s\u1eefa \u0111\u1ed9ng v\u1eadt nh\u01b0 b\u00f2, c\u1eebu, d\u00ea,\u2026\u00a0n\u00ean c\u00f3 h\u00e0m l\u01b0\u1ee3ng \u0111\u1ea1m, ch\u1ea5t b\u00e9o, protein, vitamin, c\u00e1c kho\u00e1ng ch\u1ea5t v\u00e0 canxi cao.<\/p>\n<p>\u0110\u01b0\u1ee3c ch\u1ebf bi\u1ebfn b\u1eb1ng c\u00e1ch k\u1ebft \u0111\u00f4ng v\u00e0 l\u00ean men t\u1eeb s\u1eefa b\u00f2. C\u00f3 th\u1ec3 k\u1ebft \u0111\u00f4ng s\u1eefa t\u1ea1o th\u00e0nh ph\u00f4 mai khi axit h\u00f3a s\u1eefa b\u1eb1ng c\u00e1ch c\u1ea5y vi khu\u1ea9n r\u1ed3i th\u00eam v\u00e0o enzym\u00a0e rennet. Ph\u1ea7n r\u1eafn \u0111\u01b0\u1ee3c t\u00e1ch ra v\u00e0 \u0111\u01b0\u1ee3c n\u00e9n l\u1ea1i th\u00e0nh h\u00ecnh d\u1ea1ng nh\u1ea5t \u0111\u1ecbnh.<\/p>\n<p><img fetchpriority=\"high\" decoding=\"async\" class=\"wp-image-31297 aligncenter\" src=\"https:\/\/havamall.vn\/wp-content\/uploads\/2023\/04\/freepik_31325594-scaled-300x202.jpeg\" alt=\"\" width=\"701\" height=\"472\" srcset=\"https:\/\/havamall.vn\/wp-content\/uploads\/2023\/04\/freepik_31325594-scaled-300x202.jpeg 300w, https:\/\/havamall.vn\/wp-content\/uploads\/2023\/04\/freepik_31325594-scaled-430x290.jpeg 430w, https:\/\/havamall.vn\/wp-content\/uploads\/2023\/04\/freepik_31325594-scaled-150x101.jpeg 150w, https:\/\/havamall.vn\/wp-content\/uploads\/2023\/04\/freepik_31325594-scaled-700x471.jpeg 700w, https:\/\/havamall.vn\/wp-content\/uploads\/2023\/04\/freepik_31325594-scaled-768x517.jpeg 768w, https:\/\/havamall.vn\/wp-content\/uploads\/2023\/04\/freepik_31325594-scaled-1024x690.jpeg 1024w, https:\/\/havamall.vn\/wp-content\/uploads\/2023\/04\/freepik_31325594-scaled-1200x808.jpeg 1200w, https:\/\/havamall.vn\/wp-content\/uploads\/2023\/04\/freepik_31325594-scaled-600x404.jpeg 600w\" sizes=\"(max-width: 701px) 100vw, 701px\" \/><\/p>\n<h2><strong>\u0110\u1eb6C \u0110I\u1ec2M C\u1ee6A PH\u00d4 MAI MOZZARELLA B\u00c0O<\/strong><\/h2>\n<p>Mozzarella b\u00e0o l\u00e0 s\u1ea3n ph\u1ea9m c\u00f3 h\u00e0m l\u01b0\u1ee3ng dinh d\u01b0\u1ee1ng cao, \u0111\u01b0\u1ee3c b\u00e0o tr\u1ef1c ti\u1ebfp t\u1eeb mozzarella Ba Lan nguy\u00ean kh\u1ed1i. V\u1edbi d\u00e2y chuy\u1ec1n m\u00e1y m\u00f3c hi\u1ec7n \u0111\u1ea1i, nh\u1eadp kh\u1ea9u tr\u1ef1c ti\u1ebfp t\u1eeb ch\u00e2u \u00c2u, m\u1ed7i s\u1ee3i ph\u00f4 mai lu\u00f4n gi\u1eef \u0111\u01b0\u1ee3c s\u1ef1 tinh t\u00fay, tr\u1ecdn v\u1eb9n b\u1edfi \u0111\u01b0\u1ee3c ch\u1ebf bi\u1ebfn t\u1eeb ph\u00f4 mai Mozzarella\u00a0t\u01b0\u01a1i nguy\u00ean ch\u1ea5t 100%.<\/p>\n<p>Thay v\u00ec ph\u1ea3i t\u1ef1 th\u00e1i l\u00e1t t\u1eeb m\u1ed9t mi\u1ebfng ph\u00f4 mai Mozzarella nguy\u00ean kh\u1ed1i, kh\u00e1ch h\u00e0ng c\u00f3 th\u1ec3 l\u1ef1a ch\u1ecdn ph\u00f4 mai Mozzarella b\u00e0o b\u1edfi s\u1ef1 ti\u1ec7n d\u1ee5ng m\u00e0 n\u00f3 mang l\u1ea1i.<\/p>\n<p><img decoding=\"async\" class=\"wp-image-31298 aligncenter\" src=\"https:\/\/havamall.vn\/wp-content\/uploads\/2023\/04\/baked-spaghetti-three-300x200.jpeg\" alt=\"\" width=\"689\" height=\"459\" srcset=\"https:\/\/havamall.vn\/wp-content\/uploads\/2023\/04\/baked-spaghetti-three-300x200.jpeg 300w, https:\/\/havamall.vn\/wp-content\/uploads\/2023\/04\/baked-spaghetti-three-430x286.jpeg 430w, https:\/\/havamall.vn\/wp-content\/uploads\/2023\/04\/baked-spaghetti-three-150x100.jpeg 150w, https:\/\/havamall.vn\/wp-content\/uploads\/2023\/04\/baked-spaghetti-three-700x466.jpeg 700w, https:\/\/havamall.vn\/wp-content\/uploads\/2023\/04\/baked-spaghetti-three-768x512.jpeg 768w, https:\/\/havamall.vn\/wp-content\/uploads\/2023\/04\/baked-spaghetti-three-1024x682.jpeg 1024w, https:\/\/havamall.vn\/wp-content\/uploads\/2023\/04\/baked-spaghetti-three-1200x799.jpeg 1200w, https:\/\/havamall.vn\/wp-content\/uploads\/2023\/04\/baked-spaghetti-three-600x400.jpeg 600w, https:\/\/havamall.vn\/wp-content\/uploads\/2023\/04\/baked-spaghetti-three.jpeg 1201w\" sizes=\"(max-width: 689px) 100vw, 689px\" \/><\/p>\n<h3><strong>\u0110\u1eb7c \u0111i\u1ec3m ph\u00f4 mai Mozzarella La Sicilia<\/strong><\/h3>\n<ul>\n<li>S\u1ea3n ph\u1ea9m t\u01b0\u01a1i, c\u00f3 m\u00e0u v\u00e0ng nh\u1ea1t<\/li>\n<li>M\u1ec1m d\u1ebbo, m\u1ecbn v\u00e0 th\u01a1m b\u00f9i<\/li>\n<li>D\u1ec5 tan ch\u1ea3y \u1edf nhi\u1ec7t \u0111\u1ed9 cao<\/li>\n<li>\u0110\u1ed9 \u0111\u00e0n h\u1ed3i cao n\u00ean d\u1ec5 c\u1eaft l\u00e1t, b\u1ea3o m\u1ecfng th\u00e0nh t\u1eebng l\u00e1t ho\u1eb7c s\u1ee3i<\/li>\n<li>Nguy\u00ean li\u1ec7u t\u1ef1 nhi\u00ean, kh\u00f4ng ch\u1ea5t b\u1ea3o qu\u1ea3n n\u00ean \u0111\u1ea3m ch\u00e2t l\u01b0\u1ee3ng an to\u00e0n<\/li>\n<\/ul>\n<p><img decoding=\"async\" class=\"wp-image-31299 aligncenter\" src=\"https:\/\/havamall.vn\/wp-content\/uploads\/2023\/04\/Screen-Shot-2023-04-28-at-4.04.20-PM-277x300.png\" alt=\"\" width=\"689\" height=\"746\" srcset=\"https:\/\/havamall.vn\/wp-content\/uploads\/2023\/04\/Screen-Shot-2023-04-28-at-4.04.20-PM-277x300.png 277w, https:\/\/havamall.vn\/wp-content\/uploads\/2023\/04\/Screen-Shot-2023-04-28-at-4.04.20-PM-430x465.png 430w, https:\/\/havamall.vn\/wp-content\/uploads\/2023\/04\/Screen-Shot-2023-04-28-at-4.04.20-PM-150x162.png 150w, https:\/\/havamall.vn\/wp-content\/uploads\/2023\/04\/Screen-Shot-2023-04-28-at-4.04.20-PM-700x758.png 700w, https:\/\/havamall.vn\/wp-content\/uploads\/2023\/04\/Screen-Shot-2023-04-28-at-4.04.20-PM-768x831.png 768w, https:\/\/havamall.vn\/wp-content\/uploads\/2023\/04\/Screen-Shot-2023-04-28-at-4.04.20-PM-946x1024.png 946w, https:\/\/havamall.vn\/wp-content\/uploads\/2023\/04\/Screen-Shot-2023-04-28-at-4.04.20-PM-1200x1299.png 1200w, https:\/\/havamall.vn\/wp-content\/uploads\/2023\/04\/Screen-Shot-2023-04-28-at-4.04.20-PM-600x649.png 600w, https:\/\/havamall.vn\/wp-content\/uploads\/2023\/04\/Screen-Shot-2023-04-28-at-4.04.20-PM.png 1338w\" sizes=\"(max-width: 689px) 100vw, 689px\" \/><\/p>\n<h2><strong>T\u00c1C D\u1ee4NG TUY\u1ec6T V\u1edcI C\u1ee6A PH\u00d4 MAI MOZZARELLA B\u00c0O<\/strong><\/h2>\n<p>So v\u1edbi c\u00e1c lo\u1ea1i th\u1ef1c ph\u1ea9m c\u00f9ng nh\u00f3m, ph\u00f4 mai c\u00f3 l\u01b0\u1ee3ng ch\u1ea5t b\u00e9o nhi\u1ec1u g\u1ea5p 3 l\u1ea7n, do v\u1eady n\u0103ng l\u01b0\u1ee3ng cung c\u1ea5p c\u0169ng nhi\u1ec1u h\u01a1n. Ch\u00ednh l\u00fd do n\u00e0y gi\u00fap ph\u00f4 mai tr\u1edf th\u00e0nh lo\u1ea1i th\u1ef1c ph\u1ea9m \u0111\u1eb7c bi\u1ec7t c\u00f3 t\u00e1c d\u1ee5ng r\u1ea5t t\u1ed1t v\u1edbi s\u1ef1 ph\u00e1t tri\u1ec3n c\u1ee7a tr\u1ebb em.<\/p>\n<p>Ngo\u00e0i ra, ph\u00f4 mai Mozzarella b\u00e0o\u00a0th\u01b0\u1eddng \u0111\u01b0\u1ee3c s\u1eed d\u1ee5ng ph\u1ed5 bi\u1ebfn trong c\u00e1c lo\u1ea1i pizza hay trong c\u00e1c m\u00f3n \u00c2u, nh\u01b0ng kh\u00f4ng ph\u1ea3i t\u1ef1 nhi\u00ean m\u00e0 ch\u00fang \u0111\u01b0\u1ee3c \u01b0u \u00e1i nhi\u1ec1u \u0111\u1ebfn th\u1ebf. Nguy\u00ean nh\u00e2n v\u00ec nh\u1eefng l\u1ee3i \u00edch tuy\u1ec7t v\u1eddi m\u00e0 ch\u00fang mang l\u1ea1i:<\/p>\n<ul>\n<li>\n<h5><em><strong>Ngu\u1ed3n biotin<\/strong><\/em><\/h5>\n<\/li>\n<\/ul>\n<p><span class=\"text_exposed_show\">Hay c\u00f2n g\u1ecdi l\u00e0 vitamin B7. Theo nhi\u1ec1u nghi\u00ean c\u1ee9u, biotin gi\u00fap gi\u1ea3m m\u1ee9c \u0111\u01b0\u1eddng huy\u1ebft \u1edf b\u1ec7nh nh\u00e2n ti\u1ec3u \u0111\u01b0\u1eddng. Vitamin n\u00e0y c\u0169ng ng\u0103n m\u00f3ng tay tr\u1edf n\u00ean gi\u00f2n v\u00e0 d\u1ec5 g\u00e3y. Ph\u1ee5 n\u1eef mang thai c\u0169ng c\u00f3 th\u1ec3 \u0103n ph\u00f4 mai \u0111\u1ec3 \u0111\u1ed1i ph\u00f3 v\u1edbi t\u00ecnh tr\u1ea1ng thi\u1ebfu biotin c\u00f3 th\u1ec3 x\u1ea3y ra.<\/span><\/p>\n<div class=\"text_exposed_show\">\n<ul>\n<li>\n<h5><em><strong>Ngu\u1ed3n riboflavin<\/strong><\/em><\/h5>\n<\/li>\n<\/ul>\n<p>Mozzarella gi\u00e0u vitamin B2 v\u00e0 riboflavin. L\u00e0 m\u1ed9t ph\u1ea7n c\u1ee7a vitamin B, n\u00f3 c\u00f3 th\u1ec3 s\u1eed d\u1ee5ng h\u00e0ng ng\u00e0y, gi\u00fap c\u01a1 th\u1ec3 ch\u1ed1ng l\u1ea1i c\u00e1c b\u1ec7nh v\u00e0 t\u00ecnh tr\u1ea1ng kh\u00e1c nhau nh\u01b0 \u0111au n\u1eeda \u0111\u1ea7u, thi\u1ebfu m\u00e1u. N\u00f3 c\u0169ng \u0111\u00e3 \u0111\u01b0\u1ee3c ch\u1ee9ng minh t\u00ednh ch\u1ea5t ch\u1ed1ng oxy h\u00f3a.<\/p>\n<p><img loading=\"lazy\" decoding=\"async\" class=\"wp-image-31300 aligncenter\" src=\"https:\/\/havamall.vn\/wp-content\/uploads\/2023\/04\/Screen-Shot-2023-04-28-at-4.05.15-PM-300x226.png\" alt=\"\" width=\"673\" height=\"507\" srcset=\"https:\/\/havamall.vn\/wp-content\/uploads\/2023\/04\/Screen-Shot-2023-04-28-at-4.05.15-PM-300x226.png 300w, https:\/\/havamall.vn\/wp-content\/uploads\/2023\/04\/Screen-Shot-2023-04-28-at-4.05.15-PM-430x324.png 430w, https:\/\/havamall.vn\/wp-content\/uploads\/2023\/04\/Screen-Shot-2023-04-28-at-4.05.15-PM-150x113.png 150w, https:\/\/havamall.vn\/wp-content\/uploads\/2023\/04\/Screen-Shot-2023-04-28-at-4.05.15-PM-700x527.png 700w, https:\/\/havamall.vn\/wp-content\/uploads\/2023\/04\/Screen-Shot-2023-04-28-at-4.05.15-PM-768x578.png 768w, https:\/\/havamall.vn\/wp-content\/uploads\/2023\/04\/Screen-Shot-2023-04-28-at-4.05.15-PM-1024x770.png 1024w, https:\/\/havamall.vn\/wp-content\/uploads\/2023\/04\/Screen-Shot-2023-04-28-at-4.05.15-PM-1200x903.png 1200w, https:\/\/havamall.vn\/wp-content\/uploads\/2023\/04\/Screen-Shot-2023-04-28-at-4.05.15-PM-600x451.png 600w\" sizes=\"(max-width: 673px) 100vw, 673px\" \/><\/p>\n<ul>\n<li>\n<h5><em><strong>Ngu\u1ed3n niacin<\/strong><\/em><\/h5>\n<\/li>\n<\/ul>\n<p>S\u1ea3n ph\u1ea9m ch\u1ee9a vitamin B3 ho\u1eb7c niacin; gi\u00fap ki\u1ec3m so\u00e1t cholesterol, ng\u0103n ng\u1eeba s\u1ef1 xu\u1ea5t hi\u1ec7n c\u1ee7a c\u00e1c b\u1ec7nh nh\u01b0 ti\u1ec3u \u0111\u01b0\u1eddng v\u00e0 vi\u00eam kh\u1edbp.<\/p>\n<ul>\n<li>\n<h5><em><strong>Ho\u00e0n thi\u1ec7n v\u1edbi c\u00e1c vitamin tan trong ch\u1ea5t b\u00e9o<\/strong><\/em><\/h5>\n<\/li>\n<\/ul>\n<p>Ch\u1ee9a c\u00e1c vitamin tan trong ch\u1ea5t b\u00e9o nh\u01b0 vitamin D, E, A c\u1ea7n thi\u1ebft cho s\u1ef1 h\u1ea5p th\u1ee5 canxi, s\u1ee9c kh\u1ecfe c\u1ee7a x\u01b0\u01a1ng v\u00e0 b\u1ea3o v\u1ec7 m\u00e0ng t\u1ebf b\u00e0o<\/p>\n<ul>\n<li>\n<h5><em><strong>Gi\u00fap x\u01b0\u01a1ng ch\u1eafc kh\u1ecfe h\u01a1n<\/strong><\/em><\/h5>\n<\/li>\n<\/ul>\n<p>Mozzarella ch\u1ee9a l\u01b0\u1ee3ng l\u1edbn canxi c\u1ea7n thi\u1ebft cho x\u01b0\u01a1ng v\u00e0 rang. Ngo\u00e0i ra, n\u00f3 \u0111\u00f3ng vai tr\u00f2 quan tr\u1ecdng trong vi\u1ec7c b\u1ea3o v\u1ec7 c\u01a1 tim v\u00e0 gi\u1ea3m nguy c\u01a1 ung th\u01b0 ru\u1ed9t k\u1ebft. N\u00f3 c\u0169ng c\u00f3 th\u1ebb g\u00f3p ph\u1ea7n h\u1ed7 tr\u1ee3 gi\u1ea3m c\u00e2n.<\/p>\n<p><img loading=\"lazy\" decoding=\"async\" class=\"wp-image-31301 aligncenter\" src=\"https:\/\/havamall.vn\/wp-content\/uploads\/2023\/04\/Screen-Shot-2023-04-28-at-4.04.52-PM-300x296.png\" alt=\"\" width=\"678\" height=\"669\" srcset=\"https:\/\/havamall.vn\/wp-content\/uploads\/2023\/04\/Screen-Shot-2023-04-28-at-4.04.52-PM-300x296.png 300w, https:\/\/havamall.vn\/wp-content\/uploads\/2023\/04\/Screen-Shot-2023-04-28-at-4.04.52-PM-430x425.png 430w, https:\/\/havamall.vn\/wp-content\/uploads\/2023\/04\/Screen-Shot-2023-04-28-at-4.04.52-PM-150x148.png 150w, https:\/\/havamall.vn\/wp-content\/uploads\/2023\/04\/Screen-Shot-2023-04-28-at-4.04.52-PM-700x692.png 700w, https:\/\/havamall.vn\/wp-content\/uploads\/2023\/04\/Screen-Shot-2023-04-28-at-4.04.52-PM-768x759.png 768w, https:\/\/havamall.vn\/wp-content\/uploads\/2023\/04\/Screen-Shot-2023-04-28-at-4.04.52-PM-1024x1012.png 1024w, https:\/\/havamall.vn\/wp-content\/uploads\/2023\/04\/Screen-Shot-2023-04-28-at-4.04.52-PM-1200x1185.png 1200w, https:\/\/havamall.vn\/wp-content\/uploads\/2023\/04\/Screen-Shot-2023-04-28-at-4.04.52-PM-600x593.png 600w, https:\/\/havamall.vn\/wp-content\/uploads\/2023\/04\/Screen-Shot-2023-04-28-at-4.04.52-PM-100x100.png 100w, https:\/\/havamall.vn\/wp-content\/uploads\/2023\/04\/Screen-Shot-2023-04-28-at-4.04.52-PM.png 1652w\" sizes=\"(max-width: 678px) 100vw, 678px\" \/><\/p>\n<ul>\n<li>\n<h5><em><strong>Ngu\u1ed3n photpho t\u1ed1t<\/strong><\/em><\/h5>\n<\/li>\n<\/ul>\n<p>Mozzarella c\u00f3 l\u01b0\u1ee3ng ph\u1ed1t pho cao, gi\u00fap c\u01a1 th\u1ec3 con ng\u01b0\u1eddi h\u1ea5p th\u1ee5 canxi t\u1eeb th\u1ef1c ph\u1ea9m t\u1ed1t h\u01a1n.<\/p>\n<ul>\n<li>\n<h5><em><strong>Ngu\u1ed3n cung c\u1ea5p k\u1ebdm<\/strong><\/em><\/h5>\n<\/li>\n<\/ul>\n<p>L\u00e0 kho\u00e1ng ch\u1ea5t quan tr\u1ecdng trong ph\u00f4 mai n\u00e0y, gi\u00fap ch\u1ed1ng l\u1ea1i c\u00e1c v\u1ea5n \u0111\u1ec1 v\u1ec1 da v\u00e0 tang s\u1ed1 l\u01b0\u1ee3ng b\u1ea1ch c\u1ea7u. N\u00f3 c\u0169ng gi\u00fap tuy\u1ebfn ti\u1ec1n li\u1ec7t ho\u1ea1t \u0111\u1ed9ng t\u1ed1t v\u00e0 h\u1ed7 tr\u1ee3 gi\u1ea3m c\u00e2n th\u1eeba.<\/p>\n<ul>\n<li>\n<h5><em><strong>Ngu\u1ed3n protein<\/strong><\/em><\/h5>\n<\/li>\n<\/ul>\n<p>Mozzarella l\u00e0 s\u1ef1 l\u1ef1a ch\u1ecdn tuy\u1ec7t v\u1eddi n\u1ebfu b\u1ea1n mu\u1ed1n c\u00f3 ngu\u1ed3n protein t\u1ed1t. \u0102n phomai gi\u00fap b\u1ea1n tr\u00e0n \u0111\u1ea7y n\u0103ng l\u01b0\u1ee3ng v\u00e0 t\u0103ng s\u1ee9c m\u1ea1nh c\u01a1 b\u1eafp.<\/p>\n<ul>\n<li>\n<h5><em><strong>Ngu\u1ed3n kali<\/strong><\/em><\/h5>\n<\/li>\n<\/ul>\n<p>Kali l\u00e0 ngu\u1ed3n kho\u00e1ng ch\u1ea5t quan tr\u1ecdng trong phomai Mozzarela, gi\u00fap ch\u1ed1ng l\u1ea1i c\u00e1c t\u00e1c \u0111\u1ed9ng b\u1ea5t l\u1ee3i do ti\u00eau th\u1ee5 natri. Ngo\u00e0i ra, h\u1ed7 tr\u1ee3 trong vi\u1ec7c h\u1ea1 huy\u1ebft \u00e1p v\u00e0 \u0111i\u1ec1u ch\u1ec9nh nh\u1ecbp tim th\u1ea5t th\u01b0\u1eddng.<\/p>\n<p><img loading=\"lazy\" decoding=\"async\" class=\"wp-image-31303 aligncenter\" src=\"https:\/\/havamall.vn\/wp-content\/uploads\/2023\/04\/four-cheese_spaghetti_9-20-163-300x215.jpeg\" alt=\"\" width=\"675\" height=\"484\" srcset=\"https:\/\/havamall.vn\/wp-content\/uploads\/2023\/04\/four-cheese_spaghetti_9-20-163-300x215.jpeg 300w, https:\/\/havamall.vn\/wp-content\/uploads\/2023\/04\/four-cheese_spaghetti_9-20-163-430x308.jpeg 430w, https:\/\/havamall.vn\/wp-content\/uploads\/2023\/04\/four-cheese_spaghetti_9-20-163-150x107.jpeg 150w, https:\/\/havamall.vn\/wp-content\/uploads\/2023\/04\/four-cheese_spaghetti_9-20-163-700x502.jpeg 700w, https:\/\/havamall.vn\/wp-content\/uploads\/2023\/04\/four-cheese_spaghetti_9-20-163-768x550.jpeg 768w, https:\/\/havamall.vn\/wp-content\/uploads\/2023\/04\/four-cheese_spaghetti_9-20-163-1024x734.jpeg 1024w, https:\/\/havamall.vn\/wp-content\/uploads\/2023\/04\/four-cheese_spaghetti_9-20-163-1200x860.jpeg 1200w, https:\/\/havamall.vn\/wp-content\/uploads\/2023\/04\/four-cheese_spaghetti_9-20-163-600x430.jpeg 600w, https:\/\/havamall.vn\/wp-content\/uploads\/2023\/04\/four-cheese_spaghetti_9-20-163.jpeg 1848w\" sizes=\"(max-width: 675px) 100vw, 675px\" \/><\/p>\n<\/div>\n<h2><strong>G\u1ee2I \u00dd M\u00d3N NGON T\u1eea PH\u00d4 MAI MOZZARELLA B\u00c0O<\/strong><\/h2>\n<p>Ph\u00f4 mai \u0111\u01b0\u1ee3c \u0103n li\u1ec1n ho\u1eb7c k\u1ebft h\u1ee3p trong nhi\u1ec1u m\u00f3n \u0103n, \u0111\u1eb7c bi\u1ec7t trong m\u00f3n b\u00e1nh Pizza c\u1ee7a ng\u01b0\u1eddi \u00dd, b\u00e1nh m\u00ec n\u01b0\u1edbng gi\u00f2n c\u1ee7a Ph\u00e1p, tr\u1ed9n salad v\u1edbi d\u1ea7u oliu ki\u1ec3u Hy L\u1ea1p ho\u1eb7c k\u1ebft h\u1ee3p v\u1edbi m\u00ec \u1ed1ng ki\u1ec3u \u00dd. Ph\u00f4 mai th\u01b0\u1eddng tan ra \u0111\u1ec3 k\u1ebft h\u1ee3p c\u00e1c th\u1ef1c ph\u1ea9m kh\u00e1c v\u1edbi nhau, gi\u00fap m\u00f3n \u0103n tr\u1edf n\u00ean h\u1ea5p d\u1eabn v\u00e0 th\u01a1m ng\u1eady h\u01a1n.<\/p>\n<p>B\u00ean c\u1ea1nh \u0111\u00f3, m\u1ed9t s\u1ed1 m\u00f3n \u0103n t\u1ea1o n\u00ean h\u01b0\u01a1ng v\u1ecb tuy\u1ec7t v\u1eddi nh\u1edd s\u1ef1 g\u00f3p m\u1eb7t c\u1ee7a lo\u1ea1i ph\u00f4 mai \u201cth\u1ea7n th\u00e1nh\u201d n\u00e0y c\u00f3 th\u1ec3 k\u1ec3 \u0111\u1ebfn nh\u01b0: Khoai t\u00e2y cu\u1ed1n t\u00f4m phomai chi\u00ean, Bolognese lasagna pasta l\u00e1 v\u1edbi s\u1ed1t kem th\u1ecbt b\u00f2, C\u00e0 t\u00edm phomai Mozzarella \u0111\u00fat l\u00f2,\u2026v\u00e0 c\u00f2n h\u00e0ng ng\u00e0n m\u00f3n \u0103n tuy\u1ec7t v\u1eddi kh\u00e1c n\u1eefa.<\/p>\n<h2><strong>\u01afU \u0110I\u1ec2M C\u1ee6A PH\u00d4 MAI MOZZARELLA\u00a0<\/strong><\/h2>\n<ul>\n<li>Ch\u1ebf ph\u1ea9m t\u1eeb s\u1eefa nguy\u00ean ch\u1ea5t<\/li>\n<li>Kh\u00f4ng ch\u1ea5t b\u1ea3o qu\u1ea3n \u0111\u1ed9c h\u1ea1i<\/li>\n<li>H\u01b0\u01a1ng v\u1ecb th\u01a1m ngon, d\u1ec5 \u0103n<\/li>\n<li>Gi\u00e0u canxi, ph\u00f9 h\u1ee3p m\u1ecdi l\u1ee9a tu\u1ed5i<\/li>\n<li>100% ph\u00f4 mai t\u1ef1 nhi\u00ean<\/li>\n<li>Th\u1ef1c ph\u1ea9m t\u1ed1t cho s\u1ee9c kh\u1ecfe<\/li>\n<\/ul>","protected":false},"excerpt":{"rendered":"<p>TH\u00d4NG TIN CHUNG Ph\u00e2n nh\u00f3m Ph\u00f4 mai Mozzarella b\u00e0o Xu\u1ea5t x\u1ee9 Th\u01b0\u01a1ng hi\u1ec7u La Sicilia \u2013 \u00dd Th\u00e0nh ph\u1ea7n Ph\u00f4<\/p>","protected":false},"featured_media":31305,"comment_status":"open","ping_status":"closed","template":"","meta":[],"product_brand":[],"product_cat":[275,36],"product_tag":[],"class_list":{"0":"post-31296","1":"product","2":"type-product","3":"status-publish","4":"has-post-thumbnail","6":"product_cat-thuc-pham-dong-lanh","7":"product_cat-thuc-pham-tieu-dung","8":"pa_brand-lasicilia","10":"first","11":"instock","12":"sale","13":"shipping-taxable","14":"purchasable","15":"product-type-simple"},"_links":{"self":[{"href":"https:\/\/havamall.vn\/en\/wp-json\/wp\/v2\/product\/31296"}],"collection":[{"href":"https:\/\/havamall.vn\/en\/wp-json\/wp\/v2\/product"}],"about":[{"href":"https:\/\/havamall.vn\/en\/wp-json\/wp\/v2\/types\/product"}],"replies":[{"embeddable":true,"href":"https:\/\/havamall.vn\/en\/wp-json\/wp\/v2\/comments?post=31296"}],"version-history":[{"count":0,"href":"https:\/\/havamall.vn\/en\/wp-json\/wp\/v2\/product\/31296\/revisions"}],"wp:featuredmedia":[{"embeddable":true,"href":"https:\/\/havamall.vn\/en\/wp-json\/wp\/v2\/media\/31305"}],"wp:attachment":[{"href":"https:\/\/havamall.vn\/en\/wp-json\/wp\/v2\/media?parent=31296"}],"wp:term":[{"taxonomy":"product_brand","embeddable":true,"href":"https:\/\/havamall.vn\/en\/wp-json\/wp\/v2\/product_brand?post=31296"},{"taxonomy":"product_cat","embeddable":true,"href":"https:\/\/havamall.vn\/en\/wp-json\/wp\/v2\/product_cat?post=31296"},{"taxonomy":"product_tag","embeddable":true,"href":"https:\/\/havamall.vn\/en\/wp-json\/wp\/v2\/product_tag?post=31296"}],"curies":[{"name":"wp","href":"https:\/\/api.w.org\/{rel}","templated":true}]}}