{"id":31280,"date":"2023-04-27T16:23:46","date_gmt":"2023-04-27T09:23:46","guid":{"rendered":"https:\/\/havamall.vn\/?post_type=product&#038;p=31280"},"modified":"2025-09-30T11:01:15","modified_gmt":"2025-09-30T04:01:15","slug":"pho-mai-de-tieu-den-paysan-breton-100gr-goat-cheese-with-pepper","status":"publish","type":"product","link":"https:\/\/havamall.vn\/en\/shop\/pho-mai-de-tieu-den-paysan-breton-100gr-goat-cheese-with-pepper\/","title":{"rendered":"Ph\u00f4 Mai D\u00ea Ti\u00eau \u0110en Paysan Breton 100gr &#8211; Goat Cheese With Pepper"},"content":{"rendered":"<p>&nbsp;<\/p>\n<h3><strong>TH\u00d4NG TIN S\u1ea2N PH\u1ea8M<\/strong><\/h3>\n<table>\n<tbody>\n<tr>\n<td>Th\u01b0\u01a1ng hi\u1ec7u<\/td>\n<td>Paysan Breton<\/td>\n<\/tr>\n<tr>\n<td>Xu\u1ea5t x\u1ee9<\/td>\n<td>Ph\u00e1p<\/td>\n<\/tr>\n<tr>\n<td>Th\u00e0nh ph\u1ea7n<\/td>\n<td>S\u1eefa d\u00ea thanh tr\u00f9ng, men lactic, mu\u1ed1i, men d\u1ecbch v\u1ecb kh\u00f4ng c\u00f3 ngu\u1ed3n g\u1ed1c \u0111\u1ed9ng v\u1eadt, n\u1ea5m m\u1ed1c penicillium candidum,&#8230;<\/td>\n<\/tr>\n<tr>\n<td>H\u1ea1n s\u1eed d\u1ee5ng<\/td>\n<td>6 th\u00e1ng k\u1ec3 t\u1eeb ng\u00e0y s\u1ea3n xu\u1ea5t.<\/td>\n<\/tr>\n<tr>\n<td>B\u1ea3o qu\u1ea3n<\/td>\n<td>B\u1ea3o qu\u1ea3n \u1edf nhi\u1ec7t \u0111\u1ed9 2 \u2013 8 \u0111\u1ed9 C<\/td>\n<\/tr>\n<tr>\n<td>Kh\u1ed1i l\u01b0\u1ee3ng t\u1ecbnh<\/td>\n<td>100gr<\/td>\n<\/tr>\n<\/tbody>\n<\/table>\n<p>Paysan Breton \u2013 L\u00e0 th\u01b0\u01a1ng hi\u1ec7u n\u1ed5i ti\u1ebfng l\u00e2u \u0111\u1eddi c\u1ee7a v\u00f9ng Brittany n\u01b0\u1edbc Ph\u00e1p v\u1edbi s\u1ea3n ph\u1ea9m \u0111a d\u1ea1ng. T\u1ef1 h\u00e0o v\u1ec1 ngu\u1ed3n g\u1ed1c v\u00e0 di s\u1ea3n k\u1ebf th\u1eeba, th\u01b0\u01a1ng hi\u1ec7u cung c\u1ea5p nh\u1eefng s\u1ea3n ph\u1ea9m t\u1eeb s\u1eefa v\u1edbi ch\u1ea5t l\u01b0\u1ee3ng tuy\u1ec7t h\u1ea3o. Gi\u00e1 tr\u1ecb s\u1ea3n ph\u1ea9m c\u00f3 \u0111\u01b0\u1ee3c t\u1eeb nguy\u00ean li\u1ec7u s\u1eefa thu t\u1eeb c\u00e1c n\u00f4ng tr\u1ea1i trong h\u1ec7 th\u1ed1ng. K\u1ebf \u0111\u1ebfn l\u00e0 c\u00f4ng th\u1ee9c ch\u1ebf bi\u1ebfn v\u00e0 s\u1ef1 tu\u00e2n th\u1ee7 ch\u1eb7t ch\u1ebd quy tr\u00ecnh s\u1ea3n xu\u1ea5t. S\u1ea3n ph\u1ea9m c\u1ee7a Paysan Breton l\u00e0 s\u1ef1 k\u1ebft h\u1ee3p gi\u1eefa s\u1ef1 m\u1ed9c m\u1ea1c v\u00e0 h\u01b0\u01a1ng v\u1ecb thu\u1ea7n khi\u1ebft c\u1ee7a v\u00f9ng Brittany; bao g\u1ed3m s\u1eefa t\u01b0\u01a1i, b\u01a1, c\u00e1c lo\u1ea1i ph\u00f4 mai v\u00e0 b\u00e1nh crepe. V\u1edbi h\u01b0\u01a1ng v\u1ecb th\u01a1m ngon, \u0111\u1ed9 \u0111\u1ea1m cao v\u00e0 b\u1ed5 sung ch\u1ea5t x\u01a1, s\u1eefa t\u01b0\u01a1i Paysan Breton l\u00e0 s\u1ea3n ph\u1ea9m b\u00e1n ch\u1ea1y v\u00e0 \u0111\u01b0\u1ee3c nhi\u1ec1u ng\u01b0\u1eddi ti\u00eau d\u00f9ng t\u00ecm mua.<\/p>\n<p><img fetchpriority=\"high\" decoding=\"async\" class=\"wp-image-31281 aligncenter\" src=\"https:\/\/havamall.com\/wp-content\/uploads\/2025\/09\/301534783_5342369832506778_4630900394142010768_n-300x200.jpg\" alt=\"\" width=\"632\" height=\"422\" \/><\/p>\n<p>S\u1ea3n ph\u1ea9m\u00a0Ph\u00f4 mai d\u00ea v\u1edbi ti\u00eau \u0111en Paysan Breton h\u00f4\u0323p 100g\u00a0l\u00e0 s\u1ea3n ph\u1ea9m c\u1ee7a th\u01b0\u01a1ng hi\u1ec7u\u00a0ph\u00f4 mai Paysan Breton\u00a0\u0111\u01b0\u1ee3c s\u1ea3n xu\u1ea5t theo c\u00f4ng th\u1ee9c \u0111\u1eb7c bi\u1ec7t, mang l\u1ea1i h\u01b0\u01a1ng v\u1ecb th\u01a1m ngon c\u1ee7a s\u1eefa k\u1ebft h\u1ee3p v\u1edbi v\u1ecb ti\u00eau \u0111en t\u1ea1o n\u00ean s\u1ef1 \u0111\u1eb7c tr\u01b0ng c\u1ee7a\u00a0ph\u00f4 mai\u00a0\u0111\u1ea7y h\u1ea5p d\u1eabn, k\u00edch th\u00edch v\u1ecb gi\u00e1c.<\/p>\n<p>Ph\u00f4 mai d\u00ea Paysan Breton\u00a0l\u00e0 s\u1ea3n ph\u1ea9m c\u1ee7a th\u01b0\u01a1ng hi\u1ec7u Paysan Breton xu\u1ea5t x\u1ee9 t\u1eeb v\u00f9ng Brittany (Ph\u00e1p) v\u00e0o n\u0103m 1969, l\u00e0 s\u1ea3n ph\u1ea9m \u0111\u01b0\u1ee3c s\u1ea3n xu\u1ea5t theo c\u00f4ng th\u1ee9c \u0111\u1eb7c bi\u1ec7t, mang l\u1ea1i h\u01b0\u01a1ng v\u1ecb th\u01a1m ngon c\u1ee7a s\u1eefa d\u00ea\u00a0t\u1ea1o n\u00ean s\u1ef1 \u0111\u1eb7c tr\u01b0ng tuy\u1ec7t v\u1eddi c\u1ee7a ph\u00f4 mai n\u00e0y. Ph\u00f4 mai Brie Paysan Breton r\u1ea5t d\u1ec5 \u0103n, gi\u00fap k\u00edch th\u00edch v\u1ecb gi\u00e1c ng\u01b0\u1eddi d\u00f9ng, \u0111\u1eb7c bi\u1ec7t l\u00e0 nh\u1eefng ng\u01b0\u1eddi s\u00e0nh \u0103n ph\u00f4 mai.<\/p>\n<p><img decoding=\"async\" class=\"wp-image-31282 aligncenter\" src=\"https:\/\/havamall.com\/wp-content\/uploads\/2025\/09\/cranberry-pecan-cream-cheese-log-246x300.jpg\" alt=\"\" width=\"627\" height=\"764\" \/><\/p>\n<p>Ph\u00f4 mai d\u00ea Paysan Breton \u0111\u01b0\u1ee3c l\u00e0m t\u1eeb s\u1eefa d\u00ea thanh tr\u00f9ng n\u00ean s\u1ebd mang \u0111\u1ebfn m\u1ed9t h\u01b0\u01a1ng v\u1ecb th\u01a1m n\u1ed3ng v\u00f4\u00a0c\u00f9ng kh\u00e1c v\u00e0 \u0111\u1eb7c bi\u1ec7t so v\u1edbi c\u00e1c lo\u1ea1i ph\u00f4 mai t\u1eeb s\u1eefa b\u00f2. Tuy nhi\u00ean s\u1ea3n ph\u1ea9m\u00a0v\u1eabn c\u00f3 \u0111\u1ed9 b\u00e9o v\u00e0 dinh d\u01b0\u1ee1ng chu\u1ea9n n\u00ean \u0111\u00e2y l\u00e0 m\u1ed9t lo\u1ea1i ph\u00f4 mai r\u1ea5t \u0111\u00e1ng th\u1eed \u0111\u00f3.<\/p>\n<p>Ph\u00f4 mai d\u00ea t\u1eeb kh\u00e2u l\u1ef1a ch\u1ecdn nguy\u00ean li\u1ec7u t\u1edbi kh\u00e2u ch\u1ebf bi\u1ebfn, \u0111\u00f3ng g\u00f3i di\u1ec5n ra tr\u00ean d\u00e2y chuy\u1ec1n kh\u00e9p k\u00edn theo c\u00f4ng th\u1ee9c ri\u00eang bi\u1ec7t, \u0111\u1ea3m b\u1ea3o mang t\u1edbi ng\u01b0\u1eddi ti\u00eau d\u00f9ng s\u1ea3n ph\u1ea9m \u0111\u1ea1t ch\u1ea5t l\u01b0\u1ee3ng cao.<\/p>\n<p><img decoding=\"async\" class=\"wp-image-31283 aligncenter\" src=\"https:\/\/havamall.com\/wp-content\/uploads\/2025\/09\/PM-g-240x300.png\" alt=\"\" width=\"624\" height=\"780\" \/><\/p>\n<h3><strong>C\u00d4NG D\u1ee4NG C\u1ee6A PH\u00d4 MAI D\u00ca<\/strong><\/h3>\n<p>T\u1ea5t c\u1ea3 c\u00e1c lo\u1ea1i ph\u00f4 mai d\u00ea \u0111\u1ec1u ch\u1ee9a c\u00e1c ch\u1ea5t dinh d\u01b0\u1ee1ng c\u00f3 l\u1ee3i cho s\u1ee9c kh\u1ecfe. Ch\u1ea5t dinh d\u01b0\u1ee1ng bao g\u1ed3m ch\u1ea5t b\u00e9o l\u00e0nh m\u1ea1nh, protein, vitamin v\u00e0 kho\u00e1ng ch\u1ea5t.<\/p>\n<p>&#8211; Gi\u00fap da s\u00e1ng kh\u1ecfe<\/p>\n<p>&#8211; Gi\u00fap ng\u0103n ng\u1eeba t\u00ecnh tr\u1ea1ng lo\u00e3ng x\u01b0\u01a1ng<\/p>\n<p>&#8211; Gi\u00fap duy tr\u00ec th\u1ecb l\u1ef1c c\u1ee7a m\u1eaft<\/p>\n<p>&#8211; Ng\u0103n ng\u1eeba s\u00e2u r\u0103ng<\/p>\n<p>&#8211; T\u0103ng c\u00e2n hi\u1ec7u qu\u1ea3<\/p>\n<p><img loading=\"lazy\" decoding=\"async\" class=\"wp-image-31285 aligncenter\" src=\"https:\/\/havamall.com\/wp-content\/uploads\/2025\/09\/apricot-goat-cheese-log-picture-239x300.jpg\" alt=\"\" width=\"628\" height=\"788\" \/><\/p>\n<h2 id=\"nhung-y-tuong-hoan-hao-voi-pho-mai-de\" class=\"ftwp-heading\"><strong>H\u01af\u1edaNG D\u1eaaN S\u1eec D\u1ee4NG<\/strong><\/h2>\n<p>Ngo\u00e0i v\u00f4 s\u1ed1 l\u1ee3i \u00edch cho s\u1ee9c kh\u1ecfe, ph\u00f4 mai d\u00ea c\u00f2n l\u00e0 m\u1ed9t ngu\u1ed3n th\u1ef1c ph\u1ea9m ngon cho nhi\u1ec1u m\u00f3n \u0103n.<strong> Havamall<\/strong> s\u1ebd g\u1ee3i \u00fd cho b\u1ea1n nh\u1eefng m\u00f3n \u0103n\u00a0s\u00e1ng t\u1ea1o \u0111\u1ec3 th\u00eam ph\u00f4 mai v\u00e0o ch\u1ebf \u0111\u1ed9 \u0103n u\u1ed1ng c\u1ee7a b\u1ea1n:<\/p>\n<ul class=\"hl-long-line\">\n<li>Ph\u00f4 mai m\u1ec1m gi\u00f2n l\u00ean rau xanh t\u01b0\u01a1i nh\u01b0 m\u1ed9t topper salad kem.<\/li>\n<li>Ph\u1ebft ph\u00f4 mai l\u00ean b\u00e1nh m\u00ec n\u01b0\u1edbng c\u00f9ng v\u1edbi b\u01a1, rau x\u00e0o v\u00e0 tr\u1ee9ng cho b\u1eefa s\u00e1ng k\u1ebft h\u1ee3p.<\/li>\n<li>\u0110\u1ed5 \u0111\u1ea7y b\u00e1nh tart nh\u1ecf v\u1edbi ph\u00f4 mai \u0111\u00e1nh b\u00f4ng v\u00e0 v\u1ea3 c\u1eaft l\u00e1t cho m\u00f3n khai v\u1ecb.<\/li>\n<li>R\u1eafc \u0111\u1ec1u ph\u00f4 mai l\u00ean b\u00e1nh quy v\u00e0 t\u00e1o c\u1eaft l\u00e1t cho m\u1ed9t b\u1eefa \u0103n nh\u1eb9 ngon mi\u1ec7ng.<\/li>\n<li>Nh\u1ed3i \u1ee9c g\u00e0 v\u1edbi ph\u00f4 mai v\u00e0 c\u00e1c lo\u1ea1i th\u1ea3o m\u1ed9c t\u01b0\u01a1i. Sau \u0111\u00f3 n\u01b0\u1edbng trong l\u00f2 cho b\u1eefa t\u1ed1i c\u1ea3 gia \u0111\u00ecnh.<\/li>\n<\/ul>\n<p><img loading=\"lazy\" decoding=\"async\" class=\"wp-image-31286 aligncenter\" src=\"https:\/\/havamall.com\/wp-content\/uploads\/2025\/09\/Herb-Marinated-Goat-Cheese-6-300x200.jpg\" alt=\"\" width=\"656\" height=\"437\" \/><\/p>\n<ul class=\"hl-long-line\">\n<li>K\u1ebft h\u1ee3p ph\u00f4 mai v\u1edbi b\u1ed9t y\u1ebfn m\u1ea1ch n\u1ea5u ch\u00edn. Sau \u0111\u00f3 th\u00eam v\u00e0o m\u1ed9t \u00edch tr\u00e1i c\u00e2y ho\u1eb7c rau qu\u1ea3 c\u1eaft nh\u1ecf.<\/li>\n<li>L\u00e0m m\u00f3n tr\u1ee9ng \u1ed1p la v\u1edbi ph\u00f4 mai, n\u1ea5m v\u00e0 c\u00e1c lo\u1ea1i th\u1ea3o m\u1ed9c t\u01b0\u01a1i.<\/li>\n<li>Th\u00eam ph\u00f4 mai d\u00ea v\u00e0o khoai t\u00e2y nghi\u1ec1n cho h\u01b0\u01a1ng v\u1ecb \u0111\u1ed9c \u0111\u00e1o.<\/li>\n<li>S\u1eed d\u1ee5ng ph\u00f4 mai thay cho kem ho\u1eb7c b\u01a1 n\u1eb7ng khi l\u00e0m s\u00fap \u0111\u1ec3 t\u1ea1o th\u00eam h\u01b0\u01a1ng v\u1ecb.<\/li>\n<li>K\u1ebft h\u1ee3p ph\u00f4 mai \u0111\u00e1nh b\u00f4ng v\u1edbi m\u1ed9t ch\u00fat m\u1eadt ong v\u00e0 \u0103n k\u00e8m v\u1edbi tr\u00e1i c\u00e2y c\u1eaft l\u00e1t cho m\u00f3n tr\u00e1ng mi\u1ec7ng.<\/li>\n<\/ul>","protected":false},"excerpt":{"rendered":"<p>&nbsp; TH\u00d4NG TIN S\u1ea2N PH\u1ea8M Th\u01b0\u01a1ng hi\u1ec7u Paysan Breton Xu\u1ea5t x\u1ee9 Ph\u00e1p Th\u00e0nh ph\u1ea7n S\u1eefa d\u00ea thanh tr\u00f9ng, men lactic,<\/p>","protected":false},"featured_media":31287,"comment_status":"open","ping_status":"closed","template":"","meta":[],"product_brand":[],"product_cat":[36],"product_tag":[],"class_list":{"0":"post-31280","1":"product","2":"type-product","3":"status-publish","4":"has-post-thumbnail","6":"product_cat-thuc-pham-tieu-dung","8":"first","9":"outofstock","10":"sale","11":"shipping-taxable","12":"purchasable","13":"product-type-simple"},"_links":{"self":[{"href":"https:\/\/havamall.vn\/en\/wp-json\/wp\/v2\/product\/31280"}],"collection":[{"href":"https:\/\/havamall.vn\/en\/wp-json\/wp\/v2\/product"}],"about":[{"href":"https:\/\/havamall.vn\/en\/wp-json\/wp\/v2\/types\/product"}],"replies":[{"embeddable":true,"href":"https:\/\/havamall.vn\/en\/wp-json\/wp\/v2\/comments?post=31280"}],"version-history":[{"count":0,"href":"https:\/\/havamall.vn\/en\/wp-json\/wp\/v2\/product\/31280\/revisions"}],"wp:featuredmedia":[{"embeddable":true,"href":"https:\/\/havamall.vn\/en\/wp-json\/wp\/v2\/media\/31287"}],"wp:attachment":[{"href":"https:\/\/havamall.vn\/en\/wp-json\/wp\/v2\/media?parent=31280"}],"wp:term":[{"taxonomy":"product_brand","embeddable":true,"href":"https:\/\/havamall.vn\/en\/wp-json\/wp\/v2\/product_brand?post=31280"},{"taxonomy":"product_cat","embeddable":true,"href":"https:\/\/havamall.vn\/en\/wp-json\/wp\/v2\/product_cat?post=31280"},{"taxonomy":"product_tag","embeddable":true,"href":"https:\/\/havamall.vn\/en\/wp-json\/wp\/v2\/product_tag?post=31280"}],"curies":[{"name":"wp","href":"https:\/\/api.w.org\/{rel}","templated":true}]}}