{"id":31273,"date":"2023-04-27T15:03:27","date_gmt":"2023-04-27T08:03:27","guid":{"rendered":"https:\/\/havamall.vn\/?post_type=product&#038;p=31273"},"modified":"2023-06-09T09:15:23","modified_gmt":"2023-06-09T02:15:23","slug":"hat-couscous-hop-giay-cao-cap-casa-rinaldi-500g","status":"publish","type":"product","link":"https:\/\/havamall.vn\/en\/shop\/hat-couscous-hop-giay-cao-cap-casa-rinaldi-500g\/","title":{"rendered":"H\u1ea1t Couscous H\u1ed9p Gi\u1ea5y Cao C\u1ea5p Casa Rinaldi 500g"},"content":{"rendered":"<h2><\/h2>\n<h2><strong>TH\u00d4NG TIN CHUNG<\/strong><\/h2>\n<div>\n<table border=\"2\">\n<tbody>\n<tr>\n<td><strong>Th\u01b0\u01a1ng hi\u1ec7u<\/strong><\/td>\n<td>Casa Rinaldi<\/td>\n<\/tr>\n<tr>\n<td><strong>Xu\u1ea5t x\u1ee9<\/strong><\/td>\n<td>\u00dd<\/td>\n<\/tr>\n<tr>\n<td><strong>Th\u00e0nh ph\u1ea7n<\/strong><\/td>\n<td>B\u1ed9t l\u00faa m\u00ec c\u1ee9ng<\/td>\n<\/tr>\n<tr>\n<td><strong>Quy c\u00e1ch<\/strong><\/td>\n<td>500g<\/td>\n<\/tr>\n<tr>\n<td><strong>B\u1ea3o qu\u1ea3n<\/strong><\/td>\n<td>N\u01a1i kh\u00f4 r\u00e1o, tho\u00e1ng m\u00e1t v\u00e0 tr\u00e1nh \u00e1nh n\u1eafng m\u1eb7t tr\u1eddi<\/td>\n<\/tr>\n<tr>\n<td><strong>H\u1ea1n s\u1eed d\u1ee5ng<\/strong><\/td>\n<td>24 th\u00e1ng k\u1ec3 t\u1eeb ng\u00e0y s\u1ea3n xu\u1ea5t<\/td>\n<\/tr>\n<\/tbody>\n<\/table>\n<\/div>\n<h2><strong>H\u1ea1t Couscous l\u00e0 g\u00ec?<\/strong><\/h2>\n<p>Couscous l\u00e0 m\u1ed9t lo\u1ea1i h\u1ea1t, c\u00f3 h\u00ecnh d\u00e1ng tr\u00f4ng gi\u1ed1ng nh\u01b0 h\u1ea1t g\u1ea1o nh\u01b0ng m\u00e0u h\u01a1i v\u00e0ng. Qua nghi\u00ean c\u1ee9u, h\u1ea1t n\u00e0y l\u00e0 m\u1ed9t lo\u1ea1i m\u00ec, \u0111\u01b0\u1ee3c s\u1eed d\u1ee5ng \u0111\u1ec3 h\u1ea5p ho\u1eb7c n\u1ea5u nh\u01b0 c\u01a1m nh\u01b0ng c\u00f3 k\u00e8m theo m\u1ed9t s\u1ed1 lo\u1ea1i gia v\u1ecb kh\u00e1c nhau. B\u1ea1n s\u1ebd th\u01b0\u1eddng t\u00ecm th\u1ea5y Couscous d\u01b0\u1edbi d\u1ea1ng s\u1ea5y kh\u00f4 v\u00e0 \u0111\u00f3ng g\u00f3i.<\/p>\n<p><img fetchpriority=\"high\" decoding=\"async\" class=\"wp-image-31277 aligncenter\" src=\"https:\/\/havamall.vn\/wp-content\/uploads\/2023\/04\/yyyu-300x300.png\" alt=\"\" width=\"650\" height=\"650\" srcset=\"https:\/\/havamall.vn\/wp-content\/uploads\/2023\/04\/yyyu-300x300.png 300w, https:\/\/havamall.vn\/wp-content\/uploads\/2023\/04\/yyyu-430x430.png 430w, https:\/\/havamall.vn\/wp-content\/uploads\/2023\/04\/yyyu-150x150.png 150w, https:\/\/havamall.vn\/wp-content\/uploads\/2023\/04\/yyyu-700x700.png 700w, https:\/\/havamall.vn\/wp-content\/uploads\/2023\/04\/yyyu-768x768.png 768w, https:\/\/havamall.vn\/wp-content\/uploads\/2023\/04\/yyyu-600x600.png 600w, https:\/\/havamall.vn\/wp-content\/uploads\/2023\/04\/yyyu-100x100.png 100w, https:\/\/havamall.vn\/wp-content\/uploads\/2023\/04\/yyyu.png 1000w\" sizes=\"(max-width: 650px) 100vw, 650px\" \/><\/p>\n<p>Couscous l\u00e0 lo\u1ea1i th\u1ef1c ph\u1ea9m c\u00f3 ngu\u1ed3n g\u1ed1c t\u1eeb Ch\u00e2u Phi v\u00e0 d\u1ea7n du nh\u1eadp v\u00e0o c\u00e1c n\u01b0\u1edbc Trung \u0110\u00f4ng, Ch\u00e2u \u00c2u\u2026 D\u1ea7n d\u1ea7n qua th\u1eddi gian, h\u1ea1t Couscous \u0111\u1ebfn Vi\u1ec7t Nam v\u00e0 k\u00edch th\u00edch s\u1ef1 t\u00f2 m\u00f2 c\u1ee7a c\u00e1c m\u1eb9 n\u1ed9i tr\u1ee3. Kh\u00f4ng ch\u1ec9 b\u1edfi mang \u0111\u1ebfn s\u1ef1 t\u01b0\u01a1i m\u1edbi trong th\u1ef1c \u0111\u01a1n, h\u1ea1t Couscous c\u00f2n l\u00e0 ngu\u1ed3n dinh d\u01b0\u1ee1ng d\u1ed3i d\u00e0o m\u00e0 c\u00e1c th\u00e0nh vi\u00ean gia \u0111\u00ecnh b\u1ea1n lu\u00f4n c\u1ea7n dung n\u1ea1p v\u00e0o c\u01a1 th\u1ec3 m\u1ed7i ng\u00e0y.<\/p>\n<p><img decoding=\"async\" class=\"wp-image-31274 aligncenter\" src=\"https:\/\/havamall.vn\/wp-content\/uploads\/2023\/04\/90a7d9d9b09dafdd0371-300x200.jpeg\" alt=\"\" width=\"654\" height=\"436\" srcset=\"https:\/\/havamall.vn\/wp-content\/uploads\/2023\/04\/90a7d9d9b09dafdd0371-300x200.jpeg 300w, https:\/\/havamall.vn\/wp-content\/uploads\/2023\/04\/90a7d9d9b09dafdd0371-430x287.jpeg 430w, https:\/\/havamall.vn\/wp-content\/uploads\/2023\/04\/90a7d9d9b09dafdd0371-150x100.jpeg 150w, https:\/\/havamall.vn\/wp-content\/uploads\/2023\/04\/90a7d9d9b09dafdd0371-700x467.jpeg 700w, https:\/\/havamall.vn\/wp-content\/uploads\/2023\/04\/90a7d9d9b09dafdd0371-768x512.jpeg 768w, https:\/\/havamall.vn\/wp-content\/uploads\/2023\/04\/90a7d9d9b09dafdd0371-600x400.jpeg 600w, https:\/\/havamall.vn\/wp-content\/uploads\/2023\/04\/90a7d9d9b09dafdd0371.jpeg 960w\" sizes=\"(max-width: 654px) 100vw, 654px\" \/><\/p>\n<h2><strong>H\u1ea1t couscous Casa Rinaldi<\/strong><\/h2>\n<p>B\u1ed9t Couscous Casa Rinaldi l\u00e0 m\u1ed9t s\u1ea3n ph\u1ea9m \u0111\u1eb7c tr\u01b0ng c\u1ee7a v\u00f9ng \u0110\u1ecba Trung H\u1ea3i, s\u1ea3n ph\u1ea9m th\u1ef1c ch\u1ea5t l\u00e0 m\u1ed9t d\u1ea1ng pasta c\u00f3 d\u1ea1ng vi\u00ean tr\u00f2n nh\u1ecf li ti. B\u1ed9t Couscous Casa Rinaldi \u0111\u01b0\u1ee3c l\u00e0m t\u1eeb b\u1ed9t m\u00ec semolina v\u00e0 b\u1ecdc b\u1ed9t m\u00ec tr\u1ed9n, ch\u1ee9a \u00edt ch\u1ea5t x\u01a1. S\u1ea3n ph\u1ea9m c\u00f3 m\u00f9i n\u1ed3ng \u0111\u1eb7c tr\u01b0ng c\u1ee7a b\u1ed9t Couscous Casa Rinaldi, m\u00e0u v\u00e0ng nh\u1eb9.<\/p>\n<div>T\u00f9y theo s\u1edf th\u00edch c\u1ee7a m\u00ecnh m\u00e0 b\u1ea1n c\u00f3 th\u1ec3 l\u1ef1a ch\u1ecdn c\u00e1ch ch\u1ebf bi\u1ebfn kh\u00e1c nhau nh\u01b0: \u0103n nh\u01b0 ki\u1ec3u c\u01a1m; tr\u1ed9n v\u1edbi salad ho\u1eb7c rau c\u1ee7; \u0103n k\u00e8m v\u1edbi c\u00e1c lo\u1ea1i rau x\u00e0o ho\u1eb7c th\u1ecbt n\u1ea5u c\u00e1 \u0111\u00e3 n\u1ea5u ch\u00edn, c\u00e1c m\u00f3n c\u1eebu n\u01b0\u1edbng ho\u1eb7c h\u1ea7m.<\/div>\n<div><img decoding=\"async\" class=\"wp-image-31275 aligncenter\" src=\"https:\/\/havamall.vn\/wp-content\/uploads\/2023\/04\/33101389_1710940212319449_8623164354537193472_n-300x300.jpeg\" alt=\"\" width=\"663\" height=\"663\" srcset=\"https:\/\/havamall.vn\/wp-content\/uploads\/2023\/04\/33101389_1710940212319449_8623164354537193472_n-300x300.jpeg 300w, https:\/\/havamall.vn\/wp-content\/uploads\/2023\/04\/33101389_1710940212319449_8623164354537193472_n-430x430.jpeg 430w, https:\/\/havamall.vn\/wp-content\/uploads\/2023\/04\/33101389_1710940212319449_8623164354537193472_n-150x150.jpeg 150w, https:\/\/havamall.vn\/wp-content\/uploads\/2023\/04\/33101389_1710940212319449_8623164354537193472_n-700x700.jpeg 700w, https:\/\/havamall.vn\/wp-content\/uploads\/2023\/04\/33101389_1710940212319449_8623164354537193472_n-768x768.jpeg 768w, https:\/\/havamall.vn\/wp-content\/uploads\/2023\/04\/33101389_1710940212319449_8623164354537193472_n-1024x1024.jpeg 1024w, https:\/\/havamall.vn\/wp-content\/uploads\/2023\/04\/33101389_1710940212319449_8623164354537193472_n-600x600.jpeg 600w, https:\/\/havamall.vn\/wp-content\/uploads\/2023\/04\/33101389_1710940212319449_8623164354537193472_n-100x100.jpeg 100w, https:\/\/havamall.vn\/wp-content\/uploads\/2023\/04\/33101389_1710940212319449_8623164354537193472_n.jpeg 1181w\" sizes=\"(max-width: 663px) 100vw, 663px\" \/><\/div>\n<h2><strong>L\u1ee3i \u00edch tuy\u1ec7t v\u1eddi t\u1eeb h\u1ea1t Couscous:<\/strong><\/h2>\n<p>\u2013 Trong h\u1ea1t Couscous c\u00f3 ch\u1ee9a t\u1edbi 60% Selen. \u0110\u00e2y l\u00e0 kho\u00e1ng ch\u1ea5t thi\u1ebft y\u1ebfu trong c\u01a1 th\u1ec3, c\u00f3 kh\u1ea3 n\u0103ng s\u1eeda ch\u1eefa c\u00e1c t\u1ebf b\u00e0o b\u1ecb h\u01b0 h\u1ea1i, gi\u00fap c\u00e1c v\u1ebft th\u01b0\u01a1ng gi\u1ea3m vi\u00eam. Selen c\u0169ng \u0111\u00f3ng vai tr\u00f2 quan tr\u1ecdng trong s\u1ee9c kh\u1ecfe tuy\u1ebfn gi\u00e1p, b\u1ea3o v\u1ec7 tuy\u1ebfn gi\u00e1p kh\u1ecfi h\u01b0 h\u1ea1i v\u00e0 g\u00f3p ph\u1ea7n s\u1ea3n sinh hormone.<\/p>\n<p>\u2013 Selen l\u00e0 m\u1ed9t ch\u1ea5t ch\u1ed1ng oxy h\u00f3a trong c\u01a1 th\u1ec3, l\u00e0m gi\u1ea3m nguy m\u1eafc c\u00e1c b\u1ec7nh l\u00fd v\u1ec1 tim m\u1ea1ch, gi\u00fap h\u1ea1n ch\u1ebf stress oxy h\u00f3a trong c\u01a1 th\u1ec3.<\/p>\n<p>\u2013 C\u00f3 th\u1ec3 gi\u00fap gi\u1ea3m nguy c\u01a1 ung th\u01b0<\/p>\n<p>\u2013 T\u0103ng c\u01b0\u1eddng h\u1ec7 th\u1ed1ng mi\u1ec5n d\u1ecbch c\u1ee7a b\u1ea1n<\/p>\n<p>\u2013 Ngu\u1ed3n protein th\u1ef1c v\u1eadt t\u1ed1t<\/p>\n<h3><strong><img loading=\"lazy\" decoding=\"async\" class=\"wp-image-31276 aligncenter\" src=\"https:\/\/havamall.vn\/wp-content\/uploads\/2023\/04\/fghhh-1-300x300.png\" alt=\"\" width=\"671\" height=\"671\" srcset=\"https:\/\/havamall.vn\/wp-content\/uploads\/2023\/04\/fghhh-1-300x300.png 300w, https:\/\/havamall.vn\/wp-content\/uploads\/2023\/04\/fghhh-1-430x430.png 430w, https:\/\/havamall.vn\/wp-content\/uploads\/2023\/04\/fghhh-1-150x150.png 150w, https:\/\/havamall.vn\/wp-content\/uploads\/2023\/04\/fghhh-1-700x700.png 700w, https:\/\/havamall.vn\/wp-content\/uploads\/2023\/04\/fghhh-1-768x768.png 768w, https:\/\/havamall.vn\/wp-content\/uploads\/2023\/04\/fghhh-1-600x600.png 600w, https:\/\/havamall.vn\/wp-content\/uploads\/2023\/04\/fghhh-1-100x100.png 100w, https:\/\/havamall.vn\/wp-content\/uploads\/2023\/04\/fghhh-1.png 1000w\" sizes=\"(max-width: 671px) 100vw, 671px\" \/><\/strong><\/h3>\n<h2><strong>H\u01b0\u1edbng d\u1eabn n\u1ea5u h\u1ea1t couscous:<\/strong><\/h2>\n<h5><em><strong>1. \u0110un s\u00f4i n\u01b0\u1edbc<\/strong><\/em><\/h5>\n<p>Th\u00eam n\u01b0\u1edbc theo t\u1ec9 l\u1ec7: V\u1edbi m\u1ed7i c\u1ed1c\u00a0couscous\u00a0kh\u00f4, s\u1eed d\u1ee5ng 1 1\/2 ch\u00e9n n\u01b0\u1edbc . \u0110un s\u00f4i n\u01b0\u1edbc trong n\u1ed3i.<\/p>\n<h5><em><strong>2. Th\u00eam mu\u1ed1i v\u00e0 d\u1ea7u \u00f4 liu ho\u1eb7c b\u01a1<\/strong><\/em><\/h5>\n<p>Th\u00eam 1\/2 mu\u1ed7ng c\u00e0 ph\u00ea\u00a0 mu\u1ed1i v\u00e0o n\u01b0\u1edbc v\u00e0 m\u1ed9t \u00edt d\u1ea7u \u00f4 liu ho\u1eb7c b\u01a1 n\u1ebfu mu\u1ed1n, \u0111\u1ec3 th\u00eam \u0111\u1ed9 \u1ea9m v\u00e0 m\u01b0\u1ee3t cho h\u1ea1t\u00a0couscous.<\/p>\n<h5><em><strong>3. Th\u00eam\u00a0couscous\u00a0v\u00e0 \u0111un nh\u1ecf l\u1eeda cho c\u1ea1n n\u01b0\u1edbc<\/strong><\/em><\/h5>\n<p>\u0110\u1ed5 1 ch\u00e9n\u00a0couscous\u00a0v\u00e0o n\u01b0\u1edbc \u0111ang s\u00f4i, khu\u1ea5y \u0111\u1ec1u m\u1ed9t l\u1ea7n b\u1eb1ng mu\u1ed7ng g\u1ed7. Sau \u0111\u00f3 \u0111\u1eady n\u1eafp ch\u1ea3o (n\u1ed3i), v\u00e0 gi\u1ea3m nh\u1ecf l\u1eeda. H\u00e3y \u0111un l\u1eeda liu riu cho \u0111\u1ebfn khi c\u1ea1n n\u01b0\u1edbc (nh\u01b0 n\u1ea5u c\u01a1m) trong kho\u1ea3ng 5 ph\u00fat.<\/p>\n<h5><em><strong>4. \u0110\u00e1nh t\u01a1i<\/strong><\/em><\/h5>\n<p>H\u1ea1t\u00a0<strong>couscous<\/strong>\u00a0th\u01b0\u1eddng d\u00ednh l\u1ea1i v\u1edbi nhau trong qu\u00e1 tr\u00ecnh n\u1ea5u, v\u00ec v\u1eady c\u1ea7n d\u00f9ng mu\u00f4i x\u1edfi l\u00ean (\u0111\u00e1nh t\u01a1i) c\u00e1c h\u1ea1t\u00a0<em>couscous<\/em>. Tr\u01b0\u1edbc khi \u0103n, c\u00f3 th\u1ec3 th\u00eam v\u1ecf chanh b\u00e0o ho\u1eb7c h\u00e0nh l\u00e1 x\u1eaft nh\u1ecf \u0111\u1ec3 t\u1ea1o th\u00eam h\u01b0\u01a1ng v\u1ecb.<\/p>\n<p><img loading=\"lazy\" decoding=\"async\" class=\"wp-image-31278 aligncenter\" src=\"https:\/\/havamall.vn\/wp-content\/uploads\/2023\/04\/hfhfg-300x300.png\" alt=\"\" width=\"668\" height=\"668\" srcset=\"https:\/\/havamall.vn\/wp-content\/uploads\/2023\/04\/hfhfg-300x300.png 300w, https:\/\/havamall.vn\/wp-content\/uploads\/2023\/04\/hfhfg-430x430.png 430w, https:\/\/havamall.vn\/wp-content\/uploads\/2023\/04\/hfhfg-150x150.png 150w, https:\/\/havamall.vn\/wp-content\/uploads\/2023\/04\/hfhfg-700x700.png 700w, https:\/\/havamall.vn\/wp-content\/uploads\/2023\/04\/hfhfg-768x768.png 768w, https:\/\/havamall.vn\/wp-content\/uploads\/2023\/04\/hfhfg-600x600.png 600w, https:\/\/havamall.vn\/wp-content\/uploads\/2023\/04\/hfhfg-100x100.png 100w, https:\/\/havamall.vn\/wp-content\/uploads\/2023\/04\/hfhfg.png 1000w\" sizes=\"(max-width: 668px) 100vw, 668px\" \/><\/p>","protected":false},"excerpt":{"rendered":"<p>TH\u00d4NG TIN CHUNG Th\u01b0\u01a1ng hi\u1ec7u Casa Rinaldi Xu\u1ea5t x\u1ee9 \u00dd Th\u00e0nh ph\u1ea7n B\u1ed9t l\u00faa m\u00ec c\u1ee9ng Quy c\u00e1ch 500g B\u1ea3o<\/p>","protected":false},"featured_media":31279,"comment_status":"open","ping_status":"closed","template":"","meta":[],"product_brand":[],"product_cat":[594,36,134],"product_tag":[],"class_list":{"0":"post-31273","1":"product","2":"type-product","3":"status-publish","4":"has-post-thumbnail","6":"product_cat-dau-cu-qua-kho","7":"product_cat-thuc-pham-tieu-dung","8":"product_cat-thucpham-saykho","10":"first","11":"instock","12":"sale","13":"shipping-taxable","14":"purchasable","15":"product-type-simple"},"_links":{"self":[{"href":"https:\/\/havamall.vn\/en\/wp-json\/wp\/v2\/product\/31273"}],"collection":[{"href":"https:\/\/havamall.vn\/en\/wp-json\/wp\/v2\/product"}],"about":[{"href":"https:\/\/havamall.vn\/en\/wp-json\/wp\/v2\/types\/product"}],"replies":[{"embeddable":true,"href":"https:\/\/havamall.vn\/en\/wp-json\/wp\/v2\/comments?post=31273"}],"version-history":[{"count":0,"href":"https:\/\/havamall.vn\/en\/wp-json\/wp\/v2\/product\/31273\/revisions"}],"wp:featuredmedia":[{"embeddable":true,"href":"https:\/\/havamall.vn\/en\/wp-json\/wp\/v2\/media\/31279"}],"wp:attachment":[{"href":"https:\/\/havamall.vn\/en\/wp-json\/wp\/v2\/media?parent=31273"}],"wp:term":[{"taxonomy":"product_brand","embeddable":true,"href":"https:\/\/havamall.vn\/en\/wp-json\/wp\/v2\/product_brand?post=31273"},{"taxonomy":"product_cat","embeddable":true,"href":"https:\/\/havamall.vn\/en\/wp-json\/wp\/v2\/product_cat?post=31273"},{"taxonomy":"product_tag","embeddable":true,"href":"https:\/\/havamall.vn\/en\/wp-json\/wp\/v2\/product_tag?post=31273"}],"curies":[{"name":"wp","href":"https:\/\/api.w.org\/{rel}","templated":true}]}}