{"id":31244,"date":"2023-04-26T11:22:24","date_gmt":"2023-04-26T04:22:24","guid":{"rendered":"https:\/\/havamall.vn\/?post_type=product&#038;p=31244"},"modified":"2023-04-26T13:48:32","modified_gmt":"2023-04-26T06:48:32","slug":"bot-lua-mach-den-nguyen-cam-huu-co-probios-1kg-organic-rye-flour","status":"publish","type":"product","link":"https:\/\/havamall.vn\/en\/shop\/bot-lua-mach-den-nguyen-cam-huu-co-probios-1kg-organic-rye-flour\/","title":{"rendered":"B\u1ed9t L\u00faa M\u1ea1ch \u0110en Nguy\u00ean C\u00e1m H\u1eefu C\u01a1 Probios 1kg &#8211; Organic Rye Flour"},"content":{"rendered":"<h2><\/h2>\n<h2><strong>TH\u00d4NG TIN CHUNG<\/strong><\/h2>\n<table>\n<tbody>\n<tr>\n<td>Th\u01b0\u01a1ng hi\u1ec7u<\/td>\n<td>Probios<\/td>\n<\/tr>\n<tr>\n<td>Xu\u1ea5t x\u1ee9<\/td>\n<td>\u00dd<\/td>\n<\/tr>\n<tr>\n<td>Th\u00e0nh ph\u1ea7n<\/td>\n<td>100% b\u1ed9t l\u00faa m\u1ea1ch \u0111en nguy\u00ean c\u00e1m h\u1eefu c\u01a1<\/td>\n<\/tr>\n<tr>\n<td>H\u1ea1n s\u1eed d\u1ee5ng<\/td>\n<td>24 th\u00e1ng tr\u01b0\u1edbc h\u1ea1n s\u1eed d\u1ee5ng<\/td>\n<\/tr>\n<tr>\n<td>B\u1ea3o qu\u1ea3n<\/td>\n<td>\u0110\u1ec3 n\u01a1i kh\u00f4 r\u00e1o, tho\u00e1ng m\u00e1t, tr\u00e1nh \u00e1nh n\u1eafng tr\u1ef1c ti\u1ebfp<\/td>\n<\/tr>\n<tr>\n<td>Kh\u1ed1i l\u01b0\u1ee3ng<\/td>\n<td>1kg<\/td>\n<\/tr>\n<\/tbody>\n<\/table>\n<h2><strong>TH\u00d4NG TIN TH\u01af\u01a0NG HI\u1ec6U<\/strong><\/h2>\n<p>ProBios \u0111\u01b0\u1ee3c th\u00e0nh l\u1eadp t\u1eeb n\u0103m 1978 t\u1ea1i Florence \u2013 \u00dd. ProBios. B\u1eb1ng vi\u1ec7c s\u1ea3n xu\u1ea5t th\u1ef1c ph\u1ea9m h\u1eefu c\u01a1, ProBios \u0111\u00e3 l\u1ef1a ch\u1ecdn c\u1ea9n th\u1eadn c\u00e1c ph\u01b0\u01a1ng ph\u00e1p tr\u1ed3ng tr\u1ecdt c\u1ee7a nguy\u00ean li\u1ec7u th\u00f4 t\u00f4n tr\u1ecdng con ng\u01b0\u1eddi v\u00e0 thi\u00ean nhi\u00ean, kh\u00f4ng ch\u1ea5p nh\u1eadn s\u1eed d\u1ee5ng thu\u1ed1c di\u1ec7t c\u1ecf, thu\u1ed1c di\u1ec7t k\u00fd sinh tr\u00f9ng, ph\u00e2n b\u00f3n h\u00f3a h\u1ecdc v\u00e0 t\u1ed5ng h\u1ee3p v\u00e0 c\u00e1c sinh v\u1eadt bi\u1ebfn \u0111\u1ed5i gen g\u00e2y \u00f4 nhi\u1ec5m tr\u00e1i \u0111\u1ea5t, n\u01b0\u1edbc v\u00e0 kh\u00f4ng kh\u00ed c\u1ee7a ch\u00fang ta.<\/p>\n<p>Probios, c\u00f4ng ty h\u00e0ng \u0111\u1ea7u c\u1ee7a \u00dd trong l\u0129nh v\u1ef1c ph\u00e2n ph\u1ed1i th\u1ef1c ph\u1ea9m h\u1eefu c\u01a1, v\u1edbi kinh nghi\u1ec7m 40 n\u0103m, cung c\u1ea5p m\u1ed9t lo\u1ea1t c\u00e1c s\u1ea3n ph\u1ea9m \u0111\u1ed9c quy\u1ec1n, k\u1ebft h\u1ee3p vi\u1ec7c nghi\u00ean c\u1ee9u v\u00e0 l\u1ef1a ch\u1ecdn c\u00e1c nguy\u00ean li\u1ec7u h\u1eefu c\u01a1 \u0111\u1ec3 t\u1ea1o ra c\u00e1c c\u00f4ng th\u1ee9c n\u1ea5u \u0103n c\u00e2n b\u1eb1ng, nh\u1eb1m mang \u0111\u1ebfn cho ng\u01b0\u1eddi ti\u00eau d\u00f9ng nh\u1eefng s\u1ea3n ph\u1ea9m l\u00e0nh m\u1ea1nh v\u00e0 ngon nh\u1ea5t.<\/p>\n<p><img fetchpriority=\"high\" decoding=\"async\" class=\"wp-image-31245 aligncenter\" src=\"https:\/\/havamall.vn\/wp-content\/uploads\/2023\/04\/325200200_3245816259067153_2628770696557378253_n-300x115.jpeg\" alt=\"\" width=\"705\" height=\"270\" srcset=\"https:\/\/havamall.vn\/wp-content\/uploads\/2023\/04\/325200200_3245816259067153_2628770696557378253_n-300x115.jpeg 300w, https:\/\/havamall.vn\/wp-content\/uploads\/2023\/04\/325200200_3245816259067153_2628770696557378253_n-430x164.jpeg 430w, https:\/\/havamall.vn\/wp-content\/uploads\/2023\/04\/325200200_3245816259067153_2628770696557378253_n-150x57.jpeg 150w, https:\/\/havamall.vn\/wp-content\/uploads\/2023\/04\/325200200_3245816259067153_2628770696557378253_n-700x267.jpeg 700w, https:\/\/havamall.vn\/wp-content\/uploads\/2023\/04\/325200200_3245816259067153_2628770696557378253_n-768x293.jpeg 768w, https:\/\/havamall.vn\/wp-content\/uploads\/2023\/04\/325200200_3245816259067153_2628770696557378253_n-1024x391.jpeg 1024w, https:\/\/havamall.vn\/wp-content\/uploads\/2023\/04\/325200200_3245816259067153_2628770696557378253_n-1200x458.jpeg 1200w, https:\/\/havamall.vn\/wp-content\/uploads\/2023\/04\/325200200_3245816259067153_2628770696557378253_n-600x229.jpeg 600w\" sizes=\"(max-width: 705px) 100vw, 705px\" \/><\/p>\n<h2><strong>B\u1ed8T L\u00daA M\u1ea0CH \u0110EN NGUY\u00caN C\u00c1M H\u1eeeU C\u01a0 PROBIOS<\/strong><\/h2>\n<p>B\u1ed9t l\u00faa m\u1ea1ch nguy\u00ean c\u00e1m Probios \u0111\u01b0\u1ee3c l\u00e0m t\u1eeb l\u00faa m\u1ea1ch canh t\u00e1c h\u1eefu c\u01a1 t\u1ea1i \u00dd, v\u1edbi \u0111i\u1ec1u ki\u1ec7n kh\u00ed h\u1eadu v\u00e0 \u0111\u1ea5t \u0111ai ph\u00f9 h\u1ee3p \u0111\u1ec3 t\u1ea1o ra s\u1ea3n ph\u1ea9m ch\u1ea5t l\u01b0\u1ee3ng t\u1ed1t nh\u1ea5t. S\u1ea3n ph\u1ea9m \u0111\u01b0\u1ee3c \u0111\u00f3ng g\u00f3i trong bao b\u00ec k\u00edn, gi\u1eef cho h\u01b0\u01a1ng v\u1ecb th\u01a1m ngon \u0111\u01b0\u1ee3c b\u1ea3o to\u00e0n theo th\u1eddi gian.<\/p>\n<p>L\u00faa m\u1ea1ch \u0111en l\u00e0 m\u1ed9t trong nh\u1eefng c\u00e2y tr\u1ed3ng ng\u0169 c\u1ed1c quan tr\u1ecdng nh\u1ea5t v\u00e0 lo\u1ea1i c\u1ecf n\u00e0y \u0111\u01b0\u1ee3c tr\u1ed3ng r\u1ed9ng r\u00e3i tr\u00ean kh\u1eafp th\u1ebf gi\u1edbi. L\u1ee3i \u00edch s\u1ee9c kh\u1ecfe \u1ea5n t\u01b0\u1ee3ng c\u1ee7a l\u00faa m\u1ea1ch \u0111en l\u00e0 m\u1ed9t l\u00fd do kh\u00e1 t\u1ed1t \u0111\u1ec3 th\u00eam n\u00f3 v\u00e0o ch\u1ebf \u0111\u1ed9 \u0103n u\u1ed1ng c\u1ee7a b\u1ea1n. Nh\u1eefng l\u1ee3i \u00edch s\u1ee9c kh\u1ecfe \u1ea5n t\u01b0\u1ee3ng nh\u1ea5t c\u1ee7a l\u00faa m\u1ea1ch \u0111en bao g\u1ed3m kh\u1ea3 n\u0103ng gi\u00fap gi\u1ea3m c\u00e2n, t\u0103ng hi\u1ec7u qu\u1ea3 c\u1ee7a h\u1ec7 th\u1ed1ng ti\u00eau h\u00f3a. l\u00faa m\u1ea1ch \u0111en gi\u00fap ng\u0103n ng\u1eeba s\u1ecfi m\u1eadt, gi\u1ea3m nguy c\u01a1 m\u1eafc b\u1ec7nh ti\u1ec3u \u0111\u01b0\u1eddng, gi\u1ea3m huy\u1ebft \u00e1p.<\/p>\n<p><img decoding=\"async\" class=\"wp-image-31246 aligncenter\" src=\"https:\/\/havamall.vn\/wp-content\/uploads\/2023\/04\/305057694_1411706516004409_1239477644547730579_n-300x300.jpeg\" alt=\"\" width=\"713\" height=\"713\" srcset=\"https:\/\/havamall.vn\/wp-content\/uploads\/2023\/04\/305057694_1411706516004409_1239477644547730579_n-300x300.jpeg 300w, https:\/\/havamall.vn\/wp-content\/uploads\/2023\/04\/305057694_1411706516004409_1239477644547730579_n-430x430.jpeg 430w, https:\/\/havamall.vn\/wp-content\/uploads\/2023\/04\/305057694_1411706516004409_1239477644547730579_n-150x150.jpeg 150w, https:\/\/havamall.vn\/wp-content\/uploads\/2023\/04\/305057694_1411706516004409_1239477644547730579_n-700x700.jpeg 700w, https:\/\/havamall.vn\/wp-content\/uploads\/2023\/04\/305057694_1411706516004409_1239477644547730579_n-768x768.jpeg 768w, https:\/\/havamall.vn\/wp-content\/uploads\/2023\/04\/305057694_1411706516004409_1239477644547730579_n-1024x1024.jpeg 1024w, https:\/\/havamall.vn\/wp-content\/uploads\/2023\/04\/305057694_1411706516004409_1239477644547730579_n-1200x1200.jpeg 1200w, https:\/\/havamall.vn\/wp-content\/uploads\/2023\/04\/305057694_1411706516004409_1239477644547730579_n-600x600.jpeg 600w, https:\/\/havamall.vn\/wp-content\/uploads\/2023\/04\/305057694_1411706516004409_1239477644547730579_n-100x100.jpeg 100w, https:\/\/havamall.vn\/wp-content\/uploads\/2023\/04\/305057694_1411706516004409_1239477644547730579_n.jpeg 2048w\" sizes=\"(max-width: 713px) 100vw, 713px\" \/><\/p>\n<p>Ch\u00fang gi\u00fap b\u1ea3o v\u1ec7 s\u1ee9c kh\u1ecfe tim m\u1ea1ch, gi\u00fap ng\u0103n ng\u1eeba c\u00e1c lo\u1ea1i ung th\u01b0 kh\u00e1c nhau v\u00e0 th\u1eadm ch\u00ed h\u1ea1 th\u1ea5p c\u01a1 h\u1ed9i ph\u00e1t tri\u1ec3n b\u1ec7nh hen suy\u1ec5n \u1edf tr\u1ebb em. T\u1ea5t c\u1ea3 nh\u1eefng l\u1ee3i \u00edch s\u1ee9c kh\u1ecfe c\u1ee7a l\u00faa m\u1ea1ch \u0111en l\u00e0 k\u1ebft qu\u1ea3 c\u1ee7a c\u00e1c ch\u1ea5t dinh d\u01b0\u1ee1ng, kho\u00e1ng ch\u1ea5t, vitamin v\u00e0 c\u00e1c h\u1ee3p ch\u1ea5t h\u1eefu c\u01a1 c\u00f3 th\u1ec3 t\u00ecm th\u1ea5y trong \u0111\u00f3. M\u1ed9t s\u1ed1 th\u00e0nh ph\u1ea7n ch\u00ednh n\u00e0y bao g\u1ed3m mangan, \u0111\u1ed3ng, magi\u00ea, ph\u1ed1t pho, vitamin B, ch\u1ea5t x\u01a1 v\u00e0 c\u00e1c h\u1ee3p ch\u1ea5t ch\u1ed1ng oxy h\u00f3a phenolic.<\/p>\n<p><img decoding=\"async\" class=\"wp-image-31247 aligncenter\" src=\"https:\/\/havamall.vn\/wp-content\/uploads\/2023\/04\/326275147_491983386453096_2448877237573734878_n-300x300.jpeg\" alt=\"\" width=\"831\" height=\"831\" srcset=\"https:\/\/havamall.vn\/wp-content\/uploads\/2023\/04\/326275147_491983386453096_2448877237573734878_n-300x300.jpeg 300w, https:\/\/havamall.vn\/wp-content\/uploads\/2023\/04\/326275147_491983386453096_2448877237573734878_n-430x430.jpeg 430w, https:\/\/havamall.vn\/wp-content\/uploads\/2023\/04\/326275147_491983386453096_2448877237573734878_n-150x150.jpeg 150w, https:\/\/havamall.vn\/wp-content\/uploads\/2023\/04\/326275147_491983386453096_2448877237573734878_n-700x700.jpeg 700w, https:\/\/havamall.vn\/wp-content\/uploads\/2023\/04\/326275147_491983386453096_2448877237573734878_n-768x768.jpeg 768w, https:\/\/havamall.vn\/wp-content\/uploads\/2023\/04\/326275147_491983386453096_2448877237573734878_n-1024x1024.jpeg 1024w, https:\/\/havamall.vn\/wp-content\/uploads\/2023\/04\/326275147_491983386453096_2448877237573734878_n-1200x1200.jpeg 1200w, https:\/\/havamall.vn\/wp-content\/uploads\/2023\/04\/326275147_491983386453096_2448877237573734878_n-600x600.jpeg 600w, https:\/\/havamall.vn\/wp-content\/uploads\/2023\/04\/326275147_491983386453096_2448877237573734878_n-100x100.jpeg 100w, https:\/\/havamall.vn\/wp-content\/uploads\/2023\/04\/326275147_491983386453096_2448877237573734878_n.jpeg 2048w\" sizes=\"(max-width: 831px) 100vw, 831px\" \/><\/p>\n<h2><strong>L\u1ee2I \u00cdCH C\u1ee6A B\u1ed8T L\u00daA M\u1ea0CH \u0110EN NGUY\u00caN C\u00c1M H\u1eeeU C\u01a0.<\/strong><\/h2>\n<p>&gt; L\u00faa m\u1ea1ch \u0111en nguy\u00ean c\u00e1m h\u1eefu c\u01a1 \u0111\u01b0\u1ee3c coi l\u00e0 b\u1ed5 d\u01b0\u1ee1ng h\u01a1n l\u00faa m\u00ec v\u00ec n\u00f3 ch\u1ee9a nhi\u1ec1u kho\u00e1ng ch\u1ea5t v\u1edbi \u00edt carbohydrate v\u00e0 kh\u00f4ng g\u00e2y t\u0103ng \u0111\u1ed9t bi\u1ebfn l\u01b0\u1ee3ng \u0111\u01b0\u1eddng trong m\u00e1u. L\u00faa m\u1ea1ch \u0111en l\u00e0 m\u1ed9t ngu\u1ed3n ch\u1ea5t x\u01a1 tuy\u1ec7t v\u1eddi v\u1edbi 16,7g trong m\u1ed9t kh\u1ea9u ph\u1ea7n 100g. Vi\u1ec7c b\u1ed5 sung ch\u1ea5t x\u01a1 gi\u00fap gi\u1ea3m h\u1ea5p thu carbohydrate, gi\u00fap ng\u0103n ch\u1eb7n l\u01b0\u1ee3ng \u0111\u01b0\u1eddng trong m\u00e1u t\u0103ng nhanh.<\/p>\n<p>&gt; B\u1ed9t l\u00faa m\u1ea1ch \u0111en c\u1ea3i thi\u1ec7n \u0111\u1ed9 nh\u1ea1y insulin v\u00e0 gi\u1ea3m cholesterol to\u00e0n ph\u1ea7n trong huy\u1ebft t\u01b0\u01a1ng, \u0111\u1eb7c bi\u1ec7t l\u00e0 b\u00e1nh m\u00ec l\u00faa m\u1ea1ch c\u00f3 hi\u1ec7u qu\u1ea3 trong vi\u1ec7c ki\u1ec3m so\u00e1t m\u1ee9c glucose v\u00e0 c\u1ea3i thi\u1ec7n ho\u1ea1t \u0111\u1ed9ng c\u1ee7a insulin.<\/p>\n<p><img loading=\"lazy\" decoding=\"async\" class=\"wp-image-31248 aligncenter\" src=\"https:\/\/havamall.vn\/wp-content\/uploads\/2023\/04\/83280434_865840963924303_8746544629011782647_n-300x200.png\" alt=\"\" width=\"688\" height=\"458\" srcset=\"https:\/\/havamall.vn\/wp-content\/uploads\/2023\/04\/83280434_865840963924303_8746544629011782647_n-300x200.png 300w, https:\/\/havamall.vn\/wp-content\/uploads\/2023\/04\/83280434_865840963924303_8746544629011782647_n-430x287.png 430w, https:\/\/havamall.vn\/wp-content\/uploads\/2023\/04\/83280434_865840963924303_8746544629011782647_n-150x100.png 150w, https:\/\/havamall.vn\/wp-content\/uploads\/2023\/04\/83280434_865840963924303_8746544629011782647_n-700x467.png 700w, https:\/\/havamall.vn\/wp-content\/uploads\/2023\/04\/83280434_865840963924303_8746544629011782647_n-768x512.png 768w, https:\/\/havamall.vn\/wp-content\/uploads\/2023\/04\/83280434_865840963924303_8746544629011782647_n-1024x683.png 1024w, https:\/\/havamall.vn\/wp-content\/uploads\/2023\/04\/83280434_865840963924303_8746544629011782647_n-1200x800.png 1200w, https:\/\/havamall.vn\/wp-content\/uploads\/2023\/04\/83280434_865840963924303_8746544629011782647_n-600x400.png 600w, https:\/\/havamall.vn\/wp-content\/uploads\/2023\/04\/83280434_865840963924303_8746544629011782647_n.png 2048w\" sizes=\"(max-width: 688px) 100vw, 688px\" \/><\/p>\n<p>&gt; L\u00faa m\u1ea1ch \u0111en nguy\u00ean h\u1ea1t ch\u1ee9a c\u00e1c \u0111\u1eb7c t\u00ednh ch\u1ed1ng ung th\u01b0 l\u00e0 ch\u1ea5t x\u01a1 h\u00f2a tan v\u00e0 kh\u00f4ng h\u00f2a tan, a x\u00edt phytic, tinh b\u1ed9t kh\u00e1ng, polyphenol, saponin v\u00e0 ch\u1ea5t \u1ee9c ch\u1ebf protease. T\u1ea5t c\u1ea3 nh\u1eefng kho\u00e1ng ch\u1ea5t n\u00e0y gi\u00fap ng\u0103n ng\u1eeba c\u00e1c t\u1ebf b\u00e0o ung th\u01b0 l\u00e2y lan.<\/p>\n<p>&gt; Nh\u01b0 ch\u00fang ta bi\u1ebft, ch\u1ea5t x\u01a1 h\u1ed7 tr\u1ee3 lo\u1ea1i b\u1ecf ch\u1ea5t th\u1ea3i \u2013 v\u00e0 \u0111i\u1ec1u n\u00e0y c\u00f3 th\u1ec3 gi\u1ea3i ph\u00f3ng c\u01a1 th\u1ec3 c\u00e1c ch\u1ea5t \u0111\u1ed9c do \u0111\u00f3 v\u1edbi ngu\u1ed3n ch\u1ea5t x\u01a1 gi\u00e0u c\u00f3 c\u1ee7a m\u00ecnh l\u00faa m\u1ea1ch \u0111en c\u00f3 th\u1ec3 gi\u00fap c\u01a1 th\u1ec3 lo\u1ea1i b\u1ecf c\u00e1c \u0111\u1ed9c t\u1ed1 g\u00e2y h\u1ea1i.<\/p>\n<p>&gt; L\u00faa m\u1ea1ch \u0111en l\u00e0 m\u1ed9t ngu\u1ed3n canxi v\u00e0 magi\u00ea t\u1ed1t v\u00e0 l\u00e0 m\u1ed9t ngu\u1ed3n mangan, ph\u1ed1t pho tuy\u1ec7t v\u1eddi. Nh\u1eefng kho\u00e1ng ch\u1ea5t n\u00e0y gi\u00fap x\u00e2y d\u1ef1ng v\u00e0 c\u1ee7ng c\u1ed1 m\u1ed9t h\u1ec7 x\u01b0\u01a1ng v\u00e0 r\u0103ng ch\u1eafc kh\u1ecfe.<\/p>\n<p>&gt; C\u00e1c ch\u1ea5t ch\u1ed1ng oxy h\u00f3a trong l\u00faa m\u1ea1ch \u0111en ch\u1ed1ng l\u1ea1i c\u00e1c g\u1ed1c t\u1ef1 do, c\u0169ng g\u00f3p ph\u1ea7n g\u00e2y l\u00e3o h\u00f3a s\u1edbm. C\u00e1c kho\u00e1ng ch\u1ea5t kh\u00e1c trong l\u00faa m\u1ea1ch \u0111en, nh\u01b0 k\u1ebdm, magi\u00ea, canxi v\u00e0 s\u1eaft c\u0169ng n\u00e2ng cao kh\u1ea3 n\u0103ng \u0111\u00e1nh b\u1ea1i c\u00e1c d\u1ea5u hi\u1ec7u l\u00e3o h\u00f3a s\u1edbm.<\/p>\n<p>&gt; B\u1ed9t l\u00faa m\u1ea1ch \u0111en gi\u1eef tr\u1ecdn v\u1eb9n ch\u1ea5t x\u01a1 v\u00e0 ph\u1ea7n d\u1ea7u c\u1ee7a l\u1edbp v\u1ecf c\u00e1m. Kh\u00f4ng ch\u1ec9 ngon, m\u00e0 c\u00f2n dinh d\u01b0\u1ee1ng. Khi m\u1edf t\u00fai b\u1ed9t ra, d\u1ec5 d\u00e0ng nh\u1eadn th\u1ea5y s\u1ef1 kh\u00e1c bi\u1ec7t v\u1edbi c\u00e1c b\u1ed9t tr\u1eafng kh\u00e1c qua m\u00f9i th\u01a1m c\u1ee7a n\u00f3.<\/p>\n<h2><img loading=\"lazy\" decoding=\"async\" class=\"wp-image-31249 aligncenter\" src=\"https:\/\/havamall.vn\/wp-content\/uploads\/2023\/04\/Screen-Shot-2023-04-26-at-10.17.08-AM-300x287.png\" alt=\"\" width=\"685\" height=\"656\" srcset=\"https:\/\/havamall.vn\/wp-content\/uploads\/2023\/04\/Screen-Shot-2023-04-26-at-10.17.08-AM-300x287.png 300w, https:\/\/havamall.vn\/wp-content\/uploads\/2023\/04\/Screen-Shot-2023-04-26-at-10.17.08-AM-430x412.png 430w, https:\/\/havamall.vn\/wp-content\/uploads\/2023\/04\/Screen-Shot-2023-04-26-at-10.17.08-AM-150x144.png 150w, https:\/\/havamall.vn\/wp-content\/uploads\/2023\/04\/Screen-Shot-2023-04-26-at-10.17.08-AM-700x671.png 700w, https:\/\/havamall.vn\/wp-content\/uploads\/2023\/04\/Screen-Shot-2023-04-26-at-10.17.08-AM-768x736.png 768w, https:\/\/havamall.vn\/wp-content\/uploads\/2023\/04\/Screen-Shot-2023-04-26-at-10.17.08-AM-1024x981.png 1024w, https:\/\/havamall.vn\/wp-content\/uploads\/2023\/04\/Screen-Shot-2023-04-26-at-10.17.08-AM-1200x1150.png 1200w, https:\/\/havamall.vn\/wp-content\/uploads\/2023\/04\/Screen-Shot-2023-04-26-at-10.17.08-AM-600x575.png 600w, https:\/\/havamall.vn\/wp-content\/uploads\/2023\/04\/Screen-Shot-2023-04-26-at-10.17.08-AM.png 1672w\" sizes=\"(max-width: 685px) 100vw, 685px\" \/><\/h2>\n<h2><strong>H\u01af\u1edaNG D\u1eaaN L\u00c0M B\u00c1NH M\u00cc T\u1eea B\u1ed8T L\u00daA M\u1ea0CH \u0110EN NGUY\u00caN C\u00c1M H\u1eeeU C\u01a0<\/strong><\/h2>\n<p>&#8211; D\u00f9ng l\u00e0m b\u00e1nh m\u00ec (c\u00f3 th\u1ec3 tr\u1ed9n v\u1edbi b\u1ed9t m\u00ec), b\u00e1nh m\u00ec c\u00f3 gia v\u1ecb, d\u00f9ng l\u00e0m b\u00e1nh g\u1eebng\u2026<\/p>\n<p>&#8211; Ho\u00e0 men n\u1edf v\u1edbi s\u1eefa \u1ea5m cho men ngh\u1ec9 15 ph\u00fat men n\u1edf nh\u01b0 g\u1ea1ch cua l\u00e0 \u0111\u1ea1t Tr\u1ed9n b\u1ed9t m\u00ec, men n\u1edf mu\u1ed1i v\u00e0 n\u01b0\u1edbc \u1ea5m nh\u1ed3i cho \u0111\u1ebfn l\u00fac m\u1ecbn d\u1ebbo \u1ee6 b\u1ed9t 2-3h, b\u1ed9t n\u1edf th\u00e0nh 2-3 l\u1ea7n l\u00e0 \u0111\u1ea1t, mang ra nh\u1ed3i l\u1ea1i t\u1ea1o h\u00ecnh nh\u01b0 \u00fd cho ngh\u1ec9 them 30 ph\u00fat N\u01b0\u1edbng b\u00e1nh nhi\u1ec7t \u0111\u1ed9 180 \u0111\u1ed9 40-45 ph\u00fat.<\/p>\n<p>&#8211; B\u1ed9t l\u00faa m\u1ea1ch \u0111en nguy\u00ean c\u00e1m d\u00f9ng \u0111\u1ec3 l\u00e0m c\u00e1c lo\u1ea1i b\u00e1nh m\u00ec, muffin, cupcakes..<\/p>\n<p>&#8211; D\u00f9ng \u0111\u1ec3 n\u1ea5u s\u00fap, ch\u00e1o,&#8230;<\/p>\n<p><img loading=\"lazy\" decoding=\"async\" class=\"wp-image-31250 aligncenter\" src=\"https:\/\/havamall.vn\/wp-content\/uploads\/2023\/04\/195132870_1104502893391441_3803367710790548852_n-224x300.jpeg\" alt=\"\" width=\"695\" height=\"931\" srcset=\"https:\/\/havamall.vn\/wp-content\/uploads\/2023\/04\/195132870_1104502893391441_3803367710790548852_n-224x300.jpeg 224w, https:\/\/havamall.vn\/wp-content\/uploads\/2023\/04\/195132870_1104502893391441_3803367710790548852_n-430x577.jpeg 430w, https:\/\/havamall.vn\/wp-content\/uploads\/2023\/04\/195132870_1104502893391441_3803367710790548852_n-150x201.jpeg 150w, https:\/\/havamall.vn\/wp-content\/uploads\/2023\/04\/195132870_1104502893391441_3803367710790548852_n-700x939.jpeg 700w, https:\/\/havamall.vn\/wp-content\/uploads\/2023\/04\/195132870_1104502893391441_3803367710790548852_n-768x1030.jpeg 768w, https:\/\/havamall.vn\/wp-content\/uploads\/2023\/04\/195132870_1104502893391441_3803367710790548852_n-764x1024.jpeg 764w, https:\/\/havamall.vn\/wp-content\/uploads\/2023\/04\/195132870_1104502893391441_3803367710790548852_n-1200x1609.jpeg 1200w, https:\/\/havamall.vn\/wp-content\/uploads\/2023\/04\/195132870_1104502893391441_3803367710790548852_n-600x804.jpeg 600w, https:\/\/havamall.vn\/wp-content\/uploads\/2023\/04\/195132870_1104502893391441_3803367710790548852_n.jpeg 1432w\" sizes=\"(max-width: 695px) 100vw, 695px\" \/><\/p>","protected":false},"excerpt":{"rendered":"<p>TH\u00d4NG TIN CHUNG Th\u01b0\u01a1ng hi\u1ec7u Probios Xu\u1ea5t x\u1ee9 \u00dd Th\u00e0nh ph\u1ea7n 100% b\u1ed9t l\u00faa m\u1ea1ch \u0111en nguy\u00ean c\u00e1m h\u1eefu c\u01a1<\/p>","protected":false},"featured_media":31251,"comment_status":"open","ping_status":"closed","template":"","meta":[],"product_brand":[],"product_cat":[256,36],"product_tag":[],"class_list":{"0":"post-31244","1":"product","2":"type-product","3":"status-publish","4":"has-post-thumbnail","6":"product_cat-thuc-pham-huu-co","7":"product_cat-thuc-pham-tieu-dung","8":"pa_brand-probios","10":"first","11":"instock","12":"sale","13":"shipping-taxable","14":"purchasable","15":"product-type-simple"},"_links":{"self":[{"href":"https:\/\/havamall.vn\/en\/wp-json\/wp\/v2\/product\/31244"}],"collection":[{"href":"https:\/\/havamall.vn\/en\/wp-json\/wp\/v2\/product"}],"about":[{"href":"https:\/\/havamall.vn\/en\/wp-json\/wp\/v2\/types\/product"}],"replies":[{"embeddable":true,"href":"https:\/\/havamall.vn\/en\/wp-json\/wp\/v2\/comments?post=31244"}],"version-history":[{"count":0,"href":"https:\/\/havamall.vn\/en\/wp-json\/wp\/v2\/product\/31244\/revisions"}],"wp:featuredmedia":[{"embeddable":true,"href":"https:\/\/havamall.vn\/en\/wp-json\/wp\/v2\/media\/31251"}],"wp:attachment":[{"href":"https:\/\/havamall.vn\/en\/wp-json\/wp\/v2\/media?parent=31244"}],"wp:term":[{"taxonomy":"product_brand","embeddable":true,"href":"https:\/\/havamall.vn\/en\/wp-json\/wp\/v2\/product_brand?post=31244"},{"taxonomy":"product_cat","embeddable":true,"href":"https:\/\/havamall.vn\/en\/wp-json\/wp\/v2\/product_cat?post=31244"},{"taxonomy":"product_tag","embeddable":true,"href":"https:\/\/havamall.vn\/en\/wp-json\/wp\/v2\/product_tag?post=31244"}],"curies":[{"name":"wp","href":"https:\/\/api.w.org\/{rel}","templated":true}]}}