{"id":31236,"date":"2023-04-25T17:28:47","date_gmt":"2023-04-25T10:28:47","guid":{"rendered":"https:\/\/havamall.vn\/?post_type=product&#038;p=31236"},"modified":"2025-08-19T10:19:08","modified_gmt":"2025-08-19T03:19:08","slug":"banh-quy-lady-finger-savoiardi-lago-gastone-200g","status":"publish","type":"product","link":"https:\/\/havamall.vn\/en\/shop\/banh-quy-lady-finger-savoiardi-lago-gastone-200g\/","title":{"rendered":"B\u00e1nh Quy Lady Finger Savoiardi Lago Gastone 200G"},"content":{"rendered":"<div><\/div>\n<div><\/div>\n<div>\n<h2><strong>TH\u00d4NG TIN CHUNG<\/strong><\/h2>\n<table>\n<tbody>\n<tr>\n<td>Th\u01b0\u01a1ng hi\u1ec7u<\/td>\n<td>Lago<\/td>\n<\/tr>\n<tr>\n<td>Xu\u1ea5t x\u1ee9<\/td>\n<td>\u00dd<\/td>\n<\/tr>\n<tr>\n<td>Th\u00e0nh ph\u1ea7n<\/td>\n<td>B\u1ed9t m\u00ec, \u0111\u01b0\u1eddng, tr\u1ee9ng (27%), h\u01b0\u01a1ng li\u1ec7u t\u1ef1 nhi\u00ean&#8230;<\/td>\n<\/tr>\n<tr>\n<td>H\u1ea1n s\u1eed d\u1ee5ng<\/td>\n<td>Xem tr\u1ef1c ti\u1ebfp tr\u00ean bao b\u00ec<\/td>\n<\/tr>\n<tr>\n<td>B\u1ea3o qu\u1ea3n<\/td>\n<td>\u0110\u1ec3 n\u01a1i kh\u00f4 r\u00e1o, tho\u00e1ng m\u00e1t, tr\u00e1nh \u00e1nh n\u1eafng tr\u1ef1c ti\u1ebfp<\/td>\n<\/tr>\n<tr>\n<td>Kh\u1ed1i l\u01b0\u1ee3ng<\/td>\n<td>200g<\/td>\n<\/tr>\n<\/tbody>\n<\/table>\n<h2><strong>B\u00c1NH SAVOIARDI LADY FINGERS LAGO<\/strong><\/h2>\n<p>B\u00e1nh Savoiardi l\u00e0 m\u1ed9t lo\u1ea1i b\u00e1nh x\u1ed1p ng\u1ecdt v\u00e0 nh\u1eb9. B\u00e1nh Savoiardi c\u00f3 t\u00ean g\u1ecdi kh\u00e1c l\u00e0 b\u00e1nh Ladyfinger v\u00ec c\u00f3 h\u00ecnh d\u1ea1ng nh\u01b0 m\u1ed9t ng\u00f3n tay l\u1edbn. B\u00e1nh Savoiardi c\u00f3 c\u00e1ch l\u00e0m gi\u1ed1ng v\u1edbi c\u1ed1t b\u00e1nh gato ch\u1ec9 kh\u00e1c \u1edf \u0111i\u1ec3m l\u00e0 khi n\u01b0\u1edbng \u0111\u01b0\u1ee3c n\u01b0\u1edbng \u1edf nhi\u1ec7t \u0111\u1ed9 r\u1ea5t cao n\u00ean b\u00e1nh kh\u00f4, x\u1ed1p.<\/p>\n<p>N\u00f3 th\u01b0\u1eddng \u0111\u01b0\u1ee3c d\u00f9ng l\u00e0 th\u00e0nh ph\u1ea7n trong nhi\u1ec1u m\u00f3n tr\u00e1ng mi\u1ec7ng nh\u01b0 b\u00e1nh x\u1ed1p kem, b\u00e1nh charlotte v\u00e0 tiramisu. \u0110\u1ec3 l\u00e0m b\u00e1nh tiramisu, kh\u00f4ng th\u1ec3 thi\u1ebfu b\u00e1nh Savoiardi, ta th\u01b0\u1eddng nh\u00fang b\u00e1nh\u00a0Savoiardi ng\u00e2m v\u1edbi r\u01b0\u1ee3u rhum v\u1edbi cafe ho\u1eb7c kalua \u0111\u1ec3 l\u00e0m b\u00e1nh, v\u00ec Savoiardi x\u1ed1p, gi\u00f2n r\u1ea5t h\u1ee3p cho b\u00e1nh.<\/p>\n<p><img fetchpriority=\"high\" decoding=\"async\" class=\"wp-image-31238 aligncenter\" src=\"https:\/\/havamall.com\/wp-content\/uploads\/2025\/08\/96287402_2010189549125241_1410734849353842688_n-300x300.jpg\" alt=\"\" width=\"680\" height=\"680\" \/><\/p>\n<p>N\u00f3 c\u0169ng th\u01b0\u1eddng \u0111\u01b0\u1ee3c nh\u00fang v\u00e0o xi r\u00f4 ho\u1eb7c r\u01b0\u1ee3u m\u00f9i. B\u00e1nh Savoiardi c\u0169ng l\u00e0 m\u1ed9t m\u00f3n d\u00e0nh cho tr\u1ebb nh\u1ecf v\u00ec n\u00f3 m\u1ec1m, ph\u00f9 h\u1ee3p cho r\u0103ng m\u1edbi m\u1ecdc, d\u1ec5 d\u00e0ng c\u1ea7m n\u1eafm v\u00e0 kh\u00f4ng b\u1ecb v\u1ee1 v\u1ee5n. B\u00e1nh x\u1ed1p, gi\u00f2n tan th\u01a1m m\u00f9i b\u01a1 v\u00e0 tr\u1ee9ng g\u00e0. B\u00e1nh Savoiardi \u0111\u01b0\u1ee3c l\u00e0m t\u1eeb c\u00e1c nguy\u00ean li\u1ec7u th\u01a1m ngon: b\u1ed9t m\u00ec, \u0111\u01b0\u1eddng, b\u01a1, d\u1ea7u \u0103n, vani, h\u01b0\u01a1ng li\u1ec7u, tr\u1ee9ng\u2026 t\u1ea1o cho chi\u1ebfc b\u00e1nh th\u01a1m m\u00f9i tr\u1ee9ng v\u00e0 b\u01a1, v\u00f4 c\u00f9ng ng\u1ecdt ng\u00e0o, th\u01a1m ngon.<\/p>\n<p><img decoding=\"async\" class=\"wp-image-31239 aligncenter\" src=\"https:\/\/havamall.com\/wp-content\/uploads\/2025\/08\/82702582_1891922157618648_3528636506375716864_n-300x300.jpg\" alt=\"\" width=\"694\" height=\"694\" \/><\/p>\n<\/div>\n<div class=\"short-description\">B\u00e1nh quy lady finger\u00a0l\u00e0 m\u00f3n \u0103n y\u00eau th\u00edch c\u1ee7a nhi\u1ec1u ng\u01b0\u1eddi b\u1edfi h\u01b0\u01a1ng v\u1ecb th\u01a1m ngon.\u00a0B\u00e1nh quy x\u1ed1p Lago savoiardi gastone g\u00f3i 200g\u00a0\u0111\u1eb7c tr\u01b0ng v\u1edbi l\u1edbp \u0111\u01b0\u1eddng ph\u1ee7 m\u1ed9t m\u1eb7t b\u00e1nh ho\u00e0 c\u00f9ng l\u1edbp b\u00e1nh gi\u00f2n tan trong mi\u1ec7ng khi th\u01b0\u1edfng th\u1ee9c.\u00a0B\u00e1nh quy Lago\u00a0l\u00e0 m\u00f3n b\u00e1nh h\u1ea5p d\u1eabn ph\u00f9 h\u1ee3p \u0111\u1ec3 b\u1ea1n nh\u00e2m nhi c\u00f9ng b\u1ea1n b\u00e8 v\u00e0 ng\u01b0\u1eddi th\u00e2n.<\/div>\n<div><img decoding=\"async\" class=\"wp-image-31240 aligncenter\" src=\"https:\/\/havamall.com\/wp-content\/uploads\/2025\/08\/274937644_2660975387379984_3340857542245146704_n-300x300.jpg\" alt=\"\" width=\"704\" height=\"704\" \/><\/div>\n<p class=\"short-description\">B\u00e1nh x\u1ed1p, gi\u00f2n tan th\u01a1m m\u00f9i b\u01a1 v\u00e0 tr\u1ee9ng g\u00e0. B\u00e1nh Savoiardi \u0111\u01b0\u1ee3c l\u00e0m t\u1eeb c\u00e1c nguy\u00ean li\u1ec7u th\u01a1m ngon: b\u1ed9t m\u00ec, \u0111\u01b0\u1eddng, b\u01a1, d\u1ea7u \u0103n, vani, h\u01b0\u01a1ng li\u1ec7u, tr\u1ee9ng\u2026 t\u1ea1o cho chi\u1ebfc b\u00e1nh th\u01a1m m\u00f9i tr\u1ee9ng v\u00e0 b\u01a1, v\u00f4 c\u00f9ng ng\u1ecdt ng\u00e0o, th\u01a1m ngon.<\/p>\n<p><img loading=\"lazy\" decoding=\"async\" class=\"wp-image-31241 aligncenter\" src=\"https:\/\/havamall.com\/wp-content\/uploads\/2025\/08\/157881100_2322849824525877_3973533101728241479_n-300x300.jpg\" alt=\"\" width=\"703\" height=\"703\" \/><\/p>\n<h2><strong>\u0110\u1eb6C \u0110I\u1ec2M N\u1ed4I B\u1eacT C\u1ee6A S\u1ea2N PH\u1ea8M<\/strong><\/h2>\n<p>&#8211; B\u00e1nh quy x\u1ed1p d\u1ea1ng que d\u00e0i \u0111\u1eb9p m\u1eaft. B\u00e1nh th\u01a1m gi\u00f2n v\u1edbi l\u1edbp kem l\u00e0m t\u1eeb tr\u1ee9ng, s\u1eefa b\u00ean trong.<\/p>\n<p>&#8211; B\u00e1nh quy l\u00e0m t\u1eeb l\u00faa m\u1ea1ch th\u01b0\u1ee3ng h\u1ea1ng<\/p>\n<p>&#8211; B\u00e1nh quy x\u1ed1p \u0111\u01b0\u1ee3c l\u00e0m t\u1eeb nguy\u00ean li\u1ec7u ch\u00ednh l\u00e0 l\u00faa m\u1ea1ch b\u1ed5 sung h\u00e0m l\u01b0\u1ee3ng dinh d\u01b0\u1ee1ng cho c\u01a1 th\u1ec3. S\u1ea3n ph\u1ea9m \u0111\u01b0\u1ee3c l\u00e0m t\u1eeb nh\u1eefng h\u1ea1t l\u00faa m\u1ea1ch th\u01a1m ngon nh\u1ea5t, c\u00f3 v\u1ecb b\u00e9o, v\u1ecb ng\u1ecdt, th\u01a1m ngon.<\/p>\n<p>&#8211; S\u1ea3n ph\u1ea9m nh\u1eadp kh\u1ea9u t\u1eeb Italy, \u0111\u00e3 \u0111\u01b0\u1ee3c ki\u1ec3m \u0111\u1ecbnh ch\u1ea5t l\u01b0\u1ee3ng<\/p>\n<p>&#8211; S\u1ea3n ph\u1ea9m \u0111\u1ea3m b\u1ea3o an to\u00e0n th\u1ef1c ph\u1ea9m theo ti\u00eau chu\u1ea9n ch\u00e2u \u00c2u v\u00e0 \u0111\u00e3 \u0111\u01b0\u1ee3c ki\u1ec3m \u0111\u1ecbnh t\u1ea1i Vi\u1ec7t Nam.<\/p>\n<h3><img loading=\"lazy\" decoding=\"async\" class=\"wp-image-31242 aligncenter\" src=\"https:\/\/havamall.com\/wp-content\/uploads\/2025\/08\/74303478_1796332930510905_3586922141750132736_n-300x300.jpg\" alt=\"\" width=\"708\" height=\"708\" \/><\/h3>\n<h3><strong>H\u01af\u1edaNG D\u1eaaN S\u1eec D\u1ee4NG<\/strong><\/h3>\n<p>B\u00e1nh Savoiardi Lago c\u00f3 th\u1ec3 d\u00f9ng \u0111\u1ec3 \u0103n tr\u1ef1c ti\u1ebfp kh\u00f4ng c\u1ea7n qua ch\u1ebf bi\u1ebfn ho\u1eb7c l\u00e0 nguy\u00ean li\u1ec7u kh\u00f4ng th\u1ec3 thi\u1ebfu trong b\u00e1nh tiramisu, b\u00e1nh Savoiardi c\u00f3 th\u1ec3 d\u00f9ng l\u00e0m n\u1ec1n b\u00e1nh cho b\u00e1nh cheesecake, trang tr\u00ed b\u00e1nh gato\u2026<\/p>","protected":false},"excerpt":{"rendered":"<p>TH\u00d4NG TIN CHUNG Th\u01b0\u01a1ng hi\u1ec7u Lago Xu\u1ea5t x\u1ee9 \u00dd Th\u00e0nh ph\u1ea7n B\u1ed9t m\u00ec, \u0111\u01b0\u1eddng, tr\u1ee9ng (27%), h\u01b0\u01a1ng li\u1ec7u t\u1ef1 nhi\u00ean&#8230;<\/p>","protected":false},"featured_media":31237,"comment_status":"open","ping_status":"closed","template":"","meta":[],"product_brand":[],"product_cat":[672,36,133],"product_tag":[],"class_list":{"0":"post-31236","1":"product","2":"type-product","3":"status-publish","4":"has-post-thumbnail","6":"product_cat-nhap-khau-y","7":"product_cat-thuc-pham-tieu-dung","8":"product_cat-banh-keo-chocolate","10":"first","11":"outofstock","12":"sale","13":"shipping-taxable","14":"purchasable","15":"product-type-simple"},"_links":{"self":[{"href":"https:\/\/havamall.vn\/en\/wp-json\/wp\/v2\/product\/31236"}],"collection":[{"href":"https:\/\/havamall.vn\/en\/wp-json\/wp\/v2\/product"}],"about":[{"href":"https:\/\/havamall.vn\/en\/wp-json\/wp\/v2\/types\/product"}],"replies":[{"embeddable":true,"href":"https:\/\/havamall.vn\/en\/wp-json\/wp\/v2\/comments?post=31236"}],"version-history":[{"count":0,"href":"https:\/\/havamall.vn\/en\/wp-json\/wp\/v2\/product\/31236\/revisions"}],"wp:featuredmedia":[{"embeddable":true,"href":"https:\/\/havamall.vn\/en\/wp-json\/wp\/v2\/media\/31237"}],"wp:attachment":[{"href":"https:\/\/havamall.vn\/en\/wp-json\/wp\/v2\/media?parent=31236"}],"wp:term":[{"taxonomy":"product_brand","embeddable":true,"href":"https:\/\/havamall.vn\/en\/wp-json\/wp\/v2\/product_brand?post=31236"},{"taxonomy":"product_cat","embeddable":true,"href":"https:\/\/havamall.vn\/en\/wp-json\/wp\/v2\/product_cat?post=31236"},{"taxonomy":"product_tag","embeddable":true,"href":"https:\/\/havamall.vn\/en\/wp-json\/wp\/v2\/product_tag?post=31236"}],"curies":[{"name":"wp","href":"https:\/\/api.w.org\/{rel}","templated":true}]}}