{"id":31204,"date":"2023-04-24T16:19:21","date_gmt":"2023-04-24T09:19:21","guid":{"rendered":"https:\/\/havamall.vn\/?post_type=product&#038;p=31204"},"modified":"2025-08-19T14:39:26","modified_gmt":"2025-08-19T07:39:26","slug":"dau-oliu-vi-nam-truffle-trang-geofood-250ml-white-truffle-flavoured-dressing-in-olive-oil","status":"publish","type":"product","link":"https:\/\/havamall.vn\/en\/shop\/dau-oliu-vi-nam-truffle-trang-geofood-250ml-white-truffle-flavoured-dressing-in-olive-oil\/","title":{"rendered":"D\u1ea7u Oliu V\u1ecb N\u1ea5m Truffle Tr\u1eafng Geofood 250ml &#8211; White Truffle Flavoured Dressing In Olive Oil"},"content":{"rendered":"<p>&nbsp;<\/p>\n<h2><strong>TH\u00d4NG TIN CHUNG<\/strong><\/h2>\n<table>\n<tbody>\n<tr>\n<td>Th\u01b0\u01a1ng hi\u1ec7u<\/td>\n<td>Geofoods<\/td>\n<\/tr>\n<tr>\n<td>Xu\u1ea5t x\u1ee9<\/td>\n<td>\u00dd<\/td>\n<\/tr>\n<tr>\n<td>Th\u00e0nh ph\u1ea7n<\/td>\n<td>\u00a0D\u1ea7u oliu, h\u01b0\u01a1ng n\u1ea5m truflle tr\u1eafng t\u1ef1 nhi\u00ean.<\/td>\n<\/tr>\n<tr>\n<td>H\u1ea1n s\u1eed d\u1ee5ng<\/td>\n<td>30 th\u00e1ng k\u1ec3 t\u1eeb ng\u00e0y s\u1ea3n xu\u1ea5t.<\/td>\n<\/tr>\n<tr>\n<td>B\u1ea3o qu\u1ea3n<\/td>\n<td>\u0110\u1ec3 n\u01a1i kh\u00f4 r\u00e1o, tho\u00e1ng m\u00e1t, tr\u00e1nh \u00e1nh n\u1eafng tr\u1ef1c ti\u1ebfp<\/td>\n<\/tr>\n<tr>\n<td>\u00a0Th\u1ec3 t\u00edch<\/td>\n<td>250ml<\/td>\n<\/tr>\n<\/tbody>\n<\/table>\n<p>D\u1ea7u \u00f4 liu n\u1ea5m truffle Geofoods \u0111\u01b0\u1ee3c s\u1ea3n xu\u1ea5t v\u00e0 \u0111\u00f3ng g\u00f3i t\u1ea1i \u00dd.\u00a0\u0110\u00f3 l\u00e0 m\u1ed9t lo\u1ea1i d\u1ea7u c\u00e2n b\u1eb1ng v\u1edbi h\u01b0\u01a1ng v\u1ecb th\u01a1m c\u1ee7a n\u1ea5m c\u1ee5c \u0111en.\u00a0Lo\u1ea1i d\u1ea7u n\u1ea5m c\u1ee5c m\u01b0\u1ee3t m\u00e0 v\u00e0 sang tr\u1ecdng n\u00e0y \u0111\u01b0\u1ee3c t\u1ea1o ra v\u1edbi h\u01b0\u01a1ng th\u01a1m c\u1ee7a n\u1ea5m c\u1ee5c \u0111en ch\u1ea5t l\u01b0\u1ee3ng cao nh\u1ea5t v\u00e0 l\u00e0 m\u1ed9t k\u1ebft h\u1ee3p ho\u00e0n h\u1ea3o \u0111\u1ec3 \u0111\u01b0a t\u1ea5t c\u1ea3 c\u00e1c m\u00f3n \u0103n c\u1ee7a b\u1ea1n l\u00ean m\u1ed9t t\u1ea7m cao m\u1edbi c\u1ee7a ng\u01b0\u1eddi s\u00e0nh \u0103n.<\/p>\n<p><img fetchpriority=\"high\" decoding=\"async\" class=\"wp-image-31210 aligncenter\" src=\"https:\/\/havamall.com\/wp-content\/uploads\/2025\/08\/335031659_239603635171332_1078863174622984554_n-1-300x300.jpg\" alt=\"\" width=\"677\" height=\"677\" \/><\/p>\n<p>Khi \u0111\u01b0\u1ee3c truy\u1ec1n v\u00e0o d\u1ea7u \u00f4 liu nguy\u00ean ch\u1ea5t ch\u1ea5t l\u01b0\u1ee3ng cao, l\u00fd t\u01b0\u1edfng \u0111\u1ec3 l\u00e0m t\u0103ng h\u01b0\u01a1ng v\u1ecb c\u1ee7a c\u00e1c m\u00f3n \u0103n ch\u00ednh, m\u00f3n khai v\u1ecb v\u00e0 trang tr\u00ed.\u00a0S\u1ea3n xu\u1ea5t v\u00e0 s\u1ea3n xu\u1ea5t t\u1ea1i \u00dd Ho\u00e0n h\u1ea3o cho c\u00e1c m\u00f3n \u0103n thu\u1ea7n chay, \u0103n chay v\u00e0 s\u00e0nh \u0103n kh\u00f4ng bi\u1ebfn \u0111\u1ed5i gen.<\/p>\n<p>D\u1ea7u \u00f4 liu n\u1ea5m truffle Geofoods l\u00e0 s\u1ef1 k\u1ebft h\u1ee3p ho\u00e0n h\u1ea3o gi\u1eefa d\u1ea7u oliu nguy\u00ean ch\u1ea5t gi\u00e0u dinh d\u01b0\u1ee1ng v\u00e0 n\u1ea5m Truffle tr\u1eafng \u2013 m\u1ed9t lo\u1ea1i n\u1ea5m hi\u1ebfm hoi v\u00e0 \u0111\u1eaft \u0111\u1ecf tr\u00ean th\u1ebf gi\u1edbi. H\u01b0\u01a1ng v\u1ecb nh\u1eb9 c\u1ee7a d\u1ea7u Truffle tr\u1eafng ho\u1ea1t \u0111\u1ed9ng t\u1ed1t v\u1edbi c\u00e1c lo\u1ea1i th\u1ecbt c\u00f3 h\u01b0\u01a1ng v\u1ecb tinh t\u1ebf nh\u01b0 th\u1ecbt th\u1ecf hay th\u1ecbt c\u00e1.<\/p>\n<p><img decoding=\"async\" class=\"wp-image-31205 aligncenter\" src=\"https:\/\/havamall.com\/wp-content\/uploads\/2025\/08\/truf-mantari-yagi-beyaz-gorsell-seo-800x800w-300x300.jpg\" alt=\"\" width=\"662\" height=\"662\" \/><\/p>\n<p>D\u1ea7u oliu gi\u00e0u vitamin, omega v\u00e0 \u0111\u1eb7c bi\u1ec7t r\u1ea5t t\u1ed1t cho tim m\u1ea1ch, h\u1ed7 tr\u1ee3 ng\u0103n ng\u1eeba ch\u1ed1ng l\u00e3o h\u00f3a, ung th\u01b0, gi\u00fap l\u00e0m \u0111\u1eb9p da\u2026 N\u1ea5m Truffle th\u00ec l\u1ea1i c\u00f3 h\u01b0\u01a1ng v\u1ecb tinh t\u1ebf, \u0111\u1ed9c \u0111\u00e1o l\u00e0m d\u1eady l\u00ean h\u01b0\u01a1ng v\u1ecb m\u00f3n \u0103n.<\/p>\n<p><img decoding=\"async\" class=\"wp-image-31206 aligncenter\" src=\"https:\/\/havamall.com\/wp-content\/uploads\/2025\/08\/541-412a-b6e7-63c86d122ea2.e28f2e0f1d8a77a314a1924005fbef41-300x247.png\" alt=\"\" width=\"667\" height=\"549\" \/><\/p>\n<h2><strong>C\u00d4NG D\u1ee4NG C\u1ee6A D\u1ea6U OLIU N\u1ea4M TRUFFLE<\/strong><\/h2>\n<p><em>Ch\u1ea5t selenium\u00a0v\u00e0 polyphenol trong d\u1ea7u oliu n\u1ea5m trufle\u00a0c\u00f3 th\u1ec3 gi\u00fap ng\u0103n ch\u1eb7n s\u1ef1 kh\u1edfi ph\u00e1t v\u00e0 ti\u1ebfn tri\u1ec3n c\u1ee7a c\u00e1c b\u1ec7nh ung th\u01b0 &#8211;<\/em>Gi\u00fap\u00a0ng\u0103n ch\u1eb7n s\u1ef1 kh\u1edfi ph\u00e1t v\u00e0 ti\u1ebfn tri\u1ec3n c\u1ee7a c\u00e1c b\u1ec7nh ung th\u01b0<\/p>\n<ul>\n<li>Gi\u00fap da t\u00f3c ch\u1eafc kh\u1ecfe<\/li>\n<li>Gi\u00fap \u0111i\u1ec1u tr\u1ecb b\u1ec7nh vi\u00eam t\u1ee5y c\u1ea5p t\u00ednh<\/li>\n<li>Gi\u00fap ng\u0103n ng\u1eeba t\u1ed5n th\u01b0\u01a1ng gan, \u0111\u1ea1i tr\u00e0ng<\/li>\n<\/ul>\n<h2><img loading=\"lazy\" decoding=\"async\" class=\"wp-image-31207 aligncenter\" src=\"https:\/\/havamall.com\/wp-content\/uploads\/2025\/08\/50cc-c-copy-300x200.png\" alt=\"\" width=\"662\" height=\"442\" \/><\/h2>\n<h2><strong>H\u01af\u1edaNG D\u1eaaN S\u1eec D\u1ee4NG<\/strong><\/h2>\n<p>Ph\u1ea7n l\u1edbn trong n\u1ec1n \u1ea9m th\u1ef1c c\u1ee7a c\u00e1c n\u01b0\u1edbc thu\u1ed9c khu v\u1ef1c \u0110\u1ecba Trung H\u1ea3i v\u00e0 Nh\u1eadt ch\u1eb3ng h\u1ea1n th\u01b0\u1eddng hay s\u1eed d\u1ee5ng d\u1ea7u oliu n\u1ea5m trufle khi ch\u1ebf bi\u1ebfn m\u00f3n \u0103n.<\/p>\n<ul>\n<li>C\u00e1c m\u00f3n tr\u1ed9n, salad: D\u1ea7u\u00a0oliu n\u1ea5m trufle s\u1ebd gi\u1eef cho h\u01b0\u01a1ng v\u1ecb \u0111\u01b0\u1ee3c ho\u00e0n h\u1ea3o v\u00e0 t\u0103ng th\u00eam ph\u1ea7n thanh m\u00e1t, n\u00ean \u0111\u01b0\u1ee3c r\u01b0\u1edbi l\u00ean c\u00e1c m\u00f3n salad c\u0169ng nh\u01b0 d\u00f9ng trong n\u01b0\u1edbc s\u1ed1t tr\u1ed9n salad.<\/li>\n<li>D\u00f9ng l\u00e0m s\u1ed1t \u01b0\u1edbp: D\u1ea7u oliu n\u1ea5m trufle \u0111\u01b0\u1ee3c d\u00f9ng \u0111\u1ec3 \u01b0\u1edbp c\u00e1c lo\u1ea1i th\u1ecbt v\u00e0 rau c\u1ee7 tr\u01b0\u1edbc khi ch\u1ebf bi\u1ebfn, l\u00e0m t\u0103ng th\u00eam h\u01b0\u01a1ng v\u1ecb cho m\u00f3n \u0103n.<\/li>\n<li>Th\u00eam v\u00e0o m\u00f3n \u0103n ch\u00ednh: Sau khi ch\u1ebf bi\u1ebfn, b\u1ea1n v\u1eabn c\u00f3 th\u1ec3 cho d\u1ea7u oliu n\u1ea5m trufle v\u1edbi l\u01b0\u1ee3ng v\u1eeba ph\u1ea3i v\u00e0o m\u00f3n \u0103n. C\u00e1ch l\u00e0m n\u00e0y s\u1ebd gi\u1eef \u0111\u01b0\u1ee3c th\u00e0nh ph\u1ea7n dinh d\u01b0\u1ee1ng v\u1ed1n c\u00f3 trong d\u1ea7u oliu v\u00e0 t\u0103ng th\u00eam h\u01b0\u01a1ng v\u1ecb m\u00f3n \u0103n khi b\u1ea1n th\u01b0\u1edfng th\u1ee9c.<\/li>\n<li><em>D\u1ea7u oliu n\u1ea5m truffle l\u00e0m t\u0103ng h\u01b0\u01a1ng v\u1ecb cho m\u00f3n \u0103n<\/em><\/li>\n<li>\u0110\u1eb7c bi\u1ec7t, d\u1ea7u Truffle \u0111en k\u1ebft h\u1ee3p t\u1ed1t cho c\u00e1c m\u00f3n \u0103n ch\u00e2n th\u00e0nh h\u01a1n nh\u01b0 th\u1ecbt b\u00f2 hay d\u00f9ng l\u00e0m n\u01b0\u1edbc s\u1ed1t.<\/li>\n<\/ul>\n<p><img loading=\"lazy\" decoding=\"async\" class=\"wp-image-31208 aligncenter\" src=\"https:\/\/havamall.com\/wp-content\/uploads\/2025\/08\/Bianco-300x226.png\" alt=\"\" width=\"664\" height=\"500\" \/><\/p>","protected":false},"excerpt":{"rendered":"<p>&nbsp; TH\u00d4NG TIN CHUNG Th\u01b0\u01a1ng hi\u1ec7u Geofoods Xu\u1ea5t x\u1ee9 \u00dd Th\u00e0nh ph\u1ea7n \u00a0D\u1ea7u oliu, h\u01b0\u01a1ng n\u1ea5m truflle tr\u1eafng t\u1ef1 nhi\u00ean.<\/p>","protected":false},"featured_media":31209,"comment_status":"open","ping_status":"closed","template":"","meta":[],"product_brand":[],"product_cat":[672,36],"product_tag":[],"class_list":{"0":"post-31204","1":"product","2":"type-product","3":"status-publish","4":"has-post-thumbnail","6":"product_cat-nhap-khau-y","7":"product_cat-thuc-pham-tieu-dung","9":"first","10":"outofstock","11":"sale","12":"shipping-taxable","13":"purchasable","14":"product-type-simple"},"_links":{"self":[{"href":"https:\/\/havamall.vn\/en\/wp-json\/wp\/v2\/product\/31204"}],"collection":[{"href":"https:\/\/havamall.vn\/en\/wp-json\/wp\/v2\/product"}],"about":[{"href":"https:\/\/havamall.vn\/en\/wp-json\/wp\/v2\/types\/product"}],"replies":[{"embeddable":true,"href":"https:\/\/havamall.vn\/en\/wp-json\/wp\/v2\/comments?post=31204"}],"version-history":[{"count":0,"href":"https:\/\/havamall.vn\/en\/wp-json\/wp\/v2\/product\/31204\/revisions"}],"wp:featuredmedia":[{"embeddable":true,"href":"https:\/\/havamall.vn\/en\/wp-json\/wp\/v2\/media\/31209"}],"wp:attachment":[{"href":"https:\/\/havamall.vn\/en\/wp-json\/wp\/v2\/media?parent=31204"}],"wp:term":[{"taxonomy":"product_brand","embeddable":true,"href":"https:\/\/havamall.vn\/en\/wp-json\/wp\/v2\/product_brand?post=31204"},{"taxonomy":"product_cat","embeddable":true,"href":"https:\/\/havamall.vn\/en\/wp-json\/wp\/v2\/product_cat?post=31204"},{"taxonomy":"product_tag","embeddable":true,"href":"https:\/\/havamall.vn\/en\/wp-json\/wp\/v2\/product_tag?post=31204"}],"curies":[{"name":"wp","href":"https:\/\/api.w.org\/{rel}","templated":true}]}}