{"id":31181,"date":"2023-04-21T17:10:01","date_gmt":"2023-04-21T10:10:01","guid":{"rendered":"https:\/\/havamall.vn\/?post_type=product&#038;p=31181"},"modified":"2025-08-19T14:39:42","modified_gmt":"2025-08-19T07:39:42","slug":"muoi-vi-nam-truffle-geofood-50g-salt-and-truffle","status":"publish","type":"product","link":"https:\/\/havamall.vn\/en\/shop\/muoi-vi-nam-truffle-geofood-50g-salt-and-truffle\/","title":{"rendered":"Mu\u1ed1i V\u1ecb N\u1ea5m Truffle Geofood 50g &#8211;  Salt And Truffle"},"content":{"rendered":"<p>&nbsp;<\/p>\n<h2><strong>TH\u00d4NG TIN CHUNG<\/strong><\/h2>\n<table>\n<tbody>\n<tr>\n<td>Th\u01b0\u01a1ng hi\u1ec7u<\/td>\n<td>Geofoods<\/td>\n<\/tr>\n<tr>\n<td>Xu\u1ea5t x\u1ee9<\/td>\n<td>\u00dd<\/td>\n<\/tr>\n<tr>\n<td>Th\u00e0nh ph\u1ea7n<\/td>\n<td>Mu\u1ed1i, n\u1ea5m truffle mu\u00e0 h\u00e8, h\u01b0\u01a1ng n\u1ea5m t\u1ef1 nhi\u00ean<\/td>\n<\/tr>\n<tr>\n<td>H\u1ea1n s\u1eed d\u1ee5ng<\/td>\n<td>18 th\u00e1ng k\u1ec3 t\u1eeb ng\u00e0y s\u1ea3n xu\u1ea5t.<\/td>\n<\/tr>\n<tr>\n<td>B\u1ea3o qu\u1ea3n<\/td>\n<td>\u0110\u1ec3 n\u01a1i kh\u00f4 r\u00e1o, tho\u00e1ng m\u00e1t, tr\u00e1nh \u00e1nh n\u1eafng tr\u1ef1c ti\u1ebfp<\/td>\n<\/tr>\n<tr>\n<td>Kh\u1ed1i l\u01b0\u1ee3ng t\u1ecbnh<\/td>\n<td>50g<\/td>\n<\/tr>\n<\/tbody>\n<\/table>\n<p>Mu\u1ed1i n\u1ea5m c\u1ee5c l\u00e0 m\u1ed9t lo\u1ea1i mu\u1ed1i n\u00eam. N\u00f3 ch\u1ee9a mu\u1ed1i c\u00f9ng v\u1edbi nh\u1eefng mi\u1ebfng n\u1ea5m c\u1ee5c nh\u1ecf m\u00e0u \u0111en ho\u1eb7c tr\u1eafng. N\u00f3 c\u00f3 h\u01b0\u01a1ng \u0111\u1ea5t v\u00e0 cay n\u1ed3ng, th\u01b0\u1eddng \u0111\u01b0\u1ee3c m\u00f4 t\u1ea3 l\u00e0 c\u00f3 h\u01b0\u01a1ng v\u1ecb gi\u1ed1ng nh\u01b0 t\u1ecfi. Mu\u1ed1i n\u1ea5m c\u1ee5c tr\u1eafng th\u01b0\u1eddng c\u00f3 m\u00f9i th\u01a1m nh\u1eb9 h\u01a1n v\u00e0 h\u01b0\u01a1ng v\u1ecb tinh t\u1ebf h\u01a1n so v\u1edbi mu\u1ed1i bi\u1ec3n n\u1ea5m c\u1ee5c \u0111en. Mu\u1ed1i n\u1ea5m c\u1ee5c c\u00f3 ngu\u1ed3n g\u1ed1c t\u1eeb \u00dd v\u00e0 th\u01b0\u1eddng \u0111\u01b0\u1ee3c l\u00e0m b\u1eb1ng n\u1ea5m c\u1ee5c \u0111en m\u00f9a h\u00e8.<\/p>\n<p>Mu\u1ed1i n\u1ea5m c\u1ee5c c\u00f3 \u0111\u1eb7c t\u00ednh ch\u1ed1ng vi\u00eam v\u00e0 kh\u00e1ng khu\u1ea9n. N\u00f3 l\u00e0 m\u1ed9t lo\u1ea1i gia v\u1ecb c\u00f3 nhi\u1ec1u lo\u1ea1i nh\u01b0ng \u0111\u1ec1u l\u00e0 m\u1ed9t ngu\u1ed3n protein tuy\u1ec7t v\u1eddi \u0111\u1ec3 c\u1ea3i thi\u1ec7n h\u1ec7 th\u1ed1ng mi\u1ec5n d\u1ecbch c\u1ee7a b\u1ea1n.<\/p>\n<p><img fetchpriority=\"high\" decoding=\"async\" class=\"wp-image-31212 aligncenter\" src=\"https:\/\/havamall.com\/wp-content\/uploads\/2025\/08\/334697714_195209089819325_1532371691197563516_n-1-300x300.jpg\" alt=\"\" width=\"672\" height=\"672\" \/><\/p>\n<p>M\u1ed9t ph\u1ea7n t\u01b0 mu\u1ed7ng c\u00e0 ph\u00ea mu\u1ed1i n\u1ea5m truffle \u0111en (\u0111\u01b0\u1ee3c l\u00e0m b\u1eb1ng mu\u1ed1i bi\u1ec3n nguy\u00ean ch\u1ea5t, ch\u01b0a tinh ch\u1ebf v\u00e0 n\u1ea5m c\u1ee5c \u0111en kh\u1eed n\u01b0\u1edbc) ch\u1ee9a kho\u1ea3ng 190 miligam natri.<\/p>\n<p>Truffles \u0111\u01b0\u1ee3c bi\u1ebft l\u00e0 c\u00f3 ch\u1ee9a kh\u00f3a dinh d\u01b0\u1ee1ng thi\u1ebft y\u1ebfu, bao g\u1ed3m protein, carbohydrate v\u00e0 axit b\u00e9o kh\u00f4ng b\u00e3o h\u00f2a, nh\u01b0ng th\u1eadt kh\u00f3 \u0111\u1ec3 th\u1ea5y r\u1eb1ng trong m\u1ed9t k\u00edch c\u1ee1 nh\u1ecf \u0111i\u1ec3n h\u00ecnh c\u1ee7a mu\u1ed1i n\u1ea5m truffle.<\/p>\n<p><img decoding=\"async\" class=\"wp-image-31190 aligncenter\" src=\"https:\/\/havamall.com\/wp-content\/uploads\/2025\/08\/9241-sale-grigio-di-guerande-e-tartufo-nero-pregiato-truffleat-1-scaled-300x200.png\" alt=\"\" width=\"661\" height=\"440\" \/><\/p>\n<p>N\u1ea5m c\u1ee5c \u0111en \u0110\u01b0\u1ee3c ng\u01b0\u1eddi \u0111\u1eddi m\u1ec7nh danh l\u00e0 \u201cvua c\u1ee7a c\u00e1c lo\u1ea1i n\u1ea5m\u201d hay \u201ckim c\u01b0\u01a1ng \u0111en\u201d, Black Dimond Truffle (n\u1ea5m c\u1ee5c, kim c\u01b0\u01a1ng \u0111en d\u01b0\u1edbi l\u00f2ng \u0111\u1ea5t) lu\u00f4n \u0111\u01b0\u1ee3c gi\u1edbi qu\u00fd t\u1ed9c ng\u00e0y x\u01b0a chu\u1ed9ng v\u00e0 s\u0103n l\u00f9ng b\u1edfi ch\u1ea5t l\u01b0\u1ee3ng dinh d\u01b0\u1ee1ng v\u00e0 h\u01b0\u01a1ng v\u1ecb \u0111\u1eb7c bi\u1ec7t m\u00e0 lo\u1ea1i n\u1ea5m n\u00e0y mang l\u1ea1i.<\/p>\n<p>Vi\u1ec7c th\u01b0\u1edfng th\u1ee9c h\u01b0\u01a1ng v\u1ecb tuy\u1ec7t h\u1ea3o c\u1ee7a truffle l\u00e0 \u0111\u1eb7c quy\u1ec1n c\u1ee7a gi\u1edbi th\u01b0\u1ee3ng l\u01b0u v\u00e0 Ho\u00e0ng t\u1ed9c t\u1eeb th\u1eddi Ai C\u1eadp c\u1ed5 \u0111\u1ea1i. N\u00f3 \u0111\u01b0\u1ee3c xem l\u00e0 lo\u1ea1i n\u1ea5m \u0111\u1eaft \u0111\u1ecf nh\u1ea5t v\u00e0 l\u00e0 m\u1ef9 v\u1ecb c\u1ee7a t\u1ea7ng l\u1edbp th\u01b0\u1ee3ng l\u01b0u, th\u01b0\u1eddng \u0111\u01b0\u1ee3c s\u1eed d\u1ee5ng trong c\u00e1c nh\u00e0 h\u00e0ng, kh\u00e1ch s\u1ea1n l\u1edbn.<\/p>\n<p>Mang b\u1ec1 ngo\u00e0i v\u1edbi h\u00ecnh d\u00e1ng x\u00f9 x\u00ec k\u00e9m b\u1eaft m\u1eaft nh\u01b0ng \u0111i\u1ec1u l\u00e0m n\u00ean s\u1ef1 \u0111\u1eb7c tr\u01b0ng k\u00ec di\u1ec7u c\u1ee7a lo\u1ea1i n\u1ea5m n\u00e0y l\u00e0 h\u01b0\u01a1ng v\u1ecb ng\u1ecdt nh\u01b0 m\u1eadt ong c\u00f3 m\u1ed9t kh\u00f4ng hai.<\/p>\n<p><img decoding=\"async\" class=\"wp-image-31195 aligncenter\" src=\"https:\/\/havamall.com\/wp-content\/uploads\/2025\/08\/sale-grigio-di-guerande-e-tartufo-nero-pregiato-5-scaled-300x200.png\" alt=\"\" width=\"672\" height=\"448\" \/><\/p>\n<p><strong style=\"color: #1b1919;font-family: Karla, Arial, Helvetica, sans-serif;font-size: 24px\">C\u00d4NG D\u1ee4NG C\u1ee6A S\u1ea2N PH\u1ea8M<\/strong><\/p>\n<ul>\n<li>H\u00e0m l\u01b0\u1ee3ng kho\u00e1ng ch\u1ea5t cao.<\/li>\n<li>Gi\u00fap tr\u00e1nh m\u1ea5t n\u01b0\u1edbc v\u00e0 c\u00e2n b\u1eb1ng ch\u1ea5t l\u1ecfng c\u01a1 th\u1ec3.<\/li>\n<li>Ngu\u1ed3n ch\u1ea5t \u0111i\u1ec7n gi\u1ea3i quan tr\u1ecdng.<\/li>\n<li>Duy tr\u00ec ch\u1ee9c n\u0103ng n\u00e3o, c\u01a1 v\u00e0 h\u1ec7 th\u1ea7n kinh th\u00edch h\u1ee3p.<\/li>\n<\/ul>\n<h2><strong>C\u00c1CH S\u1eec D\u1ee4NG<\/strong><\/h2>\n<p>Mu\u1ed1i n\u1ea5m Trufle th\u01b0\u1eddng \u0111\u01b0\u1ee3c d\u00f9ng\u00a0v\u1edbi c\u00e1c m\u00f3n c\u00e1 v\u00e0 th\u1ecbt, h\u1ea3i s\u1ea3n, khoai t\u00e2y, salad v\u00e0 rau.<\/p>\n<p><img loading=\"lazy\" decoding=\"async\" class=\"wp-image-31191 aligncenter\" src=\"https:\/\/havamall.com\/wp-content\/uploads\/2025\/08\/1d088226-e189-4b34-b7c8-c68448c14a0e.3cd53b55406ef85ec3c6a241ba8baf29-300x300.jpg\" alt=\"\" width=\"674\" height=\"674\" \/><\/p>","protected":false},"excerpt":{"rendered":"<p>&nbsp; TH\u00d4NG TIN CHUNG Th\u01b0\u01a1ng hi\u1ec7u Geofoods Xu\u1ea5t x\u1ee9 \u00dd Th\u00e0nh ph\u1ea7n Mu\u1ed1i, n\u1ea5m truffle mu\u00e0 h\u00e8, h\u01b0\u01a1ng n\u1ea5m t\u1ef1<\/p>","protected":false},"featured_media":31192,"comment_status":"open","ping_status":"closed","template":"","meta":[],"product_brand":[],"product_cat":[672,36],"product_tag":[],"class_list":{"0":"post-31181","1":"product","2":"type-product","3":"status-publish","4":"has-post-thumbnail","6":"product_cat-nhap-khau-y","7":"product_cat-thuc-pham-tieu-dung","9":"first","10":"outofstock","11":"sale","12":"shipping-taxable","13":"purchasable","14":"product-type-simple"},"_links":{"self":[{"href":"https:\/\/havamall.vn\/en\/wp-json\/wp\/v2\/product\/31181"}],"collection":[{"href":"https:\/\/havamall.vn\/en\/wp-json\/wp\/v2\/product"}],"about":[{"href":"https:\/\/havamall.vn\/en\/wp-json\/wp\/v2\/types\/product"}],"replies":[{"embeddable":true,"href":"https:\/\/havamall.vn\/en\/wp-json\/wp\/v2\/comments?post=31181"}],"version-history":[{"count":0,"href":"https:\/\/havamall.vn\/en\/wp-json\/wp\/v2\/product\/31181\/revisions"}],"wp:featuredmedia":[{"embeddable":true,"href":"https:\/\/havamall.vn\/en\/wp-json\/wp\/v2\/media\/31192"}],"wp:attachment":[{"href":"https:\/\/havamall.vn\/en\/wp-json\/wp\/v2\/media?parent=31181"}],"wp:term":[{"taxonomy":"product_brand","embeddable":true,"href":"https:\/\/havamall.vn\/en\/wp-json\/wp\/v2\/product_brand?post=31181"},{"taxonomy":"product_cat","embeddable":true,"href":"https:\/\/havamall.vn\/en\/wp-json\/wp\/v2\/product_cat?post=31181"},{"taxonomy":"product_tag","embeddable":true,"href":"https:\/\/havamall.vn\/en\/wp-json\/wp\/v2\/product_tag?post=31181"}],"curies":[{"name":"wp","href":"https:\/\/api.w.org\/{rel}","templated":true}]}}