{"id":31134,"date":"2023-04-20T15:22:40","date_gmt":"2023-04-20T08:22:40","guid":{"rendered":"https:\/\/havamall.vn\/?post_type=product&#038;p=31134"},"modified":"2025-08-01T10:24:01","modified_gmt":"2025-08-01T03:24:01","slug":"tinh-chat-vani-madagascan-dang-set-co-hat-40gr-ong-bop-thuy-tinh-vanilla-paste-madagascar-with-beans","status":"publish","type":"product","link":"https:\/\/havamall.vn\/en\/shop\/tinh-chat-vani-madagascan-dang-set-co-hat-40gr-ong-bop-thuy-tinh-vanilla-paste-madagascar-with-beans\/","title":{"rendered":"Tinh Ch\u1ea5t Vani Madagascan D\u1ea1ng S\u1ec7t C\u00f3 H\u1ea1t 40gr \u1ed0ng B\u00f3p Thu\u1ef7 Tinh &#8211; Vanilla Paste Madagascar With Beans"},"content":{"rendered":"<h3><\/h3>\n<h2><strong>TH\u00d4NG TIN CHUNG<\/strong><\/h2>\n<table>\n<tbody>\n<tr>\n<td>Th\u01b0\u01a1ng hi\u1ec7u<\/td>\n<td>Havafoodies<\/td>\n<\/tr>\n<tr>\n<td>Xu\u1ea5t x\u1ee9<\/td>\n<td>Australia<\/td>\n<\/tr>\n<tr>\n<td>Th\u00e0nh ph\u1ea7n<\/td>\n<td>Chi\u1ebft xu\u1ea5t vani nguy\u00ean ch\u1ea5t, \u0111\u01b0\u1eddng, &#8230;<\/td>\n<\/tr>\n<tr>\n<td>H\u1ea1n s\u1eed d\u1ee5ng<\/td>\n<td>5 n\u0103m k\u1ec3 t\u1eeb ng\u00e0y s\u1ea3n xu\u1ea5t.<\/td>\n<\/tr>\n<tr>\n<td>B\u1ea3o qu\u1ea3n<\/td>\n<td>\u0110\u1ec3 n\u01a1i kh\u00f4 r\u00e1o, tho\u00e1ng m\u00e1t, tr\u00e1nh \u00e1nh n\u1eafng tr\u1ef1c ti\u1ebfp<\/td>\n<\/tr>\n<tr>\n<td>\u00a0Kh\u1ed1i l\u01b0\u1ee3ng<\/td>\n<td>40gr<\/td>\n<\/tr>\n<\/tbody>\n<\/table>\n<p>Vani Madagascar quen thu\u1ed9c v\u00e0 ho\u00e0i c\u1ed5, g\u1ee3i c\u1ea3m v\u00e0 l\u00e3ng m\u1ea1n. \u0110\u01b0\u1ee3c \u0111\u00e1nh gi\u00e1 cao t\u1eeb th\u1eddi Aztec c\u1ed5 \u0111\u1ea1i, v\u00e0 th\u01b0\u1eddng \u0111\u01b0\u1ee3c s\u1eed d\u1ee5ng trong n\u01b0\u1edbc hoa, vani l\u00e0 m\u1ed9t trong nh\u1eefng h\u01b0\u01a1ng li\u1ec7u ph\u1ed5 bi\u1ebfn nh\u1ea5t tr\u00ean th\u1ebf gi\u1edbi v\u00e0 l\u00e0 m\u1ed9t trong nh\u1eefng h\u01b0\u01a1ng li\u1ec7u \u0111\u1eaft ti\u1ec1n nh\u1ea5t \u0111\u1ec3 s\u1ea3n xu\u1ea5t.<\/p>\n<p><img fetchpriority=\"high\" decoding=\"async\" class=\"wp-image-31139 aligncenter\" src=\"https:\/\/havamall.com\/wp-content\/uploads\/2025\/08\/l-intro-1670180813-300x168.jpg\" alt=\"\" width=\"633\" height=\"354\" \/><\/p>\n<p><span style=\"font-weight: 400;\">Vani l\u00e0 h\u01b0\u01a1ng v\u1ecb quen thu\u1ed9c v\u00e0 th\u01b0\u1eddng xu\u1ea5t hi\u1ec7n \u1edf nhi\u1ec1u m\u00f3n \u0103n v\u00e0 \u0111\u1ed3 u\u1ed1ng. Chi\u1ebft xu\u1ea5t t\u1eeb th\u00e0nh ph\u1ea7n vani nguy\u00ean ch\u1ea5t t\u1eeb v\u00f9ng Madagascar n\u1ed5i ti\u1ebfng. H\u01b0\u01a1ng vani \u0111\u1eadm \u0111\u00e0 phong ph\u00fa kh\u00f4ng th\u1ec3 nh\u1ea7m l\u1eabn \u1edf \u0111\u00e2u \u0111\u01b0\u1ee3c.<\/span><\/p>\n<p><img decoding=\"async\" class=\"wp-image-31135 aligncenter\" src=\"https:\/\/havamall.com\/wp-content\/uploads\/2025\/08\/vanilla-bean-paste-5-1-232x300.jpg\" alt=\"\" width=\"630\" height=\"815\" \/><\/p>\n<p>Tinh Ch\u1ea5t Vani Madagascan D\u1ea1ng S\u1ec7t C\u00f3 H\u1ea1t <span style=\"font-weight: 400;\">\u0111em \u0111\u1ebfn h\u01b0\u01a1ng v\u1ecb vani \u1edf v\u00f9ng \u0111\u1ea5t n\u1ed5i ti\u1ebfng \u1ea5y. Gi\u00fap cho th\u1ef1c \u0111\u01a1n c\u1ee7a b\u1ea1n th\u00eam phong ph\u00fa v\u00e0 \u0111a d\u1ea1ng c\u00e1c m\u00f3n.<\/span><\/p>\n<p>Vanila c\u00f3 c\u00f4ng d\u1ee5ng to l\u1edbn v\u00e0 l\u00e0 h\u01b0\u01a1ng li\u1ec7u ph\u1ed5 bi\u1ebfn trong vi\u1ec7c t\u1ea1o n\u00ean h\u01b0\u01a1ng th\u01a1m \u0111\u1eb7c tr\u01b0ng cho c\u00e1c lo\u1ea1i b\u00e1nh, \u0111\u1eb7c bi\u1ec7t l\u00e0 c\u1ed1t b\u00e1nh gato, ch\u00e8\u2026..\u00a0Tinh ch\u1ea5t vanilla l\u00e0 m\u1ed9t nguy\u00ean li\u1ec7u th\u01b0\u1eddng d\u00f9ng trong nhi\u1ec1u m\u00f3n b\u00e1nh, gi\u00fap t\u1ea1o ra h\u01b0\u01a1ng th\u01a1m ng\u1ecdt ng\u00e0oc\u1ee7a nhi\u1ec1u lo\u1ea1i b\u00e1nh \u0111\u01b0\u1ee3c r\u1ea5t nhi\u1ec1u ng\u01b0\u1eddi y\u00eau th\u00edch.<\/p>\n<p><img decoding=\"async\" class=\"wp-image-31136 aligncenter\" src=\"https:\/\/havamall.com\/wp-content\/uploads\/2025\/08\/Easy-Vanilla-Custard-8-300x300.jpg\" alt=\"\" width=\"637\" height=\"637\" \/><\/p>\n<h2><strong>\u0110\u1eb6C \u0110I\u1ec2M N\u1ed4I B\u1eacT C\u1ee6A S\u1ea2N PH\u1ea8M<\/strong><\/h2>\n<p><span style=\"font-weight: 400;\">&gt; V\u1edbi thi\u1ebft k\u1ebf \u0111\u1ea7u n\u1eafp b\u00f3p ph\u1ea7n th\u00e2n g\u1eafn \u1ed1ng th\u1ee7y tinh gi\u00fap ng\u01b0\u1eddi d\u00f9ng c\u00f3 th\u1ec3 d\u1ec5 d\u00e0ng l\u1ea5y \u0111\u01b0\u1ee3c s\u1ea3n ph\u1ea9m b\u00ean trong ra ngo\u00e0i, kh\u00f4ng gi\u1ed1ng nh\u1eefng s\u1ea3n ph\u1ea9m kh\u00e1c, tinh d\u1ea7u th\u01b0\u1eddng ch\u1ec9 d\u00f9ng v\u1edbi l\u01b0\u1ee3ng r\u1ea5t nh\u1ecf cho m\u1ed7i l\u1ea7n.<\/span><\/p>\n<p><span style=\"font-weight: 400;\">&gt; Thi\u1ebft k\u1ebf nh\u1ecf gi\u1ecdt gi\u00fap b\u1ea1n l\u1ea5y \u0111\u01b0\u1ee3c s\u1ea3n ph\u1ea9m b\u00ean trong nhanh ch\u00f3ng m\u00e0 kh\u00f4ng lo b\u1ecb qu\u00e1, b\u1ecb \u0111\u1ed5, tr\u00e0n&#8230;<\/span><\/p>\n<p><span style=\"font-weight: 400;\">&gt; Vi\u1ec7c l\u1ea5y t\u1eebng gi\u1ecdt ra b\u00ean ngo\u00e0i gi\u00fap b\u1ea1n ki\u1ec3m so\u00e1t \u0111\u01b0\u1ee3c l\u01b0\u1ee3ng tinh d\u1ea7u c\u1ea7n s\u1eed d\u1ee5ng theo \u0111\u00fang c\u00f4ng th\u1ee9c, t\u1eeb \u0111\u00f3 gi\u00fap \u0111\u1ea1t \u0111\u01b0\u1ee3c hi\u1ec7u qu\u1ea3 t\u1ed1i \u0111a.<\/span><\/p>\n<p><span style=\"font-weight: 400;\">&gt; Vi\u1ec7c \u0111\u1ef1ng tinh ch\u1ea5t trong chai th\u1ee7y tinh m\u00e0u h\u1ed5 ph\u00e1ch s\u1ebd gi\u00fap l\u01b0u tr\u1eef v\u00e0 b\u1ea3o qu\u1ea3n t\u1ed1t h\u01a1n v\u00ec n\u00f3 kh\u00f4ng b\u1ecb t\u00e1c \u0111\u1ed9ng b\u1edfi nhi\u1ec7t \u0111\u1ed9 b\u00ean ngo\u00e0i. T<\/span><span style=\"font-weight: 400;\">inh ch\u1ea5t \u0111\u01b0\u1ee3c \u0111\u1ef1ng trong chai m\u00e0u h\u1ed5 ph\u00e1ch s\u1ebd kh\u00f4ng l\u00e0m thay \u0111\u1ed5i ho\u1ea1t t\u00edch h\u00f3a h\u1ecdc c\u1ee7a tinh d\u1ea7u.<\/span><\/p>\n<p><span style=\"font-weight: 400;\">&gt;Tinh Ch\u1ea5t Vani Madagascan c\u00f3 h\u1ea1t vani, d\u1ea1ng s\u1ec7t c\u00f3 \u0111\u1ed9 \u0111\u1eadm \u0111\u1eb7c cao, s\u00e1nh v\u00e0 v\u1eeba, kh\u00f4ng b\u1ecb v\u00f3n c\u1ee5c<\/span><\/p>\n<h2><img loading=\"lazy\" decoding=\"async\" class=\"wp-image-31137 aligncenter\" src=\"https:\/\/havamall.com\/wp-content\/uploads\/2025\/08\/vanilla-smoothie-240x300.png\" alt=\"\" width=\"651\" height=\"814\" \/><\/h2>\n<h2><strong>C\u00d4NG D\u1ee4NG HU\u1edaNG D\u1eaaN S\u1eec D\u1ee4NG S\u1ea2N PH\u1ea8M<\/strong><\/h2>\n<p><span style=\"font-weight: 400;\">&#8211; T\u1ea1o h\u01b0\u01a1ng v\u00e0 v\u1ecb kem, b\u00e9o ng\u1eady cho th\u1ef1c ph\u1ea9m, \u0111\u1ed3 u\u1ed1ng v\u00e0 c\u00e1c s\u1ea3n ph\u1ea9m li\u00ean quan \u0111\u1ebfn ho\u00e1 m\u1ef9 ph\u1ea9m. Gi\u1ea3m nh\u1eefng h\u01b0\u01a1ng v\u1ecb kh\u00f4ng mong mu\u1ed1n c\u00f3 trong c\u00e1c s\u1ea3n ph\u1ea9m \u0111\u00f3. L\u00e0m t\u0103ng h\u1eadu v\u1ecb. C\u00f9ng 1 s\u1ed1 t\u00e1c d\u1ee5ng c\u1ee7a qu\u1ea3 Vanilla nh\u01b0: Gi\u00e0u ch\u1ea5t ch\u1ed1ng oxy h\u00f3a, Ch\u0103m s\u00f3c t\u00f3c, H\u1ed7 tr\u1ee3 gi\u1ea3m c\u00e2n&#8230;<\/span><\/p>\n<p><span style=\"font-weight: 400;\">&#8211; C\u00e1ch s\u1eed d\u1ee5ng: D\u00f9ng trong B\u00e1nh, Kem, S\u1eefa, pudding, th\u1ea1ch, tr\u00e0, c\u00e0 ph\u00ea, \u0111\u1ed3 u\u1ed1ng v\u00e0 c\u00e1c m\u00f3n tr\u00e1ng mi\u1ec7ng kh\u00e1c.<\/span><\/p>\n<p><span style=\"font-weight: 400;\">&#8211; T\u1ea1o h\u01b0\u01a1ng v\u1ecb th\u01a1m ngon, t\u1ea1o \u0111i\u1ec3m nh\u1ea5n, gi\u1ea3m m\u00f9i v\u1ecb kh\u00f4ng mong mu\u1ed1n, t\u0103ng h\u1eadu v\u1ecb, t\u1ea1o \u0111\u1ed9 b\u00e9o ng\u1eady t\u1ef1 nhi\u00ean cho s\u1ea3n ph\u1ea9m.\u00a0<\/span><\/p>\n<p><span style=\"font-weight: 400;\">&#8211; Li\u1ec1u l\u01b0\u1ee3ng: tu\u1ef3 v\u00e0o s\u1edf th\u00edch ho\u1eb7c c\u00f4ng th\u1ee9c\u00a0<\/span><\/p>\n<p><span style=\"font-weight: 400;\">&#8211; B\u1ea3o qu\u1ea3n: N\u01a1i kh\u00f4 r\u00e1o, tho\u00e1ng m\u00e1t v\u00e0 t\u00e1ch bi\u1ec7t kh\u1ecfi nh\u1eefng nguy\u00ean v\u1eadt li\u1ec7u c\u00f3 m\u00f9i n\u1ed3ng.<\/span><\/p>\n<p><img loading=\"lazy\" decoding=\"async\" class=\"wp-image-31138 aligncenter\" src=\"https:\/\/havamall.com\/wp-content\/uploads\/2025\/08\/honey-vanilla-pots-de-creme-FEAT4-1200x800-300x200.jpg\" alt=\"\" width=\"663\" height=\"442\" \/><\/p>","protected":false},"excerpt":{"rendered":"<p>TH\u00d4NG TIN CHUNG Th\u01b0\u01a1ng hi\u1ec7u Havafoodies Xu\u1ea5t x\u1ee9 Australia Th\u00e0nh ph\u1ea7n Chi\u1ebft xu\u1ea5t vani nguy\u00ean ch\u1ea5t, \u0111\u01b0\u1eddng, &#8230; H\u1ea1n s\u1eed<\/p>","protected":false},"featured_media":31140,"comment_status":"open","ping_status":"closed","template":"","meta":[],"product_brand":[],"product_cat":[36],"product_tag":[],"class_list":{"0":"post-31134","1":"product","2":"type-product","3":"status-publish","4":"has-post-thumbnail","6":"product_cat-thuc-pham-tieu-dung","8":"first","9":"instock","10":"sale","11":"shipping-taxable","12":"purchasable","13":"product-type-simple"},"_links":{"self":[{"href":"https:\/\/havamall.vn\/en\/wp-json\/wp\/v2\/product\/31134"}],"collection":[{"href":"https:\/\/havamall.vn\/en\/wp-json\/wp\/v2\/product"}],"about":[{"href":"https:\/\/havamall.vn\/en\/wp-json\/wp\/v2\/types\/product"}],"replies":[{"embeddable":true,"href":"https:\/\/havamall.vn\/en\/wp-json\/wp\/v2\/comments?post=31134"}],"version-history":[{"count":0,"href":"https:\/\/havamall.vn\/en\/wp-json\/wp\/v2\/product\/31134\/revisions"}],"wp:featuredmedia":[{"embeddable":true,"href":"https:\/\/havamall.vn\/en\/wp-json\/wp\/v2\/media\/31140"}],"wp:attachment":[{"href":"https:\/\/havamall.vn\/en\/wp-json\/wp\/v2\/media?parent=31134"}],"wp:term":[{"taxonomy":"product_brand","embeddable":true,"href":"https:\/\/havamall.vn\/en\/wp-json\/wp\/v2\/product_brand?post=31134"},{"taxonomy":"product_cat","embeddable":true,"href":"https:\/\/havamall.vn\/en\/wp-json\/wp\/v2\/product_cat?post=31134"},{"taxonomy":"product_tag","embeddable":true,"href":"https:\/\/havamall.vn\/en\/wp-json\/wp\/v2\/product_tag?post=31134"}],"curies":[{"name":"wp","href":"https:\/\/api.w.org\/{rel}","templated":true}]}}