{"id":31119,"date":"2023-04-15T17:13:13","date_gmt":"2023-04-15T10:13:13","guid":{"rendered":"https:\/\/havamall.vn\/?post_type=product&#038;p=31119"},"modified":"2025-09-30T13:43:48","modified_gmt":"2025-09-30T06:43:48","slug":"dau-hat-omega-3-ep-lanh-huu-co-250ml-probios-organic-omega-oil","status":"publish","type":"product","link":"https:\/\/havamall.vn\/en\/shop\/dau-hat-omega-3-ep-lanh-huu-co-250ml-probios-organic-omega-oil\/","title":{"rendered":"D\u1ea7u H\u1ea1t Omega 3 \u00c9p L\u1ea1nh H\u1eefu C\u01a1 250ml ProBios &#8211; Organic Omega Oil"},"content":{"rendered":"<h3><strong>TH\u00d4NG TIN S\u1ea2N PH\u1ea8M<\/strong><\/h3>\n<table>\n<tbody>\n<tr>\n<td>Th\u01b0\u01a1ng hi\u1ec7u<\/td>\n<td>ProBios<\/td>\n<\/tr>\n<tr>\n<td>Xu\u1ea5t x\u1ee9<\/td>\n<td>\u00dd<\/td>\n<\/tr>\n<tr>\n<td>Th\u00e0nh ph\u1ea7n<\/td>\n<td>D\u1ea7u \u00f3c ch\u00f3, d\u1ea7u h\u1ea1t b\u00ed, d\u1ea7u h\u1ea1t lanh, d\u1ea7u h\u1ea1t c\u1ea3i, d\u1ea7u h\u01b0\u1edbng d\u01b0\u01a1ng \u00e9p l\u1ea1nh h\u1eefu c\u01a1<\/td>\n<\/tr>\n<tr>\n<td>H\u1ea1n s\u1eed d\u1ee5ng<\/td>\n<td>18 th\u00e1ng k\u1ec3 t\u1eeb ng\u00e0y s\u1ea3n xu\u1ea5t.<\/td>\n<\/tr>\n<tr>\n<td>B\u1ea3o qu\u1ea3n<\/td>\n<td>\u0110\u1ec3 n\u01a1i kh\u00f4 r\u00e1o, tho\u00e1ng m\u00e1t, tr\u00e1nh \u00e1nh n\u1eafng tr\u1ef1c ti\u1ebfp<\/td>\n<\/tr>\n<tr>\n<td>Th\u1ec3 t\u00edch<\/td>\n<td>250ml<\/td>\n<\/tr>\n<\/tbody>\n<\/table>\n<h2><strong>TH\u00d4NG TIN TH\u01af\u01a0NG HI\u1ec6U<\/strong><\/h2>\n<p>ProBios \u0111\u01b0\u1ee3c th\u00e0nh l\u1eadp t\u1eeb n\u0103m 1978 t\u1ea1i Florence \u2013 \u00dd. ProBios. B\u1eb1ng vi\u1ec7c s\u1ea3n xu\u1ea5t th\u1ef1c ph\u1ea9m h\u1eefu c\u01a1, ProBios \u0111\u00e3 l\u1ef1a ch\u1ecdn c\u1ea9n th\u1eadn c\u00e1c ph\u01b0\u01a1ng ph\u00e1p tr\u1ed3ng tr\u1ecdt c\u1ee7a nguy\u00ean li\u1ec7u th\u00f4 t\u00f4n tr\u1ecdng con ng\u01b0\u1eddi v\u00e0 thi\u00ean nhi\u00ean, kh\u00f4ng ch\u1ea5p nh\u1eadn s\u1eed d\u1ee5ng thu\u1ed1c di\u1ec7t c\u1ecf, thu\u1ed1c di\u1ec7t k\u00fd sinh tr\u00f9ng, ph\u00e2n b\u00f3n h\u00f3a h\u1ecdc v\u00e0 t\u1ed5ng h\u1ee3p v\u00e0 c\u00e1c sinh v\u1eadt bi\u1ebfn \u0111\u1ed5i gen g\u00e2y \u00f4 nhi\u1ec5m tr\u00e1i \u0111\u1ea5t, n\u01b0\u1edbc v\u00e0 kh\u00f4ng kh\u00ed c\u1ee7a ch\u00fang ta.<\/p>\n<p>Probios, c\u00f4ng ty h\u00e0ng \u0111\u1ea7u c\u1ee7a \u00dd trong l\u0129nh v\u1ef1c ph\u00e2n ph\u1ed1i th\u1ef1c ph\u1ea9m h\u1eefu c\u01a1, v\u1edbi kinh nghi\u1ec7m 40 n\u0103m, cung c\u1ea5p m\u1ed9t lo\u1ea1t c\u00e1c s\u1ea3n ph\u1ea9m \u0111\u1ed9c quy\u1ec1n, k\u1ebft h\u1ee3p vi\u1ec7c nghi\u00ean c\u1ee9u v\u00e0 l\u1ef1a ch\u1ecdn c\u00e1c nguy\u00ean li\u1ec7u h\u1eefu c\u01a1 \u0111\u1ec3 t\u1ea1o ra c\u00e1c c\u00f4ng th\u1ee9c n\u1ea5u \u0103n c\u00e2n b\u1eb1ng, nh\u1eb1m mang \u0111\u1ebfn cho ng\u01b0\u1eddi ti\u00eau d\u00f9ng nh\u1eefng s\u1ea3n ph\u1ea9m l\u00e0nh m\u1ea1nh v\u00e0 ngon nh\u1ea5t.<\/p>\n<p><img fetchpriority=\"high\" decoding=\"async\" class=\"wp-image-31124 aligncenter\" src=\"https:\/\/havamall.com\/wp-content\/uploads\/2025\/09\/301117217_444864127693647_875739165958529769_n-300x114.jpg\" alt=\"\" width=\"763\" height=\"290\" \/><\/p>\n<h2><strong>D\u1ea6U H\u1ea0T OMEGA 3 \u00c9P L\u1ea0NH H\u1eeeU C\u01a0 PROBIOS<\/strong><\/h2>\n<p>D\u1ea7u H\u1ea1t Omega 3 \u00c9p L\u1ea1nh H\u1eefu C\u01a1 250ml ProBios l\u00e0\u00a0 s\u1ef1 pha tr\u1ed9n c\u1ee7a n\u0103m l\u1ea7n \u00e9p m\u00e0 kh\u00f4ng c\u1ea7n th\u00eam nhi\u1ec7t (\u00e9p l\u1ea1nh) : h\u1ea1t b\u00ed ng\u00f4, h\u1ea1t lanh, h\u1ea1t c\u1ea3i d\u1ea7u, h\u1ea1t h\u01b0\u1edbng d\u01b0\u01a1ng v\u00e0 qu\u1ea3 \u00f3c ch\u00f3.<\/p>\n<p>D\u1ea7u h\u1ea1t \u00f3c ch\u00f3 c\u00f3 ch\u1ee9a h\u00e0m l\u01b0\u1ee3ng l\u1edbn \u00a0c\u00e1c axit b\u00e9o omega 3, kho\u00e1ng ch\u1ea5t, vitamin v\u00e0 ch\u1ea5t ch\u1ed1ng oxy h\u00f3a. Trong \u0111\u00f3, axit b\u00e9o omega 3 \u0111\u01b0\u1ee3c bi\u1ebft \u0111\u1ebfn v\u1edbi hi\u1ec7u qu\u1ea3 t\u1ed1t cho tr\u00ed n\u00e3o. K\u1ebft h\u1ee3p v\u1edbi ch\u1ea5t x\u01a1, axit b\u00e9o omega 3 c\u0169ng l\u00e0m gi\u1ea3m m\u1ee9c \u0111\u1ed9 LDL (lipoprotein m\u1eadt \u0111\u1ed9 th\u1ea5p) ho\u1eb7c cholesterol x\u1ea5u, t\u1eeb \u0111\u00f3 c\u1ea3i thi\u1ec7n s\u1ee9c kh\u1ecfe v\u00e0 ng\u0103n ng\u1eeba \u0111\u1ed9t qu\u1ef5 c\u00f9ng c\u00e1c b\u1ec7nh tim m\u1ea1ch hi\u1ec7u qu\u1ea3.<\/p>\n<p><img decoding=\"async\" class=\"wp-image-31120 aligncenter\" src=\"https:\/\/havamall.com\/wp-content\/uploads\/2025\/09\/178505661_1084264438748620_4118049519677384828_n-300x300.jpg\" alt=\"\" width=\"741\" height=\"741\" \/><\/p>\n<p>D\u1ea7u h\u1ea1t c\u1ea3i c\u00f3 ch\u1ee9a t\u1ef7 l\u1ec7 t\u1ed1i \u01b0u ch\u1ea5t axit b\u00e9o omega 3 v\u00e0 omega 6. \u0110\u01b0\u1ee3c xem l\u00e0 t\u1ef7 l\u1ec7 t\u1ed1i \u01b0u nh\u1ea5t trong c\u00e1c lo\u1ea1i d\u1ea7u h\u1ea1t \u0103n d\u1eb7m cho b\u00e9.<\/p>\n<p>D\u1ea7u h\u1ea1t lanh c\u00f3 \u0111i\u1ec3m kh\u00e1c bi\u1ec7t so v\u1edbi c\u00e1c lo\u1ea1i d\u1ea7u th\u1ef1c v\u1eadt kh\u00e1c nh\u1edd h\u00e0m l\u01b0\u1ee3ng omega 3, c\u1ee5 th\u1ec3 l\u00e0 axit b\u00e9o kh\u00f4ng b\u00e3o ho\u00e0 \u0111a ALA (alpha-linoleic acid) v\u00e0 omega 9 (oleic acid) r\u1ea5t cao. Ngo\u00e0i ra, d\u1ea7u h\u1ea1t lanh c\u0169ng \u0111\u01b0\u1ee3c xem nh\u01b0 l\u00e0 d\u1ea7u th\u1ef1c v\u1eadt c\u00f3 t\u1ec9 l\u1ec7 c\u00e2n b\u1eb1ng omega 6\/omega 3 t\u1ed1t nh\u1ea5t.<\/p>\n<p>D\u1ea7u h\u1ea1t b\u00ed ch\u1ee9a ch\u1ea5t delta 7 -phytosterol c\u00f3 t\u00e1c d\u1ee5ng trong h\u1ed7 tr\u1ee3 \u0111i\u1ec1u tr\u1ecb tuy\u1ebfn ti\u1ec1n li\u1ec7t, ng\u0103n ng\u1eeba x\u01a1 v\u1eefa \u0111\u1ed9ng m\u1ea1ch. Ch\u1ea5t Glutamate l\u00e0 th\u00e0nh ph\u1ea7n c\u1ea7n thi\u1ebft \u0111\u1ec3 t\u1ea1o ra GABA \u2013 noron ch\u1ed1ng c\u0103ng th\u1eb3ng th\u1ea7n kinh, gi\u00fap l\u00e0m gi\u1ea3m s\u1ef1 lo l\u1eafng.Cung c\u1ea5p t\u1ea5t c\u1ea3 d\u01b0\u1ee1ng ch\u1ea5t nh\u01b0 mangan, magie, s\u1eaft, \u0111\u1ed3ng, tryptophan, k\u1ebdm, ph\u1ed1t pho, c\u00f9ng r\u1ea5t nhi\u1ec1u kho\u00e1ng ch\u1ea5t v\u00e0 vitamin kh\u00e1c.<\/p>\n<p>Ngo\u00e0i ra d\u1ea7u h\u1ea1t b\u00ed \u0111\u1ecf r\u1ea5t gi\u00e0u ch\u1ea5t ch\u1ed1ng oxy h\u00f3a v\u00e0 ch\u1ea5t b\u00e9o t\u1ef1 nhi\u00ean, gi\u00e0u axit b\u00e9o, v\u00e0 c\u00f3 h\u00e0m l\u01b0\u1ee3ng cao vitamin E.<\/p>\n<p><img decoding=\"async\" class=\"wp-image-31121 aligncenter\" src=\"https:\/\/havamall.com\/wp-content\/uploads\/2025\/09\/185173850_1090397698135294-234x300.jpg\" alt=\"\" width=\"735\" height=\"942\" \/><\/p>\n<p>D\u1ea7u h\u01b0\u1edbng d\u01b0\u01a1ng\u00a0b\u1ed5 sung ch\u1ea5t b\u00e9o, n\u0103ng l\u01b0\u1ee3ng l\u1edbn cho c\u01a1 th\u1ec3, c\u00e1c vitamin t\u1ef1 nhi\u00ean A, B, D, E, omega 3-6-9\u2026 \u0111\u1eb7c bi\u1ec7t l\u00e0 l\u01b0\u1ee3ng calo trong d\u1ea7u \u0103n cung c\u1ea5p cho c\u01a1 th\u1ec3 cao h\u01a1n c\u00e1c lo\u1ea1i b\u1ed9t, \u0111\u01b0\u1eddng, \u0111\u1ea1m kh\u00e1c.<\/p>\n<p>C\u00e1c axit b\u00e9o kh\u00f4ng b\u00e3o h\u00f2a \u0111a v\u00e0 h\u00e0m l\u01b0\u1ee3ng vitamin E cao l\u00e0m cho n\u00f3 tr\u1edf n\u00ean l\u00fd t\u01b0\u1edfng cho nh\u1eefng ng\u01b0\u1eddi \u0111am m\u00ea s\u1ee9c kh\u1ecfe v\u00e0 t\u1ea5t c\u1ea3 nh\u1eefng ng\u01b0\u1eddi mu\u1ed1n theo m\u1ed9t l\u1ed1i s\u1ed1ng n\u0103ng \u0111\u1ed9ng c\u00e2n b\u1eb1ng v\u1edbi thi\u00ean nhi\u00ean.<\/p>\n<p>N\u00f3 c\u00f3 m\u1ed9t h\u00e0m l\u01b0\u1ee3ng cao c\u00e1c axit b\u00e9o OMEGA-3 Axit alpha-linolenic (ALA) g\u00f3p ph\u1ea7n duy tr\u00ec m\u1ee9c cholesterol trong m\u00e1u b\u00ecnh th\u01b0\u1eddng.<\/p>\n<p><img loading=\"lazy\" decoding=\"async\" class=\"wp-image-31122 aligncenter\" src=\"https:\/\/havamall.com\/wp-content\/uploads\/2025\/09\/305962763_1413168109191583_8963634089202747652_n-300x300.jpg\" alt=\"\" width=\"737\" height=\"737\" \/><\/p>\n<h2><strong>H\u01af\u1edaNG D\u1eaaN S\u1eec D\u1ee4NG<\/strong><\/h2>\n<p>&#8211; S\u1eed d\u1ee5ng th\u00eam v\u00e0o c\u00e1c m\u00f3n salad, ng\u0169 c\u1ed1c , tr\u00e1i c\u00e2y, s\u00fap,&#8230;<\/p>\n<p>&#8211;\u00a0S\u1eed d\u1ee5ng th\u00eam v\u00e0o c\u00e1c m\u00f3n \u0103n d\u1eb7m c\u1ee7a b\u00e9 sau khi \u0111\u00e3 n\u1ea5u xong nh\u01b0 ch\u00e1o, s\u00fap, m\u00ec&#8230;<\/p>\n<p>&#8211; Sau khi m\u1edf n\u1eafp n\u00ean s\u1eed d\u1ee5ng h\u1ebft trong v\u00f2ng 6 th\u00e1ng.<\/p>\n<p>&#8211; \u0110\u1eady k\u00edn sau khi m\u1edf n\u1eafp.<\/p>\n<p><img loading=\"lazy\" decoding=\"async\" class=\"wp-image-31123 aligncenter\" src=\"https:\/\/havamall.com\/wp-content\/uploads\/2025\/09\/177543594_1084264422081955_7551068947519801164_n-212x300.jpg\" alt=\"\" width=\"756\" height=\"1070\" \/><\/p>","protected":false},"excerpt":{"rendered":"<p>TH\u00d4NG TIN S\u1ea2N PH\u1ea8M Th\u01b0\u01a1ng hi\u1ec7u ProBios Xu\u1ea5t x\u1ee9 \u00dd Th\u00e0nh ph\u1ea7n D\u1ea7u \u00f3c ch\u00f3, d\u1ea7u h\u1ea1t b\u00ed, d\u1ea7u h\u1ea1t<\/p>","protected":false},"featured_media":31125,"comment_status":"open","ping_status":"closed","template":"","meta":[],"product_brand":[],"product_cat":[256,36],"product_tag":[],"class_list":{"0":"post-31119","1":"product","2":"type-product","3":"status-publish","4":"has-post-thumbnail","6":"product_cat-thuc-pham-huu-co","7":"product_cat-thuc-pham-tieu-dung","8":"pa_brand-probios","10":"first","11":"outofstock","12":"sale","13":"shipping-taxable","14":"purchasable","15":"product-type-simple"},"_links":{"self":[{"href":"https:\/\/havamall.vn\/en\/wp-json\/wp\/v2\/product\/31119"}],"collection":[{"href":"https:\/\/havamall.vn\/en\/wp-json\/wp\/v2\/product"}],"about":[{"href":"https:\/\/havamall.vn\/en\/wp-json\/wp\/v2\/types\/product"}],"replies":[{"embeddable":true,"href":"https:\/\/havamall.vn\/en\/wp-json\/wp\/v2\/comments?post=31119"}],"version-history":[{"count":0,"href":"https:\/\/havamall.vn\/en\/wp-json\/wp\/v2\/product\/31119\/revisions"}],"wp:featuredmedia":[{"embeddable":true,"href":"https:\/\/havamall.vn\/en\/wp-json\/wp\/v2\/media\/31125"}],"wp:attachment":[{"href":"https:\/\/havamall.vn\/en\/wp-json\/wp\/v2\/media?parent=31119"}],"wp:term":[{"taxonomy":"product_brand","embeddable":true,"href":"https:\/\/havamall.vn\/en\/wp-json\/wp\/v2\/product_brand?post=31119"},{"taxonomy":"product_cat","embeddable":true,"href":"https:\/\/havamall.vn\/en\/wp-json\/wp\/v2\/product_cat?post=31119"},{"taxonomy":"product_tag","embeddable":true,"href":"https:\/\/havamall.vn\/en\/wp-json\/wp\/v2\/product_tag?post=31119"}],"curies":[{"name":"wp","href":"https:\/\/api.w.org\/{rel}","templated":true}]}}