{"id":30897,"date":"2023-03-30T16:18:57","date_gmt":"2023-03-30T09:18:57","guid":{"rendered":"https:\/\/havamall.vn\/?post_type=product&#038;p=30897"},"modified":"2023-03-31T11:13:24","modified_gmt":"2023-03-31T04:13:24","slug":"cu-nang-ngam-nuoc-duong-dong-lon-nif-560g-water-chestnuts-in-light-syrup","status":"publish","type":"product","link":"https:\/\/havamall.vn\/en\/shop\/cu-nang-ngam-nuoc-duong-dong-lon-nif-560g-water-chestnuts-in-light-syrup\/","title":{"rendered":"C\u1ee7 N\u0103ng Ng\u00e2m N\u01b0\u1edbc \u0110\u01b0\u1eddng \u0110\u00f3ng Lon NIF 560G &#8211; Water Chestnuts In Light Syrup"},"content":{"rendered":"<p>&nbsp;<\/p>\n<h2><strong>TH\u00d4NG TIN CHUNG<\/strong><\/h2>\n<table>\n<tbody>\n<tr>\n<td>Th\u01b0\u01a1ng hi\u1ec7u<\/td>\n<td>NIF<\/td>\n<\/tr>\n<tr>\n<td>Xu\u1ea5t x\u1ee9<\/td>\n<td>Vi\u1ec7t Nam<\/td>\n<\/tr>\n<tr>\n<td>Th\u00e0nh ph\u1ea7n<\/td>\n<td>C\u1ee7 n\u0103ng, n\u01b0\u1edbc, \u0111\u01b0\u1eddng<\/td>\n<\/tr>\n<tr>\n<td>H\u1ea1n s\u1eed d\u1ee5ng<\/td>\n<td>24 th\u00e1ng k\u1ec3 t\u1eeb ng\u00e0y s\u1ea3n xu\u1ea5t.<\/td>\n<\/tr>\n<tr>\n<td>B\u1ea3o qu\u1ea3n<\/td>\n<td>B\u1ea3o qu\u1ea3n n\u01a1i kh\u00f4 r\u00e1o, tho\u00e1ng m\u00e1t, tr\u00e1nh \u00e1nh n\u1eafng tr\u1ef1c ti\u1ebfp.<\/td>\n<\/tr>\n<tr>\n<td>\u00a0Kh\u1ed1i l\u01b0\u1ee3ng<\/td>\n<td>560g<\/td>\n<\/tr>\n<\/tbody>\n<\/table>\n<p>C\u1ee7 n\u0103ng n\u01b0\u1edbc \u0111\u01b0\u1eddng NIF 560g l\u00e0 m\u1ed9t s\u1ea3n ph\u1ea9m b\u1ed5 d\u01b0\u1ee1ng v\u00e0 ti\u1ec7n l\u1ee3i. N\u00f3 c\u00f3 th\u1ec3 \u0111\u01b0\u1ee3c s\u1eed d\u1ee5ng ngay l\u1eadp t\u1ee9c v\u00e0 \u0111\u01b0\u1ee3c s\u1ea3n xu\u1ea5t tr\u00ean d\u00e2y chuy\u1ec1n hi\u1ec7n \u0111\u1ea1i.\u00a0C\u1ee7 n\u0103ng ng\u00e2m \u0111\u01b0\u1eddng NIF l\u00e0 m\u1ed9t s\u1ea3n ph\u1ea9m thu\u1ea7n thi\u00ean nhi\u00ean \u0111\u01b0\u1ee3c kh\u00e1ch h\u00e0ng tin d\u00f9ng trong c\u00e1c chu\u1ed7i nh\u00e0 h\u00e0ng, cafe, tr\u00e0 s\u1eefa hi\u1ec7n nay.<\/p>\n<div class=\"contentNews\">\n<p>C\u1ee7 n\u0103ng n\u01b0\u1edbc \u0111\u01b0\u1eddng NIF l\u00e0 topping v\u00f4 c\u00f9ng tuy\u1ec7t v\u1eddi cho nh\u1eefng c\u1ed1c tr\u00e0 s\u1eefa v\u00e0 nh\u1eefng c\u1ed1c ch\u00e8 gi\u1ea3i kh\u00e1t m\u00f9a h\u00e8. V\u1ecb ng\u1ecdt b\u00f9i, gi\u00f2n dai c\u1ee7a c\u1ee7 n\u0103ng s\u1ebd l\u00e0m n\u00ean m\u1ed9t th\u1ee9c th\u1ea1ch kh\u00f4ng nh\u1eefng ngon m\u00e0 c\u00f2n r\u1ea5t b\u1ed5 d\u01b0\u1ee1ng, \u0111\u1eb7c bi\u1ec7t ph\u00f9 h\u1ee3p khi k\u1ebft h\u1ee3p v\u1edbi v\u1ecb ng\u1ecdt thanh c\u1ee7a tr\u00e0 s\u1eefa.<\/p>\n<p><img fetchpriority=\"high\" decoding=\"async\" class=\"wp-image-30898 aligncenter\" src=\"https:\/\/havamall.vn\/wp-content\/uploads\/2023\/03\/12644-06-300x300.png\" alt=\"\" width=\"625\" height=\"625\" srcset=\"https:\/\/havamall.vn\/wp-content\/uploads\/2023\/03\/12644-06-300x300.png 300w, https:\/\/havamall.vn\/wp-content\/uploads\/2023\/03\/12644-06-430x430.png 430w, https:\/\/havamall.vn\/wp-content\/uploads\/2023\/03\/12644-06-150x150.png 150w, https:\/\/havamall.vn\/wp-content\/uploads\/2023\/03\/12644-06-700x700.png 700w, https:\/\/havamall.vn\/wp-content\/uploads\/2023\/03\/12644-06-768x768.png 768w, https:\/\/havamall.vn\/wp-content\/uploads\/2023\/03\/12644-06-1024x1024.png 1024w, https:\/\/havamall.vn\/wp-content\/uploads\/2023\/03\/12644-06.png 1200w, https:\/\/havamall.vn\/wp-content\/uploads\/2023\/03\/12644-06-600x600.png 600w, https:\/\/havamall.vn\/wp-content\/uploads\/2023\/03\/12644-06-100x100.png 100w\" sizes=\"(max-width: 625px) 100vw, 625px\" \/><\/p>\n<\/div>\n<h2><strong>\u0110I\u1ec2M N\u1ed4I B\u1eacT C\u1ee6A S\u1ea2N PH\u1ea8M<\/strong><\/h2>\n<p>&#8211; Ch\u1ec9 c\u1ea7n l\u1ea5y c\u1ee7 n\u0103ng t\u1eeb trong h\u1ed9p, cho th\u00eam \u00edt \u0111\u00e1 xay (\u0111\u1eadp) nhuy\u1ec5n l\u00e0 b\u1ea1n c\u00f3 th\u1ec3 th\u01b0\u1edfng th\u1ee9c r\u1ed3i. L\u00e0m th\u1ea1ch c\u1ee7 n\u0103ng v\u00e0 l\u00e0m topping tr\u00e0 s\u1eefa.<\/p>\n<p>&#8211; C\u1ee7 n\u0103ng \u0111\u00f3ng h\u1ed9p NIF gi\u00f2n dai mang \u0111\u1ebfn h\u01b0\u01a1ng v\u1ecb ng\u1ecdt b\u00e9o th\u01a1m ngon v\u00e0 l\u00e0 m\u1ed9t m\u00f3n \u0103n m\u00f3n gi\u1ea3i kh\u00e1t gi\u00e0u dinh d\u01b0\u1ee1ng. \u0110\u00e2y l\u00e0 m\u1ed9t lo\u1ea1i th\u1ef1c ph\u1ea9m b\u1ed5 d\u01b0\u1ee1ng c\u00f3 kh\u1ea3 n\u0103ng h\u1ed7 tr\u1ee3 tr\u1ecb li\u1ec7u \u0111\u1ed1i v\u1edbi c\u00e1c b\u1ec7nh tim m\u1ea1ch, \u0111\u00e1i th\u00e1o \u0111\u01b0\u1eddng, gi\u1ea3m nguy c\u01a1 s\u1ecfi th\u1eadn, ph\u1ee5c h\u1ed3i nhanh s\u1ee9c kh\u1ecfe \u0111\u01b0\u1eddng ru\u1ed9t b\u1edfi ch\u1ea5t x\u01a1 v\u00e0 tinh b\u1ed9t c\u1ee7 n\u0103ng thu\u1ed9c lo\u1ea1i ti\u00eau h\u00f3a ch\u1eadm.<\/p>\n<p>&#8211; C\u1ee7 n\u0103ng \u0111\u00f3ng h\u1ed9p r\u1ea5t ti\u1ec7n d\u1ee5ng, \u0111\u01a1n gi\u1ea3n kh\u00f4ng t\u1ed1n qu\u00e1 nhi\u1ec1u th\u1eddi gian \u0111\u1ec3 g\u1ecdt r\u1eeda, c\u00f3 th\u1ec3 s\u1eed d\u1ee5ng ngay sau khi m\u1edf h\u1ed9p<\/p>\n<p><img decoding=\"async\" class=\"wp-image-30899 aligncenter\" src=\"https:\/\/havamall.vn\/wp-content\/uploads\/2023\/03\/12644-04-300x300.jpeg\" alt=\"\" width=\"623\" height=\"623\" srcset=\"https:\/\/havamall.vn\/wp-content\/uploads\/2023\/03\/12644-04-300x300.jpeg 300w, https:\/\/havamall.vn\/wp-content\/uploads\/2023\/03\/12644-04-430x430.jpeg 430w, https:\/\/havamall.vn\/wp-content\/uploads\/2023\/03\/12644-04-150x150.jpeg 150w, https:\/\/havamall.vn\/wp-content\/uploads\/2023\/03\/12644-04-700x700.jpeg 700w, https:\/\/havamall.vn\/wp-content\/uploads\/2023\/03\/12644-04-768x768.jpeg 768w, https:\/\/havamall.vn\/wp-content\/uploads\/2023\/03\/12644-04-1024x1024.jpeg 1024w, https:\/\/havamall.vn\/wp-content\/uploads\/2023\/03\/12644-04.jpeg 1200w, https:\/\/havamall.vn\/wp-content\/uploads\/2023\/03\/12644-04-600x600.jpeg 600w, https:\/\/havamall.vn\/wp-content\/uploads\/2023\/03\/12644-04-100x100.jpeg 100w\" sizes=\"(max-width: 623px) 100vw, 623px\" \/><\/p>\n<h2><strong>NH\u1eeeNG L\u1ee2I \u00cdCH C\u1ee6A C\u1ee6 N\u0102NG<\/strong><\/h2>\n<p>&gt; C\u1ee7 n\u0103ng r\u1ea5t b\u1ed5 d\u01b0\u1ee1ng nh\u01b0ng \u00edt calo. Ch\u1ee9a m\u1ed9t s\u1ed1 ch\u1ea5t ch\u1ed1ng oxy h\u00f3a cao gi\u00fap gi\u1ea3m huy\u1ebft \u00e1p v\u00e0 gi\u1ea3m nguy c\u01a1 m\u1eafc b\u1ec7nh tim, gi\u00fap b\u1ea1n no l\u00e2u h\u01a1n, gi\u1ea3m nguy c\u01a1 b\u1ecb stress oxy h\u00f3a v\u00e0 ch\u1ed1ng l\u1ea1i s\u1ef1 ph\u00e1t tri\u1ec3n c\u1ee7a ung th\u01b0.<\/p>\n<p>&gt; H\u00e0m l\u01b0\u1ee3ng \u0111\u01b0\u1eddng trong C\u1ee7 N\u0103ng Th\u1ea5p 17% l\u00e0m b\u1eb1ng \u0111\u01b0\u1eddng c\u00e1t t\u1ef1 nhi\u00ean.<\/p>\n<p>&gt; C\u1ee7 n\u0103ng c\u00f3 kh\u1ea3 n\u0103ng thanh nhi\u1ec7t gi\u1ea3i \u0111\u1ed9c cho c\u01a1 th\u1ec3 v\u00f4 c\u00f9ng hi\u1ec7u qu\u1ea3. B\u1ea1n c\u00f3 th\u1ec3 ch\u1ebf bi\u1ebfn th\u00e0nh nh\u1eefng m\u00f3n \u0103n nh\u01b0: l\u1ea5y c\u1ee7 th\u00e1i nh\u1ecf, n\u1ea5u v\u1edbi b\u1ed9t \u0111\u1eadu xanh l\u00e0m ch\u00e8 l\u1ee5c t\u00e0u x\u00e1 ho\u1eb7c h\u1ea7m v\u1edbi d\u1ea1 d\u00e0y l\u1ee3n \u0111\u1ec3 thanh nhi\u1ec7t, b\u1ed5 d\u01b0\u1ee1ng, ti\u00eau t\u00edch, gi\u1ea3i \u0111\u1ed9c v\u00e0 d\u00f9ng d\u1ea1ng b\u1ed9t v\u1edbi t\u00e1c d\u1ee5ng m\u00e1t gan, d\u1ea1 d\u00e0y v\u00e0 ru\u1ed9t.<\/p>\n<p><img decoding=\"async\" class=\"aligncenter\" src=\"https:\/\/havamall.vn\/wp-content\/uploads\/2020\/07\/image7-15934237388671327320897-577-0-2528-3121-crop-1593425007037802584891.jpeg\" alt=\"Th\u01b0\u1eddng xuy\u00ean \u0103n m\u00f3n ch\u00e8 n\u00e0y ch\u1eb3ng nh\u1eefng l\u00e0m \u0111\u1eb9p da m\u00e0 c\u00f2n gi\u00fap ...\" width=\"634\" height=\"396\" \/><\/p>\n<p>&gt; C\u00f3 kh\u1ea3 n\u0103ng gi\u1ea3i r\u01b0\u1ee3u, v\u1edbi nh\u1eefng ng\u01b0\u1eddi s\u1eed d\u1ee5ng qu\u00e1 nhi\u1ec1u r\u01b0\u1ee3u bia, th\u00ec th\u01b0\u1eddng g\u1eb7p ph\u1ea3i t\u00ecnh tr\u1ea1ng n\u00f3ng b\u1ee5ng, n\u00ean r\u1ea5t kh\u00f3 ch\u1ecbu. V\u00e0 l\u00fac n\u00e0y, c\u1ee7 n\u0103ng ch\u00ednh l\u00e0 ph\u01b0\u01a1ng ph\u00e1p tuy\u1ec7t v\u1eddi nh\u1ea5t m\u00e0 b\u1ea1n n\u00ean l\u1ef1a ch\u1ecdn. C\u00e1ch l\u00e0m h\u1ebft s\u1ee9c \u0111\u01a1n gi\u1ea3n, ch\u1ec9 c\u1ea7n ti\u1ebfn h\u00e0nh \u00e9p l\u1ea5y ph\u1ea7n n\u01b0\u1edbc cho th\u00eam \u00edt chanh v\u00e0 m\u1ed9t ch\u00fat mu\u1ed1i gi\u00fap h\u1ea1n ch\u1ebf ch\u1ea5t \u0111\u1ed9c c\u1ee7a r\u01b0\u1ee3u v\u00e0o c\u01a1 th\u1ec3 v\u00e0 ch\u1ed1ng n\u00f3ng trong ng\u01b0\u1eddi.<\/p>\n<p>&gt; Ng\u1eeba b\u1ec7nh tim m\u1ea1ch: C\u1ee7 n\u0103ng ch\u1ee9a nhi\u1ec1u acid b\u00e9o thi\u1ebft y\u1ebfu nh\u01b0 linoleic acid, t\u1ed1t cho s\u1ee9c kh\u1ecfe tim m\u1ea1ch v\u00e0 ph\u00e1t tri\u1ec3n th\u1ea7n kinh \u1edf tr\u1ebb nh\u1ecf.<\/p>\n<p>&gt; T\u1ed1t cho \u0111\u01b0\u1eddng ru\u1ed9t: Ch\u1ea5t x\u01a1 v\u00e0 tinh b\u1ed9t c\u1ee7a c\u1ee7 n\u0103ng thu\u1ed9c lo\u1ea1i ti\u00eau h\u00f3a ch\u1eadm, gi\u00fap t\u0103ng c\u01b0\u1eddng s\u1ee9c kh\u1ecfe \u0111\u01b0\u1eddng ru\u1ed9t, c\u1ea3i thi\u1ec7n c\u00e1c v\u1ea5n \u0111\u1ec1 v\u1ec1 ti\u00eau h\u00f3a.<\/p>\n<p><img loading=\"lazy\" decoding=\"async\" class=\"wp-image-30900 aligncenter\" src=\"https:\/\/havamall.vn\/wp-content\/uploads\/2023\/03\/Thai-Red-Rubies-Dessert-Tub-Tim-Krob-6-300x200.jpeg\" alt=\"\" width=\"617\" height=\"412\" srcset=\"https:\/\/havamall.vn\/wp-content\/uploads\/2023\/03\/Thai-Red-Rubies-Dessert-Tub-Tim-Krob-6-300x200.jpeg 300w, https:\/\/havamall.vn\/wp-content\/uploads\/2023\/03\/Thai-Red-Rubies-Dessert-Tub-Tim-Krob-6-430x287.jpeg 430w, https:\/\/havamall.vn\/wp-content\/uploads\/2023\/03\/Thai-Red-Rubies-Dessert-Tub-Tim-Krob-6-150x100.jpeg 150w, https:\/\/havamall.vn\/wp-content\/uploads\/2023\/03\/Thai-Red-Rubies-Dessert-Tub-Tim-Krob-6-700x467.jpeg 700w, https:\/\/havamall.vn\/wp-content\/uploads\/2023\/03\/Thai-Red-Rubies-Dessert-Tub-Tim-Krob-6-768x512.jpeg 768w, https:\/\/havamall.vn\/wp-content\/uploads\/2023\/03\/Thai-Red-Rubies-Dessert-Tub-Tim-Krob-6-1024x683.jpeg 1024w, https:\/\/havamall.vn\/wp-content\/uploads\/2023\/03\/Thai-Red-Rubies-Dessert-Tub-Tim-Krob-6.jpeg 1200w, https:\/\/havamall.vn\/wp-content\/uploads\/2023\/03\/Thai-Red-Rubies-Dessert-Tub-Tim-Krob-6-600x400.jpeg 600w\" sizes=\"(max-width: 617px) 100vw, 617px\" \/><\/p>","protected":false},"excerpt":{"rendered":"<p>&nbsp; TH\u00d4NG TIN CHUNG Th\u01b0\u01a1ng hi\u1ec7u NIF Xu\u1ea5t x\u1ee9 Vi\u1ec7t Nam Th\u00e0nh ph\u1ea7n C\u1ee7 n\u0103ng, n\u01b0\u1edbc, \u0111\u01b0\u1eddng H\u1ea1n s\u1eed d\u1ee5ng<\/p>","protected":false},"featured_media":30901,"comment_status":"open","ping_status":"closed","template":"","meta":[],"product_brand":[],"product_cat":[36,143],"product_tag":[],"class_list":{"0":"post-30897","1":"product","2":"type-product","3":"status-publish","4":"has-post-thumbnail","6":"product_cat-thuc-pham-tieu-dung","7":"product_cat-thuc-pham-dong-hop","8":"pa_brand-nif","10":"first","11":"instock","12":"sale","13":"shipping-taxable","14":"purchasable","15":"product-type-simple"},"_links":{"self":[{"href":"https:\/\/havamall.vn\/en\/wp-json\/wp\/v2\/product\/30897"}],"collection":[{"href":"https:\/\/havamall.vn\/en\/wp-json\/wp\/v2\/product"}],"about":[{"href":"https:\/\/havamall.vn\/en\/wp-json\/wp\/v2\/types\/product"}],"replies":[{"embeddable":true,"href":"https:\/\/havamall.vn\/en\/wp-json\/wp\/v2\/comments?post=30897"}],"version-history":[{"count":0,"href":"https:\/\/havamall.vn\/en\/wp-json\/wp\/v2\/product\/30897\/revisions"}],"wp:featuredmedia":[{"embeddable":true,"href":"https:\/\/havamall.vn\/en\/wp-json\/wp\/v2\/media\/30901"}],"wp:attachment":[{"href":"https:\/\/havamall.vn\/en\/wp-json\/wp\/v2\/media?parent=30897"}],"wp:term":[{"taxonomy":"product_brand","embeddable":true,"href":"https:\/\/havamall.vn\/en\/wp-json\/wp\/v2\/product_brand?post=30897"},{"taxonomy":"product_cat","embeddable":true,"href":"https:\/\/havamall.vn\/en\/wp-json\/wp\/v2\/product_cat?post=30897"},{"taxonomy":"product_tag","embeddable":true,"href":"https:\/\/havamall.vn\/en\/wp-json\/wp\/v2\/product_tag?post=30897"}],"curies":[{"name":"wp","href":"https:\/\/api.w.org\/{rel}","templated":true}]}}