{"id":30887,"date":"2023-03-30T13:34:13","date_gmt":"2023-03-30T06:34:13","guid":{"rendered":"https:\/\/havamall.vn\/?post_type=product&#038;p=30887"},"modified":"2025-09-30T10:10:25","modified_gmt":"2025-09-30T03:10:25","slug":"nhan-long-ngam-nuoc-dong-lon-nif-560g-longan-in-light-syrup","status":"publish","type":"product","link":"https:\/\/havamall.vn\/en\/shop\/nhan-long-ngam-nuoc-dong-lon-nif-560g-longan-in-light-syrup\/","title":{"rendered":"Nh\u00e3n L\u1ed3ng Ng\u00e2m N\u01b0\u1edbc \u0110\u00f3ng Lon NIF 560G &#8211; Longan In Light Syrup"},"content":{"rendered":"<p>&nbsp;<\/p>\n<h2><strong>TH\u00d4NG TIN CHUNG<\/strong><\/h2>\n<table>\n<tbody>\n<tr>\n<td>Th\u01b0\u01a1ng hi\u1ec7u<\/td>\n<td>NIF<\/td>\n<\/tr>\n<tr>\n<td>Xu\u1ea5t x\u1ee9<\/td>\n<td>Vi\u1ec7t Nam<\/td>\n<\/tr>\n<tr>\n<td>Th\u00e0nh ph\u1ea7n<\/td>\n<td>Nh\u00e3n l\u1ed3ng, n\u01b0\u1edbc, \u0111\u01b0\u1eddng<\/td>\n<\/tr>\n<tr>\n<td>H\u1ea1n s\u1eed d\u1ee5ng<\/td>\n<td>24 th\u00e1ng k\u1ec3 t\u1eeb ng\u00e0y s\u1ea3n xu\u1ea5t.<\/td>\n<\/tr>\n<tr>\n<td>B\u1ea3o qu\u1ea3n<\/td>\n<td>B\u1ea3o qu\u1ea3n n\u01a1i kh\u00f4 r\u00e1o, tho\u00e1ng m\u00e1t, tr\u00e1nh \u00e1nh n\u1eafng tr\u1ef1c ti\u1ebfp.<\/td>\n<\/tr>\n<tr>\n<td>\u00a0Kh\u1ed1i l\u01b0\u1ee3ng<\/td>\n<td>560g<\/td>\n<\/tr>\n<\/tbody>\n<\/table>\n<p dir=\"ltr\">Nh\u00e3n \u0111\u00f3ng h\u1ed9p NIF \u0111\u01b0\u1ee3c s\u1ea3n xu\u1ea5t tr\u00ean d\u00e2y chuy\u1ec1n c\u00f4ng ngh\u1ec7 hi\u1ec7n \u0111\u1ea1i, \u0111\u1ea3m b\u1ea3o an to\u00e0n khi s\u1eed d\u1ee5ng. S\u1ea3n ph\u1ea9m \u0111\u01b0\u1ee3c \u0111\u00f3ng lon nh\u00f4m nh\u1ecf g\u1ecdn, \u0111em l\u1ea1i cho b\u1ea1n s\u1ef1 ti\u1ec7n l\u1ee3i trong vi\u1ec7c s\u1eed d\u1ee5ng c\u0169ng nh\u01b0 b\u1ea3o qu\u1ea3n hay mang theo nh\u1eefng chuy\u1ebfn du l\u1ecbch, d\u00e3 ngo\u1ea1i.<\/p>\n<p dir=\"ltr\">Nh\u00e3n \u0111\u00f3ng lon\u00a0\u0111\u01b0\u1ee3c l\u00e0m t\u1eeb n\u01b0\u1edbc, tr\u00e1i nh\u00e3n t\u01b0\u01a1i, \u0111\u01b0\u1eddng\u2026kh\u00f4ng s\u1eed d\u1ee5ng ch\u1ea5t t\u1ea1o m\u00e0u, ch\u1ea5t b\u1ea3o qu\u1ea3n v\u00e0 ch\u1ea5t t\u1ea1o h\u01b0\u01a1ng \u0111\u1ed9c h\u1ea1i, mang t\u1edbi h\u01b0\u01a1ng v\u1ecb nh\u00e3n t\u1ef1 nhi\u00ean \u0111\u1eb7c tr\u01b0ng th\u01a1m ngon, h\u1ea5p d\u1eabn.<\/p>\n<p dir=\"ltr\"><img fetchpriority=\"high\" decoding=\"async\" class=\"wp-image-30888 aligncenter\" src=\"https:\/\/havamall.com\/wp-content\/uploads\/2025\/09\/78705510_2660826803986942_7183230200086265856_n-300x164.jpg\" alt=\"\" width=\"622\" height=\"340\" \/><\/p>\n<p dir=\"ltr\">Nh\u00e3n ng\u00e2m \u0111\u00f3ng h\u1ed9p kh\u00f4ng h\u1ec1 nh\u0169n, kh\u00e1 m\u1ec1m m\u00e0 dai ngon, m\u00e0u tr\u1eafng. \u0110\u1ed3ng th\u1eddi c\u00f3 v\u1ecb ng\u1ecdt ng\u1ecdt v\u1eeba ph\u1ea3i, c\u00f2n n\u01b0\u1edbc v\u1ea3i th\u00ec h\u01a1i s\u00e1nh l\u1ea1i th\u00edch h\u1ee3p d\u00f9ng trong pha ch\u1ebf r\u1ea5t tuy\u1ec7t h\u1ea3o. Nh\u00e3n c\u00f3 h\u01b0\u01a1ng v\u1ecb th\u01a1m ngon \u0111\u1eb7c tr\u01b0ng c\u1ee7a qu\u1ea3 nh\u00e3n, \u0111\u01b0\u1ee3c s\u1eed d\u1ee5ng trong \u1ea9m th\u1ef1c, t\u1ea1o n\u00ean nhi\u1ec1u m\u00f3n \u0103n, th\u1ee9c u\u1ed1ng.<\/p>\n<p>S\u1ea3n ph\u1ea9m \u0111\u01b0\u1ee3c s\u1ea3n xu\u1ea5t tr\u00ean d\u00e2y chuy\u1ec1n hi\u1ec7n \u0111\u1ea1i, s\u1ea3n ph\u1ea9m \u0111\u01b0\u1ee3c \u0111\u00f3ng h\u1ed9p b\u1eb1ng ch\u1ea5t li\u1ec7u thi\u1ebfc an to\u00e0n, ch\u1eafc ch\u1eafn v\u1edbi kh\u1ed1i l\u01b0\u1ee3ng 560g.<\/p>\n<p>Nh\u00e3n c\u00f3 v\u1ecb ng\u1ecdt, t\u00ednh b\u00ecnh, qu\u1ea3 m\u00e0u v\u00e0ng n\u00e2u, h\u1ea1t \u0111en nh\u00e1nh, l\u1edbp c\u01a1m d\u00e0y m\u00e0u tr\u1eafng bao b\u1ecdc h\u1ea1t. Theo nghi\u00ean c\u1ee9u khoa h\u1ecdc, qu\u1ea3 nh\u00e3n c\u00f3 ch\u1ee9a c\u00e1c vi ch\u1ea5t nh\u01b0 S\u1eaft, Magie, K\u1ebdm, Kali, Photpho, Protein, ch\u1ea5t b\u00e9o, \u0111\u01b0\u1eddng Sacaroza, Glucoza.<\/p>\n<p><img decoding=\"async\" class=\"wp-image-30889 aligncenter\" src=\"https:\/\/havamall.com\/wp-content\/uploads\/2025\/09\/Chinese-red-dates-longan-drink-300x169.png\" alt=\"\" width=\"619\" height=\"349\" \/><\/p>\n<h2>\u00a0<strong>C\u00d4NG D\u1ee4NG C\u1ee6A NH\u00c3N<\/strong><\/h2>\n<p>\u2013 Nh\u00e3n c\u00f3 nhi\u1ec1u Vitamin A, C, axit h\u1eefu c\u01a1 v\u00e0 ch\u1ea5t x\u01a1 c\u00f3 t\u00e1c d\u1ee5ng r\u1ea5t t\u1ed1t cho s\u1ee9c kh\u1ecfe.<\/p>\n<p>\u2013 H\u00e0m l\u01b0\u1ee3ng vitamin C trong nh\u00e3n d\u1ed3i d\u00e0o gi\u00fap n\u00e2ng cao s\u1ee9c \u0111\u1ec1 kh\u00e1ng cho c\u01a1 th\u1ec3, ng\u0103n ng\u1eeba cao huy\u1ebft \u00e1p v\u00e0 m\u1ed9t s\u1ed1 b\u1ec7nh v\u1ec1 tim m\u1ea1ch.<\/p>\n<p>\u2013 Nh\u00e3n ch\u1ee9a nhi\u1ec1u d\u01b0\u1ee1ng ch\u1ea5t, \u0111\u1eb7c bi\u1ec7t l\u00e0 \u0111\u1ed3ng v\u00e0 canxi trong nh\u00e3n gi\u00fap x\u01b0\u01a1ng kh\u01a1\u0301p ch\u0103\u0301c kho\u0309e, giu\u0301p x\u01b0\u01a1ng pha\u0301t tri\u00ea\u0309n, ng\u01b0\u0300a b\u00ea\u0323nh loa\u0303ng x\u01b0\u01a1ng.<\/p>\n<p>\u2013 Trong qu\u1ea3 nh\u00e3n ch\u1ee9a h\u00e0m l\u01b0\u1ee3ng l\u1edbn ch\u1ea5t s\u1eaft gi\u00fap ph\u00f2ng ng\u1eeba \u0111\u01b0\u1ee3c b\u1ec7nh thi\u1ebfu m\u00e1u.<\/p>\n<p><img decoding=\"async\" class=\"wp-image-30890 aligncenter\" src=\"https:\/\/havamall.com\/wp-content\/uploads\/2025\/09\/2ab7e90c0cef2ba0d0ba0ea6cf8fe675-300x197.jpg\" alt=\"\" width=\"602\" height=\"395\" \/><\/p>\n<h2><strong>H\u01af\u1edaNG D\u1eaaN S\u1eec D\u1ee4NG<\/strong><\/h2>\n<p>\u2013 Nh\u00e3n \u0111\u00f3ng lon We\u2019natur v\u1edbi h\u01b0\u01a1ng v\u1ecb th\u01a1m ngon ri\u00eang, c\u00f3 th\u1ec3 d\u00f9ng v\u1edbi nhi\u1ec1u m\u1ee5c \u0111\u00edch s\u1eed d\u1ee5ng kh\u00e1c nhau.<\/p>\n<p>\u2013 B\u1ea1n c\u00f3 th\u1ec3 d\u00f9ng s\u1ea3n ph\u1ea9m \u0111\u1ec3 pha ch\u1ebf n\u01b0\u1edbc u\u1ed1ng gi\u1ea3i kh\u00e1t<\/p>\n<p>\u2013 Ch\u1ebf bi\u1ebfn th\u00e0nh c\u00e1c m\u00f3n \u0103n<\/p>\n<p>\u2013\u00a0C\u00f3 th\u1ec3 \u0103n ngay, kh\u00f4ng c\u1ea7n qua x\u1eed l\u00fd nhi\u1ec7t.<\/p>\n<p><img loading=\"lazy\" decoding=\"async\" class=\"wp-image-30891 aligncenter\" src=\"https:\/\/havamall.com\/wp-content\/uploads\/2025\/09\/nhan-1-1200x1199-300x300.png\" alt=\"\" width=\"594\" height=\"594\" \/><\/p>","protected":false},"excerpt":{"rendered":"<p>&nbsp; TH\u00d4NG TIN CHUNG Th\u01b0\u01a1ng hi\u1ec7u NIF Xu\u1ea5t x\u1ee9 Vi\u1ec7t Nam Th\u00e0nh ph\u1ea7n Nh\u00e3n l\u1ed3ng, n\u01b0\u1edbc, \u0111\u01b0\u1eddng H\u1ea1n s\u1eed d\u1ee5ng<\/p>","protected":false},"featured_media":30892,"comment_status":"open","ping_status":"closed","template":"","meta":[],"product_brand":[],"product_cat":[36,143],"product_tag":[],"class_list":{"0":"post-30887","1":"product","2":"type-product","3":"status-publish","4":"has-post-thumbnail","6":"product_cat-thuc-pham-tieu-dung","7":"product_cat-thuc-pham-dong-hop","8":"pa_brand-nif","10":"first","11":"outofstock","12":"sale","13":"shipping-taxable","14":"purchasable","15":"product-type-simple"},"_links":{"self":[{"href":"https:\/\/havamall.vn\/en\/wp-json\/wp\/v2\/product\/30887"}],"collection":[{"href":"https:\/\/havamall.vn\/en\/wp-json\/wp\/v2\/product"}],"about":[{"href":"https:\/\/havamall.vn\/en\/wp-json\/wp\/v2\/types\/product"}],"replies":[{"embeddable":true,"href":"https:\/\/havamall.vn\/en\/wp-json\/wp\/v2\/comments?post=30887"}],"version-history":[{"count":0,"href":"https:\/\/havamall.vn\/en\/wp-json\/wp\/v2\/product\/30887\/revisions"}],"wp:featuredmedia":[{"embeddable":true,"href":"https:\/\/havamall.vn\/en\/wp-json\/wp\/v2\/media\/30892"}],"wp:attachment":[{"href":"https:\/\/havamall.vn\/en\/wp-json\/wp\/v2\/media?parent=30887"}],"wp:term":[{"taxonomy":"product_brand","embeddable":true,"href":"https:\/\/havamall.vn\/en\/wp-json\/wp\/v2\/product_brand?post=30887"},{"taxonomy":"product_cat","embeddable":true,"href":"https:\/\/havamall.vn\/en\/wp-json\/wp\/v2\/product_cat?post=30887"},{"taxonomy":"product_tag","embeddable":true,"href":"https:\/\/havamall.vn\/en\/wp-json\/wp\/v2\/product_tag?post=30887"}],"curies":[{"name":"wp","href":"https:\/\/api.w.org\/{rel}","templated":true}]}}