{"id":30880,"date":"2023-03-30T11:37:20","date_gmt":"2023-03-30T04:37:20","guid":{"rendered":"https:\/\/havamall.vn\/?post_type=product&#038;p=30880"},"modified":"2025-09-30T10:10:30","modified_gmt":"2025-09-30T03:10:30","slug":"vai-thieu-ngam-nuoc-duong-dong-lon-nif-560g-lychees-in-light-syrup","status":"publish","type":"product","link":"https:\/\/havamall.vn\/en\/shop\/vai-thieu-ngam-nuoc-duong-dong-lon-nif-560g-lychees-in-light-syrup\/","title":{"rendered":"V\u1ea3i Thi\u1ec1u Ng\u00e2m N\u01b0\u1edbc \u0110\u01b0\u1eddng \u0110\u00f3ng Lon NIF 560G &#8211; Lychees In Light Syrup"},"content":{"rendered":"<p>&nbsp;<\/p>\n<h2><strong>TH\u00d4NG TIN CHUNG<\/strong><\/h2>\n<table>\n<tbody>\n<tr>\n<td>Th\u01b0\u01a1ng hi\u1ec7u<\/td>\n<td>NIF<\/td>\n<\/tr>\n<tr>\n<td>Xu\u1ea5t x\u1ee9<\/td>\n<td>Vi\u1ec7t Nam<\/td>\n<\/tr>\n<tr>\n<td>Th\u00e0nh ph\u1ea7n<\/td>\n<td>V\u1ea3i thi\u1ec1u, n\u01b0\u1edbc, \u0111\u01b0\u1eddng<\/td>\n<\/tr>\n<tr>\n<td>H\u1ea1n s\u1eed d\u1ee5ng<\/td>\n<td>36 th\u00e1ng k\u1ec3 t\u1eeb ng\u00e0y s\u1ea3n xu\u1ea5t.<\/td>\n<\/tr>\n<tr>\n<td>B\u1ea3o qu\u1ea3n<\/td>\n<td>B\u1ea3o qu\u1ea3n n\u01a1i kh\u00f4 r\u00e1o, tho\u00e1ng m\u00e1t, tr\u00e1nh \u00e1nh n\u1eafng tr\u1ef1c ti\u1ebfp.<\/td>\n<\/tr>\n<tr>\n<td>\u00a0Kh\u1ed1i l\u01b0\u1ee3ng<\/td>\n<td>560g<\/td>\n<\/tr>\n<\/tbody>\n<\/table>\n<p>V\u1ea3i h\u1ed9p NIF l\u00e0 m\u1ed9t lo\u1ea1i\u00a0v\u1ea3i ng\u00e2m \u0111\u00f3ng h\u1ed9p\u00a0v\u1edbi v\u1ecb chua ng\u1ecdt t\u1ef1 nhi\u00ean ch\u00ednh l\u00e0 nguy\u00ean li\u1ec7u ho\u00e0n h\u1ea3o cho c\u00e1c m\u00f3n tr\u00e0, ch\u00e8 c\u1ee7a b\u1ea1n. \u00a0V\u1ecb th\u01a1m ngon c\u1ee7a tr\u00e0, v\u1ecb th\u01a1m c\u1ee7a v\u1ea3i thi\u1ec1u, gi\u00f2n ng\u1ecdt c\u1ee7a tr\u00e1i v\u1ea3i v\u00e0 \u0111\u1eb7c bi\u1ec7t l\u00e0 c\u00f3 th\u1ec3 ph\u1ed1i th\u00eam nh\u1eefng nguy\u00ean li\u1ec7u kh\u00e1c t\u1ea1o n\u00ean gu ri\u00eang cho t\u1eebng n\u01a1i.<\/p>\n<p>V\u1ea3i thi\u1ec1u \u0111\u00f3ng lon \u0111\u01b0\u1ee3c d\u00f9ng pha ch\u1ebf m\u00f3n tr\u00e0 v\u1ea3i v\u00e0 \u0111\u01b0\u1ee3c xem l\u00e0 m\u1ed9t trong nh\u1eefng m\u00f3n thanh nhi\u1ec7t v\u00e0 \u0111\u01b0\u1ee3c \u01b0a ch\u1ecdn c\u1ee7a gi\u1edbi tr\u1ebb hi\u1ec7n nay. Tr\u00e0 v\u1ea3i \u0111ang l\u00e0 th\u1ef1c \u0111\u01a1n \u01b0a th\u00edch t\u1ea1i c\u00e1c chu\u1ed7i \u0111\u1ed3 u\u1ed1ng l\u1edbn nh\u01b0: Highlands Coffee, The Coffee House, Ph\u00fac Long\u2026 v\u00e0 r\u1ea5t nhi\u1ec1u c\u1eeda hi\u1ec7u tea shop kh\u00e1c b\u1edfi n\u00f3 th\u01a1m ngon, h\u1ee3p kh\u1ea9u v\u1ecb ng\u01b0\u1eddi Vi\u1ec7t v\u00e0 t\u1ed1t cho s\u1ee9c kh\u1ecfe.<\/p>\n<p><img fetchpriority=\"high\" decoding=\"async\" class=\"wp-image-30881 aligncenter\" src=\"https:\/\/havamall.com\/wp-content\/uploads\/2025\/09\/333221022_997592544547291_1265223679820400577_n-300x300.jpg\" alt=\"\" width=\"662\" height=\"662\" \/><\/p>\n<h2><strong>\u01afU \u0110I\u1ec2M V\u01af\u1ee2T TR\u1ed8I C\u1ee6A V\u1ea2I THI\u1ec0U NH\u00c3N HI\u1ec6U NIF<\/strong><\/h2>\n<p>\u2013 Ti\u1ec7n l\u1ee3i cho ng\u01b0\u1eddi s\u1eed d\u1ee5ng, d\u1ec5 b\u1ea3o qu\u1ea3n.<\/p>\n<p>\u2013 Ch\u1ea5t l\u01b0\u1ee3ng \u1ed5n \u0111\u1ecbnh, gi\u00e1 c\u1ea3 \u1ed5n \u0111\u1ecbnh.<\/p>\n<p>\u2013 V\u1ea3i thi\u1ec1u \u0111\u00f3ng lon nh\u00e3n hi\u1ec7u NIF \u0111\u01b0\u1ee3c ch\u1ebf bi\u1ebfn t\u1eeb lo\u1ea1i v\u1ea3i thi\u1ec1u h\u1ea3o h\u1ea1ng tr\u1ed3ng t\u1ea1i v\u00f9ng \u0111\u1ea5t n\u1ed5i ti\u1ebfng L\u1ee5c Ng\u1ea1n B\u1eafc Giang. \u0110\u00e2y c\u0169ng l\u00e0 v\u00f9ng v\u1ea3i l\u1edbn nh\u1ea5t Vi\u1ec7t Nam, n\u01a1i c\u00f3 kh\u00ed h\u1eadu, th\u1ed5 nh\u01b0\u1ee1ng r\u1ea5t \u0111\u1eb7c bi\u1ec7t \u0111\u1ec3 cho ra tr\u00e1i v\u1ea3i thi\u1ec1u ngon nh\u1ea5t tr\u00ean th\u1ebf gi\u1edbi.<\/p>\n<p>\u2013 V\u1ea3i thi\u1ec1u \u0111\u00f3ng lon NIF tr\u1ea3i qu\u00e1 tr\u00ecnh ch\u1ebf bi\u1ebfn nghi\u00eam ng\u1eb7t, t\u1eeb vi\u1ec7c tuy\u1ec3n ch\u1ecdn tr\u00e1i v\u1ea3i \u0111\u1ebfn ti\u1ebfn h\u00e0nh ph\u00e2n lo\u1ea1i, b\u00f3c v\u1ecf v\u00e0 th\u00f4ng h\u1ea1t, ch\u1ecdn nh\u1eefng qu\u1ea3 \u0111i\u1ec1u v\u00e0 \u0111\u1eb9p, nguy\u00ean v\u1eb9n sau \u0111\u00f3 ti\u1ebfn h\u00e0nh \u0111\u00f3ng lon. Qu\u00e1 tr\u00ecnh \u0111\u00f3 ch\u1ec9 di\u1ec5n ra trong m\u1ed9t bu\u1ed5i s\u00e1ng gi\u00fap gi\u1eef \u0111\u01b0\u1ee3c h\u01b0\u01a1ng v\u1ecb tr\u00e1i v\u1ea3i, \u0111\u1ed9 th\u01a1m v\u00e0 gi\u00f2n c\u1ee7a tr\u00e1i v\u1ea3i t\u01b0\u01a1i.<\/p>\n<p>\u2013 V\u1ea3i thi\u1ec1u \u0111\u00f3ng lon NIF\u00a0ph\u1ed1i v\u1edbi c\u00e1c lo\u1ea1i tr\u00e0 kh\u00e1c nhau t\u1ea1o n\u00ean c\u00e1c m\u00f3n tr\u00e0 v\u1ea3i th\u01a1m ngon h\u1ea3o h\u1ea1ng. C\u0169ng c\u00f3 th\u1ec3 d\u00f9ng v\u1edbi n\u01b0\u1edbc tr\u00e1i c\u00e2y ho\u1eb7c d\u00f9ng tr\u1ef1c ti\u1ebfp.<\/p>\n<p><img decoding=\"async\" class=\"wp-image-30882 aligncenter\" src=\"https:\/\/havamall.com\/wp-content\/uploads\/2025\/09\/Screen-Shot-2023-03-30-at-11.32.41-AM-300x300.png\" alt=\"\" width=\"667\" height=\"667\" \/><\/p>\n<h2><strong>\u00a0L\u1ee2I \u00cdCH S\u1ee8C KHO\u1eba C\u1ee6A QU\u1ea2 V\u1ea2I<\/strong><\/h2>\n<ul>\n<li>Ch\u1ee9a ho\u1ea1t ch\u1ea5t flavonoid gi\u00fap h\u1ed7 tr\u1ee3 \u0111\u1ea9y l\u00f9i ung th\u01b0<\/li>\n<li>Gi\u00fap b\u00ecnh \u1ed5n huy\u1ebft \u00e1p v\u00e0 nh\u1ecbp tim<\/li>\n<li>H\u1ed7 tr\u1ee3 c\u1ea3i thi\u1ec7n h\u1ec7 ti\u00eau h\u00f3a<\/li>\n<li>Ch\u1ee9a ngu\u1ed3n photpho v\u00e0 magie d\u1ed3i d\u00e0o h\u1ed7 tr\u1ee3 x\u01b0\u01a1ng ch\u1eafc kh\u1ecfe<\/li>\n<li>Cung c\u1ea5p nhi\u1ec1u vitamin B, C cho c\u01a1 th\u1ec3<\/li>\n<\/ul>\n<p>Qu\u1ea3 v\u1ea3i thu\u1ed9c trong danh s\u00e1ch nh\u1eefng lo\u1ea1i tr\u00e1i c\u00e2y nhi\u1ec7t \u0111\u1edbi h\u00e0ng \u0111\u1ea7u mang \u0111\u1ebfn nhi\u1ec1u l\u1ee3i \u00edch cho s\u1ee9c kh\u1ecfe. \u0110\u01b0\u1ee3c m\u1ec7nh danh l\u00e0 lo\u1ea1i qu\u00e0 t\u1eb7ng c\u1ee7a ho\u00e0ng gia, v\u00ec th\u1ebf m\u00e0 v\u1ea3i \u0111\u01b0\u1ee3c d\u00f9ng nhi\u1ec1u trong ng\u00e0nh th\u1ef1c ph\u1ea9m.<\/p>\n<p><img decoding=\"async\" class=\"wp-image-30883 aligncenter\" src=\"https:\/\/havamall.com\/wp-content\/uploads\/2025\/09\/333274783_929111958112232_7796753714846903733_n-300x300.jpg\" alt=\"\" width=\"675\" height=\"675\" \/><\/p>\n<h2><strong>H\u01af\u1edaNG D\u1eaaN S\u1eec D\u1ee4NG<\/strong><\/h2>\n<p>Ch\u1ebf bi\u1ebfn c\u00e1c m\u00f3n b\u00e1nh ng\u1ecdt, tr\u00e1ng mi\u1ec7ng, food sauce, th\u1ee9c u\u1ed1ng pha ch\u1ebf nh\u01b0 tr\u00e0, soda pop, cocktails, mocktails &amp; party punch. ph\u00f9 h\u1ee3p cho c\u00e1c lo\u1ea1i u\u1ed1ng tr\u00e0 v\u1ea3i hi\u1ec7n nay r\u1ea5t ngon v\u00e0 s\u1edf th\u00edch c\u1ee7a r\u1ea5t nhi\u1ec1u gi\u1edbi tr\u1ebb.<\/p>\n<h2><strong>C\u00c1CH B\u1ea2O QU\u1ea2N<\/strong><\/h2>\n<p>Khi b\u1eadt n\u1eafp c\u00f3 th\u1ec3 d\u00f9ng xong b\u1ecf v\u00e0o ng\u0103n m\u00e1t t\u1ee7 l\u1ea1nh, s\u1eed d\u1ee5ng t\u1eeb 1-3 ng\u00e0y.<\/p>\n<p><img loading=\"lazy\" decoding=\"async\" class=\"wp-image-30884 aligncenter\" src=\"https:\/\/havamall.com\/wp-content\/uploads\/2025\/09\/green-tea-jelly-with-lime-and-ginger-lychees-48537-1-300x200.jpg\" alt=\"\" width=\"683\" height=\"455\" \/><\/p>","protected":false},"excerpt":{"rendered":"<p>&nbsp; TH\u00d4NG TIN CHUNG Th\u01b0\u01a1ng hi\u1ec7u NIF Xu\u1ea5t x\u1ee9 Vi\u1ec7t Nam Th\u00e0nh ph\u1ea7n V\u1ea3i thi\u1ec1u, n\u01b0\u1edbc, \u0111\u01b0\u1eddng H\u1ea1n s\u1eed d\u1ee5ng<\/p>","protected":false},"featured_media":30885,"comment_status":"open","ping_status":"closed","template":"","meta":[],"product_brand":[],"product_cat":[36,143],"product_tag":[],"class_list":{"0":"post-30880","1":"product","2":"type-product","3":"status-publish","4":"has-post-thumbnail","6":"product_cat-thuc-pham-tieu-dung","7":"product_cat-thuc-pham-dong-hop","8":"pa_brand-nif","10":"first","11":"outofstock","12":"sale","13":"shipping-taxable","14":"purchasable","15":"product-type-simple"},"_links":{"self":[{"href":"https:\/\/havamall.vn\/en\/wp-json\/wp\/v2\/product\/30880"}],"collection":[{"href":"https:\/\/havamall.vn\/en\/wp-json\/wp\/v2\/product"}],"about":[{"href":"https:\/\/havamall.vn\/en\/wp-json\/wp\/v2\/types\/product"}],"replies":[{"embeddable":true,"href":"https:\/\/havamall.vn\/en\/wp-json\/wp\/v2\/comments?post=30880"}],"version-history":[{"count":0,"href":"https:\/\/havamall.vn\/en\/wp-json\/wp\/v2\/product\/30880\/revisions"}],"wp:featuredmedia":[{"embeddable":true,"href":"https:\/\/havamall.vn\/en\/wp-json\/wp\/v2\/media\/30885"}],"wp:attachment":[{"href":"https:\/\/havamall.vn\/en\/wp-json\/wp\/v2\/media?parent=30880"}],"wp:term":[{"taxonomy":"product_brand","embeddable":true,"href":"https:\/\/havamall.vn\/en\/wp-json\/wp\/v2\/product_brand?post=30880"},{"taxonomy":"product_cat","embeddable":true,"href":"https:\/\/havamall.vn\/en\/wp-json\/wp\/v2\/product_cat?post=30880"},{"taxonomy":"product_tag","embeddable":true,"href":"https:\/\/havamall.vn\/en\/wp-json\/wp\/v2\/product_tag?post=30880"}],"curies":[{"name":"wp","href":"https:\/\/api.w.org\/{rel}","templated":true}]}}