{"id":30837,"date":"2023-03-24T11:57:41","date_gmt":"2023-03-24T04:57:41","guid":{"rendered":"https:\/\/havamall.vn\/?post_type=product&#038;p=30837"},"modified":"2023-03-24T13:45:00","modified_gmt":"2023-03-24T06:45:00","slug":"snack-happy-tos-bap-vi-cay-ngot-tortilla-chips-chili-140g","status":"publish","type":"product","link":"https:\/\/havamall.vn\/en\/shop\/snack-happy-tos-bap-vi-cay-ngot-tortilla-chips-chili-140g\/","title":{"rendered":"Snack Happy Tos B\u1eafp V\u1ecb Cay Ng\u1ecdt \u2013 Tortilla Chips  Chili 140g"},"content":{"rendered":"<p>&nbsp;<\/p>\n<h2 id=\"tw-target-text\" class=\"tw-data-text tw-text-large XcVN5d tw-ta\"><strong>TH\u00d4NG TIN CHUNG<\/strong><\/h2>\n<table>\n<tbody>\n<tr>\n<td>Th\u01b0\u01a1ng hi\u1ec7u<\/td>\n<td>HAPPY.TOS<\/td>\n<\/tr>\n<tr>\n<td>Xu\u1ea5t x\u1ee9<\/td>\n<td>Indonesia<\/td>\n<\/tr>\n<tr>\n<td>Th\u00e0nh ph\u1ea7n<\/td>\n<td>\n<p id=\"tw-target-text\" class=\"tw-data-text tw-text-large tw-ta\" dir=\"ltr\"><span class=\"Y2IQFc\" lang=\"vi\">Ng\u00f4, d\u1ea7u c\u1ecd, gia v\u1ecb \u1edbt ng\u1ecdt, ch\u1ea5t \u0111i\u1ec1u v\u1ecb, \u0111\u01b0\u1eddng, gia v\u1ecb \u1edbt, mu\u1ed1i,&#8230;<\/span><\/p>\n<\/td>\n<\/tr>\n<tr>\n<td>H\u1ea1n s\u1eed d\u1ee5ng<\/td>\n<td>12 th\u00e1ng k\u1ec3 t\u1eeb ng\u00e0y s\u1ea3n xu\u1ea5t.<\/td>\n<\/tr>\n<tr>\n<td>B\u1ea3o qu\u1ea3n<\/td>\n<td>B\u1ea3o qu\u1ea3n n\u01a1i kh\u00f4 r\u00e1o, tho\u00e1ng m\u00e1t, tr\u00e1nh \u00e1nh n\u1eafng tr\u1ef1c ti\u1ebfp.<\/td>\n<\/tr>\n<tr>\n<td>\u00a0Kh\u1ed1i l\u01b0\u1ee3ng<\/td>\n<td>140g<\/td>\n<\/tr>\n<\/tbody>\n<\/table>\n<p>N\u00f3i \u0111\u1ebfn \u1ea9m th\u1ef1c Mexico kh\u00f4ng th\u1ec3 kh\u00f4ng nh\u1eafc \u0111\u1ebfn Tortilla, lo\u1ea1i b\u00e1nh m\u00ec d\u1eb9t \u0111\u01b0\u1ee3c l\u00e0m t\u1eeb b\u1ed9t m\u00ec\/ b\u1ed9t b\u1eafp \u2013 th\u1ef1c ph\u1ea9m ch\u1ee7 y\u1ebfu c\u1ee7a ng\u01b0\u1eddi Mexico k\u1ec3 t\u1eeb th\u1eddi ti\u1ec1n Columbus (1442). H\u01a1n 104 tri\u1ec7u d\u00e2n \u0111\u1ea5t n\u01b0\u1edbc n\u00e0y \u0103n Tortilla m\u1ed7i ng\u00e0y, nh\u01b0 ng\u01b0\u1eddi Vi\u1ec7t Nam \u0103n c\u01a1m v\u00e0 ng\u01b0\u1eddi Ph\u00e1p kh\u00f4ng th\u1ec3 thi\u1ebfu b\u00e1nh m\u00ec v\u1eady.<\/p>\n<p>Snack Happy Tos v\u1ecb ng\u1ecdt gi\u00f2n tan, th\u01a1m ngon h\u00f2a quy\u1ec7n l\u00e0 s\u1ef1 l\u1ef1a ch\u1ecdn ho\u00e0n h\u1ea3o cho nh\u1eefng b\u1ea1n ghi\u1ec1n \u0103n v\u1eb7t.\u00a0Snack \u0103n c\u1ef1c \u0111\u00e3 v\u1edbi h\u01b0\u01a1ng v\u1ecb b\u1eafp th\u01a1m th\u01a1m, b\u00e9o b\u00e9o t\u1ea1o c\u1ea3m gi\u00e1c th\u00edch th\u00fa khi \u0103n, ti\u1ec7n l\u1ee3i, d\u1ec5 mang theo khi \u0111i ch\u01a1i, d\u00e3 ngo\u1ea1i. Snack Happy Tos c\u00f2n th\u00edch h\u1ee3p v\u1eeba \u0103n v\u1eeba xem phim, \u0111\u1ecdc s\u00e1ch.<\/p>\n<p><img fetchpriority=\"high\" decoding=\"async\" class=\"wp-image-30840 aligncenter\" src=\"https:\/\/havamall.vn\/wp-content\/uploads\/2023\/03\/143f621ba175f5aa92cbb2e80f16d2ab-300x300.jpeg\" alt=\"\" width=\"635\" height=\"635\" srcset=\"https:\/\/havamall.vn\/wp-content\/uploads\/2023\/03\/143f621ba175f5aa92cbb2e80f16d2ab-300x300.jpeg 300w, https:\/\/havamall.vn\/wp-content\/uploads\/2023\/03\/143f621ba175f5aa92cbb2e80f16d2ab-430x430.jpeg 430w, https:\/\/havamall.vn\/wp-content\/uploads\/2023\/03\/143f621ba175f5aa92cbb2e80f16d2ab-150x150.jpeg 150w, https:\/\/havamall.vn\/wp-content\/uploads\/2023\/03\/143f621ba175f5aa92cbb2e80f16d2ab-700x700.jpeg 700w, https:\/\/havamall.vn\/wp-content\/uploads\/2023\/03\/143f621ba175f5aa92cbb2e80f16d2ab-768x768.jpeg 768w, https:\/\/havamall.vn\/wp-content\/uploads\/2023\/03\/143f621ba175f5aa92cbb2e80f16d2ab-600x600.jpeg 600w, https:\/\/havamall.vn\/wp-content\/uploads\/2023\/03\/143f621ba175f5aa92cbb2e80f16d2ab-100x100.jpeg 100w, https:\/\/havamall.vn\/wp-content\/uploads\/2023\/03\/143f621ba175f5aa92cbb2e80f16d2ab.jpeg 1000w\" sizes=\"(max-width: 635px) 100vw, 635px\" \/><\/p>\n<p>B\u1ea1n c\u0169ng c\u00f3 th\u1ec3 l\u00e0m nh\u00e2n cho b\u00e1nh Tortilla n\u00e0y v\u1edbi r\u1ea5t nhi\u1ec1u lo\u1ea1i nguy\u00ean li\u1ec7u kh\u00e1c nh\u01b0: s\u00fap, c\u00e0 ri, c\u00e1 h\u1ed3i x\u00f4ng kh\u00f3i, g\u00e0 n\u01b0\u1edbng, th\u1ecbt x\u00f4ng kh\u00f3i, t\u00f4m c\u00f9ng c\u00e1c lo\u1ea1i rau c\u1ee7 qu\u1ea3 nh\u01b0 c\u00e0 chua, c\u00e0 r\u1ed1t, \u1edbt ng\u1ecdt, \u00f4liu, qu\u1ea3 b\u01a1, rau s\u1ed1ng\u2026 (k\u1ebft h\u1ee3p v\u1edbi v\u1ecb n\u01b0\u1edbc x\u1ed1t Guacamole t\u1eeb b\u01a1).<\/p>\n<p><img decoding=\"async\" class=\"wp-image-30841 aligncenter\" src=\"https:\/\/havamall.vn\/wp-content\/uploads\/2023\/03\/55075c42f0362be67e8eb6c64e7dc17b-300x284.jpeg\" alt=\"\" width=\"628\" height=\"594\" srcset=\"https:\/\/havamall.vn\/wp-content\/uploads\/2023\/03\/55075c42f0362be67e8eb6c64e7dc17b-300x284.jpeg 300w, https:\/\/havamall.vn\/wp-content\/uploads\/2023\/03\/55075c42f0362be67e8eb6c64e7dc17b-430x407.jpeg 430w, https:\/\/havamall.vn\/wp-content\/uploads\/2023\/03\/55075c42f0362be67e8eb6c64e7dc17b-150x142.jpeg 150w, https:\/\/havamall.vn\/wp-content\/uploads\/2023\/03\/55075c42f0362be67e8eb6c64e7dc17b-700x662.jpeg 700w, https:\/\/havamall.vn\/wp-content\/uploads\/2023\/03\/55075c42f0362be67e8eb6c64e7dc17b-768x727.jpeg 768w, https:\/\/havamall.vn\/wp-content\/uploads\/2023\/03\/55075c42f0362be67e8eb6c64e7dc17b-600x568.jpeg 600w, https:\/\/havamall.vn\/wp-content\/uploads\/2023\/03\/55075c42f0362be67e8eb6c64e7dc17b.jpeg 950w\" sizes=\"(max-width: 628px) 100vw, 628px\" \/><\/p>\n<p>Snack Happy Tos v\u1ecb cay ng\u1ecdt t\u1ea1o c\u1ea3m gi\u00e1c ngon mi\u1ec7ng ch\u00ednh l\u00e0 m\u00f3n \u0103n m\u00e0 b\u1ea5t c\u1ee9 tr\u1ebb em hay ng\u01b0\u1eddi l\u00e0m v\u0103n ph\u00f2ng n\u00e0o c\u0169ng \u01b0a chu\u1ed9ng. S\u1ea3n ph\u1ea9m \u0111\u01b0\u1ee3c l\u00e0m t\u1eeb nh\u1eefng h\u1ea1t b\u1eafp t\u1ef1 nhi\u00ean \u0111\u01b0\u1ee3c t\u1ea9m \u01b0\u1edbp gia v\u1ecb mang \u0111\u1ebfn c\u1ea3m gi\u00e1c ng\u00f2n ng\u1ecdt, cho b\u1ea1n th\u1ecfa s\u1ee9c th\u01b0\u1edfng th\u1ee9c m\u00e0 kh\u00f4ng lo s\u1ee3 b\u00e9o.<\/p>\n<p><img decoding=\"async\" class=\"wp-image-30842 aligncenter\" src=\"https:\/\/havamall.vn\/wp-content\/uploads\/2023\/03\/069b94e94ef512875add9afe0e47cefc-300x300.jpeg\" alt=\"\" width=\"629\" height=\"629\" srcset=\"https:\/\/havamall.vn\/wp-content\/uploads\/2023\/03\/069b94e94ef512875add9afe0e47cefc-300x300.jpeg 300w, https:\/\/havamall.vn\/wp-content\/uploads\/2023\/03\/069b94e94ef512875add9afe0e47cefc-430x430.jpeg 430w, https:\/\/havamall.vn\/wp-content\/uploads\/2023\/03\/069b94e94ef512875add9afe0e47cefc-150x150.jpeg 150w, https:\/\/havamall.vn\/wp-content\/uploads\/2023\/03\/069b94e94ef512875add9afe0e47cefc-700x700.jpeg 700w, https:\/\/havamall.vn\/wp-content\/uploads\/2023\/03\/069b94e94ef512875add9afe0e47cefc-768x768.jpeg 768w, https:\/\/havamall.vn\/wp-content\/uploads\/2023\/03\/069b94e94ef512875add9afe0e47cefc-600x600.jpeg 600w, https:\/\/havamall.vn\/wp-content\/uploads\/2023\/03\/069b94e94ef512875add9afe0e47cefc-100x100.jpeg 100w, https:\/\/havamall.vn\/wp-content\/uploads\/2023\/03\/069b94e94ef512875add9afe0e47cefc.jpeg 950w\" sizes=\"(max-width: 629px) 100vw, 629px\" \/><\/p>\n<p>Snack Happy Tos v\u1ecb ng\u1ecdt mang \u0111\u1ebfn cho ng\u01b0\u1eddi th\u01b0\u1edfng th\u1ee9c h\u01b0\u01a1ng v\u1ecb b\u1eafp th\u01a1m ph\u1ee9c, gi\u00fap b\u1ea1n n\u1ebfm tr\u1ecdn v\u1ecb b\u00e9o ng\u1eady v\u00e0 gi\u00f2n r\u1ee5m trong mi\u1ec7ng. \u0110\u00e2y th\u1ef1c s\u1ef1 l\u00e0 m\u00f3n \u0103n v\u1eb7t l\u00fd t\u01b0\u1edfng cho t\u1ea5t c\u1ea3 m\u1ecdi ng\u01b0\u1eddi, nh\u1ea5t l\u00e0 \u0111\u1ed1i v\u1edbi c\u00e1c b\u00e9.<\/p>\n<p>\u0110\u1eb7c bi\u1ec7t v\u1edbi b\u00e9 nh\u1ecf, m\u1eb9 ho\u00e0n to\u00e0n c\u00f3 th\u1ec3 thay th\u1ebf c\u00e1c m\u00f3n x\u00fac x\u00edch r\u00e1n, th\u1ecbt chi\u00ean \u2026 tr\u00ean v\u1ec9a h\u00e8 \u0111\u1ea7y kh\u00f3i b\u1ee5i v\u00e0 d\u1ea7u m\u1ee1 kh\u00f4ng \u0111\u1ea3m b\u1ea3o v\u1ec7 sinh b\u1eb1ng m\u00f3n B\u1eafp rang th\u01a1m th\u01a1m, gi\u00f2n gi\u00f2n \u0111\u1ea3m b\u1ea3o b\u00e9 n\u00e0o c\u0169ng m\u00ea t\u00edt.<\/p>\n<p><img loading=\"lazy\" decoding=\"async\" class=\"wp-image-30843 aligncenter\" src=\"https:\/\/havamall.vn\/wp-content\/uploads\/2023\/03\/272031869_2509992039131481_6707881621926023098_n-300x285.jpeg\" alt=\"\" width=\"621\" height=\"590\" srcset=\"https:\/\/havamall.vn\/wp-content\/uploads\/2023\/03\/272031869_2509992039131481_6707881621926023098_n-300x285.jpeg 300w, https:\/\/havamall.vn\/wp-content\/uploads\/2023\/03\/272031869_2509992039131481_6707881621926023098_n-430x409.jpeg 430w, https:\/\/havamall.vn\/wp-content\/uploads\/2023\/03\/272031869_2509992039131481_6707881621926023098_n-150x143.jpeg 150w, https:\/\/havamall.vn\/wp-content\/uploads\/2023\/03\/272031869_2509992039131481_6707881621926023098_n-700x666.jpeg 700w, https:\/\/havamall.vn\/wp-content\/uploads\/2023\/03\/272031869_2509992039131481_6707881621926023098_n-768x731.jpeg 768w, https:\/\/havamall.vn\/wp-content\/uploads\/2023\/03\/272031869_2509992039131481_6707881621926023098_n-1024x974.jpeg 1024w, https:\/\/havamall.vn\/wp-content\/uploads\/2023\/03\/272031869_2509992039131481_6707881621926023098_n-1200x1141.jpeg 1200w, https:\/\/havamall.vn\/wp-content\/uploads\/2023\/03\/272031869_2509992039131481_6707881621926023098_n-600x571.jpeg 600w, https:\/\/havamall.vn\/wp-content\/uploads\/2023\/03\/272031869_2509992039131481_6707881621926023098_n.jpeg 2048w\" sizes=\"(max-width: 621px) 100vw, 621px\" \/><\/p>\n<h2><strong>\u0110\u1eb6C \u0110I\u1ec2M N\u1ed4I B\u1eacT C\u1ee6A SNACK HAPPY TOS V\u1eca CAY NG\u1eccT<\/strong><\/h2>\n<ul>\n<li>Snack gi\u00f2n tan, \u0111\u1ed9 d\u00e0y v\u1eeba ph\u1ea3i, k\u00edch th\u00edch v\u1ecb gi\u00e1c.<\/li>\n<li>Ph\u00f9 h\u1ee3p cho b\u00e9 t\u1eeb 1 tu\u1ed5i tr\u1edf l\u00ean.<\/li>\n<li>B\u00e1nh snack v\u1ecb taco th\u00edch h\u1ee3p v\u1eeba xem phim v\u1eeba \u0103n v\u1eb7t.<\/li>\n<\/ul>\n<p><img loading=\"lazy\" decoding=\"async\" class=\"wp-image-30845 aligncenter\" src=\"https:\/\/havamall.vn\/wp-content\/uploads\/2023\/03\/136762908_2204467853017236_7922219272163885731_n-300x199.jpeg\" alt=\"\" width=\"621\" height=\"412\" srcset=\"https:\/\/havamall.vn\/wp-content\/uploads\/2023\/03\/136762908_2204467853017236_7922219272163885731_n-300x199.jpeg 300w, https:\/\/havamall.vn\/wp-content\/uploads\/2023\/03\/136762908_2204467853017236_7922219272163885731_n-430x285.jpeg 430w, https:\/\/havamall.vn\/wp-content\/uploads\/2023\/03\/136762908_2204467853017236_7922219272163885731_n-150x99.jpeg 150w, https:\/\/havamall.vn\/wp-content\/uploads\/2023\/03\/136762908_2204467853017236_7922219272163885731_n-700x463.jpeg 700w, https:\/\/havamall.vn\/wp-content\/uploads\/2023\/03\/136762908_2204467853017236_7922219272163885731_n-768x509.jpeg 768w, https:\/\/havamall.vn\/wp-content\/uploads\/2023\/03\/136762908_2204467853017236_7922219272163885731_n-1024x678.jpeg 1024w, https:\/\/havamall.vn\/wp-content\/uploads\/2023\/03\/136762908_2204467853017236_7922219272163885731_n-1200x795.jpeg 1200w, https:\/\/havamall.vn\/wp-content\/uploads\/2023\/03\/136762908_2204467853017236_7922219272163885731_n-600x397.jpeg 600w, https:\/\/havamall.vn\/wp-content\/uploads\/2023\/03\/136762908_2204467853017236_7922219272163885731_n.jpeg 2048w\" sizes=\"(max-width: 621px) 100vw, 621px\" \/><\/p>\n<h2><strong>C\u00d4NG D\u1ee4NG C\u1ee6A SNACK HAPPY TOS V\u1eca CAY NG\u1eccT<\/strong><\/h2>\n<ul>\n<li>Gi\u1ea3m stress v\u00e0 gi\u1ea3i t\u1ecfa \u00e1p l\u1ef1c.<\/li>\n<li>Cung c\u1ea5p dinh d\u01b0\u1ee1ng v\u00e0 n\u0103ng l\u01b0\u1ee3ng cho c\u01a1 th\u1ec3 ho\u1ea1t \u0111\u1ed9ng.<\/li>\n<li>Kh\u00f4ng lo s\u1ee3 b\u00e9o hay t\u0103ng c\u00e2n.<\/li>\n<li>C\u00f3 \u0111\u1ed9 gi\u00f2n ngon v\u00e0 th\u00edch h\u1ee3p v\u1edbi h\u1ea7u h\u1ebft m\u1ecdi ng\u01b0\u1eddi.<\/li>\n<\/ul>\n<p>S\u1ea3n ph\u1ea9m hi\u1ec7n \u0111\u00e3 c\u00f3 m\u1eb7t t\u1ea1i Havamall.<\/p>","protected":false},"excerpt":{"rendered":"<p>&nbsp; TH\u00d4NG TIN CHUNG Th\u01b0\u01a1ng hi\u1ec7u HAPPY.TOS Xu\u1ea5t x\u1ee9 Indonesia Th\u00e0nh ph\u1ea7n Ng\u00f4, d\u1ea7u c\u1ecd, gia v\u1ecb \u1edbt ng\u1ecdt, ch\u1ea5t<\/p>","protected":false},"featured_media":30846,"comment_status":"open","ping_status":"closed","template":"","meta":[],"product_brand":[],"product_cat":[36,133],"product_tag":[],"class_list":{"0":"post-30837","1":"product","2":"type-product","3":"status-publish","4":"has-post-thumbnail","6":"product_cat-thuc-pham-tieu-dung","7":"product_cat-banh-keo-chocolate","9":"first","10":"instock","11":"sale","12":"shipping-taxable","13":"purchasable","14":"product-type-simple"},"_links":{"self":[{"href":"https:\/\/havamall.vn\/en\/wp-json\/wp\/v2\/product\/30837"}],"collection":[{"href":"https:\/\/havamall.vn\/en\/wp-json\/wp\/v2\/product"}],"about":[{"href":"https:\/\/havamall.vn\/en\/wp-json\/wp\/v2\/types\/product"}],"replies":[{"embeddable":true,"href":"https:\/\/havamall.vn\/en\/wp-json\/wp\/v2\/comments?post=30837"}],"version-history":[{"count":0,"href":"https:\/\/havamall.vn\/en\/wp-json\/wp\/v2\/product\/30837\/revisions"}],"wp:featuredmedia":[{"embeddable":true,"href":"https:\/\/havamall.vn\/en\/wp-json\/wp\/v2\/media\/30846"}],"wp:attachment":[{"href":"https:\/\/havamall.vn\/en\/wp-json\/wp\/v2\/media?parent=30837"}],"wp:term":[{"taxonomy":"product_brand","embeddable":true,"href":"https:\/\/havamall.vn\/en\/wp-json\/wp\/v2\/product_brand?post=30837"},{"taxonomy":"product_cat","embeddable":true,"href":"https:\/\/havamall.vn\/en\/wp-json\/wp\/v2\/product_cat?post=30837"},{"taxonomy":"product_tag","embeddable":true,"href":"https:\/\/havamall.vn\/en\/wp-json\/wp\/v2\/product_tag?post=30837"}],"curies":[{"name":"wp","href":"https:\/\/api.w.org\/{rel}","templated":true}]}}