{"id":30822,"date":"2023-03-23T16:26:33","date_gmt":"2023-03-23T09:26:33","guid":{"rendered":"https:\/\/havamall.vn\/?post_type=product&#038;p=30822"},"modified":"2025-03-18T16:16:49","modified_gmt":"2025-03-18T09:16:49","slug":"cai-ngam-tu-xuyen-chuan-dong-goi-70g-%e4%b9%8c%e6%b1%9f%e6%a6%a8%e8%8f%9c%e6%b8%85%e7%88%bd-zhacai","status":"publish","type":"product","link":"https:\/\/havamall.vn\/en\/shop\/cai-ngam-tu-xuyen-chuan-dong-goi-70g-%e4%b9%8c%e6%b1%9f%e6%a6%a8%e8%8f%9c%e6%b8%85%e7%88%bd-zhacai\/","title":{"rendered":"C\u1ea3i Ng\u00e2m T\u1ee9 Xuy\u00ean Chuan Dong G\u00f3i 70g \u4e4c\u6c5f\u69a8\u83dc\u6e05\u723d Zhacai"},"content":{"rendered":"<p>&nbsp;<\/p>\n<h2 id=\"tw-target-text\" class=\"tw-data-text tw-text-large XcVN5d tw-ta\"><strong>TH\u00d4NG TIN CHUNG<\/strong><\/h2>\n<table>\n<tbody>\n<tr>\n<td>Th\u01b0\u01a1ng hi\u1ec7u<\/td>\n<td>Chuan Dong<\/td>\n<\/tr>\n<tr>\n<td>Xu\u1ea5t x\u1ee9<\/td>\n<td>Trung Qu\u1ed1c<\/td>\n<\/tr>\n<tr>\n<td>Th\u00e0nh ph\u1ea7n<\/td>\n<td>\n<p id=\"tw-target-text\" class=\"tw-data-text tw-text-large tw-ta\" dir=\"ltr\"><span class=\"Y2IQFc\" lang=\"vi\">C\u1ee7 c\u1ea3i, d\u1ea7u th\u1ef1c v\u1eadt, h\u1ed3i, g\u1eebng kh\u00f4,&#8230;<\/span><\/p>\n<\/td>\n<\/tr>\n<tr>\n<td>H\u1ea1n s\u1eed d\u1ee5ng<\/td>\n<td>12 th\u00e1ng k\u1ec3 t\u1eeb ng\u00e0y s\u1ea3n xu\u1ea5t.<\/td>\n<\/tr>\n<tr>\n<td>B\u1ea3o qu\u1ea3n<\/td>\n<td>B\u1ea3o qu\u1ea3n n\u01a1i kh\u00f4 r\u00e1o, tho\u00e1ng m\u00e1t, tr\u00e1nh \u00e1nh n\u1eafng tr\u1ef1c ti\u1ebfp.<\/td>\n<\/tr>\n<tr>\n<td>\u00a0Kh\u1ed1i l\u01b0\u1ee3ng<\/td>\n<td>70g<\/td>\n<\/tr>\n<\/tbody>\n<\/table>\n<p>C\u1ea3i T\u1ee9 Xuy\u00ean g\u00f3i 70g hi\u1ec7u Chuan Dong (Fuling zha cai) c\u00f2n \u0111\u01b0\u1ee3c ng\u01b0\u1eddi Hoa \u1edf Vi\u1ec7t Nam g\u1ecdi l\u00e0 &#8220;Cha Soi&#8221; (theo ti\u1ebfng Qu\u1ea3ng \u0110\u00f4ng) l\u00e0 m\u00f3n \u0103n \u0111\u1eb7c s\u1ea3n t\u1ea1i Tr\u00f9ng Kh\u00e1nh, m\u00f3n \u0103n truy\u1ec1n th\u1ed1ng n\u00e0y \u0111\u01b0\u1ee3c ch\u1ebf bi\u1ebfn \u0111\u01a1n gi\u1ea3n th\u01b0\u1eddng \u0111\u01b0\u1ee3c l\u00e0m v\u00e0o m\u00f9a \u0111\u00f4ng ho\u1eb7c m\u00f9a xu\u00e2n. Ng\u01b0\u1eddi Trung Qu\u1ed1c th\u01b0\u1eddng d\u00f9ng c\u00e1c lo\u1ea1i d\u01b0a c\u1ea3i mu\u1ed1i \u0111\u1ec3 l\u00e0m m\u00f3n \u0103n k\u00e8m trong c\u00e1c b\u1eefa \u0103n, th\u1ee9 nh\u1ea5t l\u00e0 \u0111\u1ec3 khai v\u1ecb, th\u1ee9 hai l\u00e0 \u0103n kh\u00f4ng b\u1ecb ng\u00e1n, gi\u00fap d\u1ec5 ti\u00eau h\u00f3a.<\/p>\n<p><img fetchpriority=\"high\" decoding=\"async\" class=\"wp-image-30830 aligncenter\" src=\"https:\/\/havamall.vn\/wp-content\/uploads\/2025\/03\/Brown-Yellow-Modern-Egg-Rice-Bowl-Sale-Facebook-Post-12-1-220x300.png\" alt=\"\" width=\"679\" height=\"926\" \/><\/p>\n<p>S\u1ea3n ph\u1ea9m \u0111\u01b0\u1ee3c \u0111\u00f3ng g\u00f3i trong d\u00e2y truy\u1ec1n kh\u00e9p k\u00edn, s\u1ea3n ph\u1ea9m gi\u1eef \u0111\u01b0\u1ee3c \u0111\u1ed9 t\u01b0\u01a1i ngon khi ph\u00e2n ph\u1ed1i- Kh\u00f4ng ch\u1ee9a h\u00f3a ch\u1ea5t, ch\u1ea5t b\u1ea3o qu\u1ea3n \u0111\u1ed9c h\u1ea1i, \u0111\u1ea3m b\u1ea3o an to\u00e0n cho s\u1ee9c kh\u1ecfe ng\u01b0\u1eddi ti\u00eau d\u00f9ng.<\/p>\n<p>S\u1ea3n ph\u1ea9m \u0111\u01b0\u1ee3c ch\u1ebf bi\u1ebfn t\u1eeb ngu\u1ed3n nguy\u00ean li\u1ec7u ch\u1ea5t l\u01b0\u1ee3ng v\u00e0 c\u00e1c gia v\u1ecb kh\u00e1c k\u1ebft h\u1ee3p l\u1ea1i v\u1edbi nha t\u1ea1o n\u00ean m\u00f3n d\u01b0a c\u1ea3i chua chua ng\u1ecdt ng\u1ecdt h\u1ea5p d\u1eabn ng\u01b0\u1eddi d\u00f9ng.<\/p>\n<p><img decoding=\"async\" class=\"wp-image-30823 aligncenter\" src=\"https:\/\/havamall.vn\/wp-content\/uploads\/2025\/03\/sg-11134201-22110-e2x6i49t8sjva0-300x300.jpg\" alt=\"\" width=\"668\" height=\"668\" \/><\/p>\n<p>C\u1ea3i T\u1ee9 Xuy\u00ean g\u00f3i 70g hi\u1ec7u Chuan Dong l\u00e0 m\u00f3n c\u1ea3i c\u1eaft s\u1ee3i v\u00e0 ch\u1ebf bi\u1ebfn s\u1eb5n, v\u1ecb m\u1eb7n chua cay nh\u1eb9, gi\u00f2n s\u1ea7n s\u1eadt h\u1ea5p d\u1eabn. H\u00e0ng \u0111\u01b0\u1ee3c s\u1ea3n xu\u1ea5t theo c\u00f4ng th\u1ee9c ch\u00ednh t\u00f4ng, gi\u1eef nguy\u00ean h\u01b0\u01a1ng v\u1ecb b\u1ea3n x\u1ee9. Quy tr\u00ecnh s\u1ea3n xu\u1ea5t \u0111\u00f3ng g\u00f3i h\u1ee3p v\u1ec7 sinh, \u0111\u1ea3m b\u1ea3o ch\u1ea5t l\u01b0\u1ee3ng, c\u00f3 \u0111\u1ea7y \u0111\u1ee7 bao b\u00ec nh\u00e3n m\u00e1c.<\/p>\n<p><img decoding=\"async\" class=\"wp-image-30824 aligncenter\" src=\"https:\/\/havamall.vn\/wp-content\/uploads\/2025\/03\/CxYjwUcR_m_246bea5df98ee5d64773f08298e6988f_sx_322647_www1125-1125-300x255.jpg\" alt=\"\" width=\"674\" height=\"573\" \/><\/p>\n<h2><strong>\u0110\u1eb6C \u0110I\u1ec2M N\u1ed4I B\u1eacT C\u1ee6A S\u1ea2N PH\u1ea8M<\/strong><\/h2>\n<p class=\"content\">&#8211; C\u1ea3i mu\u1ed1i chua gi\u00f2n, \u0111\u1ed9 m\u1eb7n ng\u1ecdt v\u1eeba ph\u1ea3i v\u00e0 c\u00f3 v\u1ecb chua chua v\u1eeba \u0103n.<\/p>\n<p class=\"content\">&#8211; D\u01b0a mu\u1ed1i l\u00e0 m\u00f3n \u0103n k\u00e8m y\u00eau th\u00edch c\u1ee7a nhi\u1ec1u ng\u01b0\u1eddi, b\u1edfi n\u00f3 gi\u00fap k\u00edch th\u00edch v\u1ecb gi\u00e1c v\u00e0 t\u1ea1o b\u1eefa \u0103n th\u00eam ngon mi\u1ec7ng. Trong d\u01b0a mu\u1ed1i c\u00f2n cung c\u1ea5p c\u00e1c kho\u00e1ng ch\u1ea5t v\u00e0 vitamin thi\u1ebft y\u1ebfu cho c\u01a1 th\u1ec3. C\u1ee5 th\u1ec3 bao g\u1ed3m vitamin A, C, K, folate v\u00e0 c\u00e1c kho\u00e1ng ch\u1ea5t nh\u01b0 canxi, kali v\u00e0 s\u1eaft,&#8230;<\/p>\n<p class=\"content\">&#8211; D\u01b0a c\u1ea3i chua ch\u1ebf bi\u1ebfn \u0111\u01b0\u1ee3c nhi\u1ec1u m\u00f3n \u0103n, d\u00f9 x\u00e0o, n\u1ea5u canh hay \u0103n s\u1ed1ng c\u0169ng \u0111\u1ec1u r\u1ea5t ngon.<\/p>\n<p><img loading=\"lazy\" decoding=\"async\" class=\"wp-image-30831 aligncenter\" src=\"https:\/\/havamall.vn\/wp-content\/uploads\/2025\/03\/Brown-Yellow-Modern-Egg-Rice-Bowl-Sale-Facebook-Post-12-2-300x288.png\" alt=\"\" width=\"665\" height=\"639\" \/><\/p>\n<h2><strong>H\u01af\u1edaNG D\u1eaaN S\u1eec D\u1ee4NG<\/strong><\/h2>\n<p>&#8211; C\u1ea3i T\u1ee9 Xuy\u00ean g\u00f3i 70g hi\u1ec7u Chuan Dong c\u00f3 th\u1ec3 d\u00f9ng tr\u1ef1c ti\u1ebfp, \u0103n k\u00e8m v\u1edbi c\u01a1m, ch\u00e1o, m\u00ec.<\/p>\n<p>&#8211; X\u00e0o v\u1edbi th\u1ecbt ba ch\u1ec9 \/ ba r\u1ecdi<\/p>\n<p>&#8211; X\u00e0o v\u1edbi th\u1ecbt b\u00f2<\/p>\n<p>&#8211; N\u1ea5u canh s\u01b0\u1eddn heo<\/p>\n<p>&#8211; N\u1ea5u m\u00ec v\u1edbi c\u1ea3i T\u1ee9 Xuy\u00ean th\u1ecbt ba ch\u1ec9<\/p>","protected":false},"excerpt":{"rendered":"<p>&nbsp; TH\u00d4NG TIN CHUNG Th\u01b0\u01a1ng hi\u1ec7u Chuan Dong Xu\u1ea5t x\u1ee9 Trung Qu\u1ed1c Th\u00e0nh ph\u1ea7n C\u1ee7 c\u1ea3i, d\u1ea7u th\u1ef1c v\u1eadt, h\u1ed3i,<\/p>","protected":false},"featured_media":30827,"comment_status":"open","ping_status":"closed","template":"","meta":[],"product_brand":[],"product_cat":[674,36],"product_tag":[],"class_list":{"0":"post-30822","1":"product","2":"type-product","3":"status-publish","4":"has-post-thumbnail","6":"product_cat-nhap-khau-trung-quoc","7":"product_cat-thuc-pham-tieu-dung","9":"first","10":"instock","11":"sale","12":"shipping-taxable","13":"purchasable","14":"product-type-simple"},"_links":{"self":[{"href":"https:\/\/havamall.vn\/en\/wp-json\/wp\/v2\/product\/30822"}],"collection":[{"href":"https:\/\/havamall.vn\/en\/wp-json\/wp\/v2\/product"}],"about":[{"href":"https:\/\/havamall.vn\/en\/wp-json\/wp\/v2\/types\/product"}],"replies":[{"embeddable":true,"href":"https:\/\/havamall.vn\/en\/wp-json\/wp\/v2\/comments?post=30822"}],"version-history":[{"count":0,"href":"https:\/\/havamall.vn\/en\/wp-json\/wp\/v2\/product\/30822\/revisions"}],"wp:featuredmedia":[{"embeddable":true,"href":"https:\/\/havamall.vn\/en\/wp-json\/wp\/v2\/media\/30827"}],"wp:attachment":[{"href":"https:\/\/havamall.vn\/en\/wp-json\/wp\/v2\/media?parent=30822"}],"wp:term":[{"taxonomy":"product_brand","embeddable":true,"href":"https:\/\/havamall.vn\/en\/wp-json\/wp\/v2\/product_brand?post=30822"},{"taxonomy":"product_cat","embeddable":true,"href":"https:\/\/havamall.vn\/en\/wp-json\/wp\/v2\/product_cat?post=30822"},{"taxonomy":"product_tag","embeddable":true,"href":"https:\/\/havamall.vn\/en\/wp-json\/wp\/v2\/product_tag?post=30822"}],"curies":[{"name":"wp","href":"https:\/\/api.w.org\/{rel}","templated":true}]}}