{"id":30804,"date":"2023-03-22T16:28:54","date_gmt":"2023-03-22T09:28:54","guid":{"rendered":"https:\/\/havamall.vn\/?post_type=product&#038;p=30804"},"modified":"2023-10-30T10:41:41","modified_gmt":"2023-10-30T03:41:41","slug":"mu-tat-xanh-hb-cay-nong-tuyp-43g-prepared-wasabi","status":"publish","type":"product","link":"https:\/\/havamall.vn\/en\/shop\/mu-tat-xanh-hb-cay-nong-tuyp-43g-prepared-wasabi\/","title":{"rendered":"M\u00f9 T\u1ea1t Xanh H&amp;B Cay N\u1ed3ng Tu\u00fdp 43g &#8211; Prepared Wasabi"},"content":{"rendered":"<p>&nbsp;<\/p>\n<h2 id=\"tw-target-text\" class=\"tw-data-text tw-text-large XcVN5d tw-ta\"><strong>TH\u00d4NG TIN CHUNG<\/strong><\/h2>\n<table>\n<tbody>\n<tr>\n<td>Th\u01b0\u01a1ng hi\u1ec7u<\/td>\n<td>H&amp;B<\/td>\n<\/tr>\n<tr>\n<td>Xu\u1ea5t x\u1ee9<\/td>\n<td>Nh\u1eadt B\u1ea3n<\/td>\n<\/tr>\n<tr>\n<td>Th\u00e0nh ph\u1ea7n<\/td>\n<td>C\u00e2y c\u1ea3i ng\u1ef1a (28%), d\u1ea7u c\u00e1m g\u1ea1o, \u0111\u01b0\u1eddng, mu\u1ed1i, n\u01b0\u1edbc, ch\u1ea5t t\u1ea1o ng\u1ecdt, wasabi,&#8230;<\/td>\n<\/tr>\n<tr>\n<td>H\u1ea1n s\u1eed d\u1ee5ng<\/td>\n<td>6 th\u00e1ng k\u1ec3 t\u1eeb ng\u00e0y s\u1ea3n xu\u1ea5t.<\/td>\n<\/tr>\n<tr>\n<td>B\u1ea3o qu\u1ea3n<\/td>\n<td>B\u1ea3o qu\u1ea3n n\u01a1i kh\u00f4 r\u00e1o, tho\u00e1ng m\u00e1t, tr\u00e1nh \u00e1nh n\u1eafng tr\u1ef1c ti\u1ebfp. \u0110\u1ec3 t\u1ee7 l\u1ea1nh sau khi m\u1edf n\u1eafp<\/td>\n<\/tr>\n<tr>\n<td>\u00a0Kh\u1ed1i l\u01b0\u1ee3ng<\/td>\n<td>43g<\/td>\n<\/tr>\n<\/tbody>\n<\/table>\n<p>M\u00f9 t\u1ea1t l\u00e0 1 trong nh\u1eefng gia v\u1ecb kh\u00f4ng th\u1ec3 thi\u1ebfu khi b\u1ea1n mu\u1ed1n th\u01b0\u1edfng th\u1ee9c \u0111\u1ed3 Nh\u1eadt chu\u1ea9n.Theo \u0111\u00f3, m\u00f9 t\u1ea1t l\u00e0m t\u1eeb h\u1ea1t c\u1ee7a c\u00e2y c\u1ea3i m\u00f9 t\u1ea1t, nh\u1eefnglo\u00e0i th\u1ef1c v\u1eadt thu\u1ed9c chi Brassica v\u00e0 chi Sinapis \u0111\u01b0\u1ee3c s\u1eed d\u1ee5ng \u0111\u1ec3 l\u00e0m gia v\u1ecb.<\/p>\n<p>M\u00f9 t\u1ea1t xanh H&amp;B v\u1ecb cay n\u1ed3ng \u0111\u01b0\u1ee3c xem l\u00e0 \u201c\u00f4ng vua\u201d c\u1ee7a c\u00e1c lo\u1ea1i gia v\u1ecb \u0103n k\u00e8m sashimi. \u0110\u00e2y l\u00e0 m\u1ed9t s\u1ea3n ph\u1ea9m \u0111\u01b0\u1ee3c nh\u1eadp kh\u1ea9u t\u1eeb Nh\u1eadt, s\u1ea3n xu\u1ea5t d\u1ef1a tr\u00ean ch\u00ednh c\u00f4ng th\u1ee9c truy\u1ec1n th\u1ed1ng c\u1ee7a ng\u01b0\u1eddi Nh\u1eadt x\u01b0a. Mang v\u1ecb cay v\u1eeba ph\u1ea3i c\u1ee7a wasabi truy\u1ec1n th\u1ed1ng, m\u00f9 t\u1ea1t xanh S&amp;B v\u1ecb cay n\u1ed3ng th\u00edch h\u1ee3p v\u1edbi kh\u1ea9u v\u1ecb c\u1ee7a ng\u01b0\u1eddi Vi\u1ec7t.<\/p>\n<p><img fetchpriority=\"high\" decoding=\"async\" class=\"wp-image-30805 aligncenter\" src=\"https:\/\/havamall.vn\/wp-content\/uploads\/2023\/03\/salmon-nigiri-3-300x300.jpeg\" alt=\"\" width=\"599\" height=\"599\" srcset=\"https:\/\/havamall.vn\/wp-content\/uploads\/2023\/03\/salmon-nigiri-3-300x300.jpeg 300w, https:\/\/havamall.vn\/wp-content\/uploads\/2023\/03\/salmon-nigiri-3-430x430.jpeg 430w, https:\/\/havamall.vn\/wp-content\/uploads\/2023\/03\/salmon-nigiri-3-150x150.jpeg 150w, https:\/\/havamall.vn\/wp-content\/uploads\/2023\/03\/salmon-nigiri-3-700x700.jpeg 700w, https:\/\/havamall.vn\/wp-content\/uploads\/2023\/03\/salmon-nigiri-3-768x768.jpeg 768w, https:\/\/havamall.vn\/wp-content\/uploads\/2023\/03\/salmon-nigiri-3-1024x1024.jpeg 1024w, https:\/\/havamall.vn\/wp-content\/uploads\/2023\/03\/salmon-nigiri-3.jpeg 1200w, https:\/\/havamall.vn\/wp-content\/uploads\/2023\/03\/salmon-nigiri-3-600x600.jpeg 600w, https:\/\/havamall.vn\/wp-content\/uploads\/2023\/03\/salmon-nigiri-3-100x100.jpeg 100w\" sizes=\"(max-width: 599px) 100vw, 599px\" \/><\/p>\n<p>Khi th\u01b0\u1edfng th\u1ee9c c\u00e1c m\u00f3n \u0103n nh\u01b0 sushi, m\u00ec udon, rau tr\u1ed9n h\u1ea3i s\u1ea3n, sashimi,&#8230; ch\u1eafc h\u1eb3n th\u1ef1c kh\u00e1ch kh\u00f4ng kh\u1ecfi th\u00edch th\u00fa khi th\u01b0\u1edfng th\u1ee9c c\u00f9ng m\u00f9 t\u1ea1t . H\u01b0\u01a1ng v\u1ecb \u0111\u1eb7c bi\u1ec7t \u0111\u1ebfn t\u1eeb s\u1ea3n ph\u1ea9m m\u00f9 t\u1ea1t xanh S&amp;B v\u1ecb cay n\u1ed3ng \u0111em l\u1ea1i s\u1ef1 quy\u1ebfn r\u0169 kh\u00f3 c\u01b0\u1ee1ng, c\u1ea3m gi\u00e1c m\u1edbi l\u1ea1 cho m\u00f3n \u0103n. M\u00f9 t\u1ea1t xanh S&amp;B\u00a0 th\u01b0\u1eddng \u0111\u01b0\u1ee3c pha c\u00f9ng n\u01b0\u1edbc t\u01b0\u01a1ng ho\u1eb7c \u0103n k\u00e8m tr\u1ef1c ti\u1ebfp c\u00f9ng m\u00f3n \u0103n.<\/p>\n<p>Mu\u0300 ta\u0323t xanh Wasabi H&amp;B \u0111\u01b0\u1ee3c \u0111o\u0301ng tu\u00fdp 43g nh\u1ecf g\u1ecdn, ti\u00ea\u0323n du\u0323ng mang theo trong ca\u0301c bu\u00f4\u0309i ti\u00ea\u0323c hay da\u0303 ngoa\u0323i ngoa\u0300i tr\u01a1\u0300i. S\u1ea3n ph\u1ea9m an to\u00e0n tuy\u1ec7t \u0111\u1ed1i cho s\u1ee9c kh\u1ecfe ng\u01b0\u1eddi ti\u00eau d\u00f9ng.<\/p>\n<p><img decoding=\"async\" class=\"wp-image-30806 aligncenter\" src=\"https:\/\/havamall.vn\/wp-content\/uploads\/2023\/03\/New-Project-2021-06-23T191633.380-300x182.jpg\" alt=\"\" width=\"611\" height=\"371\" srcset=\"https:\/\/havamall.vn\/wp-content\/uploads\/2023\/03\/New-Project-2021-06-23T191633.380-300x182.jpg 300w, https:\/\/havamall.vn\/wp-content\/uploads\/2023\/03\/New-Project-2021-06-23T191633.380-430x260.jpg 430w, https:\/\/havamall.vn\/wp-content\/uploads\/2023\/03\/New-Project-2021-06-23T191633.380-150x91.jpg 150w, https:\/\/havamall.vn\/wp-content\/uploads\/2023\/03\/New-Project-2021-06-23T191633.380-700x424.jpg 700w, https:\/\/havamall.vn\/wp-content\/uploads\/2023\/03\/New-Project-2021-06-23T191633.380-768x465.jpg 768w, https:\/\/havamall.vn\/wp-content\/uploads\/2023\/03\/New-Project-2021-06-23T191633.380-600x363.jpg 600w, https:\/\/havamall.vn\/wp-content\/uploads\/2023\/03\/New-Project-2021-06-23T191633.380.jpg 1000w\" sizes=\"(max-width: 611px) 100vw, 611px\" \/><\/p>\n<h2><strong>Nh\u1eefng l\u1ee3i \u00edch s\u1ee9c kh\u1ecfe khi s\u1eed d\u1ee5ng m\u00f9 t\u1ea1t xanh Wasabi H&amp;B<\/strong><\/h2>\n<p>Nh\u1eadt B\u1ea3n \u0111\u01b0\u1ee3c bi\u1ebft \u0111\u1ebfn l\u00e0 m\u1ed9t trong nh\u1eefng qu\u1ed1c gia c\u00f3 ch\u1ebf \u0111\u1ed9 \u0103n l\u00e0nh m\u1ea1nh v\u00e0 thu\u1ed9c top n\u01b0\u1edbc c\u00f3 tu\u1ed5i th\u1ecd trung b\u00ecnh cao nh\u1ea5t th\u1ebf gi\u1edbi. Kh\u00f4ng ph\u1ea3i t\u1ef1 nhi\u00ean m\u00e0 m\u00f9 t\u1ea1t xanh Wasabi l\u1ea1i \u0111\u01b0\u1ee3c y\u00eau th\u00edch \u0111\u1ebfn v\u1eady.<\/p>\n<ul>\n<li>\u0110\u01b0\u1ee3c v\u00ed nh\u01b0 \u201c\u00f4ng vua\u201d c\u1ee7a c\u00e1c lo\u1ea1i gia v\u1ecb, s\u1eed d\u1ee5ng m\u00f9 t\u1ea1t xanh H&amp;B v\u1ecb cay n\u1ed3ng gi\u00fap b\u1ea1n gi\u1ea3m l\u01b0\u1ee3ng cholesterol, \u0111i\u1ec1u h\u00f2a l\u01b0u th\u00f4ng m\u00e1u. Ngo\u00e0i ra s\u1ea3n ph\u1ea9m m\u00f9 t\u1ea1t xanh S&amp;B v\u1ecb cay n\u1ed3ng c\u00f2n ch\u1ee9a h\u00e0m l\u01b0\u1ee3ng l\u1edbn vitamin B3, niacin gi\u00fap ph\u00f2ng ch\u1ed1ng x\u01a1 v\u1eefa \u0111\u1ed9ng m\u1ea1ch, tr\u00e1nh t\u00ecnh tr\u1ea1ng cao huy\u1ebft \u00e1p.<\/li>\n<li>Ch\u1ee9a h\u00e0m l\u01b0\u1ee3ng cao c\u00e1c kho\u00e1ng ch\u1ea5t nh\u01b0 manga, s\u1eaft, \u0111\u1ed3ng,&#8230;, m\u00f9 t\u1ea1t xanh S&amp;B gi\u00fap h\u1ec7 ti\u00eau h\u00f3a kh\u1ecfe m\u1ea1nh, t\u0103ng c\u01b0\u1eddng h\u1ec7 mi\u1ec5n d\u1ecbch c\u01a1 th\u1ec3.<\/li>\n<li>S\u1ea3n ph\u1ea9m m\u00f9 t\u1ea1t xanh H&amp;B v\u1ecb cay n\u1ed3ng c\u00f2n gi\u00fap h\u1ea1n ch\u1ebf, ki\u1ec3m so\u00e1t c\u00e1c tri\u1ec7u ch\u1ee9ng hen suy\u1ec5n, c\u1ea3m l\u1ea1nh, h\u1ea1n ch\u1ebf t\u00ecnh tr\u1ea1ng t\u1eafc ngh\u1ebdn ng\u1ef1c nh\u1edd v\u00e0o h\u00e0m l\u01b0\u1ee3ng c\u00e1c ch\u1ea5t magie, selenium c\u00f3 trong s\u1ea3n ph\u1ea9m.<\/li>\n<\/ul>\n<h2><img decoding=\"async\" class=\"wp-image-30807 aligncenter\" src=\"https:\/\/havamall.vn\/wp-content\/uploads\/2023\/03\/nigiri-sushi-02-224x300.jpeg\" alt=\"\" width=\"606\" height=\"812\" srcset=\"https:\/\/havamall.vn\/wp-content\/uploads\/2023\/03\/nigiri-sushi-02-224x300.jpeg 224w, https:\/\/havamall.vn\/wp-content\/uploads\/2023\/03\/nigiri-sushi-02-430x576.jpeg 430w, https:\/\/havamall.vn\/wp-content\/uploads\/2023\/03\/nigiri-sushi-02-150x201.jpeg 150w, https:\/\/havamall.vn\/wp-content\/uploads\/2023\/03\/nigiri-sushi-02-700x937.jpeg 700w, https:\/\/havamall.vn\/wp-content\/uploads\/2023\/03\/nigiri-sushi-02-768x1028.jpeg 768w, https:\/\/havamall.vn\/wp-content\/uploads\/2023\/03\/nigiri-sushi-02-765x1024.jpeg 765w, https:\/\/havamall.vn\/wp-content\/uploads\/2023\/03\/nigiri-sushi-02.jpeg 1200w, https:\/\/havamall.vn\/wp-content\/uploads\/2023\/03\/nigiri-sushi-02-600x804.jpeg 600w\" sizes=\"(max-width: 606px) 100vw, 606px\" \/><\/h2>\n<h2><strong>C\u00e1ch d\u00f9ng:\u00a0<\/strong><\/h2>\n<p>D\u00f9ng \u0103n k\u00e8m Sashimi, sushi, th\u1ecbt n\u01b0\u1edbng,&#8230;m\u00f9 t\u1ea1t xanh S&amp;B c\u00f3 v\u1ecb h\u0103ng cay nh\u1eb9, m\u00f9i h\u01b0\u01a1ng gi\u1eef l\u00e2u, l\u00e0 m\u1ed9t lo\u1ea1i gia v\u1ecb kh\u00f4ng th\u1ec3 thi\u1ebfu trong m\u00f3n g\u1ecfi Nh\u1eadt B\u1ea3n<\/p>","protected":false},"excerpt":{"rendered":"<p>&nbsp; TH\u00d4NG TIN CHUNG Th\u01b0\u01a1ng hi\u1ec7u H&amp;B Xu\u1ea5t x\u1ee9 Nh\u1eadt B\u1ea3n Th\u00e0nh ph\u1ea7n C\u00e2y c\u1ea3i ng\u1ef1a (28%), d\u1ea7u c\u00e1m g\u1ea1o,<\/p>","protected":false},"featured_media":30808,"comment_status":"open","ping_status":"closed","template":"","meta":[],"product_brand":[],"product_cat":[130,36],"product_tag":[],"class_list":{"0":"post-30804","1":"product","2":"type-product","3":"status-publish","4":"has-post-thumbnail","6":"product_cat-khuyen-mai","7":"product_cat-thuc-pham-tieu-dung","9":"first","10":"instock","11":"sale","12":"shipping-taxable","13":"purchasable","14":"product-type-simple"},"_links":{"self":[{"href":"https:\/\/havamall.vn\/en\/wp-json\/wp\/v2\/product\/30804"}],"collection":[{"href":"https:\/\/havamall.vn\/en\/wp-json\/wp\/v2\/product"}],"about":[{"href":"https:\/\/havamall.vn\/en\/wp-json\/wp\/v2\/types\/product"}],"replies":[{"embeddable":true,"href":"https:\/\/havamall.vn\/en\/wp-json\/wp\/v2\/comments?post=30804"}],"version-history":[{"count":0,"href":"https:\/\/havamall.vn\/en\/wp-json\/wp\/v2\/product\/30804\/revisions"}],"wp:featuredmedia":[{"embeddable":true,"href":"https:\/\/havamall.vn\/en\/wp-json\/wp\/v2\/media\/30808"}],"wp:attachment":[{"href":"https:\/\/havamall.vn\/en\/wp-json\/wp\/v2\/media?parent=30804"}],"wp:term":[{"taxonomy":"product_brand","embeddable":true,"href":"https:\/\/havamall.vn\/en\/wp-json\/wp\/v2\/product_brand?post=30804"},{"taxonomy":"product_cat","embeddable":true,"href":"https:\/\/havamall.vn\/en\/wp-json\/wp\/v2\/product_cat?post=30804"},{"taxonomy":"product_tag","embeddable":true,"href":"https:\/\/havamall.vn\/en\/wp-json\/wp\/v2\/product_tag?post=30804"}],"curies":[{"name":"wp","href":"https:\/\/api.w.org\/{rel}","templated":true}]}}