{"id":30799,"date":"2023-03-22T15:30:48","date_gmt":"2023-03-22T08:30:48","guid":{"rendered":"https:\/\/havamall.vn\/?post_type=product&#038;p=30799"},"modified":"2025-03-18T16:13:48","modified_gmt":"2025-03-18T09:13:48","slug":"dau-me-meiweiyuan-150ml-sesame-oil","status":"publish","type":"product","link":"https:\/\/havamall.vn\/en\/shop\/dau-me-meiweiyuan-150ml-sesame-oil\/","title":{"rendered":"D\u1ea7u M\u00e8 Meiweiyuan 150ml &#8211; Sesame Oil"},"content":{"rendered":"<h2><\/h2>\n<h2 id=\"tw-target-text\" class=\"tw-data-text tw-text-large XcVN5d tw-ta\"><strong>TH\u00d4NG TIN CHUNG<\/strong><\/h2>\n<table>\n<tbody>\n<tr>\n<td>Th\u01b0\u01a1ng hi\u1ec7u<\/td>\n<td>Heinz<\/td>\n<\/tr>\n<tr>\n<td>Xu\u1ea5t x\u1ee9<\/td>\n<td>Trung Qu\u1ed1c<\/td>\n<\/tr>\n<tr>\n<td>Th\u00e0nh ph\u1ea7n<\/td>\n<td>D\u1ea7u m\u00e8 (30%), d\u1ea7u \u0111\u1eadu n\u00e0nh (70%)<\/td>\n<\/tr>\n<tr>\n<td>H\u1ea1n s\u1eed d\u1ee5ng<\/td>\n<td>24 th\u00e1ng k\u1ec3 t\u1eeb ng\u00e0y s\u1ea3n xu\u1ea5t.<\/td>\n<\/tr>\n<tr>\n<td>B\u1ea3o qu\u1ea3n<\/td>\n<td>B\u1ea3o qu\u1ea3n n\u01a1i kh\u00f4 r\u00e1o, tho\u00e1ng m\u00e1t, tr\u00e1nh \u00e1nh n\u1eafng tr\u1ef1c ti\u1ebfp<\/td>\n<\/tr>\n<tr>\n<td>Th\u1ec3 t\u00edch<\/td>\n<td>150ml<\/td>\n<\/tr>\n<\/tbody>\n<\/table>\n<p>D\u1ea7u m\u00e8\u00a0\u0111\u01b0\u1ee3c bi\u1ebft \u0111\u1ebfn l\u00e0 m\u1ed9t lo\u1ea1i\u00a0d\u1ea7u \u0103n\u00a0an to\u00e0n cho s\u1ee9c kh\u1ecfe ng\u01b0\u1eddi d\u00f9ng \u1edf m\u1ecdi l\u1ee9a tu\u1ed5i kh\u00e1c nhau.\u00a0D\u1ea7u m\u00e8 gi\u00e0u\u00a0vitamin E, c\u00e1c axit b\u00e9o Omega 3, 6, 9\u00a0gi\u00fap l\u00e0m\u00a0gi\u1ea3m l\u01b0\u1ee3ng cholesterol x\u1ea5u\u00a0trong m\u00e1u v\u00e0\u00a0b\u1ea3o v\u1ec7 s\u1ee9c kho\u1ebb tim m\u1ea1ch. Ngo\u00e0i ra, l\u01b0\u1ee3ng vitamin E trong d\u1ea7u m\u00e8 c\u00f2n gi\u00fap l\u00e0m \u0111\u1eb9p da cho ph\u1ee5 n\u1eef.<\/p>\n<p>\u0110\u00e2y s\u1ebd l\u00e0 m\u00f3n gia v\u1ecb tuy\u1ec7t h\u1ea3o gi\u00fap b\u1ea1n n\u00eam n\u1ebfm c\u00e1c m\u00f3n ngon trong b\u1eefa \u0103n h\u00e0ng ng\u00e0y c\u1ee7a gia \u0111\u00ecnh b\u1ea1n. B\u00ean c\u1ea1nh \u0111\u00f3, s\u1ea3n ph\u1ea9m \u0111\u00e3\u00a0\u0111\u01b0\u1ee3c \u0111\u00f3ng\u00a0d\u1ea1ng chai n\u1eafp b\u1eadt ti\u1ec7n l\u1ee3i,\u00a0mang l\u1ea1i s\u1ef1 ti\u1ec7n d\u1ee5ng cho b\u1ea1n khi d\u1eed d\u1ee5ng c\u0169ng nh\u01b0 b\u1ea3o qu\u1ea3n.<\/p>\n<p><img fetchpriority=\"high\" decoding=\"async\" class=\"wp-image-30800 aligncenter\" src=\"https:\/\/havamall.vn\/wp-content\/uploads\/2025\/03\/sesame-oil-for-hair-feat-300x203.jpg\" alt=\"\" width=\"546\" height=\"369\" \/><\/p>\n<h2><b>\u00a0\u01afU \u0110I\u1ec2M C\u1ee6A S\u1ea2N PH\u1ea8M<\/b><\/h2>\n<p>\u2013 Th\u00e0nh ph\u1ea7n t\u1ef1 nhi\u00ean, kh\u00f4ng ch\u1ee9a h\u00f3a ch\u1ea5t \u0111\u1ed9c h\u1ea1i.\u00a0S\u1ea3n ph\u1ea9m\u00a0\u0111\u01b0\u1ee3c tinh luy\u1ec7n t\u1eeb 100% d\u1ea7u m\u00e8 nguy\u00ean ch\u1ea5t, d\u1ef1a tr\u00ean quy tr\u00ecnh ch\u1ebf bi\u1ebfn v\u1edbi c\u00f4ng ngh\u1ec7 hi\u1ec7n \u0111\u1ea1i gi\u00fap l\u01b0u gi\u1eef\u00a0l\u01b0\u1ee3ng vitamin A &amp; E t\u1ef1 nhi\u00ean, t\u1ed1t cho s\u1ee9c kh\u1ecfe.<\/p>\n<p>\u2013 H\u01b0\u01a1ng v\u1ecb th\u01a1m ngon, h\u1ea5p d\u1eabn khi ch\u1ebf bi\u1ebfn,\u00a0Ch\u1ec9 m\u1ed9t l\u01b0\u1ee3ng nh\u1ecf d\u1ea7u m\u00e8 c\u0169ng \u0111\u1ee7 t\u1ea1o ra h\u01b0\u01a1ng th\u01a1m\u00a0\u0111\u1eb7c tr\u01b0ng m\u00e0 kh\u00f4ng l\u00e0m m\u00f3n \u0103n qu\u00e1 b\u00e9o, ng\u1eady. B\u1ea1n c\u00f3 th\u1ec3 s\u1eed d\u1ee5ng s\u1ea3n ph\u1ea9m \u0111\u1ec3 l\u00e0m c\u00e1c m\u00f3n \u0103n H\u00e0n Qu\u1ed1c nh\u01b0 mi\u1ebfn tr\u1ed9n, c\u01a1m tr\u1ed9n v\u00e0 \u0111\u1eb7c bi\u1ec7t l\u00e0 d\u00f9ng \u0111\u1ec3 l\u00e0m b\u00e1nh n\u01b0\u1edbng v\u00e0 nh\u00e2n th\u1eadp c\u1ea9m s\u1ebd r\u1ea5t th\u01a1m.<\/p>\n<p>\u2013 \u0110\u00f3ng chai ti\u1ec7n d\u1ee5ng, d\u1ec5 d\u00e0ng b\u1ea3o qu\u1ea3n.<\/p>\n<p><img decoding=\"async\" class=\"wp-image-30801 aligncenter\" src=\"https:\/\/havamall.vn\/wp-content\/uploads\/2025\/03\/09c28aa2634812b1cd1fe08208053529-300x161.jpg\" alt=\"\" width=\"542\" height=\"291\" \/><\/p>\n<h2><strong>C\u00d4NG D\u1ee4NG C\u1ee6A D\u1ea6U M\u00c8<\/strong><\/h2>\n<ul>\n<li>Ch\u1ed1ng thi\u1ebfu m\u00e1u<\/li>\n<li>Ph\u00f2ng ng\u1eeba v\u00e0 h\u1ed7 tr\u1ee3 \u0111i\u1ec1u tr\u1ecb b\u1ec7nh ti\u1ec3u \u0111\u01b0\u1eddng<\/li>\n<li>Ch\u0103m s\u00f3c s\u1ee9c kh\u1ecfe r\u0103ng mi\u1ec7ng, gi\u1eef cho h\u01a1i th\u1edf lu\u00f4n th\u01a1m tho<\/li>\n<li>D\u1ea7u m\u00e8 gi\u00fap x\u01b0\u01a1ng ch\u1eafc kh\u1ecfe<\/li>\n<li>Ch\u1ed1ng t\u00e1o b\u00f3n<\/li>\n<li>C\u1ea3i thi\u1ec7n t\u00e2m tr\u1ea1ng, gi\u1ea3m stress<\/li>\n<li>C\u1ea3i thi\u1ec7n s\u1ee9c kh\u1ecfe tim m\u1ea1ch<\/li>\n<li>Ph\u00f2ng ng\u1eeba b\u1ec7nh ung th\u01b0<\/li>\n<li>Th\u00fac \u0111\u1ea9y qu\u00e1 tr\u00ecnh trao \u0111\u1ed5i ch\u1ea5t, t\u0103ng tu\u1ea7n ho\u00e0n m\u00e1u<\/li>\n<li>D\u1ea7u m\u00e8 gi\u1ea3m huy\u1ebft \u00e1p<\/li>\n<\/ul>\n<p><img decoding=\"async\" class=\"wp-image-17047 aligncenter\" src=\"https:\/\/havamall.vn\/wp-content\/uploads\/2025\/03\/mC3A8.jpg\" alt=\"\" width=\"554\" height=\"402\" \/><\/p>\n<h2><strong>C\u00c1CH D\u00d9NG D\u1ea6U M\u00c8<\/strong><\/h2>\n<p><em><strong>\u2013 S\u1eed d\u1ee5ng d\u1ea7u m\u00e8 chi\u00ean th\u1ee9c \u0103n:<\/strong><\/em><\/p>\n<p>Khi chi\u00ean th\u1ee9c \u0103n, b\u1ea1n c\u00f3 th\u1ec3 th\u00eam v\u00e0i th\u00eda d\u1ea7u m\u00e8 v\u00e0o c\u00f9ng v\u1edbi d\u1ea7u chi\u00ean. N\u00f3 s\u1ebd gi\u00fap cho c\u00e1c m\u00f3n chi\u00ean c\u00f3 m\u00f9i th\u01a1m v\u00e0 h\u01b0\u01a1ng v\u1ecb h\u1ea5p d\u1eabn h\u01a1n. \u0110\u1eb7c bi\u1ec7t, lo\u1ea1i d\u1ea7u n\u00e0y r\u1ea5t kh\u00f3 b\u1ecb oxy h\u00f3a n\u00ean l\u00e0m cho th\u1ee9c \u0103n gi\u1eef \u0111\u01b0\u1ee3c \u0111\u1ed9 gi\u00f2n l\u00e2u h\u01a1n. V\u1edbi m\u00f3n tr\u1ee9ng chi\u00ean, ch\u1ec9 c\u1ea7n th\u00eam v\u00e0i gi\u1ecdt d\u1ea7u m\u00e8 v\u00e0o \u0111\u00e1nh chung v\u1edbi tr\u1ee9ng s\u1ebd gi\u00fap m\u00f3n tr\u1ee9ng c\u1ee7a b\u1ea1n \u0111\u01b0\u1ee3c m\u1ec1m x\u1ed1p h\u01a1n.<\/p>\n<p><em><strong>\u2013 L\u00e0m b\u00e1nh<\/strong><\/em><\/p>\n<p>Khi l\u00e0m b\u00e1nh, c\u00e1c \u0111\u1ea7u b\u1ebfp th\u01b0\u1eddng th\u00eam m\u1ed9t ch\u00fat d\u1ea7u m\u00e8 v\u00e0o ngay t\u1eeb kh\u00e2u nh\u00e0o b\u1ed9t gi\u00fap m\u00f3n b\u00e1nh th\u00e0nh ph\u1ea9m c\u00f3 m\u00f9i th\u01a1m ngon h\u1ea5p d\u1eabn v\u00e0 h\u01b0\u01a1ng v\u1ecb \u0111\u1eadm \u0111\u00e0.<\/p>\n<p><em><strong>\u2013 D\u00f9ng d\u1ea7u m\u00e8 trong c\u00e1c m\u00f3n n\u01b0\u1edbng<\/strong><\/em><\/p>\n<p>Trong qu\u00e1 tr\u00ecnh n\u01b0\u1edbng, b\u1ea1n c\u00f3 th\u1ec3 ph\u1ebft m\u1ed9t ch\u00fat d\u1ea7u m\u00e8 l\u00ean b\u1ec1 m\u1eb7t c\u1ee7a \u0111\u1ed3 n\u01b0\u1edbng. N\u00f3 kh\u00f4ng ch\u1ec9 gi\u00fap ch\u1ed1ng kh\u00f4 th\u1ecbt c\u00e1, t\u1ea1o m\u00f9i th\u01a1m b\u00e9o v\u00e0 c\u00f2n gi\u00fap m\u00f3n n\u01b0\u1edbng c\u00f3 m\u00e0u s\u1eafc b\u1eaft m\u1eaft.<\/p>\n<p><img loading=\"lazy\" decoding=\"async\" class=\"wp-image-30802 aligncenter\" src=\"https:\/\/havamall.vn\/wp-content\/uploads\/2025\/03\/17-1200x676-4-300x169.jpg\" alt=\"\" width=\"555\" height=\"313\" \/><\/p>\n<p><em><strong>\u2013 S\u1eed d\u1ee5ng d\u1ea7u m\u00e8 trong c\u00e1c m\u00f3n lu\u1ed9c<\/strong><\/em><\/p>\n<p>Rau lu\u1ed9c s\u1ebd xanh v\u00e0 b\u1eaft m\u1eaft h\u01a1n n\u1ebfu b\u1ea1n th\u00eam v\u00e0o n\u01b0\u1edbc lu\u1ed9c 1\/2 th\u00eca d\u1ea7u m\u00e8.<\/p>\n<p><em><strong>\u2013 D\u00f9ng d\u1ea7u m\u00e8 \u01b0\u1edbp th\u1ef1c ph\u1ea9m<\/strong><\/em><\/p>\n<p>D\u1ea7u m\u00e8 c\u0169ng \u0111\u01b0\u1ee3c s\u1eed d\u1ee5ng \u0111\u1ec3 \u01b0\u1edbp th\u1ef1c ph\u1ea9m. B\u1ea1n c\u00f3 th\u1ec3 \u01b0\u1edbp d\u1ea7u v\u00e0o th\u1ecbt b\u1ecf \u0111\u1ec3 khi x\u00e0o th\u1ecbt m\u1ec1m h\u01a1n, kh\u00f4ng b\u1ecb dai. Khi \u01b0\u1edbp v\u1edbi rau c\u1ee7, n\u00f3 s\u1ebd gi\u00fap duy tr\u00ec \u0111\u01b0\u1ee3c \u0111\u1ed9 t\u01b0\u01a1i c\u0169ng nh\u01b0 m\u00e0u s\u1eafc t\u1ef1 nhi\u00ean c\u1ee7a th\u1ef1c ph\u1ea9m.<\/p>\n<p><em><strong>\u2013 C\u00e1ch d\u00f9ng d\u1ea7u m\u00e8 cho b\u00e9<\/strong><\/em><\/p>\n<p>Tr\u1ebb b\u01b0\u1edbc v\u00e0o \u0111\u1ed9 tu\u1ed5i \u0103n d\u1eb7m c\u00f3 th\u1ec3 b\u1eaft \u0111\u1ea7u t\u1eadp l\u00e0m quen v\u1edbi d\u1ea7u m\u00e8. M\u1eb9 ch\u1ec9 c\u1ea7n th\u00eam 1\/2 \u2013 1 th\u00eca c\u00e0 ph\u00ea d\u1ea7u v\u00e0o trong ch\u00e9n ch\u00e1o hay b\u1ed9t \u0103n d\u1eb7m c\u1ee7a b\u00e9.<\/p>","protected":false},"excerpt":{"rendered":"<p>TH\u00d4NG TIN CHUNG Th\u01b0\u01a1ng hi\u1ec7u Heinz Xu\u1ea5t x\u1ee9 Trung Qu\u1ed1c Th\u00e0nh ph\u1ea7n D\u1ea7u m\u00e8 (30%), d\u1ea7u \u0111\u1eadu n\u00e0nh (70%) H\u1ea1n<\/p>","protected":false},"featured_media":30803,"comment_status":"open","ping_status":"closed","template":"","meta":[],"product_brand":[],"product_cat":[674,36],"product_tag":[],"class_list":{"0":"post-30799","1":"product","2":"type-product","3":"status-publish","4":"has-post-thumbnail","6":"product_cat-nhap-khau-trung-quoc","7":"product_cat-thuc-pham-tieu-dung","9":"first","10":"instock","11":"sale","12":"shipping-taxable","13":"purchasable","14":"product-type-simple"},"_links":{"self":[{"href":"https:\/\/havamall.vn\/en\/wp-json\/wp\/v2\/product\/30799"}],"collection":[{"href":"https:\/\/havamall.vn\/en\/wp-json\/wp\/v2\/product"}],"about":[{"href":"https:\/\/havamall.vn\/en\/wp-json\/wp\/v2\/types\/product"}],"replies":[{"embeddable":true,"href":"https:\/\/havamall.vn\/en\/wp-json\/wp\/v2\/comments?post=30799"}],"version-history":[{"count":0,"href":"https:\/\/havamall.vn\/en\/wp-json\/wp\/v2\/product\/30799\/revisions"}],"wp:featuredmedia":[{"embeddable":true,"href":"https:\/\/havamall.vn\/en\/wp-json\/wp\/v2\/media\/30803"}],"wp:attachment":[{"href":"https:\/\/havamall.vn\/en\/wp-json\/wp\/v2\/media?parent=30799"}],"wp:term":[{"taxonomy":"product_brand","embeddable":true,"href":"https:\/\/havamall.vn\/en\/wp-json\/wp\/v2\/product_brand?post=30799"},{"taxonomy":"product_cat","embeddable":true,"href":"https:\/\/havamall.vn\/en\/wp-json\/wp\/v2\/product_cat?post=30799"},{"taxonomy":"product_tag","embeddable":true,"href":"https:\/\/havamall.vn\/en\/wp-json\/wp\/v2\/product_tag?post=30799"}],"curies":[{"name":"wp","href":"https:\/\/api.w.org\/{rel}","templated":true}]}}