{"id":30793,"date":"2023-03-22T14:32:11","date_gmt":"2023-03-22T07:32:11","guid":{"rendered":"https:\/\/havamall.vn\/?post_type=product&#038;p=30793"},"modified":"2025-03-19T10:47:02","modified_gmt":"2025-03-19T03:47:02","slug":"sot-bo-la-costena-320g-dip-guacamole-sauce-320g","status":"publish","type":"product","link":"https:\/\/havamall.vn\/en\/shop\/sot-bo-la-costena-320g-dip-guacamole-sauce-320g\/","title":{"rendered":"S\u1ed1t B\u01a1 La Costena 320G &#8211; Dip Guacamole Sauce 320g"},"content":{"rendered":"<h2><\/h2>\n<h2 id=\"tw-target-text\" class=\"tw-data-text tw-text-large XcVN5d tw-ta\"><strong>TH\u00d4NG TIN CHUNG<\/strong><\/h2>\n<table>\n<tbody>\n<tr>\n<td>Th\u01b0\u01a1ng hi\u1ec7u<\/td>\n<td>LA COSTENA<\/td>\n<\/tr>\n<tr>\n<td>Xu\u1ea5t x\u1ee9<\/td>\n<td>Mexico<\/td>\n<\/tr>\n<tr>\n<td>Th\u00e0nh ph\u1ea7n<\/td>\n<td>B\u01a1 d\u1ea7m nhuy\u1ec5n, t\u1ecfi, h\u00e0nh, rau m\u00f9i, chanh, mu\u1ed1i, c\u00e0 chua v\u1edbi \u1edbt Jalapeno<\/td>\n<\/tr>\n<tr>\n<td>H\u1ea1n s\u1eed d\u1ee5ng<\/td>\n<td>24 th\u00e1ng k\u1ec3 t\u1eeb ng\u00e0y s\u1ea3n xu\u1ea5t.<\/td>\n<\/tr>\n<tr>\n<td>B\u1ea3o qu\u1ea3n<\/td>\n<td>B\u1ea3o qu\u1ea3nn\u01a1i kh\u00f4 r\u00e1o, tho\u00e1ng m\u00e1t, tr\u00e1nh \u00e1nh n\u1eafng tr\u1ef1c ti\u1ebfp<\/td>\n<\/tr>\n<tr>\n<td>Kh\u1ed1i l\u01b0\u1ee3ng<\/td>\n<td>320g<\/td>\n<\/tr>\n<\/tbody>\n<\/table>\n<h2><strong>TH\u00d4NG TIN TH\u01af\u01a0NG HI\u1ec6U<\/strong><\/h2>\n<p>La Coste\u00f1a\u00a0l\u00e0 m\u1ed9t doanh nghi\u1ec7p v\u1edbi h\u01a1n 97 n\u0103m kinh nghi\u1ec7m x\u00e2y d\u1ef1ng v\u00e0 ph\u00e1t tri\u1ec3n c\u00e1c s\u1ea3n ph\u1ea9m v\u1ec1 th\u1ef1c ph\u1ea9m v\u1edbi ch\u1ea5t l\u01b0\u1ee3ng cao.<\/p>\n<p>Ng\u00e0y nay, doanh nghi\u1ec7p n\u00e0y hi\u1ec7n \u0111ang c\u00f3 7 nh\u00e0 m\u00e1y \u0111ang trong qu\u00e1 tr\u00ecnh ho\u1ea1t \u0111\u1ed9ng, v\u1edbi h\u01a1n 4000 c\u00f4ng nh\u00e2n v\u00e0 m\u1ed9t m\u00f4i tr\u01b0\u1eddng l\u00e0m vi\u1ec7c tuy\u1ec7t v\u1eddi, c\u00f9ng v\u1edbi \u0111\u00f3 l\u00e0 tri\u1ebft l\u00fd \u201cN\u1ed7 l\u1ef1c kh\u00f4ng ng\u1eebng \u0111\u1ec3 t\u1ea1o ra nh\u1eefng s\u1ea3n ph\u1ea9m ch\u1ea5t l\u01b0\u1ee3ng h\u00e0ng \u0111\u1ea7u v\u1edbi gi\u00e1 c\u1ea3 h\u1ee3p l\u00fd\u201d.<\/p>\n<p><img fetchpriority=\"high\" decoding=\"async\" class=\"wp-image-27853 aligncenter\" src=\"https:\/\/havamall.vn\/wp-content\/uploads\/2025\/03\/El-Metodo-De-Productos-300x168.png\" alt=\"\" width=\"607\" height=\"340\" \/><\/p>\n<p>Guacamole l\u00e0 m\u1ed9t lo\u1ea1i s\u1ed1t kem, c\u00f3 ngu\u1ed3n g\u1ed1c t\u1eeb Mexico . Th\u00e0nh ph\u1ea7n ch\u00ednh c\u1ee7a Guacamole l\u00e0 b\u01a1 d\u1ea7m nhuy\u1ec5n tr\u1ed9n v\u1edbi m\u1ed9t s\u1ed1 lo\u1ea1i gia v\u1ecb nh\u01b0 t\u1ecfi, h\u00e0nh, rau m\u00f9i, chanh, mu\u1ed1i, c\u00e0 chua v\u1edbi \u1edbt Jalapeno. Mang h\u01b0\u01a1ng v\u1ecb th\u01a1m ngon \u0111\u1eb7c bi\u1ec7t, Guacamole hi\u1ec7n kh\u00f4ng ch\u1ec9 ph\u1ed5 bi\u1ebfn \u1edf Mexico m\u00e0 c\u00f2n c\u00f3 m\u1eb7t \u1edf nhi\u1ec1u n\u01b0\u1edbc tr\u00ean th\u1ebf gi\u1edbi, \u0111\u1eb7c bi\u1ec7t l\u00e0 \u1edf Ch\u00e2u \u00c2u.<\/p>\n<p><img decoding=\"async\" class=\"wp-image-30795 aligncenter\" src=\"https:\/\/havamall.vn\/wp-content\/uploads\/2025\/03\/62361808_349299395753847_8737198025463562240_n-300x300.jpg\" alt=\"\" width=\"549\" height=\"549\" \/><\/p>\n<p>C\u00f3 th\u00e0nh ph\u1ea7n ch\u00ednh l\u00e0m t\u1eeb b\u01a1 t\u01b0\u01a1i, Guacamole c\u00f3 r\u1ea5t nhi\u1ec1u ch\u1ea5t dinh d\u01b0\u1ee1ng t\u1ed1t cho c\u01a1 th\u1ec3 v\u00e0 \u0111\u1eb7c bi\u1ec7t l\u00e0 \u0111\u1ed1i v\u1edbi h\u1ec7 tim m\u1ea1ch. Ch\u00fang cung c\u1ea5p cho c\u01a1 th\u1ec3 ch\u1ea5t b\u00e9o, vitamin A, B, K, E, C. Guacamole hay \u0111\u01b0\u1ee3c d\u00f9ng l\u00e0m m\u00f3n khai v\u1ecb ho\u1eb7c \u0103n v\u1edbi b\u00e1nh Taco hay Tortilla chip<\/p>\n<p><img decoding=\"async\" class=\"wp-image-30796 aligncenter\" src=\"https:\/\/havamall.vn\/wp-content\/uploads\/2025\/03\/d9186b21260b3cc0d1ecec48b9d09438-300x225.jpg\" alt=\"\" width=\"545\" height=\"409\" \/><\/p>\n<h2><strong>\u00a0\u0110I\u1ec2M N\u1ed4I B\u1eacT C\u1ee6A S\u1ea2N PH\u1ea8M<\/strong><\/h2>\n<p>&#8211; Ch\u1ea5t li\u1ec7u v\u1ecf h\u1ed9p c\u1ee7a s\u1ea3n ph\u1ea9m an to\u00e0n cho s\u1ee9c kh\u1ecfe. C\u00f3 th\u1ec3 ch\u1ecbu \u0111\u01b0\u1ee3c s\u1ef1 thay \u0111\u1ed5i v\u1ec1 nhi\u1ec7t \u0111\u1ed9 n\u00ean s\u1ea3n ph\u1ea9m b\u1ea3o qu\u1ea3n \u0111\u01b0\u1ee3c l\u00e2u h\u01a1n. N\u1eafp h\u1ed9p m\u1edf d\u1ec5 d\u00e0ng, ti\u1ec7n l\u1ee3i. B\u00ean trong h\u1ed9p c\u00f3 m\u1ed9t l\u1edbp ph\u1ee7 \u0111\u1ec3 ng\u0103n c\u00e1ch s\u1ea3n ph\u1ea9m v\u1edbi kim lo\u1ea1i, gi\u00fap th\u1ef1c ph\u1ea9m gi\u1eef \u0111\u01b0\u1ee3c h\u01b0\u01a1ng v\u1ecb v\u1ed1n c\u00f3.<\/p>\n<p>&#8211; \u0110\u1eb7c bi\u1ec7t, b\u00ean trong h\u1ed9p c\u0169ng c\u00f3 m\u1ed9t l\u1edbp s\u01a1n b\u00f3ng, gi\u00fap b\u1ea3o v\u1ec7 th\u1ef1c ph\u1ea9m kh\u1ecfi b\u1ecb h\u01b0 h\u1ecfng khi b\u1ecb va \u0111\u1eadp, ngay c\u1ea3 khi h\u1ed9p s\u1ea3n ph\u1ea9m b\u1ecb m\u00f3p.<\/p>\n<p>&#8211; C\u00e1c th\u1ef1c ph\u1ea9m \u0111\u00f3ng h\u1ed9p l\u00e0 nh\u1eefng th\u1ef1c ph\u1ea9m s\u1ed1ng ho\u1eb7c b\u00e1n ch\u00edn \u0111\u01b0\u1ee3c tr\u1ea3i qua qu\u00e1 tr\u00ecnh n\u1ea5u ch\u00edn v\u00e0 kh\u1eed tr\u00f9ng \u1edf 118 \u0111\u1ed9 C. Sau \u0111\u00f3, c\u00e1c h\u1ed9p n\u00e0y ngay l\u1eadp t\u1ee9c \u0111\u01b0\u1ee3c l\u00e0m l\u1ea1nh \u0111\u1ebfn -40 \u0111\u1ed9 C \u0111\u1ec3 lo\u1ea1i b\u1ecf b\u1ea5t k\u1ef3 vi khu\u1ea9n n\u00e0o.<\/p>\n<p>&#8211; Nh\u1eefng chi\u1ebfc h\u1ed9p n\u00e0y ho\u1ea1t \u0111\u1ed9ng gi\u1ed1ng nh\u01b0 m\u1ed9t n\u1ed3i \u00e1p su\u1ea5t v\u00e0 cho ph\u00e9p th\u1ef1c ph\u1ea9m \u0111\u1ebfn tay ng\u01b0\u1eddi ti\u00eau d\u00f9ng trong \u0111i\u1ec1u ki\u1ec7n l\u00fd t\u01b0\u1edfng nh\u1ea5t.<\/p>\n<p>&#8211; La Coste\u00f1a kh\u00f4ng ch\u1ec9 ph\u00e1t tri\u1ec3n v\u00e0 ho\u00e0n thi\u1ec7n c\u00e1c th\u00e0nh ph\u1ea7n v\u00e0 th\u1ef1c ph\u1ea9m c\u1ee7a ri\u00eang m\u00ecnh m\u00e0 h\u1ecd c\u00f2n lu\u00f4n t\u00ecm c\u00e1ch \u0111\u1ed5i m\u1edbi trong vi\u1ec7c s\u1ea3n xu\u1ea5t h\u1ed9p \u0111\u1ef1ng, n\u1eafp \u0111\u1eady v\u00e0 c\u00e1c ki\u1ec3u d\u00e1ng m\u1edbi. \u0110i\u1ec1u n\u00e0y \u0111\u00e3 bi\u1ebfn h\u1ecd tr\u1edf th\u00e0nh m\u1ed9t c\u00f4ng ty ti\u00ean phong trong l\u0129nh v\u1ef1c s\u1ea3n xu\u1ea5t \u0111\u1ed3 h\u1ed9p tr\u00ean to\u00e0n th\u1ebf gi\u1edbi.<\/p>\n<p><img loading=\"lazy\" decoding=\"async\" class=\"wp-image-30797 aligncenter\" src=\"https:\/\/havamall.vn\/wp-content\/uploads\/2025\/03\/AvoDipPlatter_2000px-2000x1333-300x200.jpg\" alt=\"\" width=\"548\" height=\"365\" \/><\/p>","protected":false},"excerpt":{"rendered":"<p>TH\u00d4NG TIN CHUNG Th\u01b0\u01a1ng hi\u1ec7u LA COSTENA Xu\u1ea5t x\u1ee9 Mexico Th\u00e0nh ph\u1ea7n B\u01a1 d\u1ea7m nhuy\u1ec5n, t\u1ecfi, h\u00e0nh, rau m\u00f9i, chanh,<\/p>","protected":false},"featured_media":30798,"comment_status":"open","ping_status":"closed","template":"","meta":[],"product_brand":[],"product_cat":[677,36],"product_tag":[],"class_list":{"0":"post-30793","1":"product","2":"type-product","3":"status-publish","4":"has-post-thumbnail","6":"product_cat-cac-nuoc-khac","7":"product_cat-thuc-pham-tieu-dung","9":"first","10":"instock","11":"sale","12":"shipping-taxable","13":"purchasable","14":"product-type-simple"},"_links":{"self":[{"href":"https:\/\/havamall.vn\/en\/wp-json\/wp\/v2\/product\/30793"}],"collection":[{"href":"https:\/\/havamall.vn\/en\/wp-json\/wp\/v2\/product"}],"about":[{"href":"https:\/\/havamall.vn\/en\/wp-json\/wp\/v2\/types\/product"}],"replies":[{"embeddable":true,"href":"https:\/\/havamall.vn\/en\/wp-json\/wp\/v2\/comments?post=30793"}],"version-history":[{"count":0,"href":"https:\/\/havamall.vn\/en\/wp-json\/wp\/v2\/product\/30793\/revisions"}],"wp:featuredmedia":[{"embeddable":true,"href":"https:\/\/havamall.vn\/en\/wp-json\/wp\/v2\/media\/30798"}],"wp:attachment":[{"href":"https:\/\/havamall.vn\/en\/wp-json\/wp\/v2\/media?parent=30793"}],"wp:term":[{"taxonomy":"product_brand","embeddable":true,"href":"https:\/\/havamall.vn\/en\/wp-json\/wp\/v2\/product_brand?post=30793"},{"taxonomy":"product_cat","embeddable":true,"href":"https:\/\/havamall.vn\/en\/wp-json\/wp\/v2\/product_cat?post=30793"},{"taxonomy":"product_tag","embeddable":true,"href":"https:\/\/havamall.vn\/en\/wp-json\/wp\/v2\/product_tag?post=30793"}],"curies":[{"name":"wp","href":"https:\/\/api.w.org\/{rel}","templated":true}]}}