{"id":30789,"date":"2023-03-22T14:04:54","date_gmt":"2023-03-22T07:04:54","guid":{"rendered":"https:\/\/havamall.vn\/?post_type=product&#038;p=30789"},"modified":"2023-03-23T18:34:14","modified_gmt":"2023-03-23T11:34:14","slug":"sot-salsa-cay-vua-dip-salsa-medium-453g-la-costena-salsa-dip-medium","status":"publish","type":"product","link":"https:\/\/havamall.vn\/en\/shop\/sot-salsa-cay-vua-dip-salsa-medium-453g-la-costena-salsa-dip-medium\/","title":{"rendered":"S\u1ed1t Salsa Cay V\u1eeba Dip Salsa Medium 453g &#8211; La Costena Salsa Dip Medium"},"content":{"rendered":"<h2><\/h2>\n<h2 id=\"tw-target-text\" class=\"tw-data-text tw-text-large XcVN5d tw-ta\"><strong>TH\u00d4NG TIN CHUNG<\/strong><\/h2>\n<table>\n<tbody>\n<tr>\n<td>Th\u01b0\u01a1ng hi\u1ec7u<\/td>\n<td>LA COSTENA<\/td>\n<\/tr>\n<tr>\n<td>Xu\u1ea5t x\u1ee9<\/td>\n<td>Mexico<\/td>\n<\/tr>\n<tr>\n<td>Th\u00e0nh ph\u1ea7n<\/td>\n<td>C\u00e0 chua, n\u01b0\u1edbc, h\u00e0nh, b\u1ed9t c\u00e0 chua, \u1edbt jalapeno, mu\u1ed1i i \u1ed1t, \u1edbt xanh, gi\u1ea5m, \u0111\u01b0\u1eddng, d\u1ea7u \u0111\u1eadu n\u00e0nh, t\u1ecfi, coriander, h\u01b0\u01a1ng coriander t\u1ef1 nhi\u00ean v\u00e0 ti\u00eau.<\/td>\n<\/tr>\n<tr>\n<td>H\u1ea1n s\u1eed d\u1ee5ng<\/td>\n<td>24 th\u00e1ng k\u1ec3 t\u1eeb ng\u00e0y s\u1ea3n xu\u1ea5t.<\/td>\n<\/tr>\n<tr>\n<td>B\u1ea3o qu\u1ea3n<\/td>\n<td>B\u1ea3o qu\u1ea3nn\u01a1i kh\u00f4 r\u00e1o, tho\u00e1ng m\u00e1t, tr\u00e1nh \u00e1nh n\u1eafng tr\u1ef1c ti\u1ebfp<\/td>\n<\/tr>\n<tr>\n<td>Kh\u1ed1i l\u01b0\u1ee3ng<\/td>\n<td>453g<\/td>\n<\/tr>\n<\/tbody>\n<\/table>\n<p>La Coste\u00f1a\u00a0l\u00e0 m\u1ed9t doanh nghi\u1ec7p v\u1edbi h\u01a1n 97 n\u0103m kinh nghi\u1ec7m x\u00e2y d\u1ef1ng v\u00e0 ph\u00e1t tri\u1ec3n c\u00e1c s\u1ea3n ph\u1ea9m v\u1ec1 th\u1ef1c ph\u1ea9m v\u1edbi ch\u1ea5t l\u01b0\u1ee3ng cao.<\/p>\n<p>Ng\u00e0y nay, doanh nghi\u1ec7p n\u00e0y hi\u1ec7n \u0111ang c\u00f3 7 nh\u00e0 m\u00e1y \u0111ang trong qu\u00e1 tr\u00ecnh ho\u1ea1t \u0111\u1ed9ng, v\u1edbi h\u01a1n 4000 c\u00f4ng nh\u00e2n v\u00e0 m\u1ed9t m\u00f4i tr\u01b0\u1eddng l\u00e0m vi\u1ec7c tuy\u1ec7t v\u1eddi, c\u00f9ng v\u1edbi \u0111\u00f3 l\u00e0 tri\u1ebft l\u00fd \u201cN\u1ed7 l\u1ef1c kh\u00f4ng ng\u1eebng \u0111\u1ec3 t\u1ea1o ra nh\u1eefng s\u1ea3n ph\u1ea9m ch\u1ea5t l\u01b0\u1ee3ng h\u00e0ng \u0111\u1ea7u v\u1edbi gi\u00e1 c\u1ea3 h\u1ee3p l\u00fd\u201d.<\/p>\n<p><img fetchpriority=\"high\" decoding=\"async\" class=\"wp-image-27853 aligncenter\" src=\"https:\/\/havamall.vn\/wp-content\/uploads\/2022\/07\/El-Metodo-De-Productos-300x168.png\" alt=\"\" width=\"607\" height=\"340\" srcset=\"https:\/\/havamall.vn\/wp-content\/uploads\/2022\/07\/El-Metodo-De-Productos-300x168.png 300w, https:\/\/havamall.vn\/wp-content\/uploads\/2022\/07\/El-Metodo-De-Productos-430x241.png 430w, https:\/\/havamall.vn\/wp-content\/uploads\/2022\/07\/El-Metodo-De-Productos-150x84.png 150w, https:\/\/havamall.vn\/wp-content\/uploads\/2022\/07\/El-Metodo-De-Productos-700x392.png 700w, https:\/\/havamall.vn\/wp-content\/uploads\/2022\/07\/El-Metodo-De-Productos-768x430.png 768w, https:\/\/havamall.vn\/wp-content\/uploads\/2022\/07\/El-Metodo-De-Productos-1024x573.png 1024w, https:\/\/havamall.vn\/wp-content\/uploads\/2022\/07\/El-Metodo-De-Productos.png 1200w, https:\/\/havamall.vn\/wp-content\/uploads\/2022\/07\/El-Metodo-De-Productos-600x336.png 600w\" sizes=\"(max-width: 607px) 100vw, 607px\" \/><\/p>\n<p>\u0110\u01b0\u1ee3c l\u00e0m t\u1eeb nh\u1eefng tr\u00e1i c\u00e0 chua Mexico \u0111\u01b0\u1ee3c ch\u1ecdn l\u1ecdc k\u0129 c\u00e0ng, v\u1edbi ch\u1ea5t l\u01b0\u1ee3ng cao, k\u1ebft h\u1ee3p c\u00f9ng v\u1edbi \u0111\u00f3 l\u00e0 rau. T\u1ea1i Mexico, ng\u01b0\u1eddi ta th\u01b0\u1eddng d\u00f9ng\u00a0<strong>Dip Salsa Medium<\/strong>\u00a0cho m\u00f3n khoai t\u00e2y chi\u00ean.<\/p>\n<p><img decoding=\"async\" class=\"wp-image-30790 aligncenter\" src=\"https:\/\/havamall.vn\/wp-content\/uploads\/2023\/03\/chipotle-barbecue-sauce-recipe-333702-hero-03-7d1a7baf4c7b4d8a8b3d608c75638916-300x200.jpeg\" alt=\"\" width=\"569\" height=\"379\" srcset=\"https:\/\/havamall.vn\/wp-content\/uploads\/2023\/03\/chipotle-barbecue-sauce-recipe-333702-hero-03-7d1a7baf4c7b4d8a8b3d608c75638916-300x200.jpeg 300w, https:\/\/havamall.vn\/wp-content\/uploads\/2023\/03\/chipotle-barbecue-sauce-recipe-333702-hero-03-7d1a7baf4c7b4d8a8b3d608c75638916-430x287.jpeg 430w, https:\/\/havamall.vn\/wp-content\/uploads\/2023\/03\/chipotle-barbecue-sauce-recipe-333702-hero-03-7d1a7baf4c7b4d8a8b3d608c75638916-150x100.jpeg 150w, https:\/\/havamall.vn\/wp-content\/uploads\/2023\/03\/chipotle-barbecue-sauce-recipe-333702-hero-03-7d1a7baf4c7b4d8a8b3d608c75638916-700x467.jpeg 700w, https:\/\/havamall.vn\/wp-content\/uploads\/2023\/03\/chipotle-barbecue-sauce-recipe-333702-hero-03-7d1a7baf4c7b4d8a8b3d608c75638916-768x512.jpeg 768w, https:\/\/havamall.vn\/wp-content\/uploads\/2023\/03\/chipotle-barbecue-sauce-recipe-333702-hero-03-7d1a7baf4c7b4d8a8b3d608c75638916-1024x683.jpeg 1024w, https:\/\/havamall.vn\/wp-content\/uploads\/2023\/03\/chipotle-barbecue-sauce-recipe-333702-hero-03-7d1a7baf4c7b4d8a8b3d608c75638916-1200x800.jpeg 1200w, https:\/\/havamall.vn\/wp-content\/uploads\/2023\/03\/chipotle-barbecue-sauce-recipe-333702-hero-03-7d1a7baf4c7b4d8a8b3d608c75638916-600x400.jpeg 600w\" sizes=\"(max-width: 569px) 100vw, 569px\" \/><\/p>\n<p>C\u00e0 chua l\u00e0 m\u1ed9t trong nh\u1eefng m\u00f3n qu\u00e0 tuy\u1ec7t v\u1eddi m\u00e0 \u0111\u1ea5t n\u01b0\u1edbc Mexico g\u1eedi t\u1eb7ng \u0111\u1ebfn th\u1ebf gi\u1edbi. Dip Salsa l\u00e0 m\u1ed9t m\u00f3n \u0103n \u0111\u01b0\u1ee3c y\u00eau th\u00edch tr\u00ean kh\u1eafp th\u1ebf gi\u1edbi b\u1edfi h\u01b0\u01a1ng v\u1ecb \u0111\u1ed9c \u0111\u00e1o c\u1ee7a n\u00f3. Th\u1ef1c ph\u1ea9m n\u00e0y d\u1ec5 d\u00e0ng \u00e1p d\u1ee5ng v\u1edbi nhi\u1ec1u lo\u1ea1i \u0111\u1ed3 \u0103n nh\u1eb9.<\/p>\n<p>K\u1ebft h\u1ee3p \u0111\u01b0\u1ee3c v\u1edbi nhi\u1ec1u m\u00f3n \u0103n, s\u1ea3n ph\u1ea9m \u0111\u01b0\u1ee3c l\u00e0m t\u1eeb nh\u1eefng nguy\u00ean li\u1ec7u t\u1eeb ch\u00ednh Mexico, d\u1ec5 d\u00e0ng s\u1eed d\u1ee5ng, t\u1ea5t c\u1ea3 nguy\u00ean li\u1ec7u \u0111\u1ec1u c\u00f2n t\u01b0\u01a1i, c\u00f4ng th\u1ee9c t\u1ea1o n\u00ean \u0111\u1eb7c bi\u1ec7t.<\/p>\n<p><img decoding=\"async\" class=\"wp-image-30791 aligncenter\" src=\"https:\/\/havamall.vn\/wp-content\/uploads\/2023\/03\/Screen-Shot-2023-03-22-at-1.45.40-PM-300x199.png\" alt=\"\" width=\"568\" height=\"377\" srcset=\"https:\/\/havamall.vn\/wp-content\/uploads\/2023\/03\/Screen-Shot-2023-03-22-at-1.45.40-PM-300x199.png 300w, https:\/\/havamall.vn\/wp-content\/uploads\/2023\/03\/Screen-Shot-2023-03-22-at-1.45.40-PM-430x286.png 430w, https:\/\/havamall.vn\/wp-content\/uploads\/2023\/03\/Screen-Shot-2023-03-22-at-1.45.40-PM-150x100.png 150w, https:\/\/havamall.vn\/wp-content\/uploads\/2023\/03\/Screen-Shot-2023-03-22-at-1.45.40-PM-700x465.png 700w, https:\/\/havamall.vn\/wp-content\/uploads\/2023\/03\/Screen-Shot-2023-03-22-at-1.45.40-PM-768x511.png 768w, https:\/\/havamall.vn\/wp-content\/uploads\/2023\/03\/Screen-Shot-2023-03-22-at-1.45.40-PM-1024x681.png 1024w, https:\/\/havamall.vn\/wp-content\/uploads\/2023\/03\/Screen-Shot-2023-03-22-at-1.45.40-PM-1200x798.png 1200w, https:\/\/havamall.vn\/wp-content\/uploads\/2023\/03\/Screen-Shot-2023-03-22-at-1.45.40-PM-600x399.png 600w\" sizes=\"(max-width: 568px) 100vw, 568px\" \/><\/p>\n<h2><strong>PASTA ARRABIATA KI\u1ec2U MEXICO<\/strong><\/h2>\n<h5><strong>Nguy\u00ean li\u1ec7u chu\u1ea9n b\u1ecb:<\/strong><\/h5>\n<p>&gt; 360g m\u00ec \u1ed1ng Fusilli<\/p>\n<p>&gt; 1 mu\u1ed7ng canh mu\u1ed1i<\/p>\n<p>&gt; 40g basil<\/p>\n<p>&gt; 240g \u1ee9c g\u00e0<\/p>\n<p>&gt; 2 mi\u1ebfng b\u00e1nh Tortilla<\/p>\n<p>&gt; Mu\u1ed1i, h\u1ea1t ti\u00eau, n\u01b0\u1edbc<\/p>\n<p>&gt; 1 Lon La Coste\u00f1a Golden Corn<\/p>\n<p>&gt; 1 chai La Coste\u00f1a Dip salsa medium<\/p>\n<p>&gt; 4 mu\u1ed7ng canh ph\u00f4 mai b\u00e0o<\/p>\n<p>&gt; \u00bd cup d\u1ea7u<\/p>\n<h5><strong>C\u00e1ch l\u00e0m<\/strong><\/h5>\n<p>\u0110un s\u00f4i n\u01b0\u1edbc v\u1edbi mu\u1ed1i, sau \u0111\u00f3 cho m\u00ec \u1ed1ng v\u00e0o n\u1ea5u cho t\u1edbi khi ch\u00edn, v\u1edbt ra v\u00e0 \u0111\u1ec3 ri\u00eang m\u1ed9t ch\u1ed7.<\/p>\n<p>C\u1eaft g\u00e0 th\u00e0nh nh\u1eefng l\u00e1t m\u1ecfng \u0111\u1ec3 ri\u00eang.<\/p>\n<p>C\u1eaft b\u00e1nh Tortilla th\u00e0nh d\u1ea1ng que s\u1ee3i nh\u1ecf, sau \u0111\u00f3 mang \u0111i chi\u00ean v\u1edbi d\u1ea7u cho \u0111\u1ebfn khi c\u00f3 m\u00e0u v\u00e0ng n\u00e2u.<\/p>\n<p>Chi\u00ean g\u00e0, n\u00eam mu\u1ed1i, ti\u00eau sao cho h\u1ee3p kh\u1ea9u v\u1ecb. Sau \u0111\u00f3 cho th\u00eam La Coste\u00f1a Golden Corn, Dip salsa v\u00e0 h\u00fang qu\u1ebf. \u0110un s\u00f4i trong 2 ph\u00fat.<\/p>\n<p>Ti\u1ebfp theo, cho m\u00ec \u0111\u00e3 n\u1ea5u ch\u00edn tr\u01b0\u1edbc \u0111\u00f3 v\u00e0o tr\u1ed9n \u0111\u1ec1u v\u00e0 th\u01b0\u1edfng th\u1ee9c.<\/p>\n<p><img loading=\"lazy\" decoding=\"async\" class=\"wp-image-30766 aligncenter\" src=\"https:\/\/havamall.vn\/wp-content\/uploads\/2023\/03\/sauce-chipotle-300x231.jpeg\" alt=\"\" width=\"557\" height=\"429\" srcset=\"https:\/\/havamall.vn\/wp-content\/uploads\/2023\/03\/sauce-chipotle-300x231.jpeg 300w, https:\/\/havamall.vn\/wp-content\/uploads\/2023\/03\/sauce-chipotle-430x331.jpeg 430w, https:\/\/havamall.vn\/wp-content\/uploads\/2023\/03\/sauce-chipotle-150x116.jpeg 150w, https:\/\/havamall.vn\/wp-content\/uploads\/2023\/03\/sauce-chipotle-600x463.jpeg 600w, https:\/\/havamall.vn\/wp-content\/uploads\/2023\/03\/sauce-chipotle.jpeg 681w\" sizes=\"(max-width: 557px) 100vw, 557px\" \/><\/p>","protected":false},"excerpt":{"rendered":"<p>TH\u00d4NG TIN CHUNG Th\u01b0\u01a1ng hi\u1ec7u LA COSTENA Xu\u1ea5t x\u1ee9 Mexico Th\u00e0nh ph\u1ea7n C\u00e0 chua, n\u01b0\u1edbc, h\u00e0nh, b\u1ed9t c\u00e0 chua, \u1edbt<\/p>","protected":false},"featured_media":30829,"comment_status":"open","ping_status":"closed","template":"","meta":[],"product_brand":[],"product_cat":[36],"product_tag":[],"class_list":{"0":"post-30789","1":"product","2":"type-product","3":"status-publish","4":"has-post-thumbnail","6":"product_cat-thuc-pham-tieu-dung","8":"first","9":"instock","10":"sale","11":"shipping-taxable","12":"purchasable","13":"product-type-simple"},"_links":{"self":[{"href":"https:\/\/havamall.vn\/en\/wp-json\/wp\/v2\/product\/30789"}],"collection":[{"href":"https:\/\/havamall.vn\/en\/wp-json\/wp\/v2\/product"}],"about":[{"href":"https:\/\/havamall.vn\/en\/wp-json\/wp\/v2\/types\/product"}],"replies":[{"embeddable":true,"href":"https:\/\/havamall.vn\/en\/wp-json\/wp\/v2\/comments?post=30789"}],"version-history":[{"count":0,"href":"https:\/\/havamall.vn\/en\/wp-json\/wp\/v2\/product\/30789\/revisions"}],"wp:featuredmedia":[{"embeddable":true,"href":"https:\/\/havamall.vn\/en\/wp-json\/wp\/v2\/media\/30829"}],"wp:attachment":[{"href":"https:\/\/havamall.vn\/en\/wp-json\/wp\/v2\/media?parent=30789"}],"wp:term":[{"taxonomy":"product_brand","embeddable":true,"href":"https:\/\/havamall.vn\/en\/wp-json\/wp\/v2\/product_brand?post=30789"},{"taxonomy":"product_cat","embeddable":true,"href":"https:\/\/havamall.vn\/en\/wp-json\/wp\/v2\/product_cat?post=30789"},{"taxonomy":"product_tag","embeddable":true,"href":"https:\/\/havamall.vn\/en\/wp-json\/wp\/v2\/product_tag?post=30789"}],"curies":[{"name":"wp","href":"https:\/\/api.w.org\/{rel}","templated":true}]}}