{"id":30764,"date":"2023-03-22T10:53:59","date_gmt":"2023-03-22T03:53:59","guid":{"rendered":"https:\/\/havamall.vn\/?post_type=product&#038;p=30764"},"modified":"2025-03-19T10:44:34","modified_gmt":"2025-03-19T03:44:34","slug":"sot-ot-habanero-do-145ml-la-costena-salsa-de-habanero-sauce","status":"publish","type":"product","link":"https:\/\/havamall.vn\/en\/shop\/sot-ot-habanero-do-145ml-la-costena-salsa-de-habanero-sauce\/","title":{"rendered":"S\u1ed1t \u1edat Habanero \u0110\u1ecf 145ml &#8211; La Costena Salsa De Habanero Sauce"},"content":{"rendered":"<h3><\/h3>\n<h2 id=\"tw-target-text\" class=\"tw-data-text tw-text-large XcVN5d tw-ta\"><strong>TH\u00d4NG TIN CHUNG<\/strong><\/h2>\n<table>\n<tbody>\n<tr>\n<td>Th\u01b0\u01a1ng hi\u1ec7u<\/td>\n<td>LA COSTENA<\/td>\n<\/tr>\n<tr>\n<td>Xu\u1ea5t x\u1ee9<\/td>\n<td>Mexico<\/td>\n<\/tr>\n<tr>\n<td>Th\u00e0nh ph\u1ea7n<\/td>\n<td>Ba lo\u1ea1i \u1edbt jalapeno, chipotle v\u00e0 habanero,&#8230;<\/td>\n<\/tr>\n<tr>\n<td>H\u1ea1n s\u1eed d\u1ee5ng<\/td>\n<td>24 th\u00e1ng k\u1ec3 t\u1eeb ng\u00e0y s\u1ea3n xu\u1ea5t.<\/td>\n<\/tr>\n<tr>\n<td>B\u1ea3o qu\u1ea3n<\/td>\n<td>B\u1ea3o qu\u1ea3nn\u01a1i kh\u00f4 r\u00e1o, tho\u00e1ng m\u00e1t, tr\u00e1nh \u00e1nh n\u1eafng tr\u1ef1c ti\u1ebfp<\/td>\n<\/tr>\n<tr>\n<td>Th\u1ec3 t\u00edch th\u1ef1c<\/td>\n<td>145ml \u2013 chai th\u1ee7y tinh<\/td>\n<\/tr>\n<\/tbody>\n<\/table>\n<p>La Coste\u00f1a\u00a0l\u00e0 m\u1ed9t doanh nghi\u1ec7p v\u1edbi h\u01a1n 97 n\u0103m kinh nghi\u1ec7m x\u00e2y d\u1ef1ng v\u00e0 ph\u00e1t tri\u1ec3n c\u00e1c s\u1ea3n ph\u1ea9m v\u1ec1 th\u1ef1c ph\u1ea9m v\u1edbi ch\u1ea5t l\u01b0\u1ee3ng cao.<\/p>\n<p>Ng\u00e0y nay, doanh nghi\u1ec7p n\u00e0y hi\u1ec7n \u0111ang c\u00f3 7 nh\u00e0 m\u00e1y \u0111ang trong qu\u00e1 tr\u00ecnh ho\u1ea1t \u0111\u1ed9ng, v\u1edbi h\u01a1n 4000 c\u00f4ng nh\u00e2n v\u00e0 m\u1ed9t m\u00f4i tr\u01b0\u1eddng l\u00e0m vi\u1ec7c tuy\u1ec7t v\u1eddi, c\u00f9ng v\u1edbi \u0111\u00f3 l\u00e0 tri\u1ebft l\u00fd \u201cN\u1ed7 l\u1ef1c kh\u00f4ng ng\u1eebng \u0111\u1ec3 t\u1ea1o ra nh\u1eefng s\u1ea3n ph\u1ea9m ch\u1ea5t l\u01b0\u1ee3ng h\u00e0ng \u0111\u1ea7u v\u1edbi gi\u00e1 c\u1ea3 h\u1ee3p l\u00fd\u201d.<\/p>\n<p><img fetchpriority=\"high\" decoding=\"async\" class=\"wp-image-27853 aligncenter\" src=\"https:\/\/havamall.vn\/wp-content\/uploads\/2025\/03\/El-Metodo-De-Productos-300x168.png\" alt=\"\" width=\"607\" height=\"340\" \/><\/p>\n<p>\u1edat \u0111\u00e3 tr\u1edf th\u00e0nh m\u1ed9t th\u00e0nh ph\u1ea7n quan tr\u1ecdng trong \u1ea9m th\u1ef1c c\u1ee7a Mexico v\u00e0 \u0111\u01b0\u1ee3c s\u1eed d\u1ee5ng l\u00e0m nhi\u1ec1u lo\u1ea1i n\u01b0\u1edbc s\u1ed1t, gia v\u1ecb \u0111i c\u00f9ng trong h\u1ea7u h\u1ebft c\u00e1c m\u00f3n \u0103n c\u1ee7a Mexico.<\/p>\n<p>N\u01b0\u1edbc s\u1ed1t t\u1eadp trung nhi\u1ec1u v\u00e0o h\u01b0\u01a1ng v\u1ecb h\u01a1n l\u00e0 \u0111\u1ed9 cay n\u00f3ng c\u1ee7a n\u00f3. Ba lo\u1ea1i \u1edbt \u0111\u01b0\u1ee3c s\u1eed d\u1ee5ng l\u00e0m nguy\u00ean li\u1ec7u cho lo\u1ea1i n\u01b0\u1edbc s\u1ed1t n\u00e0y \u0111\u00f3 l\u00e0 jalapeno, chipotle v\u00e0 habanero. Nguy\u00ean li\u1ec7u gi\u1ea5m m\u00eda \u0111\u01b0\u1ee3c c\u0169ng t\u1ef1 s\u1ea3n xu\u1ea5t n\u01a1i \u0111\u00e2y \u0111\u1ec3 \u0111\u1ea3m b\u1ea3o s\u1ea3n ph\u1ea9m mang h\u01b0\u01a1ng v\u1ecb truy\u1ec1n th\u1ed1ng c\u1ee7a Mexico.<\/p>\n<p><img decoding=\"async\" class=\"wp-image-30765 aligncenter\" src=\"https:\/\/havamall.vn\/wp-content\/uploads\/2025\/03\/299907287_141861408533561_5120442158832531143_n-300x300.png\" alt=\"\" width=\"575\" height=\"575\" \/><\/p>\n<p>V\u1edbi c\u00f4ng th\u1ee9c \u0111\u1eb7c bi\u1ec7t, s\u1ea3n ph\u1ea9m l\u00e0 s\u1ef1 h\u00f2a quy\u1ec7n h\u00e0i h\u00f2a gi\u1eefa \u1edbt, gi\u1ea5m m\u00eda v\u00e0 c\u00e1c lo\u1ea1i gia v\u1ecb kh\u00e1c \u0111\u1ec3 t\u1ea1o n\u00ean m\u1ed9t h\u01b0\u01a1ng v\u1ecb cay \u0111\u1eb7c tr\u01b0ng c\u1ee7a Mexico. C\u00f3 th\u1ec3 \u0111\u01b0\u1ee3c s\u1eed d\u1ee5ng trong nhi\u1ec1u m\u00f3n \u0103n, th\u00edch h\u1ee3p v\u1edbi h\u1ea3i s\u1ea3n, m\u00ec \u1ed1ng, pizza, b\u00e1nh m\u00ec k\u1eb9p th\u1ecbt\u2026.M\u1ecbn v\u00e0 cay, ti\u1ec7n l\u1ee3i, d\u1ec5 d\u00e0ng s\u1eed d\u1ee5ng.<\/p>\n<p>N\u01b0\u1edbc s\u1ed1t ch\u00ednh th\u1ed1ng c\u1ee7a Mexico n\u00e0y c\u00f3 h\u01b0\u01a1ng v\u1ecb \u0111\u1eadm \u0111\u00e0, th\u01a1m ngon, l\u00fd t\u01b0\u1edfng cho r\u1ea5t nhi\u1ec1u m\u00f3n \u0103n, t\u1eeb tr\u1ee9ng v\u00e0 b\u00e1nh Taco \u0111\u1ec3 t\u0103ng th\u00eam \u0111\u1ed9 cay n\u00f3ng cho n\u01b0\u1edbc s\u1ed1t, s\u00fap v\u00e0 h\u01a1n th\u1ebf n\u1eefa. S\u1ea3n ph\u1ea9m l\u00e0 s\u1ef1 pha tr\u1ed9n c\u1ee7a \u1edbt cay \u0111\u1ec3 k\u00edch th\u00edch v\u1ecb gi\u00e1c.<\/p>\n<p><img decoding=\"async\" class=\"wp-image-30766 aligncenter\" src=\"https:\/\/havamall.vn\/wp-content\/uploads\/2025\/03\/sauce-chipotle-300x231.jpg\" alt=\"\" width=\"579\" height=\"446\" \/><\/p>\n<p>C\u00f4ng th\u1ee9c \u0111\u1eb7c bi\u1ec7t, s\u1ea3n ph\u1ea9m l\u00e0 s\u1ef1 h\u00f2a quy\u1ec7n h\u00e0i h\u00f2a gi\u1eefa \u1edbt, gi\u1ea5m m\u00eda v\u00e0 c\u00e1c lo\u1ea1i gia v\u1ecb kh\u00e1c \u0111\u1ec3 t\u1ea1o n\u00ean m\u1ed9t h\u01b0\u01a1ng v\u1ecb cay \u0111\u1eb7c tr\u01b0ng c\u1ee7a Mexico. C\u00f3 th\u1ec3 \u0111\u01b0\u1ee3c s\u1eed d\u1ee5ng trong nhi\u1ec1u m\u00f3n \u0103n, th\u00edch h\u1ee3p v\u1edbi h\u1ea3i s\u1ea3n, m\u00ec \u1ed1ng, pizza, b\u00e1nh m\u00ec k\u1eb9p th\u1ecbt.<\/p>\n<h2><strong>H\u01af\u1edaNG D\u1eaaN N\u1ea4U N\u01af\u1edaC X\u1ed0T CHO M\u00d3N SALAD<\/strong><\/h2>\n<h5><strong>Nguy\u00ean li\u1ec7u chu\u1ea9n b\u1ecb<\/strong><\/h5>\n<p>&gt; 42g Mexican Hot sauce<\/p>\n<p>&gt; 35g Gi\u1ea5m t\u00e1o<\/p>\n<p>&gt; 40g M\u1eadt ong<\/p>\n<p>&gt; 4g T\u1ecfi b\u0103m nh\u1ecf<\/p>\n<p>&gt; 20g D\u1ea7u oliu<\/p>\n<p>&gt; 1g ti\u00eau \u0111en xay<\/p>\n<p>&gt; 1g Mu\u1ed1i<\/p>\n<p>&gt; 10g Rau m\u00f9i c\u1eaft nh\u1ecf<\/p>\n<h5><strong>C\u00e1ch l\u00e0m<\/strong><\/h5>\n<p>&#8211; Cho gi\u1ea5m, m\u1eadt ong, t\u1ecfi, mu\u1ed1i, ti\u00eau \u0111en v\u00e0o m\u1ed9t t\u00f4 l\u1edbn, d\u00f9ng m\u00e1y \u0111\u00e1nh tr\u1ee9ng \u0111\u00e1nh \u0111\u1ec1u.<\/p>\n<p>&#8211; Th\u00eam n\u01b0\u1edbc s\u1ed1t v\u00e0 d\u1ea7u oliu.<\/p>\n<p>&#8211; Tr\u01b0\u1edbc khi s\u1eed d\u1ee5ng h\u00e3y th\u00eam l\u00e1 rau m\u00f9i. D\u00f9ng h\u1ed7n h\u1ee3p n\u00e0y cho c\u00e1c m\u00f3n salad y\u00eau th\u00edch c\u1ee7a b\u1ea1n.<\/p>\n<p><img loading=\"lazy\" decoding=\"async\" class=\"wp-image-30767 aligncenter\" src=\"https:\/\/havamall.vn\/wp-content\/uploads\/2025\/03\/328834725_899748941239310_5238546245649704883_n-300x300.png\" alt=\"\" width=\"578\" height=\"578\" \/><\/p>","protected":false},"excerpt":{"rendered":"<p>TH\u00d4NG TIN CHUNG Th\u01b0\u01a1ng hi\u1ec7u LA COSTENA Xu\u1ea5t x\u1ee9 Mexico Th\u00e0nh ph\u1ea7n Ba lo\u1ea1i \u1edbt jalapeno, chipotle v\u00e0 habanero,&#8230; H\u1ea1n<\/p>","protected":false},"featured_media":30834,"comment_status":"open","ping_status":"closed","template":"","meta":[],"product_brand":[],"product_cat":[677,36],"product_tag":[],"class_list":{"0":"post-30764","1":"product","2":"type-product","3":"status-publish","4":"has-post-thumbnail","6":"product_cat-cac-nuoc-khac","7":"product_cat-thuc-pham-tieu-dung","9":"first","10":"instock","11":"sale","12":"shipping-taxable","13":"purchasable","14":"product-type-simple"},"_links":{"self":[{"href":"https:\/\/havamall.vn\/en\/wp-json\/wp\/v2\/product\/30764"}],"collection":[{"href":"https:\/\/havamall.vn\/en\/wp-json\/wp\/v2\/product"}],"about":[{"href":"https:\/\/havamall.vn\/en\/wp-json\/wp\/v2\/types\/product"}],"replies":[{"embeddable":true,"href":"https:\/\/havamall.vn\/en\/wp-json\/wp\/v2\/comments?post=30764"}],"version-history":[{"count":0,"href":"https:\/\/havamall.vn\/en\/wp-json\/wp\/v2\/product\/30764\/revisions"}],"wp:featuredmedia":[{"embeddable":true,"href":"https:\/\/havamall.vn\/en\/wp-json\/wp\/v2\/media\/30834"}],"wp:attachment":[{"href":"https:\/\/havamall.vn\/en\/wp-json\/wp\/v2\/media?parent=30764"}],"wp:term":[{"taxonomy":"product_brand","embeddable":true,"href":"https:\/\/havamall.vn\/en\/wp-json\/wp\/v2\/product_brand?post=30764"},{"taxonomy":"product_cat","embeddable":true,"href":"https:\/\/havamall.vn\/en\/wp-json\/wp\/v2\/product_cat?post=30764"},{"taxonomy":"product_tag","embeddable":true,"href":"https:\/\/havamall.vn\/en\/wp-json\/wp\/v2\/product_tag?post=30764"}],"curies":[{"name":"wp","href":"https:\/\/api.w.org\/{rel}","templated":true}]}}