{"id":30743,"date":"2023-03-15T11:51:48","date_gmt":"2023-03-15T04:51:48","guid":{"rendered":"https:\/\/havamall.vn\/?post_type=product&#038;p=30743"},"modified":"2023-03-23T09:53:50","modified_gmt":"2023-03-23T02:53:50","slug":"tinh-chat-huong-viet-quat-20ml-blueberry-extract","status":"publish","type":"product","link":"https:\/\/havamall.vn\/en\/shop\/tinh-chat-huong-viet-quat-20ml-blueberry-extract\/","title":{"rendered":"Tinh Ch\u1ea5t H\u01b0\u01a1ng Vi\u1ec7t Qu\u1ea5t 20ml &#8211; Blueberry Extract"},"content":{"rendered":"<h2><\/h2>\n<h2 id=\"tw-target-text\" class=\"tw-data-text tw-text-large XcVN5d tw-ta\"><strong>TH\u00d4NG TIN CHUNG<\/strong><\/h2>\n<table>\n<tbody>\n<tr>\n<td>Th\u01b0\u01a1ng hi\u1ec7u<\/td>\n<td>Havafoodies<\/td>\n<\/tr>\n<tr>\n<td>Xu\u1ea5t x\u1ee9<\/td>\n<td>Vi\u1ec7t Nam<\/td>\n<\/tr>\n<tr>\n<td>Th\u00e0nh ph\u1ea7n<\/td>\n<td>\u00a0Propylene glyco 70%, Blueberry 30%<\/td>\n<\/tr>\n<tr>\n<td>H\u1ea1n s\u1eed d\u1ee5ng<\/td>\n<td>2 n\u0103m k\u1ec3 t\u1eeb ng\u00e0y s\u1ea3n xu\u1ea5t.<\/td>\n<\/tr>\n<tr>\n<td>B\u1ea3o qu\u1ea3n<\/td>\n<td>B\u1ea3o qu\u1ea3n n\u01a1i kh\u00f4 r\u00e1o, tho\u00e1ng m\u00e1t, tr\u00e1nh \u00e1nh n\u1eafng tr\u1ef1c ti\u1ebfp<\/td>\n<\/tr>\n<tr>\n<td>Th\u1ec3 t\u00edch<\/td>\n<td>20ml<\/td>\n<\/tr>\n<\/tbody>\n<\/table>\n<p>Vi\u1ec7t qu\u1ea5t \u0111\u01b0\u1ee3c nhi\u1ec1u ng\u01b0\u1eddi \u01b0a th\u00edch v\u00ec n\u00f3 c\u00f3 m\u00e0u b\u1eaft m\u1eaft, v\u1ecb chua nh\u1eb9 h\u00f2a quy\u1ec7n v\u1edbi ng\u1ecdt ng\u00e0o v\u00e0 ch\u1ea5t l\u01b0\u1ee3ng dinh d\u01b0\u1ee1ng cao. M\u1eb7c d\u00f9 vi\u1ec7t qu\u1ea5t \u0111\u01b0\u1ee3c s\u1eed d\u1ee5ng ph\u1ed5 bi\u1ebfn d\u01b0\u1edbi d\u1ea1ng qu\u1ea3 t\u01b0\u01a1i nh\u01b0ng\u00a0 qu\u1ea5t c\u0169ng c\u00f3 th\u1ec3 t\u00ecm th\u1ea5y trong nhi\u1ec1u \u1ee9ng d\u1ee5ng kh\u00e1c nhau \u1edf ng\u00e0nh c\u00f4ng nghi\u1ec7p th\u1ef1c ph\u1ea9m v\u00e0 h\u00f3a m\u1ef9 ph\u1ea9m.<\/p>\n<p><img fetchpriority=\"high\" decoding=\"async\" class=\"wp-image-30744 aligncenter\" src=\"https:\/\/havamall.vn\/wp-content\/uploads\/2023\/03\/product_blueberries-1-300x225.png\" alt=\"\" width=\"557\" height=\"418\" srcset=\"https:\/\/havamall.vn\/wp-content\/uploads\/2023\/03\/product_blueberries-1-300x225.png 300w, https:\/\/havamall.vn\/wp-content\/uploads\/2023\/03\/product_blueberries-1-430x323.png 430w, https:\/\/havamall.vn\/wp-content\/uploads\/2023\/03\/product_blueberries-1-150x113.png 150w, https:\/\/havamall.vn\/wp-content\/uploads\/2023\/03\/product_blueberries-1-700x525.png 700w, https:\/\/havamall.vn\/wp-content\/uploads\/2023\/03\/product_blueberries-1-768x576.png 768w, https:\/\/havamall.vn\/wp-content\/uploads\/2023\/03\/product_blueberries-1.png 1024w, https:\/\/havamall.vn\/wp-content\/uploads\/2023\/03\/product_blueberries-1-600x450.png 600w\" sizes=\"(max-width: 557px) 100vw, 557px\" \/><\/p>\n<p>Vi\u1ec7t qu\u1ea5t l\u00e0 m\u1ed9t lo\u1ea1i tr\u00e1i c\u00e2y \u01b0a th\u00edch c\u1ee7a con ng\u01b0\u1eddi. N\u00f3 c\u00f3 m\u00f9i v\u1ecb th\u01a1m ngon, chua ng\u1ecdt d\u00f9ng \u0111\u1ec3 gi\u1ea3i kh\u00e1t hay ch\u1ebf bi\u1ebfn th\u00e0nh nh\u1eefng m\u00f3n \u0103n, m\u00f3n tr\u00e1ng mi\u1ec7ng, gi\u1ea3i kh\u00e1t r\u1ea5t t\u1ed1t. Ch\u00ednh v\u00ec v\u1eady, m\u00e0 tinh ch\u1ea5t h\u01b0\u01a1ng vi\u1ec7t qu\u1ea5t l\u00e0 m\u1ed9t trong nh\u1eefng lo\u1ea1i h\u01b0\u01a1ng th\u1ef1c ph\u1ea9m \u0111\u01b0\u1ee3c s\u1eed d\u1ee5ng kh\u00e1 ph\u1ed5 bi\u1ebfn trong s\u1ea3n xu\u1ea5t v\u00e0 trong h\u1ea7u h\u1ebft c\u00e1c lo\u1ea1i th\u1ef1c ph\u1ea9m.<\/p>\n<p><img decoding=\"async\" class=\"wp-image-30745 aligncenter\" src=\"https:\/\/havamall.vn\/wp-content\/uploads\/2023\/03\/tra-viet-quat-3-300x199.jpeg\" alt=\"\" width=\"565\" height=\"375\" srcset=\"https:\/\/havamall.vn\/wp-content\/uploads\/2023\/03\/tra-viet-quat-3-300x199.jpeg 300w, https:\/\/havamall.vn\/wp-content\/uploads\/2023\/03\/tra-viet-quat-3-430x285.jpeg 430w, https:\/\/havamall.vn\/wp-content\/uploads\/2023\/03\/tra-viet-quat-3-150x99.jpeg 150w, https:\/\/havamall.vn\/wp-content\/uploads\/2023\/03\/tra-viet-quat-3-700x464.jpeg 700w, https:\/\/havamall.vn\/wp-content\/uploads\/2023\/03\/tra-viet-quat-3-768x509.jpeg 768w, https:\/\/havamall.vn\/wp-content\/uploads\/2023\/03\/tra-viet-quat-3-1024x679.jpeg 1024w, https:\/\/havamall.vn\/wp-content\/uploads\/2023\/03\/tra-viet-quat-3-600x398.jpeg 600w, https:\/\/havamall.vn\/wp-content\/uploads\/2023\/03\/tra-viet-quat-3.jpeg 1100w\" sizes=\"(max-width: 565px) 100vw, 565px\" \/><\/p>\n<p>Tinh ch\u1ea5t h\u01b0\u01a1ng\u00a0 qu\u1ea5t l\u00e0 m\u1ed9t lo\u1ea1i h\u01b0\u01a1ng li\u1ec7u kh\u00e1 ph\u1ed5 bi\u1ebfn v\u00e0 \u0111\u01b0\u1ee3c \u1ee9ng d\u1ee5ng nhi\u1ec1u trong s\u1ea3n xu\u1ea5t c\u00e1c lo\u1ea1i th\u1ef1c ph\u1ea9m nh\u01b0: b\u00e1nh b\u00f4ng lan, m\u1ee9t, kem, k\u1eb9o, c\u00e1c lo\u1ea1i n\u01b0\u1edbc \u00e9p, n\u01b0\u1edbc gi\u1ea3i kh\u00e1t,\u2026.<\/p>\n<p>Tinh ch\u1ea5t h\u01b0\u01a1ng vi\u1ec7t qu\u1ea5t khi b\u1ed5 sung v\u00e0o c\u00e1c lo\u1ea1i b\u00e1nh s\u1ebd t\u1ea1o v\u1ecb t\u01b0\u01a1i ngon, chua ng\u1ecdt d\u1ec5 ch\u1ecbu h\u01b0\u01a1ng d\u00e2u, l\u00e0m m\u00f9i vi b\u00e1nh tr\u1edf n\u00ean \u0111\u1eb7c tr\u01b0ng v\u00e0 th\u01a1m ngon h\u01a1n.<\/p>\n<div id=\"attachment_30746\" style=\"width: 574px\" class=\"wp-caption aligncenter\"><img decoding=\"async\" aria-describedby=\"caption-attachment-30746\" class=\"wp-image-30746\" src=\"https:\/\/havamall.vn\/wp-content\/uploads\/2023\/03\/banh-cheesecake-viet-quat-11-233x300.jpeg\" alt=\"\" width=\"564\" height=\"726\" srcset=\"https:\/\/havamall.vn\/wp-content\/uploads\/2023\/03\/banh-cheesecake-viet-quat-11-233x300.jpeg 233w, https:\/\/havamall.vn\/wp-content\/uploads\/2023\/03\/banh-cheesecake-viet-quat-11-430x555.jpeg 430w, https:\/\/havamall.vn\/wp-content\/uploads\/2023\/03\/banh-cheesecake-viet-quat-11-150x194.jpeg 150w, https:\/\/havamall.vn\/wp-content\/uploads\/2023\/03\/banh-cheesecake-viet-quat-11-794x1024.jpeg 794w\" sizes=\"(max-width: 564px) 100vw, 564px\" \/><p id=\"caption-attachment-30746\" class=\"wp-caption-text\">C\u00e1c b\u01b0\u1edbc\u00a0l\u00e0m b\u00e1nh Cheesecake vi\u1ec7t qu\u1ea5t<\/p><\/div>\n<p><strong>\u00a0<\/strong><\/p>\n<h3><strong>L\u1ee3i \u00edch c\u1ee7a s\u1ea3n ph\u1ea9m:<\/strong><\/h3>\n<p>&gt; T\u1ea1o h\u01b0\u01a1ng th\u01a1m t\u1ef1 nhi\u00ean cho c\u00e1c s\u1ea3n ph\u1ea9m<\/p>\n<p>&gt; K\u00edch th\u00edch c\u1ea3m quan, l\u00e0m s\u1ea3n ph\u1ea9m h\u1ea5p d\u1eabn h\u01a1n<\/p>\n<p>&gt; Kh\u00f4ng \u1ea3nh h\u01b0\u1edfng \u0111\u1ebfn tr\u1ea1ng th\u00e1i hay m\u00e0u s\u1eafc c\u1ee7a th\u1ef1c ph\u1ea9m s\u1eed d\u1ee5ng.<\/p>\n<p>&gt; Ti\u1ebft ki\u1ec7m chi ph\u00ed s\u1ea3n xu\u1ea5t s\u1ea3n ph\u1ea9m.<\/p>\n<p>&gt; Trong s\u1ea3n xu\u1ea5t s\u1ea3n ph\u1ea9m nh\u01b0: b\u00e1nh k\u1eb9o, n\u01b0\u1edbc gi\u1ea3i kh\u00e1t, r\u01b0\u1ee3u\u2026.<\/p>","protected":false},"excerpt":{"rendered":"<p>TH\u00d4NG TIN CHUNG Th\u01b0\u01a1ng hi\u1ec7u Havafoodies Xu\u1ea5t x\u1ee9 Vi\u1ec7t Nam Th\u00e0nh ph\u1ea7n \u00a0Propylene glyco 70%, Blueberry 30% H\u1ea1n s\u1eed d\u1ee5ng<\/p>","protected":false},"featured_media":30747,"comment_status":"open","ping_status":"closed","template":"","meta":[],"product_brand":[],"product_cat":[36],"product_tag":[],"class_list":{"0":"post-30743","1":"product","2":"type-product","3":"status-publish","4":"has-post-thumbnail","6":"product_cat-thuc-pham-tieu-dung","7":"pa_brand-skx","9":"first","10":"instock","11":"sale","12":"shipping-taxable","13":"purchasable","14":"product-type-simple"},"_links":{"self":[{"href":"https:\/\/havamall.vn\/en\/wp-json\/wp\/v2\/product\/30743"}],"collection":[{"href":"https:\/\/havamall.vn\/en\/wp-json\/wp\/v2\/product"}],"about":[{"href":"https:\/\/havamall.vn\/en\/wp-json\/wp\/v2\/types\/product"}],"replies":[{"embeddable":true,"href":"https:\/\/havamall.vn\/en\/wp-json\/wp\/v2\/comments?post=30743"}],"version-history":[{"count":0,"href":"https:\/\/havamall.vn\/en\/wp-json\/wp\/v2\/product\/30743\/revisions"}],"wp:featuredmedia":[{"embeddable":true,"href":"https:\/\/havamall.vn\/en\/wp-json\/wp\/v2\/media\/30747"}],"wp:attachment":[{"href":"https:\/\/havamall.vn\/en\/wp-json\/wp\/v2\/media?parent=30743"}],"wp:term":[{"taxonomy":"product_brand","embeddable":true,"href":"https:\/\/havamall.vn\/en\/wp-json\/wp\/v2\/product_brand?post=30743"},{"taxonomy":"product_cat","embeddable":true,"href":"https:\/\/havamall.vn\/en\/wp-json\/wp\/v2\/product_cat?post=30743"},{"taxonomy":"product_tag","embeddable":true,"href":"https:\/\/havamall.vn\/en\/wp-json\/wp\/v2\/product_tag?post=30743"}],"curies":[{"name":"wp","href":"https:\/\/api.w.org\/{rel}","templated":true}]}}