{"id":30697,"date":"2023-03-09T16:35:15","date_gmt":"2023-03-09T09:35:15","guid":{"rendered":"https:\/\/havamall.vn\/?post_type=product&#038;p=30697"},"modified":"2023-03-10T13:49:27","modified_gmt":"2023-03-10T06:49:27","slug":"ly-dong-dinh-luong-pha-che-2-dau-inox-cao-cap","status":"publish","type":"product","link":"https:\/\/havamall.vn\/en\/shop\/ly-dong-dinh-luong-pha-che-2-dau-inox-cao-cap\/","title":{"rendered":"Ly \u0110ong \u0110\u1ecbnh L\u01b0\u1ee3ng Pha Ch\u1ebf 2 \u0110\u1ea7u Inox Cao C\u1ea5p"},"content":{"rendered":"<p>Ly \u0111\u1ecbnh l\u01b0\u1ee3ng l\u00e0 d\u1ee5ng c\u1ee5 d\u00f9ng \u0111\u1ec3 \u0111\u1ecbnh l\u01b0\u1ee3ng th\u00e0nh ph\u1ea7n nguy\u00ean li\u1ec7u c\u1ee7a m\u00f3n cocktail sao cho ly cocktail c\u00f3 h\u01b0\u01a1ng v\u1ecb c\u00e2n b\u1eb1ng, th\u01a1m ngon v\u00e0 h\u1ea5p d\u1eabn. S\u1ea3n ph\u1ea9m l\u00e0 d\u1ee5ng c\u1ee5 chu\u1ea9n cho c\u00e1c bartender trong ngh\u1ec7 thu\u1eadt pha ch\u1ebf th\u1ee9c u\u1ed1ng.<\/p>\n<p>Ly \u0111ong l\u00e0 d\u1ee5ng c\u1ee5 d\u00f9ng \u0111\u1ec3 \u0111\u1ecbnh l\u01b0\u1ee3ng th\u00e0nh ph\u1ea7n nguy\u00ean li\u1ec7u c\u1ee7a m\u00f3n cocktail sao cho ly cocktail c\u00f3 h\u01b0\u01a1ng v\u1ecb c\u00e2n b\u1eb1ng, th\u01a1m ngon v\u00e0 h\u1ea5p d\u1eabn. S\u1ea3n ph\u1ea9m l\u00e0 d\u1ee5ng c\u1ee5 chu\u1ea9n cho c\u00e1c bartender trong ngh\u1ec7 thu\u1eadt pha ch\u1ebf th\u1ee9c u\u1ed1ng.<\/p>\n<p><img fetchpriority=\"high\" decoding=\"async\" class=\"wp-image-30698 aligncenter\" src=\"https:\/\/havamall.vn\/wp-content\/uploads\/2023\/03\/71efb5a1de9358c8f3fb8191ba054522-300x300.jpeg\" alt=\"\" width=\"592\" height=\"592\" srcset=\"https:\/\/havamall.vn\/wp-content\/uploads\/2023\/03\/71efb5a1de9358c8f3fb8191ba054522-300x300.jpeg 300w, https:\/\/havamall.vn\/wp-content\/uploads\/2023\/03\/71efb5a1de9358c8f3fb8191ba054522-430x430.jpeg 430w, https:\/\/havamall.vn\/wp-content\/uploads\/2023\/03\/71efb5a1de9358c8f3fb8191ba054522-150x150.jpeg 150w, https:\/\/havamall.vn\/wp-content\/uploads\/2023\/03\/71efb5a1de9358c8f3fb8191ba054522-700x700.jpeg 700w, https:\/\/havamall.vn\/wp-content\/uploads\/2023\/03\/71efb5a1de9358c8f3fb8191ba054522-768x768.jpeg 768w, https:\/\/havamall.vn\/wp-content\/uploads\/2023\/03\/71efb5a1de9358c8f3fb8191ba054522-600x600.jpeg 600w, https:\/\/havamall.vn\/wp-content\/uploads\/2023\/03\/71efb5a1de9358c8f3fb8191ba054522-100x100.jpeg 100w, https:\/\/havamall.vn\/wp-content\/uploads\/2023\/03\/71efb5a1de9358c8f3fb8191ba054522.jpeg 1000w\" sizes=\"(max-width: 592px) 100vw, 592px\" \/><\/p>\n<p>S\u1ee1 h\u1eefu thi\u1ebft k\u1ebf nh\u1ecf g\u1ecdn v\u00e0 \u0111\u1eb9p m\u1eaft, d\u1ee5ng c\u1ee5 \u0111\u01b0\u1ee3c l\u00e0m b\u1eb1ng ch\u1ea5t li\u1ec7u inox n\u00ean r\u1ea5t ch\u1eafc ch\u1eafn, kh\u00f4ng g\u1ec9, b\u1ec1n \u0111\u1eb9p. Ly \u0111ong g\u1ed3m c\u00f3 m\u1ed9t \u0111\u1ea7u l\u1edbn v\u00e0 \u0111\u1ea7u nh\u1ecf \u0111\u01b0\u1ee3c g\u1eafn ch\u1eb7t \u0111\u1ed1i x\u1ee9ng v\u1edbi nhau. V\u1edbi thi\u1ebft k\u1ebf 2 \u0111\u1ea7u nh\u01b0 v\u1eady ng\u01b0\u1eddi pha ch\u1ebf \u00edt ph\u1ea3i r\u1eeda ly \u0111ong nhi\u1ec1u l\u1ea7n, c\u00f3 th\u1ec3 thay \u0111\u1ed5i \u0111\u1ea7u \u0111ong.<\/p>\n<p>Ly \u0111\u01b0\u1ee3c l\u00e0m b\u1eb1ng inox n\u00ean \u0111\u1ed9 b\u1ec1n r\u1ea5t cao, c\u00f3 th\u1ec3 s\u1eed d\u1ee5ng trong nhi\u1ec1u n\u0103m, gi\u00fap b\u1ea1n ti\u1ebft ki\u1ec7m chi ph\u00ed t\u1ed1i \u0111a. \u0110\u1ed3ng th\u1eddi vi\u1ec7c v\u1ec7 sinh s\u1ea3n ph\u1ea9m sau khi d\u00f9ng c\u0169ng r\u1ea5t d\u1ec5 d\u00e0ng v\u00e0 nhanh ch\u00f3ng.<\/p>\n<p><img decoding=\"async\" class=\"wp-image-30699 aligncenter\" src=\"https:\/\/havamall.vn\/wp-content\/uploads\/2023\/03\/sg-11134201-22110-jwo3rlri2cjva4-300x250.jpg\" alt=\"\" width=\"591\" height=\"492\" srcset=\"https:\/\/havamall.vn\/wp-content\/uploads\/2023\/03\/sg-11134201-22110-jwo3rlri2cjva4-300x250.jpg 300w, https:\/\/havamall.vn\/wp-content\/uploads\/2023\/03\/sg-11134201-22110-jwo3rlri2cjva4-430x359.jpg 430w, https:\/\/havamall.vn\/wp-content\/uploads\/2023\/03\/sg-11134201-22110-jwo3rlri2cjva4-150x125.jpg 150w, https:\/\/havamall.vn\/wp-content\/uploads\/2023\/03\/sg-11134201-22110-jwo3rlri2cjva4-700x584.jpg 700w, https:\/\/havamall.vn\/wp-content\/uploads\/2023\/03\/sg-11134201-22110-jwo3rlri2cjva4-768x641.jpg 768w, https:\/\/havamall.vn\/wp-content\/uploads\/2023\/03\/sg-11134201-22110-jwo3rlri2cjva4.jpg 1024w, https:\/\/havamall.vn\/wp-content\/uploads\/2023\/03\/sg-11134201-22110-jwo3rlri2cjva4-600x501.jpg 600w\" sizes=\"(max-width: 591px) 100vw, 591px\" \/><\/p>\n<h2><strong>\u0110\u1eb6C \u0110I\u1ec2M N\u1ed4I B\u1eacT C\u1ee6A S\u1ea2N PH\u1ea8M<\/strong><\/h2>\n<p>&#8211; Ly \u0111\u1ecbnh l\u01b0\u1ee3ng s\u1ee1 h\u1eefu thi\u1ebft k\u1ebf nh\u1ecf g\u1ecdn v\u00e0 \u0111\u1eb9p m\u1eaft.<\/p>\n<p>&#8211; D\u1ee5ng c\u1ee5 \u0111\u01b0\u1ee3c l\u00e0m b\u1eb1ng ch\u1ea5t li\u1ec7u inox n\u00ean r\u1ea5t ch\u1eafc ch\u1eafn.<\/p>\n<p>&#8211; Thi\u1ebft k\u1ebf nh\u1ecf g\u1ecdn c\u1ee7a ly \u0111ong gi\u00fap d\u1ec5 c\u1ea7m \u0111\u1ec3 thao t\u00e1c pha ch\u1ebf, ch\u1ea5t li\u1ec7u inox s\u1ea1ch s\u1ebd, ch\u1ed1ng b\u00e1m b\u1ee5i, d\u1ec5 ch\u00f9i r\u1eeda.<\/p>\n<p>&#8211; Ly \u0111ong \u0111\u01b0\u1ee3c thi\u1ebft k\u1ebf c\u00f3 hai \u0111\u1ea7u \u0111ong l\u1edbn nh\u1ecf kh\u00e1c nhau c\u00f3 dung t\u00edch kh\u00e1c nhau.<\/p>\n<p><img decoding=\"async\" class=\"wp-image-30700 aligncenter\" src=\"https:\/\/havamall.vn\/wp-content\/uploads\/2023\/03\/7d4fa1984ccd7d06c3b15baebc3f3e04-300x300.jpeg\" alt=\"\" width=\"600\" height=\"600\" srcset=\"https:\/\/havamall.vn\/wp-content\/uploads\/2023\/03\/7d4fa1984ccd7d06c3b15baebc3f3e04-300x300.jpeg 300w, https:\/\/havamall.vn\/wp-content\/uploads\/2023\/03\/7d4fa1984ccd7d06c3b15baebc3f3e04-430x430.jpeg 430w, https:\/\/havamall.vn\/wp-content\/uploads\/2023\/03\/7d4fa1984ccd7d06c3b15baebc3f3e04-150x150.jpeg 150w, https:\/\/havamall.vn\/wp-content\/uploads\/2023\/03\/7d4fa1984ccd7d06c3b15baebc3f3e04-700x700.jpeg 700w, https:\/\/havamall.vn\/wp-content\/uploads\/2023\/03\/7d4fa1984ccd7d06c3b15baebc3f3e04-768x768.jpeg 768w, https:\/\/havamall.vn\/wp-content\/uploads\/2023\/03\/7d4fa1984ccd7d06c3b15baebc3f3e04-600x600.jpeg 600w, https:\/\/havamall.vn\/wp-content\/uploads\/2023\/03\/7d4fa1984ccd7d06c3b15baebc3f3e04-100x100.jpeg 100w, https:\/\/havamall.vn\/wp-content\/uploads\/2023\/03\/7d4fa1984ccd7d06c3b15baebc3f3e04.jpeg 1000w\" sizes=\"(max-width: 600px) 100vw, 600px\" \/><\/p>","protected":false},"excerpt":{"rendered":"<p>Ly \u0111\u1ecbnh l\u01b0\u1ee3ng l\u00e0 d\u1ee5ng c\u1ee5 d\u00f9ng \u0111\u1ec3 \u0111\u1ecbnh l\u01b0\u1ee3ng th\u00e0nh ph\u1ea7n nguy\u00ean li\u1ec7u c\u1ee7a m\u00f3n cocktail sao cho ly<\/p>","protected":false},"featured_media":30701,"comment_status":"open","ping_status":"closed","template":"","meta":[],"product_brand":[],"product_cat":[393,35],"product_tag":[],"class_list":{"0":"post-30697","1":"product","2":"type-product","3":"status-publish","4":"has-post-thumbnail","6":"product_cat-bep-phong-an","7":"product_cat-nha-cua-doi-song","9":"first","10":"instock","11":"sale","12":"shipping-taxable","13":"purchasable","14":"product-type-simple"},"_links":{"self":[{"href":"https:\/\/havamall.vn\/en\/wp-json\/wp\/v2\/product\/30697"}],"collection":[{"href":"https:\/\/havamall.vn\/en\/wp-json\/wp\/v2\/product"}],"about":[{"href":"https:\/\/havamall.vn\/en\/wp-json\/wp\/v2\/types\/product"}],"replies":[{"embeddable":true,"href":"https:\/\/havamall.vn\/en\/wp-json\/wp\/v2\/comments?post=30697"}],"version-history":[{"count":0,"href":"https:\/\/havamall.vn\/en\/wp-json\/wp\/v2\/product\/30697\/revisions"}],"wp:featuredmedia":[{"embeddable":true,"href":"https:\/\/havamall.vn\/en\/wp-json\/wp\/v2\/media\/30701"}],"wp:attachment":[{"href":"https:\/\/havamall.vn\/en\/wp-json\/wp\/v2\/media?parent=30697"}],"wp:term":[{"taxonomy":"product_brand","embeddable":true,"href":"https:\/\/havamall.vn\/en\/wp-json\/wp\/v2\/product_brand?post=30697"},{"taxonomy":"product_cat","embeddable":true,"href":"https:\/\/havamall.vn\/en\/wp-json\/wp\/v2\/product_cat?post=30697"},{"taxonomy":"product_tag","embeddable":true,"href":"https:\/\/havamall.vn\/en\/wp-json\/wp\/v2\/product_tag?post=30697"}],"curies":[{"name":"wp","href":"https:\/\/api.w.org\/{rel}","templated":true}]}}