{"id":30668,"date":"2023-03-01T16:12:04","date_gmt":"2023-03-01T09:12:04","guid":{"rendered":"https:\/\/havamall.vn\/?post_type=product&#038;p=30668"},"modified":"2023-03-09T14:58:54","modified_gmt":"2023-03-09T07:58:54","slug":"kep-gap-thuc-an-mini-dau-silicon-hinh-ban-tay","status":"publish","type":"product","link":"https:\/\/havamall.vn\/en\/shop\/kep-gap-thuc-an-mini-dau-silicon-hinh-ban-tay\/","title":{"rendered":"K\u1eb9p G\u1eafp Th\u1ee9c \u0102n Mini \u0110\u1ea7u Silicon H\u00ecnh B\u00e0n Tay"},"content":{"rendered":"<p>K\u1eb9p g\u1eafp th\u1ee9c \u0103n mini l\u00e0 m\u1ed9t s\u1ea3n ph\u1ea9m ti\u1ec7n l\u1ee3i gi\u00fap ng\u01b0\u1eddi d\u00f9ng c\u00f3 th\u1ec3 \u0103n c\u00e1c lo\u1ea1i th\u1ef1c ph\u1ea9m nh\u1ecf, nh\u01b0 tr\u00e1i c\u00e2y, b\u00e1nh quy, k\u1eb9o, snack v\u00e0 nhi\u1ec1u lo\u1ea1i th\u1ef1c ph\u1ea9m kh\u00e1c m\u00e0 kh\u00f4ng c\u1ea7n ph\u1ea3i d\u00f9ng \u0111\u0169a ho\u1eb7c mu\u1ed7ng. Thi\u1ebft k\u1ebf nh\u1ecf g\u1ecdn v\u00e0 ti\u1ec7n l\u1ee3i c\u1ee7a k\u1eb9p g\u1eafp th\u1ee9c \u0103n mini gi\u00fap ng\u01b0\u1eddi d\u00f9ng d\u1ec5 d\u00e0ng mang theo s\u1ea3n ph\u1ea9m n\u00e0y khi \u0111i du l\u1ecbch, \u0111i ch\u01a1i hay \u0111i h\u1ecdc.<\/p>\n<p><img fetchpriority=\"high\" decoding=\"async\" class=\"wp-image-30669 aligncenter\" src=\"https:\/\/havamall.vn\/wp-content\/uploads\/2023\/03\/1218396db0eed1373f6c0efe1e63eed1-300x300.jpeg\" alt=\"\" width=\"613\" height=\"613\" srcset=\"https:\/\/havamall.vn\/wp-content\/uploads\/2023\/03\/1218396db0eed1373f6c0efe1e63eed1-300x300.jpeg 300w, https:\/\/havamall.vn\/wp-content\/uploads\/2023\/03\/1218396db0eed1373f6c0efe1e63eed1-430x430.jpeg 430w, https:\/\/havamall.vn\/wp-content\/uploads\/2023\/03\/1218396db0eed1373f6c0efe1e63eed1-150x150.jpeg 150w, https:\/\/havamall.vn\/wp-content\/uploads\/2023\/03\/1218396db0eed1373f6c0efe1e63eed1-700x700.jpeg 700w, https:\/\/havamall.vn\/wp-content\/uploads\/2023\/03\/1218396db0eed1373f6c0efe1e63eed1-768x768.jpeg 768w, https:\/\/havamall.vn\/wp-content\/uploads\/2023\/03\/1218396db0eed1373f6c0efe1e63eed1-600x600.jpeg 600w, https:\/\/havamall.vn\/wp-content\/uploads\/2023\/03\/1218396db0eed1373f6c0efe1e63eed1-100x100.jpeg 100w, https:\/\/havamall.vn\/wp-content\/uploads\/2023\/03\/1218396db0eed1373f6c0efe1e63eed1.jpeg 1000w\" sizes=\"(max-width: 613px) 100vw, 613px\" \/><\/p>\n<p>Ngo\u00e0i ra, k\u1eb9p g\u1eafp th\u1ee9c \u0103n mini c\u00f2n l\u00e0 m\u1ed9t s\u1ea3n ph\u1ea9m an to\u00e0n v\u00e0 v\u1ec7 sinh cho s\u1ee9c kh\u1ecfe ng\u01b0\u1eddi d\u00f9ng. Khi s\u1eed d\u1ee5ng k\u1eb9p g\u1eafp th\u1ee9c \u0103n mini, ng\u01b0\u1eddi d\u00f9ng kh\u00f4ng c\u1ea7n ph\u1ea3i ch\u1ea1m tay v\u00e0o th\u1ef1c ph\u1ea9m, gi\u00fap gi\u1ea3m thi\u1ec3u nguy c\u01a1 l\u00e2y nhi\u1ec5m vi khu\u1ea9n v\u00e0 t\u0103ng t\u00ednh v\u1ec7 sinh.<\/p>\n<p>K\u1eb9p th\u1ee9c \u0103n mini b\u1eb1ng nh\u1ef1a c\u00f2n l\u00e0 m\u1ed9t s\u1ea3n ph\u1ea9m th\u00e2n thi\u1ec7n v\u1edbi m\u00f4i tr\u01b0\u1eddng, v\u00ec b\u1ea1n c\u00f3 th\u1ec3 t\u00e1i s\u1eed d\u1ee5ng nhi\u1ec1u l\u1ea7n v\u00e0 kh\u00f4ng c\u1ea7n s\u1eed d\u1ee5ng c\u00e1c s\u1ea3n ph\u1ea9m \u0111\u00f3ng g\u00f3i m\u1ed9t l\u1ea7n kh\u00e1c.<\/p>\n<p><img decoding=\"async\" class=\"wp-image-30670 aligncenter\" src=\"https:\/\/havamall.vn\/wp-content\/uploads\/2023\/03\/6222ea14eab24f9ee03889e5d172259d-300x300.jpeg\" alt=\"\" width=\"614\" height=\"614\" srcset=\"https:\/\/havamall.vn\/wp-content\/uploads\/2023\/03\/6222ea14eab24f9ee03889e5d172259d-300x300.jpeg 300w, https:\/\/havamall.vn\/wp-content\/uploads\/2023\/03\/6222ea14eab24f9ee03889e5d172259d-430x430.jpeg 430w, https:\/\/havamall.vn\/wp-content\/uploads\/2023\/03\/6222ea14eab24f9ee03889e5d172259d-150x150.jpeg 150w, https:\/\/havamall.vn\/wp-content\/uploads\/2023\/03\/6222ea14eab24f9ee03889e5d172259d-700x700.jpeg 700w, https:\/\/havamall.vn\/wp-content\/uploads\/2023\/03\/6222ea14eab24f9ee03889e5d172259d-768x768.jpeg 768w, https:\/\/havamall.vn\/wp-content\/uploads\/2023\/03\/6222ea14eab24f9ee03889e5d172259d-600x600.jpeg 600w, https:\/\/havamall.vn\/wp-content\/uploads\/2023\/03\/6222ea14eab24f9ee03889e5d172259d-100x100.jpeg 100w, https:\/\/havamall.vn\/wp-content\/uploads\/2023\/03\/6222ea14eab24f9ee03889e5d172259d.jpeg 800w\" sizes=\"(max-width: 614px) 100vw, 614px\" \/><\/p>\n<h2><strong>CHI TI\u1ebeT S\u1ea2N PH\u1ea8M <\/strong><\/h2>\n<p>&#8211; K\u1eb9p g\u1eafp th\u1ee9c \u0103n mini \u0111\u1ea7u silicon<\/p>\n<p>&#8211; Ch\u1ea5t li\u1ec7u: silicon + c\u00e1n inox<\/p>\n<p>&#8211; K\u00edch th\u01b0\u1edbc: 13x3cm<\/p>\n<p>&#8211; C\u00e1ch s\u1eed d\u1ee5ng: tay c\u1ea7m kim lo\u1ea1i ch\u1ed1ng g\u1ec9, \u0111\u1ea7u silicon ch\u1ecbu ch\u1ed1ng d\u00ednh c\u00f3 th\u1ec3 g\u1eafp \u0111\u1ed3 r\u1ea5t d\u1ec5 v\u00e0 ti\u1ec7n d\u1ee5ng<\/p>\n<p>&#8211; L\u01b0u \u00fd: ch\u1ecbu nhi\u1ec7t t\u1eeb -40 \u0111\u1ebfn 230 \u0111\u1ed9 C, c\u00f3 th\u1ec3 s\u1eed d\u1ee5ng l\u00f2 vi s\u00f3ng, l\u00f2 n\u01b0\u1edbng, t\u1ee7 l\u1ea1nh..<\/p>\n<p>&#8211; S\u1ea3n ph\u1ea9m d\u1ec5 s\u1eed d\u1ee5ng, d\u1ec5 l\u00e0m s\u1ea1ch, lau ch\u00f9i.<\/p>\n<p><img decoding=\"async\" class=\"wp-image-30671 aligncenter\" src=\"https:\/\/havamall.vn\/wp-content\/uploads\/2023\/03\/cf49ff54e9b9ba1d3e04e057e4ba3341-300x300.jpeg\" alt=\"\" width=\"605\" height=\"605\" srcset=\"https:\/\/havamall.vn\/wp-content\/uploads\/2023\/03\/cf49ff54e9b9ba1d3e04e057e4ba3341-300x300.jpeg 300w, https:\/\/havamall.vn\/wp-content\/uploads\/2023\/03\/cf49ff54e9b9ba1d3e04e057e4ba3341-430x430.jpeg 430w, https:\/\/havamall.vn\/wp-content\/uploads\/2023\/03\/cf49ff54e9b9ba1d3e04e057e4ba3341-150x150.jpeg 150w, https:\/\/havamall.vn\/wp-content\/uploads\/2023\/03\/cf49ff54e9b9ba1d3e04e057e4ba3341-700x700.jpeg 700w, https:\/\/havamall.vn\/wp-content\/uploads\/2023\/03\/cf49ff54e9b9ba1d3e04e057e4ba3341-768x768.jpeg 768w, https:\/\/havamall.vn\/wp-content\/uploads\/2023\/03\/cf49ff54e9b9ba1d3e04e057e4ba3341-600x600.jpeg 600w, https:\/\/havamall.vn\/wp-content\/uploads\/2023\/03\/cf49ff54e9b9ba1d3e04e057e4ba3341-100x100.jpeg 100w, https:\/\/havamall.vn\/wp-content\/uploads\/2023\/03\/cf49ff54e9b9ba1d3e04e057e4ba3341.jpeg 1024w\" sizes=\"(max-width: 605px) 100vw, 605px\" \/><\/p>","protected":false},"excerpt":{"rendered":"<p>K\u1eb9p g\u1eafp th\u1ee9c \u0103n mini l\u00e0 m\u1ed9t s\u1ea3n ph\u1ea9m ti\u1ec7n l\u1ee3i gi\u00fap ng\u01b0\u1eddi d\u00f9ng c\u00f3 th\u1ec3 \u0103n c\u00e1c lo\u1ea1i th\u1ef1c<\/p>","protected":false},"featured_media":30672,"comment_status":"open","ping_status":"closed","template":"","meta":[],"product_brand":[],"product_cat":[393,35],"product_tag":[],"class_list":{"0":"post-30668","1":"product","2":"type-product","3":"status-publish","4":"has-post-thumbnail","6":"product_cat-bep-phong-an","7":"product_cat-nha-cua-doi-song","9":"first","10":"instock","11":"sale","12":"shipping-taxable","13":"purchasable","14":"product-type-simple"},"_links":{"self":[{"href":"https:\/\/havamall.vn\/en\/wp-json\/wp\/v2\/product\/30668"}],"collection":[{"href":"https:\/\/havamall.vn\/en\/wp-json\/wp\/v2\/product"}],"about":[{"href":"https:\/\/havamall.vn\/en\/wp-json\/wp\/v2\/types\/product"}],"replies":[{"embeddable":true,"href":"https:\/\/havamall.vn\/en\/wp-json\/wp\/v2\/comments?post=30668"}],"version-history":[{"count":0,"href":"https:\/\/havamall.vn\/en\/wp-json\/wp\/v2\/product\/30668\/revisions"}],"wp:featuredmedia":[{"embeddable":true,"href":"https:\/\/havamall.vn\/en\/wp-json\/wp\/v2\/media\/30672"}],"wp:attachment":[{"href":"https:\/\/havamall.vn\/en\/wp-json\/wp\/v2\/media?parent=30668"}],"wp:term":[{"taxonomy":"product_brand","embeddable":true,"href":"https:\/\/havamall.vn\/en\/wp-json\/wp\/v2\/product_brand?post=30668"},{"taxonomy":"product_cat","embeddable":true,"href":"https:\/\/havamall.vn\/en\/wp-json\/wp\/v2\/product_cat?post=30668"},{"taxonomy":"product_tag","embeddable":true,"href":"https:\/\/havamall.vn\/en\/wp-json\/wp\/v2\/product_tag?post=30668"}],"curies":[{"name":"wp","href":"https:\/\/api.w.org\/{rel}","templated":true}]}}