{"id":30664,"date":"2023-03-01T15:32:53","date_gmt":"2023-03-01T08:32:53","guid":{"rendered":"https:\/\/havamall.vn\/?post_type=product&#038;p=30664"},"modified":"2023-03-09T14:59:38","modified_gmt":"2023-03-09T07:59:38","slug":"dung-cu-chia-thit-vien-tom-vien-tien-loi-bang-nhua","status":"publish","type":"product","link":"https:\/\/havamall.vn\/en\/shop\/dung-cu-chia-thit-vien-tom-vien-tien-loi-bang-nhua\/","title":{"rendered":"D\u1ee5ng C\u1ee5 Chia Th\u1ecbt Vi\u00ean\/T\u00f4m Vi\u00ean Ti\u1ec7n L\u1ee3i B\u1eb1ng Nh\u1ef1a"},"content":{"rendered":"<p>D\u1ee5ng c\u1ee5 chia th\u1ecbt vi\u00ean ti\u1ec7n l\u1ee3i b\u1eb1ng nh\u1ef1a c\u00f3 hai \u0111\u1ea7u ng\u01b0\u1ee3c chi\u1ec1u: 1 \u0111\u1ea7u nh\u1ecf v\u00e0 1 \u0111\u1ea7u to + 1 th\u00eca g\u1ea1t, d\u1ee5ng c\u1ee5 gi\u00fap b\u1ea1n t\u1ea1o nh\u1eefng vi\u00ean th\u1ecbt \u0111\u1ec1u nhau m\u00e0 kh\u00f4ng lo b\u1ea9n tay. D\u1ee5ng c\u1ee5 gi\u1eef an to\u00e0n cho tay b\u1ea1n kh\u1ecfi h\u01a1i n\u00f3ng, n\u01b0\u1edbc s\u00f4i l\u00fac n\u1ea5u \u0103n, c\u1ef1c ti\u1ec7n l\u1ee3i.<\/p>\n<p>Trong h\u00ecnh d\u1ea1ng chi\u1ebfc x\u1ebbng d\u00e0i v\u00e0 h\u1eb9p, n\u00f3 s\u1ebd gi\u00fap b\u1ea1n x\u00fac th\u1ecbt g\u1ecdn g\u00e0ng, r\u1ed3i d\u00f9ng mu\u1ed7ng d\u1eb9p \u0111\u1ec3 chia th\u00e0nh t\u1eebng vi\u00ean nh\u1ecf. B\u1ed9 d\u1ee5ng c\u1ee5 r\u1ea5t ti\u1ec7n l\u1ee3i \u0111\u1ec3 tr\u1ef1c ti\u1ebfp ch\u1ebf bi\u1ebfn m\u00f3n th\u1ecbt vi\u00ean chi\u00ean, n\u1ea5u canh, l\u1ea9u,\u2026<\/p>\n<p><img fetchpriority=\"high\" decoding=\"async\" class=\"wp-image-30665 aligncenter\" src=\"https:\/\/havamall.vn\/wp-content\/uploads\/2023\/03\/0350-2436136344_922139211-300x300.jpeg\" alt=\"\" width=\"514\" height=\"514\" srcset=\"https:\/\/havamall.vn\/wp-content\/uploads\/2023\/03\/0350-2436136344_922139211-300x300.jpeg 300w, https:\/\/havamall.vn\/wp-content\/uploads\/2023\/03\/0350-2436136344_922139211-430x430.jpeg 430w, https:\/\/havamall.vn\/wp-content\/uploads\/2023\/03\/0350-2436136344_922139211-150x150.jpeg 150w, https:\/\/havamall.vn\/wp-content\/uploads\/2023\/03\/0350-2436136344_922139211-600x600.jpeg 600w, https:\/\/havamall.vn\/wp-content\/uploads\/2023\/03\/0350-2436136344_922139211-100x100.jpeg 100w, https:\/\/havamall.vn\/wp-content\/uploads\/2023\/03\/0350-2436136344_922139211.jpeg 700w\" sizes=\"(max-width: 514px) 100vw, 514px\" \/><\/p>\n<p>V\u1edbi d\u1ee5ng c\u1ee5 vi\u00ean th\u1ecbt n\u00e0y b\u1ea1n c\u00f3 th\u1ec3 ho\u00e0n th\u00e0nh m\u00f3n \u0103n 1 c\u00e1ch nhanh ch\u00f3ng.Sau khi \u0111\u00e3 n\u00eam gia v\u1ecb v\u00e0o th\u1ecbt b\u0103m, b\u1ea1n ch\u1ec9 c\u1ea7n d\u1ed3n v\u00e0o khay d\u00e0i, n\u00e9n ch\u1eb7t, v\u00e0 d\u00f9ng th\u00eca \u0111i k\u00e8m x\u1eafn t\u1eebng vi\u00ean th\u1ea3 v\u00e0o n\u1ed3i n\u01b0\u1edbc d\u00f9ng, r\u1ea5t \u0111\u01a1n gi\u1ea3n, ti\u1ec7n l\u1ee3i v\u00e0 nhanh ch\u00f3ng.<\/p>\n<p><img decoding=\"async\" class=\"wp-image-30666 aligncenter\" src=\"https:\/\/havamall.vn\/wp-content\/uploads\/2023\/03\/8d6d45768ede26db4a4d058dd77fb008-300x300.jpeg\" alt=\"\" width=\"521\" height=\"521\" srcset=\"https:\/\/havamall.vn\/wp-content\/uploads\/2023\/03\/8d6d45768ede26db4a4d058dd77fb008-300x300.jpeg 300w, https:\/\/havamall.vn\/wp-content\/uploads\/2023\/03\/8d6d45768ede26db4a4d058dd77fb008-430x430.jpeg 430w, https:\/\/havamall.vn\/wp-content\/uploads\/2023\/03\/8d6d45768ede26db4a4d058dd77fb008-150x150.jpeg 150w, https:\/\/havamall.vn\/wp-content\/uploads\/2023\/03\/8d6d45768ede26db4a4d058dd77fb008-700x700.jpeg 700w, https:\/\/havamall.vn\/wp-content\/uploads\/2023\/03\/8d6d45768ede26db4a4d058dd77fb008-600x600.jpeg 600w, https:\/\/havamall.vn\/wp-content\/uploads\/2023\/03\/8d6d45768ede26db4a4d058dd77fb008-100x100.jpeg 100w, https:\/\/havamall.vn\/wp-content\/uploads\/2023\/03\/8d6d45768ede26db4a4d058dd77fb008.jpeg 760w\" sizes=\"(max-width: 521px) 100vw, 521px\" \/><\/p>\n<h2><strong>\u0110\u1eb6C \u0110I\u1ec2M N\u1ed4I B\u1eacT C\u1ee6A S\u1ea2N PH\u1ea8M<\/strong><\/h2>\n<div class=\"font-size-18 line-height-25 font-normal\">\n<p>&#8211; D\u1ee5ng c\u1ee5 chia th\u1ecbt vi\u00ean, ch\u1ea3 c\u00e1 \u0111a n\u0103ng<\/p>\n<p>&#8211; Thi\u1ebft k\u1ebf c\u00f3 2 ph\u1ea7n: 1 ph\u1ea7n chia v\u00e0 g\u1ea1t th\u1ef1c ph\u1ea9m, 1 ph\u1ea7n \u0111\u1ef1ng th\u1ef1c ph\u1ea9m.Gi\u00fap b\u1ea1n t\u1ea1o ra nh\u1eefng vi\u00ean th\u1ecbt m\u00e0 kh\u00f4ng lo b\u1ea9n tay.<\/p>\n<p>&#8211; Ch\u1ea5t li\u1ec7u nh\u1ef1a PP an to\u00e0n cho ng\u01b0\u1eddi d\u00f9ng.<\/p>\n<p>&#8211; D\u1ec5 d\u00e0ng v\u1ec7 sinh sau khi s\u1eed d\u1ee5ng.<\/p>\n<p>&#8211; Ch\u1ec9 c\u1ea7n cho th\u1ecbt v\u00e0o khu\u00f4n r\u1ed3i g\u1ea1t xu\u1ed1ng l\u00e0 b\u1ea1n \u0111\u00e3 c\u00f3 \u0111\u01b0\u1ee3c nh\u1eefng vi\u00ean th\u1ecbt m\u00e0 b\u1ea1n mong mu\u1ed1n.<\/p>\n<p>&#8211;\u00a0D\u1ee5ng c\u1ee5 gi\u1eef an to\u00e0n cho tay b\u1ea1n kh\u1ecfi h\u01a1i n\u00f3ng, n\u01b0\u1edbc s\u00f4i l\u00fac n\u1ea5u \u0103n, c\u1ef1c ti\u1ec7n l\u1ee3i.<\/p>\n<p>&nbsp;<\/p>\n<\/div>","protected":false},"excerpt":{"rendered":"<p>D\u1ee5ng c\u1ee5 chia th\u1ecbt vi\u00ean ti\u1ec7n l\u1ee3i b\u1eb1ng nh\u1ef1a c\u00f3 hai \u0111\u1ea7u ng\u01b0\u1ee3c chi\u1ec1u: 1 \u0111\u1ea7u nh\u1ecf v\u00e0 1 \u0111\u1ea7u<\/p>","protected":false},"featured_media":30667,"comment_status":"open","ping_status":"closed","template":"","meta":[],"product_brand":[],"product_cat":[393,35],"product_tag":[],"class_list":{"0":"post-30664","1":"product","2":"type-product","3":"status-publish","4":"has-post-thumbnail","6":"product_cat-bep-phong-an","7":"product_cat-nha-cua-doi-song","9":"first","10":"instock","11":"sale","12":"shipping-taxable","13":"purchasable","14":"product-type-simple"},"_links":{"self":[{"href":"https:\/\/havamall.vn\/en\/wp-json\/wp\/v2\/product\/30664"}],"collection":[{"href":"https:\/\/havamall.vn\/en\/wp-json\/wp\/v2\/product"}],"about":[{"href":"https:\/\/havamall.vn\/en\/wp-json\/wp\/v2\/types\/product"}],"replies":[{"embeddable":true,"href":"https:\/\/havamall.vn\/en\/wp-json\/wp\/v2\/comments?post=30664"}],"version-history":[{"count":0,"href":"https:\/\/havamall.vn\/en\/wp-json\/wp\/v2\/product\/30664\/revisions"}],"wp:featuredmedia":[{"embeddable":true,"href":"https:\/\/havamall.vn\/en\/wp-json\/wp\/v2\/media\/30667"}],"wp:attachment":[{"href":"https:\/\/havamall.vn\/en\/wp-json\/wp\/v2\/media?parent=30664"}],"wp:term":[{"taxonomy":"product_brand","embeddable":true,"href":"https:\/\/havamall.vn\/en\/wp-json\/wp\/v2\/product_brand?post=30664"},{"taxonomy":"product_cat","embeddable":true,"href":"https:\/\/havamall.vn\/en\/wp-json\/wp\/v2\/product_cat?post=30664"},{"taxonomy":"product_tag","embeddable":true,"href":"https:\/\/havamall.vn\/en\/wp-json\/wp\/v2\/product_tag?post=30664"}],"curies":[{"name":"wp","href":"https:\/\/api.w.org\/{rel}","templated":true}]}}