{"id":30631,"date":"2023-02-24T09:40:29","date_gmt":"2023-02-24T02:40:29","guid":{"rendered":"https:\/\/havamall.vn\/?post_type=product&#038;p=30631"},"modified":"2025-09-30T14:43:44","modified_gmt":"2025-09-30T07:43:44","slug":"ke%cc%a3o-vitamin-c-thai-lan-vi%cc%a3-cam-loc-24-hop","status":"publish","type":"product","link":"https:\/\/havamall.vn\/en\/shop\/ke%cc%a3o-vitamin-c-thai-lan-vi%cc%a3-cam-loc-24-hop\/","title":{"rendered":"Ke\u0323o Vitamin C Tha\u0301i Lan Vi\u0323 Cam L\u1ed1c 24 H\u1ed9p"},"content":{"rendered":"<h3><\/h3>\n<h3 id=\"tw-target-text\" class=\"tw-data-text tw-text-large XcVN5d tw-ta\"><strong>TH\u00d4NG TIN CHUNG<\/strong><\/h3>\n<table>\n<tbody>\n<tr>\n<td>Th\u01b0\u01a1ng hi\u1ec7u<\/td>\n<td>Roscela<\/td>\n<\/tr>\n<tr>\n<td>Xu\u1ea5t x\u1ee9<\/td>\n<td>Th\u00e1i Lan<\/td>\n<\/tr>\n<tr>\n<td>Th\u00e0nh ph\u1ea7n<\/td>\n<td>\u0110\u01b0\u1eddng, Vitamin C,&#8230;<\/td>\n<\/tr>\n<tr>\n<td>H\u1ea1n s\u1eed d\u1ee5ng<\/td>\n<td>\u00a024 th\u00e1ng k\u1ec3 t\u1eeb ng\u00e0y s\u1ea3n xu\u1ea5t<\/td>\n<\/tr>\n<tr>\n<td>B\u1ea3o qu\u1ea3n<\/td>\n<td>N\u01a1i kh\u00f4 r\u00e1o, tho\u00e1ng m\u00e1t, tr\u00e1nh nhi\u1ec7t \u0111\u1ed9 cao v\u00e0 \u00e1nh s\u00e1ng tr\u1ef1c ti\u1ebfp. Sau khi m\u1edf n\u1eafp b\u1ea3o qu\u1ea3n s\u1eefa teapot tu\u00fdp\u00a0trong ng\u0103n m\u00e1t t\u1ee7 l\u1ea1nh<\/td>\n<\/tr>\n<tr>\n<td>Kh\u1ed1i l\u01b0\u1ee3ng<\/td>\n<td>L\u1ed1c 24 h\u1ed9p 28g<\/td>\n<\/tr>\n<\/tbody>\n<\/table>\n<p>Vitamin C l\u00e0 m\u1ed9t trong nh\u1eefng lo\u1ea1i Vitamin quan tr\u1ecdng b\u1eadc nh\u1ea5t \u0111\u1ed1i v\u1edbi c\u01a1 th\u1ec3, n\u00f3 b\u1ea3o v\u1ec7 c\u01a1 th\u1ec3 th\u00f4ng qua r\u1ea5t nhi\u1ec1u c\u00e1ch \u0111\u1eb7c bi\u1ec7t qua ch\u1ee9c n\u0103ng ch\u1ed1ng oxy h\u00f3a, t\u1ed5ng h\u1ee3p collagen, h\u1ec7 tim m\u1ea1ch, h\u1ec7 mi\u1ec5n d\u1ecbch.<\/p>\n<p>K\u1eb9o c\u00f3 v\u1ecb ng\u1ecdt ng\u1ecdt chua chua, v\u1eeba ngon v\u1eeba b\u1ed5 sung vitamin C cho ng\u01b0\u1eddi l\u1edbn &amp; tr\u1ebb em, vi\u00ean k\u1eb9o h\u00ecnh tr\u00e1i tim\u00a0 si\u00eau d\u1ec5 th\u01b0\u01a1ng t\u1ea1o c\u1ea3m gi\u00e1c th\u00edch th\u00fa. Th\u00edch h\u1ee3p cho c\u00e1c th\u00e1nh \u0103n v\u1eb7t, m\u00ea h\u00e0ng Th\u00e1i Lan, c\u00e1c bu\u1ed5i ti\u1ec7c sinh nh\u1eadt, picnic,&#8230;ho\u1eb7c nh\u00e2m nhi c\u00f9ng b\u1ea1n b\u00e8 khi xem phim, ho\u1ea1t h\u00ecnh,&#8230;<\/p>\n<p><img fetchpriority=\"high\" decoding=\"async\" class=\"wp-image-30632 aligncenter\" src=\"https:\/\/havamall.com\/wp-content\/uploads\/2025\/09\/fc159cdf041f37d78857d3fb7273b9dc-300x300.jpg\" alt=\"\" width=\"606\" height=\"606\" \/><\/p>\n<p>S\u1ea3n ph\u1ea9m \u0111\u01b0\u1ee3c s\u1ea3n xu\u1ea5t tr\u00ean d\u00e2y chuy\u1ec1n c\u00f4ng ngh\u1ec7 hi\u1ec7n \u0111\u1ea1i, \u0111\u1ea3m b\u1ea3o v\u1ec7 sinh an to\u00e0n th\u1ef1c ph\u1ea9m. Kh\u00f4ng ch\u1ee9a h\u00f3a ch\u1ea5t \u0111\u1ed9c h\u1ea1i, \u0111\u1ea3m b\u1ea3o s\u1ee9c kh\u1ecfe ng\u01b0\u1eddi ti\u00eau d\u00f9ng.<\/p>\n<p>S\u1ea3n ph\u1ea9m v\u1edbi h\u01b0\u01a1ng cam th\u01a1m m\u00e1t, v\u1ecb ng\u1ecdt d\u1ec5 ch\u1ecbu, \u0111em l\u1ea1i c\u1ea3m gi\u00e1c s\u1ea3ng kho\u00e1i cho ng\u01b0\u1eddi s\u1eed d\u1ee5ng, \u0111\u1eb7c bi\u1ec7t l\u00e0 c\u00e1c em nh\u1ecf. L\u1ef1a ch\u1ecdn s\u1ea3n ph\u1ea9m ch\u00ednh l\u00e0 bi\u1ec7n ph\u00e1p h\u1ed7 tr\u1ee3 c\u00e1c b\u1ea1n ch\u0103m s\u00f3c s\u1ee9c kh\u1ecfe gia \u0111\u00ecnh m\u1ed9t c\u00e1ch to\u00e0n di\u1ec7n.<\/p>\n<p><img decoding=\"async\" class=\"wp-image-30633 aligncenter\" src=\"https:\/\/havamall.com\/wp-content\/uploads\/2025\/09\/25cb145e1ac50798493378a3dfd9e2f2-300x300.jpg\" alt=\"\" width=\"621\" height=\"621\" \/><\/p>\n<h2><strong>\u0110\u1eb6C \u0110I\u1ec2M N\u1ed4I B\u1eacT C\u1ee6A S\u00c1N PH\u1ea8M<\/strong><\/h2>\n<ul>\n<li><span style=\"font-family: Arial\">K\u1eb9o C tr\u00e1i tim v\u1ecb cam l\u00e0 s\u1ea3n ph\u1ea9m n\u1ed5i ti\u1ebfng c\u1ee7a\u00a0Roscela Th\u00e1i Lan.<\/span><\/li>\n<li><span style=\"font-family: Arial\">\u0110\u00e2y c\u00f3 th\u1ec3 n\u00f3i l\u00e0 lo\u1ea1i k\u1eb9o g\u1eafn li\u1ec1n v\u1edbi tu\u1ed5i th\u01a1 c\u1ee7a r\u1ea5t nhi\u1ec1u ng\u01b0\u1eddi trong ch\u00fang ta. Ng\u00e0y x\u01b0a, m\u1ed7i khi tr\u1ebb kh\u00f3, \u0111i ch\u00edch thu\u1ed1c, u\u1ed1ng thu\u1ed1c \u0111\u1eafng \u0111\u1ec1u \u0111\u01b0\u1ee3c cho \u0103n lo\u1ea1i k\u1eb9o n\u00e0y, c\u00e1i v\u1ecb chua chua ng\u1ecdt ng\u1ecdt s\u1ebd m\u00ecnh nhanh ch\u00f3ng t\u01b0\u01a1i c\u01b0\u1eddi.<\/span><\/li>\n<li><span style=\"font-family: Arial\">K\u1eb9o C tr\u00e1i tim v\u1ecb cam c\u00f3 v\u1ecb ng\u1ecdt ng\u1ecdt chua chua, v\u1eeba ngon v\u1eeba b\u1ed5 sung vitamin C cho ng\u01b0\u1eddi l\u1edbn &amp; tr\u1ebb em, vi\u00ean k\u1eb9o h\u00ecnh tr\u00e1i tim si\u00eau d\u1ec5 th\u01b0\u01a1ng t\u1ea1o c\u1ea3m gi\u00e1c th\u00edch th\u00fa. Th\u00edch h\u1ee3p cho c\u00e1c th\u00e1nh \u0103n v\u1eb7t, m\u00ea h\u00e0ng Th\u00e1i Lan, c\u00e1c bu\u1ed5i ti\u1ec7c sinh nh\u1eadt, picnic ho\u1eb7c nh\u00e2m nhi c\u00f9ng b\u1ea1n b\u00e8 khi xem phim, ho\u1ea1t h\u00ecnh,&#8230;<\/span><\/li>\n<\/ul>\n<p><img decoding=\"async\" class=\"wp-image-30634 aligncenter\" src=\"https:\/\/havamall.com\/wp-content\/uploads\/2025\/09\/131326042_3450083528448373_8429898899190578673_n-300x300.jpg\" alt=\"\" width=\"619\" height=\"619\" \/><\/p>","protected":false},"excerpt":{"rendered":"<p>TH\u00d4NG TIN CHUNG Th\u01b0\u01a1ng hi\u1ec7u Roscela Xu\u1ea5t x\u1ee9 Th\u00e1i Lan Th\u00e0nh ph\u1ea7n \u0110\u01b0\u1eddng, Vitamin C,&#8230; H\u1ea1n s\u1eed d\u1ee5ng \u00a024 th\u00e1ng<\/p>","protected":false},"featured_media":30635,"comment_status":"open","ping_status":"closed","template":"","meta":[],"product_brand":[],"product_cat":[36,133],"product_tag":[],"class_list":{"0":"post-30631","1":"product","2":"type-product","3":"status-publish","4":"has-post-thumbnail","6":"product_cat-thuc-pham-tieu-dung","7":"product_cat-banh-keo-chocolate","9":"first","10":"outofstock","11":"sale","12":"shipping-taxable","13":"purchasable","14":"product-type-simple"},"_links":{"self":[{"href":"https:\/\/havamall.vn\/en\/wp-json\/wp\/v2\/product\/30631"}],"collection":[{"href":"https:\/\/havamall.vn\/en\/wp-json\/wp\/v2\/product"}],"about":[{"href":"https:\/\/havamall.vn\/en\/wp-json\/wp\/v2\/types\/product"}],"replies":[{"embeddable":true,"href":"https:\/\/havamall.vn\/en\/wp-json\/wp\/v2\/comments?post=30631"}],"version-history":[{"count":0,"href":"https:\/\/havamall.vn\/en\/wp-json\/wp\/v2\/product\/30631\/revisions"}],"wp:featuredmedia":[{"embeddable":true,"href":"https:\/\/havamall.vn\/en\/wp-json\/wp\/v2\/media\/30635"}],"wp:attachment":[{"href":"https:\/\/havamall.vn\/en\/wp-json\/wp\/v2\/media?parent=30631"}],"wp:term":[{"taxonomy":"product_brand","embeddable":true,"href":"https:\/\/havamall.vn\/en\/wp-json\/wp\/v2\/product_brand?post=30631"},{"taxonomy":"product_cat","embeddable":true,"href":"https:\/\/havamall.vn\/en\/wp-json\/wp\/v2\/product_cat?post=30631"},{"taxonomy":"product_tag","embeddable":true,"href":"https:\/\/havamall.vn\/en\/wp-json\/wp\/v2\/product_tag?post=30631"}],"curies":[{"name":"wp","href":"https:\/\/api.w.org\/{rel}","templated":true}]}}