{"id":30602,"date":"2023-02-23T14:05:52","date_gmt":"2023-02-23T07:05:52","guid":{"rendered":"https:\/\/havamall.vn\/?post_type=product&#038;p=30602"},"modified":"2025-04-21T17:00:54","modified_gmt":"2025-04-21T10:00:54","slug":"kem-bulla-creamy-vi-vani-va-mam-xoi-lai-hop-2-lit-ice-cream-vanila-boysenberry","status":"publish","type":"product","link":"https:\/\/havamall.vn\/en\/shop\/kem-bulla-creamy-vi-vani-va-mam-xoi-lai-hop-2-lit-ice-cream-vanila-boysenberry\/","title":{"rendered":"Kem Bulla Creamy V\u1ecb Vani V\u00e0 M\u00e2m X\u00f4i Lai H\u1ed9p 2 L\u00edt &#8211; Ice Cream Vanila &amp; Boysenberry"},"content":{"rendered":"<h3><\/h3>\n<h3 id=\"tw-target-text\" class=\"tw-data-text tw-text-large XcVN5d tw-ta\"><strong>TH\u00d4NG TIN CHUNG<\/strong><\/h3>\n<table>\n<tbody>\n<tr>\n<td>Th\u01b0\u01a1ng hi\u1ec7u<\/td>\n<td>Bulla Family Dairy<\/td>\n<\/tr>\n<tr>\n<td>Xu\u1ea5t x\u1ee9<\/td>\n<td>\u00dac<\/td>\n<\/tr>\n<tr>\n<td>Th\u00e0nh ph\u1ea7n<\/td>\n<td>S\u1eefa t\u01b0\u01a1i, kem t\u01b0\u01a1i, n\u01b0\u1edbc, b\u1ed9t m\u00ec, s\u1eefa r\u1eafn, m\u00e2m x\u00f4i lai,\u2026.<\/td>\n<\/tr>\n<tr>\n<td>H\u1ea1n s\u1eed d\u1ee5ng<\/td>\n<td>24 th\u00e1ng k\u1ec3 t\u1eeb ng\u00e0y s\u1ea3n xu\u1ea5t.<\/td>\n<\/tr>\n<tr>\n<td>B\u1ea3o qu\u1ea3n<\/td>\n<td>B\u1ea3o qu\u1ea3n \u0111\u00f4ng l\u1ea1nh<\/td>\n<\/tr>\n<tr>\n<td>Th\u1ec3 t\u00edch th\u1ef1c<\/td>\n<td>2l<\/td>\n<\/tr>\n<\/tbody>\n<\/table>\n<h3><strong>TH\u00d4NG TIN TH\u01af\u01a0NG HI\u1ec6U<\/strong><\/h3>\n<p>Bulla Dairy Foods l\u00e0 m\u1ed9t c\u00f4ng ty s\u1eefa c\u1ee7a \u00dac s\u1ea3n xu\u1ea5t nhi\u1ec1u lo\u1ea1i kem , kem \u0103n\u00a0, s\u1eefa chua , kem chua , pho m\u00e1t., v\u00e0 kem nh\u00e1i d\u01b0\u1edbi nhi\u1ec1u nh\u00e3n hi\u1ec7u kh\u00e1c nhau.C\u00e1c s\u1ea3n ph\u1ea9m c\u1ee7a Bulla Dairy Foods \u0111\u01b0\u1ee3c b\u00e1n t\u1ea1i nhi\u1ec1u c\u1eeda h\u00e0ng v\u00e0 si\u00eau th\u1ecb t\u1ea1p h\u00f3a tr\u00ean to\u00e0n qu\u1ed1c \u1edf \u00dac v\u00e0 qu\u1ed1c t\u1ebf. D\u00f2ng s\u1ea3n ph\u1ea9m s\u1eefa n\u00e0y bao g\u1ed3m Kem Classics, kem c\u00e2y, ph\u00f4 mai, yogurt.<\/p>\n<p><span class=\"Y2IQFc\" lang=\"vi\">K\u1ec3 t\u1eeb n\u0103m 1929, Bulla \u0111\u00e3 l\u00e0m ra m\u1ed9t s\u1ed1 lo\u1ea1i kem ngon nh\u1ea5t, ngon nh\u1ea5t, t\u1eebng \u0111o\u1ea1t gi\u1ea3i th\u01b0\u1edfng c\u1ee7a \u00dac t\u1ea1i nh\u00e0 m\u00e1y c\u1ee7a h\u1ecd tr\u00ean ph\u1ed1 Murray \u1edf Colac Victoria. N\u1eb1m \u1edf trung t\u00e2m c\u1ee7a m\u1ed9t trong nh\u1eefng v\u00f9ng ch\u0103n nu\u00f4i b\u00f2 s\u1eefa t\u1ed1t nh\u1ea5t c\u1ee7a \u00dac, Bulla l\u00e0m kem theo c\u00e1ch n\u00ean l\u00e0m, b\u1eb1ng s\u1eefa t\u01b0\u01a1i \u00dac, kem v\u00e0 6 th\u1ebf h\u1ec7 th\u1ee7 c\u00f4ng v\u00e0 b\u00ed quy\u1ebft.<\/span><\/p>\n<p><img fetchpriority=\"high\" decoding=\"async\" class=\"wp-image-30590 aligncenter\" src=\"https:\/\/havamall.com\/wp-content\/uploads\/2025\/04\/240527952_123021746758274_4441920855959397401_n-1-300x269.png\" alt=\"\" width=\"630\" height=\"565\" \/><\/p>\n<p>Kem Bulla Murray h\u01b0\u01a1ng vani v\u00e0 m\u00e2m x\u00f4i lai \u0111\u01b0\u1ee3c l\u00e0m t\u1eeb kem th\u1eadt, kem t\u01b0\u01a1i v\u00e0 s\u1eefa nguy\u00ean kem cho m\u1ed9t k\u1ebft c\u1ea5u kem m\u1ecbn v\u00e0 th\u01a1m ngon, tr\u1ed9n v\u1edbi qu\u1ea3 m\u00e2m x\u00f4i lai v\u00e0 vani. \u0110\u01b0\u1ee3c ch\u1ebf t\u00e1c theo c\u00e1ch truy\u1ec1n th\u1ed1ng c\u1ee7a Bulla.<\/p>\n<p><span class=\"Y2IQFc\" lang=\"vi\">Kem Bulla vani v\u00e0 m\u00e2m x\u00f4i lai \u0111\u01b0\u1ee3c l\u00e0m th\u1ee7 c\u00f4ng t\u1eeb s\u1eefa t\u01b0\u01a1i \u00dac, kem v\u00e0 l\u00f2ng \u0111\u1ecf tr\u1ee9ng g\u00e0.\u00a0<\/span>Bulla \u0111\u00e3 cho ra \u0111\u1eddi kem v\u1ecb th\u01a1m ngon \u0111\u1eb7c bi\u1ec7t m\u00e0 kh\u00f4ng 1 h\u00e3ng kem n\u00e0o c\u00f3 th\u1ec3 s\u00e1nh k\u1ecbp, b\u1ea1n s\u1ebd kh\u00f4ng th\u1ec3 c\u01b0\u1ee1ng l\u1ea1i \u0111\u01b0\u1ee3c nh\u1eefng th\u00eca kem m\u1ecbn m\u01b0\u1ee3t, kh\u00f4ng \u0111\u00f3ng \u0111\u00e1 tuy\u1ec7t v\u1eddi n\u00e0y. Khi \u0103n, kem tan ch\u1ea3y trong mi\u1ec7ng v\u1edbi m\u1ed9t\u00a0c\u1ea3m gi\u00e1c r\u1ea5t m\u00ea say.<\/p>\n<p><img decoding=\"async\" class=\"wp-image-30603 aligncenter\" src=\"https:\/\/havamall.com\/wp-content\/uploads\/2025\/04\/296887841_5426909710754956_2693660865412127095_n-copy-300x300.png\" alt=\"\" width=\"628\" height=\"628\" \/><\/p>\n<p>B\u1ed9 \u0111\u00f4i vani v\u00e0 m\u00e2m x\u00f4i lai l\u00e0 s\u1ef1 k\u1ebft h\u1ee3p tr\u00ean c\u1ea3 tuy\u1ec7t v\u1eddi v\u1ec1 h\u01b0\u01a1ng, v\u1ecb v\u00e0 th\u00e0nh ph\u1ea7n dinh d\u01b0\u1ee1ng. K\u1ebft qu\u1ea3 c\u1ee7a nh\u1eefng nghi\u00ean c\u1ee9u g\u1ea7n \u0111\u00e2y cho th\u1ea5y s\u00f4 c\u00f4 la c\u00f3 th\u00e0nh ph\u1ea7n ch\u1ed1ng oxy h\u00f3a cao, gi\u00fap gi\u1ea3m nguy c\u01a1 b\u1ec7nh tim m\u1ea1ch, \u0111\u1ed9t qu\u1ef5 v\u00e0 t\u0103ng c\u01b0\u1eddng ch\u1ee9c n\u0103ng nh\u1eadn th\u1ee9c, ghi nh\u1edb.<\/p>\n<p>Kem Bulla \u0111\u01b0\u1ee3c s\u1ea3n xu\u1ea5t t\u1eeb ngu\u1ed3n nguy\u00ean li\u1ec7u t\u01b0\u01a1i ngon, \u0111\u1ea3m b\u1ea3o ch\u1ea5t l\u01b0\u1ee3ng. V\u1ecb kem m\u00e1t l\u1ea1nh, k\u1ebft h\u1ee3p v\u1edbi v\u1ecb ng\u1ecdt d\u1ecbu c\u1ee7a vani v\u00e0 m\u00e2m x\u00f4i lai th\u01a1m m\u00e1t, mang l\u1ea1i s\u1ef1 ngon mi\u1ec7ng, s\u1ea3ng kho\u00e1i cho ng\u01b0\u1eddi th\u01b0\u1edfng th\u1ee9c.<\/p>\n<p><img decoding=\"async\" class=\"wp-image-20686 aligncenter\" src=\"https:\/\/havamall.com\/wp-content\/uploads\/2025\/04\/kem-2-300x300.png\" alt=\"\" width=\"635\" height=\"635\" \/><\/p>\n<p>Kem Bulla gi\u00fap cung c\u1ea5p n\u0103ng l\u01b0\u1ee3ng, vitamin, d\u01b0\u1ee1ng ch\u1ea5t c\u1ea7n thi\u1ebft cho c\u00e1c ho\u1ea1t \u0111\u1ed9ng h\u00e0ng ng\u00e0y, v\u1edbi h\u01b0\u01a1ng v\u1ecb m\u00e1t l\u1ea1nh c\u1ee7a kem mang l\u1ea1i cho b\u1ea1n c\u1ea3m gi\u00e1c th\u1eadt s\u1ea3ng kho\u00e1i m\u1ed7i khi th\u01b0\u1edfng th\u1ee9c.<\/p>\n<p><img loading=\"lazy\" decoding=\"async\" class=\"wp-image-30604 aligncenter\" src=\"https:\/\/havamall.com\/wp-content\/uploads\/2025\/04\/27798257_1626302740815691_702239261485434558_o-300x300.png\" alt=\"\" width=\"636\" height=\"636\" \/><\/p>","protected":false},"excerpt":{"rendered":"<p>TH\u00d4NG TIN CHUNG Th\u01b0\u01a1ng hi\u1ec7u Bulla Family Dairy Xu\u1ea5t x\u1ee9 \u00dac Th\u00e0nh ph\u1ea7n S\u1eefa t\u01b0\u01a1i, kem t\u01b0\u01a1i, n\u01b0\u1edbc, b\u1ed9t m\u00ec,<\/p>","protected":false},"featured_media":30605,"comment_status":"open","ping_status":"closed","template":"","meta":[],"product_brand":[],"product_cat":[684,275,36],"product_tag":[],"class_list":{"0":"post-30602","1":"product","2":"type-product","3":"status-publish","4":"has-post-thumbnail","6":"product_cat-kem-lanh","7":"product_cat-thuc-pham-dong-lanh","8":"product_cat-thuc-pham-tieu-dung","9":"pa_brand-bulla","11":"first","12":"instock","13":"sale","14":"shipping-taxable","15":"purchasable","16":"product-type-simple"},"_links":{"self":[{"href":"https:\/\/havamall.vn\/en\/wp-json\/wp\/v2\/product\/30602"}],"collection":[{"href":"https:\/\/havamall.vn\/en\/wp-json\/wp\/v2\/product"}],"about":[{"href":"https:\/\/havamall.vn\/en\/wp-json\/wp\/v2\/types\/product"}],"replies":[{"embeddable":true,"href":"https:\/\/havamall.vn\/en\/wp-json\/wp\/v2\/comments?post=30602"}],"version-history":[{"count":0,"href":"https:\/\/havamall.vn\/en\/wp-json\/wp\/v2\/product\/30602\/revisions"}],"wp:featuredmedia":[{"embeddable":true,"href":"https:\/\/havamall.vn\/en\/wp-json\/wp\/v2\/media\/30605"}],"wp:attachment":[{"href":"https:\/\/havamall.vn\/en\/wp-json\/wp\/v2\/media?parent=30602"}],"wp:term":[{"taxonomy":"product_brand","embeddable":true,"href":"https:\/\/havamall.vn\/en\/wp-json\/wp\/v2\/product_brand?post=30602"},{"taxonomy":"product_cat","embeddable":true,"href":"https:\/\/havamall.vn\/en\/wp-json\/wp\/v2\/product_cat?post=30602"},{"taxonomy":"product_tag","embeddable":true,"href":"https:\/\/havamall.vn\/en\/wp-json\/wp\/v2\/product_tag?post=30602"}],"curies":[{"name":"wp","href":"https:\/\/api.w.org\/{rel}","templated":true}]}}