{"id":30587,"date":"2023-02-23T11:51:35","date_gmt":"2023-02-23T04:51:35","guid":{"rendered":"https:\/\/havamall.vn\/?post_type=product&#038;p=30587"},"modified":"2026-01-23T16:20:00","modified_gmt":"2026-01-23T09:20:00","slug":"kem-bulla-creamy-3-vi-socola-vani-dau-tay-hop-2-lit-ice-cream-neapolitan","status":"publish","type":"product","link":"https:\/\/havamall.vn\/en\/shop\/kem-bulla-creamy-3-vi-socola-vani-dau-tay-hop-2-lit-ice-cream-neapolitan\/","title":{"rendered":"Kem Bulla Creamy 3 V\u1ecb (Socola, Vani, D\u00e2u T\u00e2y) H\u1ed9p 2 L\u00edt &#8211; Ice Cream Neapolitan"},"content":{"rendered":"<h2><\/h2>\n<h2><strong>TH\u00d4NG TIN CHUNG<\/strong><\/h2>\n<table>\n<tbody>\n<tr>\n<td>Th\u01b0\u01a1ng hi\u1ec7u<\/td>\n<td>Bulla Family Dairy<\/td>\n<\/tr>\n<tr>\n<td>Xu\u1ea5t x\u1ee9<\/td>\n<td>\u00dac<\/td>\n<\/tr>\n<tr>\n<td>Th\u00e0nh ph\u1ea7n<\/td>\n<td>S\u1eefa t\u01b0\u01a1i, kem t\u01b0\u01a1i, n\u01b0\u1edbc, b\u1ed9t m\u00ec, s\u1eefa r\u1eafn\u2026.<\/td>\n<\/tr>\n<tr>\n<td>H\u1ea1n s\u1eed d\u1ee5ng<\/td>\n<td>24 th\u00e1ng k\u1ec3 t\u1eeb ng\u00e0y s\u1ea3n xu\u1ea5t.<\/td>\n<\/tr>\n<tr>\n<td>B\u1ea3o qu\u1ea3n<\/td>\n<td>B\u1ea3o qu\u1ea3n \u0111\u00f4ng l\u1ea1nh<\/td>\n<\/tr>\n<tr>\n<td>Th\u1ec3 t\u00edch th\u1ef1c<\/td>\n<td>2L<\/td>\n<\/tr>\n<\/tbody>\n<\/table>\n<h2><strong>TH\u00d4NG TIN TH\u01af\u01a0NG HI\u1ec6U<\/strong><\/h2>\n<p>Bulla Dairy Foods l\u00e0 m\u1ed9t c\u00f4ng ty s\u1eefa c\u1ee7a \u00dac s\u1ea3n xu\u1ea5t nhi\u1ec1u lo\u1ea1i kem , kem \u0103n\u00a0, s\u1eefa chua , kem chua , pho m\u00e1t., v\u00e0 kem nh\u00e1i d\u01b0\u1edbi nhi\u1ec1u nh\u00e3n hi\u1ec7u kh\u00e1c nhau.C\u00e1c s\u1ea3n ph\u1ea9m c\u1ee7a Bulla Dairy Foods \u0111\u01b0\u1ee3c b\u00e1n t\u1ea1i nhi\u1ec1u c\u1eeda h\u00e0ng v\u00e0 si\u00eau th\u1ecb t\u1ea1p h\u00f3a tr\u00ean to\u00e0n qu\u1ed1c \u1edf \u00dac v\u00e0 qu\u1ed1c t\u1ebf. D\u00f2ng s\u1ea3n ph\u1ea9m s\u1eefa n\u00e0y bao g\u1ed3m Kem Classics, kem c\u00e2y, ph\u00f4 mai, yogurt.<\/p>\n<p><span class=\"Y2IQFc\" lang=\"vi\">K\u1ec3 t\u1eeb n\u0103m 1929, Bulla \u0111\u00e3 l\u00e0m ra m\u1ed9t s\u1ed1 lo\u1ea1i kem ngon nh\u1ea5t, ngon nh\u1ea5t, t\u1eebng \u0111o\u1ea1t gi\u1ea3i th\u01b0\u1edfng c\u1ee7a \u00dac t\u1ea1i nh\u00e0 m\u00e1y c\u1ee7a h\u1ecd tr\u00ean ph\u1ed1 Murray \u1edf Colac Victoria. N\u1eb1m \u1edf trung t\u00e2m c\u1ee7a m\u1ed9t trong nh\u1eefng v\u00f9ng ch\u0103n nu\u00f4i b\u00f2 s\u1eefa t\u1ed1t nh\u1ea5t c\u1ee7a \u00dac, Bulla l\u00e0m kem theo c\u00e1ch n\u00ean l\u00e0m, b\u1eb1ng s\u1eefa t\u01b0\u01a1i \u00dac, kem v\u00e0 6 th\u1ebf h\u1ec7 th\u1ee7 c\u00f4ng v\u00e0 b\u00ed quy\u1ebft.<\/span><\/p>\n<p><img fetchpriority=\"high\" decoding=\"async\" class=\"wp-image-30590 aligncenter\" src=\"https:\/\/havamall.com\/wp-content\/uploads\/2025\/04\/240527952_123021746758274_4441920855959397401_n-1-300x269.png\" alt=\"\" width=\"618\" height=\"555\" \/><\/p>\n<h2><strong>KEM BULLA CREAMY 3 V\u1eca (SOCOLA, VANI, D\u00c2U T\u00c2Y)<\/strong><\/h2>\n<p>Bulla \u0111\u00e3 cho ra \u0111\u1eddi kem h\u1ed7n h\u1ee3p 3 v\u1ecb th\u01a1m ngon \u0111\u1eb7c bi\u1ec7t m\u00e0 kh\u00f4ng 1 h\u00e3ng kem n\u00e0o c\u00f3 th\u1ec3 s\u00e1nh k\u1ecbp, b\u1ea1n s\u1ebd kh\u00f4ng th\u1ec3 c\u01b0\u1ee1ng l\u1ea1i \u0111\u01b0\u1ee3c nh\u1eefng th\u00eca kem m\u1ecbn m\u01b0\u1ee3t, kh\u00f4ng \u0111\u00f3ng \u0111\u00e1 tuy\u1ec7t v\u1eddi n\u00e0y. Khi \u0103n, kem tan ch\u1ea3y trong mi\u1ec7ng v\u1edbi m\u1ed9t\u00a0c\u1ea3m gi\u00e1c r\u1ea5t m\u00ea say.<\/p>\n<p><img decoding=\"async\" class=\"wp-image-30591 aligncenter\" src=\"https:\/\/havamall.com\/wp-content\/uploads\/2025\/04\/278841133_165079825885799_8110048239600956110_n-259x300.png\" alt=\"\" width=\"615\" height=\"712\" \/><\/p>\n<p>V\u1ecb kem Bulla m\u00e1t l\u1ea1nh, xua tan c\u01a1n n\u00f3ng b\u1ee9c v\u00e0 mang \u0111\u1ebfn c\u1ea3m gi\u00e1c s\u1ea3ng kho\u00e1i cho ng\u01b0\u1eddi d\u00f9ng. Kem h\u1ed9p socola vani d\u00e2u Bulla 3 trong 1 v\u1edbi v\u1ecb kem d\u00e2u thanh thanh, vani th\u01a1m b\u00e9o v\u00e0 socola ng\u1ecdt ng\u00e0o, gi\u00fap ng\u01b0\u1eddi d\u00f9ng s\u1ea3ng kho\u00e1i ngay t\u1eeb l\u1ea7n \u0111\u1ea7u ti\u00ean.<\/p>\n<p>Kem Bulla Creamy 3 v\u1ecb gi\u00fap cung c\u1ea5p n\u0103ng l\u01b0\u1ee3ng, vitamin, d\u01b0\u1ee1ng ch\u1ea5t c\u1ea7n thi\u1ebft cho c\u00e1c ho\u1ea1t \u0111\u1ed9ng h\u00e0ng ng\u00e0y, v\u1edbi h\u01b0\u01a1ng v\u1ecb m\u00e1t l\u1ea1nh c\u1ee7a kem mang l\u1ea1i cho b\u1ea1n c\u1ea3m gi\u00e1c th\u1eadt s\u1ea3ng kho\u00e1i m\u1ed7i khi th\u01b0\u1edfng th\u1ee9c.<\/p>\n<p><img decoding=\"async\" class=\"wp-image-30584 aligncenter\" src=\"https:\/\/havamall.com\/wp-content\/uploads\/2025\/04\/36978282_1786855724760391_5222172098650177536_n-300x300.png\" alt=\"\" width=\"624\" height=\"624\" \/><\/p>\n<p>S\u1ea3n ph\u1ea9m \u0111\u01b0\u1ee3c s\u1ea3n xu\u1ea5t theo d\u00e2y chuy\u1ec1n c\u00f4ng ngh\u1ec7 hi\u1ec7n \u0111\u1ea1i c\u1ee7a \u00dac v\u1edbi quy tr\u00ecnh ki\u1ec3m \u0111\u1ecbnh ch\u1ea5t l\u01b0\u1ee3ng nghi\u00eam ng\u1eb7t.\u00a0Kem Bulla Creamy 3 v\u1ecb 2 l\u00edt \u0111\u01b0\u1ee3c thi\u1ebft k\u1ebf v\u00e0 \u0111\u00f3ng g\u00f3i nh\u1ecf g\u1ecdn, ti\u1ec7n l\u1ee3i cho b\u1ea1n s\u1eed d\u1ee5ng c\u0169ng nh\u01b0 b\u1ea3o qu\u1ea3n.<\/p>\n<p><img loading=\"lazy\" decoding=\"async\" class=\"wp-image-30594 aligncenter\" src=\"https:\/\/havamall.com\/wp-content\/uploads\/2025\/04\/126057447_3574547849324494_7217465952026335550_n-300x250.png\" alt=\"\" width=\"631\" height=\"526\" \/><\/p>","protected":false},"excerpt":{"rendered":"<p>TH\u00d4NG TIN CHUNG Th\u01b0\u01a1ng hi\u1ec7u Bulla Family Dairy Xu\u1ea5t x\u1ee9 \u00dac Th\u00e0nh ph\u1ea7n S\u1eefa t\u01b0\u01a1i, kem t\u01b0\u01a1i, n\u01b0\u1edbc, b\u1ed9t m\u00ec,<\/p>","protected":false},"featured_media":30589,"comment_status":"open","ping_status":"closed","template":"","meta":[],"product_brand":[],"product_cat":[684,275,36],"product_tag":[],"class_list":{"0":"post-30587","1":"product","2":"type-product","3":"status-publish","4":"has-post-thumbnail","6":"product_cat-kem-lanh","7":"product_cat-thuc-pham-dong-lanh","8":"product_cat-thuc-pham-tieu-dung","9":"pa_brand-bulla","11":"first","12":"outofstock","13":"sale","14":"shipping-taxable","15":"purchasable","16":"product-type-simple"},"_links":{"self":[{"href":"https:\/\/havamall.vn\/en\/wp-json\/wp\/v2\/product\/30587"}],"collection":[{"href":"https:\/\/havamall.vn\/en\/wp-json\/wp\/v2\/product"}],"about":[{"href":"https:\/\/havamall.vn\/en\/wp-json\/wp\/v2\/types\/product"}],"replies":[{"embeddable":true,"href":"https:\/\/havamall.vn\/en\/wp-json\/wp\/v2\/comments?post=30587"}],"version-history":[{"count":0,"href":"https:\/\/havamall.vn\/en\/wp-json\/wp\/v2\/product\/30587\/revisions"}],"wp:featuredmedia":[{"embeddable":true,"href":"https:\/\/havamall.vn\/en\/wp-json\/wp\/v2\/media\/30589"}],"wp:attachment":[{"href":"https:\/\/havamall.vn\/en\/wp-json\/wp\/v2\/media?parent=30587"}],"wp:term":[{"taxonomy":"product_brand","embeddable":true,"href":"https:\/\/havamall.vn\/en\/wp-json\/wp\/v2\/product_brand?post=30587"},{"taxonomy":"product_cat","embeddable":true,"href":"https:\/\/havamall.vn\/en\/wp-json\/wp\/v2\/product_cat?post=30587"},{"taxonomy":"product_tag","embeddable":true,"href":"https:\/\/havamall.vn\/en\/wp-json\/wp\/v2\/product_tag?post=30587"}],"curies":[{"name":"wp","href":"https:\/\/api.w.org\/{rel}","templated":true}]}}