{"id":30571,"date":"2023-02-23T14:39:52","date_gmt":"2023-02-23T07:39:52","guid":{"rendered":"https:\/\/havamall.vn\/?post_type=product&#038;p=30571"},"modified":"2023-09-23T17:13:09","modified_gmt":"2023-09-23T10:13:09","slug":"gia-do-ke-go-4-tru-dung-de-may-staresso-mirage-phin-pheu-pour-over-bang-go-tu-nhien","status":"publish","type":"product","link":"https:\/\/havamall.vn\/en\/shop\/gia-do-ke-go-4-tru-dung-de-may-staresso-mirage-phin-pheu-pour-over-bang-go-tu-nhien\/","title":{"rendered":"Gi\u00e1 \u0111\u1ee1\/ K\u1ec7 g\u1ed7 4 Tr\u1ee5 D\u00f9ng \u0111\u1ec3 M\u00c1Y STARESSO MIRAGE, PHIN, PH\u1ec4U POUR OVER B\u1eb1ng G\u1ed7 T\u1ef1 Nhi\u00ean"},"content":{"rendered":"<p>Gi\u00e1 \u0111\u1ee1 pha c\u00e0 ph\u00ea \u0111\u01b0\u1ee3c l\u00e0m t\u1eeb g\u1ed7 th\u1ecbt t\u1ef1 nhi\u00ean k\u1ebft h\u1ee3p v\u1edbi 4 l\u1edbp b\u1ea3o v\u1ec7 gi\u00fap ch\u1ed1ng th\u1ea5m n\u01b0\u1edbc v\u00e0 an to\u00e0n trong c\u00e1c \u0111\u1ed3 d\u00f9ng cho th\u1ef1c ph\u1ea9m. S\u1ea3n ph\u1ea9m kh\u00f4ng b\u1ecb th\u1ea5m n\u01b0\u1edbc n\u00ean c\u00f3 th\u1ec3 d\u1ec5 d\u00e0ng lau b\u1eb1ng kh\u0103n \u01b0\u1edbt khi b\u1ecb r\u1edbt c\u00e0 ph\u00ea.<\/p>\n<p>S\u1ea3n ph\u1ea9m h\u00ecnh th\u1ee9c b\u1eaft m\u1eaft ch\u1ea5t li\u1ec7u g\u1ed7 sang tr\u1ecdng v\u00e0 an to\u00e0n th\u1ef1c ph\u1ea9m, gi\u00fap thu\u1eadn ti\u1ec7n h\u01a1n trong qu\u00e1 tr\u00ecnh pha ch\u1ebf ho\u1eb7c c\u00f3 th\u1ec3 l\u00e0m v\u1eadt d\u1ee5ng trang tr\u00ed.<\/p>\n<p>L\u00e0 m\u1ed9t chi\u1ebfc k\u1ec7 nh\u1ecf g\u1ecdn nh\u01b0ng ch\u1eafc ch\u1eafn, an to\u00e0n khi s\u1eed d\u1ee5ng. N\u00ean b\u1ea1n c\u00f3 th\u1ec3 d\u1ec5 d\u00e0ng mang \u0111i. D\u00f9 \u0111i l\u00e0m, \u0111i picnic hay \u0111i du l\u1ecbch,\u2026 b\u1ea1n \u0111\u1ec1u c\u00f3 th\u1ec3 mang theo \u0111\u1ec3 ti\u1ec7n l\u1ee3i cho vi\u1ec7c pha ch\u1ebf c\u1ee7a b\u1ea1n.<\/p>\n<p><img fetchpriority=\"high\" decoding=\"async\" class=\"wp-image-30606 aligncenter\" src=\"https:\/\/havamall.vn\/wp-content\/uploads\/2023\/02\/z4130935046548_eb72605b9d9097a3edb60c27b8ed6105-1-294x300.jpg\" alt=\"\" width=\"598\" height=\"610\" srcset=\"https:\/\/havamall.vn\/wp-content\/uploads\/2023\/02\/z4130935046548_eb72605b9d9097a3edb60c27b8ed6105-1-294x300.jpg 294w, https:\/\/havamall.vn\/wp-content\/uploads\/2023\/02\/z4130935046548_eb72605b9d9097a3edb60c27b8ed6105-1-430x438.jpg 430w, https:\/\/havamall.vn\/wp-content\/uploads\/2023\/02\/z4130935046548_eb72605b9d9097a3edb60c27b8ed6105-1-150x153.jpg 150w, https:\/\/havamall.vn\/wp-content\/uploads\/2023\/02\/z4130935046548_eb72605b9d9097a3edb60c27b8ed6105-1-700x713.jpg 700w, https:\/\/havamall.vn\/wp-content\/uploads\/2023\/02\/z4130935046548_eb72605b9d9097a3edb60c27b8ed6105-1-768x783.jpg 768w, https:\/\/havamall.vn\/wp-content\/uploads\/2023\/02\/z4130935046548_eb72605b9d9097a3edb60c27b8ed6105-1-1005x1024.jpg 1005w, https:\/\/havamall.vn\/wp-content\/uploads\/2023\/02\/z4130935046548_eb72605b9d9097a3edb60c27b8ed6105-1-1200x1223.jpg 1200w, https:\/\/havamall.vn\/wp-content\/uploads\/2023\/02\/z4130935046548_eb72605b9d9097a3edb60c27b8ed6105-1-600x612.jpg 600w, https:\/\/havamall.vn\/wp-content\/uploads\/2023\/02\/z4130935046548_eb72605b9d9097a3edb60c27b8ed6105-1.jpg 1299w\" sizes=\"(max-width: 598px) 100vw, 598px\" \/><\/p>\n<h2><strong>C\u00f4ng d\u1ee5ng:<\/strong><\/h2>\n<p>\u2013 T\u00e1ch bi\u1ec7t gi\u1eefa phi\u1ec5u l\u1ecdc v\u00e0 b\u00ecnh \u0111\u1ef1ng gi\u00fap h\u1ea1n ch\u1ebf m\u00f9i kh\u00f3i trong qu\u00e1 tr\u00ecnh pha<\/p>\n<p>\u2013 Ki\u1ec3m so\u00e1t ch\u00ednh x\u00e1c t\u1ef7 l\u1ec7 n\u01b0\u1edbc v\u00e0 c\u00e0 ph\u00ea trong m\u1ecdi tr\u01b0\u1eddng h\u1ee3p<\/p>\n<p>\u2013 Trang tr\u00ed b\u00e0n l\u00e0m vi\u1ec7c, ph\u00f2ng b\u1ebfp.<\/p>\n<p><img decoding=\"async\" class=\"wp-image-30607 aligncenter\" src=\"https:\/\/havamall.vn\/wp-content\/uploads\/2023\/02\/z4130935155551_65a0ca8d55013868a4a7ae14698b7273-2-294x300.jpg\" alt=\"\" width=\"598\" height=\"611\" srcset=\"https:\/\/havamall.vn\/wp-content\/uploads\/2023\/02\/z4130935155551_65a0ca8d55013868a4a7ae14698b7273-2-294x300.jpg 294w, https:\/\/havamall.vn\/wp-content\/uploads\/2023\/02\/z4130935155551_65a0ca8d55013868a4a7ae14698b7273-2-430x438.jpg 430w, https:\/\/havamall.vn\/wp-content\/uploads\/2023\/02\/z4130935155551_65a0ca8d55013868a4a7ae14698b7273-2-150x153.jpg 150w, https:\/\/havamall.vn\/wp-content\/uploads\/2023\/02\/z4130935155551_65a0ca8d55013868a4a7ae14698b7273-2-768x783.jpg 768w, https:\/\/havamall.vn\/wp-content\/uploads\/2023\/02\/z4130935155551_65a0ca8d55013868a4a7ae14698b7273-2-600x612.jpg 600w, https:\/\/havamall.vn\/wp-content\/uploads\/2023\/02\/z4130935155551_65a0ca8d55013868a4a7ae14698b7273-2.jpg 1299w\" sizes=\"(max-width: 598px) 100vw, 598px\" \/><\/p>\n<h2><strong>\u0110\u1eb7c \u0111i\u1ec3m n\u1ed5i b\u1eadt:<\/strong><\/h2>\n<p>\u2013 S\u1ea3n ph\u1ea9m \u0111\u01b0\u1ee3c l\u00e0m t\u1eeb g\u1ed7 t\u1ef1 nhi\u00ean.<\/p>\n<p>\u2013 B\u1ec1 m\u1eb7t trong ngo\u00e0i \u0111\u01b0\u1ee3c x\u1eed l\u00fd nh\u1eb5n b\u00f3ng, d\u1ec5 d\u00e0ng v\u1ec7 sinh khi s\u1eed d\u1ee5ng.<\/p>\n<p>\u2013 S\u1ea3n ph\u1ea9m ch\u1ecbu \u0111\u01b0\u1ee3c n\u00f3ng l\u1ea1nh (tr\u1eeb nhi\u1ec7t \u0111\u1ed9 qu\u00e1 cao).<\/p>\n<p><img decoding=\"async\" class=\"wp-image-30608 aligncenter\" src=\"https:\/\/havamall.vn\/wp-content\/uploads\/2023\/02\/z4130935008036_1051891a62918919856fe48e3dd97509-1-294x300.jpg\" alt=\"\" width=\"594\" height=\"606\" srcset=\"https:\/\/havamall.vn\/wp-content\/uploads\/2023\/02\/z4130935008036_1051891a62918919856fe48e3dd97509-1-294x300.jpg 294w, https:\/\/havamall.vn\/wp-content\/uploads\/2023\/02\/z4130935008036_1051891a62918919856fe48e3dd97509-1-430x438.jpg 430w, https:\/\/havamall.vn\/wp-content\/uploads\/2023\/02\/z4130935008036_1051891a62918919856fe48e3dd97509-1-150x153.jpg 150w, https:\/\/havamall.vn\/wp-content\/uploads\/2023\/02\/z4130935008036_1051891a62918919856fe48e3dd97509-1-700x713.jpg 700w, https:\/\/havamall.vn\/wp-content\/uploads\/2023\/02\/z4130935008036_1051891a62918919856fe48e3dd97509-1-768x783.jpg 768w, https:\/\/havamall.vn\/wp-content\/uploads\/2023\/02\/z4130935008036_1051891a62918919856fe48e3dd97509-1-1005x1024.jpg 1005w, https:\/\/havamall.vn\/wp-content\/uploads\/2023\/02\/z4130935008036_1051891a62918919856fe48e3dd97509-1-1200x1223.jpg 1200w, https:\/\/havamall.vn\/wp-content\/uploads\/2023\/02\/z4130935008036_1051891a62918919856fe48e3dd97509-1-600x612.jpg 600w, https:\/\/havamall.vn\/wp-content\/uploads\/2023\/02\/z4130935008036_1051891a62918919856fe48e3dd97509-1.jpg 1299w\" sizes=\"(max-width: 594px) 100vw, 594px\" \/><\/p>\n<h2><strong>H\u01b0\u1edbng d\u1eabn s\u1eed d\u1ee5ng v\u00e0 b\u1ea3o qu\u1ea3n:<\/strong><\/h2>\n<p>\u2013 R\u1eeda s\u1ea1ch ngay sau khi d\u00f9ng, h\u1ea1n ch\u1ebf ng\u00e2m n\u01b0\u1edbc l\u00e2u<\/p>\n<p>\u2013 Kh\u00f4ng ch\u00e0 x\u00e1t s\u1ea3n ph\u1ea9m v\u1edbi v\u1eadt c\u1ee9ng \u0111\u1ec3 tr\u00e1nh tr\u1ea7y x\u01b0\u1edbc<\/p>\n<p>\u2013 Kh\u00f4ng d\u00f9ng trong l\u00f2 vi s\u00f3ng ho\u1eb7c m\u00e1y r\u1eeda ch\u00e9n<\/p>\n<p>\u2013 \u0110\u1ec3 gi\u1eef \u0111\u1ed9 b\u00f3ng v\u00e0 b\u1ec1n cho s\u1ea3n ph\u1ea9m, h\u00e3y lau th\u1eadt kh\u00f4 b\u1eb1ng kh\u0103n m\u1ec1m.<\/p>","protected":false},"excerpt":{"rendered":"<p>Gi\u00e1 \u0111\u1ee1 pha c\u00e0 ph\u00ea \u0111\u01b0\u1ee3c l\u00e0m t\u1eeb g\u1ed7 th\u1ecbt t\u1ef1 nhi\u00ean k\u1ebft h\u1ee3p v\u1edbi 4 l\u1edbp b\u1ea3o v\u1ec7 gi\u00fap<\/p>","protected":false},"featured_media":30609,"comment_status":"open","ping_status":"closed","template":"","meta":[],"product_brand":[],"product_cat":[393,35],"product_tag":[],"class_list":{"0":"post-30571","1":"product","2":"type-product","3":"status-publish","4":"has-post-thumbnail","6":"product_cat-bep-phong-an","7":"product_cat-nha-cua-doi-song","9":"first","10":"instock","11":"sale","12":"shipping-taxable","13":"purchasable","14":"product-type-variable"},"_links":{"self":[{"href":"https:\/\/havamall.vn\/en\/wp-json\/wp\/v2\/product\/30571"}],"collection":[{"href":"https:\/\/havamall.vn\/en\/wp-json\/wp\/v2\/product"}],"about":[{"href":"https:\/\/havamall.vn\/en\/wp-json\/wp\/v2\/types\/product"}],"replies":[{"embeddable":true,"href":"https:\/\/havamall.vn\/en\/wp-json\/wp\/v2\/comments?post=30571"}],"version-history":[{"count":0,"href":"https:\/\/havamall.vn\/en\/wp-json\/wp\/v2\/product\/30571\/revisions"}],"wp:featuredmedia":[{"embeddable":true,"href":"https:\/\/havamall.vn\/en\/wp-json\/wp\/v2\/media\/30609"}],"wp:attachment":[{"href":"https:\/\/havamall.vn\/en\/wp-json\/wp\/v2\/media?parent=30571"}],"wp:term":[{"taxonomy":"product_brand","embeddable":true,"href":"https:\/\/havamall.vn\/en\/wp-json\/wp\/v2\/product_brand?post=30571"},{"taxonomy":"product_cat","embeddable":true,"href":"https:\/\/havamall.vn\/en\/wp-json\/wp\/v2\/product_cat?post=30571"},{"taxonomy":"product_tag","embeddable":true,"href":"https:\/\/havamall.vn\/en\/wp-json\/wp\/v2\/product_tag?post=30571"}],"curies":[{"name":"wp","href":"https:\/\/api.w.org\/{rel}","templated":true}]}}