{"id":30549,"date":"2023-02-21T10:16:36","date_gmt":"2023-02-21T03:16:36","guid":{"rendered":"https:\/\/havamall.vn\/?post_type=product&#038;p=30549"},"modified":"2023-02-21T11:33:05","modified_gmt":"2023-02-21T04:33:05","slug":"cot-lau-cay-haidilao-spicy-hot-pot-sauce-220g","status":"publish","type":"product","link":"https:\/\/havamall.vn\/en\/shop\/cot-lau-cay-haidilao-spicy-hot-pot-sauce-220g\/","title":{"rendered":"C\u1ed1t L\u1ea9u Cay Haidilao &#8211; Spicy Hot Pot Sauce 220g"},"content":{"rendered":"<h2><\/h2>\n<h2><strong>TH\u00d4NG TIN CHUNG<\/strong><\/h2>\n<div>\n<table border=\"2\">\n<tbody>\n<tr>\n<td><strong>Th\u01b0\u01a1ng hi\u1ec7u<\/strong><\/td>\n<td>Haidilao<\/td>\n<\/tr>\n<tr>\n<td><strong>Xu\u1ea5t x\u1ee9<\/strong><\/td>\n<td>Malaysia<\/td>\n<\/tr>\n<tr>\n<td><strong>Th\u00e0nh ph\u1ea7n<\/strong><\/td>\n<td>M\u1ee1 b\u00f2 \u0103n \u0111\u01b0\u1ee3c, d\u1ea7u th\u1ef1c v\u1eadt, d\u1ea7u \u0111\u1eadu n\u00e0nh \u0111\u1ecf douban (\u1edbt, \u0111\u1eadu t\u1eb1m, d\u1ea7u th\u1ef1c v\u1eadt, mu\u1ed1i \u0103n, b\u1ed9t m\u00ec, h\u01b0\u01a1ng li\u1ec7u, gia v\u1ecb, axit sorbic), n\u01b0\u1edbc, b\u1ed9t ng\u1ecdt, h\u1ea1t ti\u00eau T\u1ee9 Xuy\u00ean, \u0111\u1eadu t\u1eb1m, \u1edbt, tempeh (t\u01b0\u01a1ng n\u00e9n), mu\u1ed1i \u0103n, h\u00e0nh l\u00e1, ti\u00eau, g\u1eebng ng\u00e2m, \u1edbt ng\u00e2m, gia v\u1ecb b\u00f2, gia v\u1ecb g\u00e0 (g\u00e0, m\u1ee1 g\u00e0, mu\u1ed1i, gia v\u1ecb, axit xitric), r\u01b0\u1ee3u, \u0111\u01b0\u1eddng,\u2026.<\/td>\n<\/tr>\n<tr>\n<td><strong>Quy c\u00e1ch<\/strong><\/td>\n<td>G\u00f3i 220g<\/td>\n<\/tr>\n<tr>\n<td><strong>B\u1ea3o qu\u1ea3n<\/strong><\/td>\n<td>N\u01a1i kh\u00f4 r\u00e1o, tho\u00e1ng m\u00e1t v\u00e0 tr\u00e1nh \u00e1nh n\u1eafng m\u1eb7t tr\u1eddi<\/td>\n<\/tr>\n<tr>\n<td><strong>H\u1ea1n s\u1eed d\u1ee5ng<\/strong><\/td>\n<td>Xem tr\u1ef1c ti\u1ebfp tr\u00ean bao b\u00ec s\u1ea3n ph\u1ea9m.\u00a0N\u00ean d\u00f9ng trong v\u00f2ng 1 tu\u1ea7n sau khi b\u00f3c s\u1ea3n ph\u1ea9m<\/td>\n<\/tr>\n<\/tbody>\n<\/table>\n<\/div>\n<p>Cay h\u00edt h\u00e0, cay t\u00ea x\u00e9 l\u01b0\u1ee1i v\u00e0 n\u00f3ng r\u00e2m ran ch\u00ednh l\u00e0 nh\u1eefng c\u1ea3m gi\u00e1c m\u00e0 gia v\u1ecb cay Haidilao mang l\u1ea1i cho th\u1ef1c kh\u00e1ch qua c\u00e1c m\u00f3n \u0103n nh\u01b0\u00a0l\u1ea9u cay mala,\u00a0l\u1ea9u b\u00f2 cay, \u0111\u1eadu ph\u1ee5 s\u1ed1t cay,&#8230;.Gi\u1edd \u0111\u00e2y, b\u1ea1n c\u0169ng c\u00f3 th\u1ec3 th\u01b0\u1edfng th\u1ee9c \u0111\u01b0\u1ee3c m\u00f9i v\u1ecb cay \u0111\u1eb7c bi\u1ec7t chu\u1ea9n h\u01b0\u01a1ng v\u1ecb b\u1ea3n x\u1ee9 n\u00e0y c\u00f9ng v\u1edbi g\u00f3i\u00a0<strong>Gia v\u1ecb\u00a0c\u1ed1t l\u1ea9u cay Haidilao 220g.<\/strong><\/p>\n<p><img fetchpriority=\"high\" decoding=\"async\" class=\"wp-image-30551 aligncenter\" src=\"https:\/\/havamall.vn\/wp-content\/uploads\/2023\/02\/maxresdefault-1-300x169.png\" alt=\"\" width=\"599\" height=\"337\" srcset=\"https:\/\/havamall.vn\/wp-content\/uploads\/2023\/02\/maxresdefault-1-300x169.png 300w, https:\/\/havamall.vn\/wp-content\/uploads\/2023\/02\/maxresdefault-1-430x242.png 430w, https:\/\/havamall.vn\/wp-content\/uploads\/2023\/02\/maxresdefault-1-150x84.png 150w, https:\/\/havamall.vn\/wp-content\/uploads\/2023\/02\/maxresdefault-1-700x394.png 700w, https:\/\/havamall.vn\/wp-content\/uploads\/2023\/02\/maxresdefault-1-768x432.png 768w, https:\/\/havamall.vn\/wp-content\/uploads\/2023\/02\/maxresdefault-1-1024x576.png 1024w, https:\/\/havamall.vn\/wp-content\/uploads\/2023\/02\/maxresdefault-1-1200x675.png 1200w, https:\/\/havamall.vn\/wp-content\/uploads\/2023\/02\/maxresdefault-1-600x338.png 600w, https:\/\/havamall.vn\/wp-content\/uploads\/2023\/02\/maxresdefault-1.png 1280w\" sizes=\"(max-width: 599px) 100vw, 599px\" \/><\/p>\n<p>\u0110\u1eb7c bi\u1ec7t \u0111\u1ec3 t\u1ea1o \u0111\u1ed9 cay t\u00ea x\u00e9 l\u01b0\u1ee1i nh\u01b0 \u0111\u00e1nh gi\u00e1, ng\u01b0\u1eddi ta c\u00f2n cho v\u00e0o h\u1ea1t ti\u00eau T\u1ee9 Xuy\u00ean n\u1ed5i ti\u1ebfng t\u1ea1o v\u1ecb cay t\u00ea khi \u0111\u01b0\u1ee3c n\u1ea5u trong d\u1ea7u v\u00e0 \u1edbt, g\u00e2y k\u00edch th\u00edch v\u1ecb gi\u00e1c, c\u00e0ng l\u00e0m t\u0103ng th\u00eam s\u1ef1 h\u1ea5p d\u1eabn cho m\u00f3n \u0103n. G\u1eafp t\u1eebng mi\u1ebfng th\u1ecbt b\u00f2 nh\u00fang l\u1ea9u r\u1ed3i cho v\u00e0o mi\u1ec7ng, b\u1ea1n s\u1ebd c\u1ea3m nh\u1eadn \u0111\u01b0\u1ee3c ngay v\u1ecb m\u1ec1m ng\u1ecdt c\u1ee7a th\u1ecbt h\u00f2a c\u00f9ng \u0111\u1ed9 cay n\u1ed3ng n\u00e0n c\u1ee7a n\u01b0\u1edbc l\u1ea9u ch\u1eafc ch\u1eafn s\u1ebd khi\u1ebfn b\u1ea1n b\u1ecb cu\u1ed1n m\u00ea.<\/p>\n<p><img decoding=\"async\" class=\"wp-image-30552 aligncenter\" src=\"https:\/\/havamall.vn\/wp-content\/uploads\/2023\/02\/81YUntlLHL-244x300.png\" alt=\"\" width=\"602\" height=\"740\" srcset=\"https:\/\/havamall.vn\/wp-content\/uploads\/2023\/02\/81YUntlLHL-244x300.png 244w, https:\/\/havamall.vn\/wp-content\/uploads\/2023\/02\/81YUntlLHL-430x528.png 430w, https:\/\/havamall.vn\/wp-content\/uploads\/2023\/02\/81YUntlLHL-150x184.png 150w, https:\/\/havamall.vn\/wp-content\/uploads\/2023\/02\/81YUntlLHL-700x860.png 700w, https:\/\/havamall.vn\/wp-content\/uploads\/2023\/02\/81YUntlLHL-768x943.png 768w, https:\/\/havamall.vn\/wp-content\/uploads\/2023\/02\/81YUntlLHL-834x1024.png 834w, https:\/\/havamall.vn\/wp-content\/uploads\/2023\/02\/81YUntlLHL-1200x1474.png 1200w, https:\/\/havamall.vn\/wp-content\/uploads\/2023\/02\/81YUntlLHL-600x737.png 600w, https:\/\/havamall.vn\/wp-content\/uploads\/2023\/02\/81YUntlLHL.png 1707w\" sizes=\"(max-width: 602px) 100vw, 602px\" \/><\/p>\n<p>S\u1ea3n ph\u1ea9m \u0111\u00f3ng g\u00f3i 220g c\u00f3 th\u1ec3 n\u1ea5u \u0111\u01b0\u1ee3c ph\u1ea7n l\u1ea9u t\u1eeb 3-4 ng\u01b0\u1eddi. Ngo\u00e0i ra, c\u00f3 th\u1ec3 d\u00f9ng g\u00f3i n\u00e0y \u0111\u1ec3 x\u00e0o, n\u1ea5u ho\u1eb7c ch\u1ebf bi\u1ebfn \u0111\u01b0\u1ee3c nhi\u1ec1u m\u00f3n kh\u00e1c nh\u01b0 mapo tofu (\u0111\u1eadu h\u0169 s\u1ed1t cay T\u1ee9 Xuy\u00ean), huy\u1ebft ch\u01b0ng s\u1ed1t cay,&#8230;<\/p>\n<h2><strong>\u0110\u1eb6C \u0110I\u1ec2M N\u1ed4I B\u1eacT C\u1ee6A S\u1ea2N PH\u1ea8M<\/strong><\/h2>\n<p>&gt; \u0110\u00e2y l\u00e0 m\u1ed9t s\u1ea3n ph\u1ea9m \u0111\u00f3ng g\u00f3i s\u1eb5n ti\u1ec7n l\u1ee3i \u0111\u1ebfn t\u1eeb th\u01b0\u01a1ng hi\u1ec7u l\u1ea9u n\u1ed5i ti\u1ebfng th\u1ebf gi\u1edbi\u00a0Haidilao. G\u00f3i c\u1ed1t \u0111\u00e3 \u0111\u01b0\u1ee3c tr\u1ed9n \u0111\u1ec1u gia v\u1ecb c\u1ea7n thi\u1ebft cho m\u1ed9t n\u1ed3i l\u1ea9u b\u00f2 cay T\u1ee9 Xuy\u00ean, gi\u00fap b\u1ea1n d\u1ec5 d\u00e0ng n\u1ea5u ngay t\u1ea1i nh\u00e0.<\/p>\n<p>&gt; M\u1eb7c d\u00f9 l\u00e0 phi\u00ean b\u1ea3n g\u00f3i \u0111\u00f3ng s\u1eb5n ti\u1ec7n l\u1ee3i nh\u01b0ng v\u1eabn gi\u1eef tr\u1ecdn \u0111\u01b0\u1ee3c h\u01b0\u01a1ng v\u1ecb th\u01a1m h\u1ea5p d\u1eabn nh\u01b0 khi \u0103n ngo\u00e0i ti\u1ec7m, l\u1ea1i r\u1ea5t \u0111\u01a1n gi\u1ea3n, d\u1ec5 n\u1ea5u. B\u1ea1n c\u00f3 th\u1ec3 \u0103n b\u1ea5t c\u1ee9 l\u00fac n\u00e0o th\u1ea5y th\u00edch.<\/p>\n<p>&gt; S\u1ea3n ph\u1ea9m \u0111\u00f3ng g\u00f3i 220g c\u00f3 th\u1ec3 n\u1ea5u \u0111\u01b0\u1ee3c ph\u1ea7n l\u1ea9u t\u1eeb 3~4 ng\u01b0\u1eddi.<\/p>\n<p>&gt; C\u1ed1t l\u1ea9u c\u00f3 d\u1ea1ng kh\u1ed1i c\u1ee9ng \u0111\u01b0\u1ee3c c\u00f4 \u0111\u1eb7c t\u1eeb s\u1ef1 k\u1ebft h\u1ee3p c\u1ee7a nhi\u1ec1u nguy\u00ean li\u1ec7u v\u00e0 gia v\u1ecb nh\u01b0 m\u1ee1 \u0111\u1ed9ng v\u1eadt \u0103n \u0111\u01b0\u1ee3c (m\u1ee1 b\u00f2, m\u1ee1 g\u00e0), d\u1ea7u \u0111\u1eadu n\u00e0nh douban, \u0111\u1eadu t\u1eb1m, tempeh (m\u1ed9t lo\u1ea1i t\u01b0\u01a1ng n\u00e9n \u0111\u1eb7c bi\u1ec7t c\u1ee7a \u1ea9m th\u1ef1c x\u1ee9 Trung), \u1edbt, g\u1eebng, gia v\u1ecb,&#8230;t\u1ed5ng th\u1ec3 t\u1ea1o n\u00ean v\u1ecb th\u01a1m, cay m\u1eb7n \u0111\u1eadm \u0111\u00e0 cho n\u01b0\u1edbc d\u00f9ng.<\/p>\n<h2><img decoding=\"async\" class=\"wp-image-30553 aligncenter\" src=\"https:\/\/havamall.vn\/wp-content\/uploads\/2023\/02\/3057-1639048719-foodland-copy-267x300.png\" alt=\"\" width=\"611\" height=\"686\" srcset=\"https:\/\/havamall.vn\/wp-content\/uploads\/2023\/02\/3057-1639048719-foodland-copy-267x300.png 267w, https:\/\/havamall.vn\/wp-content\/uploads\/2023\/02\/3057-1639048719-foodland-copy-430x482.png 430w, https:\/\/havamall.vn\/wp-content\/uploads\/2023\/02\/3057-1639048719-foodland-copy-150x168.png 150w, https:\/\/havamall.vn\/wp-content\/uploads\/2023\/02\/3057-1639048719-foodland-copy-700x785.png 700w, https:\/\/havamall.vn\/wp-content\/uploads\/2023\/02\/3057-1639048719-foodland-copy-768x862.png 768w, https:\/\/havamall.vn\/wp-content\/uploads\/2023\/02\/3057-1639048719-foodland-copy-913x1024.png 913w, https:\/\/havamall.vn\/wp-content\/uploads\/2023\/02\/3057-1639048719-foodland-copy-600x673.png 600w, https:\/\/havamall.vn\/wp-content\/uploads\/2023\/02\/3057-1639048719-foodland-copy.png 1024w\" sizes=\"(max-width: 611px) 100vw, 611px\" \/><\/h2>\n<h2><strong>H\u01af\u1edaNG D\u1eaaN S\u1eec D\u1ee4NG<\/strong><\/h2>\n<p>Cho g\u00f3i c\u1ed1t l\u1ea9u v\u00e0o 750ml n\u01b0\u1edbc s\u00f4i (ngon h\u01a1n n\u1ebfu d\u00f9ng n\u01b0\u1edbc h\u1ea7m x\u01b0\u01a1ng ho\u1eb7c n\u01b0\u1edbc lu\u1ed9c g\u00e0), sau \u0111\u00f3 cho th\u00eam h\u00e0nh l\u00e1, g\u1eebng,\u2026t\u00f9y theo s\u1edf th\u00edch c\u00e1 nh\u00e2n. Sau khi n\u01b0\u1edbc s\u00f4i cho c\u00e1c m\u00f3n \u0103n kh\u00e1c v\u00e0o n\u1ea5u ch\u00edn v\u00e0 th\u01b0\u1edfng th\u1ee9c.<\/p>\n<p><img loading=\"lazy\" decoding=\"async\" class=\"wp-image-30554 aligncenter\" src=\"https:\/\/havamall.vn\/wp-content\/uploads\/2023\/02\/300796808_389142366703390_2169501179009334799_n-300x258.png\" alt=\"\" width=\"628\" height=\"540\" srcset=\"https:\/\/havamall.vn\/wp-content\/uploads\/2023\/02\/300796808_389142366703390_2169501179009334799_n-300x258.png 300w, https:\/\/havamall.vn\/wp-content\/uploads\/2023\/02\/300796808_389142366703390_2169501179009334799_n-430x370.png 430w, https:\/\/havamall.vn\/wp-content\/uploads\/2023\/02\/300796808_389142366703390_2169501179009334799_n-150x129.png 150w, https:\/\/havamall.vn\/wp-content\/uploads\/2023\/02\/300796808_389142366703390_2169501179009334799_n-700x603.png 700w, https:\/\/havamall.vn\/wp-content\/uploads\/2023\/02\/300796808_389142366703390_2169501179009334799_n-600x517.png 600w, https:\/\/havamall.vn\/wp-content\/uploads\/2023\/02\/300796808_389142366703390_2169501179009334799_n.png 750w\" sizes=\"(max-width: 628px) 100vw, 628px\" \/><\/p>","protected":false},"excerpt":{"rendered":"<p>TH\u00d4NG TIN CHUNG Th\u01b0\u01a1ng hi\u1ec7u Haidilao Xu\u1ea5t x\u1ee9 Malaysia Th\u00e0nh ph\u1ea7n M\u1ee1 b\u00f2 \u0103n \u0111\u01b0\u1ee3c, d\u1ea7u th\u1ef1c v\u1eadt, d\u1ea7u \u0111\u1eadu<\/p>","protected":false},"featured_media":30555,"comment_status":"open","ping_status":"closed","template":"","meta":[],"product_brand":[],"product_cat":[36],"product_tag":[],"class_list":{"0":"post-30549","1":"product","2":"type-product","3":"status-publish","4":"has-post-thumbnail","6":"product_cat-thuc-pham-tieu-dung","8":"first","9":"instock","10":"sale","11":"shipping-taxable","12":"purchasable","13":"product-type-simple"},"_links":{"self":[{"href":"https:\/\/havamall.vn\/en\/wp-json\/wp\/v2\/product\/30549"}],"collection":[{"href":"https:\/\/havamall.vn\/en\/wp-json\/wp\/v2\/product"}],"about":[{"href":"https:\/\/havamall.vn\/en\/wp-json\/wp\/v2\/types\/product"}],"replies":[{"embeddable":true,"href":"https:\/\/havamall.vn\/en\/wp-json\/wp\/v2\/comments?post=30549"}],"version-history":[{"count":0,"href":"https:\/\/havamall.vn\/en\/wp-json\/wp\/v2\/product\/30549\/revisions"}],"wp:featuredmedia":[{"embeddable":true,"href":"https:\/\/havamall.vn\/en\/wp-json\/wp\/v2\/media\/30555"}],"wp:attachment":[{"href":"https:\/\/havamall.vn\/en\/wp-json\/wp\/v2\/media?parent=30549"}],"wp:term":[{"taxonomy":"product_brand","embeddable":true,"href":"https:\/\/havamall.vn\/en\/wp-json\/wp\/v2\/product_brand?post=30549"},{"taxonomy":"product_cat","embeddable":true,"href":"https:\/\/havamall.vn\/en\/wp-json\/wp\/v2\/product_cat?post=30549"},{"taxonomy":"product_tag","embeddable":true,"href":"https:\/\/havamall.vn\/en\/wp-json\/wp\/v2\/product_tag?post=30549"}],"curies":[{"name":"wp","href":"https:\/\/api.w.org\/{rel}","templated":true}]}}