{"id":30532,"date":"2023-02-20T17:06:18","date_gmt":"2023-02-20T10:06:18","guid":{"rendered":"https:\/\/havamall.vn\/?post_type=product&#038;p=30532"},"modified":"2023-02-21T11:36:09","modified_gmt":"2023-02-21T04:36:09","slug":"cot-lau-haidilao-vi-ca-chua-goi-200g-tomato-hot-pot-sauce","status":"publish","type":"product","link":"https:\/\/havamall.vn\/en\/shop\/cot-lau-haidilao-vi-ca-chua-goi-200g-tomato-hot-pot-sauce\/","title":{"rendered":"C\u1ed1t L\u1ea9u HAIDILAO V\u1ecb C\u00e0 Chua G\u00f3i 200g &#8211; Tomato Hot Pot Sauce"},"content":{"rendered":"<h2><\/h2>\n<h2><strong>TH\u00d4NG TIN CHUNG<\/strong><\/h2>\n<table border=\"2\">\n<tbody>\n<tr>\n<td><strong>Th\u01b0\u01a1ng hi\u1ec7u<\/strong><\/td>\n<td>Haidilao<\/td>\n<\/tr>\n<tr>\n<td><strong>Xu\u1ea5t x\u1ee9<\/strong><\/td>\n<td>Malaysia<\/td>\n<\/tr>\n<tr>\n<td><strong>Th\u00e0nh ph\u1ea7n<\/strong><\/td>\n<td>T\u01b0\u01a1ng c\u00e0 chua, d\u1ea7u th\u1ef1c v\u1eadt, \u0111\u01b0\u1eddng, mu\u1ed1i, n\u01b0\u1edbc, h\u00e0nh t\u00e2y, g\u1eebng, INS 202, h\u01b0\u01a1ng li\u1ec7u, INS 330<\/td>\n<\/tr>\n<tr>\n<td><strong>Quy c\u00e1ch<\/strong><\/td>\n<td>G\u00f3i 200g<\/td>\n<\/tr>\n<tr>\n<td><strong>B\u1ea3o qu\u1ea3n<\/strong><\/td>\n<td>B\u1ea3o qu\u1ea3n n\u1edbi kh\u00f4 r\u00e1o, tho\u00e1ng m\u00e1t \u1edf nhi\u1ec7t \u0111\u1ed9 ph\u00f2ng. Cho v\u00e0o ng\u0103n m\u00e1t t\u1ee7 l\u1ea1nh sau khi m\u1edf g\u00f3i<\/td>\n<\/tr>\n<tr>\n<td><strong>H\u1ea1n s\u1eed d\u1ee5ng<\/strong><\/td>\n<td>Xem tr\u1ef1c ti\u1ebfp tr\u00ean bao b\u00ec s\u1ea3n ph\u1ea9m.\u00a0N\u00ean d\u00f9ng trong v\u00f2ng 1 tu\u1ea7n sau khi b\u00f3c s\u1ea3n ph\u1ea9m<\/td>\n<\/tr>\n<\/tbody>\n<\/table>\n<h2><strong>C\u1ed0T L\u1ea8U C\u00c0 CHUA HAIDILAO<\/strong><\/h2>\n<p>Haidilao la\u0300 thu\u031bo\u031bng hie\u0323\u0302u chuo\u0302\u0303i nha\u0300 ha\u0300ng la\u0302\u0309u no\u0302\u0309i tie\u0302\u0301ng vo\u031b\u0301i 466 chi nha\u0301nh tre\u0302n the\u0302\u0301 gio\u031b\u0301i. Ra \u0111o\u031b\u0300i tu\u031b\u0300 na\u0306m 1994 tu\u031b\u0300 mo\u0323\u0302t cu\u031b\u0309a ha\u0300ng nho\u0309 ta\u0323i Tru\u0300ng kha\u0301nh, sau nhie\u0302\u0300u na\u0306m xa\u0302y du\u031b\u0323ng, Haidilao da\u0302\u0300n kha\u0306\u0309ng \u0111i\u0323nh vi\u0323 the\u0302\u0301, tro\u031b\u0309 tha\u0300nh con thuye\u0302\u0300n \u0111u\u031ba Va\u0306n ho\u0301a a\u0302\u0309m thu\u031b\u0323c Trung Hoa \u0111i xa ho\u031bn, \u0111e\u0302\u0301n ga\u0302\u0300n ho\u031bn vo\u031b\u0301i ba\u0323n be\u0300 na\u0306m cha\u0302u.<\/p>\n<p>M\u1eb7c d\u00f9 c\u00f3 d\u1ecbch v\u1ee5 ch\u0103m s\u00f3c kh\u00e1ch h\u00e0ng mi\u1ec5n ph\u00ed r\u1ea5t \u0111\u1eb7c bi\u1ec7t nh\u01b0ng \u0111\u00e2u \u0111\u00f3 v\u1eabn c\u00f3 m\u1ed9t nh\u00f3m kh\u00e1ch h\u00e0ng th\u00edch qu\u00e2y qu\u1ea7n \u1edf nh\u00e0 \u0103n, mu\u1ed1n t\u1ef1 tay ch\u1ebf bi\u1ebfn m\u00f3n \u0103n y\u00eau th\u00edch. \u0110\u1ec3 \u0111\u00e1p \u1ee9ng lu\u00f4n nhu c\u1ea7u n\u00e0y\u00a0<em>Haidilao<\/em>\u00a0\u0111\u00e3 cho ra m\u1eaft c\u00e1c lo\u1ea1i g\u00f3i n\u01b0\u1edbc c\u1ed1t l\u1ea9u, g\u00f3i s\u1ed1t x\u00e0o cay, \u0111i\u1ec3n h\u00ecnh nh\u01b0 l\u00e0\u00a0<strong>N\u01b0\u1edbc c\u1ed1t l\u1ea9u c\u00e0 chua Haidilao 200g.<\/strong><\/p>\n<p><img fetchpriority=\"high\" decoding=\"async\" class=\"wp-image-30533 aligncenter\" src=\"https:\/\/havamall.vn\/wp-content\/uploads\/2023\/02\/1523783902468-233x300.png\" alt=\"\" width=\"591\" height=\"761\" srcset=\"https:\/\/havamall.vn\/wp-content\/uploads\/2023\/02\/1523783902468-233x300.png 233w, https:\/\/havamall.vn\/wp-content\/uploads\/2023\/02\/1523783902468-430x553.png 430w, https:\/\/havamall.vn\/wp-content\/uploads\/2023\/02\/1523783902468-150x193.png 150w, https:\/\/havamall.vn\/wp-content\/uploads\/2023\/02\/1523783902468-700x900.png 700w, https:\/\/havamall.vn\/wp-content\/uploads\/2023\/02\/1523783902468-768x988.png 768w, https:\/\/havamall.vn\/wp-content\/uploads\/2023\/02\/1523783902468-600x772.png 600w, https:\/\/havamall.vn\/wp-content\/uploads\/2023\/02\/1523783902468.png 790w\" sizes=\"(max-width: 591px) 100vw, 591px\" \/><\/p>\n<p>Go\u0301i la\u0302\u0309u gia vi\u0323 co\u0302 \u0111a\u0323\u0306c Haidilao la\u0300 mo\u0323\u0302t trong nhu\u031b\u0303ng sa\u0301ng ta\u0323o ma\u0300 Haidilao da\u0300nh cho ca\u0301c ti\u0301n \u0111o\u0302\u0300 a\u0302\u0309m thu\u031b\u0323c kho\u0302ng co\u0301 \u0111ie\u0302\u0300u kie\u0323\u0302n \u0111e\u0302\u0309 ta\u0323\u0302n hu\u031bo\u031b\u0309ng tru\u031b\u0323c tie\u0302\u0301p ta\u0323i cu\u031b\u0309a ha\u0300ng. Kho\u0302ng ca\u0302\u0300n pha\u0309i \u0111i xa, kho\u0302ng ca\u0302\u0300n to\u0302\u0301n qua\u0301 nhie\u0302\u0300u chi phi\u0301, 10 phu\u0301t \u0111o\u031bn gia\u0309n la\u0300 ba\u0323n \u0111a\u0303 co\u0301 ngay mo\u0323\u0302t no\u0302\u0309i la\u0302\u0309u tho\u031bm ngon \u0111e\u0302\u0309 cu\u0300ng chia se\u0309 vo\u031b\u0301i nhu\u031b\u0303ng ngu\u031bo\u031b\u0300i tha\u0302n ye\u0302u<\/p>\n<p>Lu\u031b\u0323a cho\u0323n tu\u031b\u0300 nhu\u031b\u0303ng nguye\u0302n lie\u0323\u0302u \u0111a\u0323\u0306c tru\u031bng cu\u0309a xu\u031b\u0301 Trung: o\u031b\u0301t Tru\u0300ng kha\u0301nh, tie\u0302u Tu\u031b\u0301 Xuye\u0302n, tu\u031bo\u031bng \u0111a\u0323\u0302u, la\u0301 nguye\u0323\u0302t que\u0302\u0301, ba\u0323ch \u0111a\u0323\u0302u kha\u0302\u0301u, nhu\u0323c \u0111a\u0323\u0302u kha\u0302\u0301u, thi\u0300 la\u0300, ho\u0302\u0300i, que\u0302\u0301, cam tha\u0309o, \u0111inh hu\u031bo\u031bng..k\u1ebft h\u1ee3p c\u00f9ng nh\u1eefng qu\u1ea3 c\u00e0 chua h\u01b0\u1edfng nhi\u1ec1u \u00e1nh s\u00e1ng nh\u1ea5t \u0111u\u031bo\u031b\u0323c tinh che\u0302\u0301 trong quy tri\u0300nh khe\u0301p ki\u0301n, \u0111a\u0309m ba\u0309o an toa\u0300n cha\u0302\u0301t lu\u031bo\u031b\u0323ng. Su\u031b\u0323 ke\u0302\u0301t ho\u031b\u0323p ti\u0309 mi\u0309 giu\u031b\u0303a ca\u0301c nguye\u0302n lie\u0323\u0302u \u0111a\u0303 ta\u0323o ra nhie\u0302\u0300u su\u031b\u0323 lu\u031b\u0323a cho\u0323n ve\u0302\u0300 hu\u031bo\u031bng vi\u0323, tu\u031b\u0300 nhu\u031b\u0303ng kha\u0301ch ha\u0300ng de\u0302\u0303 ti\u0301nh \u0111e\u0302\u0301n nhu\u031b\u0303ng kha\u0301ch ha\u0300ng kho\u0301 ti\u0301nh nha\u0302\u0301t.<\/p>\n<p><img decoding=\"async\" class=\"wp-image-30534 aligncenter\" src=\"https:\/\/havamall.vn\/wp-content\/uploads\/2023\/02\/O1CN01XMQRwR1nkfd2akrci_407445128-234x300.png\" alt=\"\" width=\"577\" height=\"740\" srcset=\"https:\/\/havamall.vn\/wp-content\/uploads\/2023\/02\/O1CN01XMQRwR1nkfd2akrci_407445128-234x300.png 234w, https:\/\/havamall.vn\/wp-content\/uploads\/2023\/02\/O1CN01XMQRwR1nkfd2akrci_407445128-430x551.png 430w, https:\/\/havamall.vn\/wp-content\/uploads\/2023\/02\/O1CN01XMQRwR1nkfd2akrci_407445128-150x192.png 150w, https:\/\/havamall.vn\/wp-content\/uploads\/2023\/02\/O1CN01XMQRwR1nkfd2akrci_407445128-700x898.png 700w, https:\/\/havamall.vn\/wp-content\/uploads\/2023\/02\/O1CN01XMQRwR1nkfd2akrci_407445128-768x985.png 768w, https:\/\/havamall.vn\/wp-content\/uploads\/2023\/02\/O1CN01XMQRwR1nkfd2akrci_407445128-600x769.png 600w, https:\/\/havamall.vn\/wp-content\/uploads\/2023\/02\/O1CN01XMQRwR1nkfd2akrci_407445128.png 790w\" sizes=\"(max-width: 577px) 100vw, 577px\" \/><\/p>\n<h2><strong>\u0110\u1eb6C \u0110I\u1ec2M N\u1ed4I B\u1eacT C\u1ee6A S\u1ea2N PH\u1ea8M<\/strong><\/h2>\n<p>&gt; G\u00f3i n\u01b0\u1edbc c\u1ed1t l\u1ea9u c\u00f3 d\u1ea1ng s\u1ec7t, \u0111\u01b0\u1ee3c l\u00e0m t\u1eeb t\u01b0\u01a1ng c\u00e0 chua k\u1ebft h\u1ee3p th\u00eam m\u1ed9t s\u1ed1 lo\u1ea1i gia v\u1ecb mang \u0111\u1ebfn v\u1ecb chua ng\u1ecdt \u0111\u1eadm \u0111\u00e0. Ngo\u00e0i ra, g\u00f3i l\u1ea9u c\u00f2n \u0111\u01b0\u1ee3c cho th\u00eam g\u1eebng v\u00e0o c\u00e0ng l\u00e0m t\u0103ng th\u00eam m\u00f9i th\u01a1m khi \u0103n.<\/p>\n<p>&gt; M\u1eb7c d\u00f9 l\u00e0 phi\u00ean b\u1ea3n g\u00f3i \u0111\u00f3ng s\u1eb5n ti\u1ec7n l\u1ee3i nh\u01b0ng v\u1eabn gi\u1eef tr\u1ecdn \u0111\u01b0\u1ee3c h\u01b0\u01a1ng v\u1ecb th\u01a1m h\u1ea5p d\u1eabn nh\u01b0 khi \u0103n ngo\u00e0i ti\u1ec7m, l\u1ea1i r\u1ea5t \u0111\u01a1n gi\u1ea3n, d\u1ec5 n\u1ea5u. B\u1ea1n c\u00f3 th\u1ec3 \u0103n b\u1ea5t c\u1ee9 l\u00fac n\u00e0o th\u1ea5y th\u00edch.<\/p>\n<p>&gt; S\u1ea3n ph\u1ea9m \u0111\u00f3ng g\u00f3i 200g c\u00f3 th\u1ec3 n\u1ea5u \u0111\u01b0\u1ee3c ph\u1ea7n l\u1ea9u t\u1eeb 3~4 ng\u01b0\u1eddi. Ngo\u00e0i ra, c\u00f3 th\u1ec3 d\u00f9ng g\u00f3i n\u00e0y \u0111\u1ec3 l\u00e0m m\u00f3n s\u01b0\u1eddn b\u00f2 kho c\u00e0 chua, m\u00ec \u00fd,&#8230; c\u0169ng r\u1ea5t th\u00fa v\u1ecb.<\/p>\n<p>&gt; L\u1ea9u c\u00e0 chua Haidilao lu\u00f4n n\u1eb1m trong danh s\u00e1ch \u201cMUST TRY \u201d khi b\u1ea1n \u0111\u1ebfn v\u1edbi Haidilao \u2013 l\u00e0 1 m\u00f3n l\u1ea9u \u0111\u1eb7c tr\u01b0ng n\u1ed5i ti\u1ebfng c\u1ee7a Haidilao.<\/p>\n<p><img decoding=\"async\" class=\"wp-image-30536 aligncenter\" src=\"https:\/\/havamall.vn\/wp-content\/uploads\/2023\/02\/b7b113e3340f68637091b8d92eb55613-261x300.png\" alt=\"\" width=\"569\" height=\"654\" srcset=\"https:\/\/havamall.vn\/wp-content\/uploads\/2023\/02\/b7b113e3340f68637091b8d92eb55613-261x300.png 261w, https:\/\/havamall.vn\/wp-content\/uploads\/2023\/02\/b7b113e3340f68637091b8d92eb55613-430x493.png 430w, https:\/\/havamall.vn\/wp-content\/uploads\/2023\/02\/b7b113e3340f68637091b8d92eb55613-150x172.png 150w, https:\/\/havamall.vn\/wp-content\/uploads\/2023\/02\/b7b113e3340f68637091b8d92eb55613-700x803.png 700w, https:\/\/havamall.vn\/wp-content\/uploads\/2023\/02\/b7b113e3340f68637091b8d92eb55613-768x881.png 768w, https:\/\/havamall.vn\/wp-content\/uploads\/2023\/02\/b7b113e3340f68637091b8d92eb55613.png 787w\" sizes=\"(max-width: 569px) 100vw, 569px\" \/><\/p>\n<h2><strong>\u01afU \u0110I\u1ec2M C\u1ee6A S\u1ea2N PH\u1ea8M<\/strong><\/h2>\n<p>\u2013 Ti\u1ec7n l\u1ee3i, th\u01a1m ngon chu\u1ea9n v\u1ecb.<\/p>\n<p>\u2013 G\u00f3i nh\u1ecf ph\u00f9 h\u1ee3p cho c\u00e1c gia \u0111\u00ecnh 3-5 ng\u01b0\u1eddi.<\/p>\n<p>\u2013 C\u1ed1t l\u1ea9u ph\u00f9 h\u1ee3p \u0103n c\u00f9ng h\u1ea3i s\u1ea3n\/c\u00e1 t\u01b0\u01a1i\/ th\u1ecbt, g\u00e2n, g\u1ea7u b\u00f2\/vi\u00ean th\u1ea3 l\u1ea9u\/rau c\u1ee7 qu\u1ea3\/ n\u1ea5m.<\/p>\n<p>\u2013 C\u00f3 th\u1ec3 chia nh\u1ecf \u0111\u1ec3 d\u00f9ng n\u1ea5u mi\u1ebfn, b\u00fan t\u00f9y s\u1edf th\u00edch.<\/p>\n<p><img loading=\"lazy\" decoding=\"async\" class=\"wp-image-30537 aligncenter\" src=\"https:\/\/havamall.vn\/wp-content\/uploads\/2023\/02\/71mE0Nqu0sL-300x293.png\" alt=\"\" width=\"569\" height=\"556\" srcset=\"https:\/\/havamall.vn\/wp-content\/uploads\/2023\/02\/71mE0Nqu0sL-300x293.png 300w, https:\/\/havamall.vn\/wp-content\/uploads\/2023\/02\/71mE0Nqu0sL-430x420.png 430w, https:\/\/havamall.vn\/wp-content\/uploads\/2023\/02\/71mE0Nqu0sL-150x147.png 150w, https:\/\/havamall.vn\/wp-content\/uploads\/2023\/02\/71mE0Nqu0sL-700x684.png 700w, https:\/\/havamall.vn\/wp-content\/uploads\/2023\/02\/71mE0Nqu0sL-768x750.png 768w, https:\/\/havamall.vn\/wp-content\/uploads\/2023\/02\/71mE0Nqu0sL-1024x1000.png 1024w, https:\/\/havamall.vn\/wp-content\/uploads\/2023\/02\/71mE0Nqu0sL-1200x1172.png 1200w, https:\/\/havamall.vn\/wp-content\/uploads\/2023\/02\/71mE0Nqu0sL-600x586.png 600w, https:\/\/havamall.vn\/wp-content\/uploads\/2023\/02\/71mE0Nqu0sL.png 1500w\" sizes=\"(max-width: 569px) 100vw, 569px\" \/><\/p>\n<h2><strong>H\u01af\u1edaNG D\u1eaaN S\u1eec D\u1ee4NG<\/strong><\/h2>\n<h5><em><strong>Hotpot (l\u1ea9u)<\/strong><\/em><\/h5>\n<ul>\n<li>Cho 1000ml n\u01b0\u1edbc v\u00e0 g\u00f3i c\u1ed1t l\u1ea9u v\u00e0o n\u1ed3i. Sau \u0111\u00f3 cho th\u00eam h\u00e0nh l\u00e1, g\u1eebng, c\u00e0 chua t\u01b0\u01a1i, n\u1ea5m t\u00f9y theo s\u1edf th\u00edch.<\/li>\n<li>Sau khi n\u1ea5u s\u00f4i th\u00ec th\u01b0\u1edfng th\u1ee9c c\u00f9ng th\u1ecbt v\u1edbi rau b\u1ea1n y\u00eau th\u00edch<\/li>\n<\/ul>\n<h5><em><strong>Braised beef flank with tomato (s\u01b0\u1eddn b\u00f2 kho c\u00e0 chua)<\/strong><\/em><\/h5>\n<ul>\n<li>Cho 1kg s\u01b0\u1eddn b\u00f2 c\u1eaft mi\u1ebfng v\u00e0o m\u1ed9t \u00edt n\u01b0\u1edbc l\u1ea1nh, sau \u0111\u00f3 \u0111un n\u00f3ng.<\/li>\n<li>C\u00e0 chua g\u1ecdt v\u1ecf v\u00e0 c\u1eaft kh\u1ed1i vu\u00f4ng \u0111\u1ec3 d\u00f9ng sau.<\/li>\n<li>Cho mi\u1ebfng s\u01b0\u1eddn b\u00f2 v\u00e0o n\u1ed3i \u00e1p su\u1ea5t, th\u00eam gia v\u1ecb (15ml n\u01b0\u1edbc t\u01b0\u01a1ng, 15l r\u01b0\u1ee3u n\u1ea5u \u0103n v\u00e0 m\u1ed9t \u00edt n\u01b0\u1edbc), \u0111un \u0111\u1ebfn khi th\u1ecbt b\u00f2 m\u1ec1m.<\/li>\n<li>\u0110\u1ed5 g\u00f3i c\u1ed1t l\u1ea9u v\u00e0o n\u1ed3i v\u00e0 x\u00e0o k\u1ef9, th\u00eam s\u01b0\u1eddn b\u00f2 kho, c\u00e0 chua \u0111\u00e3 c\u1eaft v\u00e0 m\u1ed9t \u00edt s\u1ed1t b\u00f2 kho v\u00e0o. Th\u01b0\u1edfng th\u1ee9c n\u00f3 sau khi \u0111un s\u00f4i.<\/li>\n<\/ul>\n<p><img loading=\"lazy\" decoding=\"async\" class=\"wp-image-30538 aligncenter\" src=\"https:\/\/havamall.vn\/wp-content\/uploads\/2023\/02\/40AovIBgW1kRsFgJOYK18A-300x300.jpeg\" alt=\"\" width=\"606\" height=\"606\" srcset=\"https:\/\/havamall.vn\/wp-content\/uploads\/2023\/02\/40AovIBgW1kRsFgJOYK18A-300x300.jpeg 300w, https:\/\/havamall.vn\/wp-content\/uploads\/2023\/02\/40AovIBgW1kRsFgJOYK18A-430x430.jpeg 430w, https:\/\/havamall.vn\/wp-content\/uploads\/2023\/02\/40AovIBgW1kRsFgJOYK18A-150x150.jpeg 150w, https:\/\/havamall.vn\/wp-content\/uploads\/2023\/02\/40AovIBgW1kRsFgJOYK18A-700x700.jpeg 700w, https:\/\/havamall.vn\/wp-content\/uploads\/2023\/02\/40AovIBgW1kRsFgJOYK18A-768x768.jpeg 768w, https:\/\/havamall.vn\/wp-content\/uploads\/2023\/02\/40AovIBgW1kRsFgJOYK18A-600x600.jpeg 600w, https:\/\/havamall.vn\/wp-content\/uploads\/2023\/02\/40AovIBgW1kRsFgJOYK18A-100x100.jpeg 100w, https:\/\/havamall.vn\/wp-content\/uploads\/2023\/02\/40AovIBgW1kRsFgJOYK18A.jpeg 800w\" sizes=\"(max-width: 606px) 100vw, 606px\" \/><\/p>","protected":false},"excerpt":{"rendered":"<p>TH\u00d4NG TIN CHUNG Th\u01b0\u01a1ng hi\u1ec7u Haidilao Xu\u1ea5t x\u1ee9 Malaysia Th\u00e0nh ph\u1ea7n T\u01b0\u01a1ng c\u00e0 chua, d\u1ea7u th\u1ef1c v\u1eadt, \u0111\u01b0\u1eddng, mu\u1ed1i, n\u01b0\u1edbc,<\/p>","protected":false},"featured_media":30539,"comment_status":"open","ping_status":"closed","template":"","meta":[],"product_brand":[],"product_cat":[36],"product_tag":[],"class_list":{"0":"post-30532","1":"product","2":"type-product","3":"status-publish","4":"has-post-thumbnail","6":"product_cat-thuc-pham-tieu-dung","8":"first","9":"instock","10":"sale","11":"shipping-taxable","12":"purchasable","13":"product-type-simple"},"_links":{"self":[{"href":"https:\/\/havamall.vn\/en\/wp-json\/wp\/v2\/product\/30532"}],"collection":[{"href":"https:\/\/havamall.vn\/en\/wp-json\/wp\/v2\/product"}],"about":[{"href":"https:\/\/havamall.vn\/en\/wp-json\/wp\/v2\/types\/product"}],"replies":[{"embeddable":true,"href":"https:\/\/havamall.vn\/en\/wp-json\/wp\/v2\/comments?post=30532"}],"version-history":[{"count":0,"href":"https:\/\/havamall.vn\/en\/wp-json\/wp\/v2\/product\/30532\/revisions"}],"wp:featuredmedia":[{"embeddable":true,"href":"https:\/\/havamall.vn\/en\/wp-json\/wp\/v2\/media\/30539"}],"wp:attachment":[{"href":"https:\/\/havamall.vn\/en\/wp-json\/wp\/v2\/media?parent=30532"}],"wp:term":[{"taxonomy":"product_brand","embeddable":true,"href":"https:\/\/havamall.vn\/en\/wp-json\/wp\/v2\/product_brand?post=30532"},{"taxonomy":"product_cat","embeddable":true,"href":"https:\/\/havamall.vn\/en\/wp-json\/wp\/v2\/product_cat?post=30532"},{"taxonomy":"product_tag","embeddable":true,"href":"https:\/\/havamall.vn\/en\/wp-json\/wp\/v2\/product_tag?post=30532"}],"curies":[{"name":"wp","href":"https:\/\/api.w.org\/{rel}","templated":true}]}}