{"id":30519,"date":"2023-02-17T16:57:34","date_gmt":"2023-02-17T09:57:34","guid":{"rendered":"https:\/\/havamall.vn\/?post_type=product&#038;p=30519"},"modified":"2023-02-21T11:43:52","modified_gmt":"2023-02-21T04:43:52","slug":"xe-do-choi-mo-hinh-tinh-banh-bu-uncle-bills-big-wheels-die-cast-car","status":"publish","type":"product","link":"https:\/\/havamall.vn\/en\/shop\/xe-do-choi-mo-hinh-tinh-banh-bu-uncle-bills-big-wheels-die-cast-car\/","title":{"rendered":"Xe \u0110\u1ed3 Ch\u01a1i M\u00f4 H\u00ecnh T\u0129nh B\u00e1nh B\u1ef1 Uncle Bills &#8211; Big Wheels Die Cast Car"},"content":{"rendered":"<h2><strong>TH\u00d4NG TIN TH\u01af\u01a0NG HI\u1ec6U V\u00c0 S\u1ea2N PH\u1ea8M<\/strong><\/h2>\n<p>Uncle Bills (UBL) cung c\u1ea5p h\u01a1n 1800 s\u1ea3n ph\u1ea9m ti\u00eau d\u00f9ng phi th\u01b0\u0323c ph\u00e2\u0309m h\u00e2\u0301p d\u00e2\u0303n, ti\u00ea\u0323n i\u0301ch, gia\u0301 ph\u1ea3i ch\u0103ng. S\u1ea3n ph\u1ea9m bao g\u1ed3m nhi\u1ec1u lo\u1ea1i ha\u0300ng ho\u0301a kh\u00e1c nhau, t\u1eeb \u0111\u1ed3 du\u0300ng nh\u00e0 b\u1ebfp, ch\u0103m s\u00f3c c\u00e1 nh\u00e2n, l\u00e0m s\u1ea1ch nha\u0300 c\u01b0\u0309a, \u0111\u00f4\u0300 l\u01b0u tr\u1eef, ca\u0301c loa\u0323i du\u0323ng cu\u0323, v\u00e2\u0323t du\u0323ng ngo\u00e0i tr\u1eddi v\u00e0 ca\u0309 cho tr\u1ebb em.\u00a0 UBL Lu\u00f4n lu\u00f4n c\u00e2\u0323p nh\u00e2\u0323t ca\u0301c sa\u0309n ph\u00e2\u0309m m\u01a1\u0301i.<\/p>\n<p>S\u1ea3n ph\u1ea9m UBL \u0111\u01b0\u1ee3c s\u1ea3n xu\u1ea5t theo ti\u00eau chu\u1ea9n ch\u1ea5t l\u01b0\u1ee3ng nghi\u00eam ng\u1eb7t c\u1ee7a UBL Hongkong v\u00e0 b\u00e1n t\u1ea1i h\u01a1n 50 qu\u1ed1c gia v\u01a1\u0301i h\u01a1n 10.000 c\u1eeda h\u00e0ng, bao g\u1ed3m ch\u00e2u \u00c2u, \u00dac, Ch\u00e2u \u00c1, Ch\u00e2u Phi. S\u1ee9 m\u1ec7nh c\u1ee7a UBL l\u00e0 cung c\u1ea5p nh\u1eefng s\u1ea3n ph\u1ea9m ti\u1ec7n \u00edch v\u00e0 h\u1ea5p d\u1eabn cho ng\u00f4i nh\u00e0 hi\u1ec7n \u0111\u1ea1i c\u1ee7a ng\u01b0\u1eddi Vi\u1ec7t Nam.<\/p>\n<p><img fetchpriority=\"high\" decoding=\"async\" class=\"aligncenter\" src=\"https:\/\/cf.shopee.vn\/file\/f6797de1ee745a2dc0d45cb02727d617\" alt=\"T\u00fai \u0110\u1ef1ng R\u00e1c Th\u00fa C\u01b0ng T\u1ef1 Ph\u00e2n H\u1ee7y Uncle Bills PA3372 | Shopee Vi\u1ec7t Nam\" width=\"510\" height=\"510\" \/><\/p>\n<p>Xe \u0111\u1ed3 ch\u01a1i m\u00f4 h\u00ecnh t\u0129nh b\u00e1nh b\u1ef1 Uncle Bills l\u00e0 m\u1ed9t trong nh\u1eefng \u0111\u1ed3 ch\u01a1i \u0111\u01b0\u1ee3c nhi\u1ec1u tr\u1ebb em y\u00eau th\u00edch. V\u1edbi c\u00e1c chi ti\u1ebft ch\u00e2n th\u1ef1c v\u00e0 thi\u1ebft k\u1ebf b\u1eaft m\u1eaft, ch\u00fang gi\u00fap tr\u1ebb ph\u00e1t tri\u1ec3n tr\u00ed t\u01b0\u1edfng t\u01b0\u1ee3ng v\u00e0 kh\u1ea3 n\u0103ng t\u01b0 duy logic.<\/p>\n<p>\u0110\u1ed3 ch\u01a1i gi\u00fap tr\u00ed t\u01b0\u1edfng t\u01b0\u1ee3ng c\u1ee7a tr\u1ebb ph\u00e1t tri\u1ec3n theo th\u1eddi gian, \u0111\u1ed3ng th\u1eddi mang l\u1ea1i nhi\u1ec1u l\u1ee3i \u00edch kh\u00e1c nh\u01b0: h\u00ecnh th\u00e0nh kh\u1ea3 n\u0103ng nh\u1eadn bi\u1ebft m\u00e0u s\u1eafc, s\u1ef1 kh\u00e9o l\u00e9o, t\u00ednh k\u1ef7 lu\u1eadt\u2026<\/p>\n<p><img decoding=\"async\" class=\"wp-image-30520 aligncenter\" src=\"https:\/\/havamall.vn\/wp-content\/uploads\/2023\/02\/49555361618_0ce44ac2e4_b-300x200.jpeg\" alt=\"\" width=\"588\" height=\"392\" srcset=\"https:\/\/havamall.vn\/wp-content\/uploads\/2023\/02\/49555361618_0ce44ac2e4_b-300x200.jpeg 300w, https:\/\/havamall.vn\/wp-content\/uploads\/2023\/02\/49555361618_0ce44ac2e4_b-430x287.jpeg 430w, https:\/\/havamall.vn\/wp-content\/uploads\/2023\/02\/49555361618_0ce44ac2e4_b-150x100.jpeg 150w, https:\/\/havamall.vn\/wp-content\/uploads\/2023\/02\/49555361618_0ce44ac2e4_b-700x467.jpeg 700w, https:\/\/havamall.vn\/wp-content\/uploads\/2023\/02\/49555361618_0ce44ac2e4_b-768x512.jpeg 768w, https:\/\/havamall.vn\/wp-content\/uploads\/2023\/02\/49555361618_0ce44ac2e4_b.jpeg 1024w, https:\/\/havamall.vn\/wp-content\/uploads\/2023\/02\/49555361618_0ce44ac2e4_b-600x400.jpeg 600w\" sizes=\"(max-width: 588px) 100vw, 588px\" \/><\/p>\n<p>\u0110\u1eb7c bi\u1ec7t, khi tham gia ch\u01a1i c\u00f9ng v\u1edbi c\u00e1c b\u1ea1n kh\u00e1c, tr\u1ebb em d\u1ea7n quen v\u1edbi t\u1eadp th\u1ec3, d\u1ea1n d\u0129 h\u01a1n v\u00e0 linh ho\u1ea1t h\u01a1n. V\u1edbi xe \u00f4 t\u00f4 \u0111\u1ed3 ch\u01a1i mini cho b\u00e9, c\u00e1c b\u00e9 s\u1ebd tr\u1edf n\u00ean th\u00f4ng minh, ho\u1ea1t b\u00e1t v\u1edbi ch\u00e2n tay kh\u00e9o l\u00e9o, linh ho\u1ea1t, v\u1eeba h\u1ecdc v\u1eeba ch\u01a1i hi\u1ec7u qu\u1ea3. Ngo\u00e0i ra, ch\u00fang c\u0169ng gi\u00fap tr\u1ebb ph\u00e1t tri\u1ec3n kh\u1ea3 n\u0103ng t\u01b0 duy kh\u00f4ng gian, gi\u00fap tr\u1ebb hi\u1ec3u r\u00f5 h\u01a1n v\u1ec1 c\u00e1c b\u1ed9 ph\u1eadn tr\u00ean xe v\u00e0 c\u00e1ch ch\u00fang ho\u1ea1t \u0111\u1ed9ng.<\/p>\n<p><img decoding=\"async\" class=\"wp-image-30521 aligncenter\" src=\"https:\/\/havamall.vn\/wp-content\/uploads\/2023\/02\/2018-New-Diecast-Cars-Bus-Pickup-1-43-4WD-Alloy-Big-Wheels-Shock-Resistant-Inertia-School-300x300.jpeg\" alt=\"\" width=\"568\" height=\"568\" srcset=\"https:\/\/havamall.vn\/wp-content\/uploads\/2023\/02\/2018-New-Diecast-Cars-Bus-Pickup-1-43-4WD-Alloy-Big-Wheels-Shock-Resistant-Inertia-School-300x300.jpeg 300w, https:\/\/havamall.vn\/wp-content\/uploads\/2023\/02\/2018-New-Diecast-Cars-Bus-Pickup-1-43-4WD-Alloy-Big-Wheels-Shock-Resistant-Inertia-School-430x430.jpeg 430w, https:\/\/havamall.vn\/wp-content\/uploads\/2023\/02\/2018-New-Diecast-Cars-Bus-Pickup-1-43-4WD-Alloy-Big-Wheels-Shock-Resistant-Inertia-School-150x150.jpeg 150w, https:\/\/havamall.vn\/wp-content\/uploads\/2023\/02\/2018-New-Diecast-Cars-Bus-Pickup-1-43-4WD-Alloy-Big-Wheels-Shock-Resistant-Inertia-School-700x700.jpeg 700w, https:\/\/havamall.vn\/wp-content\/uploads\/2023\/02\/2018-New-Diecast-Cars-Bus-Pickup-1-43-4WD-Alloy-Big-Wheels-Shock-Resistant-Inertia-School-768x768.jpeg 768w, https:\/\/havamall.vn\/wp-content\/uploads\/2023\/02\/2018-New-Diecast-Cars-Bus-Pickup-1-43-4WD-Alloy-Big-Wheels-Shock-Resistant-Inertia-School-600x600.jpeg 600w, https:\/\/havamall.vn\/wp-content\/uploads\/2023\/02\/2018-New-Diecast-Cars-Bus-Pickup-1-43-4WD-Alloy-Big-Wheels-Shock-Resistant-Inertia-School-100x100.jpeg 100w, https:\/\/havamall.vn\/wp-content\/uploads\/2023\/02\/2018-New-Diecast-Cars-Bus-Pickup-1-43-4WD-Alloy-Big-Wheels-Shock-Resistant-Inertia-School.jpeg 800w\" sizes=\"(max-width: 568px) 100vw, 568px\" \/><\/p>\n<h2><strong>\u0110\u1eb6C \u0110I\u1ec2M N\u1ed4I B\u1eacT C\u1ee6A S\u1ea2N PH\u1ea8M<\/strong><\/h2>\n<p>\u2013 M\u00e0u s\u1eafc b\u1eaft m\u1eaft.<\/p>\n<p>\u2013 Ch\u1ea5t li\u1ec7u nh\u1ef1a an to\u00e0n cho b\u00e9.<\/p>\n<p>\u2013 Nh\u1ecf g\u1ecdn b\u00e9 c\u00f3 th\u1ec3 mang theo \u0111i b\u1ea5t c\u1ee9 \u0111\u00e2u.<\/p>\n<p>\u2013 Kh\u00f4ng s\u1eafc nh\u1ecdn, an to\u00e0n v\u1edbi tr\u1ebb nh\u1ecf.<\/p>\n<p>\u2013 Ph\u00f9 h\u1ee3p v\u1edbi c\u00e1c b\u00e9 nh\u1ecf tu\u1ed5i.<\/p>","protected":false},"excerpt":{"rendered":"<p>TH\u00d4NG TIN TH\u01af\u01a0NG HI\u1ec6U V\u00c0 S\u1ea2N PH\u1ea8M Uncle Bills (UBL) cung c\u1ea5p h\u01a1n 1800 s\u1ea3n ph\u1ea9m ti\u00eau d\u00f9ng phi th\u01b0\u0323c<\/p>","protected":false},"featured_media":30522,"comment_status":"open","ping_status":"closed","template":"","meta":[],"product_brand":[],"product_cat":[397,35],"product_tag":[],"class_list":{"0":"post-30519","1":"product","2":"type-product","3":"status-publish","4":"has-post-thumbnail","6":"product_cat-hang-me-be-do-choi","7":"product_cat-nha-cua-doi-song","8":"pa_brand-uncle-bills","10":"first","11":"instock","12":"sale","13":"shipping-taxable","14":"purchasable","15":"product-type-simple"},"_links":{"self":[{"href":"https:\/\/havamall.vn\/en\/wp-json\/wp\/v2\/product\/30519"}],"collection":[{"href":"https:\/\/havamall.vn\/en\/wp-json\/wp\/v2\/product"}],"about":[{"href":"https:\/\/havamall.vn\/en\/wp-json\/wp\/v2\/types\/product"}],"replies":[{"embeddable":true,"href":"https:\/\/havamall.vn\/en\/wp-json\/wp\/v2\/comments?post=30519"}],"version-history":[{"count":0,"href":"https:\/\/havamall.vn\/en\/wp-json\/wp\/v2\/product\/30519\/revisions"}],"wp:featuredmedia":[{"embeddable":true,"href":"https:\/\/havamall.vn\/en\/wp-json\/wp\/v2\/media\/30522"}],"wp:attachment":[{"href":"https:\/\/havamall.vn\/en\/wp-json\/wp\/v2\/media?parent=30519"}],"wp:term":[{"taxonomy":"product_brand","embeddable":true,"href":"https:\/\/havamall.vn\/en\/wp-json\/wp\/v2\/product_brand?post=30519"},{"taxonomy":"product_cat","embeddable":true,"href":"https:\/\/havamall.vn\/en\/wp-json\/wp\/v2\/product_cat?post=30519"},{"taxonomy":"product_tag","embeddable":true,"href":"https:\/\/havamall.vn\/en\/wp-json\/wp\/v2\/product_tag?post=30519"}],"curies":[{"name":"wp","href":"https:\/\/api.w.org\/{rel}","templated":true}]}}