{"id":30496,"date":"2023-02-17T14:34:32","date_gmt":"2023-02-17T07:34:32","guid":{"rendered":"https:\/\/havamall.vn\/?post_type=product&#038;p=30496"},"modified":"2023-02-21T11:45:53","modified_gmt":"2023-02-21T04:45:53","slug":"bo-ong-hut-thuy-tinh-kem-co-rua-uncle-bills-glass-straws","status":"publish","type":"product","link":"https:\/\/havamall.vn\/en\/shop\/bo-ong-hut-thuy-tinh-kem-co-rua-uncle-bills-glass-straws\/","title":{"rendered":"B\u1ed9 \u1ed0ng H\u00fat Thu\u1ef7 Tinh K\u00e8m C\u1ecd R\u1eeda Uncle Bills &#8211; Glass Straws"},"content":{"rendered":"<h2><strong>TH\u00d4NG TIN TH\u01af\u01a0NG HI\u1ec6U V\u00c0 S\u1ea2N PH\u1ea8M<\/strong><\/h2>\n<p>Uncle Bills (UBL) cung c\u1ea5p h\u01a1n 1800 s\u1ea3n ph\u1ea9m ti\u00eau d\u00f9ng phi th\u01b0\u0323c ph\u00e2\u0309m h\u00e2\u0301p d\u00e2\u0303n, ti\u00ea\u0323n i\u0301ch, gia\u0301 ph\u1ea3i ch\u0103ng. S\u1ea3n ph\u1ea9m bao g\u1ed3m nhi\u1ec1u lo\u1ea1i ha\u0300ng ho\u0301a kh\u00e1c nhau, t\u1eeb \u0111\u1ed3 du\u0300ng nh\u00e0 b\u1ebfp, ch\u0103m s\u00f3c c\u00e1 nh\u00e2n, l\u00e0m s\u1ea1ch nha\u0300 c\u01b0\u0309a, \u0111\u00f4\u0300 l\u01b0u tr\u1eef, ca\u0301c loa\u0323i du\u0323ng cu\u0323, v\u00e2\u0323t du\u0323ng ngo\u00e0i tr\u1eddi v\u00e0 ca\u0309 cho tr\u1ebb em.\u00a0 UBL Lu\u00f4n lu\u00f4n c\u00e2\u0323p nh\u00e2\u0323t ca\u0301c sa\u0309n ph\u00e2\u0309m m\u01a1\u0301i.<\/p>\n<p>S\u1ea3n ph\u1ea9m UBL \u0111\u01b0\u1ee3c s\u1ea3n xu\u1ea5t theo ti\u00eau chu\u1ea9n ch\u1ea5t l\u01b0\u1ee3ng nghi\u00eam ng\u1eb7t c\u1ee7a UBL Hongkong v\u00e0 b\u00e1n t\u1ea1i h\u01a1n 50 qu\u1ed1c gia v\u01a1\u0301i h\u01a1n 10.000 c\u1eeda h\u00e0ng, bao g\u1ed3m ch\u00e2u \u00c2u, \u00dac, Ch\u00e2u \u00c1, Ch\u00e2u Phi. S\u1ee9 m\u1ec7nh c\u1ee7a UBL l\u00e0 cung c\u1ea5p nh\u1eefng s\u1ea3n ph\u1ea9m ti\u1ec7n \u00edch v\u00e0 h\u1ea5p d\u1eabn cho ng\u00f4i nh\u00e0 hi\u1ec7n \u0111\u1ea1i c\u1ee7a ng\u01b0\u1eddi Vi\u1ec7t Nam.<\/p>\n<p><img fetchpriority=\"high\" decoding=\"async\" class=\"aligncenter\" src=\"https:\/\/cf.shopee.vn\/file\/f6797de1ee745a2dc0d45cb02727d617\" alt=\"T\u00fai \u0110\u1ef1ng R\u00e1c Th\u00fa C\u01b0ng T\u1ef1 Ph\u00e2n H\u1ee7y Uncle Bills PA3372 | Shopee Vi\u1ec7t Nam\" width=\"510\" height=\"510\" \/><\/p>\n<p>\u1ed0ng h\u00fat thu\u1ef7 tinh Uncle Bills b\u1ea3o v\u1ec7 m\u00f4i tr\u01b0\u1eddng v\u00e0 b\u1ea3o v\u1ec7 s\u1ee9c kh\u1ecfe c\u1ee7a b\u1ea1n. \u1ed0ng h\u00fat thu\u1ef7 tinh v\u1edbi \u0111\u1ed9 b\u1ec1n cao, kh\u00f3 h\u01b0 h\u1ecfng, b\u1ea3o v\u1ec7 m\u00f4i tr\u01b0\u1eddng v\u00e0 kh\u00f4ng b\u1ecb \u1ea3nh h\u01b0\u1edfng b\u1edfi vi khu\u1ea9n v\u00e0 ch\u1ea5t b\u1ea9n nh\u01b0 \u1ed1ng h\u00fat th\u01b0\u1eddng. \u0110i k\u00e8m l\u00e0 c\u1ecd r\u1eeda \u0111\u1ec3 b\u1ea1n l\u00e0m s\u1ea1ch \u1ed1ng h\u00fat m\u1ed7i khi d\u00f9ng xong.<\/p>\n<p><img decoding=\"async\" class=\"wp-image-30497 aligncenter\" src=\"https:\/\/havamall.vn\/wp-content\/uploads\/2023\/02\/rBNaN2CT_IOAHEN_AADW2WKBR6s837-300x300.jpeg\" alt=\"\" width=\"513\" height=\"513\" srcset=\"https:\/\/havamall.vn\/wp-content\/uploads\/2023\/02\/rBNaN2CT_IOAHEN_AADW2WKBR6s837-300x300.jpeg 300w, https:\/\/havamall.vn\/wp-content\/uploads\/2023\/02\/rBNaN2CT_IOAHEN_AADW2WKBR6s837-430x430.jpeg 430w, https:\/\/havamall.vn\/wp-content\/uploads\/2023\/02\/rBNaN2CT_IOAHEN_AADW2WKBR6s837-150x150.jpeg 150w, https:\/\/havamall.vn\/wp-content\/uploads\/2023\/02\/rBNaN2CT_IOAHEN_AADW2WKBR6s837-700x700.jpeg 700w, https:\/\/havamall.vn\/wp-content\/uploads\/2023\/02\/rBNaN2CT_IOAHEN_AADW2WKBR6s837-768x768.jpeg 768w, https:\/\/havamall.vn\/wp-content\/uploads\/2023\/02\/rBNaN2CT_IOAHEN_AADW2WKBR6s837-600x600.jpeg 600w, https:\/\/havamall.vn\/wp-content\/uploads\/2023\/02\/rBNaN2CT_IOAHEN_AADW2WKBR6s837-100x100.jpeg 100w, https:\/\/havamall.vn\/wp-content\/uploads\/2023\/02\/rBNaN2CT_IOAHEN_AADW2WKBR6s837.jpeg 800w\" sizes=\"(max-width: 513px) 100vw, 513px\" \/><\/p>\n<p>N\u1ebfu \u1ed1ng h\u00fat nh\u1ef1a g\u00e2y nguy h\u1ea1i \u0111\u1ebfn m\u00f4i tr\u01b0\u1eddng, \u1ed1ng h\u00fat gi\u1ea5y v\u1eabn c\u1ea7n s\u1eed d\u1ee5ng 1 l\u1edbp m\u1ecfng nilon b\u00ean trong \u0111\u1ec3 gi\u1eef \u0111\u1ed9 b\u1ec1n, \u1ed1ng h\u00fat thu\u1ef7 tinh 5 c\u00e1i Uncle Bills l\u00e0 l\u1ef1a ch\u1ecdn b\u1ec1n v\u1eefng theo th\u1eddi gian.<\/p>\n<p>Lo\u1ea1i th\u1ee7y tinh s\u1eed d\u1ee5ng l\u00e0m \u1ed1ng h\u00fat trong veo, r\u1ea5t tinh t\u1ebf, c\u00f3 gi\u00e1 tr\u1ecb th\u1ea9m m\u1ef9 cao. B\u00ean c\u1ea1nh \u0111\u00f3, khi v\u1ec7 sinh, b\u1ea1n kh\u00f4ng c\u00f2n lo r\u1eeda kh\u00f4ng s\u1ea1ch n\u1eefa v\u00ec th\u1ee7y tinh r\u1ea5t d\u1ec5 c\u1ecd r\u1eeda v\u00e0 v\u00ec trong su\u1ed1t n\u00ean d\u1ec5 d\u00e0ng nh\u00ecn th\u1ea5y c\u00e1c v\u1ebft b\u1ea9n \u0111\u1ec3 r\u1eeda.<\/p>\n<p><img decoding=\"async\" class=\"wp-image-30498 aligncenter\" src=\"https:\/\/havamall.vn\/wp-content\/uploads\/2023\/02\/d209397621e9a2c3069de30fbb4c128f244f5cde-300x285.png\" alt=\"\" width=\"522\" height=\"496\" srcset=\"https:\/\/havamall.vn\/wp-content\/uploads\/2023\/02\/d209397621e9a2c3069de30fbb4c128f244f5cde-300x285.png 300w, https:\/\/havamall.vn\/wp-content\/uploads\/2023\/02\/d209397621e9a2c3069de30fbb4c128f244f5cde-430x408.png 430w, https:\/\/havamall.vn\/wp-content\/uploads\/2023\/02\/d209397621e9a2c3069de30fbb4c128f244f5cde-150x142.png 150w, https:\/\/havamall.vn\/wp-content\/uploads\/2023\/02\/d209397621e9a2c3069de30fbb4c128f244f5cde-700x664.png 700w, https:\/\/havamall.vn\/wp-content\/uploads\/2023\/02\/d209397621e9a2c3069de30fbb4c128f244f5cde-768x729.png 768w, https:\/\/havamall.vn\/wp-content\/uploads\/2023\/02\/d209397621e9a2c3069de30fbb4c128f244f5cde-600x569.png 600w, https:\/\/havamall.vn\/wp-content\/uploads\/2023\/02\/d209397621e9a2c3069de30fbb4c128f244f5cde.png 1000w\" sizes=\"(max-width: 522px) 100vw, 522px\" \/><\/p>\n<h2><strong>\u0110\u1eb7c \u0111i\u1ec3m n\u1ed5i b\u1eadt:<\/strong><\/h2>\n<p>\u2013 \u1ed0ng h\u00fat c\u00f3 b\u1ed9 5 s\u1ea3n ph\u1ea9m s\u1eed d\u1ee5ng ti\u1ec7n l\u1ee3i, u\u1ed1ng h\u00fat d\u1ec5 d\u00e0ng, s\u1ea1ch s\u1ebd.<\/p>\n<p>\u2013 Ch\u1ea5t li\u1ec7u thu\u1ef7 tinh b\u00f3ng s\u00e1ng, ch\u1ed1ng r\u1ec9 s\u00e9t, an to\u00e0n cho s\u1ee9c kh\u1ecfe, l\u00e0m s\u1ea1ch \u0111\u01a1n gi\u1ea3n.<\/p>\n<p>\u2013 \u0110i k\u00e8m c\u1ecd r\u1eeda, v\u1ec7 sinh \u1ed1ng h\u00fat ti\u1ec7n l\u1ee3i, nhanh ch\u00f3ng h\u01a1n, g\u00f3p ph\u1ea7n b\u1ea3o v\u1ec7 m\u00f4i tr\u01b0\u1eddng.<\/p>\n<p>\u2013 C\u00f3 th\u1ec3 mang theo b\u00ean m\u00ecnh khi \u0111i ra ngo\u00e0i, du l\u1ecbch, c\u00f4ng t\u00e1c, \u0111i h\u1ecdc, \u0111i ch\u01a1i\u2026<\/p>\n<p>S\u1ea3n ph\u1ea9m hi\u1ec7n \u0111\u00e3 c\u00f3 m\u1eb7t t\u1ea1i Havamall.<\/p>\n<p><img loading=\"lazy\" decoding=\"async\" class=\"wp-image-30499 aligncenter\" src=\"https:\/\/havamall.vn\/wp-content\/uploads\/2023\/02\/2dba7398-4619-4257-b596-8a12eb972165-2014-0131_juiceglass_glass-straws_carousel-005-300x150.jpeg\" alt=\"\" width=\"536\" height=\"268\" srcset=\"https:\/\/havamall.vn\/wp-content\/uploads\/2023\/02\/2dba7398-4619-4257-b596-8a12eb972165-2014-0131_juiceglass_glass-straws_carousel-005-300x150.jpeg 300w, https:\/\/havamall.vn\/wp-content\/uploads\/2023\/02\/2dba7398-4619-4257-b596-8a12eb972165-2014-0131_juiceglass_glass-straws_carousel-005-430x215.jpeg 430w, https:\/\/havamall.vn\/wp-content\/uploads\/2023\/02\/2dba7398-4619-4257-b596-8a12eb972165-2014-0131_juiceglass_glass-straws_carousel-005-150x75.jpeg 150w, https:\/\/havamall.vn\/wp-content\/uploads\/2023\/02\/2dba7398-4619-4257-b596-8a12eb972165-2014-0131_juiceglass_glass-straws_carousel-005-700x350.jpeg 700w, https:\/\/havamall.vn\/wp-content\/uploads\/2023\/02\/2dba7398-4619-4257-b596-8a12eb972165-2014-0131_juiceglass_glass-straws_carousel-005-768x384.jpeg 768w, https:\/\/havamall.vn\/wp-content\/uploads\/2023\/02\/2dba7398-4619-4257-b596-8a12eb972165-2014-0131_juiceglass_glass-straws_carousel-005-1024x512.jpeg 1024w, https:\/\/havamall.vn\/wp-content\/uploads\/2023\/02\/2dba7398-4619-4257-b596-8a12eb972165-2014-0131_juiceglass_glass-straws_carousel-005.jpeg 1200w, https:\/\/havamall.vn\/wp-content\/uploads\/2023\/02\/2dba7398-4619-4257-b596-8a12eb972165-2014-0131_juiceglass_glass-straws_carousel-005-600x300.jpeg 600w\" sizes=\"(max-width: 536px) 100vw, 536px\" \/><\/p>","protected":false},"excerpt":{"rendered":"<p>TH\u00d4NG TIN TH\u01af\u01a0NG HI\u1ec6U V\u00c0 S\u1ea2N PH\u1ea8M Uncle Bills (UBL) cung c\u1ea5p h\u01a1n 1800 s\u1ea3n ph\u1ea9m ti\u00eau d\u00f9ng phi th\u01b0\u0323c<\/p>","protected":false},"featured_media":30502,"comment_status":"open","ping_status":"closed","template":"","meta":[],"product_brand":[],"product_cat":[35],"product_tag":[],"class_list":{"0":"post-30496","1":"product","2":"type-product","3":"status-publish","4":"has-post-thumbnail","6":"product_cat-nha-cua-doi-song","7":"pa_brand-uncle-bills","9":"first","10":"instock","11":"sale","12":"shipping-taxable","13":"purchasable","14":"product-type-simple"},"_links":{"self":[{"href":"https:\/\/havamall.vn\/en\/wp-json\/wp\/v2\/product\/30496"}],"collection":[{"href":"https:\/\/havamall.vn\/en\/wp-json\/wp\/v2\/product"}],"about":[{"href":"https:\/\/havamall.vn\/en\/wp-json\/wp\/v2\/types\/product"}],"replies":[{"embeddable":true,"href":"https:\/\/havamall.vn\/en\/wp-json\/wp\/v2\/comments?post=30496"}],"version-history":[{"count":0,"href":"https:\/\/havamall.vn\/en\/wp-json\/wp\/v2\/product\/30496\/revisions"}],"wp:featuredmedia":[{"embeddable":true,"href":"https:\/\/havamall.vn\/en\/wp-json\/wp\/v2\/media\/30502"}],"wp:attachment":[{"href":"https:\/\/havamall.vn\/en\/wp-json\/wp\/v2\/media?parent=30496"}],"wp:term":[{"taxonomy":"product_brand","embeddable":true,"href":"https:\/\/havamall.vn\/en\/wp-json\/wp\/v2\/product_brand?post=30496"},{"taxonomy":"product_cat","embeddable":true,"href":"https:\/\/havamall.vn\/en\/wp-json\/wp\/v2\/product_cat?post=30496"},{"taxonomy":"product_tag","embeddable":true,"href":"https:\/\/havamall.vn\/en\/wp-json\/wp\/v2\/product_tag?post=30496"}],"curies":[{"name":"wp","href":"https:\/\/api.w.org\/{rel}","templated":true}]}}