{"id":30490,"date":"2023-02-17T13:45:16","date_gmt":"2023-02-17T06:45:16","guid":{"rendered":"https:\/\/havamall.vn\/?post_type=product&#038;p=30490"},"modified":"2023-06-14T09:41:48","modified_gmt":"2023-06-14T02:41:48","slug":"keo-dan-hy0020-uncle-bills-contact-cement-glue-60g","status":"publish","type":"product","link":"https:\/\/havamall.vn\/en\/shop\/keo-dan-hy0020-uncle-bills-contact-cement-glue-60g\/","title":{"rendered":"Keo D\u00e1n HY0020 Uncle Bills &#8211; Contact Cement Glue 60g"},"content":{"rendered":"<p>&nbsp;<\/p>\n<h2><strong>TH\u00d4NG TIN TH\u01af\u01a0NG HI\u1ec6U V\u00c0 S\u1ea2N PH\u1ea8M<\/strong><\/h2>\n<p>Uncle Bills (UBL) cung c\u1ea5p h\u01a1n 1800 s\u1ea3n ph\u1ea9m ti\u00eau d\u00f9ng phi th\u01b0\u0323c ph\u00e2\u0309m h\u00e2\u0301p d\u00e2\u0303n, ti\u00ea\u0323n i\u0301ch, gia\u0301 ph\u1ea3i ch\u0103ng. S\u1ea3n ph\u1ea9m bao g\u1ed3m nhi\u1ec1u lo\u1ea1i ha\u0300ng ho\u0301a kh\u00e1c nhau, t\u1eeb \u0111\u1ed3 du\u0300ng nh\u00e0 b\u1ebfp, ch\u0103m s\u00f3c c\u00e1 nh\u00e2n, l\u00e0m s\u1ea1ch nha\u0300 c\u01b0\u0309a, \u0111\u00f4\u0300 l\u01b0u tr\u1eef, ca\u0301c loa\u0323i du\u0323ng cu\u0323, v\u00e2\u0323t du\u0323ng ngo\u00e0i tr\u1eddi v\u00e0 ca\u0309 cho tr\u1ebb em. UBL Lu\u00f4n lu\u00f4n c\u00e2\u0323p nh\u00e2\u0323t ca\u0301c sa\u0309n ph\u00e2\u0309m m\u01a1\u0301i.<\/p>\n<p>S\u1ea3n ph\u1ea9m UBL \u0111\u01b0\u1ee3c s\u1ea3n xu\u1ea5t theo ti\u00eau chu\u1ea9n ch\u1ea5t l\u01b0\u1ee3ng nghi\u00eam ng\u1eb7t c\u1ee7a UBL Hongkong v\u00e0 b\u00e1n t\u1ea1i h\u01a1n 50 qu\u1ed1c gia v\u01a1\u0301i h\u01a1n 10.000 c\u1eeda h\u00e0ng, bao g\u1ed3m ch\u00e2u \u00c2u, \u00dac, Ch\u00e2u \u00c1, Ch\u00e2u Phi. S\u1ee9 m\u1ec7nh c\u1ee7a UBL l\u00e0 cung c\u1ea5p nh\u1eefng s\u1ea3n ph\u1ea9m ti\u1ec7n \u00edch v\u00e0 h\u1ea5p d\u1eabn cho ng\u00f4i nh\u00e0 hi\u1ec7n \u0111\u1ea1i c\u1ee7a ng\u01b0\u1eddi Vi\u1ec7t Nam.<\/p>\n<p><img fetchpriority=\"high\" decoding=\"async\" class=\"aligncenter\" src=\"https:\/\/cf.shopee.vn\/file\/f6797de1ee745a2dc0d45cb02727d617\" alt=\"T\u00fai \u0110\u1ef1ng R\u00e1c Th\u00fa C\u01b0ng T\u1ef1 Ph\u00e2n H\u1ee7y Uncle Bills PA3372 | Shopee Vi\u1ec7t Nam\" width=\"579\" height=\"579\" \/><\/p>\n<p>Keo d\u00e1n HY0020 UBL \u0111\u1ea3m b\u1ea3o an to\u00e0n cho s\u1ee9c kh\u1ecfe ng\u01b0\u1eddi d\u00f9ng. S\u1ea3n ph\u1ea9m keo d\u00e1n g\u1ed7 kh\u00f4ng m\u00f9i h\u00f4i. C\u00f3 th\u1ec3 s\u1eed d\u1ee5ng b\u1eb1ng th\u1ee7 c\u00f4ng, m\u00e1y t\u1ef1 \u0111\u1ed9ng v\u00e0 b\u00e1n t\u1ef1 \u0111\u1ed9ng.<\/p>\n<p>L\u01b0\u1ee3ng keo ti\u00eau hao th\u1ea5p gi\u00fap ti\u1ebft ki\u1ec7m chi ph\u00ed, c\u00f3 \u0111\u1ed9 k\u1ebft d\u00ednh cao, kh\u00f4 nhanh, ch\u1ea5t l\u01b0\u1ee3ng keo \u1ed5n \u0111\u1ecbnh, d\u1ec5 s\u1eed d\u1ee5ng c\u0169ng nh\u01b0 b\u1ea3o qu\u1ea3n, ch\u1ecbu \u0111\u01b0\u1ee3c l\u1ea1nh v\u00e0 n\u00f3ng.<\/p>\n<p><img decoding=\"async\" class=\"wp-image-30493 aligncenter\" src=\"https:\/\/havamall.vn\/wp-content\/uploads\/2023\/02\/Screen-Shot-2023-02-17-at-12.00.47-PM-300x200.png\" alt=\"\" width=\"587\" height=\"392\" srcset=\"https:\/\/havamall.vn\/wp-content\/uploads\/2023\/02\/Screen-Shot-2023-02-17-at-12.00.47-PM-300x200.png 300w, https:\/\/havamall.vn\/wp-content\/uploads\/2023\/02\/Screen-Shot-2023-02-17-at-12.00.47-PM-430x287.png 430w, https:\/\/havamall.vn\/wp-content\/uploads\/2023\/02\/Screen-Shot-2023-02-17-at-12.00.47-PM-150x100.png 150w, https:\/\/havamall.vn\/wp-content\/uploads\/2023\/02\/Screen-Shot-2023-02-17-at-12.00.47-PM-700x466.png 700w, https:\/\/havamall.vn\/wp-content\/uploads\/2023\/02\/Screen-Shot-2023-02-17-at-12.00.47-PM-768x512.png 768w, https:\/\/havamall.vn\/wp-content\/uploads\/2023\/02\/Screen-Shot-2023-02-17-at-12.00.47-PM-1024x682.png 1024w, https:\/\/havamall.vn\/wp-content\/uploads\/2023\/02\/Screen-Shot-2023-02-17-at-12.00.47-PM-1200x800.png 1200w, https:\/\/havamall.vn\/wp-content\/uploads\/2023\/02\/Screen-Shot-2023-02-17-at-12.00.47-PM-600x400.png 600w, https:\/\/havamall.vn\/wp-content\/uploads\/2023\/02\/Screen-Shot-2023-02-17-at-12.00.47-PM.png 2026w\" sizes=\"(max-width: 587px) 100vw, 587px\" \/><\/p>\n<p>Keo d\u00e1n Uncle Bills cung c\u1ea5p s\u1ef1 k\u1ebft n\u1ed1i b\u1ec1n ch\u1eafc v\u00e0 hi\u1ec7u qu\u1ea3 \u0111\u1ed1i v\u1edbi nhi\u1ec1u lo\u1ea1i v\u1eadt li\u1ec7u kh\u00e1c nhau, t\u1eeb gi\u1ea5y, v\u1ea3i, da, n\u1ec9 \u0111\u1ebfn nh\u1ef1a, g\u1ed7, cao su, g\u1ea1ch v\u00e0 kim lo\u1ea1i, kh\u00f4ng c\u1ea7n k\u1eb9p gi\u1eef khi d\u00e1n.<\/p>\n<h2><strong>\u0110\u1eb6C \u0110I\u1ec2M N\u1ed4I B\u1eacT C\u1ee6A S\u1ea2N PH\u1ea8M<\/strong><\/h2>\n<ul>\n<li><strong>Keo D\u00e1n HY0020<\/strong>\u00a0mang l\u1ea1i s\u1ef1 ti\u1ec7n l\u1ee3i khi s\u1eeda ch\u1eefa \u0111\u1ed3 d\u00f9ng trong ng\u00f4i nh\u00e0 c\u1ee7a b\u1ea1n.<\/li>\n<li>Gi\u00fap b\u1ea1n d\u00e1n l\u1ea1i c\u0169ng nh\u01b0 h\u1eb1n g\u1eafn c\u00e1c v\u1ebft n\u1ee9t, g\u00e3y c\u1ee7a c\u00e1c \u0111\u1ed3 v\u1eadt.<\/li>\n<li>Keo d\u00e1n \u0111\u1ea3m b\u1ea3o \u0111\u1ed9\u00a0 d\u00ednh ch\u1eafc ch\u1eafn cho hi\u1ec7u qu\u1ea3 ngay khi s\u1eed d\u1ee5ng.<\/li>\n<li>K\u00edch th\u01b0\u1edbc: 45 x 170 mm.<\/li>\n<li>Tr\u1ecdng l\u01b0\u1ee3ng: 60g.<\/li>\n<\/ul>\n<p><img decoding=\"async\" class=\"wp-image-30494 aligncenter\" src=\"https:\/\/havamall.vn\/wp-content\/uploads\/2023\/02\/a545bd1d-f1fe-402b-a673-a88c8e530f94.dbfc8c79e2d3849045bb9d1291bc30c9-300x235.png\" alt=\"\" width=\"586\" height=\"459\" srcset=\"https:\/\/havamall.vn\/wp-content\/uploads\/2023\/02\/a545bd1d-f1fe-402b-a673-a88c8e530f94.dbfc8c79e2d3849045bb9d1291bc30c9-300x235.png 300w, https:\/\/havamall.vn\/wp-content\/uploads\/2023\/02\/a545bd1d-f1fe-402b-a673-a88c8e530f94.dbfc8c79e2d3849045bb9d1291bc30c9-430x337.png 430w, https:\/\/havamall.vn\/wp-content\/uploads\/2023\/02\/a545bd1d-f1fe-402b-a673-a88c8e530f94.dbfc8c79e2d3849045bb9d1291bc30c9-150x118.png 150w, https:\/\/havamall.vn\/wp-content\/uploads\/2023\/02\/a545bd1d-f1fe-402b-a673-a88c8e530f94.dbfc8c79e2d3849045bb9d1291bc30c9-700x549.png 700w, https:\/\/havamall.vn\/wp-content\/uploads\/2023\/02\/a545bd1d-f1fe-402b-a673-a88c8e530f94.dbfc8c79e2d3849045bb9d1291bc30c9-768x602.png 768w, https:\/\/havamall.vn\/wp-content\/uploads\/2023\/02\/a545bd1d-f1fe-402b-a673-a88c8e530f94.dbfc8c79e2d3849045bb9d1291bc30c9-1024x803.png 1024w, https:\/\/havamall.vn\/wp-content\/uploads\/2023\/02\/a545bd1d-f1fe-402b-a673-a88c8e530f94.dbfc8c79e2d3849045bb9d1291bc30c9-1200x941.png 1200w, https:\/\/havamall.vn\/wp-content\/uploads\/2023\/02\/a545bd1d-f1fe-402b-a673-a88c8e530f94.dbfc8c79e2d3849045bb9d1291bc30c9-600x471.png 600w, https:\/\/havamall.vn\/wp-content\/uploads\/2023\/02\/a545bd1d-f1fe-402b-a673-a88c8e530f94.dbfc8c79e2d3849045bb9d1291bc30c9.png 2000w\" sizes=\"(max-width: 586px) 100vw, 586px\" \/><\/p>\n<p>&nbsp;<\/p>","protected":false},"excerpt":{"rendered":"<p>&nbsp; TH\u00d4NG TIN TH\u01af\u01a0NG HI\u1ec6U V\u00c0 S\u1ea2N PH\u1ea8M Uncle Bills (UBL) cung c\u1ea5p h\u01a1n 1800 s\u1ea3n ph\u1ea9m ti\u00eau d\u00f9ng phi<\/p>","protected":false},"featured_media":30503,"comment_status":"open","ping_status":"closed","template":"","meta":[],"product_brand":[],"product_cat":[35],"product_tag":[],"class_list":{"0":"post-30490","1":"product","2":"type-product","3":"status-publish","4":"has-post-thumbnail","6":"product_cat-nha-cua-doi-song","7":"pa_brand-uncle-bills","9":"first","10":"outofstock","11":"sale","12":"shipping-taxable","13":"purchasable","14":"product-type-simple"},"_links":{"self":[{"href":"https:\/\/havamall.vn\/en\/wp-json\/wp\/v2\/product\/30490"}],"collection":[{"href":"https:\/\/havamall.vn\/en\/wp-json\/wp\/v2\/product"}],"about":[{"href":"https:\/\/havamall.vn\/en\/wp-json\/wp\/v2\/types\/product"}],"replies":[{"embeddable":true,"href":"https:\/\/havamall.vn\/en\/wp-json\/wp\/v2\/comments?post=30490"}],"version-history":[{"count":0,"href":"https:\/\/havamall.vn\/en\/wp-json\/wp\/v2\/product\/30490\/revisions"}],"wp:featuredmedia":[{"embeddable":true,"href":"https:\/\/havamall.vn\/en\/wp-json\/wp\/v2\/media\/30503"}],"wp:attachment":[{"href":"https:\/\/havamall.vn\/en\/wp-json\/wp\/v2\/media?parent=30490"}],"wp:term":[{"taxonomy":"product_brand","embeddable":true,"href":"https:\/\/havamall.vn\/en\/wp-json\/wp\/v2\/product_brand?post=30490"},{"taxonomy":"product_cat","embeddable":true,"href":"https:\/\/havamall.vn\/en\/wp-json\/wp\/v2\/product_cat?post=30490"},{"taxonomy":"product_tag","embeddable":true,"href":"https:\/\/havamall.vn\/en\/wp-json\/wp\/v2\/product_tag?post=30490"}],"curies":[{"name":"wp","href":"https:\/\/api.w.org\/{rel}","templated":true}]}}