{"id":30474,"date":"2023-02-16T09:34:05","date_gmt":"2023-02-16T02:34:05","guid":{"rendered":"https:\/\/havamall.vn\/?post_type=product&#038;p=30474"},"modified":"2023-06-09T09:15:43","modified_gmt":"2023-06-09T02:15:43","slug":"dau-do-tay-havafoodies-tui-500g-red-kidney-beans","status":"publish","type":"product","link":"https:\/\/havamall.vn\/en\/shop\/dau-do-tay-havafoodies-tui-500g-red-kidney-beans\/","title":{"rendered":"\u0110\u1eadu \u0110\u1ecf T\u00e2y Havafoodies T\u00fai 500g \u2013 Red Kidney Beans"},"content":{"rendered":"<p>\u0110\u1eadu \u0111\u1ecf t\u00e2y hay c\u00f2n g\u1ecdi l\u00e0 \u0111\u1eadu th\u1eadn v\u00e0 c\u00f3 t\u00ean ti\u1ebfng anh l\u00e0 Kidney bean. Lo\u1ea1i \u0111\u1eadu n\u00e0y r\u1ea5t gi\u00e0u protein v\u00e0 c\u00e1c kho\u00e1ng ch\u1ea5t nh\u01b0 s\u1eaft, canxi, k\u1ebdm\u2026 c\u00f3 t\u00e1c d\u1ee5ng ng\u0103n ng\u1eeba v\u00e0 \u0111i\u1ec1u tr\u1ecb ung th\u01b0, ti\u1ec3u \u0111\u01b0\u1eddng, t\u00e1o b\u00f3n\u2026 hi\u1ec7u qu\u1ea3.<\/p>\n<p>Kidney bean l\u00e0 g\u00ec? L\u00e0 lo\u1ea1i c\u00e2y h\u1ecd \u0111\u1eadu, \u0111\u01b0\u1ee3c d\u00f9ng ch\u1ee7 y\u1ebfu trong \u1ea9m th\u1ef1c. Ngo\u00e0i ra lo\u1ea1i \u0111\u1eadu n\u00e0y c\u00f2n \u0111\u01b0\u1ee3c d\u00f9ng l\u00e0m thu\u1ed1c, l\u00e0m \u0111\u1eb9p r\u1ea5t t\u1ed1t. V\u1eady lo\u1ea1i \u0111\u1eadu n\u00e0y c\u00f3 ngu\u1ed3n g\u1ed1c t\u1eeb \u0111\u00e2u, c\u00e2y ph\u00e1t tri\u1ec3n c\u00f3 h\u00ecnh d\u1ea1ng nh\u01b0 th\u1ebf n\u00e0o, c\u00f3 c\u00e1c d\u01b0\u1ee1ng ch\u1ea5t, c\u00f4ng d\u1ee5ng g\u00ec b\u1ea1n c\u00f3 th\u1ec3 t\u00ecm hi\u1ec3u v\u1ec1 lo\u1ea1i \u0111\u1eadu n\u00e0y trong b\u00e0i vi\u1ebft n\u00e0y.<\/p>\n<p>\u0110\u1eadu \u0111\u1ecf r\u1ea5t gi\u00e0u protein v\u00e0 c\u00e1c kho\u00e1ng ch\u1ea5t nh\u01b0 s\u1eaft, canxi, k\u1ebdm,\u2026 c\u00f3 t\u00e1c d\u1ee5ng ng\u0103n ng\u1eeba v\u00e0 \u0111i\u1ec1u tr\u1ecb ung th\u01b0, ti\u1ec3u \u0111\u01b0\u1eddng, t\u00e1o b\u00f3n,\u2026 hi\u1ec7u qu\u1ea3.<\/p>\n<p><img fetchpriority=\"high\" decoding=\"async\" class=\"aligncenter\" src=\"https:\/\/havamall.vn\/wp-content\/uploads\/2022\/07\/807716893sst1641271427-scaled.jpg\" alt=\"Kidney Beans: Benefits, Nutrition, Recipes &amp; Side Effects - HealthifyMe\" width=\"620\" height=\"414\" \/><\/p>\n<h2><strong>\u0110\u1eb7c \u0111i\u1ec3m s\u1ea3n ph\u1ea9m<\/strong><\/h2>\n<p>\u2013\u00a0Gi\u00e0u protein: c\u00f3 l\u1ee3i cho tim, l\u00e0m h\u1ea1 th\u1ea5p m\u1ee9c cholesterol x\u1ea5u LDL v\u00e0 l\u00e0m gia t\u0103ng l\u01b0\u1ee3ng cholesterol t\u1ed1t HDL,\u00a0gi\u00fap h\u1ed7 tr\u1ee3 ng\u0103n ng\u1eeba c\u00e1c b\u1ec7nh v\u1ec1 tim m\u1ea1ch.<\/p>\n<p>\u2013\u00a0Gi\u00e0u ch\u1ea5t x\u01a1: gi\u00fap t\u0103ng s\u1ee9c \u0111\u1ec1 kh\u00e1ng cho h\u1ec7 ru\u1ed9t, gi\u00fap d\u1ec5 h\u1ea5p th\u1ee5 v\u00e0 ti\u00eau h\u00f3a th\u1ee9c \u0103n, h\u1ed7 tr\u1ee3 \u0111i\u1ec1u tr\u1ecb b\u1ec7nh ti\u1ec3u \u0111\u01b0\u1eddng.<\/p>\n<p>\u2013\u00a0Gi\u00fap b\u1ed5 sung s\u1eaft v\u00e0 c\u00e1c ch\u1ea5t ch\u1ed1ng oxi h\u00f3a, gi\u00fap m\u1eb9 b\u1ea7u t\u0103ng s\u1ee9c \u0111\u1ec1 kh\u00e1ng v\u00e0 gi\u1ea3m nguy c\u01a1 m\u1eafc b\u1ec7nh. Vitamin B1, vitamin B6 c\u00f3 trong \u0111\u1eadu \u0111\u1ecf c\u00f2n gi\u00fap ch\u1ecb em b\u1ea7u gi\u1ea3m m\u1ec7t m\u1ecfi, gi\u1ea3m stress v\u00e0 t\u0103ng kh\u1ea3 n\u0103ng l\u01b0u th\u00f4ng m\u00e1u.<\/p>\n<p>\u2013\u00a0Gi\u00e0u vitamin nh\u00f3m B v\u00e0 mang t\u00ednh ch\u1ea5t ki\u1ec1m: t\u00e1c d\u1ee5ng nhu\u1eadn tr\u00e0ng, th\u00f4ng ru\u1ed9t, gi\u1ea3i \u0111\u1ed9c cho ru\u1ed9t v\u00e0 gan r\u1ea5t\u00a0hi\u1ec7u qu\u1ea3.<\/p>\n<p>\u2013\u00a0Gi\u00fap gi\u1ea3m c\u00e2n hi\u1ec7u qu\u1ea3. H\u1ea1t \u0111\u1eadu \u0111\u1ecf cung c\u1ea5p \u00edt calo (m\u1ed9t ch\u00e9n \u0111\u1eadu \u0111\u1ecf ch\u1ec9 cung c\u1ea5p kho\u1ea3ng 300 calo) nh\u01b0ng l\u1ea1i gi\u00e0u ch\u1ea5t x\u01a1 n\u00ean s\u1ebd gi\u00fap b\u1ea1n no l\u00e2u, h\u1ea1n ch\u1ebf c\u1ea3m gi\u00e1c th\u00e8m \u0103n \u0111\u1ed3ng th\u1eddi c\u00f2n \u0111\u1ed1t ch\u00e1y b\u1edbt l\u01b0\u1ee3ng m\u1ee1 th\u1eeba \u0111\u00e3 t\u00edch tr\u1eef l\u00e2u ng\u00e0y trong c\u01a1 th\u1ec3.<\/p>\n<div><img decoding=\"async\" class=\"aligncenter\" src=\"https:\/\/imagesvc.meredithcorp.io\/v3\/mm\/image?url=https%3A%2F%2Fstatic.onecms.io%2Fwp-content%2Fuploads%2Fsites%2F19%2F2019%2F02%2F21%2Fsteak-fajita-chili-1810-p64-2000.jpg\" alt=\"25 Easy Recipes With Kidney Beans | MyRecipes\" width=\"616\" height=\"462\" \/><\/div>\n<h2><strong>H\u01b0\u1edbng d\u1eabn s\u1eed d\u1ee5ng<\/strong><\/h2>\n<p>Ng\u00e2m \u0111\u00e2u trong v\u00f2ng 24 ti\u1ebfng. Sau \u0111\u00f3 \u0111\u1ec3 kh\u00f4 r\u00e1o. N\u1ea5u \u0111\u1eadu trong n\u01b0\u1edbc s\u00f4i c\u00f3 th\u00eam \u00edt mu\u1ed1i kho\u1ea3ng 1 ti\u1ebfng. \u0102n n\u00f3ng v\u1edbi c\u01a1m, th\u1ecbt ho\u1eb7c l\u1ea1nh nh\u01b0 m\u00f3n x\u00e0 l\u00e1ch v\u1edbi n\u01b0\u1edbc s\u1ed1t.<\/p>\n<p>D\u00f9ng \u0111\u1ec3 ch\u1ebf bi\u1ebfn m\u00f3n \u0103n Vi\u1ec7t Nam: n\u1ea5u ch\u00e8, ch\u00e1o, s\u00fap, xay th\u00e0nh b\u1ed9t\u2026<\/p>\n<div>\n<p>B\u1ea3o qu\u1ea3n n\u01a1i kh\u00f4 r\u00e1o tho\u00e1ng m\u00e1t, tr\u00e1nh ngu\u1ed3n nhi\u1ec7t cao v\u00e0 \u1ea9m \u01b0\u1edbt. B\u1ea3o qu\u1ea3n t\u1ed1t h\u01a1n trong l\u1ecd th\u1ee7y tinh.<\/p>\n<div><img decoding=\"async\" class=\"aligncenter\" src=\"https:\/\/havamall.vn\/wp-content\/uploads\/2022\/07\/4457596.jpg\" alt=\"Moroccan Kidney Bean &amp; Chickpea Salad Recipe | EatingWell\" width=\"621\" height=\"621\" \/><\/div>\n<\/div>","protected":false},"excerpt":{"rendered":"<p>\u0110\u1eadu \u0111\u1ecf t\u00e2y hay c\u00f2n g\u1ecdi l\u00e0 \u0111\u1eadu th\u1eadn v\u00e0 c\u00f3 t\u00ean ti\u1ebfng anh l\u00e0 Kidney bean. Lo\u1ea1i \u0111\u1eadu n\u00e0y<\/p>","protected":false},"featured_media":30475,"comment_status":"open","ping_status":"closed","template":"","meta":[],"product_brand":[],"product_cat":[594,36,134],"product_tag":[],"class_list":{"0":"post-30474","1":"product","2":"type-product","3":"status-publish","4":"has-post-thumbnail","6":"product_cat-dau-cu-qua-kho","7":"product_cat-thuc-pham-tieu-dung","8":"product_cat-thucpham-saykho","9":"pa_brand-skx","11":"first","12":"instock","13":"sale","14":"shipping-taxable","15":"purchasable","16":"product-type-simple"},"_links":{"self":[{"href":"https:\/\/havamall.vn\/en\/wp-json\/wp\/v2\/product\/30474"}],"collection":[{"href":"https:\/\/havamall.vn\/en\/wp-json\/wp\/v2\/product"}],"about":[{"href":"https:\/\/havamall.vn\/en\/wp-json\/wp\/v2\/types\/product"}],"replies":[{"embeddable":true,"href":"https:\/\/havamall.vn\/en\/wp-json\/wp\/v2\/comments?post=30474"}],"version-history":[{"count":0,"href":"https:\/\/havamall.vn\/en\/wp-json\/wp\/v2\/product\/30474\/revisions"}],"wp:featuredmedia":[{"embeddable":true,"href":"https:\/\/havamall.vn\/en\/wp-json\/wp\/v2\/media\/30475"}],"wp:attachment":[{"href":"https:\/\/havamall.vn\/en\/wp-json\/wp\/v2\/media?parent=30474"}],"wp:term":[{"taxonomy":"product_brand","embeddable":true,"href":"https:\/\/havamall.vn\/en\/wp-json\/wp\/v2\/product_brand?post=30474"},{"taxonomy":"product_cat","embeddable":true,"href":"https:\/\/havamall.vn\/en\/wp-json\/wp\/v2\/product_cat?post=30474"},{"taxonomy":"product_tag","embeddable":true,"href":"https:\/\/havamall.vn\/en\/wp-json\/wp\/v2\/product_tag?post=30474"}],"curies":[{"name":"wp","href":"https:\/\/api.w.org\/{rel}","templated":true}]}}