{"id":30445,"date":"2023-02-15T10:37:16","date_gmt":"2023-02-15T03:37:16","guid":{"rendered":"https:\/\/havamall.vn\/?post_type=product&#038;p=30445"},"modified":"2023-02-15T10:37:16","modified_gmt":"2023-02-15T03:37:16","slug":"thach-rau-cau-hinh-con-ca-havafoodies-tui-200g","status":"publish","type":"product","link":"https:\/\/havamall.vn\/en\/shop\/thach-rau-cau-hinh-con-ca-havafoodies-tui-200g\/","title":{"rendered":"Th\u1ea1ch Rau C\u00e2u H\u00ecnh Con C\u00e1 Havafoodies T\u00fai 200g"},"content":{"rendered":"<p>Th\u1ea1ch tr\u00e2n ch\u00e2u h\u00ecnh con c\u00e1 l\u00e0 m\u1ed9t lo\u1ea1i \u0111\u1ed3 u\u1ed1ng \u0111ang r\u1ea5t \u0111\u01b0\u1ee3c \u01b0a chu\u1ed9ng trong gi\u1edbi tr\u1ebb hi\u1ec7n nay.\u00a0V\u1edbi h\u00ecnh d\u00e1ng \u0111\u1ed9c \u0111\u00e1o v\u00e0 sinh \u0111\u1ed9ng, th\u1ea1ch tr\u00e2n ch\u00e2u h\u00ecnh con c\u00e1 \u0111\u00e3 tr\u1edf th\u00e0nh m\u1ed9t m\u00f3n \u0111\u1ed3 u\u1ed1ng hot v\u00e0 th\u1ecbnh h\u00e0nh trong nhi\u1ec1u qu\u1ed1c gia, \u0111\u1eb7c bi\u1ec7t l\u00e0 \u0110\u00e0i Loan v\u00e0 Trung Qu\u1ed1c.<\/p>\n<p>Th\u1ea1ch tr\u00e2n ch\u00e2u h\u00ecnh con c\u00e1 c\u00f3 h\u01b0\u01a1ng v\u1ecb ng\u1ecdt ng\u00e0o, m\u00e1t l\u1ea1nh v\u00e0 c\u00f3 \u0111\u1ed9 d\u1ebbo dai c\u1ee7a tr\u00e2n ch\u00e2u, t\u1ea1o n\u00ean c\u1ea3m gi\u00e1c th\u00fa v\u1ecb khi th\u01b0\u1edfng th\u1ee9c. \u0110\u1eb7c bi\u1ec7t, h\u00ecnh d\u00e1ng con c\u00e1 c\u1ee7a th\u1ea1ch tr\u00e2n ch\u00e2u t\u1ea1o n\u00ean s\u1ef1 b\u1eaft m\u1eaft, thu h\u00fat s\u1ef1 ch\u00fa \u00fd c\u1ee7a ng\u01b0\u1eddi d\u00f9ng v\u00e0 tr\u1edf th\u00e0nh m\u1ed9t m\u00f3n \u0103n v\u1eb7t l\u00fd t\u01b0\u1edfng cho nh\u1eefng ng\u01b0\u1eddi y\u00eau th\u00edch s\u1ef1 \u0111\u1ed9c \u0111\u00e1o v\u00e0 m\u1edbi l\u1ea1.<\/p>\n<p><img fetchpriority=\"high\" decoding=\"async\" class=\"wp-image-30446 aligncenter\" src=\"https:\/\/havamall.vn\/wp-content\/uploads\/2023\/02\/thach-ca-300x300.png\" alt=\"\" width=\"611\" height=\"611\" srcset=\"https:\/\/havamall.vn\/wp-content\/uploads\/2023\/02\/thach-ca-300x300.png 300w, https:\/\/havamall.vn\/wp-content\/uploads\/2023\/02\/thach-ca-430x430.png 430w, https:\/\/havamall.vn\/wp-content\/uploads\/2023\/02\/thach-ca-150x150.png 150w, https:\/\/havamall.vn\/wp-content\/uploads\/2023\/02\/thach-ca-700x700.png 700w, https:\/\/havamall.vn\/wp-content\/uploads\/2023\/02\/thach-ca-768x768.png 768w, https:\/\/havamall.vn\/wp-content\/uploads\/2023\/02\/thach-ca-1024x1024.png 1024w, https:\/\/havamall.vn\/wp-content\/uploads\/2023\/02\/thach-ca-600x600.png 600w, https:\/\/havamall.vn\/wp-content\/uploads\/2023\/02\/thach-ca-100x100.png 100w, https:\/\/havamall.vn\/wp-content\/uploads\/2023\/02\/thach-ca.png 1080w\" sizes=\"(max-width: 611px) 100vw, 611px\" \/><\/p>\n<p>Th\u1ea1ch con c\u00e1\u00a0l\u00e0 m\u00f3n qu\u00e0 v\u1eb7t r\u1ea5t quen thu\u1ed9c v\u1edbi m\u1ecdi ng\u01b0\u1eddi. Kh\u00f4ng ch\u1ec9 c\u00f3 h\u01b0\u01a1ng v\u1ecb th\u01a1m ngon m\u00e0 c\u00f2n gi\u00fap b\u1ea1n xua tan c\u01a1n kh\u00e1t, gi\u1ea3i nhi\u1ec7t trong nh\u1eefng ng\u00e0y h\u00e8 oi b\u1ee9c. L\u00e0 m\u1ed9t lo\u1ea1i topping ph\u1ed5 bi\u1ebfn v\u00e0 \u0111c y\u00eau th\u00edch nh\u1ea5t trong c\u00e1c m\u00f3n tr\u00e0 hoa qu\u1ea3 nh\u01b0 \u201ctr\u00e0 chanh, tr\u00e0 t\u1eafc\u201d.<\/p>\n<h2><strong>\u0110\u1eb6C \u0110I\u1ec2M N\u1ed4I B\u1eacT C\u1ee6A S\u1ea2N PH\u1ea8M<\/strong><\/h2>\n<p>&#8211; L\u00e0 m\u1ed9t trong nh\u1eefng lo\u1ea1i th\u1ea1ch \u0111\u01b0\u1ee3c \u01b0a th\u00edch nh\u1ea5t.<\/p>\n<p>&#8211; Nh\u1eefng vi\u00ean rau c\u00e2u h\u00ecnh c\u00e1 v\u1eeba ngon mi\u1ec7ng, v\u1eeba \u0111\u1eb9p m\u1eaft t\u1ea1o n\u00ean s\u1ef1 ho\u00e0n h\u1ea3o cho m\u00f3n tr\u00e1ng mi\u1ec7ng c\u1ee7a b\u1ea1n.<\/p>\n<p>&#8211; S\u1ea3n ph\u1ea9m rau c\u00e2u ch\u1ebf bi\u1ebfn s\u1eb5n th\u00e0nh vi\u00ean nh\u1ecf r\u1ea5t ti\u1ec7n s\u1eed d\u1ee5ng, l\u00e0 topping kh\u00f4ng th\u1ec3 thi\u1ebfu trong ly tr\u00e0 s\u1eefa.<\/p>\n<p>&#8211; S\u1eed d\u1ee5ng rau c\u00e2u \u0111\u1ec3 l\u00e0m topping: M\u00fac th\u1ea1ch ra b\u1eb1ng v\u1ee3t ho\u1eb7c mu\u1ed7ng, cho tr\u1ef1c ti\u1ebfp v\u00e0o tr\u00e0 s\u1eefa ho\u1eb7c tr\u00e0 tr\u00e1i c\u00e2y.<\/p>\n<p><img decoding=\"async\" class=\"wp-image-30447 aligncenter\" src=\"https:\/\/havamall.vn\/wp-content\/uploads\/2023\/02\/67545452_2367839753504535_571375596924305408_n-300x275.jpeg\" alt=\"\" width=\"609\" height=\"558\" srcset=\"https:\/\/havamall.vn\/wp-content\/uploads\/2023\/02\/67545452_2367839753504535_571375596924305408_n-300x275.jpeg 300w, https:\/\/havamall.vn\/wp-content\/uploads\/2023\/02\/67545452_2367839753504535_571375596924305408_n-430x395.jpeg 430w, https:\/\/havamall.vn\/wp-content\/uploads\/2023\/02\/67545452_2367839753504535_571375596924305408_n-150x138.jpeg 150w, https:\/\/havamall.vn\/wp-content\/uploads\/2023\/02\/67545452_2367839753504535_571375596924305408_n-700x642.jpeg 700w, https:\/\/havamall.vn\/wp-content\/uploads\/2023\/02\/67545452_2367839753504535_571375596924305408_n-768x705.jpeg 768w, https:\/\/havamall.vn\/wp-content\/uploads\/2023\/02\/67545452_2367839753504535_571375596924305408_n-1024x940.jpeg 1024w, https:\/\/havamall.vn\/wp-content\/uploads\/2023\/02\/67545452_2367839753504535_571375596924305408_n-1200x1101.jpeg 1200w, https:\/\/havamall.vn\/wp-content\/uploads\/2023\/02\/67545452_2367839753504535_571375596924305408_n-600x551.jpeg 600w, https:\/\/havamall.vn\/wp-content\/uploads\/2023\/02\/67545452_2367839753504535_571375596924305408_n.jpeg 1836w\" sizes=\"(max-width: 609px) 100vw, 609px\" \/><\/p>\n<h2><strong>H\u01af\u1edaNG D\u1eaaN S\u1eec D\u1ee4NG<\/strong><\/h2>\n<p>Sa\u0309n pha\u0302\u0309m tha\u0323ch tra\u0301i ca\u0302y \u0111u\u031bo\u031b\u0323c su\u031b\u0309 du\u0323ng trong tra\u0300 su\u031b\u0303a, sinh to\u0302\u0301, ca\u0301c loa\u0323i tra\u0300 (ho\u0302\u0300ng tra\u0300, lu\u0323c tra\u0300,.), ca\u0301c mo\u0301n \u0111a\u0301 ba\u0300o,..vu\u031b\u0300a ta\u0306ng the\u0302m hu\u031bo\u031bng vi\u0323 cho ly tra\u0300 su\u031b\u0303a, vu\u031b\u0300a \u0111e\u0302\u0309 trang tri\u0301 cho ly tra\u0300 su\u031b\u0303a the\u0302m ha\u0302\u0301p da\u0302\u0303n.<\/p>","protected":false},"excerpt":{"rendered":"<p>Th\u1ea1ch tr\u00e2n ch\u00e2u h\u00ecnh con c\u00e1 l\u00e0 m\u1ed9t lo\u1ea1i \u0111\u1ed3 u\u1ed1ng \u0111ang r\u1ea5t \u0111\u01b0\u1ee3c \u01b0a chu\u1ed9ng trong gi\u1edbi tr\u1ebb hi\u1ec7n<\/p>","protected":false},"featured_media":30448,"comment_status":"open","ping_status":"closed","template":"","meta":[],"product_brand":[],"product_cat":[36],"product_tag":[],"class_list":{"0":"post-30445","1":"product","2":"type-product","3":"status-publish","4":"has-post-thumbnail","6":"product_cat-thuc-pham-tieu-dung","7":"pa_brand-skx","9":"first","10":"instock","11":"sale","12":"shipping-taxable","13":"purchasable","14":"product-type-simple"},"_links":{"self":[{"href":"https:\/\/havamall.vn\/en\/wp-json\/wp\/v2\/product\/30445"}],"collection":[{"href":"https:\/\/havamall.vn\/en\/wp-json\/wp\/v2\/product"}],"about":[{"href":"https:\/\/havamall.vn\/en\/wp-json\/wp\/v2\/types\/product"}],"replies":[{"embeddable":true,"href":"https:\/\/havamall.vn\/en\/wp-json\/wp\/v2\/comments?post=30445"}],"version-history":[{"count":0,"href":"https:\/\/havamall.vn\/en\/wp-json\/wp\/v2\/product\/30445\/revisions"}],"wp:featuredmedia":[{"embeddable":true,"href":"https:\/\/havamall.vn\/en\/wp-json\/wp\/v2\/media\/30448"}],"wp:attachment":[{"href":"https:\/\/havamall.vn\/en\/wp-json\/wp\/v2\/media?parent=30445"}],"wp:term":[{"taxonomy":"product_brand","embeddable":true,"href":"https:\/\/havamall.vn\/en\/wp-json\/wp\/v2\/product_brand?post=30445"},{"taxonomy":"product_cat","embeddable":true,"href":"https:\/\/havamall.vn\/en\/wp-json\/wp\/v2\/product_cat?post=30445"},{"taxonomy":"product_tag","embeddable":true,"href":"https:\/\/havamall.vn\/en\/wp-json\/wp\/v2\/product_tag?post=30445"}],"curies":[{"name":"wp","href":"https:\/\/api.w.org\/{rel}","templated":true}]}}