{"id":30428,"date":"2023-02-14T16:48:40","date_gmt":"2023-02-14T09:48:40","guid":{"rendered":"https:\/\/havamall.vn\/?post_type=product&#038;p=30428"},"modified":"2023-02-14T16:48:40","modified_gmt":"2023-02-14T09:48:40","slug":"thach-tran-chau-3q-vi-caramel-havafoodies-tui-250g","status":"publish","type":"product","link":"https:\/\/havamall.vn\/en\/shop\/thach-tran-chau-3q-vi-caramel-havafoodies-tui-250g\/","title":{"rendered":"Th\u1ea1ch Tr\u00e2n Ch\u00e2u 3Q V\u1ecb Caramel Havafoodies T\u00fai 250g"},"content":{"rendered":"<h2><strong>TH\u1ea0CH TR\u00c2N CH\u00c2U 3Q CARAMEL<\/strong><\/h2>\n<p>Tr\u00e2n ch\u00e2u 3Q caramel l\u00e0 m\u1ed9t d\u1ea1ng topping c\u1ee7a \u0110\u00e0i Loan m\u1edbi du nh\u1eadp v\u00e0o Vi\u1ec7t Nam v\u00e0 \u0111\u00e3 tr\u1edf th\u00e0nh lo\u1ea1i topping \u0111\u01b0\u1ee3c \u01b0a th\u00edch t\u1ea1i c\u00e1c chu\u1ed7i nh\u01b0 Gong cha, Ding tea, Ti\u00ean H\u01b0\u1edfng, Bobabop,\u2026\u00a0Tr\u00e2n ch\u00e2u 3Q ng\u1ecdc trai \u00a0Caramel\u00a0\u00a0c\u00f3 m\u00f9i v\u1ecb r\u1ea5t \u0111\u1eb7c bi\u1ec7t, mang h\u01b0\u01a1ng v\u1ecb \u0111\u1eb7c tr\u01b0ng c\u1ee7a caramel\u00a0c\u00f9ng v\u1edbi m\u00e0u n\u00e2u\u00a0\u0111\u1eb7c tr\u01b0ng c\u1ee7a lo\u1ea1i qu\u1ea3 n\u00e0y, khi \u0103n c\u00f3 c\u1ea3m gi\u00e1c dai gi\u00f2n s\u1eadt s\u1eadt t\u1ea1o n\u00ean nh\u1eefng \u00e2m thanh r\u1ea5t th\u00edch th\u00fa.<\/p>\n<p><img fetchpriority=\"high\" decoding=\"async\" class=\"wp-image-30429 aligncenter\" src=\"https:\/\/havamall.vn\/wp-content\/uploads\/2023\/02\/Screen-Shot-2023-02-14-at-4.30.50-PM-300x273.png\" alt=\"\" width=\"634\" height=\"577\" srcset=\"https:\/\/havamall.vn\/wp-content\/uploads\/2023\/02\/Screen-Shot-2023-02-14-at-4.30.50-PM-300x273.png 300w, https:\/\/havamall.vn\/wp-content\/uploads\/2023\/02\/Screen-Shot-2023-02-14-at-4.30.50-PM-430x391.png 430w, https:\/\/havamall.vn\/wp-content\/uploads\/2023\/02\/Screen-Shot-2023-02-14-at-4.30.50-PM-150x137.png 150w, https:\/\/havamall.vn\/wp-content\/uploads\/2023\/02\/Screen-Shot-2023-02-14-at-4.30.50-PM-700x637.png 700w, https:\/\/havamall.vn\/wp-content\/uploads\/2023\/02\/Screen-Shot-2023-02-14-at-4.30.50-PM-768x699.png 768w, https:\/\/havamall.vn\/wp-content\/uploads\/2023\/02\/Screen-Shot-2023-02-14-at-4.30.50-PM-1024x932.png 1024w, https:\/\/havamall.vn\/wp-content\/uploads\/2023\/02\/Screen-Shot-2023-02-14-at-4.30.50-PM-1200x1092.png 1200w, https:\/\/havamall.vn\/wp-content\/uploads\/2023\/02\/Screen-Shot-2023-02-14-at-4.30.50-PM-600x546.png 600w, https:\/\/havamall.vn\/wp-content\/uploads\/2023\/02\/Screen-Shot-2023-02-14-at-4.30.50-PM.png 1696w\" sizes=\"(max-width: 634px) 100vw, 634px\" \/><\/p>\n<p>Tr\u00e2n ch\u00e2u 3Q Caramel\u00a0ch\u00ednh l\u00e0 m\u1ed9t bi\u1ebfn t\u1ea5u m\u1edbi c\u1ee7a th\u1ea1ch ng\u1ecdc trai tr\u1eafng c\u0169 cho ly tr\u00e0 s\u1eefa th\u00eam \u0111a d\u1ea1ng v\u00e0 b\u1eaft m\u1eaft. S\u1ea3n ph\u1ea9m \u0111\u01b0\u1ee3c tinh ch\u1ebf t\u1eeb Siro Caramel\u00a0ho\u00e0n to\u00e0n kh\u00f4ng s\u1eed d\u1ee5ng ph\u1ea9m m\u00e0u \u0111\u1ed9c h\u1ea1i, AN TO\u00c0N cho ng\u01b0\u1eddi s\u1eed d\u1ee5ng.<\/p>\n<p>Tr\u00e2n ch\u00e2u c\u00f3 th\u1ec3 d\u00f9ng lu\u00f4n m\u00e0 kh\u00f4ng c\u1ea7n n\u1ea5u l\u00ean. \u0110\u00e2y l\u00e0 s\u1ea3n ph\u1ea9m hot nh\u1ea5t tr\u00ean th\u1ecb tr\u01b0\u1eddng tr\u00e0 s\u1eefa hi\u1ec7n nay v\u00e0 \u0111ang \u0111\u01b0\u1ee3c nhi\u1ec1u th\u01b0\u01a1ng hi\u1ec7u n\u1ed5i ti\u1ebfng d\u00f9ng trong nh\u1eefng c\u1ed1c tr\u00e0 s\u1eefa c\u1ee7a m\u00ecnh.<\/p>\n<p><img decoding=\"async\" class=\"wp-image-30430 aligncenter\" src=\"https:\/\/havamall.vn\/wp-content\/uploads\/2023\/02\/69778291_942540269417353_631039714937274368_n-300x300.png\" alt=\"\" width=\"632\" height=\"632\" srcset=\"https:\/\/havamall.vn\/wp-content\/uploads\/2023\/02\/69778291_942540269417353_631039714937274368_n-300x300.png 300w, https:\/\/havamall.vn\/wp-content\/uploads\/2023\/02\/69778291_942540269417353_631039714937274368_n-430x430.png 430w, https:\/\/havamall.vn\/wp-content\/uploads\/2023\/02\/69778291_942540269417353_631039714937274368_n-150x150.png 150w, https:\/\/havamall.vn\/wp-content\/uploads\/2023\/02\/69778291_942540269417353_631039714937274368_n-700x700.png 700w, https:\/\/havamall.vn\/wp-content\/uploads\/2023\/02\/69778291_942540269417353_631039714937274368_n-768x768.png 768w, https:\/\/havamall.vn\/wp-content\/uploads\/2023\/02\/69778291_942540269417353_631039714937274368_n-600x600.png 600w, https:\/\/havamall.vn\/wp-content\/uploads\/2023\/02\/69778291_942540269417353_631039714937274368_n-100x100.png 100w, https:\/\/havamall.vn\/wp-content\/uploads\/2023\/02\/69778291_942540269417353_631039714937274368_n.png 960w\" sizes=\"(max-width: 632px) 100vw, 632px\" \/><\/p>\n<h2><strong>\u0110\u1eb6C \u0110I\u1ec2M N\u1ed4I B\u1eacT C\u1ee6A S\u1ea2N PH\u1ea8M<\/strong><\/h2>\n<p>&#8211; H\u1ea1t 3Q v\u1ecb caramel v\u1edbi m\u00e0u n\u00e2u b\u1eaft m\u1eaft, \u0103n dai gi\u00f2n, l\u1ea1 mi\u1ec7ng.<\/p>\n<p>&#8211; C\u00f3 m\u00f9i v\u1ecb \u0111\u1eb7c bi\u1ec7t, v\u1ecb ng\u1ecdt v\u00e0 khi \u0103n c\u00f3 c\u1ea3m gi\u00e1c dai gi\u00f2n s\u1eadt s\u1eadt t\u1ea1o n\u00ean c\u1ea3m gi\u00e1c \u00e2m thanh th\u00fa v\u1ecb th\u00edch th\u00fa.<\/p>\n<p>&#8211; C\u00f3 th\u1ec3 d\u00f9ng lu\u00f4n m\u00e0 kh\u00f4ng c\u1ea7n n\u1ea5u l\u00ean, \u0111\u00e2y l\u00e0 s\u1ea3n ph\u1ea9m hot tr\u00ean th\u1ecb tr\u01b0\u1eddng tr\u00e0 s\u1eefa hi\u1ec7n nay v\u00e0 \u0111ang \u0111\u01b0\u1ee3c nhi\u1ec1u th\u01b0\u01a1ng hi\u1ec7u n\u1ed5i ti\u1ebfng d\u00f9ng trong nh\u1eefng ly tr\u00e0 s\u1eefa c\u1ee7a m\u00ecnh.<\/p>\n<p><img decoding=\"async\" class=\"wp-image-30432 aligncenter\" src=\"https:\/\/havamall.vn\/wp-content\/uploads\/2023\/02\/329994262_759902399140552_7746827977170321444_n-copy-300x300.png\" alt=\"\" width=\"614\" height=\"614\" srcset=\"https:\/\/havamall.vn\/wp-content\/uploads\/2023\/02\/329994262_759902399140552_7746827977170321444_n-copy-300x300.png 300w, https:\/\/havamall.vn\/wp-content\/uploads\/2023\/02\/329994262_759902399140552_7746827977170321444_n-copy-430x430.png 430w, https:\/\/havamall.vn\/wp-content\/uploads\/2023\/02\/329994262_759902399140552_7746827977170321444_n-copy-150x150.png 150w, https:\/\/havamall.vn\/wp-content\/uploads\/2023\/02\/329994262_759902399140552_7746827977170321444_n-copy-700x700.png 700w, https:\/\/havamall.vn\/wp-content\/uploads\/2023\/02\/329994262_759902399140552_7746827977170321444_n-copy-768x768.png 768w, https:\/\/havamall.vn\/wp-content\/uploads\/2023\/02\/329994262_759902399140552_7746827977170321444_n-copy-1024x1024.png 1024w, https:\/\/havamall.vn\/wp-content\/uploads\/2023\/02\/329994262_759902399140552_7746827977170321444_n-copy-1200x1200.png 1200w, https:\/\/havamall.vn\/wp-content\/uploads\/2023\/02\/329994262_759902399140552_7746827977170321444_n-copy-600x600.png 600w, https:\/\/havamall.vn\/wp-content\/uploads\/2023\/02\/329994262_759902399140552_7746827977170321444_n-copy-100x100.png 100w, https:\/\/havamall.vn\/wp-content\/uploads\/2023\/02\/329994262_759902399140552_7746827977170321444_n-copy.png 1536w\" sizes=\"(max-width: 614px) 100vw, 614px\" \/><\/p>\n<h2><strong>H\u01af\u1edaNG D\u1eaaN S\u1eec D\u1ee4NG V\u00c0 B\u1ea2O QU\u1ea2N TH\u1ea0CH TR\u00c2N CH\u00c2U 3Q CARAMEL<\/strong><\/h2>\n<p>&#8211; S\u1eed d\u1ee5ng Tr\u00e2n ch\u00e2u 3Q Caramel\u00a0 \u0110\u00e0i Loan \u0111\u1ec3 l\u00e0m topping cho c\u00e1c lo\u1ea1i n\u01b0\u1edbc u\u1ed1ng nh\u01b0 tr\u00e0 s\u1eefa, tr\u00e0 tr\u00e1i c\u00e2y, s\u1eefa chua,&#8230;<\/p>\n<p>&#8211; C\u00e1ch b\u1ea3o qu\u1ea3n Tr\u00e2n ch\u00e2u 3Q ng\u1ecdc trai \u0110\u00e0i Loan: Tr\u01b0\u1edbc khi m\u1edf \u0111\u1ec3 n\u01a1i tho\u00e1ng m\u00e1t, tr\u00e1nh \u00e1nh n\u1eafng chi\u1ebfu tr\u1ef1c ti\u1ebfp v\u00e0o s\u1ebd l\u00e0m topping mau h\u01b0. Sau khi m\u1edf tr\u1eef trong t\u1ee7 m\u00e1t \u0111\u1ec3 s\u1eed d\u1ee5ng \u0111\u01b0\u1ee3c l\u00e2u d\u00e0i.<\/p>\n<p>&#8211; N\u01a1i kh\u00f4 r\u00e1o tho\u00e1ng m\u00e1t t\u1eeb 5 &#8211;\u00a025 \u0111\u1ed9 C.<\/p>\n<p>&#8211; Sau khi c\u1eaft bao n\u00ean b\u1ea3o qu\u1ea3n trong ng\u0103n m\u00e1t t\u1ee7 l\u1ea1nh.<\/p>\n<p>&#8211; S\u1eed d\u1ee5ng t\u1ed1t nh\u1ea5t kho\u1ea3ng t\u1eeb 4 &#8211; 6 gi\u1edd n\u1ebfu b\u1ea3o qu\u1ea3n \u1edf nhi\u1ec7t \u0111\u1ed9 th\u01b0\u1eddng b\u00ean ngo\u00e0i.<\/p>\n<p><img loading=\"lazy\" decoding=\"async\" class=\"wp-image-30431 aligncenter\" src=\"https:\/\/havamall.vn\/wp-content\/uploads\/2023\/02\/66297019_905108866493827_2376744548379394048_n-300x276.png\" alt=\"\" width=\"651\" height=\"599\" srcset=\"https:\/\/havamall.vn\/wp-content\/uploads\/2023\/02\/66297019_905108866493827_2376744548379394048_n-300x276.png 300w, https:\/\/havamall.vn\/wp-content\/uploads\/2023\/02\/66297019_905108866493827_2376744548379394048_n-430x395.png 430w, https:\/\/havamall.vn\/wp-content\/uploads\/2023\/02\/66297019_905108866493827_2376744548379394048_n-150x138.png 150w, https:\/\/havamall.vn\/wp-content\/uploads\/2023\/02\/66297019_905108866493827_2376744548379394048_n-700x643.png 700w, https:\/\/havamall.vn\/wp-content\/uploads\/2023\/02\/66297019_905108866493827_2376744548379394048_n-768x706.png 768w, https:\/\/havamall.vn\/wp-content\/uploads\/2023\/02\/66297019_905108866493827_2376744548379394048_n-600x551.png 600w, https:\/\/havamall.vn\/wp-content\/uploads\/2023\/02\/66297019_905108866493827_2376744548379394048_n.png 960w\" sizes=\"(max-width: 651px) 100vw, 651px\" \/><\/p>","protected":false},"excerpt":{"rendered":"<p>TH\u1ea0CH TR\u00c2N CH\u00c2U 3Q CARAMEL Tr\u00e2n ch\u00e2u 3Q caramel l\u00e0 m\u1ed9t d\u1ea1ng topping c\u1ee7a \u0110\u00e0i Loan m\u1edbi du nh\u1eadp v\u00e0o<\/p>","protected":false},"featured_media":30433,"comment_status":"open","ping_status":"closed","template":"","meta":[],"product_brand":[],"product_cat":[36,135],"product_tag":[],"class_list":{"0":"post-30428","1":"product","2":"type-product","3":"status-publish","4":"has-post-thumbnail","6":"product_cat-thuc-pham-tieu-dung","7":"product_cat-sua-do-uong","8":"pa_brand-skx","10":"first","11":"instock","12":"sale","13":"shipping-taxable","14":"purchasable","15":"product-type-simple"},"_links":{"self":[{"href":"https:\/\/havamall.vn\/en\/wp-json\/wp\/v2\/product\/30428"}],"collection":[{"href":"https:\/\/havamall.vn\/en\/wp-json\/wp\/v2\/product"}],"about":[{"href":"https:\/\/havamall.vn\/en\/wp-json\/wp\/v2\/types\/product"}],"replies":[{"embeddable":true,"href":"https:\/\/havamall.vn\/en\/wp-json\/wp\/v2\/comments?post=30428"}],"version-history":[{"count":0,"href":"https:\/\/havamall.vn\/en\/wp-json\/wp\/v2\/product\/30428\/revisions"}],"wp:featuredmedia":[{"embeddable":true,"href":"https:\/\/havamall.vn\/en\/wp-json\/wp\/v2\/media\/30433"}],"wp:attachment":[{"href":"https:\/\/havamall.vn\/en\/wp-json\/wp\/v2\/media?parent=30428"}],"wp:term":[{"taxonomy":"product_brand","embeddable":true,"href":"https:\/\/havamall.vn\/en\/wp-json\/wp\/v2\/product_brand?post=30428"},{"taxonomy":"product_cat","embeddable":true,"href":"https:\/\/havamall.vn\/en\/wp-json\/wp\/v2\/product_cat?post=30428"},{"taxonomy":"product_tag","embeddable":true,"href":"https:\/\/havamall.vn\/en\/wp-json\/wp\/v2\/product_tag?post=30428"}],"curies":[{"name":"wp","href":"https:\/\/api.w.org\/{rel}","templated":true}]}}