{"id":30426,"date":"2023-02-14T16:11:34","date_gmt":"2023-02-14T09:11:34","guid":{"rendered":"https:\/\/havamall.vn\/?post_type=product&#038;p=30426"},"modified":"2023-02-14T16:52:49","modified_gmt":"2023-02-14T09:52:49","slug":"thung-12-lon-cam-mandarin-dole-425g-box-12-packs-of-orange-in-light-syrup-dole","status":"publish","type":"product","link":"https:\/\/havamall.vn\/en\/shop\/thung-12-lon-cam-mandarin-dole-425g-box-12-packs-of-orange-in-light-syrup-dole\/","title":{"rendered":"Th\u00f9ng 12 Lon Cam Mandarin Dole 425g &#8211; Box 12 Packs Of Orange In Light Syrup Dole"},"content":{"rendered":"<h2><strong>TH\u00d4NG TIN CHUNG<\/strong><\/h2>\n<table>\n<tbody>\n<tr>\n<td>Th\u01b0\u01a1ng hi\u1ec7u<\/td>\n<td>Dole<\/td>\n<\/tr>\n<tr>\n<td>Xu\u1ea5t x\u1ee9<\/td>\n<td>M\u1ef9<\/td>\n<\/tr>\n<tr>\n<td>Th\u00e0nh ph\u1ea7n<\/td>\n<td>Cam Mandarin (56%), n\u01b0\u1edbc, \u0111\u01b0\u1eddng (14%),&#8230;<\/td>\n<\/tr>\n<tr>\n<td>H\u1ea1n s\u1eed d\u1ee5ng<\/td>\n<td>2 n\u0103m k\u1ec3 t\u1eeb ng\u00e0y s\u1ea3n xu\u1ea5t.<\/td>\n<\/tr>\n<tr>\n<td>B\u1ea3o qu\u1ea3n<\/td>\n<td>\u0110\u1ec3 n\u01a1i kh\u00f4 r\u00e1o, tho\u00e1ng m\u00e1t, tr\u00e1nh \u00e1nh n\u1eafng tr\u1ef1c ti\u1ebfp<\/td>\n<\/tr>\n<tr>\n<td>Kh\u1ed1i l\u01b0\u1ee3ng t\u1ecbnh<\/td>\n<td>Th\u00f9ng 12 lon x 425g<\/td>\n<\/tr>\n<\/tbody>\n<\/table>\n<h2><strong>CAM MANDARRIN DOLE<\/strong><\/h2>\n<p>Dole \u0111\u01b0\u1ee3c th\u00e0nh l\u1eadp t\u1eeb n\u0103m 1851 t\u1ea1i Hawaii (M\u1ef9). \u0110\u1ebfn nay Dole \u0111\u01b0\u1ee3c bi\u1ebft \u0111\u1ebfn nh\u01b0 m\u1ed9t chuy\u00ean gia trong l\u0129nh v\u1ef1c tr\u00e1i c\u00e2y v\u00e0 rau c\u1ee7 t\u01b0\u01a1i v\u1edbi h\u01a1n 200 ch\u1ee7ng lo\u1ea1i s\u1ea3n ph\u1ea9m \u0111\u1ea1t ch\u1ea5t l\u01b0\u1ee3ng cao.<\/p>\n<p>Dole s\u1edf h\u1eefu m\u1ed9t quy tr\u00ecnh s\u1ea3n xu\u1ea5t kh\u00e9p k\u00edn t\u1eeb tr\u1ed3ng tr\u1ecdt, ch\u1ebf bi\u1ebfn, v\u1eadn chuy\u1ec3n, ph\u00e2n ph\u1ed1i v\u00e0 marketing s\u1ea3n ph\u1ea9m. B\u1ea5t c\u1ee9 lo\u1ea1i tr\u00e1i c\u00e2y t\u01b0\u01a1i n\u00e0o ra th\u1ecb tr\u01b0\u1eddng c\u0169ng ph\u1ea3i \u0111\u1ea3m b\u1ea3o kh\u1eaft khe c\u00e1c y\u00eau c\u1ea7u v\u1ec1 k\u00edch c\u1ee1, m\u00e0u s\u1eafc, ch\u1ea5t l\u01b0\u1ee3ng\u2026 nghi\u00eam ng\u1eb7t c\u1ee7a Dole.<\/p>\n<p><img fetchpriority=\"high\" decoding=\"async\" class=\"aligncenter\" src=\"https:\/\/havamall.vn\/wp-content\/uploads\/2018\/05\/dole-product-range2-kopie-zonder-pouch.png\" alt=\"Dole - Gloe &amp; Zeitz - Importer of food preserves\" width=\"668\" height=\"502\" \/><\/p>\n<p>Cam ng\u00e2m Mandarin Dole 425g l\u00e0 m\u1ed9t s\u1ea3n ph\u1ea9m m\u1edbi \u0111\u1ebfn t\u1eeb Dole. S\u1ea3n ph\u1ea9m \u0111\u01b0\u1ee3c ng\u00e2m t\u01b0\u01a1i nguy\u00ean trong h\u1ed9p, gi\u00fap cho vi\u1ec7c pha ch\u1ebf tr\u1edf n\u00ean nhanh ch\u00f3ng v\u00e0 d\u1ec5 d\u00e0ng h\u01a1n.<\/p>\n<p class=\"blog-title\">N\u1ebfu b\u1ea1n l\u00e0 m\u1ed9t ng\u01b0\u1eddi y\u00eau th\u00edch tr\u00e1i c\u00e2y th\u00ec ch\u1eafc ch\u1eafn b\u1ea1n kh\u00f4ng th\u1ec3 b\u1ecf qua nh\u1eefng lo\u1ea1i tr\u00e1i c\u00e2y cao c\u1ea5p gi\u00e0u ch\u1ea5t dinh d\u01b0\u1ee1ng nh\u01b0 Cam Mandarin. V\u00e0 \u0111\u00e2y s\u1ebd l\u00e0 m\u1ed9t tin c\u1ef1c k\u1ef3 th\u00fa v\u1ecb khi th\u01b0\u1edfng th\u1ee9c Cam Mandarin b\u00e2y gi\u1edd kh\u00f4ng c\u00f2n l\u00e0 m\u1ed9t \u0111i\u1ec1u xa v\u1eddi n\u1eefa \u0111\u00e2u nha!<\/p>\n<div class=\"content disableSection\">\n<div><img decoding=\"async\" class=\"aligncenter\" src=\"https:\/\/havamall.vn\/wp-content\/uploads\/2018\/05\/mandarin-and-lemon-curd-tiramisu-trifles-108789-1.jpeg\" alt=\"Mandarin and lemon curd tiramisu trifles\" width=\"675\" height=\"450\" \/><\/div>\n<div>M\u00f9a thu n\u0103m nay s\u1ebd h\u1ea5p d\u1eabn h\u01a1n khi th\u1ef1c \u0111\u01a1n \u0103n u\u1ed1ng Healthy c\u1ee7a m\u00ecnh l\u1ea1i c\u00f3 th\u00eam m\u1ed9t lo\u1ea1i tr\u00e1i c\u00e2y m\u1edbi. Sau th\u00e0nh c\u00f4ng v\u1edbi Cocktail tr\u00e1i c\u00e2y nhi\u1ec7t \u0111\u1edbi v\u00e0 \u0110\u00e0o t\u01b0\u01a1i th\u00ec DOLE l\u1ea1i ra m\u1eaft m\u1ed9t si\u00eau ph\u1ea9m Cam Mandarin \u0111\u00f3ng s\u1eb5n ngay trong h\u1ed9p, v\u1eeba ti\u1ec7n l\u1ee3i v\u1eeba c\u00f3 th\u1ec3 b\u1ea3o qu\u1ea3n \u0111\u01b0\u1ee3c tr\u00e1i c\u00e2y t\u1ed1t h\u01a1n n\u1eefa.<\/div>\n<div><img decoding=\"async\" class=\"aligncenter\" src=\"https:\/\/havamall.vn\/wp-content\/uploads\/2018\/05\/Dole Ambrosia Salad.1-min.png\" alt=\"K\u1ebft qu\u1ea3 h\u00ecnh \u1ea3nh cho Mandarin Orange In Light Syrup Dole\" width=\"667\" height=\"500\" \/><\/div>\n<div>V\u1edbi thi\u1ebft k\u1ebf \u0111\u01a1n gi\u1ea3n g\u1ecdn nh\u1eb9 nh\u01b0 th\u1ebf n\u00e0y th\u00ec kh\u00f3 m\u00e0 c\u00f3 ai c\u00f3 th\u1ec3 ngh\u0129 trong \u0111\u00e2y ch\u1ee9a t\u1edbi t\u1eadn 4 tr\u00e1i Cam Mandarin. M\u00ecnh th\u00edch nh\u1ea5t l\u00e0 giai \u0111o\u1ea1n m\u1edf h\u1ed9p, nh\u00ecn b\u1ec1 ngo\u00e0i c\u1ee9ng c\u00e1p nh\u01b0ng n\u1eafp \u0111\u01b0\u1ee3c thi\u1ebft k\u1ebf m\u1edf ra d\u1ec5 d\u00e0ng l\u1eafm. V\u1eeba m\u1edf l\u00ean th\u00ec m\u00f9i th\u01a1m t\u1eeb nh\u1eefng m\u00fai Cam Mandarin ng\u00e0o ng\u1ea1t th\u01a1m mu\u1ed1n n\u1ee9c m\u0169i lu\u00f4n ch\u1ee9 ch\u1eb3ng \u0111\u00f9a.<\/div>\n<div><img loading=\"lazy\" decoding=\"async\" class=\"aligncenter\" src=\"https:\/\/cdn.aldi-digital.ie\/\/000000109528100.jpg?o=U9HU32lDVI%40fvEkM%24XETFpQ2vqYj&amp;V=mWaG\" alt=\"Mandarin Pandoro Trifle with Spiced Cream - ALDI IE\" width=\"668\" height=\"835\" \/><\/div>\n<div>Cam Mandarin \u0111\u01b0\u1ee3c s\u1eed d\u1ee5ng r\u1ea5t nhi\u1ec1u t\u1ea1i M\u1ef9, \u00dac v\u00e0 c\u00e1c n\u01b0\u1edbc Ch\u00e2u \u00c2u, Cam Mandarin t\u1ea1o v\u1ecb ng\u1ecdt thanh m\u00e1t khi \u0103n c\u00f9ng v\u1edbi yogurt, ph\u00f4 mai, salad, v\u00e0 c\u00e1c lo\u1ea1i th\u1ea1ch tr\u00e1i c\u00e2y. Kh\u00f4ng c\u1ea7n ph\u1ea3i n\u00f3i ai c\u0169ng bi\u1ebft trong Cam Mandarin c\u00f3 ch\u1ee9a r\u1ea5t nhi\u1ec1u Vitamin C.<\/div>\n<div><img loading=\"lazy\" decoding=\"async\" class=\"wp-image-19334 aligncenter\" src=\"https:\/\/havamall.vn\/wp-content\/uploads\/2018\/05\/20375798_10154563518926761_3837209897722397458_n-300x179.png\" alt=\"\" width=\"667\" height=\"398\" srcset=\"https:\/\/havamall.vn\/wp-content\/uploads\/2018\/05\/20375798_10154563518926761_3837209897722397458_n-300x179.png 300w, https:\/\/havamall.vn\/wp-content\/uploads\/2018\/05\/20375798_10154563518926761_3837209897722397458_n-430x257.png 430w, https:\/\/havamall.vn\/wp-content\/uploads\/2018\/05\/20375798_10154563518926761_3837209897722397458_n-150x90.png 150w, https:\/\/havamall.vn\/wp-content\/uploads\/2018\/05\/20375798_10154563518926761_3837209897722397458_n-700x418.png 700w, https:\/\/havamall.vn\/wp-content\/uploads\/2018\/05\/20375798_10154563518926761_3837209897722397458_n-768x459.png 768w, https:\/\/havamall.vn\/wp-content\/uploads\/2018\/05\/20375798_10154563518926761_3837209897722397458_n-600x359.png 600w, https:\/\/havamall.vn\/wp-content\/uploads\/2018\/05\/20375798_10154563518926761_3837209897722397458_n.png 820w\" sizes=\"(max-width: 667px) 100vw, 667px\" \/><\/div>\n<h2><strong>\u0110\u1eb6C \u0110I\u1ec2M N\u1ed4I B\u1eacT C\u1ee6A S\u1ea2N PH\u1ea8M<\/strong><\/h2>\n<p>&#8211; S\u1ea3n ph\u1ea9m mang th\u01b0\u01a1ng hi\u1ec7u DOLE, v\u1edbi h\u01a1n 100 n\u0103m kinh nghi\u1ec7m trong l\u0129nh v\u1ef1c ch\u1ebf bi\u1ebfn tr\u00e1i c\u00e2y t\u01b0\u01a1i, Cam ng\u00e2m Mandarin Dole 425g ch\u00ednh l\u00e0 s\u1ea3n ph\u1ea9m t\u1ed1t nh\u1ea5t \u0111\u1ebfn t\u1eeb thi\u00ean nhi\u00ean, v\u00f4 c\u00f9ng t\u01b0\u01a1i ngon v\u00e0 h\u1ea5p d\u1eabn.<\/p>\n<p>&#8211; S\u1ea3n ph\u1ea9m \u0111\u01b0\u1ee3c l\u00e0m t\u1eeb cam Mandarin &#8211; m\u1ed9t lo\u1ea1i tr\u00e1i c\u00e2y cao c\u1ea5p gi\u00e0u ch\u1ea5t dinh d\u01b0\u1ee1ng, c\u00f3 v\u1ecb ng\u1ecdt \u0111\u1eadm \u0111\u00e0, ch\u1ee9a r\u1ea5t nhi\u1ec1u vitamin C<\/p>\n<p>&#8211; N\u1eafp h\u1ed9p \u0111\u01b0\u1ee3c thi\u1ebft k\u1ebf d\u01b0\u1edbi d\u1ea1ng n\u1eafp lon, gi\u00fap b\u1ea1n m\u1edf ra d\u1ec5 d\u00e0ng, h\u01b0\u01a1ng th\u01a1m d\u1ec5 ch\u1ecbu, th\u01b0 gi\u00e3n. Cam Mandarin \u0111\u00e3 \u0111\u01b0\u1ee3c t\u00e1ch b\u1ecf l\u1edbp v\u1ecf, ch\u1ec9 c\u00f2n l\u1ea1i nh\u1eefng m\u00fai cam c\u0103ng m\u1ecdng, t\u01b0\u01a1i ngon, b\u1ea1n c\u00f3 th\u1ec3 s\u1eed d\u1ee5ng tr\u1ef1c ti\u1ebfp m\u00e0 kh\u00f4ng c\u1ea7n ph\u1ea3i c\u1eaft, g\u1ecdt, ti\u1ebft ki\u1ec7m t\u1ed1i \u0111a th\u1eddi gian.<\/p>\n<p>&#8211; Th\u00e0nh ph\u1ea7n t\u1ef1 nhi\u00ean, kh\u00f4ng ch\u1ee9a h\u1ee3p ch\u1ea5t h\u00f3a h\u1ecdc<\/p>\n<p>&#8211; L\u00e0 lo\u1ea1i n\u01b0\u1edbc gi\u1ea3i kh\u00e1t c\u00f3 l\u1ee3i cho s\u1ee9c kh\u1ecfe<\/p>\n<p>&#8211; C\u00f3 th\u1ec3 d\u00f9ng pha ch\u1ebf cocktail, l\u00e0m b\u00e1nh ho\u1eb7c l\u00e0m m\u00f3n tr\u00e1ng mi\u1ec7ng.<\/p>\n<p><img loading=\"lazy\" decoding=\"async\" class=\"wp-image-19332 aligncenter\" src=\"https:\/\/havamall.vn\/wp-content\/uploads\/2018\/05\/28378116_857083631163714_1746557296896556618_n-300x225.jpg\" alt=\"\" width=\"671\" height=\"504\" srcset=\"https:\/\/havamall.vn\/wp-content\/uploads\/2018\/05\/28378116_857083631163714_1746557296896556618_n-300x225.jpg 300w, https:\/\/havamall.vn\/wp-content\/uploads\/2018\/05\/28378116_857083631163714_1746557296896556618_n-430x323.jpg 430w, https:\/\/havamall.vn\/wp-content\/uploads\/2018\/05\/28378116_857083631163714_1746557296896556618_n-150x113.jpg 150w, https:\/\/havamall.vn\/wp-content\/uploads\/2018\/05\/28378116_857083631163714_1746557296896556618_n-700x525.jpg 700w, https:\/\/havamall.vn\/wp-content\/uploads\/2018\/05\/28378116_857083631163714_1746557296896556618_n-768x576.jpg 768w, https:\/\/havamall.vn\/wp-content\/uploads\/2018\/05\/28378116_857083631163714_1746557296896556618_n-600x450.jpg 600w, https:\/\/havamall.vn\/wp-content\/uploads\/2018\/05\/28378116_857083631163714_1746557296896556618_n.jpg 960w\" sizes=\"(max-width: 671px) 100vw, 671px\" \/><\/p>\n<h2><strong>H\u01af\u1edaNG D\u1eaaN S\u1eec D\u1ee4NG<\/strong><\/h2>\n<p>&#8211; Cam mandarin Dole c\u00f3 v\u1ecb ng\u1ecdt chua v\u1eeba mi\u1ec7ng, kh\u00f4ng g\u1eaft, c\u00f3 th\u1ec3 s\u1eed d\u1ee5ng \u0111\u1ec3 ch\u1ebf bi\u1ebfn \u0111\u01b0\u1ee3c nhi\u1ec1u lo\u1ea1i m\u00f3n \u0103n.<\/p>\n<p>&#8211; D\u00f9ng \u0111\u1ec3 pha ch\u1ebf \u0111\u1ed3 u\u1ed1ng nh\u01b0 tr\u00e0 s\u1eefa, cocktail,\u00a0tr\u00e0 cam<\/p>\n<p>&#8211; S\u1eed d\u1ee5ng \u0111\u1ec3 l\u00e0m yogurt<\/p>\n<p>&#8211; Ngo\u00e0i ra cam Mandarin Dole c\u00f2n c\u00f3 th\u1ec3 d\u00f9ng \u0111\u1ec3 l\u00e0m b\u00e1nh ng\u1ecdt, salad,&#8230;<\/p>\n<\/div>\n<div><img loading=\"lazy\" decoding=\"async\" class=\"aligncenter\" src=\"https:\/\/havamall.vn\/wp-content\/uploads\/2018\/05\/day-lam-banh-pho-mai-cam-khong-can-lo-nuong-3.png\" alt=\"C\u1ef1c \u0111\u01a1n gi\u1ea3n c\u00e1ch l\u00e0m cheesecake cam kh\u00f4ng c\u1ea7n l\u00f2 n\u01b0\u1edbng | B\u1ebfp B\u00e1nh\" width=\"677\" height=\"677\" \/><\/div>\n<div class=\"content disableSection\">\n<h2><strong>H\u01af\u1edaNG D\u1eaaN B\u1ea2O QU\u1ea2N<\/strong><\/h2>\n<p>&#8211; B\u1ea3o qu\u1ea3n n\u01a1i kh\u00f4 r\u00e1o, tho\u00e1ng m\u00e1t, tr\u00e1nh \u00e1nh n\u1eafng tr\u1ef1c ti\u1ebfp.<\/p>\n<p>&#8211; B\u1ea3o qu\u1ea3n l\u1ea1nh sau khi \u0111\u00e3 m\u1edf n\u1eafp<\/p>\n<p>&#8211; S\u1eed d\u1ee5ng trong 2 th\u00e1ng sau khi m\u1edf n\u1eafp<\/p>\n<p>S\u1ea3n ph\u1ea9m hi\u1ec7n \u0111\u00e3 c\u00f3 m\u1eb7t t\u1ea1i Havamall.<\/p>\n<\/div>","protected":false},"excerpt":{"rendered":"<p>TH\u00d4NG TIN CHUNG Th\u01b0\u01a1ng hi\u1ec7u Dole Xu\u1ea5t x\u1ee9 M\u1ef9 Th\u00e0nh ph\u1ea7n Cam Mandarin (56%), n\u01b0\u1edbc, \u0111\u01b0\u1eddng (14%),&#8230; H\u1ea1n s\u1eed d\u1ee5ng<\/p>","protected":false},"featured_media":30434,"comment_status":"open","ping_status":"closed","template":"","meta":[],"product_brand":[],"product_cat":[40,36,143],"product_tag":[],"class_list":{"0":"post-30426","1":"product","2":"type-product","3":"status-publish","4":"has-post-thumbnail","6":"product_cat-sieuthi-giasi","7":"product_cat-thuc-pham-tieu-dung","8":"product_cat-thuc-pham-dong-hop","9":"pa_brand-dole","11":"first","12":"instock","13":"sale","14":"shipping-taxable","15":"purchasable","16":"product-type-simple"},"_links":{"self":[{"href":"https:\/\/havamall.vn\/en\/wp-json\/wp\/v2\/product\/30426"}],"collection":[{"href":"https:\/\/havamall.vn\/en\/wp-json\/wp\/v2\/product"}],"about":[{"href":"https:\/\/havamall.vn\/en\/wp-json\/wp\/v2\/types\/product"}],"replies":[{"embeddable":true,"href":"https:\/\/havamall.vn\/en\/wp-json\/wp\/v2\/comments?post=30426"}],"version-history":[{"count":0,"href":"https:\/\/havamall.vn\/en\/wp-json\/wp\/v2\/product\/30426\/revisions"}],"wp:featuredmedia":[{"embeddable":true,"href":"https:\/\/havamall.vn\/en\/wp-json\/wp\/v2\/media\/30434"}],"wp:attachment":[{"href":"https:\/\/havamall.vn\/en\/wp-json\/wp\/v2\/media?parent=30426"}],"wp:term":[{"taxonomy":"product_brand","embeddable":true,"href":"https:\/\/havamall.vn\/en\/wp-json\/wp\/v2\/product_brand?post=30426"},{"taxonomy":"product_cat","embeddable":true,"href":"https:\/\/havamall.vn\/en\/wp-json\/wp\/v2\/product_cat?post=30426"},{"taxonomy":"product_tag","embeddable":true,"href":"https:\/\/havamall.vn\/en\/wp-json\/wp\/v2\/product_tag?post=30426"}],"curies":[{"name":"wp","href":"https:\/\/api.w.org\/{rel}","templated":true}]}}