{"id":30409,"date":"2023-02-10T14:39:30","date_gmt":"2023-02-10T07:39:30","guid":{"rendered":"https:\/\/havamall.vn\/?post_type=product&#038;p=30409"},"modified":"2023-02-10T14:40:07","modified_gmt":"2023-02-10T07:40:07","slug":"hon-hop-trung-long-egg-flex-tui-400g","status":"publish","type":"product","link":"https:\/\/havamall.vn\/en\/shop\/hon-hop-trung-long-egg-flex-tui-400g\/","title":{"rendered":"H\u1ed7n H\u1ee3p Tr\u1ee9ng L\u1ecfng Egg Flex T\u00fai 400g"},"content":{"rendered":"<h2><strong>TH\u00d4NG TIN CHUNG<\/strong><\/h2>\n<table border=\"2\" width=\"476\">\n<tbody>\n<tr>\n<td><strong>Th\u01b0\u01a1ng hi\u1ec7u<\/strong><\/td>\n<td>Egg Flex<\/td>\n<\/tr>\n<tr>\n<td><strong>Xu\u1ea5t x\u1ee9<\/strong><\/td>\n<td>Vi\u1ec7t Nam<\/td>\n<\/tr>\n<tr>\n<td><strong>Th\u00e0nh ph\u1ea7n<\/strong><\/td>\n<td>Tr\u1ee9ng, tinh b\u1ed9t ng\u00f4, b\u1ed9t ti\u00eau \u0111en, s\u1eefa, n\u01b0\u1edbc,&#8230;<\/td>\n<\/tr>\n<tr>\n<td><strong>Quy c\u00e1ch<\/strong><\/td>\n<td>400g<\/td>\n<\/tr>\n<tr>\n<td><strong>B\u1ea3o qu\u1ea3n<\/strong><\/td>\n<td>B\u1ea3o qu\u1ea3n \u0111\u00f4ng l\u1ea1nh<\/td>\n<\/tr>\n<tr>\n<td><strong>H\u1ea1n s\u1eed d\u1ee5ng<\/strong><\/td>\n<td>Xem tr\u1ef1c ti\u1ebfp tr\u00ean bao b\u00ec s\u1ea3n ph\u1ea9m.<\/td>\n<\/tr>\n<\/tbody>\n<\/table>\n<p>Tr\u1ee9ng l\u00e0 m\u1ed9t s\u1ea3n ph\u1ea9m gi\u00e0u ch\u1ea5t dinh d\u01b0\u1ee1ng kh\u00f4ng th\u1ec3 thi\u1ebfu trong c\u00e1c kh\u1ea9u ph\u1ea7n \u0103n; ng\u00e0y nay, c\u00e0ng ti\u1ec7n l\u1ee3i h\u01a1n khi c\u00f3 c\u00e1c s\u1ea3n ph\u1ea9m\u00a0h\u1ed7n h\u1ee3p tr\u1ee9ng l\u1ecfng\u00a0\u0111\u01b0\u1ee3c \u0111\u00f3ng g\u00f3i c\u00f3 th\u1ec3 s\u1eed d\u1ee5ng ngay.<\/p>\n<p>H\u1ed7n h\u1ee3p tr\u1ee9ng l\u1ecfng Egg Flex lu\u00f4n \u0111\u1ea3m b\u1ea3o v\u1ec7 sinh an to\u00e0n th\u1ef1c ph\u1ea9m. Ti\u1ebft ki\u1ec7m \u0111\u01b0\u1ee3c r\u1ea5t nhi\u1ec1u th\u1eddi gian v\u00e0 c\u00f4ng s\u1ee9c, b\u1ecf qua c\u00f4ng \u0111o\u1ea1n t\u00e1ch b\u00f3c, gi\u00fap nh\u00e0 b\u1ebfp lu\u00f4n s\u1ea1ch s\u1ebd, ch\u1ed1ng l\u00e3ng ph\u00ed th\u1ef1c ph\u1ea9m, ti\u1ec1n b\u1ea1c l\u00ean ph\u1ea7n c\u00f2n l\u1ea1i c\u1ee7a tr\u1ee9ng b\u1ea1n kh\u00f4ng s\u1eed d\u1ee5ng \u0111\u1ebfn.<\/p>\n<p><img fetchpriority=\"high\" decoding=\"async\" class=\"wp-image-30410 aligncenter\" src=\"https:\/\/havamall.vn\/wp-content\/uploads\/2023\/02\/8fbc8f38b261683f3170-300x225.png\" alt=\"\" width=\"587\" height=\"440\" srcset=\"https:\/\/havamall.vn\/wp-content\/uploads\/2023\/02\/8fbc8f38b261683f3170-300x225.png 300w, https:\/\/havamall.vn\/wp-content\/uploads\/2023\/02\/8fbc8f38b261683f3170-430x323.png 430w, https:\/\/havamall.vn\/wp-content\/uploads\/2023\/02\/8fbc8f38b261683f3170-150x113.png 150w, https:\/\/havamall.vn\/wp-content\/uploads\/2023\/02\/8fbc8f38b261683f3170-700x525.png 700w, https:\/\/havamall.vn\/wp-content\/uploads\/2023\/02\/8fbc8f38b261683f3170-768x576.png 768w, https:\/\/havamall.vn\/wp-content\/uploads\/2023\/02\/8fbc8f38b261683f3170-1024x768.png 1024w, https:\/\/havamall.vn\/wp-content\/uploads\/2023\/02\/8fbc8f38b261683f3170-1200x900.png 1200w, https:\/\/havamall.vn\/wp-content\/uploads\/2023\/02\/8fbc8f38b261683f3170-600x450.png 600w\" sizes=\"(max-width: 587px) 100vw, 587px\" \/><\/p>\n<h3 id=\"mcetoc_1f9iq17e76\"><strong>\u01afU \u0110I\u1ec2M C\u1ee6A H\u1ed6N H\u1ee2P TR\u1ee8NG L\u1eceNG EGGFLEX<\/strong><\/h3>\n<p>&#8211; 100% ngu\u1ed3n nhi\u00ean li\u1ec7u s\u1eed d\u1ee5ng \u0111\u1ea1t ti\u00eau chu\u1ea9n v\u1ec1 v\u1ec7 sinh v\u00e0 ch\u1ea5t l\u01b0\u1ee3ng, kh\u00f4ng ch\u1ee9a ph\u1ea9m m\u00e0u, kh\u00f4ng l\u1eabn t\u1ea1p ch\u1ea5t, kh\u00f4ng mang l\u1ea1i vi tanh.<\/p>\n<p>&#8211; 100% c\u00e1c s\u1ea3n ph\u1ea9m \u0111\u01b0\u1ee3c s\u1ea3n xu\u1ea5t theo quy tr\u00ecnh hi\u1ec7n \u0111\u1ea1i trong h\u1ec7 th\u1ed1ng nh\u00e0 m\u00e1y \u0111\u1ea1t chu\u1ea9n v\u1ec7 sinh an to\u00e0n th\u1ef1c ph\u1ea9m.<\/p>\n<p>&#8211; Qu\u00e1 tr\u00ecnh ph\u00e1t tri\u1ec3n v\u00e0 s\u1ea3n xu\u1ea5t s\u1ea3n ph\u1ea9m \u0111\u01b0\u1ee3c ki\u1ec3m duy\u1ec7t ch\u1eb7t ch\u1ebd t\u1eeb \u0111\u1ea7u v\u00e0o \u0111\u1ebfn \u0111\u1ea7u ra, lu\u00f4n tu\u00e2n th\u1ee7 c\u00e1c quy ch\u1ebf v\u1ec1 v\u1ec7 sinh Anh to\u00e0n v\u1ec7 sinh th\u1ef1c ph\u1ea9m c\u1ee7a qu\u1ed1c gia.<\/p>\n<p>&#8211; \u0110\u00f3ng g\u00f3i s\u1ea3n ph\u1ea9m theo ti\u00eau chu\u1ea9n, ti\u1ec7n l\u1ee3i s\u1eed d\u1ee5ng.<\/p>\n<p><img decoding=\"async\" class=\"wp-image-30411 aligncenter\" src=\"https:\/\/havamall.vn\/wp-content\/uploads\/2023\/02\/exps161305_TH153344A06_19_2bAlt-300x300.png\" alt=\"\" width=\"587\" height=\"587\" srcset=\"https:\/\/havamall.vn\/wp-content\/uploads\/2023\/02\/exps161305_TH153344A06_19_2bAlt-300x300.png 300w, https:\/\/havamall.vn\/wp-content\/uploads\/2023\/02\/exps161305_TH153344A06_19_2bAlt-430x430.png 430w, https:\/\/havamall.vn\/wp-content\/uploads\/2023\/02\/exps161305_TH153344A06_19_2bAlt-150x150.png 150w, https:\/\/havamall.vn\/wp-content\/uploads\/2023\/02\/exps161305_TH153344A06_19_2bAlt-700x700.png 700w, https:\/\/havamall.vn\/wp-content\/uploads\/2023\/02\/exps161305_TH153344A06_19_2bAlt-768x768.png 768w, https:\/\/havamall.vn\/wp-content\/uploads\/2023\/02\/exps161305_TH153344A06_19_2bAlt-1024x1024.png 1024w, https:\/\/havamall.vn\/wp-content\/uploads\/2023\/02\/exps161305_TH153344A06_19_2bAlt.png 1200w, https:\/\/havamall.vn\/wp-content\/uploads\/2023\/02\/exps161305_TH153344A06_19_2bAlt-600x600.png 600w, https:\/\/havamall.vn\/wp-content\/uploads\/2023\/02\/exps161305_TH153344A06_19_2bAlt-100x100.png 100w\" sizes=\"(max-width: 587px) 100vw, 587px\" \/><\/p>\n<h2><strong>H\u01af\u1edaNG D\u1eaaN S\u1eec D\u1ee4NG<\/strong><\/h2>\n<p>\u2013 R\u00e3 \u0111\u00f4ng trong n\u01b0\u1edbc l\u1ea1nh kho\u1ea3ng 2 ti\u1ebfng ho\u1eb7c trong t\u1ee7 l\u1ea1nh kho\u1ea3ng 10 ti\u1ebfng.<\/p>\n<p>&#8211; Sau khi r\u00e3 \u0111\u00f4ng tinh b\u1ed9t v\u00e0 ti\u00eau s\u1ebd v\u00f3n c\u1ee5c l\u1ea1i, l\u1eafc \u0111\u1ec1u tr\u01b0\u1edbc khi s\u1eed d\u1ee5ng.<\/p>\n<p>\u2013 L\u00e0m nguy\u00ean li\u1ec7u trong s\u1ea3n xu\u1ea5t b\u00e1nh, s\u1ed1t mayonnaise, ch\u1ebf bi\u1ebfn c\u00e1c m\u00f3n \u0103n trong nh\u00e0 h\u00e0ng\u2026<\/p>\n<p>&#8211; C\u00f3 th\u1ec3 l\u00e0m m\u00f3n tr\u1ee9ng h\u1ea5p ho\u1eb7c c\u00e1c m\u00f3n tr\u1ee9ng tu\u1ef3 th\u00edch.<\/p>\n<p><img decoding=\"async\" class=\"wp-image-30412 aligncenter\" src=\"https:\/\/havamall.vn\/wp-content\/uploads\/2023\/02\/Benedict_Glam_FINAL_APPROVED-252x300.png\" alt=\"\" width=\"595\" height=\"708\" srcset=\"https:\/\/havamall.vn\/wp-content\/uploads\/2023\/02\/Benedict_Glam_FINAL_APPROVED-252x300.png 252w, https:\/\/havamall.vn\/wp-content\/uploads\/2023\/02\/Benedict_Glam_FINAL_APPROVED-430x513.png 430w, https:\/\/havamall.vn\/wp-content\/uploads\/2023\/02\/Benedict_Glam_FINAL_APPROVED-150x179.png 150w, https:\/\/havamall.vn\/wp-content\/uploads\/2023\/02\/Benedict_Glam_FINAL_APPROVED-700x834.png 700w, https:\/\/havamall.vn\/wp-content\/uploads\/2023\/02\/Benedict_Glam_FINAL_APPROVED-768x915.png 768w, https:\/\/havamall.vn\/wp-content\/uploads\/2023\/02\/Benedict_Glam_FINAL_APPROVED-859x1024.png 859w, https:\/\/havamall.vn\/wp-content\/uploads\/2023\/02\/Benedict_Glam_FINAL_APPROVED-600x715.png 600w, https:\/\/havamall.vn\/wp-content\/uploads\/2023\/02\/Benedict_Glam_FINAL_APPROVED.png 1000w\" sizes=\"(max-width: 595px) 100vw, 595px\" \/><\/p>\n<h2><strong>L\u01afU \u00dd<\/strong><\/h2>\n<p>&#8211; Kh\u00f4ng c\u1ea5p \u0111\u00f4ng l\u1ea1i sau khi r\u00e3 \u0111\u00f4ng<\/p>\n<p>&#8211; S\u1eed d\u1ee5ng 24 ti\u1ebfng sau khi m\u1edf<\/p>\n<p>&#8211; B\u1ea3o qu\u1ea3n trong t\u1ee7 l\u1ea1nh sau khi m\u1edf<\/p>\n<p>&#8211; Khi tho\u1ea3ng c\u00f3 th\u1ec3 xu\u1ea5t hi\u1ec7n ch\u1ea5m \u0111en, \u0111\u00e2y l\u00e0 b\u1ed9t ti\u00eau n\u00eau c\u00f3 th\u1ec3 y\u00eau t\u00e2m s\u1eed d\u1ee5ng.<\/p>","protected":false},"excerpt":{"rendered":"<p>TH\u00d4NG TIN CHUNG Th\u01b0\u01a1ng hi\u1ec7u Egg Flex Xu\u1ea5t x\u1ee9 Vi\u1ec7t Nam Th\u00e0nh ph\u1ea7n Tr\u1ee9ng, tinh b\u1ed9t ng\u00f4, b\u1ed9t ti\u00eau \u0111en,<\/p>","protected":false},"featured_media":30413,"comment_status":"open","ping_status":"closed","template":"","meta":[],"product_brand":[],"product_cat":[275,36],"product_tag":[],"class_list":{"0":"post-30409","1":"product","2":"type-product","3":"status-publish","4":"has-post-thumbnail","6":"product_cat-thuc-pham-dong-lanh","7":"product_cat-thuc-pham-tieu-dung","9":"first","10":"instock","11":"sale","12":"shipping-taxable","13":"purchasable","14":"product-type-simple"},"_links":{"self":[{"href":"https:\/\/havamall.vn\/en\/wp-json\/wp\/v2\/product\/30409"}],"collection":[{"href":"https:\/\/havamall.vn\/en\/wp-json\/wp\/v2\/product"}],"about":[{"href":"https:\/\/havamall.vn\/en\/wp-json\/wp\/v2\/types\/product"}],"replies":[{"embeddable":true,"href":"https:\/\/havamall.vn\/en\/wp-json\/wp\/v2\/comments?post=30409"}],"version-history":[{"count":0,"href":"https:\/\/havamall.vn\/en\/wp-json\/wp\/v2\/product\/30409\/revisions"}],"wp:featuredmedia":[{"embeddable":true,"href":"https:\/\/havamall.vn\/en\/wp-json\/wp\/v2\/media\/30413"}],"wp:attachment":[{"href":"https:\/\/havamall.vn\/en\/wp-json\/wp\/v2\/media?parent=30409"}],"wp:term":[{"taxonomy":"product_brand","embeddable":true,"href":"https:\/\/havamall.vn\/en\/wp-json\/wp\/v2\/product_brand?post=30409"},{"taxonomy":"product_cat","embeddable":true,"href":"https:\/\/havamall.vn\/en\/wp-json\/wp\/v2\/product_cat?post=30409"},{"taxonomy":"product_tag","embeddable":true,"href":"https:\/\/havamall.vn\/en\/wp-json\/wp\/v2\/product_tag?post=30409"}],"curies":[{"name":"wp","href":"https:\/\/api.w.org\/{rel}","templated":true}]}}