{"id":30367,"date":"2023-02-09T15:39:11","date_gmt":"2023-02-09T08:39:11","guid":{"rendered":"https:\/\/havamall.vn\/?post_type=product&#038;p=30367"},"modified":"2023-06-05T17:36:00","modified_gmt":"2023-06-05T10:36:00","slug":"bot-ngot-vedan-400g","status":"publish","type":"product","link":"https:\/\/havamall.vn\/en\/shop\/bot-ngot-vedan-400g\/","title":{"rendered":"B\u1ed9t Ng\u1ecdt Vedan 400g &#8211; Monosodium Glutamate"},"content":{"rendered":"<div>\n<h2><strong>TH\u00d4NG TIN CHUNG<\/strong><\/h2>\n<table border=\"2\" width=\"476\">\n<tbody>\n<tr>\n<td><strong>Th\u01b0\u01a1ng hi\u1ec7u<\/strong><\/td>\n<td>Vedan<\/td>\n<\/tr>\n<tr>\n<td><strong>Xu\u1ea5t x\u1ee9<\/strong><\/td>\n<td>Vi\u1ec7t Nam<\/td>\n<\/tr>\n<tr>\n<td><strong>Th\u00e0nh ph\u1ea7n<\/strong><\/td>\n<td>Monosodium Glutamate kh\u00f4ng th\u1ea5p h\u01a1n 99%<\/td>\n<\/tr>\n<tr>\n<td><strong>Quy c\u00e1ch<\/strong><\/td>\n<td>400g<\/td>\n<\/tr>\n<tr>\n<td><strong>B\u1ea3o qu\u1ea3n<\/strong><\/td>\n<td>B\u1ea3o qu\u1ea3n n\u01a1i kh\u00f4 r\u00e1o, tho\u00e1ng m\u00e1t, tr\u00e1nh \u00e1nh n\u1eafng tr\u1ef1c ti\u1ebfp<\/td>\n<\/tr>\n<tr>\n<td><strong>H\u1ea1n s\u1eed d\u1ee5ng<\/strong><\/td>\n<td>Xem tr\u1ef1c ti\u1ebfp tr\u00ean bao b\u00ec s\u1ea3n ph\u1ea9m.<\/td>\n<\/tr>\n<\/tbody>\n<\/table>\n<h2><strong>B\u1ed8T NG\u1eccT VEDAN<\/strong><\/h2>\n<\/div>\n<div>H\u01a1n h\u00e0ng ch\u1ee5c n\u0103m qua, th\u01b0\u01a1ng hi\u1ec7u\u00a0b\u1ed9t ng\u1ecdt h\u1ea1t l\u1edbn Vedan\u00a0\u0111\u1ebfn t\u1eeb Nh\u1eadt B\u1ea3n \u0111\u00e3 v\u00e0 \u0111ang chi\u1ebfm \u0111\u01b0\u1ee3c nhi\u1ec1u s\u1ef1 tin y\u00eau t\u1eeb ng\u01b0\u1eddi ti\u00eau d\u00f9ng v\u1edbi nh\u1eefng d\u00f2ng s\u1ea3n ph\u1ea9m cao c\u1ea5p, an to\u00e0n cho s\u1ee9c kh\u1ecfe ng\u01b0\u1eddi ti\u00eau d\u00f9ng nh\u01b0\u00a0b\u1ed9t ng\u1ecdt h\u1ea1t l\u1edbn Vedan g\u00f3i 400g.<\/div>\n<p>L\u00e0 lo\u1ea1i b\u1ed9t ng\u1ecdt \u0111\u01b0\u1ee3c s\u1ea3n xu\u1ea5t b\u1eb1ng ph\u01b0\u01a1ng ph\u00e1p l\u00ean men t\u1eeb ngu\u1ed3n nguy\u00ean li\u1ec7u ch\u1ea5t l\u01b0\u1ee3ng, b\u1ed9t ng\u1ecdt Vedan g\u00f3i 400g\u00a0g\u00f3p ph\u1ea7n l\u00e0m n\u00ean b\u1eefa \u0103n ngon c\u1ee7a gia \u0111\u00ecnh Vi\u1ec7t \u0111\u1ebfn t\u1eeb th\u01b0\u01a1ng hi\u1ec7u\u00a0b\u1ed9t ng\u1ecdt Vedan. \u0110\u00f3ng g\u00f3i nh\u1ecf th\u00edch h\u1ee3p trong ch\u1ebf bi\u1ebfn m\u00f3n \u0103n t\u1ea1i gia, ho\u1eb7c d\u1ec5 d\u00e0ng mang \u0111i.<\/p>\n<p>S\u1ea3n ph\u1ea9m \u0111\u01b0\u1ee3c l\u00e0m t\u1eeb\u00a0m\u1eadt m\u00eda \u0111\u01b0\u1eddng v\u00e0 tinh b\u1ed9t khoai m\u00ec (b\u1ed9t s\u1eafn)\u00a0an to\u00e0n cho ng\u01b0\u1eddi s\u1eed d\u1ee5ng. S\u1ea3n ph\u1ea9m l\u00e0\u00a0m\u1ed9t gia v\u1ecb kh\u00f4ng th\u1ec3 thi\u1ebfu cho b\u1ea5t c\u1ee9 m\u00f3n \u0103n n\u00e0o\u00a0nh\u01b0 chi\u00ean, x\u00e0o, n\u1ea5u, n\u01b0\u1edbng&#8230;gi\u00fap\u00a0t\u1ea1o \u0111\u1ed9 ng\u1ecdt t\u1ef1 nhi\u00ean t\u1ef1\u00a0th\u1ecbt, l\u00e0m t\u0103ng h\u01b0\u01a1ng v\u1ecb c\u1ee7a m\u1ecdi m\u00f3n \u0103n.<\/p>\n<p><img fetchpriority=\"high\" decoding=\"async\" class=\"wp-image-30369 aligncenter\" src=\"https:\/\/havamall.vn\/wp-content\/uploads\/2023\/02\/3a54a80d1c723381f03a8998524525f1-300x300.png\" alt=\"\" width=\"632\" height=\"632\" srcset=\"https:\/\/havamall.vn\/wp-content\/uploads\/2023\/02\/3a54a80d1c723381f03a8998524525f1-300x300.png 300w, https:\/\/havamall.vn\/wp-content\/uploads\/2023\/02\/3a54a80d1c723381f03a8998524525f1-430x430.png 430w, https:\/\/havamall.vn\/wp-content\/uploads\/2023\/02\/3a54a80d1c723381f03a8998524525f1-150x150.png 150w, https:\/\/havamall.vn\/wp-content\/uploads\/2023\/02\/3a54a80d1c723381f03a8998524525f1-700x700.png 700w, https:\/\/havamall.vn\/wp-content\/uploads\/2023\/02\/3a54a80d1c723381f03a8998524525f1-768x768.png 768w, https:\/\/havamall.vn\/wp-content\/uploads\/2023\/02\/3a54a80d1c723381f03a8998524525f1-600x600.png 600w, https:\/\/havamall.vn\/wp-content\/uploads\/2023\/02\/3a54a80d1c723381f03a8998524525f1-100x100.png 100w, https:\/\/havamall.vn\/wp-content\/uploads\/2023\/02\/3a54a80d1c723381f03a8998524525f1.png 900w\" sizes=\"(max-width: 632px) 100vw, 632px\" \/><\/p>\n<h2><strong>CH\u1ea4T L\u01af\u1ee2NG V\u00c0 PH\u00c2N LO\u1ea0I B\u1ed8T NG\u1eccT<\/strong><\/h2>\n<p>S\u1ea3n ph\u1ea9m B\u1ed9t Ng\u1ecdt (Sodium Gluatamate) tinh luy\u1ec7n c\u1ee7a c\u00f4ng ty c\u00f3 ch\u1ea5t l\u01b0\u1ee3ng t\u1ed1t, th\u00f4ng qua ch\u1ee9ng nh\u1eadn ISO 9001:2008, to\u00e0n b\u1ed9 quy tr\u00ecnh s\u1ea3n xu\u1ea5t \u0111\u01b0\u1ee3c th\u00f4ng qua c\u00e1c kh\u00e2u ki\u1ec3m so\u00e1t ch\u1ea5t l\u01b0\u1ee3ng nghi\u00eam ng\u1eb7t.<\/p>\n<p>\u0110\u1ed9 tinh khi\u1ebft c\u1ee7a s\u1ea3n ph\u1ea9m tr\u00ean 99%, c\u00f3 ngo\u1ea1i quan l\u00e0 h\u1ea1t tinh th\u1ec3 kh\u00f4ng m\u00e0u ho\u1eb7c m\u00e0u tr\u1eafng, t\u1ea5t c\u1ea3 c\u00e1c ch\u1ec9 ti\u00eau an to\u00e0n v\u1ec7 sinh \u0111\u1ec1u ph\u00f9 h\u1ee3p v\u1edbi ti\u00eau chu\u1ea9n qu\u1ed1c gia.<\/p>\n<p>K\u00edch c\u1ee1 h\u1ea1t b\u1ed9t ng\u1ecdt c\u1ee7a c\u00f4ng ty ch\u00fang t\u00f4i c\u00f3 th\u1ec3 ph\u00e2n chia theo lo\u1ea1i h\u1ea1t l\u1edbn, lo\u1ea1i h\u1ea1t trung b\u00ecnh, lo\u1ea1i h\u1ea1t nh\u1ecf v\u1edbi 6 lo\u1ea1i quy c\u00e1ch, c\u00f3 nhi\u1ec1u c\u00e1ch th\u1ee9c \u0111\u00f3ng g\u00f3i kh\u00e1c nhau ph\u00f9 h\u1ee3p v\u1edbi s\u1ef1 l\u1ef1a ch\u1ecdn c\u1ee7a kh\u00e1ch h\u00e0ng v\u00e0 ng\u01b0\u1eddi ti\u00eau d\u00f9ng.<\/p>\n<p><img decoding=\"async\" class=\"wp-image-30370 aligncenter\" src=\"https:\/\/havamall.vn\/wp-content\/uploads\/2023\/02\/74ffb796a433790e9acdaf6355fcd9cb-300x300.png\" alt=\"\" width=\"631\" height=\"631\" srcset=\"https:\/\/havamall.vn\/wp-content\/uploads\/2023\/02\/74ffb796a433790e9acdaf6355fcd9cb-300x300.png 300w, https:\/\/havamall.vn\/wp-content\/uploads\/2023\/02\/74ffb796a433790e9acdaf6355fcd9cb-430x430.png 430w, https:\/\/havamall.vn\/wp-content\/uploads\/2023\/02\/74ffb796a433790e9acdaf6355fcd9cb-150x150.png 150w, https:\/\/havamall.vn\/wp-content\/uploads\/2023\/02\/74ffb796a433790e9acdaf6355fcd9cb-700x700.png 700w, https:\/\/havamall.vn\/wp-content\/uploads\/2023\/02\/74ffb796a433790e9acdaf6355fcd9cb-768x768.png 768w, https:\/\/havamall.vn\/wp-content\/uploads\/2023\/02\/74ffb796a433790e9acdaf6355fcd9cb-600x600.png 600w, https:\/\/havamall.vn\/wp-content\/uploads\/2023\/02\/74ffb796a433790e9acdaf6355fcd9cb-100x100.png 100w, https:\/\/havamall.vn\/wp-content\/uploads\/2023\/02\/74ffb796a433790e9acdaf6355fcd9cb.png 960w\" sizes=\"(max-width: 631px) 100vw, 631px\" \/><\/p>\n<h2><strong>\u0110\u1eb6C \u0110I\u1ec2M C\u1ee6A B\u1ed8T NG\u1eccT VEDAN<\/strong><\/h2>\n<p>&#8211; B\u1ed9t ng\u1ecdt (m\u00ec ch\u00ednh) Vedan l\u00e0 m\u1ed9t gia v\u1ecb th\u1ef1c ph\u1ea9m c\u00f3 ch\u1ee9c n\u0103ng \u0111i\u1ec1u v\u1ecb l\u00e0m cho m\u00f3n \u0103n ngon h\u01a1n.<\/p>\n<p>&#8211; S\u1ea3n ph\u1ea9m \u0111\u01b0\u1ee3c s\u1eed d\u1ee5ng r\u1ed9ng r\u00e3i trong ch\u1ebf bi\u1ebfn m\u00f3n \u0103n \u1edf gia \u0111\u00ecnh, nh\u00e0 h\u00e0ng v\u00e0 trong c\u00f4ng nghi\u1ec7p ch\u1ebf bi\u1ebfn th\u1ef1c ph\u1ea9m.<\/p>\n<p>&#8211; B\u1ed9t ng\u1ecdt (m\u00ec ch\u00ednh) Vedan \u0111\u01b0\u1ee3c s\u1ea3n xu\u1ea5t theo quy tr\u00ecnh hi\u1ec7n \u0111\u1ea1i, v\u1edbi c\u00e1c kh\u00e2u l\u00e0m s\u1ea1ch k\u0129 l\u01b0\u1ee1ng, mang \u0111\u1ebfn nh\u1eefng h\u1ea1t b\u1ed9t ng\u1ecdt an to\u00e0n. B\u1ea1n c\u00f3 th\u1ec3 ho\u00e0n to\u00e0n y\u00ean t\u00e2m khi s\u1eed d\u1ee5ng s\u1ea3n ph\u1ea9m cho m\u1ee5c \u0111\u00edch n\u1ea5u hay ch\u1ebf bi\u1ebfn c\u00e1c m\u00f3n \u0103n cho c\u1ea3 gia \u0111\u00ecnh.<\/p>\n<p><img decoding=\"async\" class=\"wp-image-30371 aligncenter\" src=\"https:\/\/havamall.vn\/wp-content\/uploads\/2023\/02\/a4c1bc812000cdccbf37bd246f6d1a93-300x300.png\" alt=\"\" width=\"632\" height=\"632\" srcset=\"https:\/\/havamall.vn\/wp-content\/uploads\/2023\/02\/a4c1bc812000cdccbf37bd246f6d1a93-300x300.png 300w, https:\/\/havamall.vn\/wp-content\/uploads\/2023\/02\/a4c1bc812000cdccbf37bd246f6d1a93-430x430.png 430w, https:\/\/havamall.vn\/wp-content\/uploads\/2023\/02\/a4c1bc812000cdccbf37bd246f6d1a93-150x150.png 150w, https:\/\/havamall.vn\/wp-content\/uploads\/2023\/02\/a4c1bc812000cdccbf37bd246f6d1a93-700x700.png 700w, https:\/\/havamall.vn\/wp-content\/uploads\/2023\/02\/a4c1bc812000cdccbf37bd246f6d1a93-768x768.png 768w, https:\/\/havamall.vn\/wp-content\/uploads\/2023\/02\/a4c1bc812000cdccbf37bd246f6d1a93-600x600.png 600w, https:\/\/havamall.vn\/wp-content\/uploads\/2023\/02\/a4c1bc812000cdccbf37bd246f6d1a93-100x100.png 100w, https:\/\/havamall.vn\/wp-content\/uploads\/2023\/02\/a4c1bc812000cdccbf37bd246f6d1a93.png 900w\" sizes=\"(max-width: 632px) 100vw, 632px\" \/><\/p>\n<div class=\"description show-moreinfo\">\n<h2><strong>D\u00d9NG B\u1ed8T NG\u1eccT \u0110\u00daNG C\u00c1CH<\/strong><\/h2>\n<p>&#8211; B\u1ed9t ng\u1ecdt\u00a0ch\u1ec9 l\u00e0 m\u1ed9t ch\u1ea5t \u0111i\u1ec1u v\u1ecb gi\u00fap m\u00f3n \u0103n tr\u1edf n\u00ean \u0111\u1eadm v\u1ecb, kh\u00f4ng ch\u1ee9a gi\u00e1 tr\u1ecb dinh d\u01b0\u1ee1ng. V\u00ec th\u1ebf, c\u00e1c b\u00e0 n\u1ed9i tr\u1ee3 n\u00ean l\u01b0u \u00fd nh\u1eefng \u0111i\u1ec1u sau \u0111\u00e2y khi s\u1eed d\u1ee5ng b\u1ed9t ng\u1ecdt<\/p>\n<p>&#8211; Ch\u1ec9 s\u1eed d\u1ee5ng\u00a0<strong>t\u1ed1i \u0111a 6g cho m\u1ed9t ng\u01b0\u1eddi<\/strong>\u00a0tr\u01b0\u1edfng th\u00e0nh.<\/p>\n<p>&#8211; Kh\u00f4ng n\u00ean n\u00eam b\u1ed9t ng\u1ecdt v\u00e0o th\u1ee9c \u0103n \u0111ang \u1edf\u00a0nhi\u1ec7t \u0111\u1ed9 qu\u00e1 300 \u0111\u1ed9 C.<\/p>\n<p><img loading=\"lazy\" decoding=\"async\" class=\"wp-image-30373 aligncenter\" src=\"https:\/\/havamall.vn\/wp-content\/uploads\/2023\/02\/Screen-Shot-2023-02-09-at-3.25.39-PM-copy-298x300.png\" alt=\"\" width=\"627\" height=\"631\" srcset=\"https:\/\/havamall.vn\/wp-content\/uploads\/2023\/02\/Screen-Shot-2023-02-09-at-3.25.39-PM-copy-298x300.png 298w, https:\/\/havamall.vn\/wp-content\/uploads\/2023\/02\/Screen-Shot-2023-02-09-at-3.25.39-PM-copy-430x433.png 430w, https:\/\/havamall.vn\/wp-content\/uploads\/2023\/02\/Screen-Shot-2023-02-09-at-3.25.39-PM-copy-150x150.png 150w, https:\/\/havamall.vn\/wp-content\/uploads\/2023\/02\/Screen-Shot-2023-02-09-at-3.25.39-PM-copy-700x704.png 700w, https:\/\/havamall.vn\/wp-content\/uploads\/2023\/02\/Screen-Shot-2023-02-09-at-3.25.39-PM-copy-768x773.png 768w, https:\/\/havamall.vn\/wp-content\/uploads\/2023\/02\/Screen-Shot-2023-02-09-at-3.25.39-PM-copy-1018x1024.png 1018w, https:\/\/havamall.vn\/wp-content\/uploads\/2023\/02\/Screen-Shot-2023-02-09-at-3.25.39-PM-copy-1200x1207.png 1200w, https:\/\/havamall.vn\/wp-content\/uploads\/2023\/02\/Screen-Shot-2023-02-09-at-3.25.39-PM-copy-600x604.png 600w, https:\/\/havamall.vn\/wp-content\/uploads\/2023\/02\/Screen-Shot-2023-02-09-at-3.25.39-PM-copy-100x100.png 100w, https:\/\/havamall.vn\/wp-content\/uploads\/2023\/02\/Screen-Shot-2023-02-09-at-3.25.39-PM-copy.png 1690w\" sizes=\"(max-width: 627px) 100vw, 627px\" \/><\/p>\n<\/div>","protected":false},"excerpt":{"rendered":"<p>TH\u00d4NG TIN CHUNG Th\u01b0\u01a1ng hi\u1ec7u Vedan Xu\u1ea5t x\u1ee9 Vi\u1ec7t Nam Th\u00e0nh ph\u1ea7n Monosodium Glutamate kh\u00f4ng th\u1ea5p h\u01a1n 99% Quy c\u00e1ch<\/p>","protected":false},"featured_media":30372,"comment_status":"open","ping_status":"closed","template":"","meta":[],"product_brand":[],"product_cat":[130,36],"product_tag":[],"class_list":{"0":"post-30367","1":"product","2":"type-product","3":"status-publish","4":"has-post-thumbnail","6":"product_cat-khuyen-mai","7":"product_cat-thuc-pham-tieu-dung","9":"first","10":"instock","11":"sale","12":"shipping-taxable","13":"purchasable","14":"product-type-simple"},"_links":{"self":[{"href":"https:\/\/havamall.vn\/en\/wp-json\/wp\/v2\/product\/30367"}],"collection":[{"href":"https:\/\/havamall.vn\/en\/wp-json\/wp\/v2\/product"}],"about":[{"href":"https:\/\/havamall.vn\/en\/wp-json\/wp\/v2\/types\/product"}],"replies":[{"embeddable":true,"href":"https:\/\/havamall.vn\/en\/wp-json\/wp\/v2\/comments?post=30367"}],"version-history":[{"count":0,"href":"https:\/\/havamall.vn\/en\/wp-json\/wp\/v2\/product\/30367\/revisions"}],"wp:featuredmedia":[{"embeddable":true,"href":"https:\/\/havamall.vn\/en\/wp-json\/wp\/v2\/media\/30372"}],"wp:attachment":[{"href":"https:\/\/havamall.vn\/en\/wp-json\/wp\/v2\/media?parent=30367"}],"wp:term":[{"taxonomy":"product_brand","embeddable":true,"href":"https:\/\/havamall.vn\/en\/wp-json\/wp\/v2\/product_brand?post=30367"},{"taxonomy":"product_cat","embeddable":true,"href":"https:\/\/havamall.vn\/en\/wp-json\/wp\/v2\/product_cat?post=30367"},{"taxonomy":"product_tag","embeddable":true,"href":"https:\/\/havamall.vn\/en\/wp-json\/wp\/v2\/product_tag?post=30367"}],"curies":[{"name":"wp","href":"https:\/\/api.w.org\/{rel}","templated":true}]}}