{"id":30363,"date":"2023-02-09T14:50:33","date_gmt":"2023-02-09T07:50:33","guid":{"rendered":"https:\/\/havamall.vn\/?post_type=product&#038;p=30363"},"modified":"2023-02-09T14:50:33","modified_gmt":"2023-02-09T07:50:33","slug":"bot-gia-vi-pha-lau-kieu-trung-lobo-chinese-five-spice-blend-pa-lo-powder-65g","status":"publish","type":"product","link":"https:\/\/havamall.vn\/en\/shop\/bot-gia-vi-pha-lau-kieu-trung-lobo-chinese-five-spice-blend-pa-lo-powder-65g\/","title":{"rendered":"B\u1ed9t Gia V\u1ecb Ph\u00e1 L\u1ea5u Ki\u1ec3u Trung LOBO &#8211; Chinese Five-Spice Blend Pa-lo Powder 65g"},"content":{"rendered":"<h2><strong>TH\u00d4NG TIN CHUNG<\/strong><\/h2>\n<table border=\"2\" width=\"476\">\n<tbody>\n<tr>\n<td><strong>Th\u01b0\u01a1ng hi\u1ec7u<\/strong><\/td>\n<td>LOBO<\/td>\n<\/tr>\n<tr>\n<td><strong>Xu\u1ea5t x\u1ee9<\/strong><\/td>\n<td>Th\u00e1i Lan<\/td>\n<\/tr>\n<tr>\n<td><strong>Th\u00e0nh ph\u1ea7n<\/strong><\/td>\n<td>B\u1ed9t qu\u1ebf, b\u1ed9t h\u1ea1t rau m\u00f9i, b\u1ed9t l\u00e1 qu\u1ebf, b\u1ed9t \u0111\u1ea1i h\u1ed3i, b\u1ed9t h\u1ea1t ti\u00eau.<\/td>\n<\/tr>\n<tr>\n<td><strong>Quy c\u00e1ch<\/strong><\/td>\n<td>65g<\/td>\n<\/tr>\n<tr>\n<td><strong>B\u1ea3o qu\u1ea3n<\/strong><\/td>\n<td>B\u1ea3o qu\u1ea3n n\u01a1i kh\u00f4 r\u00e1o, tho\u00e1ng m\u00e1t, tr\u00e1nh \u00e1nh n\u1eafng tr\u1ef1c ti\u1ebfp<\/td>\n<\/tr>\n<tr>\n<td><strong>H\u1ea1n s\u1eed d\u1ee5ng<\/strong><\/td>\n<td>Xem tr\u1ef1c ti\u1ebfp tr\u00ean bao b\u00ec s\u1ea3n ph\u1ea9m.<\/td>\n<\/tr>\n<\/tbody>\n<\/table>\n<h2><strong>GIA V\u1eca PH\u00c1 L\u1ea4U KI\u1ec2U TRUNG LOBO<\/strong><\/h2>\n<p>S\u1ea3n ph\u1ea9m \u0111\u1ebfn t\u1eeb th\u01b0\u01a1ng hi\u1ec7u Lobo. \u0110\u00e2y l\u00e0 m\u1ed9t th\u01b0\u01a1ng hi\u1ec7u n\u1ed5i ti\u1ebfng c\u1ee7a Th\u00e1i Lan, chuy\u00ean cung c\u1ea5p c\u00e1c lo\u1ea1i gia v\u1ecb cho m\u00f3n \u0103n th\u00eam ph\u1ea7n th\u01a1m ngon. Hi\u1ec7n nay, c\u00e1c s\u1ea3n ph\u1ea9m c\u1ee7a Lobo r\u1ea5t \u0111\u01b0\u1ee3c \u01b0u chu\u1ed9ng t\u1ea1i Vi\u1ec7t Nam b\u1edfi ng\u01b0\u1eddi n\u1ea5u s\u1ebd ti\u1ebft ki\u1ec7m nhi\u1ec1u th\u1eddi gian v\u00e0 c\u00f4ng s\u1ee9c \u0111\u1ec3 t\u1ea1o ra m\u1ed9t b\u1eefa c\u01a1m ho\u00e0n ch\u1ec9nh. V\u1edbi th\u00e0nh ph\u1ea7n g\u1ed3m nh\u1eefng nguy\u00ean li\u1ec7u an to\u00e0n, gia v\u1ecb Lobo \u0111\u1ea3m b\u1ea3o v\u1ec7 sinh th\u1ef1c ph\u1ea9m tuy\u1ec7t \u0111\u1ed1i.<\/p>\n<p>Gia v\u1ecb Lobo Th\u00e1i Lan l\u00e0 gia v\u1ecb chuy\u00ean d\u1ee5ng t\u1ea1o n\u00ean h\u01b0\u01a1ng v\u1ecb tuy\u1ec7t ngon \u0111\u01b0\u1ee3c nhi\u1ec1u ng\u01b0\u1eddi y\u00eau th\u00edch tr\u00ean kh\u1eafp th\u1ebf gi\u1edbi, \u0111\u1eb7c bi\u1ec7t l\u00e0 h\u1ee3p v\u1edbi kh\u1ea9u v\u1ecb c\u1ee7a ng\u01b0\u1eddi Vi\u1ec7t Nam.<\/p>\n<p><img fetchpriority=\"high\" decoding=\"async\" class=\"wp-image-30365 aligncenter\" src=\"https:\/\/havamall.vn\/wp-content\/uploads\/2023\/02\/278378498_4890419557744374_8520743745364206063_n-300x297.jpeg\" alt=\"\" width=\"630\" height=\"624\" srcset=\"https:\/\/havamall.vn\/wp-content\/uploads\/2023\/02\/278378498_4890419557744374_8520743745364206063_n-300x297.jpeg 300w, https:\/\/havamall.vn\/wp-content\/uploads\/2023\/02\/278378498_4890419557744374_8520743745364206063_n-430x426.jpeg 430w, https:\/\/havamall.vn\/wp-content\/uploads\/2023\/02\/278378498_4890419557744374_8520743745364206063_n-150x150.jpeg 150w, https:\/\/havamall.vn\/wp-content\/uploads\/2023\/02\/278378498_4890419557744374_8520743745364206063_n-700x694.jpeg 700w, https:\/\/havamall.vn\/wp-content\/uploads\/2023\/02\/278378498_4890419557744374_8520743745364206063_n-768x761.jpeg 768w, https:\/\/havamall.vn\/wp-content\/uploads\/2023\/02\/278378498_4890419557744374_8520743745364206063_n-1024x1015.jpeg 1024w, https:\/\/havamall.vn\/wp-content\/uploads\/2023\/02\/278378498_4890419557744374_8520743745364206063_n-1200x1190.jpeg 1200w, https:\/\/havamall.vn\/wp-content\/uploads\/2023\/02\/278378498_4890419557744374_8520743745364206063_n-600x595.jpeg 600w, https:\/\/havamall.vn\/wp-content\/uploads\/2023\/02\/278378498_4890419557744374_8520743745364206063_n-100x100.jpeg 100w, https:\/\/havamall.vn\/wp-content\/uploads\/2023\/02\/278378498_4890419557744374_8520743745364206063_n.jpeg 1835w\" sizes=\"(max-width: 630px) 100vw, 630px\" \/><\/p>\n<h2><strong>\u0110\u1eb6C \u0110I\u1ec2M N\u1ed4I B\u1eacT C\u1ee6A S\u1ea2N PH\u1ea8M<\/strong><\/h2>\n<p>&#8211; Gia v\u1ecb Lobo \u0111\u01b0\u1ee3c s\u1ea3n xu\u1ea5t tr\u00ean d\u00e2y chuy\u1ec1n c\u00f4ng ngh\u1ec7 hi\u1ec7n \u0111\u1ea1i, kh\u00e9p k\u00edn, \u0111\u1ea3m b\u1ea3o an to\u00e0n v\u1ec7 sinh th\u1ef1c ph\u1ea9m.<\/p>\n<p>&#8211; Ch\u1ecdn l\u1ecdc t\u1eeb ngu\u1ed3n nguy\u00ean li\u1ec7u thi\u00ean nhi\u00ean \u0111\u1eb7c tr\u01b0ng c\u1ee7a x\u1ee9 s\u1edf Ch\u00f9a V\u00e0ng, mang \u0111\u1ebfn h\u01b0\u01a1ng v\u1ecb th\u01a1m ngon \u0111\u1eadm \u0111\u00e0 \u0111\u00fang chu\u1ea9n.<\/p>\n<p>&#8211; G\u00f3i gia v\u1ecb b\u1ed9t Ph\u00e1 l\u1ea5u hi\u1ec7u Lobo c\u00f3 th\u1ec3 gi\u00fap b\u1ea1n d\u1ec5 d\u00e0ng ch\u1ebf bi\u1ebfn c\u00e1c m\u00f3n Ph\u00e1 L\u1ea5u h\u01b0\u01a1ng v\u1ecb ng\u01b0\u1eddi Hoa<\/p>\n<p>&#8211; 1 mu\u1ed7ng B\u1ed9t Gia V\u1ecb ph\u00e1 l\u1ea5u c\u00f3 th\u1ec3 ch\u1ebf bi\u1ebfn 0.5 kg th\u1ecbt Heo\/G\u00e0<\/p>\n<p>&#8211; Bao b\u00ec T\u00fai Zip d\u1ec5 b\u1ea3o khi b\u1ea1n d\u00f9ng kh\u00f4ng h\u1ebft trong 1 l\u1ea7n<\/p>\n<p><img decoding=\"async\" class=\"wp-image-30364 aligncenter\" src=\"https:\/\/havamall.vn\/wp-content\/uploads\/2023\/02\/20220913-Moo-Palo-vicky-wsik-hero-ae5de57d069741358168aa587379ed3c-300x225.png\" alt=\"\" width=\"623\" height=\"467\" srcset=\"https:\/\/havamall.vn\/wp-content\/uploads\/2023\/02\/20220913-Moo-Palo-vicky-wsik-hero-ae5de57d069741358168aa587379ed3c-300x225.png 300w, https:\/\/havamall.vn\/wp-content\/uploads\/2023\/02\/20220913-Moo-Palo-vicky-wsik-hero-ae5de57d069741358168aa587379ed3c-430x323.png 430w, https:\/\/havamall.vn\/wp-content\/uploads\/2023\/02\/20220913-Moo-Palo-vicky-wsik-hero-ae5de57d069741358168aa587379ed3c-150x113.png 150w, https:\/\/havamall.vn\/wp-content\/uploads\/2023\/02\/20220913-Moo-Palo-vicky-wsik-hero-ae5de57d069741358168aa587379ed3c-700x525.png 700w, https:\/\/havamall.vn\/wp-content\/uploads\/2023\/02\/20220913-Moo-Palo-vicky-wsik-hero-ae5de57d069741358168aa587379ed3c-768x576.png 768w, https:\/\/havamall.vn\/wp-content\/uploads\/2023\/02\/20220913-Moo-Palo-vicky-wsik-hero-ae5de57d069741358168aa587379ed3c-1024x768.png 1024w, https:\/\/havamall.vn\/wp-content\/uploads\/2023\/02\/20220913-Moo-Palo-vicky-wsik-hero-ae5de57d069741358168aa587379ed3c-1200x900.png 1200w, https:\/\/havamall.vn\/wp-content\/uploads\/2023\/02\/20220913-Moo-Palo-vicky-wsik-hero-ae5de57d069741358168aa587379ed3c-600x450.png 600w, https:\/\/havamall.vn\/wp-content\/uploads\/2023\/02\/20220913-Moo-Palo-vicky-wsik-hero-ae5de57d069741358168aa587379ed3c.png 1500w\" sizes=\"(max-width: 623px) 100vw, 623px\" \/><\/p>\n<h2><strong>H\u01af\u1edaNG D\u1eaaN S\u1eec D\u1ee4NG<\/strong><\/h2>\n<p>&#8211; Chu\u1ea9n b\u1ecb 0.5 kg th\u1ecbt g\u00e0\/heo, t\u1ecfi b\u0103m, 5 tr\u00e1i tr\u1ee9ng, t\u00e0u h\u1ee7 chi\u00ean<\/p>\n<p>&#8211; C\u00e1ch l\u00e0m: \u01af\u1edbp 1 mu\u1ed7ng gia v\u1ecb Ph\u00e1 L\u1ea5u LOBO v\u1edbi 0.5 kg th\u1ecbt. Phi th\u01a1m t\u1ecfi v\u1edbi d\u1ea7u \u0103n r\u1ed3i \u0111\u1ec3 th\u1ecbt v\u00e0o x\u00e0o cho s\u0103n l\u1ea1i, cho v\u00e0o 720 ml n\u01b0\u1edbc v\u00e0 3 mu\u1ed7ng \u0111\u01b0\u1eddng, 1 mu\u1ed7ng mu\u1ed1i, 2 mu\u1ed7ng n\u01b0\u1edbc t\u01b0\u01a1ng, 2 mu\u1ed7ng h\u1eafc x\u00ec d\u1ea7u v\u00e0 khu\u1ea5y cho \u0111\u1ec1u.<\/p>\n<p>&#8211; Sau \u0111\u00f3, cho th\u00eam 5 tr\u00e1i tr\u1ee9ng v\u00e0 t\u00e0u h\u1ee7 cho th\u1ea5m gia v\u1ecb. Nh\u01b0 v\u1eady l\u00e0 b\u00e0n \u0111\u00e3 c\u00f3 1 \u0111\u0129a Ph\u00e1 L\u1ea5u chu\u1ea9n truy\u1ec1n th\u1ed1ng.<\/p>","protected":false},"excerpt":{"rendered":"<p>TH\u00d4NG TIN CHUNG Th\u01b0\u01a1ng hi\u1ec7u LOBO Xu\u1ea5t x\u1ee9 Th\u00e1i Lan Th\u00e0nh ph\u1ea7n B\u1ed9t qu\u1ebf, b\u1ed9t h\u1ea1t rau m\u00f9i, b\u1ed9t l\u00e1<\/p>","protected":false},"featured_media":30366,"comment_status":"open","ping_status":"closed","template":"","meta":[],"product_brand":[],"product_cat":[36],"product_tag":[],"class_list":{"0":"post-30363","1":"product","2":"type-product","3":"status-publish","4":"has-post-thumbnail","6":"product_cat-thuc-pham-tieu-dung","7":"pa_brand-lobo","9":"first","10":"instock","11":"sale","12":"shipping-taxable","13":"purchasable","14":"product-type-simple"},"_links":{"self":[{"href":"https:\/\/havamall.vn\/en\/wp-json\/wp\/v2\/product\/30363"}],"collection":[{"href":"https:\/\/havamall.vn\/en\/wp-json\/wp\/v2\/product"}],"about":[{"href":"https:\/\/havamall.vn\/en\/wp-json\/wp\/v2\/types\/product"}],"replies":[{"embeddable":true,"href":"https:\/\/havamall.vn\/en\/wp-json\/wp\/v2\/comments?post=30363"}],"version-history":[{"count":0,"href":"https:\/\/havamall.vn\/en\/wp-json\/wp\/v2\/product\/30363\/revisions"}],"wp:featuredmedia":[{"embeddable":true,"href":"https:\/\/havamall.vn\/en\/wp-json\/wp\/v2\/media\/30366"}],"wp:attachment":[{"href":"https:\/\/havamall.vn\/en\/wp-json\/wp\/v2\/media?parent=30363"}],"wp:term":[{"taxonomy":"product_brand","embeddable":true,"href":"https:\/\/havamall.vn\/en\/wp-json\/wp\/v2\/product_brand?post=30363"},{"taxonomy":"product_cat","embeddable":true,"href":"https:\/\/havamall.vn\/en\/wp-json\/wp\/v2\/product_cat?post=30363"},{"taxonomy":"product_tag","embeddable":true,"href":"https:\/\/havamall.vn\/en\/wp-json\/wp\/v2\/product_tag?post=30363"}],"curies":[{"name":"wp","href":"https:\/\/api.w.org\/{rel}","templated":true}]}}