{"id":30358,"date":"2023-02-09T14:19:04","date_gmt":"2023-02-09T07:19:04","guid":{"rendered":"https:\/\/havamall.vn\/?post_type=product&#038;p=30358"},"modified":"2023-02-09T14:19:04","modified_gmt":"2023-02-09T07:19:04","slug":"gia-vi-ca-ri-xanh-lobo-green-curry-paste-50g","status":"publish","type":"product","link":"https:\/\/havamall.vn\/en\/shop\/gia-vi-ca-ri-xanh-lobo-green-curry-paste-50g\/","title":{"rendered":"Gia V\u1ecb C\u00e0 Ri Xanh Lobo &#8211; Green Curry Paste 50g"},"content":{"rendered":"<h2><strong>TH\u00d4NG TIN CHUNG<\/strong><\/h2>\n<table border=\"2\" width=\"476\">\n<tbody>\n<tr>\n<td><strong>Th\u01b0\u01a1ng hi\u1ec7u<\/strong><\/td>\n<td>LOBO<\/td>\n<\/tr>\n<tr>\n<td><strong>Xu\u1ea5t x\u1ee9<\/strong><\/td>\n<td>Th\u00e1i Lan<\/td>\n<\/tr>\n<tr>\n<td><strong>Th\u00e0nh ph\u1ea7n<\/strong><\/td>\n<td>\u1edat, s\u1ea3, t\u1ecfi, gia v\u1ecb, ri\u1ec1ng, h\u1eb9, s\u1ed1t t\u00f4m, v\u1ecf chanh Th\u00e1i, b\u1ed9t th\u00ec l\u00e0.<\/td>\n<\/tr>\n<tr>\n<td><strong>Quy c\u00e1ch<\/strong><\/td>\n<td>50g<\/td>\n<\/tr>\n<tr>\n<td><strong>B\u1ea3o qu\u1ea3n<\/strong><\/td>\n<td>B\u1ea3o qu\u1ea3n n\u1edbi kh\u00f4 r\u00e1o, tho\u00e1ng m\u00e1t.<\/td>\n<\/tr>\n<tr>\n<td><strong>H\u1ea1n s\u1eed d\u1ee5ng<\/strong><\/td>\n<td>Xem tr\u1ef1c ti\u1ebfp tr\u00ean bao b\u00ec s\u1ea3n ph\u1ea9m.<\/td>\n<\/tr>\n<\/tbody>\n<\/table>\n<h2><strong>GIA V\u1eca CARI XANH LOBO<\/strong><\/h2>\n<p><strong>Gia v\u1ecb cari xanhLobo Th\u00e1i Lan 50g<\/strong>\u00a0l\u00e0 s\u1ea3n ph\u1ea9m b\u1ed9t\u00a0gia v\u1ecb\u00a0tr\u1ed9n s\u1eb5n, gi\u00fap b\u1ea1n t\u1ea1o n\u00ean h\u01b0\u01a1ng v\u1ecb th\u01a1m ngon \u0111\u00fang chu\u1ea9n cho m\u00f3n cari xanh mang h\u01b0\u01a1ng v\u1ecb \u0111\u1eb7c tr\u01b0ng c\u1ee7a \u1ea9m th\u1ef1c Th\u00e1i Lan.<\/p>\n<p>S\u1eed d\u1ee5ng g\u00f3i gia v\u1ecb cari tr\u1ed9n s\u1eb5n, b\u00e0 n\u1ed9i tr\u1ee3 s\u1ebd ti\u1ebft ki\u1ec7m \u0111\u01b0\u1ee3c kh\u00e1 nhi\u1ec1u th\u1eddi gian v\u00e0 c\u00f4ng s\u1ee9c chu\u1ea9n b\u1ecb v\u00e0 s\u01a1 ch\u1ebf nguy\u00ean li\u1ec7u. B\u1edfi ch\u1ec9 c\u1ea7n b\u1ecf m\u1ed9t g\u00f3i gia v\u1ecb v\u00e0o n\u1ea5u c\u00f9ng th\u1ecbt b\u00f2, t\u1ed3m, g\u00e0,.. n\u01b0\u1edbc c\u1ed1t d\u1eeba l\u00e0 \u0111\u00e3 ho\u00e0n th\u00e0nh m\u00f3n c\u00e0 ri ngon tuy\u1ec7t.<\/p>\n<p><img fetchpriority=\"high\" decoding=\"async\" class=\"wp-image-30360 aligncenter\" src=\"https:\/\/havamall.vn\/wp-content\/uploads\/2023\/02\/green-curry-med-kylling-300x225.png\" alt=\"\" width=\"598\" height=\"448\" srcset=\"https:\/\/havamall.vn\/wp-content\/uploads\/2023\/02\/green-curry-med-kylling-300x225.png 300w, https:\/\/havamall.vn\/wp-content\/uploads\/2023\/02\/green-curry-med-kylling-430x323.png 430w, https:\/\/havamall.vn\/wp-content\/uploads\/2023\/02\/green-curry-med-kylling-150x113.png 150w, https:\/\/havamall.vn\/wp-content\/uploads\/2023\/02\/green-curry-med-kylling-700x525.png 700w, https:\/\/havamall.vn\/wp-content\/uploads\/2023\/02\/green-curry-med-kylling-768x576.png 768w, https:\/\/havamall.vn\/wp-content\/uploads\/2023\/02\/green-curry-med-kylling-1024x768.png 1024w, https:\/\/havamall.vn\/wp-content\/uploads\/2023\/02\/green-curry-med-kylling-1200x900.png 1200w, https:\/\/havamall.vn\/wp-content\/uploads\/2023\/02\/green-curry-med-kylling-600x450.png 600w, https:\/\/havamall.vn\/wp-content\/uploads\/2023\/02\/green-curry-med-kylling.png 1600w\" sizes=\"(max-width: 598px) 100vw, 598px\" \/><\/p>\n<h2><strong>\u0110\u1eb7c \u0111i\u1ec3m n\u1ed5i b\u1eadt c\u1ee7a s\u1ea3n ph\u1ea9m<\/strong><\/h2>\n<p>S\u1ea3n ph\u1ea9m b\u1ed9t gia v\u1ecb cari xanh Lobo \u0111\u01b0\u1ee3c ch\u1eaft l\u1ecdc t\u1eeb c\u00e1c nguy\u00ean li\u1ec7u t\u1ef1 nhi\u00ean, pha tr\u1ed9n theo c\u00f4ng th\u1ee9c \u0111\u1eb7c bi\u1ec7t \u0111\u1ec3 cho ra \u0111\u1eddi h\u01b0\u01a1ng v\u1ecb c\u00e0 ri v\u00e0ng \u0111\u1ed9c \u0111\u00e1o, \u0111\u00fang chu\u1ea9n Th\u00e1i Lan.<\/p>\n<p>C\u00e0 ri xanh n\u1ea5u v\u1edbi v\u1ecbt, g\u00e0, t\u00f4m, c\u00e1 v\u00e0 rau, \u0111\u01b0\u1ee3c \u0103n k\u00e8m\u00a0v\u1edbi c\u01a1m ho\u1eb7c b\u00fan s\u1ee3i tr\u00f2n \u0111\u1ec1u r\u1ea5t h\u1ea5p d\u1eabn.<\/p>\n<p>V\u1edbi c\u00f4ng ngh\u1ec7 ti\u00ean ti\u1ebfn s\u1ea3n xu\u1ea5t ra d\u00f2ng gia v\u1ecb\u00a0Gia v\u1ecb c\u00e0 ri. V\u1edbi ch\u1ea5t l\u01b0\u1ee3ng \u1ed5n \u0111\u1ecbnh, gi\u00e1 c\u1ea3 ph\u00f9 h\u1ee3p, r\u1ea5t th\u00edch h\u1ee3p\u00a0 v\u1edbi c\u00e1c \u0111\u01a1n v\u1ecb, gia \u0111\u00ecnh s\u1eed d\u1ee5ng n\u1ea5u c\u00e1c m\u00f3n \u0103n\u2026<\/p>\n<p>S\u1ea3n ph\u1ea9m \u0111\u01b0\u1ee3c ch\u1ecdn l\u1ecdc t\u1eeb nh\u1eefng nguy\u00ean li\u1ec7u \u0111\u1eb7c tr\u01b0ng, t\u01b0\u01a1i ngon nh\u1ea5t c\u1ee7a x\u1ee9 s\u1edf ch\u00f9a V\u00e0ng. Ch\u1ebf bi\u1ebfn v\u00e0 pha tr\u1ed9n theo c\u00f4ng th\u1ee9c \u0111\u1eb7c bi\u1ec7t, gi\u00fap b\u1ea1n t\u1ea1o n\u00ean h\u01b0\u01a1ng v\u1ecb th\u01a1m ngon \u0111\u00fang chu\u1ea9n nh\u1ea5t c\u1ee7a m\u00f3n cari.<\/p>\n<p><img decoding=\"async\" class=\"wp-image-30361 aligncenter\" src=\"https:\/\/havamall.vn\/wp-content\/uploads\/2023\/02\/Thai-Green-Curry-with-Chicken-Vegetables-13-228x300.png\" alt=\"\" width=\"613\" height=\"806\" srcset=\"https:\/\/havamall.vn\/wp-content\/uploads\/2023\/02\/Thai-Green-Curry-with-Chicken-Vegetables-13-228x300.png 228w, https:\/\/havamall.vn\/wp-content\/uploads\/2023\/02\/Thai-Green-Curry-with-Chicken-Vegetables-13-430x566.png 430w, https:\/\/havamall.vn\/wp-content\/uploads\/2023\/02\/Thai-Green-Curry-with-Chicken-Vegetables-13-150x198.png 150w, https:\/\/havamall.vn\/wp-content\/uploads\/2023\/02\/Thai-Green-Curry-with-Chicken-Vegetables-13-700x922.png 700w, https:\/\/havamall.vn\/wp-content\/uploads\/2023\/02\/Thai-Green-Curry-with-Chicken-Vegetables-13-768x1011.png 768w, https:\/\/havamall.vn\/wp-content\/uploads\/2023\/02\/Thai-Green-Curry-with-Chicken-Vegetables-13-778x1024.png 778w, https:\/\/havamall.vn\/wp-content\/uploads\/2023\/02\/Thai-Green-Curry-with-Chicken-Vegetables-13.png 1200w, https:\/\/havamall.vn\/wp-content\/uploads\/2023\/02\/Thai-Green-Curry-with-Chicken-Vegetables-13-600x790.png 600w\" sizes=\"(max-width: 613px) 100vw, 613px\" \/><\/p>\n<h2><strong>C\u00e1ch n\u1ea5u cari ngon \u0111\u00fang chu\u1ea9n t\u1eeb g\u00f3i gia v\u1ecb cari xanh Lobo Th\u00e1i Lan<\/strong><\/h2>\n<h5><em><strong>Nguy\u00ean li\u1ec7u:\u00a0<\/strong><\/em><\/h5>\n<p>\u2013 1 g\u00f3i cari \u0111\u1ecf 50 g, 250g th\u1ecbt g\u00e0 (b\u00f2, t\u00f4m)<\/p>\n<p>\u2013 480ml n\u01b0\u1edbc c\u1ed1t d\u1eeba (240ml n\u01b0\u1edbc d\u1ea3o, 240 ml n\u01b0\u1edbc c\u1ed1t)<\/p>\n<p>\u2013 C\u00e0 d\u0129a, \u1edbt, l\u00e1 qu\u1ebf.<\/p>\n<h5><em><strong>C\u00e1ch l\u00e0m<\/strong><\/em><\/h5>\n<p>\u2013 N\u1ea5u s\u00f4i 240 ml n\u01b0\u1edbc c\u1ed1t d\u1eeba d\u1ea3o v\u1edbi g\u00f3i gia v\u1ecb cari \u0111\u1ecf Lobo.<\/p>\n<p>\u2013 \u0110\u1ec3 th\u1ecbt v\u00e0o n\u1ea5u cho ch\u00edn, cho 240 ml n\u01b0\u1edbc c\u1ed1t d\u1eeba c\u00f2n l\u1ea1i v\u00e0o n\u1ea5u s\u00f4i. \u0110\u1ec3 th\u00eam c\u00e0 d\u0129a, \u1edbt, l\u00e1 qu\u1ebf v\u00e0o. N\u00eam l\u1ea1i cho v\u1eeba \u0103n. \u0102n k\u00e8m v\u1edbi b\u00e1nh m\u00ec, b\u00fan,\u00a0c\u01a1m.<\/p>","protected":false},"excerpt":{"rendered":"<p>TH\u00d4NG TIN CHUNG Th\u01b0\u01a1ng hi\u1ec7u LOBO Xu\u1ea5t x\u1ee9 Th\u00e1i Lan Th\u00e0nh ph\u1ea7n \u1edat, s\u1ea3, t\u1ecfi, gia v\u1ecb, ri\u1ec1ng, h\u1eb9, s\u1ed1t<\/p>","protected":false},"featured_media":30362,"comment_status":"open","ping_status":"closed","template":"","meta":[],"product_brand":[],"product_cat":[36],"product_tag":[],"class_list":{"0":"post-30358","1":"product","2":"type-product","3":"status-publish","4":"has-post-thumbnail","6":"product_cat-thuc-pham-tieu-dung","7":"pa_brand-lobo","9":"first","10":"instock","11":"sale","12":"shipping-taxable","13":"purchasable","14":"product-type-simple"},"_links":{"self":[{"href":"https:\/\/havamall.vn\/en\/wp-json\/wp\/v2\/product\/30358"}],"collection":[{"href":"https:\/\/havamall.vn\/en\/wp-json\/wp\/v2\/product"}],"about":[{"href":"https:\/\/havamall.vn\/en\/wp-json\/wp\/v2\/types\/product"}],"replies":[{"embeddable":true,"href":"https:\/\/havamall.vn\/en\/wp-json\/wp\/v2\/comments?post=30358"}],"version-history":[{"count":0,"href":"https:\/\/havamall.vn\/en\/wp-json\/wp\/v2\/product\/30358\/revisions"}],"wp:featuredmedia":[{"embeddable":true,"href":"https:\/\/havamall.vn\/en\/wp-json\/wp\/v2\/media\/30362"}],"wp:attachment":[{"href":"https:\/\/havamall.vn\/en\/wp-json\/wp\/v2\/media?parent=30358"}],"wp:term":[{"taxonomy":"product_brand","embeddable":true,"href":"https:\/\/havamall.vn\/en\/wp-json\/wp\/v2\/product_brand?post=30358"},{"taxonomy":"product_cat","embeddable":true,"href":"https:\/\/havamall.vn\/en\/wp-json\/wp\/v2\/product_cat?post=30358"},{"taxonomy":"product_tag","embeddable":true,"href":"https:\/\/havamall.vn\/en\/wp-json\/wp\/v2\/product_tag?post=30358"}],"curies":[{"name":"wp","href":"https:\/\/api.w.org\/{rel}","templated":true}]}}